


{"id":112115,"date":"2020-06-04T15:50:48","date_gmt":"2020-06-04T13:50:48","guid":{"rendered":"https:\/\/srokacompany.com\/sroka-weltweit\/"},"modified":"2020-06-04T15:50:48","modified_gmt":"2020-06-04T15:50:48","slug":"sroka-weltweit","status":"publish","type":"page","link":"https:\/\/staging.srokafinal.lets-preprod.com\/de\/sroka-weltweit\/","title":{"rendered":"SROKA Weltweit"},"content":{"rendered":"<p><img loading=\"lazy\" decoding=\"async\" class=\"wp-image-12987 size-full\" src=\"https:\/\/srokacompany.com\/wp-content\/uploads\/2019\/05\/windfoil-AX8I0310-cut-scaled.jpg\" alt=\"Windfoil Alu SROKA Neuheit 2019\" width=\"2048\" height=\"435\" srcset=\"https:\/\/staging.srokafinal.lets-preprod.com\/wp-content\/uploads\/2019\/05\/windfoil-AX8I0310-cut-scaled.jpg 2048w, https:\/\/staging.srokafinal.lets-preprod.com\/wp-content\/uploads\/2019\/05\/windfoil-AX8I0310-cut-600x127.jpg 600w, https:\/\/staging.srokafinal.lets-preprod.com\/wp-content\/uploads\/2019\/05\/windfoil-AX8I0310-cut-300x64.jpg 300w, https:\/\/staging.srokafinal.lets-preprod.com\/wp-content\/uploads\/2019\/05\/windfoil-AX8I0310-cut-768x163.jpg 768w, https:\/\/staging.srokafinal.lets-preprod.com\/wp-content\/uploads\/2019\/05\/windfoil-AX8I0310-cut-1024x218.jpg 1024w\" sizes=\"auto, (max-width: 2048px) 100vw, 2048px\" \/><\/p>\n<h3 id=\"on-livre-dans-le-monde-entier-\" class=\"p1\"><span class=\"s1\">Wir versenden<b> in die ganze Welt!<\/b><\/span><\/h3>\n<p class=\"p1\">Wo auch immer Sie sind, wir m\u00f6chten Ihnen die M\u00f6glichkeit geben, so oft wie m\u00f6glich auf (oder \u00fcber) dem Wasser zu sein. Sie leben im Ausland und m\u00f6chten sich ausr\u00fcsten und ein Foil oder Board mit dem <strong>besten Preis-Leistungs-Verh\u00e4ltnis<\/strong> kaufen? SROKA arbeitet seit mehr als 7 Jahren daran, die bestm\u00f6glichen Foils und Boards zu entwickeln. Durch die Herstellung und Entwicklung unserer Ger\u00e4te in Frankreich stellen wir die Qualit\u00e4t unserer Produkte selbst sicher und reduzieren auch Zwischenh\u00e4ndler und Transporte.  <span class=\"s2\">Unser Ziel ist es, Ihnen ein <strong>leistungsstarkes<\/strong>, <strong>qualitativ hochwertiges<\/strong> Produkt <strong>zum g\u00fcnstigsten Preis<\/strong> anzubieten. Um dies zu tun, n<\/span><span class=\"s1\">Wir stellen den Praktiker in den Mittelpunkt unseres Ansatzes und h\u00f6ren auf die Meinung unserer Kunden, um unsere Produkte weiterhin zu erneuern und weiterzuentwickeln. Wenn jemand ein Wing Foil, ein Surf Foil oder ein Stand-Up Paddle kaufen m\u00f6chte, m\u00f6chten wir sicher sein, dass er das bestm\u00f6gliche Erlebnis auf dem Wasser hat.<\/span><\/p>\n<p class=\"p1\"><span class=\"s1\"><strong>Sroka Watersports<\/strong> liefert in die ganze Welt. Bist du auf der Suche nach einem <a href=\"https:\/\/srokacompany.com\/2021\/03\/wing-foil-a-lanzarote\/\"><br \/>\n  <strong>Wing Foil<\/strong><br \/>\n<\/a>, <a href=\"https:\/\/srokacompany.com\/produit\/surf-foil-46-fastflyer\/\"><br \/>\n  <strong>einem Surf Foil<\/strong><br \/>\n<\/a>, einem <strong>SUP Foil<\/strong>, einem <a href=\"https:\/\/srokacompany.com\/eshop\/kite-foil\/\"><br \/>\n  <strong>Wind Foil<\/strong><br \/>\n<\/a>, einem <a href=\"https:\/\/srokacompany.com\/eshop\/kite-foil\/\"><br \/>\n  <strong>Kite Foil<\/strong><br \/>\n<\/a>, einem <a href=\"https:\/\/srokacompany.com\/eshop\/wake-foil\/\"><br \/>\n  <strong>Wake Foil<\/strong><br \/>\n<\/a> oder einem <a href=\"https:\/\/srokacompany.com\/produit\/stand-up-paddle-gonflable-easy\/\"><br \/>\n  <strong>aufblasbaren Stand-Up Paddle<\/strong><br \/>\n<\/a> ? Wir arbeiten mit den <strong>besten<\/strong> <strong>internationalen Spediteuren<\/strong> zusammen, um sicherzustellen, dass Ihr Paket so schnell wie m\u00f6glich und mit der Gewissheit geliefert wird, dass Ihr Paket unter guten Bedingungen transportiert wird.<\/span><\/p>\n","protected":false},"excerpt":{"rendered":"<p>Wir versenden in die ganze Welt! Wo auch immer Sie sind, wir m\u00f6chten Ihnen die M\u00f6glichkeit geben, so oft wie m\u00f6glich auf (oder \u00fcber) dem Wasser zu sein. Sie leben im Ausland und m\u00f6chten sich ausr\u00fcsten und ein Foil oder Board mit dem besten Preis-Leistungs-Verh\u00e4ltnis kaufen? SROKA arbeitet seit mehr als 7 Jahren daran, die [&hellip;]<\/p>\n","protected":false},"author":4,"featured_media":0,"parent":0,"menu_order":0,"comment_status":"closed","ping_status":"closed","template":"","meta":{"_acf_changed":false,"_uag_custom_page_level_css":"","footnotes":""},"class_list":["post-112115","page","type-page","status-publish","hentry"],"acf":[],"yoast_head":"<!-- This site is optimized with the Yoast SEO plugin v25.1 - https:\/\/yoast.com\/wordpress\/plugins\/seo\/ -->\n<title>SROKA Company - Equipementier Foil et Stand-up paddle International<\/title>\n<meta name=\"description\" content=\"SROKA - Kaufen Sie ein Wing Foil, Surf Foil, SUP Foil, Wind Foil, Kite Foil, Wake Foil oder Stand-Up Paddle \u00fcberall auf der Welt!\" \/>\n<meta name=\"robots\" content=\"noindex, follow, max-snippet:-1, max-image-preview:large, max-video-preview:-1\" \/>\n<meta property=\"og:locale\" content=\"de_DE\" \/>\n<meta property=\"og:type\" content=\"article\" \/>\n<meta property=\"og:title\" content=\"SROKA Company - Equipementier Foil et Stand-up paddle International\" \/>\n<meta property=\"og:description\" content=\"SROKA - Kaufen Sie ein Wing Foil, Surf Foil, SUP Foil, Wind Foil, Kite Foil, Wake Foil oder Stand-Up Paddle \u00fcberall auf der Welt!\" \/>\n<meta property=\"og:url\" content=\"https:\/\/staging.srokafinal.lets-preprod.com\/de\/sroka-weltweit\/\" \/>\n<meta property=\"og:site_name\" content=\"SROKA Company\" \/>\n<meta property=\"article:publisher\" content=\"https:\/\/www.facebook.com\/srokawatersports\/\" \/>\n<meta property=\"article:modified_time\" content=\"2020-06-04T15:50:48+00:00\" \/>\n<meta property=\"og:image\" content=\"https:\/\/srokacompany.com\/wp-content\/uploads\/2019\/05\/windfoil-AX8I0310-cut-scaled.jpg\" \/>\n<meta name=\"twitter:label1\" content=\"Gesch\u00e4tzte Lesezeit\" \/>\n\t<meta name=\"twitter:data1\" content=\"1\u00a0Minute\" \/>\n<script type=\"application\/ld+json\" class=\"yoast-schema-graph\">{\"@context\":\"https:\/\/schema.org\",\"@graph\":[{\"@type\":\"WebPage\",\"@id\":\"https:\/\/staging.srokafinal.lets-preprod.com\/de\/sroka-weltweit\/\",\"url\":\"https:\/\/staging.srokafinal.lets-preprod.com\/de\/sroka-weltweit\/\",\"name\":\"SROKA Company - Equipementier Foil et Stand-up paddle International\",\"isPartOf\":{\"@id\":\"https:\/\/staging.srokafinal.lets-preprod.com\/de\/#website\"},\"primaryImageOfPage\":{\"@id\":\"https:\/\/staging.srokafinal.lets-preprod.com\/de\/sroka-weltweit\/#primaryimage\"},\"image\":{\"@id\":\"https:\/\/staging.srokafinal.lets-preprod.com\/de\/sroka-weltweit\/#primaryimage\"},\"thumbnailUrl\":\"https:\/\/srokacompany.com\/wp-content\/uploads\/2019\/05\/windfoil-AX8I0310-cut-scaled.jpg\",\"datePublished\":\"2020-06-04T13:50:48+00:00\",\"dateModified\":\"2020-06-04T15:50:48+00:00\",\"description\":\"SROKA - Kaufen Sie ein Wing Foil, Surf Foil, SUP Foil, Wind Foil, Kite Foil, Wake Foil oder Stand-Up Paddle \u00fcberall auf der Welt!\",\"breadcrumb\":{\"@id\":\"https:\/\/staging.srokafinal.lets-preprod.com\/de\/sroka-weltweit\/#breadcrumb\"},\"inLanguage\":\"de\",\"potentialAction\":[{\"@type\":\"ReadAction\",\"target\":[\"https:\/\/staging.srokafinal.lets-preprod.com\/de\/sroka-weltweit\/\"]}]},{\"@type\":\"ImageObject\",\"inLanguage\":\"de\",\"@id\":\"https:\/\/staging.srokafinal.lets-preprod.com\/de\/sroka-weltweit\/#primaryimage\",\"url\":\"https:\/\/srokacompany.com\/wp-content\/uploads\/2019\/05\/windfoil-AX8I0310-cut-scaled.jpg\",\"contentUrl\":\"https:\/\/srokacompany.com\/wp-content\/uploads\/2019\/05\/windfoil-AX8I0310-cut-scaled.jpg\"},{\"@type\":\"BreadcrumbList\",\"@id\":\"https:\/\/staging.srokafinal.lets-preprod.com\/de\/sroka-weltweit\/#breadcrumb\",\"itemListElement\":[{\"@type\":\"ListItem\",\"position\":1,\"name\":\"Accueil\",\"item\":\"https:\/\/staging.srokafinal.lets-preprod.com\/de\/\"},{\"@type\":\"ListItem\",\"position\":2,\"name\":\"SROKA Weltweit\"}]},{\"@type\":\"WebSite\",\"@id\":\"https:\/\/staging.srokafinal.lets-preprod.com\/de\/#website\",\"url\":\"https:\/\/staging.srokafinal.lets-preprod.com\/de\/\",\"name\":\"SROKA Company\",\"description\":\"SUP, Kite, Foil, Wing\",\"publisher\":{\"@id\":\"https:\/\/staging.srokafinal.lets-preprod.com\/de\/#organization\"},\"potentialAction\":[{\"@type\":\"SearchAction\",\"target\":{\"@type\":\"EntryPoint\",\"urlTemplate\":\"https:\/\/staging.srokafinal.lets-preprod.com\/de\/?s={search_term_string}\"},\"query-input\":{\"@type\":\"PropertyValueSpecification\",\"valueRequired\":true,\"valueName\":\"search_term_string\"}}],\"inLanguage\":\"de\"},{\"@type\":\"Organization\",\"@id\":\"https:\/\/staging.srokafinal.lets-preprod.com\/de\/#organization\",\"name\":\"SROKACOMPANY\",\"alternateName\":\"SROKA\",\"url\":\"https:\/\/staging.srokafinal.lets-preprod.com\/de\/\",\"logo\":{\"@type\":\"ImageObject\",\"inLanguage\":\"de\",\"@id\":\"https:\/\/staging.srokafinal.lets-preprod.com\/de\/#\/schema\/logo\/image\/\",\"url\":\"https:\/\/staging.srokafinal.lets-preprod.com\/wp-content\/uploads\/2021\/01\/logo-sroka-black-transpa.png\",\"contentUrl\":\"https:\/\/staging.srokafinal.lets-preprod.com\/wp-content\/uploads\/2021\/01\/logo-sroka-black-transpa.png\",\"width\":1201,\"height\":342,\"caption\":\"SROKACOMPANY\"},\"image\":{\"@id\":\"https:\/\/staging.srokafinal.lets-preprod.com\/de\/#\/schema\/logo\/image\/\"},\"sameAs\":[\"https:\/\/www.facebook.com\/srokawatersports\/\",\"https:\/\/www.instagram.com\/srokawatersports\/\",\"https:\/\/www.youtube.com\/channel\/UCVLHHeaPIm-J5bdEUgxqtZA\"]}]}<\/script>\n<!-- \/ Yoast SEO plugin. -->","yoast_head_json":{"title":"SROKA Company - Equipementier Foil et Stand-up paddle International","description":"SROKA - Kaufen Sie ein Wing Foil, Surf Foil, SUP Foil, Wind Foil, Kite Foil, Wake Foil oder Stand-Up Paddle \u00fcberall auf der Welt!","robots":{"index":"noindex","follow":"follow","max-snippet":"max-snippet:-1","max-image-preview":"max-image-preview:large","max-video-preview":"max-video-preview:-1"},"og_locale":"de_DE","og_type":"article","og_title":"SROKA Company - Equipementier Foil et Stand-up paddle International","og_description":"SROKA - Kaufen Sie ein Wing Foil, Surf Foil, SUP Foil, Wind Foil, Kite Foil, Wake Foil oder Stand-Up Paddle \u00fcberall auf der Welt!","og_url":"https:\/\/staging.srokafinal.lets-preprod.com\/de\/sroka-weltweit\/","og_site_name":"SROKA Company","article_publisher":"https:\/\/www.facebook.com\/srokawatersports\/","article_modified_time":"2020-06-04T15:50:48+00:00","og_image":[{"url":"https:\/\/srokacompany.com\/wp-content\/uploads\/2019\/05\/windfoil-AX8I0310-cut-scaled.jpg","type":"","width":"","height":""}],"twitter_misc":{"Gesch\u00e4tzte Lesezeit":"1\u00a0Minute"},"schema":{"@context":"https:\/\/schema.org","@graph":[{"@type":"WebPage","@id":"https:\/\/staging.srokafinal.lets-preprod.com\/de\/sroka-weltweit\/","url":"https:\/\/staging.srokafinal.lets-preprod.com\/de\/sroka-weltweit\/","name":"SROKA Company - Equipementier Foil et Stand-up paddle International","isPartOf":{"@id":"https:\/\/staging.srokafinal.lets-preprod.com\/de\/#website"},"primaryImageOfPage":{"@id":"https:\/\/staging.srokafinal.lets-preprod.com\/de\/sroka-weltweit\/#primaryimage"},"image":{"@id":"https:\/\/staging.srokafinal.lets-preprod.com\/de\/sroka-weltweit\/#primaryimage"},"thumbnailUrl":"https:\/\/srokacompany.com\/wp-content\/uploads\/2019\/05\/windfoil-AX8I0310-cut-scaled.jpg","datePublished":"2020-06-04T13:50:48+00:00","dateModified":"2020-06-04T15:50:48+00:00","description":"SROKA - Kaufen Sie ein Wing Foil, Surf Foil, SUP Foil, Wind Foil, Kite Foil, Wake Foil oder Stand-Up Paddle \u00fcberall auf der Welt!","breadcrumb":{"@id":"https:\/\/staging.srokafinal.lets-preprod.com\/de\/sroka-weltweit\/#breadcrumb"},"inLanguage":"de","potentialAction":[{"@type":"ReadAction","target":["https:\/\/staging.srokafinal.lets-preprod.com\/de\/sroka-weltweit\/"]}]},{"@type":"ImageObject","inLanguage":"de","@id":"https:\/\/staging.srokafinal.lets-preprod.com\/de\/sroka-weltweit\/#primaryimage","url":"https:\/\/srokacompany.com\/wp-content\/uploads\/2019\/05\/windfoil-AX8I0310-cut-scaled.jpg","contentUrl":"https:\/\/srokacompany.com\/wp-content\/uploads\/2019\/05\/windfoil-AX8I0310-cut-scaled.jpg"},{"@type":"BreadcrumbList","@id":"https:\/\/staging.srokafinal.lets-preprod.com\/de\/sroka-weltweit\/#breadcrumb","itemListElement":[{"@type":"ListItem","position":1,"name":"Accueil","item":"https:\/\/staging.srokafinal.lets-preprod.com\/de\/"},{"@type":"ListItem","position":2,"name":"SROKA Weltweit"}]},{"@type":"WebSite","@id":"https:\/\/staging.srokafinal.lets-preprod.com\/de\/#website","url":"https:\/\/staging.srokafinal.lets-preprod.com\/de\/","name":"SROKA Company","description":"SUP, Kite, Foil, Wing","publisher":{"@id":"https:\/\/staging.srokafinal.lets-preprod.com\/de\/#organization"},"potentialAction":[{"@type":"SearchAction","target":{"@type":"EntryPoint","urlTemplate":"https:\/\/staging.srokafinal.lets-preprod.com\/de\/?s={search_term_string}"},"query-input":{"@type":"PropertyValueSpecification","valueRequired":true,"valueName":"search_term_string"}}],"inLanguage":"de"},{"@type":"Organization","@id":"https:\/\/staging.srokafinal.lets-preprod.com\/de\/#organization","name":"SROKACOMPANY","alternateName":"SROKA","url":"https:\/\/staging.srokafinal.lets-preprod.com\/de\/","logo":{"@type":"ImageObject","inLanguage":"de","@id":"https:\/\/staging.srokafinal.lets-preprod.com\/de\/#\/schema\/logo\/image\/","url":"https:\/\/staging.srokafinal.lets-preprod.com\/wp-content\/uploads\/2021\/01\/logo-sroka-black-transpa.png","contentUrl":"https:\/\/staging.srokafinal.lets-preprod.com\/wp-content\/uploads\/2021\/01\/logo-sroka-black-transpa.png","width":1201,"height":342,"caption":"SROKACOMPANY"},"image":{"@id":"https:\/\/staging.srokafinal.lets-preprod.com\/de\/#\/schema\/logo\/image\/"},"sameAs":["https:\/\/www.facebook.com\/srokawatersports\/","https:\/\/www.instagram.com\/srokawatersports\/","https:\/\/www.youtube.com\/channel\/UCVLHHeaPIm-J5bdEUgxqtZA"]}]}},"uagb_featured_image_src":{"full":false,"thumbnail":false,"medium":false,"medium_large":false,"large":false,"1536x1536":false,"2048x2048":false,"woocommerce_thumbnail":false,"woocommerce_single":false,"woocommerce_gallery_thumbnail":false},"uagb_author_info":{"display_name":"Bruno Sroka","author_link":"https:\/\/staging.srokafinal.lets-preprod.com\/de\/blog\/author\/bruno\/"},"uagb_comment_info":0,"uagb_excerpt":"Wir versenden in die ganze Welt! Wo auch immer Sie sind, wir m\u00f6chten Ihnen die M\u00f6glichkeit geben, so oft wie m\u00f6glich auf (oder \u00fcber) dem Wasser zu sein. Sie leben im Ausland und m\u00f6chten sich ausr\u00fcsten und ein Foil oder Board mit dem besten Preis-Leistungs-Verh\u00e4ltnis kaufen? SROKA arbeitet seit mehr als 7 Jahren daran, die&hellip;","_links":{"self":[{"href":"https:\/\/staging.srokafinal.lets-preprod.com\/de\/wp-json\/wp\/v2\/pages\/112115","targetHints":{"allow":["GET"]}}],"collection":[{"href":"https:\/\/staging.srokafinal.lets-preprod.com\/de\/wp-json\/wp\/v2\/pages"}],"about":[{"href":"https:\/\/staging.srokafinal.lets-preprod.com\/de\/wp-json\/wp\/v2\/types\/page"}],"author":[{"embeddable":true,"href":"https:\/\/staging.srokafinal.lets-preprod.com\/de\/wp-json\/wp\/v2\/users\/4"}],"replies":[{"embeddable":true,"href":"https:\/\/staging.srokafinal.lets-preprod.com\/de\/wp-json\/wp\/v2\/comments?post=112115"}],"version-history":[{"count":0,"href":"https:\/\/staging.srokafinal.lets-preprod.com\/de\/wp-json\/wp\/v2\/pages\/112115\/revisions"}],"wp:attachment":[{"href":"https:\/\/staging.srokafinal.lets-preprod.com\/de\/wp-json\/wp\/v2\/media?parent=112115"}],"curies":[{"name":"wp","href":"https:\/\/api.w.org\/{rel}","templated":true}]}}