


{"id":112146,"date":"2021-09-01T08:29:39","date_gmt":"2021-09-01T08:29:39","guid":{"rendered":"https:\/\/srokacompany.com\/haeufig-gestellte-fragen\/"},"modified":"2021-09-01T08:29:39","modified_gmt":"2021-09-01T08:29:39","slug":"haeufig-gestellte-fragen","status":"publish","type":"page","link":"https:\/\/staging.srokafinal.lets-preprod.com\/de\/haeufig-gestellte-fragen\/","title":{"rendered":"H\u00e4ufig gestellte Fragen"},"content":{"rendered":"<h3 style=\"text-align: center;\">WO FINDE ICH UNSERE PRODUKTE?<\/h3>\n<p>Wir haben <a href=\"https:\/\/srokacompany.com\/distributeurs\/\">ein Vertriebsnetz in Frankreich und Europa<\/a> aufgebaut, damit Sie unsere Produkte in Gesch\u00e4ften sehen, testen und kaufen k\u00f6nnen. Falls es kein Gesch\u00e4ft in Ihrer N\u00e4he gibt, geben wir Ihnen die M\u00f6glichkeit, online \u00fcber unseren E-Commerce einzukaufen.<\/p>\n<h3 style=\"text-align: center;\">WIE LANGE HABEN UNSERE SROKA-PRODUKTE EINE GARANTIE?<\/h3>\n<p>SROKA-Produkte haben eine Garantie von 2 Jahren. Sroka Shop beh\u00e4lt sich das Recht vor, zu entscheiden, ob die Garantie \u00fcbernommen werden soll oder nicht, indem es die Datei (einschlie\u00dflich Fotos und m\u00f6glicherweise durch direkte visuelle und technische Inspektion des Materials) pr\u00fcft und den\/die Defekt(e) des Produkts deutlich zeigt. Wenn das Produkt von Sroka Shop f\u00fcr defekt erkl\u00e4rt wird, deckt die Garantie nur die Reparatur oder den Ersatz des defekten Produkts ab.<\/p>\n<p>Die Widerrufsfrist f\u00fcr jeden Online-Kauf betr\u00e4gt 14 Tage gem\u00e4\u00df der geltenden Gesetzgebung. Die Widerrufsfrist f\u00fcr Eink\u00e4ufe im Gesch\u00e4ft liegt nicht in der Verantwortung von Sroka Shop, sondern des H\u00e4ndlers. Jede Vertragswidrigkeit des Produkts bei Erhalt oder Bestellung muss Sroka Shop innerhalb von 7 Tagen nach Erhalt des Pakets mitgeteilt werden, andernfalls ist keine R\u00fccksendung m\u00f6glich. Die R\u00fccksendekosten gehen zu Lasten des Kunden. Weitere Informationen finden Sie in den <a href=\"https:\/\/srokacompany.com\/conditions-generales-de-vente\/\">Allgemeinen Verkaufsbedingungen<\/a> oder in unserem <a href=\"https:\/\/srokacompany.com\/service-apres-vente\/\">Kundendienst.<\/a><\/p>\n<h3 style=\"text-align: center;\">WAS IST UNSERE ERFAHRUNG IN DER WELT DES BOARDSPORTS?<\/h3>\n<p><a href=\"https:\/\/srokacompany.com\/a-propos-de-sroka-company-watersport\/\">Bruno Sroka ist seit rund zehn Jahren Tester und Entwickler f\u00fcr Kitesurf-Marken.<\/a> <span class=\"s1\">Im Jahr 2009 entwickelte Bruno mit dem Designer Paolo Rista die ersten KiteRace-Boards der Welt und flache Navigation wie beim Windsurfen aber Kitesurfen. Diese Innovation revolutionierte den Drachensport und f\u00fchrte dazu, dass Bruno 2009 12 von 16 Wettbewerben gewann (und 15 Mal auf dem Podium stand).  <\/span>Bruno ist 3-facher Kitesurf-Weltmeister. Er ist auch die einzige Person, die Kap Hoorn beim Kitesurfen \u00fcberquert hat, die Frankreich mit Irland beim Kitesurfen verbunden hat. Bruno ist auch ein ehemaliger Sportlehrer mit mehreren staatlichen Sportzertifikaten. Er setzt daher all seine Erfahrung, sein Wissen und seine F\u00e4higkeiten ein, um den Boardsport so vielen Menschen wie m\u00f6glich zug\u00e4nglich zu machen.<\/p>\n<p>Wir sind an der bretonischen K\u00fcste ans\u00e4ssig, also \u00fcben wir mit den von uns entwickelten Ger\u00e4ten. Daher ist es f\u00fcr uns unerl\u00e4sslich, qualitativ hochwertige, komfortable, einfach zu bedienende und vor allem leistungsstarke Produkte anzubieten. Wir arbeiten auch mit <a href=\"https:\/\/srokacompany.com\/2021\/06\/sroka-team\/\">Botschaftern aus der ganzen Welt zusammen,<\/a> die sich ebenfalls f\u00fcr Wassersport begeistern, ihr Feedback zur Ausr\u00fcstung und sch\u00f6ne Fotos und Videos teilen.<\/p>\n<h3 style=\"text-align: center;\">WIE SIND UNSERE BOARDS AUFGEBAUT?<\/h3>\n<p>Was aufblasbare Stand-Up-Paddles betrifft, so haben wir uns entschieden, sie dort zu verst\u00e4rken, wo diese Art von Produkt zerbrechlich sein kann: Schienen. Im Gegensatz zu einigen Mitbewerbern haben wir 4 PVC-Schichten auf den Schienen, um maximale Wasserdichtigkeit zu gew\u00e4hrleisten. Die Ober- und Unterseite der Platte bestehen aus einer doppelten Haut, die die gute Steifigkeit und Festigkeit des Produkts garantiert. Die verschiedenen Verklebungen der PVC-Schichten werden unter der Kontrolle der optimalen Hydrometrie durchgef\u00fchrt, wodurch die Zuverl\u00e4ssigkeit der Verklebung gew\u00e4hrleistet wird.<\/p>\n<p>Starre Folienbretter werden in Frankreich, im Morbihan, in Vollsandwich (Carbon oder Glasfaser, je nach Wunsch) entworfen. F\u00fcr uns gibt es nichts Besseres als lokales Know-how.  <a href=\"https:\/\/srokacompany.com\/2020\/05\/comment-sont-contruites-les-planches-de-wingfoil\/\">Um mehr dar\u00fcber zu erfahren, wie sie hergestellt werden, verweisen wir Sie auf diesen speziellen Artikel.<\/a><\/p>\n<h3 style=\"text-align: center;\">WARUM SIND UNSERE PRODUKTE G\u00dcNSTIGER?<\/h3>\n<p>Wir haben eine lange Marktstudie durchgef\u00fchrt und festgestellt, dass unsere Kunden nach einem zug\u00e4nglichen, aber qualitativ hochwertigen Produkt suchen. Wir haben an unseren Designmethoden gearbeitet, an der Lieferung von Produkten, an der Reduzierung unserer Margen, <span class=\"s1\">um einen fairen Preis zu erhalten, der f\u00fcr alle zug\u00e4nglich ist, ohne die Qualit\u00e4t unserer Produkte zu beeintr\u00e4chtigen. <\/span> <\/p>\n<p><span class=\"s1\">Trotzdem werden wir uns nie zu den Preisen von Einstiegsprodukten positionieren k\u00f6nnen. Nur weil ein Produkt zu einem Preis angeboten wird, der 40 % (oder +) unter dem der Konkurrenz liegt, ist dies ein Zeichen daf\u00fcr, dass bestimmte Kriterien nicht ber\u00fccksichtigt werden: Herstellungsbedingungen, Qualit\u00e4t, Haltbarkeit, Produktgarantie oder die Zeit, die f\u00fcr Tests und Prototyping aufgewendet wurde. Ein ungew\u00f6hnlich niedriger Preis sollte immer ein Warnzeichen sein.  <a href=\"https:\/\/srokacompany.com\/2021\/07\/qualite-durabilite\/\">Entdecken Sie in diesem Artikel unsere gesamte Philosophie, unsere Produkte zug\u00e4nglich zu machen und gleichzeitig die Qualit\u00e4t unserer Produkte zu garantieren.<\/a><\/span><\/p>\n","protected":false},"excerpt":{"rendered":"<p>WO FINDE ICH UNSERE PRODUKTE? Wir haben ein Vertriebsnetz in Frankreich und Europa aufgebaut, damit Sie unsere Produkte in Gesch\u00e4ften sehen, testen und kaufen k\u00f6nnen. Falls es kein Gesch\u00e4ft in Ihrer N\u00e4he gibt, geben wir Ihnen die M\u00f6glichkeit, online \u00fcber unseren E-Commerce einzukaufen. WIE LANGE HABEN UNSERE SROKA-PRODUKTE EINE GARANTIE? SROKA-Produkte haben eine Garantie von [&hellip;]<\/p>\n","protected":false},"author":1,"featured_media":0,"parent":0,"menu_order":0,"comment_status":"closed","ping_status":"closed","template":"","meta":{"_acf_changed":false,"_uag_custom_page_level_css":"","footnotes":""},"class_list":["post-112146","page","type-page","status-publish","hentry"],"acf":[],"yoast_head":"<!-- This site is optimized with the Yoast SEO plugin v25.1 - https:\/\/yoast.com\/wordpress\/plugins\/seo\/ -->\n<title>FAQ - SROKA Unternehmen<\/title>\n<meta name=\"description\" content=\"In diesen FAQ finden Sie alle unsere Antworten auf Ihre Fragen zu unseren SROKA-Produkten: SUP, Kitesurf, Wingfoil, Surffoil, Foil...\" \/>\n<meta name=\"robots\" content=\"noindex, follow, max-snippet:-1, max-image-preview:large, max-video-preview:-1\" \/>\n<meta property=\"og:locale\" content=\"de_DE\" \/>\n<meta property=\"og:type\" content=\"article\" \/>\n<meta property=\"og:title\" content=\"FAQ - SROKA Unternehmen\" \/>\n<meta property=\"og:description\" content=\"In diesen FAQ finden Sie alle unsere Antworten auf Ihre Fragen zu unseren SROKA-Produkten: SUP, Kitesurf, Wingfoil, Surffoil, Foil...\" \/>\n<meta property=\"og:url\" content=\"https:\/\/staging.srokafinal.lets-preprod.com\/de\/haeufig-gestellte-fragen\/\" \/>\n<meta property=\"og:site_name\" content=\"SROKA Company\" \/>\n<meta property=\"article:publisher\" content=\"https:\/\/www.facebook.com\/srokawatersports\/\" \/>\n<meta name=\"twitter:label1\" content=\"Gesch\u00e4tzte Lesezeit\" \/>\n\t<meta name=\"twitter:data1\" content=\"3\u00a0Minuten\" \/>\n<script type=\"application\/ld+json\" class=\"yoast-schema-graph\">{\"@context\":\"https:\/\/schema.org\",\"@graph\":[{\"@type\":\"WebPage\",\"@id\":\"https:\/\/staging.srokafinal.lets-preprod.com\/de\/haeufig-gestellte-fragen\/\",\"url\":\"https:\/\/staging.srokafinal.lets-preprod.com\/de\/haeufig-gestellte-fragen\/\",\"name\":\"FAQ - SROKA Unternehmen\",\"isPartOf\":{\"@id\":\"https:\/\/staging.srokafinal.lets-preprod.com\/de\/#website\"},\"datePublished\":\"2021-09-01T08:29:39+00:00\",\"description\":\"In diesen FAQ finden Sie alle unsere Antworten auf Ihre Fragen zu unseren SROKA-Produkten: SUP, Kitesurf, Wingfoil, Surffoil, Foil...\",\"breadcrumb\":{\"@id\":\"https:\/\/staging.srokafinal.lets-preprod.com\/de\/haeufig-gestellte-fragen\/#breadcrumb\"},\"inLanguage\":\"de\",\"potentialAction\":[{\"@type\":\"ReadAction\",\"target\":[\"https:\/\/staging.srokafinal.lets-preprod.com\/de\/haeufig-gestellte-fragen\/\"]}]},{\"@type\":\"BreadcrumbList\",\"@id\":\"https:\/\/staging.srokafinal.lets-preprod.com\/de\/haeufig-gestellte-fragen\/#breadcrumb\",\"itemListElement\":[{\"@type\":\"ListItem\",\"position\":1,\"name\":\"Accueil\",\"item\":\"https:\/\/staging.srokafinal.lets-preprod.com\/de\/\"},{\"@type\":\"ListItem\",\"position\":2,\"name\":\"H\u00e4ufig gestellte Fragen\"}]},{\"@type\":\"WebSite\",\"@id\":\"https:\/\/staging.srokafinal.lets-preprod.com\/de\/#website\",\"url\":\"https:\/\/staging.srokafinal.lets-preprod.com\/de\/\",\"name\":\"SROKA Company\",\"description\":\"SUP, Kite, Foil, Wing\",\"publisher\":{\"@id\":\"https:\/\/staging.srokafinal.lets-preprod.com\/de\/#organization\"},\"potentialAction\":[{\"@type\":\"SearchAction\",\"target\":{\"@type\":\"EntryPoint\",\"urlTemplate\":\"https:\/\/staging.srokafinal.lets-preprod.com\/de\/?s={search_term_string}\"},\"query-input\":{\"@type\":\"PropertyValueSpecification\",\"valueRequired\":true,\"valueName\":\"search_term_string\"}}],\"inLanguage\":\"de\"},{\"@type\":\"Organization\",\"@id\":\"https:\/\/staging.srokafinal.lets-preprod.com\/de\/#organization\",\"name\":\"SROKACOMPANY\",\"alternateName\":\"SROKA\",\"url\":\"https:\/\/staging.srokafinal.lets-preprod.com\/de\/\",\"logo\":{\"@type\":\"ImageObject\",\"inLanguage\":\"de\",\"@id\":\"https:\/\/staging.srokafinal.lets-preprod.com\/de\/#\/schema\/logo\/image\/\",\"url\":\"https:\/\/staging.srokafinal.lets-preprod.com\/wp-content\/uploads\/2021\/01\/logo-sroka-black-transpa.png\",\"contentUrl\":\"https:\/\/staging.srokafinal.lets-preprod.com\/wp-content\/uploads\/2021\/01\/logo-sroka-black-transpa.png\",\"width\":1201,\"height\":342,\"caption\":\"SROKACOMPANY\"},\"image\":{\"@id\":\"https:\/\/staging.srokafinal.lets-preprod.com\/de\/#\/schema\/logo\/image\/\"},\"sameAs\":[\"https:\/\/www.facebook.com\/srokawatersports\/\",\"https:\/\/www.instagram.com\/srokawatersports\/\",\"https:\/\/www.youtube.com\/channel\/UCVLHHeaPIm-J5bdEUgxqtZA\"]}]}<\/script>\n<!-- \/ Yoast SEO plugin. -->","yoast_head_json":{"title":"FAQ - SROKA Unternehmen","description":"In diesen FAQ finden Sie alle unsere Antworten auf Ihre Fragen zu unseren SROKA-Produkten: SUP, Kitesurf, Wingfoil, Surffoil, Foil...","robots":{"index":"noindex","follow":"follow","max-snippet":"max-snippet:-1","max-image-preview":"max-image-preview:large","max-video-preview":"max-video-preview:-1"},"og_locale":"de_DE","og_type":"article","og_title":"FAQ - SROKA Unternehmen","og_description":"In diesen FAQ finden Sie alle unsere Antworten auf Ihre Fragen zu unseren SROKA-Produkten: SUP, Kitesurf, Wingfoil, Surffoil, Foil...","og_url":"https:\/\/staging.srokafinal.lets-preprod.com\/de\/haeufig-gestellte-fragen\/","og_site_name":"SROKA Company","article_publisher":"https:\/\/www.facebook.com\/srokawatersports\/","twitter_misc":{"Gesch\u00e4tzte Lesezeit":"3\u00a0Minuten"},"schema":{"@context":"https:\/\/schema.org","@graph":[{"@type":"WebPage","@id":"https:\/\/staging.srokafinal.lets-preprod.com\/de\/haeufig-gestellte-fragen\/","url":"https:\/\/staging.srokafinal.lets-preprod.com\/de\/haeufig-gestellte-fragen\/","name":"FAQ - SROKA Unternehmen","isPartOf":{"@id":"https:\/\/staging.srokafinal.lets-preprod.com\/de\/#website"},"datePublished":"2021-09-01T08:29:39+00:00","description":"In diesen FAQ finden Sie alle unsere Antworten auf Ihre Fragen zu unseren SROKA-Produkten: SUP, Kitesurf, Wingfoil, Surffoil, Foil...","breadcrumb":{"@id":"https:\/\/staging.srokafinal.lets-preprod.com\/de\/haeufig-gestellte-fragen\/#breadcrumb"},"inLanguage":"de","potentialAction":[{"@type":"ReadAction","target":["https:\/\/staging.srokafinal.lets-preprod.com\/de\/haeufig-gestellte-fragen\/"]}]},{"@type":"BreadcrumbList","@id":"https:\/\/staging.srokafinal.lets-preprod.com\/de\/haeufig-gestellte-fragen\/#breadcrumb","itemListElement":[{"@type":"ListItem","position":1,"name":"Accueil","item":"https:\/\/staging.srokafinal.lets-preprod.com\/de\/"},{"@type":"ListItem","position":2,"name":"H\u00e4ufig gestellte Fragen"}]},{"@type":"WebSite","@id":"https:\/\/staging.srokafinal.lets-preprod.com\/de\/#website","url":"https:\/\/staging.srokafinal.lets-preprod.com\/de\/","name":"SROKA Company","description":"SUP, Kite, Foil, Wing","publisher":{"@id":"https:\/\/staging.srokafinal.lets-preprod.com\/de\/#organization"},"potentialAction":[{"@type":"SearchAction","target":{"@type":"EntryPoint","urlTemplate":"https:\/\/staging.srokafinal.lets-preprod.com\/de\/?s={search_term_string}"},"query-input":{"@type":"PropertyValueSpecification","valueRequired":true,"valueName":"search_term_string"}}],"inLanguage":"de"},{"@type":"Organization","@id":"https:\/\/staging.srokafinal.lets-preprod.com\/de\/#organization","name":"SROKACOMPANY","alternateName":"SROKA","url":"https:\/\/staging.srokafinal.lets-preprod.com\/de\/","logo":{"@type":"ImageObject","inLanguage":"de","@id":"https:\/\/staging.srokafinal.lets-preprod.com\/de\/#\/schema\/logo\/image\/","url":"https:\/\/staging.srokafinal.lets-preprod.com\/wp-content\/uploads\/2021\/01\/logo-sroka-black-transpa.png","contentUrl":"https:\/\/staging.srokafinal.lets-preprod.com\/wp-content\/uploads\/2021\/01\/logo-sroka-black-transpa.png","width":1201,"height":342,"caption":"SROKACOMPANY"},"image":{"@id":"https:\/\/staging.srokafinal.lets-preprod.com\/de\/#\/schema\/logo\/image\/"},"sameAs":["https:\/\/www.facebook.com\/srokawatersports\/","https:\/\/www.instagram.com\/srokawatersports\/","https:\/\/www.youtube.com\/channel\/UCVLHHeaPIm-J5bdEUgxqtZA"]}]}},"uagb_featured_image_src":{"full":false,"thumbnail":false,"medium":false,"medium_large":false,"large":false,"1536x1536":false,"2048x2048":false,"woocommerce_thumbnail":false,"woocommerce_single":false,"woocommerce_gallery_thumbnail":false},"uagb_author_info":{"display_name":"matthieumilliot_xd7qukoc","author_link":"https:\/\/staging.srokafinal.lets-preprod.com\/de\/blog\/author\/matthieumilliot_xd7qukoc\/"},"uagb_comment_info":0,"uagb_excerpt":"WO FINDE ICH UNSERE PRODUKTE? Wir haben ein Vertriebsnetz in Frankreich und Europa aufgebaut, damit Sie unsere Produkte in Gesch\u00e4ften sehen, testen und kaufen k\u00f6nnen. Falls es kein Gesch\u00e4ft in Ihrer N\u00e4he gibt, geben wir Ihnen die M\u00f6glichkeit, online \u00fcber unseren E-Commerce einzukaufen. WIE LANGE HABEN UNSERE SROKA-PRODUKTE EINE GARANTIE? SROKA-Produkte haben eine Garantie von&hellip;","_links":{"self":[{"href":"https:\/\/staging.srokafinal.lets-preprod.com\/de\/wp-json\/wp\/v2\/pages\/112146","targetHints":{"allow":["GET"]}}],"collection":[{"href":"https:\/\/staging.srokafinal.lets-preprod.com\/de\/wp-json\/wp\/v2\/pages"}],"about":[{"href":"https:\/\/staging.srokafinal.lets-preprod.com\/de\/wp-json\/wp\/v2\/types\/page"}],"author":[{"embeddable":true,"href":"https:\/\/staging.srokafinal.lets-preprod.com\/de\/wp-json\/wp\/v2\/users\/1"}],"replies":[{"embeddable":true,"href":"https:\/\/staging.srokafinal.lets-preprod.com\/de\/wp-json\/wp\/v2\/comments?post=112146"}],"version-history":[{"count":0,"href":"https:\/\/staging.srokafinal.lets-preprod.com\/de\/wp-json\/wp\/v2\/pages\/112146\/revisions"}],"wp:attachment":[{"href":"https:\/\/staging.srokafinal.lets-preprod.com\/de\/wp-json\/wp\/v2\/media?parent=112146"}],"curies":[{"name":"wp","href":"https:\/\/api.w.org\/{rel}","templated":true}]}}