


{"id":112211,"date":"2018-02-12T09:11:36","date_gmt":"2018-02-12T07:11:36","guid":{"rendered":"https:\/\/srokacompany.com\/sroka-company-homepage\/"},"modified":"2025-02-12T09:39:45","modified_gmt":"2025-02-12T09:39:45","slug":"sroka-company-homepage","status":"publish","type":"page","link":"https:\/\/staging.srokafinal.lets-preprod.com\/de\/","title":{"rendered":"Sroka Company Homepage"},"content":{"rendered":"<h1>Sroka Company.<\/h1>\n<p>SUP \/ FOIL \/ WING \/ KITE SURF \/ WAKE \/ SURF FOIL<\/p>\n<h2><b>Wing&nbsp;V4&nbsp;Elite<\/b><\/h2>\n<p>Entdecke die Exzellenz mit dem Wing V4 Elite.<br \/>Er wird aus modernsten Materialien hergestellt und bietet eine Leistungssteigerung von \u00fcber 30 %.<br \/>Die Spurkr\u00e4nze haben einen um 17 % geringeren Durchmesser, die Steifigkeit wurde um 25 % erh\u00f6ht, und das verst\u00e4rkte Verdeck sorgt f\u00fcr einen optimalen Halt des Fl\u00fcgels.<\/p>\n<p>Genie\u00dfen Sie eine h\u00f6here Leistung bei Geschwindigkeit, Stabilit\u00e4t und Beschleunigung, w\u00e4hrend der Schirm f\u00fcr alle perfekt zug\u00e4nglich bleibt.<\/p>\n<p><a href=\"https:\/\/srokacompany.com\/de\/produit\/fluegel-v4-elite\/\">Bestellen Sie noch heute vor!<\/a><\/p>\n<p>\u00a0\t\t<\/p>\n<h2>Unser Wing Foil Pack<\/h2>\n<p>\t\t\t\t\t\t\t\t\t\t\t\t\t\t\t\t<a href=\"https:\/\/srokacompany.com\/de\/2020\/12\/sroka-wing-foil-pack-unsere-tipps\/\"><br \/>\n\t\t\t\t\t\t\t<img loading=\"lazy\" decoding=\"async\" width=\"1080\" height=\"1080\" src=\"https:\/\/srokacompany.com\/wp-content\/uploads\/2022\/07\/3.jpg\" alt=\"\" srcset=\"https:\/\/srokacompany.com\/wp-content\/uploads\/2022\/07\/3.jpg 1080w, https:\/\/srokacompany.com\/wp-content\/uploads\/2022\/07\/3-300x300.jpg 300w, https:\/\/srokacompany.com\/wp-content\/uploads\/2022\/07\/3-1024x1024.jpg 1024w, https:\/\/srokacompany.com\/wp-content\/uploads\/2022\/07\/3-150x150.jpg 150w, https:\/\/srokacompany.com\/wp-content\/uploads\/2022\/07\/3-768x768.jpg 768w, https:\/\/srokacompany.com\/wp-content\/uploads\/2022\/07\/3-600x600.jpg 600w, https:\/\/srokacompany.com\/wp-content\/uploads\/2022\/07\/3-100x100.jpg 100w\" sizes=\"auto, (max-width: 1080px) 100vw, 1080px\" \/>\t\t\t\t\t\t\t\t<\/a><br \/>\n\t\t\t\t\t<a href=\"https:\/\/srokacompany.com\/eshop\/pack-wing-foil\/\"><br \/>\n\t\t\t\t\t\t\t\t\tUnsere Wing Foil Packs<br \/>\n\t\t\t\t\t<\/a><\/p>\n<h2>Unsere Paddel<\/h2>\n<p>\t\t\t\t\t\t\t\t\t\t\t\t\t\t\t\t<a href=\"https:\/\/srokacompany.com\/eshop\/stand-up-paddle-gonflable\/\"><br \/>\n\t\t\t\t\t\t\t<img loading=\"lazy\" decoding=\"async\" width=\"1920\" height=\"2560\" src=\"https:\/\/srokacompany.com\/wp-content\/uploads\/2024\/03\/Easy-106-Pack-scaled-1.jpg\" alt=\"\" srcset=\"https:\/\/srokacompany.com\/wp-content\/uploads\/2024\/03\/Easy-106-Pack-scaled-1.jpg 1920w, https:\/\/srokacompany.com\/wp-content\/uploads\/2024\/03\/Easy-106-Pack-scaled-1-225x300.jpg 225w, https:\/\/srokacompany.com\/wp-content\/uploads\/2024\/03\/Easy-106-Pack-scaled-1-768x1024.jpg 768w, https:\/\/srokacompany.com\/wp-content\/uploads\/2024\/03\/Easy-106-Pack-scaled-1-1152x1536.jpg 1152w, https:\/\/srokacompany.com\/wp-content\/uploads\/2024\/03\/Easy-106-Pack-scaled-1-1536x2048.jpg 1536w, https:\/\/srokacompany.com\/wp-content\/uploads\/2024\/03\/Easy-106-Pack-scaled-1-600x800.jpg 600w\" sizes=\"auto, (max-width: 1920px) 100vw, 1920px\" \/>\t\t\t\t\t\t\t\t<\/a><br \/>\n\t\t\t\t\t<a href=\"https:\/\/srokacompany.com\/eshop\/stand-up-paddle-gonflable\/\"><br \/>\n\t\t\t\t\t\t\t\t\tUnsere Paddel<br \/>\n\t\t\t\t\t<\/a><\/p>\n<h2>Unsere Sortimente<\/h2>\n<p>\t\t\t\t\t\t\t<a href=\"https:\/\/srokacompany.com\/eshop\/wing-foil\/\"><br \/>\n\t\t\t\t\t\tSCHUTZFOLIE<br \/>\n\t\t\t\t\t\t<\/a><br \/>\n\t\t\t\t\t<a href=\"https:\/\/srokacompany.com\/eshop\/foil\/\"><br \/>\n\t\t\t\t\t\tFOLIE\t\t\t\t\t<\/a><br \/>\n\t\t\t\t\t\t\t<a href=\"https:\/\/srokacompany.com\/eshop\/stand-up-paddle-gonflable\/\"><br \/>\n\t\t\t\t\t\tAUFBLASBARES PADDEL<br \/>\n\t\t\t\t\t\t<\/a><\/p>\n<h2>Unsere neuesten Videos<\/h2>\n<p><a href=\"https:\/\/www.youtube.com\/watch?v=OcpfLiTW5_g&#038;pp=ygULc3Jva2EgZWxpdGU%3D\">Das neue LW Leichtwindboard<\/a><\/p>\n<p>\t\t<iframe loading=\"lazy\" title=\"Repoussez les limites du Wing Foil lightwind avec la nouvelle LW by SROKA: Cruising, Race, Downwind\" width=\"500\" height=\"281\" src=\"https:\/\/www.youtube.com\/embed\/SsCiuTnHJQI?feature=oembed\" frameborder=\"0\" allow=\"accelerometer; autoplay; clipboard-write; encrypted-media; gyroscope; picture-in-picture; web-share\" referrerpolicy=\"strict-origin-when-cross-origin\" allowfullscreen><\/iframe>\t\t<\/p>\n<p><a href=\"https:\/\/www.youtube.com\/watch?v=0Q7GFd8HUko&#038;t=23s&#038;pp=ygULc3Jva2EgZWxpdGU%3D\">Pr\u00e4sentation des V4-Fl\u00fcgels<\/a><\/p>\n<p>\t\t<iframe loading=\"lazy\" title=\"TEST SROKA MAT CARBON ELITE 14MM \/ FOIL\" width=\"500\" height=\"281\" src=\"https:\/\/www.youtube.com\/embed\/cn9gM4xhYUY?feature=oembed\" frameborder=\"0\" allow=\"accelerometer; autoplay; clipboard-write; encrypted-media; gyroscope; picture-in-picture; web-share\" referrerpolicy=\"strict-origin-when-cross-origin\" allowfullscreen><\/iframe>\t\t<\/p>\n<h2>SROKA Wassersport<\/h2>\n<p>Wir lieben es, Tr\u00e4ume von Abenteuern und Skifahren zu teilen und zu ermutigen und zu sehen, wie Sie sie wahr werden lassen. Wir sind die ersten Nutzer unserer Produkte und daher am besten in der Lage, Ihnen davon zu erz\u00e4hlen. Z\u00f6gern Sie nicht, uns zu kontaktieren, wir beraten Sie gerne pers\u00f6nlich.<\/p>\n<p>\t\t\t\t\t<a href=\"https:\/\/srokacompany.com\/de\/ueber-uns\/\"><br \/>\n\t\t\t\t\t\t\t\t\tUnsere Geschichte<br \/>\n\t\t\t\t\t<\/a><br \/>\n\t\t\t\t\t\t\t\t\t\t\t\t\t\t\t<img loading=\"lazy\" decoding=\"async\" width=\"800\" height=\"139\" src=\"https:\/\/srokacompany.com\/wp-content\/uploads\/2022\/05\/Capture-de\u0301cran-2022-05-11-a\u0300-11.52.48-1024x178.png\" alt=\"\" srcset=\"https:\/\/srokacompany.com\/wp-content\/uploads\/2022\/05\/Capture-de\u0301cran-2022-05-11-a\u0300-11.52.48-1024x178.png 1024w, https:\/\/srokacompany.com\/wp-content\/uploads\/2022\/05\/Capture-de\u0301cran-2022-05-11-a\u0300-11.52.48-300x52.png 300w, https:\/\/srokacompany.com\/wp-content\/uploads\/2022\/05\/Capture-de\u0301cran-2022-05-11-a\u0300-11.52.48-768x134.png 768w, https:\/\/srokacompany.com\/wp-content\/uploads\/2022\/05\/Capture-de\u0301cran-2022-05-11-a\u0300-11.52.48-1536x267.png 1536w, https:\/\/srokacompany.com\/wp-content\/uploads\/2022\/05\/Capture-de\u0301cran-2022-05-11-a\u0300-11.52.48-2048x356.png 2048w, https:\/\/srokacompany.com\/wp-content\/uploads\/2022\/05\/Capture-de\u0301cran-2022-05-11-a\u0300-11.52.48-600x104.png 600w\" sizes=\"auto, (max-width: 800px) 100vw, 800px\" \/>\t\t\t\t\t\t\t\t\t\t\t\t\t\t\t<\/p>\n<h2>Unternehmen Sroka<\/h2>\n<p><strong>Inspiriert von der Natur fliegen, surfen und rudern wir mit unseren Produkten, die an der bretonischen K\u00fcste entwickelt wurden. F\u00fcr Sie entwickelt: Qualit\u00e4tsprodukte zu einem erschwinglichen Preis, die lange halten.<\/strong><\/p>\n<p>Bruno Sroka, 3-facher Kitesurf-Weltmeister und erster Mensch, der Kap Hoorn mit einem Drachen \u00fcberquert hat, ist im Herzen ein Abenteurer und m\u00f6chte seine Leidenschaft teilen. Seine Idee ist einfach: Seine Liebe zum Wassersport zu teilen, indem er Qualit\u00e4tsprodukte zu einem erschwinglichen Preis entwickelt.<\/p>\n<p>Die Firma SROKA stellt Segelflugausr\u00fcstung wie <a href=\"https:\/\/srokacompany.com\/de\/eshop\/kitesurfen\/\">Kitesurfs <\/a>und <a href=\"https:\/\/srokacompany.com\/de\/eshop\/wind-foil-de\/\">Wind Foils<\/a>, <a href=\"https:\/\/srokacompany.com\/de\/eshop\/kite-foil-de\/\">Kite Foils,<\/a> <a href=\"https:\/\/srokacompany.com\/de\/eshop\/surf-foil-de\/\">Surf Foils<\/a>, <a href=\"https:\/\/srokacompany.com\/de\/eshop\/sup-foiling-de\/\">SUP Foils<\/a>, <a href=\"https:\/\/srokacompany.com\/de\/eshop\/flugel-foil\/\">Wing Foils<\/a> (entdecken Sie unsere <a href=\"https:\/\/srokacompany.com\/eshop\/pack-wing-foil\/\">Wing Foil Packs<\/a>), <a href=\"https:\/\/srokacompany.com\/de\/eshop\/wakefoil-de\/\">Wake Foil<\/a> und <a href=\"https:\/\/srokacompany.com\/de\/eshop\/aufblasbare-paddel\/\">aufblasbare Stand Up Paddles<\/a> her. Unser Ansatz: diese Boardsportarten zu demokratisieren, indem wir die besten Produkte zum besten Preis anbieten. Jedes Produkt wird von Bruno selbst entwickelt, getestet und f\u00fcr gut befunden, dessen Name als Qualit\u00e4tsgarantie auf jedem von ihnen angebracht ist.  <\/p>\n<p>Wir legen gro\u00dfen Wert darauf, dass alle unsere Produkte langlebig, einfach zu bedienen, zum besten Preis-Leistungs-Verh\u00e4ltnis und gut funktionieren. Wir engagieren uns f\u00fcr die lokale Wirtschaft und produzieren einige unserer Produkte in der Bretagne, um Ihnen un\u00fcbertroffene Standards zu garantieren und gleichzeitig unsere Auswirkungen zu reduzieren. Diese Made in France Foilboards erwecken unser lokales Know-how und unsere Branche zum Leben.<\/p>\n<p>\u00dcber seine Produkte hinaus ist die SROKA Company ein bretonisches Familienunternehmen, das von Enthusiasten gef\u00fchrt wird, die vor allem die besten Produkte entwickeln m\u00f6chten, um Ihnen die besten Erlebnisse auf dem Wasser anzubieten und gemeinsam zu teilen. Wir lieben es, die Tr\u00e4ume eines jeden von Abenteuern zu unterst\u00fctzen und zu sehen, wie sie wahr werden. Egal, welches Projekt wir verwirklichen wollen, Leidenschaft und Tr\u00e4ume sind unsere beiden treibenden Kr\u00e4fte, um voranzukommen. Wir starten auch Ihre Facebook-Gruppe, Sroka Sessions, in der wir Sie einladen, Ihre Momente des Spa\u00dfes auf dem Wasser zu teilen!<\/p>\n<p>Werden Sie Teil der Familie der Boardsport-Enthusiasten. Willkommen bei Sroka.<\/p>\n<p>#BESROKA.<\/p>\n<p>\t\t\t\t\t<iframe loading=\"lazy\" width=\"100%\" height=\"221\" frameborder=\"0\" scrolling=\"no\" marginheight=\"0\" marginwidth=\"0\" src=\"https:\/\/www.societe-des-avis-garantis.fr\/wp-content\/plugins\/ag-core\/widgets\/iframe\/2\/h\/?id=8949\"> <\/iframe><\/p>\n","protected":false},"excerpt":{"rendered":"<p>Sroka Company. SUP \/ FOIL \/ WING \/ KITE SURF \/ WAKE \/ SURF FOIL Wing&nbsp;V4&nbsp;Elite Entdecke die Exzellenz mit dem Wing V4 Elite.Er wird aus modernsten Materialien hergestellt und bietet eine Leistungssteigerung von \u00fcber 30 %.Die Spurkr\u00e4nze haben einen um 17 % geringeren Durchmesser, die Steifigkeit wurde um 25 % erh\u00f6ht, und das verst\u00e4rkte [&hellip;]<\/p>\n","protected":false},"author":1,"featured_media":112292,"parent":0,"menu_order":0,"comment_status":"closed","ping_status":"closed","template":"templates\/template-home.php","meta":{"_acf_changed":false,"_uag_custom_page_level_css":"","footnotes":""},"class_list":["post-112211","page","type-page","status-publish","has-post-thumbnail","hentry"],"acf":[],"yoast_head":"<!-- This site is optimized with the Yoast SEO plugin v25.1 - https:\/\/yoast.com\/wordpress\/plugins\/seo\/ -->\n<title>Foil, Wing, Kitesurf &amp; SUP Paddle Board &amp; Ausr\u00fcstung | Sroka<\/title>\n<meta name=\"description\" content=\"Bruno Sroka (3x Kitesurf-Weltmeister) bietet Foil, Wingfoil, WindFoil, SurfFoil, SUP &amp; Kite zum besten Preis-Leistungs-Verh\u00e4ltnis an.\" \/>\n<meta name=\"robots\" content=\"noindex, follow, max-snippet:-1, max-image-preview:large, max-video-preview:-1\" \/>\n<meta property=\"og:locale\" content=\"de_DE\" \/>\n<meta property=\"og:type\" content=\"article\" \/>\n<meta property=\"og:title\" content=\"Foil, Wing, Kitesurf &amp; SUP Paddle Board &amp; Ausr\u00fcstung | Sroka\" \/>\n<meta property=\"og:description\" content=\"Bruno Sroka (3x Kitesurf-Weltmeister) bietet Foil, Wingfoil, WindFoil, SurfFoil, SUP &amp; Kite zum besten Preis-Leistungs-Verh\u00e4ltnis an.\" \/>\n<meta property=\"og:url\" content=\"https:\/\/staging.srokafinal.lets-preprod.com\/de\/\" \/>\n<meta property=\"og:site_name\" content=\"SROKA Company\" \/>\n<meta property=\"article:publisher\" content=\"https:\/\/www.facebook.com\/srokawatersports\/\" \/>\n<meta property=\"article:modified_time\" content=\"2025-02-12T09:39:45+00:00\" \/>\n<meta property=\"og:image\" content=\"https:\/\/staging.srokafinal.lets-preprod.com\/wp-content\/uploads\/2023\/08\/Photo-modifie-1-Neo-Harris-Costa-110-sur-61.jpg\" \/>\n\t<meta property=\"og:image:width\" content=\"1980\" \/>\n\t<meta property=\"og:image:height\" content=\"1320\" \/>\n\t<meta property=\"og:image:type\" content=\"image\/jpeg\" \/>\n<meta name=\"twitter:label1\" content=\"Gesch\u00e4tzte Lesezeit\" \/>\n\t<meta name=\"twitter:data1\" content=\"3\u00a0Minuten\" \/>\n<script type=\"application\/ld+json\" class=\"yoast-schema-graph\">{\"@context\":\"https:\/\/schema.org\",\"@graph\":[{\"@type\":\"WebPage\",\"@id\":\"https:\/\/staging.srokafinal.lets-preprod.com\/de\/\",\"url\":\"https:\/\/staging.srokafinal.lets-preprod.com\/de\/\",\"name\":\"Foil, Wing, Kitesurf & SUP Paddle Board & Ausr\u00fcstung | Sroka\",\"isPartOf\":{\"@id\":\"https:\/\/staging.srokafinal.lets-preprod.com\/de\/#website\"},\"primaryImageOfPage\":{\"@id\":\"https:\/\/staging.srokafinal.lets-preprod.com\/de\/#primaryimage\"},\"image\":{\"@id\":\"https:\/\/staging.srokafinal.lets-preprod.com\/de\/#primaryimage\"},\"thumbnailUrl\":\"https:\/\/staging.srokafinal.lets-preprod.com\/wp-content\/uploads\/2023\/08\/Photo-modifie-1-Neo-Harris-Costa-110-sur-61.jpg\",\"datePublished\":\"2018-02-12T07:11:36+00:00\",\"dateModified\":\"2025-02-12T09:39:45+00:00\",\"description\":\"Bruno Sroka (3x Kitesurf-Weltmeister) bietet Foil, Wingfoil, WindFoil, SurfFoil, SUP & Kite zum besten Preis-Leistungs-Verh\u00e4ltnis an.\",\"breadcrumb\":{\"@id\":\"https:\/\/staging.srokafinal.lets-preprod.com\/de\/#breadcrumb\"},\"inLanguage\":\"de\",\"potentialAction\":[{\"@type\":\"ReadAction\",\"target\":[\"https:\/\/staging.srokafinal.lets-preprod.com\/de\/\"]}]},{\"@type\":\"ImageObject\",\"inLanguage\":\"de\",\"@id\":\"https:\/\/staging.srokafinal.lets-preprod.com\/de\/#primaryimage\",\"url\":\"https:\/\/staging.srokafinal.lets-preprod.com\/wp-content\/uploads\/2023\/08\/Photo-modifie-1-Neo-Harris-Costa-110-sur-61.jpg\",\"contentUrl\":\"https:\/\/staging.srokafinal.lets-preprod.com\/wp-content\/uploads\/2023\/08\/Photo-modifie-1-Neo-Harris-Costa-110-sur-61.jpg\",\"width\":1980,\"height\":1320},{\"@type\":\"BreadcrumbList\",\"@id\":\"https:\/\/staging.srokafinal.lets-preprod.com\/de\/#breadcrumb\",\"itemListElement\":[{\"@type\":\"ListItem\",\"position\":1,\"name\":\"Accueil\",\"item\":\"https:\/\/staging.srokafinal.lets-preprod.com\/de\/\"},{\"@type\":\"ListItem\",\"position\":2,\"name\":\"Sroka Company Homepage\"}]},{\"@type\":\"WebSite\",\"@id\":\"https:\/\/staging.srokafinal.lets-preprod.com\/de\/#website\",\"url\":\"https:\/\/staging.srokafinal.lets-preprod.com\/de\/\",\"name\":\"SROKA Company\",\"description\":\"SUP, Kite, Foil, Wing\",\"publisher\":{\"@id\":\"https:\/\/staging.srokafinal.lets-preprod.com\/de\/#organization\"},\"potentialAction\":[{\"@type\":\"SearchAction\",\"target\":{\"@type\":\"EntryPoint\",\"urlTemplate\":\"https:\/\/staging.srokafinal.lets-preprod.com\/de\/?s={search_term_string}\"},\"query-input\":{\"@type\":\"PropertyValueSpecification\",\"valueRequired\":true,\"valueName\":\"search_term_string\"}}],\"inLanguage\":\"de\"},{\"@type\":\"Organization\",\"@id\":\"https:\/\/staging.srokafinal.lets-preprod.com\/de\/#organization\",\"name\":\"SROKACOMPANY\",\"alternateName\":\"SROKA\",\"url\":\"https:\/\/staging.srokafinal.lets-preprod.com\/de\/\",\"logo\":{\"@type\":\"ImageObject\",\"inLanguage\":\"de\",\"@id\":\"https:\/\/staging.srokafinal.lets-preprod.com\/de\/#\/schema\/logo\/image\/\",\"url\":\"https:\/\/staging.srokafinal.lets-preprod.com\/wp-content\/uploads\/2021\/01\/logo-sroka-black-transpa.png\",\"contentUrl\":\"https:\/\/staging.srokafinal.lets-preprod.com\/wp-content\/uploads\/2021\/01\/logo-sroka-black-transpa.png\",\"width\":1201,\"height\":342,\"caption\":\"SROKACOMPANY\"},\"image\":{\"@id\":\"https:\/\/staging.srokafinal.lets-preprod.com\/de\/#\/schema\/logo\/image\/\"},\"sameAs\":[\"https:\/\/www.facebook.com\/srokawatersports\/\",\"https:\/\/www.instagram.com\/srokawatersports\/\",\"https:\/\/www.youtube.com\/channel\/UCVLHHeaPIm-J5bdEUgxqtZA\"]}]}<\/script>\n<!-- \/ Yoast SEO plugin. -->","yoast_head_json":{"title":"Foil, Wing, Kitesurf & SUP Paddle Board & Ausr\u00fcstung | Sroka","description":"Bruno Sroka (3x Kitesurf-Weltmeister) bietet Foil, Wingfoil, WindFoil, SurfFoil, SUP & Kite zum besten Preis-Leistungs-Verh\u00e4ltnis an.","robots":{"index":"noindex","follow":"follow","max-snippet":"max-snippet:-1","max-image-preview":"max-image-preview:large","max-video-preview":"max-video-preview:-1"},"og_locale":"de_DE","og_type":"article","og_title":"Foil, Wing, Kitesurf & SUP Paddle Board & Ausr\u00fcstung | Sroka","og_description":"Bruno Sroka (3x Kitesurf-Weltmeister) bietet Foil, Wingfoil, WindFoil, SurfFoil, SUP & Kite zum besten Preis-Leistungs-Verh\u00e4ltnis an.","og_url":"https:\/\/staging.srokafinal.lets-preprod.com\/de\/","og_site_name":"SROKA Company","article_publisher":"https:\/\/www.facebook.com\/srokawatersports\/","article_modified_time":"2025-02-12T09:39:45+00:00","og_image":[{"width":1980,"height":1320,"url":"https:\/\/staging.srokafinal.lets-preprod.com\/wp-content\/uploads\/2023\/08\/Photo-modifie-1-Neo-Harris-Costa-110-sur-61.jpg","type":"image\/jpeg"}],"twitter_misc":{"Gesch\u00e4tzte Lesezeit":"3\u00a0Minuten"},"schema":{"@context":"https:\/\/schema.org","@graph":[{"@type":"WebPage","@id":"https:\/\/staging.srokafinal.lets-preprod.com\/de\/","url":"https:\/\/staging.srokafinal.lets-preprod.com\/de\/","name":"Foil, Wing, Kitesurf & SUP Paddle Board & Ausr\u00fcstung | Sroka","isPartOf":{"@id":"https:\/\/staging.srokafinal.lets-preprod.com\/de\/#website"},"primaryImageOfPage":{"@id":"https:\/\/staging.srokafinal.lets-preprod.com\/de\/#primaryimage"},"image":{"@id":"https:\/\/staging.srokafinal.lets-preprod.com\/de\/#primaryimage"},"thumbnailUrl":"https:\/\/staging.srokafinal.lets-preprod.com\/wp-content\/uploads\/2023\/08\/Photo-modifie-1-Neo-Harris-Costa-110-sur-61.jpg","datePublished":"2018-02-12T07:11:36+00:00","dateModified":"2025-02-12T09:39:45+00:00","description":"Bruno Sroka (3x Kitesurf-Weltmeister) bietet Foil, Wingfoil, WindFoil, SurfFoil, SUP & Kite zum besten Preis-Leistungs-Verh\u00e4ltnis an.","breadcrumb":{"@id":"https:\/\/staging.srokafinal.lets-preprod.com\/de\/#breadcrumb"},"inLanguage":"de","potentialAction":[{"@type":"ReadAction","target":["https:\/\/staging.srokafinal.lets-preprod.com\/de\/"]}]},{"@type":"ImageObject","inLanguage":"de","@id":"https:\/\/staging.srokafinal.lets-preprod.com\/de\/#primaryimage","url":"https:\/\/staging.srokafinal.lets-preprod.com\/wp-content\/uploads\/2023\/08\/Photo-modifie-1-Neo-Harris-Costa-110-sur-61.jpg","contentUrl":"https:\/\/staging.srokafinal.lets-preprod.com\/wp-content\/uploads\/2023\/08\/Photo-modifie-1-Neo-Harris-Costa-110-sur-61.jpg","width":1980,"height":1320},{"@type":"BreadcrumbList","@id":"https:\/\/staging.srokafinal.lets-preprod.com\/de\/#breadcrumb","itemListElement":[{"@type":"ListItem","position":1,"name":"Accueil","item":"https:\/\/staging.srokafinal.lets-preprod.com\/de\/"},{"@type":"ListItem","position":2,"name":"Sroka Company Homepage"}]},{"@type":"WebSite","@id":"https:\/\/staging.srokafinal.lets-preprod.com\/de\/#website","url":"https:\/\/staging.srokafinal.lets-preprod.com\/de\/","name":"SROKA Company","description":"SUP, Kite, Foil, Wing","publisher":{"@id":"https:\/\/staging.srokafinal.lets-preprod.com\/de\/#organization"},"potentialAction":[{"@type":"SearchAction","target":{"@type":"EntryPoint","urlTemplate":"https:\/\/staging.srokafinal.lets-preprod.com\/de\/?s={search_term_string}"},"query-input":{"@type":"PropertyValueSpecification","valueRequired":true,"valueName":"search_term_string"}}],"inLanguage":"de"},{"@type":"Organization","@id":"https:\/\/staging.srokafinal.lets-preprod.com\/de\/#organization","name":"SROKACOMPANY","alternateName":"SROKA","url":"https:\/\/staging.srokafinal.lets-preprod.com\/de\/","logo":{"@type":"ImageObject","inLanguage":"de","@id":"https:\/\/staging.srokafinal.lets-preprod.com\/de\/#\/schema\/logo\/image\/","url":"https:\/\/staging.srokafinal.lets-preprod.com\/wp-content\/uploads\/2021\/01\/logo-sroka-black-transpa.png","contentUrl":"https:\/\/staging.srokafinal.lets-preprod.com\/wp-content\/uploads\/2021\/01\/logo-sroka-black-transpa.png","width":1201,"height":342,"caption":"SROKACOMPANY"},"image":{"@id":"https:\/\/staging.srokafinal.lets-preprod.com\/de\/#\/schema\/logo\/image\/"},"sameAs":["https:\/\/www.facebook.com\/srokawatersports\/","https:\/\/www.instagram.com\/srokawatersports\/","https:\/\/www.youtube.com\/channel\/UCVLHHeaPIm-J5bdEUgxqtZA"]}]}},"uagb_featured_image_src":{"full":["https:\/\/staging.srokafinal.lets-preprod.com\/wp-content\/uploads\/2023\/08\/Photo-modifie-1-Neo-Harris-Costa-110-sur-61.jpg",1980,1320,false],"thumbnail":["https:\/\/staging.srokafinal.lets-preprod.com\/wp-content\/uploads\/2023\/08\/Photo-modifie-1-Neo-Harris-Costa-110-sur-61-150x150.jpg",150,150,true],"medium":["https:\/\/staging.srokafinal.lets-preprod.com\/wp-content\/uploads\/2023\/08\/Photo-modifie-1-Neo-Harris-Costa-110-sur-61-300x200.jpg",300,200,true],"medium_large":["https:\/\/staging.srokafinal.lets-preprod.com\/wp-content\/uploads\/2023\/08\/Photo-modifie-1-Neo-Harris-Costa-110-sur-61-768x512.jpg",768,512,true],"large":["https:\/\/staging.srokafinal.lets-preprod.com\/wp-content\/uploads\/2023\/08\/Photo-modifie-1-Neo-Harris-Costa-110-sur-61-1024x683.jpg",1024,683,true],"1536x1536":["https:\/\/staging.srokafinal.lets-preprod.com\/wp-content\/uploads\/2023\/08\/Photo-modifie-1-Neo-Harris-Costa-110-sur-61-1536x1024.jpg",1536,1024,true],"2048x2048":["https:\/\/staging.srokafinal.lets-preprod.com\/wp-content\/uploads\/2023\/08\/Photo-modifie-1-Neo-Harris-Costa-110-sur-61.jpg",1980,1320,false],"woocommerce_thumbnail":["https:\/\/staging.srokafinal.lets-preprod.com\/wp-content\/uploads\/2023\/08\/Photo-modifie-1-Neo-Harris-Costa-110-sur-61-600x400.jpg",600,400,true],"woocommerce_single":["https:\/\/staging.srokafinal.lets-preprod.com\/wp-content\/uploads\/2023\/08\/Photo-modifie-1-Neo-Harris-Costa-110-sur-61-600x400.jpg",600,400,true],"woocommerce_gallery_thumbnail":["https:\/\/staging.srokafinal.lets-preprod.com\/wp-content\/uploads\/2023\/08\/Photo-modifie-1-Neo-Harris-Costa-110-sur-61-100x100.jpg",100,100,true]},"uagb_author_info":{"display_name":"matthieumilliot_xd7qukoc","author_link":"https:\/\/staging.srokafinal.lets-preprod.com\/de\/blog\/author\/matthieumilliot_xd7qukoc\/"},"uagb_comment_info":0,"uagb_excerpt":"Sroka Company. SUP \/ FOIL \/ WING \/ KITE SURF \/ WAKE \/ SURF FOIL Wing&nbsp;V4&nbsp;Elite Entdecke die Exzellenz mit dem Wing V4 Elite.Er wird aus modernsten Materialien hergestellt und bietet eine Leistungssteigerung von \u00fcber 30 %.Die Spurkr\u00e4nze haben einen um 17 % geringeren Durchmesser, die Steifigkeit wurde um 25 % erh\u00f6ht, und das verst\u00e4rkte&hellip;","_links":{"self":[{"href":"https:\/\/staging.srokafinal.lets-preprod.com\/de\/wp-json\/wp\/v2\/pages\/112211","targetHints":{"allow":["GET"]}}],"collection":[{"href":"https:\/\/staging.srokafinal.lets-preprod.com\/de\/wp-json\/wp\/v2\/pages"}],"about":[{"href":"https:\/\/staging.srokafinal.lets-preprod.com\/de\/wp-json\/wp\/v2\/types\/page"}],"author":[{"embeddable":true,"href":"https:\/\/staging.srokafinal.lets-preprod.com\/de\/wp-json\/wp\/v2\/users\/1"}],"replies":[{"embeddable":true,"href":"https:\/\/staging.srokafinal.lets-preprod.com\/de\/wp-json\/wp\/v2\/comments?post=112211"}],"version-history":[{"count":17,"href":"https:\/\/staging.srokafinal.lets-preprod.com\/de\/wp-json\/wp\/v2\/pages\/112211\/revisions"}],"predecessor-version":[{"id":132691,"href":"https:\/\/staging.srokafinal.lets-preprod.com\/de\/wp-json\/wp\/v2\/pages\/112211\/revisions\/132691"}],"wp:featuredmedia":[{"embeddable":true,"href":"https:\/\/staging.srokafinal.lets-preprod.com\/de\/wp-json\/wp\/v2\/media\/112292"}],"wp:attachment":[{"href":"https:\/\/staging.srokafinal.lets-preprod.com\/de\/wp-json\/wp\/v2\/media?parent=112211"}],"curies":[{"name":"wp","href":"https:\/\/api.w.org\/{rel}","templated":true}]}}