


{"id":115109,"date":"2017-04-24T07:24:51","date_gmt":"2017-04-24T05:24:51","guid":{"rendered":"https:\/\/srokacompany.com\/produit\/stand-up-paddle-duo\/"},"modified":"2025-04-01T08:49:15","modified_gmt":"2025-04-01T08:49:15","slug":"stand-up-paddle-duo","status":"publish","type":"product","link":"https:\/\/staging.srokafinal.lets-preprod.com\/de\/produit\/stand-up-paddle-duo\/","title":{"rendered":"Stand up Paddle DUO"},"content":{"rendered":"<hr>\n<h2 class=\"p1\"><strong><span class=\"s1\">NOCH MEHR SPASS ZU ZWEIT:  <\/span><\/strong><\/h2>\n<p class=\"p1\"><span class=\"s1\">Um das Abenteuer zu zweit zu erleben, ist das <strong>Stand Up Paddle Tandem<\/strong> genau das Richtige f\u00fcr Sie! <span class=\"Apple-converted-space\"> Mit der Familie, mit Freunden oder zu zweit sind Sie doppelt so schnell, wenn Sie zu zweit rudern.<\/span><br \/>\n<\/span><span class=\"s1\">Dieses zweisitzige Modell ist wie geschaffen f\u00fcr Erkundungen, Kreuzfahrten und Wanderungen.<span class=\"Apple-converted-space\">  <\/span>Seine gro\u00dfe Breite von 34&#8221; (86 cm) und sein breites Heck geben Ihnen maximale Stabilit\u00e4t. Seine straffe Outline mit einer guten Spitze an der Vorderseite erm\u00f6glicht es Ihnen, bei allen Bedingungen zu gleiten. Sie werden erstaunt sein, welche Geschwindigkeit Sie erreichen k\u00f6nnen, wenn Sie zu zweit synchron rudern. Mit 2 oder 3 Personen ist Platz f\u00fcr alle. Griffe vorne und hinten erleichtern das Tragen des Tandem-Duo-Stand-Up-Paddles<\/span><\/p>\n<p class=\"p2\"><span class=\"s1\">Die gepr\u00e4gten Eva-Pads sind sehr angenehm unter den F\u00fc\u00dfen und haben einen sehr guten Halt bei allen Man\u00f6vern. Sein atypisches Aussehen und seine Verarbeitungsqualit\u00e4t werden Sie nicht gleichg\u00fcltig lassen. Mit dem Decksnetz k\u00f6nnen Sie <a href=\"https:\/\/srokacompany.com\/eshop\/accessoires-paddle-sup\/\">eine kleine Tragetasche<\/a> festmachen. Das entleerte SUP kann einfach in der SROKA-Transporttasche verstaut werden. Dar\u00fcber hinaus lassen Sie die Qualit\u00e4t der Tasche und ihr Komfort vergessen, dass Sie ein so gro\u00dfes Stand Up Paddle Board tragen.<\/span><\/p>\n<p>&nbsp;<\/p>\n<h3><a href=\"https:\/\/srokacompany.com\/comment-et-pourquoi-choisir-paddle-gonflable-sroka\/\" target=\"_blank\" rel=\"noopener noreferrer\">Warum SROKA-Produkte w\u00e4hlen?<\/a><\/h3>\n<p class=\"p2\"><span class=\"s1\"> <\/span><\/p>\n","protected":false},"excerpt":{"rendered":"<p>NOCH MEHR SPASS ZU ZWEIT: Um das Abenteuer zu zweit zu erleben, ist das Stand Up Paddle Tandem genau das Richtige f\u00fcr Sie! Mit der Familie, mit Freunden oder zu zweit sind Sie doppelt so schnell, wenn Sie zu zweit rudern. Dieses zweisitzige Modell ist wie geschaffen f\u00fcr Erkundungen, Kreuzfahrten und Wanderungen. Seine gro\u00dfe Breite [&hellip;]<\/p>\n","protected":false},"featured_media":133036,"template":"","meta":{"_acf_changed":false,"_uag_custom_page_level_css":""},"product_brand":[],"product_cat":[2773],"product_tag":[],"class_list":{"0":"post-115109","1":"product","2":"type-product","3":"status-publish","4":"has-post-thumbnail","6":"product_cat-aufblasbare-paddel","7":"product_shipping_class-sup-einheit","8":"pa_ailerons-2-boitier-us","9":"pa_charge-maxi-320kg","10":"pa_epaisseur-15-cm-6","11":"pa_largeur-86-cm-34","12":"pa_longueur-487-cm-16","13":"pa_materiaux-revetement-en-pvc-avec-la-technologie-fusion","14":"pa_niveau-debutant-a-confirme","15":"pa_poids-19-kg-42-lb-en","16":"pa_programme-initiation-balade-decouverte-du-stand-up-en-couple","17":"pa_programme-initiation-balade-decouverte-du-stand-up-familiale","18":"pa_volume-540-l","20":"first","21":"instock","22":"purchasable","23":"product-type-simple"},"acf":[],"yoast_head":"<!-- This site is optimized with the Yoast SEO plugin v25.1 - https:\/\/yoast.com\/wordpress\/plugins\/seo\/ -->\n<title>Stand Up Paddle Duo - SROKA Company - Stand Up Paddle<\/title>\n<meta name=\"description\" content=\"Aufblasbares Tandem-Stand-Up-Paddle: ideal f\u00fcr gemeinsame SUP-Sessions zu zweit! Hypersteif und zum besten Preis!\" \/>\n<meta name=\"robots\" content=\"noindex, follow, max-snippet:-1, max-image-preview:large, max-video-preview:-1\" \/>\n<meta property=\"og:locale\" content=\"de_DE\" \/>\n<meta property=\"og:type\" content=\"article\" \/>\n<meta property=\"og:title\" content=\"Stand Up Paddle Duo - SROKA Company - Stand Up Paddle\" \/>\n<meta property=\"og:description\" content=\"Aufblasbares Tandem-Stand-Up-Paddle: ideal f\u00fcr gemeinsame SUP-Sessions zu zweit! Hypersteif und zum besten Preis!\" \/>\n<meta property=\"og:url\" content=\"https:\/\/staging.srokafinal.lets-preprod.com\/de\/produit\/stand-up-paddle-duo\/\" \/>\n<meta property=\"og:site_name\" content=\"SROKA Company\" \/>\n<meta property=\"article:publisher\" content=\"https:\/\/www.facebook.com\/srokawatersports\/\" \/>\n<meta property=\"article:modified_time\" content=\"2025-04-01T08:49:15+00:00\" \/>\n<meta property=\"og:image\" content=\"https:\/\/staging.srokafinal.lets-preprod.com\/wp-content\/uploads\/2017\/04\/duo-2-scaled.jpg\" \/>\n\t<meta property=\"og:image:width\" content=\"1920\" \/>\n\t<meta property=\"og:image:height\" content=\"2560\" \/>\n\t<meta property=\"og:image:type\" content=\"image\/jpeg\" \/>\n<meta name=\"twitter:label1\" content=\"Gesch\u00e4tzte Lesezeit\" \/>\n\t<meta name=\"twitter:data1\" content=\"1\u00a0Minute\" \/>\n<script type=\"application\/ld+json\" class=\"yoast-schema-graph\">{\"@context\":\"https:\/\/schema.org\",\"@graph\":[{\"@type\":\"WebPage\",\"@id\":\"https:\/\/staging.srokafinal.lets-preprod.com\/de\/produit\/stand-up-paddle-duo\/\",\"url\":\"https:\/\/staging.srokafinal.lets-preprod.com\/de\/produit\/stand-up-paddle-duo\/\",\"name\":\"Stand Up Paddle Duo - SROKA Company - Stand Up Paddle\",\"isPartOf\":{\"@id\":\"https:\/\/staging.srokafinal.lets-preprod.com\/de\/#website\"},\"primaryImageOfPage\":{\"@id\":\"https:\/\/staging.srokafinal.lets-preprod.com\/de\/produit\/stand-up-paddle-duo\/#primaryimage\"},\"image\":{\"@id\":\"https:\/\/staging.srokafinal.lets-preprod.com\/de\/produit\/stand-up-paddle-duo\/#primaryimage\"},\"thumbnailUrl\":\"https:\/\/staging.srokafinal.lets-preprod.com\/wp-content\/uploads\/2017\/04\/duo-2-scaled.jpg\",\"datePublished\":\"2017-04-24T05:24:51+00:00\",\"dateModified\":\"2025-04-01T08:49:15+00:00\",\"description\":\"Aufblasbares Tandem-Stand-Up-Paddle: ideal f\u00fcr gemeinsame SUP-Sessions zu zweit! Hypersteif und zum besten Preis!\",\"breadcrumb\":{\"@id\":\"https:\/\/staging.srokafinal.lets-preprod.com\/de\/produit\/stand-up-paddle-duo\/#breadcrumb\"},\"inLanguage\":\"de\",\"potentialAction\":[{\"@type\":\"ReadAction\",\"target\":[\"https:\/\/staging.srokafinal.lets-preprod.com\/de\/produit\/stand-up-paddle-duo\/\"]}]},{\"@type\":\"ImageObject\",\"inLanguage\":\"de\",\"@id\":\"https:\/\/staging.srokafinal.lets-preprod.com\/de\/produit\/stand-up-paddle-duo\/#primaryimage\",\"url\":\"https:\/\/staging.srokafinal.lets-preprod.com\/wp-content\/uploads\/2017\/04\/duo-2-scaled.jpg\",\"contentUrl\":\"https:\/\/staging.srokafinal.lets-preprod.com\/wp-content\/uploads\/2017\/04\/duo-2-scaled.jpg\",\"width\":1920,\"height\":2560},{\"@type\":\"BreadcrumbList\",\"@id\":\"https:\/\/staging.srokafinal.lets-preprod.com\/de\/produit\/stand-up-paddle-duo\/#breadcrumb\",\"itemListElement\":[{\"@type\":\"ListItem\",\"position\":1,\"name\":\"Accueil\",\"item\":\"https:\/\/staging.srokafinal.lets-preprod.com\/de\/\"},{\"@type\":\"ListItem\",\"position\":2,\"name\":\"Boutique\",\"item\":\"https:\/\/staging.srokafinal.lets-preprod.com\/boutique\/\"},{\"@type\":\"ListItem\",\"position\":3,\"name\":\"Stand up Paddle DUO\"}]},{\"@type\":\"WebSite\",\"@id\":\"https:\/\/staging.srokafinal.lets-preprod.com\/de\/#website\",\"url\":\"https:\/\/staging.srokafinal.lets-preprod.com\/de\/\",\"name\":\"SROKA Company\",\"description\":\"SUP, Kite, Foil, Wing\",\"publisher\":{\"@id\":\"https:\/\/staging.srokafinal.lets-preprod.com\/de\/#organization\"},\"potentialAction\":[{\"@type\":\"SearchAction\",\"target\":{\"@type\":\"EntryPoint\",\"urlTemplate\":\"https:\/\/staging.srokafinal.lets-preprod.com\/de\/?s={search_term_string}\"},\"query-input\":{\"@type\":\"PropertyValueSpecification\",\"valueRequired\":true,\"valueName\":\"search_term_string\"}}],\"inLanguage\":\"de\"},{\"@type\":\"Organization\",\"@id\":\"https:\/\/staging.srokafinal.lets-preprod.com\/de\/#organization\",\"name\":\"SROKACOMPANY\",\"alternateName\":\"SROKA\",\"url\":\"https:\/\/staging.srokafinal.lets-preprod.com\/de\/\",\"logo\":{\"@type\":\"ImageObject\",\"inLanguage\":\"de\",\"@id\":\"https:\/\/staging.srokafinal.lets-preprod.com\/de\/#\/schema\/logo\/image\/\",\"url\":\"https:\/\/staging.srokafinal.lets-preprod.com\/wp-content\/uploads\/2021\/01\/logo-sroka-black-transpa.png\",\"contentUrl\":\"https:\/\/staging.srokafinal.lets-preprod.com\/wp-content\/uploads\/2021\/01\/logo-sroka-black-transpa.png\",\"width\":1201,\"height\":342,\"caption\":\"SROKACOMPANY\"},\"image\":{\"@id\":\"https:\/\/staging.srokafinal.lets-preprod.com\/de\/#\/schema\/logo\/image\/\"},\"sameAs\":[\"https:\/\/www.facebook.com\/srokawatersports\/\",\"https:\/\/www.instagram.com\/srokawatersports\/\",\"https:\/\/www.youtube.com\/channel\/UCVLHHeaPIm-J5bdEUgxqtZA\"]}]}<\/script>\n<!-- \/ Yoast SEO plugin. -->","yoast_head_json":{"title":"Stand Up Paddle Duo - SROKA Company - Stand Up Paddle","description":"Aufblasbares Tandem-Stand-Up-Paddle: ideal f\u00fcr gemeinsame SUP-Sessions zu zweit! Hypersteif und zum besten Preis!","robots":{"index":"noindex","follow":"follow","max-snippet":"max-snippet:-1","max-image-preview":"max-image-preview:large","max-video-preview":"max-video-preview:-1"},"og_locale":"de_DE","og_type":"article","og_title":"Stand Up Paddle Duo - SROKA Company - Stand Up Paddle","og_description":"Aufblasbares Tandem-Stand-Up-Paddle: ideal f\u00fcr gemeinsame SUP-Sessions zu zweit! Hypersteif und zum besten Preis!","og_url":"https:\/\/staging.srokafinal.lets-preprod.com\/de\/produit\/stand-up-paddle-duo\/","og_site_name":"SROKA Company","article_publisher":"https:\/\/www.facebook.com\/srokawatersports\/","article_modified_time":"2025-04-01T08:49:15+00:00","og_image":[{"width":1920,"height":2560,"url":"https:\/\/staging.srokafinal.lets-preprod.com\/wp-content\/uploads\/2017\/04\/duo-2-scaled.jpg","type":"image\/jpeg"}],"twitter_misc":{"Gesch\u00e4tzte Lesezeit":"1\u00a0Minute"},"schema":{"@context":"https:\/\/schema.org","@graph":[{"@type":"WebPage","@id":"https:\/\/staging.srokafinal.lets-preprod.com\/de\/produit\/stand-up-paddle-duo\/","url":"https:\/\/staging.srokafinal.lets-preprod.com\/de\/produit\/stand-up-paddle-duo\/","name":"Stand Up Paddle Duo - SROKA Company - Stand Up Paddle","isPartOf":{"@id":"https:\/\/staging.srokafinal.lets-preprod.com\/de\/#website"},"primaryImageOfPage":{"@id":"https:\/\/staging.srokafinal.lets-preprod.com\/de\/produit\/stand-up-paddle-duo\/#primaryimage"},"image":{"@id":"https:\/\/staging.srokafinal.lets-preprod.com\/de\/produit\/stand-up-paddle-duo\/#primaryimage"},"thumbnailUrl":"https:\/\/staging.srokafinal.lets-preprod.com\/wp-content\/uploads\/2017\/04\/duo-2-scaled.jpg","datePublished":"2017-04-24T05:24:51+00:00","dateModified":"2025-04-01T08:49:15+00:00","description":"Aufblasbares Tandem-Stand-Up-Paddle: ideal f\u00fcr gemeinsame SUP-Sessions zu zweit! Hypersteif und zum besten Preis!","breadcrumb":{"@id":"https:\/\/staging.srokafinal.lets-preprod.com\/de\/produit\/stand-up-paddle-duo\/#breadcrumb"},"inLanguage":"de","potentialAction":[{"@type":"ReadAction","target":["https:\/\/staging.srokafinal.lets-preprod.com\/de\/produit\/stand-up-paddle-duo\/"]}]},{"@type":"ImageObject","inLanguage":"de","@id":"https:\/\/staging.srokafinal.lets-preprod.com\/de\/produit\/stand-up-paddle-duo\/#primaryimage","url":"https:\/\/staging.srokafinal.lets-preprod.com\/wp-content\/uploads\/2017\/04\/duo-2-scaled.jpg","contentUrl":"https:\/\/staging.srokafinal.lets-preprod.com\/wp-content\/uploads\/2017\/04\/duo-2-scaled.jpg","width":1920,"height":2560},{"@type":"BreadcrumbList","@id":"https:\/\/staging.srokafinal.lets-preprod.com\/de\/produit\/stand-up-paddle-duo\/#breadcrumb","itemListElement":[{"@type":"ListItem","position":1,"name":"Accueil","item":"https:\/\/staging.srokafinal.lets-preprod.com\/de\/"},{"@type":"ListItem","position":2,"name":"Boutique","item":"https:\/\/staging.srokafinal.lets-preprod.com\/boutique\/"},{"@type":"ListItem","position":3,"name":"Stand up Paddle DUO"}]},{"@type":"WebSite","@id":"https:\/\/staging.srokafinal.lets-preprod.com\/de\/#website","url":"https:\/\/staging.srokafinal.lets-preprod.com\/de\/","name":"SROKA Company","description":"SUP, Kite, Foil, Wing","publisher":{"@id":"https:\/\/staging.srokafinal.lets-preprod.com\/de\/#organization"},"potentialAction":[{"@type":"SearchAction","target":{"@type":"EntryPoint","urlTemplate":"https:\/\/staging.srokafinal.lets-preprod.com\/de\/?s={search_term_string}"},"query-input":{"@type":"PropertyValueSpecification","valueRequired":true,"valueName":"search_term_string"}}],"inLanguage":"de"},{"@type":"Organization","@id":"https:\/\/staging.srokafinal.lets-preprod.com\/de\/#organization","name":"SROKACOMPANY","alternateName":"SROKA","url":"https:\/\/staging.srokafinal.lets-preprod.com\/de\/","logo":{"@type":"ImageObject","inLanguage":"de","@id":"https:\/\/staging.srokafinal.lets-preprod.com\/de\/#\/schema\/logo\/image\/","url":"https:\/\/staging.srokafinal.lets-preprod.com\/wp-content\/uploads\/2021\/01\/logo-sroka-black-transpa.png","contentUrl":"https:\/\/staging.srokafinal.lets-preprod.com\/wp-content\/uploads\/2021\/01\/logo-sroka-black-transpa.png","width":1201,"height":342,"caption":"SROKACOMPANY"},"image":{"@id":"https:\/\/staging.srokafinal.lets-preprod.com\/de\/#\/schema\/logo\/image\/"},"sameAs":["https:\/\/www.facebook.com\/srokawatersports\/","https:\/\/www.instagram.com\/srokawatersports\/","https:\/\/www.youtube.com\/channel\/UCVLHHeaPIm-J5bdEUgxqtZA"]}]}},"uagb_featured_image_src":{"full":["https:\/\/staging.srokafinal.lets-preprod.com\/wp-content\/uploads\/2017\/04\/duo-2-scaled.jpg",1920,2560,false],"thumbnail":["https:\/\/staging.srokafinal.lets-preprod.com\/wp-content\/uploads\/2017\/04\/duo-2-150x150.jpg",150,150,true],"medium":["https:\/\/staging.srokafinal.lets-preprod.com\/wp-content\/uploads\/2017\/04\/duo-2-225x300.jpg",225,300,true],"medium_large":["https:\/\/staging.srokafinal.lets-preprod.com\/wp-content\/uploads\/2017\/04\/duo-2-768x1024.jpg",768,1024,true],"large":["https:\/\/staging.srokafinal.lets-preprod.com\/wp-content\/uploads\/2017\/04\/duo-2-768x1024.jpg",768,1024,true],"1536x1536":["https:\/\/staging.srokafinal.lets-preprod.com\/wp-content\/uploads\/2017\/04\/duo-2-1152x1536.jpg",1152,1536,true],"2048x2048":["https:\/\/staging.srokafinal.lets-preprod.com\/wp-content\/uploads\/2017\/04\/duo-2-1536x2048.jpg",1536,2048,true],"woocommerce_thumbnail":["https:\/\/staging.srokafinal.lets-preprod.com\/wp-content\/uploads\/2017\/04\/duo-2-600x800.jpg",600,800,true],"woocommerce_single":["https:\/\/staging.srokafinal.lets-preprod.com\/wp-content\/uploads\/2017\/04\/duo-2-600x800.jpg",600,800,true],"woocommerce_gallery_thumbnail":["https:\/\/staging.srokafinal.lets-preprod.com\/wp-content\/uploads\/2017\/04\/duo-2-100x100.jpg",100,100,true]},"uagb_author_info":{"display_name":"matthieumilliot_xd7qukoc","author_link":"https:\/\/staging.srokafinal.lets-preprod.com\/de\/blog\/author\/"},"uagb_comment_info":0,"uagb_excerpt":"NOCH MEHR SPASS ZU ZWEIT: Um das Abenteuer zu zweit zu erleben, ist das Stand Up Paddle Tandem genau das Richtige f\u00fcr Sie! Mit der Familie, mit Freunden oder zu zweit sind Sie doppelt so schnell, wenn Sie zu zweit rudern. Dieses zweisitzige Modell ist wie geschaffen f\u00fcr Erkundungen, Kreuzfahrten und Wanderungen. Seine gro\u00dfe Breite&hellip;","_links":{"self":[{"href":"https:\/\/staging.srokafinal.lets-preprod.com\/de\/wp-json\/wp\/v2\/product\/115109","targetHints":{"allow":["GET"]}}],"collection":[{"href":"https:\/\/staging.srokafinal.lets-preprod.com\/de\/wp-json\/wp\/v2\/product"}],"about":[{"href":"https:\/\/staging.srokafinal.lets-preprod.com\/de\/wp-json\/wp\/v2\/types\/product"}],"wp:featuredmedia":[{"embeddable":true,"href":"https:\/\/staging.srokafinal.lets-preprod.com\/de\/wp-json\/wp\/v2\/media\/133036"}],"wp:attachment":[{"href":"https:\/\/staging.srokafinal.lets-preprod.com\/de\/wp-json\/wp\/v2\/media?parent=115109"}],"wp:term":[{"taxonomy":"product_brand","embeddable":true,"href":"https:\/\/staging.srokafinal.lets-preprod.com\/de\/wp-json\/wp\/v2\/product_brand?post=115109"},{"taxonomy":"product_cat","embeddable":true,"href":"https:\/\/staging.srokafinal.lets-preprod.com\/de\/wp-json\/wp\/v2\/product_cat?post=115109"},{"taxonomy":"product_tag","embeddable":true,"href":"https:\/\/staging.srokafinal.lets-preprod.com\/de\/wp-json\/wp\/v2\/product_tag?post=115109"}],"curies":[{"name":"wp","href":"https:\/\/api.w.org\/{rel}","templated":true}]}}