


{"id":115135,"date":"2022-05-25T07:26:40","date_gmt":"2022-05-25T05:26:40","guid":{"rendered":"https:\/\/srokacompany.com\/produit\/s-foil-high-aspect-950-speed\/"},"modified":"2024-05-30T09:04:30","modified_gmt":"2024-05-30T09:04:30","slug":"s-foil-high-aspect-950-speed","status":"publish","type":"product","link":"https:\/\/staging.srokafinal.lets-preprod.com\/de\/produit\/s-foil-high-aspect-950-speed\/","title":{"rendered":"S-Foil High Aspect 950 Speed"},"content":{"rendered":"<hr>\n<h2>Das S-Foil High Aspect 950<\/h2>\n<p class=\"p1\">Gehen Sie mit der Speed-Reihe an Ihre Grenzen! Dieses neue 950 HA Speed-Foil mit seinem kleinen 240-Stabilisator bietet ein unglaubliches Gef\u00fchl von Geschwindigkeit und Gleiten sowie ein ultra-effizientes Pumpen. Von der Mittelstufe bis zum Profi ist diese Kombination der beste Weg, um bei mittleren bis starken Wind- und Wellenbedingungen Spa\u00df zu haben.<\/p>\n<p class=\"p1\">Unsere High Aspect Frontkotfl\u00fcgel verf\u00fcgen \u00fcber Profile mit enormem Geschwindigkeitspotenzial und sind gleichzeitig zug\u00e4nglich. Sowohl im Wing Foiling als auch im Surf Foil belohnen sie dich als Fahrer mit berauschenden Beschleunigungen und H\u00f6chstgeschwindigkeiten bei h\u00f6chster Pr\u00e4zision in den Kurven.<\/p>\n<p class=\"p1\">F\u00fcr diejenigen, die vordere Kotfl\u00fcgel mit hohem Aspekt, die fehlerverzeihender und zug\u00e4nglicher sind, aber eine interessante Leistung bieten: <a href=\"https:\/\/srokacompany.com\/produit\/s-foil-high-aspect-2\/\">Lift-Reichweite<\/a>.<\/p>\n<p class=\"p1\">Alle <a href=\"https:\/\/srokacompany.com\/produit\/ailettes-avant-s-foil-classique\/\">vorderen Schutzbleche<\/a> sind bei Ihrem S-Foil austauschbar.<\/p>\n<p class=\"p1\">Ideal f\u00fcr Wing Foil, Kite Foil, Wind Foil und Surf Foil.<\/p>\n<p><strong>Das S-Foil mit der HA 950 cm\u00b2 Speed-Finne wird mit seinem neuen angepassten Stabilisator verkauft: 240 cm\u00b2<\/strong><\/p>\n<p><a href=\"https:\/\/srokacompany.com\/produit\/aile-avant-s-foil-high-aspect-950-speed\/\">HA950 Speed Frontfl\u00fcgel hier.<\/a><\/p>\n","protected":false},"excerpt":{"rendered":"<p>Das S-Foil High Aspect 950 Gehen Sie mit der Speed-Reihe an Ihre Grenzen! Dieses neue 950 HA Speed-Foil mit seinem kleinen 240-Stabilisator bietet ein unglaubliches Gef\u00fchl von Geschwindigkeit und Gleiten sowie ein ultra-effizientes Pumpen. Von der Mittelstufe bis zum Profi ist diese Kombination der beste Weg, um bei mittleren bis starken Wind- und Wellenbedingungen Spa\u00df [&hellip;]<\/p>\n","protected":false},"featured_media":115136,"template":"","meta":{"_acf_changed":false,"_uag_custom_page_level_css":""},"product_brand":[],"product_cat":[2784,2781,2789],"product_tag":[],"class_list":{"0":"post-115135","1":"product","2":"type-product","3":"status-publish","4":"has-post-thumbnail","6":"product_cat-flugel-foil","7":"product_cat-folie","8":"product_cat-alle-unsere-high-aspect-folien","9":"product_shipping_class-komplettes-foil-oder-ersatzteile-flugeleinheit","11":"first","12":"instock","13":"taxable","14":"shipping-taxable","15":"purchasable","16":"product-type-variable","17":"has-default-attributes"},"acf":[],"yoast_head":"<!-- This site is optimized with the Yoast SEO plugin v25.1 - https:\/\/yoast.com\/wordpress\/plugins\/seo\/ -->\n<title>S-Foil High Aspect 950 Speed - SROKA Company<\/title>\n<meta name=\"description\" content=\"Das S-Foil Hight Aspect 950 S bietet Ihnen maximalen Komfort und Leistung. Ideal f\u00fcr fortgeschrittene Fahrer, die auf der Suche nach Leistung sind\" \/>\n<meta name=\"robots\" content=\"noindex, follow, max-snippet:-1, max-image-preview:large, max-video-preview:-1\" \/>\n<meta property=\"og:locale\" content=\"de_DE\" \/>\n<meta property=\"og:type\" content=\"article\" \/>\n<meta property=\"og:title\" content=\"S-Foil High Aspect 950 Speed - SROKA Company\" \/>\n<meta property=\"og:description\" content=\"Das S-Foil Hight Aspect 950 S bietet Ihnen maximalen Komfort und Leistung. Ideal f\u00fcr fortgeschrittene Fahrer, die auf der Suche nach Leistung sind\" \/>\n<meta property=\"og:url\" content=\"https:\/\/staging.srokafinal.lets-preprod.com\/de\/produit\/s-foil-high-aspect-950-speed\/\" \/>\n<meta property=\"og:site_name\" content=\"SROKA Company\" \/>\n<meta property=\"article:publisher\" content=\"https:\/\/www.facebook.com\/srokawatersports\/\" \/>\n<meta property=\"article:modified_time\" content=\"2024-05-30T09:04:30+00:00\" \/>\n<meta property=\"og:image\" content=\"https:\/\/staging.srokafinal.lets-preprod.com\/wp-content\/uploads\/2022\/05\/Photo-produit-planche-foils-et-packs-8.png\" \/>\n\t<meta property=\"og:image:width\" content=\"740\" \/>\n\t<meta property=\"og:image:height\" content=\"1080\" \/>\n\t<meta property=\"og:image:type\" content=\"image\/png\" \/>\n<meta name=\"twitter:label1\" content=\"Gesch\u00e4tzte Lesezeit\" \/>\n\t<meta name=\"twitter:data1\" content=\"1\u00a0Minute\" \/>\n<script type=\"application\/ld+json\" class=\"yoast-schema-graph\">{\"@context\":\"https:\/\/schema.org\",\"@graph\":[{\"@type\":\"WebPage\",\"@id\":\"https:\/\/staging.srokafinal.lets-preprod.com\/de\/produit\/s-foil-high-aspect-950-speed\/\",\"url\":\"https:\/\/staging.srokafinal.lets-preprod.com\/de\/produit\/s-foil-high-aspect-950-speed\/\",\"name\":\"S-Foil High Aspect 950 Speed - SROKA Company\",\"isPartOf\":{\"@id\":\"https:\/\/staging.srokafinal.lets-preprod.com\/de\/#website\"},\"primaryImageOfPage\":{\"@id\":\"https:\/\/staging.srokafinal.lets-preprod.com\/de\/produit\/s-foil-high-aspect-950-speed\/#primaryimage\"},\"image\":{\"@id\":\"https:\/\/staging.srokafinal.lets-preprod.com\/de\/produit\/s-foil-high-aspect-950-speed\/#primaryimage\"},\"thumbnailUrl\":\"https:\/\/staging.srokafinal.lets-preprod.com\/wp-content\/uploads\/2022\/05\/Photo-produit-planche-foils-et-packs-8.png\",\"datePublished\":\"2022-05-25T05:26:40+00:00\",\"dateModified\":\"2024-05-30T09:04:30+00:00\",\"description\":\"Das S-Foil Hight Aspect 950 S bietet Ihnen maximalen Komfort und Leistung. Ideal f\u00fcr fortgeschrittene Fahrer, die auf der Suche nach Leistung sind\",\"breadcrumb\":{\"@id\":\"https:\/\/staging.srokafinal.lets-preprod.com\/de\/produit\/s-foil-high-aspect-950-speed\/#breadcrumb\"},\"inLanguage\":\"de\",\"potentialAction\":[{\"@type\":\"ReadAction\",\"target\":[\"https:\/\/staging.srokafinal.lets-preprod.com\/de\/produit\/s-foil-high-aspect-950-speed\/\"]}]},{\"@type\":\"ImageObject\",\"inLanguage\":\"de\",\"@id\":\"https:\/\/staging.srokafinal.lets-preprod.com\/de\/produit\/s-foil-high-aspect-950-speed\/#primaryimage\",\"url\":\"https:\/\/staging.srokafinal.lets-preprod.com\/wp-content\/uploads\/2022\/05\/Photo-produit-planche-foils-et-packs-8.png\",\"contentUrl\":\"https:\/\/staging.srokafinal.lets-preprod.com\/wp-content\/uploads\/2022\/05\/Photo-produit-planche-foils-et-packs-8.png\",\"width\":740,\"height\":1080},{\"@type\":\"BreadcrumbList\",\"@id\":\"https:\/\/staging.srokafinal.lets-preprod.com\/de\/produit\/s-foil-high-aspect-950-speed\/#breadcrumb\",\"itemListElement\":[{\"@type\":\"ListItem\",\"position\":1,\"name\":\"Accueil\",\"item\":\"https:\/\/staging.srokafinal.lets-preprod.com\/de\/\"},{\"@type\":\"ListItem\",\"position\":2,\"name\":\"Boutique\",\"item\":\"https:\/\/staging.srokafinal.lets-preprod.com\/boutique\/\"},{\"@type\":\"ListItem\",\"position\":3,\"name\":\"S-Foil High Aspect 950 Speed\"}]},{\"@type\":\"WebSite\",\"@id\":\"https:\/\/staging.srokafinal.lets-preprod.com\/de\/#website\",\"url\":\"https:\/\/staging.srokafinal.lets-preprod.com\/de\/\",\"name\":\"SROKA Company\",\"description\":\"SUP, Kite, Foil, Wing\",\"publisher\":{\"@id\":\"https:\/\/staging.srokafinal.lets-preprod.com\/de\/#organization\"},\"potentialAction\":[{\"@type\":\"SearchAction\",\"target\":{\"@type\":\"EntryPoint\",\"urlTemplate\":\"https:\/\/staging.srokafinal.lets-preprod.com\/de\/?s={search_term_string}\"},\"query-input\":{\"@type\":\"PropertyValueSpecification\",\"valueRequired\":true,\"valueName\":\"search_term_string\"}}],\"inLanguage\":\"de\"},{\"@type\":\"Organization\",\"@id\":\"https:\/\/staging.srokafinal.lets-preprod.com\/de\/#organization\",\"name\":\"SROKACOMPANY\",\"alternateName\":\"SROKA\",\"url\":\"https:\/\/staging.srokafinal.lets-preprod.com\/de\/\",\"logo\":{\"@type\":\"ImageObject\",\"inLanguage\":\"de\",\"@id\":\"https:\/\/staging.srokafinal.lets-preprod.com\/de\/#\/schema\/logo\/image\/\",\"url\":\"https:\/\/staging.srokafinal.lets-preprod.com\/wp-content\/uploads\/2021\/01\/logo-sroka-black-transpa.png\",\"contentUrl\":\"https:\/\/staging.srokafinal.lets-preprod.com\/wp-content\/uploads\/2021\/01\/logo-sroka-black-transpa.png\",\"width\":1201,\"height\":342,\"caption\":\"SROKACOMPANY\"},\"image\":{\"@id\":\"https:\/\/staging.srokafinal.lets-preprod.com\/de\/#\/schema\/logo\/image\/\"},\"sameAs\":[\"https:\/\/www.facebook.com\/srokawatersports\/\",\"https:\/\/www.instagram.com\/srokawatersports\/\",\"https:\/\/www.youtube.com\/channel\/UCVLHHeaPIm-J5bdEUgxqtZA\"]}]}<\/script>\n<!-- \/ Yoast SEO plugin. -->","yoast_head_json":{"title":"S-Foil High Aspect 950 Speed - SROKA Company","description":"Das S-Foil Hight Aspect 950 S bietet Ihnen maximalen Komfort und Leistung. Ideal f\u00fcr fortgeschrittene Fahrer, die auf der Suche nach Leistung sind","robots":{"index":"noindex","follow":"follow","max-snippet":"max-snippet:-1","max-image-preview":"max-image-preview:large","max-video-preview":"max-video-preview:-1"},"og_locale":"de_DE","og_type":"article","og_title":"S-Foil High Aspect 950 Speed - SROKA Company","og_description":"Das S-Foil Hight Aspect 950 S bietet Ihnen maximalen Komfort und Leistung. Ideal f\u00fcr fortgeschrittene Fahrer, die auf der Suche nach Leistung sind","og_url":"https:\/\/staging.srokafinal.lets-preprod.com\/de\/produit\/s-foil-high-aspect-950-speed\/","og_site_name":"SROKA Company","article_publisher":"https:\/\/www.facebook.com\/srokawatersports\/","article_modified_time":"2024-05-30T09:04:30+00:00","og_image":[{"width":740,"height":1080,"url":"https:\/\/staging.srokafinal.lets-preprod.com\/wp-content\/uploads\/2022\/05\/Photo-produit-planche-foils-et-packs-8.png","type":"image\/png"}],"twitter_misc":{"Gesch\u00e4tzte Lesezeit":"1\u00a0Minute"},"schema":{"@context":"https:\/\/schema.org","@graph":[{"@type":"WebPage","@id":"https:\/\/staging.srokafinal.lets-preprod.com\/de\/produit\/s-foil-high-aspect-950-speed\/","url":"https:\/\/staging.srokafinal.lets-preprod.com\/de\/produit\/s-foil-high-aspect-950-speed\/","name":"S-Foil High Aspect 950 Speed - SROKA Company","isPartOf":{"@id":"https:\/\/staging.srokafinal.lets-preprod.com\/de\/#website"},"primaryImageOfPage":{"@id":"https:\/\/staging.srokafinal.lets-preprod.com\/de\/produit\/s-foil-high-aspect-950-speed\/#primaryimage"},"image":{"@id":"https:\/\/staging.srokafinal.lets-preprod.com\/de\/produit\/s-foil-high-aspect-950-speed\/#primaryimage"},"thumbnailUrl":"https:\/\/staging.srokafinal.lets-preprod.com\/wp-content\/uploads\/2022\/05\/Photo-produit-planche-foils-et-packs-8.png","datePublished":"2022-05-25T05:26:40+00:00","dateModified":"2024-05-30T09:04:30+00:00","description":"Das S-Foil Hight Aspect 950 S bietet Ihnen maximalen Komfort und Leistung. Ideal f\u00fcr fortgeschrittene Fahrer, die auf der Suche nach Leistung sind","breadcrumb":{"@id":"https:\/\/staging.srokafinal.lets-preprod.com\/de\/produit\/s-foil-high-aspect-950-speed\/#breadcrumb"},"inLanguage":"de","potentialAction":[{"@type":"ReadAction","target":["https:\/\/staging.srokafinal.lets-preprod.com\/de\/produit\/s-foil-high-aspect-950-speed\/"]}]},{"@type":"ImageObject","inLanguage":"de","@id":"https:\/\/staging.srokafinal.lets-preprod.com\/de\/produit\/s-foil-high-aspect-950-speed\/#primaryimage","url":"https:\/\/staging.srokafinal.lets-preprod.com\/wp-content\/uploads\/2022\/05\/Photo-produit-planche-foils-et-packs-8.png","contentUrl":"https:\/\/staging.srokafinal.lets-preprod.com\/wp-content\/uploads\/2022\/05\/Photo-produit-planche-foils-et-packs-8.png","width":740,"height":1080},{"@type":"BreadcrumbList","@id":"https:\/\/staging.srokafinal.lets-preprod.com\/de\/produit\/s-foil-high-aspect-950-speed\/#breadcrumb","itemListElement":[{"@type":"ListItem","position":1,"name":"Accueil","item":"https:\/\/staging.srokafinal.lets-preprod.com\/de\/"},{"@type":"ListItem","position":2,"name":"Boutique","item":"https:\/\/staging.srokafinal.lets-preprod.com\/boutique\/"},{"@type":"ListItem","position":3,"name":"S-Foil High Aspect 950 Speed"}]},{"@type":"WebSite","@id":"https:\/\/staging.srokafinal.lets-preprod.com\/de\/#website","url":"https:\/\/staging.srokafinal.lets-preprod.com\/de\/","name":"SROKA Company","description":"SUP, Kite, Foil, Wing","publisher":{"@id":"https:\/\/staging.srokafinal.lets-preprod.com\/de\/#organization"},"potentialAction":[{"@type":"SearchAction","target":{"@type":"EntryPoint","urlTemplate":"https:\/\/staging.srokafinal.lets-preprod.com\/de\/?s={search_term_string}"},"query-input":{"@type":"PropertyValueSpecification","valueRequired":true,"valueName":"search_term_string"}}],"inLanguage":"de"},{"@type":"Organization","@id":"https:\/\/staging.srokafinal.lets-preprod.com\/de\/#organization","name":"SROKACOMPANY","alternateName":"SROKA","url":"https:\/\/staging.srokafinal.lets-preprod.com\/de\/","logo":{"@type":"ImageObject","inLanguage":"de","@id":"https:\/\/staging.srokafinal.lets-preprod.com\/de\/#\/schema\/logo\/image\/","url":"https:\/\/staging.srokafinal.lets-preprod.com\/wp-content\/uploads\/2021\/01\/logo-sroka-black-transpa.png","contentUrl":"https:\/\/staging.srokafinal.lets-preprod.com\/wp-content\/uploads\/2021\/01\/logo-sroka-black-transpa.png","width":1201,"height":342,"caption":"SROKACOMPANY"},"image":{"@id":"https:\/\/staging.srokafinal.lets-preprod.com\/de\/#\/schema\/logo\/image\/"},"sameAs":["https:\/\/www.facebook.com\/srokawatersports\/","https:\/\/www.instagram.com\/srokawatersports\/","https:\/\/www.youtube.com\/channel\/UCVLHHeaPIm-J5bdEUgxqtZA"]}]}},"uagb_featured_image_src":{"full":["https:\/\/staging.srokafinal.lets-preprod.com\/wp-content\/uploads\/2022\/05\/Photo-produit-planche-foils-et-packs-8.png",740,1080,false],"thumbnail":["https:\/\/staging.srokafinal.lets-preprod.com\/wp-content\/uploads\/2022\/05\/Photo-produit-planche-foils-et-packs-8-150x150.png",150,150,true],"medium":["https:\/\/staging.srokafinal.lets-preprod.com\/wp-content\/uploads\/2022\/05\/Photo-produit-planche-foils-et-packs-8-206x300.png",206,300,true],"medium_large":["https:\/\/staging.srokafinal.lets-preprod.com\/wp-content\/uploads\/2022\/05\/Photo-produit-planche-foils-et-packs-8.png",740,1080,false],"large":["https:\/\/staging.srokafinal.lets-preprod.com\/wp-content\/uploads\/2022\/05\/Photo-produit-planche-foils-et-packs-8-702x1024.png",702,1024,true],"1536x1536":["https:\/\/staging.srokafinal.lets-preprod.com\/wp-content\/uploads\/2022\/05\/Photo-produit-planche-foils-et-packs-8.png",740,1080,false],"2048x2048":["https:\/\/staging.srokafinal.lets-preprod.com\/wp-content\/uploads\/2022\/05\/Photo-produit-planche-foils-et-packs-8.png",740,1080,false],"woocommerce_thumbnail":["https:\/\/staging.srokafinal.lets-preprod.com\/wp-content\/uploads\/2022\/05\/Photo-produit-planche-foils-et-packs-8-600x876.png",600,876,true],"woocommerce_single":["https:\/\/staging.srokafinal.lets-preprod.com\/wp-content\/uploads\/2022\/05\/Photo-produit-planche-foils-et-packs-8-600x876.png",600,876,true],"woocommerce_gallery_thumbnail":["https:\/\/staging.srokafinal.lets-preprod.com\/wp-content\/uploads\/2022\/05\/Photo-produit-planche-foils-et-packs-8-100x100.png",100,100,true]},"uagb_author_info":{"display_name":"emmanuel.d emmanuel.d","author_link":"https:\/\/staging.srokafinal.lets-preprod.com\/de\/blog\/author\/"},"uagb_comment_info":0,"uagb_excerpt":"Das S-Foil High Aspect 950 Gehen Sie mit der Speed-Reihe an Ihre Grenzen! Dieses neue 950 HA Speed-Foil mit seinem kleinen 240-Stabilisator bietet ein unglaubliches Gef\u00fchl von Geschwindigkeit und Gleiten sowie ein ultra-effizientes Pumpen. Von der Mittelstufe bis zum Profi ist diese Kombination der beste Weg, um bei mittleren bis starken Wind- und Wellenbedingungen Spa\u00df&hellip;","_links":{"self":[{"href":"https:\/\/staging.srokafinal.lets-preprod.com\/de\/wp-json\/wp\/v2\/product\/115135","targetHints":{"allow":["GET"]}}],"collection":[{"href":"https:\/\/staging.srokafinal.lets-preprod.com\/de\/wp-json\/wp\/v2\/product"}],"about":[{"href":"https:\/\/staging.srokafinal.lets-preprod.com\/de\/wp-json\/wp\/v2\/types\/product"}],"wp:featuredmedia":[{"embeddable":true,"href":"https:\/\/staging.srokafinal.lets-preprod.com\/de\/wp-json\/wp\/v2\/media\/115136"}],"wp:attachment":[{"href":"https:\/\/staging.srokafinal.lets-preprod.com\/de\/wp-json\/wp\/v2\/media?parent=115135"}],"wp:term":[{"taxonomy":"product_brand","embeddable":true,"href":"https:\/\/staging.srokafinal.lets-preprod.com\/de\/wp-json\/wp\/v2\/product_brand?post=115135"},{"taxonomy":"product_cat","embeddable":true,"href":"https:\/\/staging.srokafinal.lets-preprod.com\/de\/wp-json\/wp\/v2\/product_cat?post=115135"},{"taxonomy":"product_tag","embeddable":true,"href":"https:\/\/staging.srokafinal.lets-preprod.com\/de\/wp-json\/wp\/v2\/product_tag?post=115135"}],"curies":[{"name":"wp","href":"https:\/\/api.w.org\/{rel}","templated":true}]}}