


{"id":115180,"date":"2017-04-24T07:30:54","date_gmt":"2017-04-24T05:30:54","guid":{"rendered":"https:\/\/srokacompany.com\/produit\/twin-tip-pads-und-riemen\/"},"modified":"2024-05-30T09:08:40","modified_gmt":"2024-05-30T09:08:40","slug":"twin-tip-pads-und-riemen","status":"publish","type":"product","link":"https:\/\/staging.srokafinal.lets-preprod.com\/de\/produit\/twin-tip-pads-und-riemen\/","title":{"rendered":"Twin-Tip-Pads und -Riemen"},"content":{"rendered":"<hr>\n<p>SROKA-Fu\u00dfschlaufen und -Polster wurden entwickelt, um maximalen Komfort beim Segeln zu bieten. Die SROKA-Fu\u00dfpolster geh\u00f6ren zu den bequemsten auf dem Markt mit ihrem saugf\u00e4higen Schaumstoff, der die Erinnerung an die Form bewahrt. Asymmetrisch passt es sich beiden F\u00fc\u00dfen an. Der Verstellriemen erm\u00f6glicht eine ideale Passform und einen guten Halt des Ganzen f\u00fcr maximale Reaktionsf\u00e4higkeit Ihres Boards.<\/p>\n<p>Die Set-Fu\u00dfschlaufen und -Pads k\u00f6nnen bei allen Arten von Twin-Tip-Fahrten verwendet werden, von Freestyle bis Freeride und bei allen unseren Modellen.<\/p>\n<p>\u2022 Der einzigartige Klettverschluss sorgt f\u00fcr einen sicheren Verschluss und eine dynamische Fu\u00dfposition.<br \/>\n\u2022 Dual-Density-Pads f\u00fcr reibungsloses und komfortables Fahren bei au\u00dfergew\u00f6hnlichem Grip<br \/>\n\u2022 Custom Stance mit drei Enten-Einstellpositionen (\u00d6ffnungswinkel)<br \/>\n\u2022 Standardmontage mit 6-Zoll-Abstand zwischen den Eins\u00e4tzen<br \/>\n\u2022 M6x16mm Edelstahlschrauben im Lieferumfang enthalten<\/p>\n<p>\u2022 3D-geformte Dichte-Trippads<\/p>\n<p>\u2022 Neopren-Nylon-Riemen<\/p>\n<p>\u2022 15 Achsabst\u00e4nde mit verschiedenen Einstellpositionen<\/p>\n<p>\u2022 Hardware enthalten<\/p>\n","protected":false},"excerpt":{"rendered":"<p>SROKA-Fu\u00dfschlaufen und -Polster wurden entwickelt, um maximalen Komfort beim Segeln zu bieten. Die SROKA-Fu\u00dfpolster geh\u00f6ren zu den bequemsten auf dem Markt mit ihrem saugf\u00e4higen Schaumstoff, der die Erinnerung an die Form bewahrt. Asymmetrisch passt es sich beiden F\u00fc\u00dfen an. Der Verstellriemen erm\u00f6glicht eine ideale Passform und einen guten Halt des Ganzen f\u00fcr maximale Reaktionsf\u00e4higkeit Ihres [&hellip;]<\/p>\n","protected":false},"featured_media":115192,"template":"","meta":{"_acf_changed":false,"_uag_custom_page_level_css":""},"product_brand":[],"product_cat":[3162],"product_tag":[],"class_list":{"0":"post-115180","1":"product","2":"type-product","3":"status-publish","4":"has-post-thumbnail","6":"product_cat-downwind-uha-reihe","8":"first","9":"outofstock","10":"taxable","11":"shipping-taxable","12":"purchasable","13":"product-type-simple"},"acf":[],"yoast_head":"<!-- This site is optimized with the Yoast SEO plugin v25.1 - https:\/\/yoast.com\/wordpress\/plugins\/seo\/ -->\n<title>PADS &amp; STRAPS TWIN TIP - SROKA Watersports - Unternehmen<\/title>\n<meta name=\"description\" content=\"TWIN TIP PADS &amp; STRAPS von SROKA, die bequemsten Pads auf dem Markt.\" \/>\n<meta name=\"robots\" content=\"noindex, follow, max-snippet:-1, max-image-preview:large, max-video-preview:-1\" \/>\n<meta property=\"og:locale\" content=\"de_DE\" \/>\n<meta property=\"og:type\" content=\"article\" \/>\n<meta property=\"og:title\" content=\"PADS &amp; STRAPS TWIN TIP - SROKA Watersports - Unternehmen\" \/>\n<meta property=\"og:description\" content=\"TWIN TIP PADS &amp; STRAPS von SROKA, die bequemsten Pads auf dem Markt.\" \/>\n<meta property=\"og:url\" content=\"https:\/\/staging.srokafinal.lets-preprod.com\/de\/produit\/twin-tip-pads-und-riemen\/\" \/>\n<meta property=\"og:site_name\" content=\"SROKA Company\" \/>\n<meta property=\"article:publisher\" content=\"https:\/\/www.facebook.com\/srokawatersports\/\" \/>\n<meta property=\"article:modified_time\" content=\"2024-05-30T09:08:40+00:00\" \/>\n<meta property=\"og:image\" content=\"https:\/\/staging.srokafinal.lets-preprod.com\/wp-content\/uploads\/2017\/04\/footstraps_Twin_tip_SROKA.png\" \/>\n\t<meta property=\"og:image:width\" content=\"640\" \/>\n\t<meta property=\"og:image:height\" content=\"640\" \/>\n\t<meta property=\"og:image:type\" content=\"image\/png\" \/>\n<meta name=\"twitter:label1\" content=\"Gesch\u00e4tzte Lesezeit\" \/>\n\t<meta name=\"twitter:data1\" content=\"1\u00a0Minute\" \/>\n<script type=\"application\/ld+json\" class=\"yoast-schema-graph\">{\"@context\":\"https:\/\/schema.org\",\"@graph\":[{\"@type\":\"WebPage\",\"@id\":\"https:\/\/staging.srokafinal.lets-preprod.com\/de\/produit\/twin-tip-pads-und-riemen\/\",\"url\":\"https:\/\/staging.srokafinal.lets-preprod.com\/de\/produit\/twin-tip-pads-und-riemen\/\",\"name\":\"PADS & STRAPS TWIN TIP - SROKA Watersports - Unternehmen\",\"isPartOf\":{\"@id\":\"https:\/\/staging.srokafinal.lets-preprod.com\/de\/#website\"},\"primaryImageOfPage\":{\"@id\":\"https:\/\/staging.srokafinal.lets-preprod.com\/de\/produit\/twin-tip-pads-und-riemen\/#primaryimage\"},\"image\":{\"@id\":\"https:\/\/staging.srokafinal.lets-preprod.com\/de\/produit\/twin-tip-pads-und-riemen\/#primaryimage\"},\"thumbnailUrl\":\"https:\/\/staging.srokafinal.lets-preprod.com\/wp-content\/uploads\/2017\/04\/footstraps_Twin_tip_SROKA.png\",\"datePublished\":\"2017-04-24T05:30:54+00:00\",\"dateModified\":\"2024-05-30T09:08:40+00:00\",\"description\":\"TWIN TIP PADS & STRAPS von SROKA, die bequemsten Pads auf dem Markt.\",\"breadcrumb\":{\"@id\":\"https:\/\/staging.srokafinal.lets-preprod.com\/de\/produit\/twin-tip-pads-und-riemen\/#breadcrumb\"},\"inLanguage\":\"de\",\"potentialAction\":[{\"@type\":\"ReadAction\",\"target\":[\"https:\/\/staging.srokafinal.lets-preprod.com\/de\/produit\/twin-tip-pads-und-riemen\/\"]}]},{\"@type\":\"ImageObject\",\"inLanguage\":\"de\",\"@id\":\"https:\/\/staging.srokafinal.lets-preprod.com\/de\/produit\/twin-tip-pads-und-riemen\/#primaryimage\",\"url\":\"https:\/\/staging.srokafinal.lets-preprod.com\/wp-content\/uploads\/2017\/04\/footstraps_Twin_tip_SROKA.png\",\"contentUrl\":\"https:\/\/staging.srokafinal.lets-preprod.com\/wp-content\/uploads\/2017\/04\/footstraps_Twin_tip_SROKA.png\",\"width\":640,\"height\":640},{\"@type\":\"BreadcrumbList\",\"@id\":\"https:\/\/staging.srokafinal.lets-preprod.com\/de\/produit\/twin-tip-pads-und-riemen\/#breadcrumb\",\"itemListElement\":[{\"@type\":\"ListItem\",\"position\":1,\"name\":\"Accueil\",\"item\":\"https:\/\/staging.srokafinal.lets-preprod.com\/de\/\"},{\"@type\":\"ListItem\",\"position\":2,\"name\":\"Boutique\",\"item\":\"https:\/\/staging.srokafinal.lets-preprod.com\/boutique\/\"},{\"@type\":\"ListItem\",\"position\":3,\"name\":\"Twin-Tip-Pads und -Riemen\"}]},{\"@type\":\"WebSite\",\"@id\":\"https:\/\/staging.srokafinal.lets-preprod.com\/de\/#website\",\"url\":\"https:\/\/staging.srokafinal.lets-preprod.com\/de\/\",\"name\":\"SROKA Company\",\"description\":\"SUP, Kite, Foil, Wing\",\"publisher\":{\"@id\":\"https:\/\/staging.srokafinal.lets-preprod.com\/de\/#organization\"},\"potentialAction\":[{\"@type\":\"SearchAction\",\"target\":{\"@type\":\"EntryPoint\",\"urlTemplate\":\"https:\/\/staging.srokafinal.lets-preprod.com\/de\/?s={search_term_string}\"},\"query-input\":{\"@type\":\"PropertyValueSpecification\",\"valueRequired\":true,\"valueName\":\"search_term_string\"}}],\"inLanguage\":\"de\"},{\"@type\":\"Organization\",\"@id\":\"https:\/\/staging.srokafinal.lets-preprod.com\/de\/#organization\",\"name\":\"SROKACOMPANY\",\"alternateName\":\"SROKA\",\"url\":\"https:\/\/staging.srokafinal.lets-preprod.com\/de\/\",\"logo\":{\"@type\":\"ImageObject\",\"inLanguage\":\"de\",\"@id\":\"https:\/\/staging.srokafinal.lets-preprod.com\/de\/#\/schema\/logo\/image\/\",\"url\":\"https:\/\/staging.srokafinal.lets-preprod.com\/wp-content\/uploads\/2021\/01\/logo-sroka-black-transpa.png\",\"contentUrl\":\"https:\/\/staging.srokafinal.lets-preprod.com\/wp-content\/uploads\/2021\/01\/logo-sroka-black-transpa.png\",\"width\":1201,\"height\":342,\"caption\":\"SROKACOMPANY\"},\"image\":{\"@id\":\"https:\/\/staging.srokafinal.lets-preprod.com\/de\/#\/schema\/logo\/image\/\"},\"sameAs\":[\"https:\/\/www.facebook.com\/srokawatersports\/\",\"https:\/\/www.instagram.com\/srokawatersports\/\",\"https:\/\/www.youtube.com\/channel\/UCVLHHeaPIm-J5bdEUgxqtZA\"]}]}<\/script>\n<!-- \/ Yoast SEO plugin. -->","yoast_head_json":{"title":"PADS & STRAPS TWIN TIP - SROKA Watersports - Unternehmen","description":"TWIN TIP PADS & STRAPS von SROKA, die bequemsten Pads auf dem Markt.","robots":{"index":"noindex","follow":"follow","max-snippet":"max-snippet:-1","max-image-preview":"max-image-preview:large","max-video-preview":"max-video-preview:-1"},"og_locale":"de_DE","og_type":"article","og_title":"PADS & STRAPS TWIN TIP - SROKA Watersports - Unternehmen","og_description":"TWIN TIP PADS & STRAPS von SROKA, die bequemsten Pads auf dem Markt.","og_url":"https:\/\/staging.srokafinal.lets-preprod.com\/de\/produit\/twin-tip-pads-und-riemen\/","og_site_name":"SROKA Company","article_publisher":"https:\/\/www.facebook.com\/srokawatersports\/","article_modified_time":"2024-05-30T09:08:40+00:00","og_image":[{"width":640,"height":640,"url":"https:\/\/staging.srokafinal.lets-preprod.com\/wp-content\/uploads\/2017\/04\/footstraps_Twin_tip_SROKA.png","type":"image\/png"}],"twitter_misc":{"Gesch\u00e4tzte Lesezeit":"1\u00a0Minute"},"schema":{"@context":"https:\/\/schema.org","@graph":[{"@type":"WebPage","@id":"https:\/\/staging.srokafinal.lets-preprod.com\/de\/produit\/twin-tip-pads-und-riemen\/","url":"https:\/\/staging.srokafinal.lets-preprod.com\/de\/produit\/twin-tip-pads-und-riemen\/","name":"PADS & STRAPS TWIN TIP - SROKA Watersports - Unternehmen","isPartOf":{"@id":"https:\/\/staging.srokafinal.lets-preprod.com\/de\/#website"},"primaryImageOfPage":{"@id":"https:\/\/staging.srokafinal.lets-preprod.com\/de\/produit\/twin-tip-pads-und-riemen\/#primaryimage"},"image":{"@id":"https:\/\/staging.srokafinal.lets-preprod.com\/de\/produit\/twin-tip-pads-und-riemen\/#primaryimage"},"thumbnailUrl":"https:\/\/staging.srokafinal.lets-preprod.com\/wp-content\/uploads\/2017\/04\/footstraps_Twin_tip_SROKA.png","datePublished":"2017-04-24T05:30:54+00:00","dateModified":"2024-05-30T09:08:40+00:00","description":"TWIN TIP PADS & STRAPS von SROKA, die bequemsten Pads auf dem Markt.","breadcrumb":{"@id":"https:\/\/staging.srokafinal.lets-preprod.com\/de\/produit\/twin-tip-pads-und-riemen\/#breadcrumb"},"inLanguage":"de","potentialAction":[{"@type":"ReadAction","target":["https:\/\/staging.srokafinal.lets-preprod.com\/de\/produit\/twin-tip-pads-und-riemen\/"]}]},{"@type":"ImageObject","inLanguage":"de","@id":"https:\/\/staging.srokafinal.lets-preprod.com\/de\/produit\/twin-tip-pads-und-riemen\/#primaryimage","url":"https:\/\/staging.srokafinal.lets-preprod.com\/wp-content\/uploads\/2017\/04\/footstraps_Twin_tip_SROKA.png","contentUrl":"https:\/\/staging.srokafinal.lets-preprod.com\/wp-content\/uploads\/2017\/04\/footstraps_Twin_tip_SROKA.png","width":640,"height":640},{"@type":"BreadcrumbList","@id":"https:\/\/staging.srokafinal.lets-preprod.com\/de\/produit\/twin-tip-pads-und-riemen\/#breadcrumb","itemListElement":[{"@type":"ListItem","position":1,"name":"Accueil","item":"https:\/\/staging.srokafinal.lets-preprod.com\/de\/"},{"@type":"ListItem","position":2,"name":"Boutique","item":"https:\/\/staging.srokafinal.lets-preprod.com\/boutique\/"},{"@type":"ListItem","position":3,"name":"Twin-Tip-Pads und -Riemen"}]},{"@type":"WebSite","@id":"https:\/\/staging.srokafinal.lets-preprod.com\/de\/#website","url":"https:\/\/staging.srokafinal.lets-preprod.com\/de\/","name":"SROKA Company","description":"SUP, Kite, Foil, Wing","publisher":{"@id":"https:\/\/staging.srokafinal.lets-preprod.com\/de\/#organization"},"potentialAction":[{"@type":"SearchAction","target":{"@type":"EntryPoint","urlTemplate":"https:\/\/staging.srokafinal.lets-preprod.com\/de\/?s={search_term_string}"},"query-input":{"@type":"PropertyValueSpecification","valueRequired":true,"valueName":"search_term_string"}}],"inLanguage":"de"},{"@type":"Organization","@id":"https:\/\/staging.srokafinal.lets-preprod.com\/de\/#organization","name":"SROKACOMPANY","alternateName":"SROKA","url":"https:\/\/staging.srokafinal.lets-preprod.com\/de\/","logo":{"@type":"ImageObject","inLanguage":"de","@id":"https:\/\/staging.srokafinal.lets-preprod.com\/de\/#\/schema\/logo\/image\/","url":"https:\/\/staging.srokafinal.lets-preprod.com\/wp-content\/uploads\/2021\/01\/logo-sroka-black-transpa.png","contentUrl":"https:\/\/staging.srokafinal.lets-preprod.com\/wp-content\/uploads\/2021\/01\/logo-sroka-black-transpa.png","width":1201,"height":342,"caption":"SROKACOMPANY"},"image":{"@id":"https:\/\/staging.srokafinal.lets-preprod.com\/de\/#\/schema\/logo\/image\/"},"sameAs":["https:\/\/www.facebook.com\/srokawatersports\/","https:\/\/www.instagram.com\/srokawatersports\/","https:\/\/www.youtube.com\/channel\/UCVLHHeaPIm-J5bdEUgxqtZA"]}]}},"uagb_featured_image_src":{"full":["https:\/\/staging.srokafinal.lets-preprod.com\/wp-content\/uploads\/2017\/04\/footstraps_Twin_tip_SROKA.png",640,640,false],"thumbnail":["https:\/\/staging.srokafinal.lets-preprod.com\/wp-content\/uploads\/2017\/04\/footstraps_Twin_tip_SROKA-150x150.png",150,150,true],"medium":["https:\/\/staging.srokafinal.lets-preprod.com\/wp-content\/uploads\/2017\/04\/footstraps_Twin_tip_SROKA-300x300.png",300,300,true],"medium_large":["https:\/\/staging.srokafinal.lets-preprod.com\/wp-content\/uploads\/2017\/04\/footstraps_Twin_tip_SROKA.png",640,640,false],"large":["https:\/\/staging.srokafinal.lets-preprod.com\/wp-content\/uploads\/2017\/04\/footstraps_Twin_tip_SROKA.png",640,640,false],"1536x1536":["https:\/\/staging.srokafinal.lets-preprod.com\/wp-content\/uploads\/2017\/04\/footstraps_Twin_tip_SROKA.png",640,640,false],"2048x2048":["https:\/\/staging.srokafinal.lets-preprod.com\/wp-content\/uploads\/2017\/04\/footstraps_Twin_tip_SROKA.png",640,640,false],"woocommerce_thumbnail":["https:\/\/staging.srokafinal.lets-preprod.com\/wp-content\/uploads\/2017\/04\/footstraps_Twin_tip_SROKA-600x600.png",600,600,true],"woocommerce_single":["https:\/\/staging.srokafinal.lets-preprod.com\/wp-content\/uploads\/2017\/04\/footstraps_Twin_tip_SROKA-600x600.png",600,600,true],"woocommerce_gallery_thumbnail":["https:\/\/staging.srokafinal.lets-preprod.com\/wp-content\/uploads\/2017\/04\/footstraps_Twin_tip_SROKA-100x100.png",100,100,true]},"uagb_author_info":{"display_name":"matthieumilliot_xd7qukoc","author_link":"https:\/\/staging.srokafinal.lets-preprod.com\/de\/blog\/author\/"},"uagb_comment_info":0,"uagb_excerpt":"SROKA-Fu\u00dfschlaufen und -Polster wurden entwickelt, um maximalen Komfort beim Segeln zu bieten. Die SROKA-Fu\u00dfpolster geh\u00f6ren zu den bequemsten auf dem Markt mit ihrem saugf\u00e4higen Schaumstoff, der die Erinnerung an die Form bewahrt. Asymmetrisch passt es sich beiden F\u00fc\u00dfen an. Der Verstellriemen erm\u00f6glicht eine ideale Passform und einen guten Halt des Ganzen f\u00fcr maximale Reaktionsf\u00e4higkeit Ihres&hellip;","_links":{"self":[{"href":"https:\/\/staging.srokafinal.lets-preprod.com\/de\/wp-json\/wp\/v2\/product\/115180","targetHints":{"allow":["GET"]}}],"collection":[{"href":"https:\/\/staging.srokafinal.lets-preprod.com\/de\/wp-json\/wp\/v2\/product"}],"about":[{"href":"https:\/\/staging.srokafinal.lets-preprod.com\/de\/wp-json\/wp\/v2\/types\/product"}],"wp:featuredmedia":[{"embeddable":true,"href":"https:\/\/staging.srokafinal.lets-preprod.com\/de\/wp-json\/wp\/v2\/media\/115192"}],"wp:attachment":[{"href":"https:\/\/staging.srokafinal.lets-preprod.com\/de\/wp-json\/wp\/v2\/media?parent=115180"}],"wp:term":[{"taxonomy":"product_brand","embeddable":true,"href":"https:\/\/staging.srokafinal.lets-preprod.com\/de\/wp-json\/wp\/v2\/product_brand?post=115180"},{"taxonomy":"product_cat","embeddable":true,"href":"https:\/\/staging.srokafinal.lets-preprod.com\/de\/wp-json\/wp\/v2\/product_cat?post=115180"},{"taxonomy":"product_tag","embeddable":true,"href":"https:\/\/staging.srokafinal.lets-preprod.com\/de\/wp-json\/wp\/v2\/product_tag?post=115180"}],"curies":[{"name":"wp","href":"https:\/\/api.w.org\/{rel}","templated":true}]}}