


{"id":115182,"date":"2018-01-16T14:27:50","date_gmt":"2018-01-16T12:27:50","guid":{"rendered":"https:\/\/srokacompany.com\/produit\/leine-spule-10\/"},"modified":"2024-05-30T09:09:04","modified_gmt":"2024-05-30T09:09:04","slug":"leine-spule-10","status":"publish","type":"product","link":"https:\/\/staging.srokafinal.lets-preprod.com\/de\/produit\/leine-spule-10\/","title":{"rendered":"Leine Spule 10&#8242;"},"content":{"rendered":"<hr>\n<h1>10&#8242; Leash f\u00fcr SUP und Wingfoil<\/h1>\n<p>Wir bieten eine Reihe von Leinenspulen (Telefon) in verschiedenen Farben (Schwarz, Wei\u00df, Rot, Blau und Gr\u00fcn) an. Wir haben besonders auf die Qualit\u00e4t der Leine mit einem Durchmesser von 8mm und einem sch\u00f6nen Finish geachtet. Diese <strong>10&#8242; SUP Leash<\/strong> wurde von Bruno SROKA in der Bretagne erfolgreich unter allen Bedingungen getestet. Die Leine sollte f\u00fcr eine optimale Nutzung auf Kn\u00f6chelh\u00f6he am hinteren Fu\u00df positioniert werden.<\/p>\n<p>Kompatibel mit Stand Up Paddle und Foil. Entdecken Sie unsere ganze Welt von <a href=\"https:\/\/srokacompany.com\/eshop\/planche-wing-foil\/\">Foil<\/a><a href=\"https:\/\/srokacompany.com\/news-sroka\/\">, Tutorials<\/a> und <a href=\"https:\/\/srokacompany.com\/produit\/stand-up-paddle-tandem-duo-windsup\/\">aufblasbarem SUP<\/a>, indem Sie auf die Links klicken!<\/p>\n","protected":false},"excerpt":{"rendered":"<p>10&#8242; Leash f\u00fcr SUP und Wingfoil Wir bieten eine Reihe von Leinenspulen (Telefon) in verschiedenen Farben (Schwarz, Wei\u00df, Rot, Blau und Gr\u00fcn) an. Wir haben besonders auf die Qualit\u00e4t der Leine mit einem Durchmesser von 8mm und einem sch\u00f6nen Finish geachtet. Diese 10&#8242; SUP Leash wurde von Bruno SROKA in der Bretagne erfolgreich unter allen [&hellip;]<\/p>\n","protected":false},"featured_media":115196,"template":"","meta":{"_acf_changed":false,"_uag_custom_page_level_css":""},"product_brand":[],"product_cat":[2784,2815,2818,2773,2812],"product_tag":[],"class_list":{"0":"post-115182","1":"product","2":"type-product","3":"status-publish","4":"has-post-thumbnail","6":"product_cat-flugel-foil","7":"product_cat-folien-zubehor","8":"product_cat-surf-foil-zubehor","9":"product_cat-aufblasbare-paddel","10":"product_cat-paddel-zubehor","11":"product_shipping_class-kleiner-versand","12":"pa_couleur-black","13":"pa_couleur-blue","14":"pa_couleur-green","15":"pa_couleur-red","16":"pa_couleur-white","18":"first","19":"instock","20":"taxable","21":"shipping-taxable","22":"purchasable","23":"product-type-variable","24":"has-default-attributes"},"acf":[],"yoast_head":"<!-- This site is optimized with the Yoast SEO plugin v25.1 - https:\/\/yoast.com\/wordpress\/plugins\/seo\/ -->\n<title>Leine Spule 10&#039; - SROKA Company - Stand Up Paddle Zubeh\u00f6r<\/title>\n<meta name=\"description\" content=\"Diese 10&#039; Coiled Leash f\u00fcr SUP eignet sich perfekt f\u00fcr Stand Up Paddle, Surfen und Foilen. Durchmesser 8mm und 4 Farben.\" \/>\n<meta name=\"robots\" content=\"noindex, follow, max-snippet:-1, max-image-preview:large, max-video-preview:-1\" \/>\n<meta property=\"og:locale\" content=\"de_DE\" \/>\n<meta property=\"og:type\" content=\"article\" \/>\n<meta property=\"og:title\" content=\"Leine Spule 10&#039; - SROKA Company - Stand Up Paddle Zubeh\u00f6r\" \/>\n<meta property=\"og:description\" content=\"Diese 10&#039; Coiled Leash f\u00fcr SUP eignet sich perfekt f\u00fcr Stand Up Paddle, Surfen und Foilen. Durchmesser 8mm und 4 Farben.\" \/>\n<meta property=\"og:url\" content=\"https:\/\/staging.srokafinal.lets-preprod.com\/de\/produit\/leine-spule-10\/\" \/>\n<meta property=\"og:site_name\" content=\"SROKA Company\" \/>\n<meta property=\"article:publisher\" content=\"https:\/\/www.facebook.com\/srokawatersports\/\" \/>\n<meta property=\"article:modified_time\" content=\"2024-05-30T09:09:04+00:00\" \/>\n<meta property=\"og:image\" content=\"https:\/\/staging.srokafinal.lets-preprod.com\/wp-content\/uploads\/2018\/01\/full-set-coiled-leash-10-sketch.jpg\" \/>\n\t<meta property=\"og:image:width\" content=\"780\" \/>\n\t<meta property=\"og:image:height\" content=\"1040\" \/>\n\t<meta property=\"og:image:type\" content=\"image\/jpeg\" \/>\n<meta name=\"twitter:label1\" content=\"Gesch\u00e4tzte Lesezeit\" \/>\n\t<meta name=\"twitter:data1\" content=\"1\u00a0Minute\" \/>\n<script type=\"application\/ld+json\" class=\"yoast-schema-graph\">{\"@context\":\"https:\/\/schema.org\",\"@graph\":[{\"@type\":\"WebPage\",\"@id\":\"https:\/\/staging.srokafinal.lets-preprod.com\/de\/produit\/leine-spule-10\/\",\"url\":\"https:\/\/staging.srokafinal.lets-preprod.com\/de\/produit\/leine-spule-10\/\",\"name\":\"Leine Spule 10' - SROKA Company - Stand Up Paddle Zubeh\u00f6r\",\"isPartOf\":{\"@id\":\"https:\/\/staging.srokafinal.lets-preprod.com\/de\/#website\"},\"primaryImageOfPage\":{\"@id\":\"https:\/\/staging.srokafinal.lets-preprod.com\/de\/produit\/leine-spule-10\/#primaryimage\"},\"image\":{\"@id\":\"https:\/\/staging.srokafinal.lets-preprod.com\/de\/produit\/leine-spule-10\/#primaryimage\"},\"thumbnailUrl\":\"https:\/\/staging.srokafinal.lets-preprod.com\/wp-content\/uploads\/2018\/01\/full-set-coiled-leash-10-sketch.jpg\",\"datePublished\":\"2018-01-16T12:27:50+00:00\",\"dateModified\":\"2024-05-30T09:09:04+00:00\",\"description\":\"Diese 10' Coiled Leash f\u00fcr SUP eignet sich perfekt f\u00fcr Stand Up Paddle, Surfen und Foilen. Durchmesser 8mm und 4 Farben.\",\"breadcrumb\":{\"@id\":\"https:\/\/staging.srokafinal.lets-preprod.com\/de\/produit\/leine-spule-10\/#breadcrumb\"},\"inLanguage\":\"de\",\"potentialAction\":[{\"@type\":\"ReadAction\",\"target\":[\"https:\/\/staging.srokafinal.lets-preprod.com\/de\/produit\/leine-spule-10\/\"]}]},{\"@type\":\"ImageObject\",\"inLanguage\":\"de\",\"@id\":\"https:\/\/staging.srokafinal.lets-preprod.com\/de\/produit\/leine-spule-10\/#primaryimage\",\"url\":\"https:\/\/staging.srokafinal.lets-preprod.com\/wp-content\/uploads\/2018\/01\/full-set-coiled-leash-10-sketch.jpg\",\"contentUrl\":\"https:\/\/staging.srokafinal.lets-preprod.com\/wp-content\/uploads\/2018\/01\/full-set-coiled-leash-10-sketch.jpg\",\"width\":780,\"height\":1040,\"caption\":\"Ultrastarke 10' Spiralleine\"},{\"@type\":\"BreadcrumbList\",\"@id\":\"https:\/\/staging.srokafinal.lets-preprod.com\/de\/produit\/leine-spule-10\/#breadcrumb\",\"itemListElement\":[{\"@type\":\"ListItem\",\"position\":1,\"name\":\"Accueil\",\"item\":\"https:\/\/staging.srokafinal.lets-preprod.com\/de\/\"},{\"@type\":\"ListItem\",\"position\":2,\"name\":\"Boutique\",\"item\":\"https:\/\/staging.srokafinal.lets-preprod.com\/boutique\/\"},{\"@type\":\"ListItem\",\"position\":3,\"name\":\"Leine Spule 10&#8242;\"}]},{\"@type\":\"WebSite\",\"@id\":\"https:\/\/staging.srokafinal.lets-preprod.com\/de\/#website\",\"url\":\"https:\/\/staging.srokafinal.lets-preprod.com\/de\/\",\"name\":\"SROKA Company\",\"description\":\"SUP, Kite, Foil, Wing\",\"publisher\":{\"@id\":\"https:\/\/staging.srokafinal.lets-preprod.com\/de\/#organization\"},\"potentialAction\":[{\"@type\":\"SearchAction\",\"target\":{\"@type\":\"EntryPoint\",\"urlTemplate\":\"https:\/\/staging.srokafinal.lets-preprod.com\/de\/?s={search_term_string}\"},\"query-input\":{\"@type\":\"PropertyValueSpecification\",\"valueRequired\":true,\"valueName\":\"search_term_string\"}}],\"inLanguage\":\"de\"},{\"@type\":\"Organization\",\"@id\":\"https:\/\/staging.srokafinal.lets-preprod.com\/de\/#organization\",\"name\":\"SROKACOMPANY\",\"alternateName\":\"SROKA\",\"url\":\"https:\/\/staging.srokafinal.lets-preprod.com\/de\/\",\"logo\":{\"@type\":\"ImageObject\",\"inLanguage\":\"de\",\"@id\":\"https:\/\/staging.srokafinal.lets-preprod.com\/de\/#\/schema\/logo\/image\/\",\"url\":\"https:\/\/staging.srokafinal.lets-preprod.com\/wp-content\/uploads\/2021\/01\/logo-sroka-black-transpa.png\",\"contentUrl\":\"https:\/\/staging.srokafinal.lets-preprod.com\/wp-content\/uploads\/2021\/01\/logo-sroka-black-transpa.png\",\"width\":1201,\"height\":342,\"caption\":\"SROKACOMPANY\"},\"image\":{\"@id\":\"https:\/\/staging.srokafinal.lets-preprod.com\/de\/#\/schema\/logo\/image\/\"},\"sameAs\":[\"https:\/\/www.facebook.com\/srokawatersports\/\",\"https:\/\/www.instagram.com\/srokawatersports\/\",\"https:\/\/www.youtube.com\/channel\/UCVLHHeaPIm-J5bdEUgxqtZA\"]}]}<\/script>\n<!-- \/ Yoast SEO plugin. -->","yoast_head_json":{"title":"Leine Spule 10' - SROKA Company - Stand Up Paddle Zubeh\u00f6r","description":"Diese 10' Coiled Leash f\u00fcr SUP eignet sich perfekt f\u00fcr Stand Up Paddle, Surfen und Foilen. Durchmesser 8mm und 4 Farben.","robots":{"index":"noindex","follow":"follow","max-snippet":"max-snippet:-1","max-image-preview":"max-image-preview:large","max-video-preview":"max-video-preview:-1"},"og_locale":"de_DE","og_type":"article","og_title":"Leine Spule 10' - SROKA Company - Stand Up Paddle Zubeh\u00f6r","og_description":"Diese 10' Coiled Leash f\u00fcr SUP eignet sich perfekt f\u00fcr Stand Up Paddle, Surfen und Foilen. Durchmesser 8mm und 4 Farben.","og_url":"https:\/\/staging.srokafinal.lets-preprod.com\/de\/produit\/leine-spule-10\/","og_site_name":"SROKA Company","article_publisher":"https:\/\/www.facebook.com\/srokawatersports\/","article_modified_time":"2024-05-30T09:09:04+00:00","og_image":[{"width":780,"height":1040,"url":"https:\/\/staging.srokafinal.lets-preprod.com\/wp-content\/uploads\/2018\/01\/full-set-coiled-leash-10-sketch.jpg","type":"image\/jpeg"}],"twitter_misc":{"Gesch\u00e4tzte Lesezeit":"1\u00a0Minute"},"schema":{"@context":"https:\/\/schema.org","@graph":[{"@type":"WebPage","@id":"https:\/\/staging.srokafinal.lets-preprod.com\/de\/produit\/leine-spule-10\/","url":"https:\/\/staging.srokafinal.lets-preprod.com\/de\/produit\/leine-spule-10\/","name":"Leine Spule 10' - SROKA Company - Stand Up Paddle Zubeh\u00f6r","isPartOf":{"@id":"https:\/\/staging.srokafinal.lets-preprod.com\/de\/#website"},"primaryImageOfPage":{"@id":"https:\/\/staging.srokafinal.lets-preprod.com\/de\/produit\/leine-spule-10\/#primaryimage"},"image":{"@id":"https:\/\/staging.srokafinal.lets-preprod.com\/de\/produit\/leine-spule-10\/#primaryimage"},"thumbnailUrl":"https:\/\/staging.srokafinal.lets-preprod.com\/wp-content\/uploads\/2018\/01\/full-set-coiled-leash-10-sketch.jpg","datePublished":"2018-01-16T12:27:50+00:00","dateModified":"2024-05-30T09:09:04+00:00","description":"Diese 10' Coiled Leash f\u00fcr SUP eignet sich perfekt f\u00fcr Stand Up Paddle, Surfen und Foilen. Durchmesser 8mm und 4 Farben.","breadcrumb":{"@id":"https:\/\/staging.srokafinal.lets-preprod.com\/de\/produit\/leine-spule-10\/#breadcrumb"},"inLanguage":"de","potentialAction":[{"@type":"ReadAction","target":["https:\/\/staging.srokafinal.lets-preprod.com\/de\/produit\/leine-spule-10\/"]}]},{"@type":"ImageObject","inLanguage":"de","@id":"https:\/\/staging.srokafinal.lets-preprod.com\/de\/produit\/leine-spule-10\/#primaryimage","url":"https:\/\/staging.srokafinal.lets-preprod.com\/wp-content\/uploads\/2018\/01\/full-set-coiled-leash-10-sketch.jpg","contentUrl":"https:\/\/staging.srokafinal.lets-preprod.com\/wp-content\/uploads\/2018\/01\/full-set-coiled-leash-10-sketch.jpg","width":780,"height":1040,"caption":"Ultrastarke 10' Spiralleine"},{"@type":"BreadcrumbList","@id":"https:\/\/staging.srokafinal.lets-preprod.com\/de\/produit\/leine-spule-10\/#breadcrumb","itemListElement":[{"@type":"ListItem","position":1,"name":"Accueil","item":"https:\/\/staging.srokafinal.lets-preprod.com\/de\/"},{"@type":"ListItem","position":2,"name":"Boutique","item":"https:\/\/staging.srokafinal.lets-preprod.com\/boutique\/"},{"@type":"ListItem","position":3,"name":"Leine Spule 10&#8242;"}]},{"@type":"WebSite","@id":"https:\/\/staging.srokafinal.lets-preprod.com\/de\/#website","url":"https:\/\/staging.srokafinal.lets-preprod.com\/de\/","name":"SROKA Company","description":"SUP, Kite, Foil, Wing","publisher":{"@id":"https:\/\/staging.srokafinal.lets-preprod.com\/de\/#organization"},"potentialAction":[{"@type":"SearchAction","target":{"@type":"EntryPoint","urlTemplate":"https:\/\/staging.srokafinal.lets-preprod.com\/de\/?s={search_term_string}"},"query-input":{"@type":"PropertyValueSpecification","valueRequired":true,"valueName":"search_term_string"}}],"inLanguage":"de"},{"@type":"Organization","@id":"https:\/\/staging.srokafinal.lets-preprod.com\/de\/#organization","name":"SROKACOMPANY","alternateName":"SROKA","url":"https:\/\/staging.srokafinal.lets-preprod.com\/de\/","logo":{"@type":"ImageObject","inLanguage":"de","@id":"https:\/\/staging.srokafinal.lets-preprod.com\/de\/#\/schema\/logo\/image\/","url":"https:\/\/staging.srokafinal.lets-preprod.com\/wp-content\/uploads\/2021\/01\/logo-sroka-black-transpa.png","contentUrl":"https:\/\/staging.srokafinal.lets-preprod.com\/wp-content\/uploads\/2021\/01\/logo-sroka-black-transpa.png","width":1201,"height":342,"caption":"SROKACOMPANY"},"image":{"@id":"https:\/\/staging.srokafinal.lets-preprod.com\/de\/#\/schema\/logo\/image\/"},"sameAs":["https:\/\/www.facebook.com\/srokawatersports\/","https:\/\/www.instagram.com\/srokawatersports\/","https:\/\/www.youtube.com\/channel\/UCVLHHeaPIm-J5bdEUgxqtZA"]}]}},"uagb_featured_image_src":{"full":["https:\/\/staging.srokafinal.lets-preprod.com\/wp-content\/uploads\/2018\/01\/full-set-coiled-leash-10-sketch.jpg",780,1040,false],"thumbnail":["https:\/\/staging.srokafinal.lets-preprod.com\/wp-content\/uploads\/2018\/01\/full-set-coiled-leash-10-sketch-150x150.jpg",150,150,true],"medium":["https:\/\/staging.srokafinal.lets-preprod.com\/wp-content\/uploads\/2018\/01\/full-set-coiled-leash-10-sketch-225x300.jpg",225,300,true],"medium_large":["https:\/\/staging.srokafinal.lets-preprod.com\/wp-content\/uploads\/2018\/01\/full-set-coiled-leash-10-sketch-768x1024.jpg",768,1024,true],"large":["https:\/\/staging.srokafinal.lets-preprod.com\/wp-content\/uploads\/2018\/01\/full-set-coiled-leash-10-sketch-768x1024.jpg",768,1024,true],"1536x1536":["https:\/\/staging.srokafinal.lets-preprod.com\/wp-content\/uploads\/2018\/01\/full-set-coiled-leash-10-sketch.jpg",780,1040,false],"2048x2048":["https:\/\/staging.srokafinal.lets-preprod.com\/wp-content\/uploads\/2018\/01\/full-set-coiled-leash-10-sketch.jpg",780,1040,false],"woocommerce_thumbnail":["https:\/\/staging.srokafinal.lets-preprod.com\/wp-content\/uploads\/2018\/01\/full-set-coiled-leash-10-sketch-600x800.jpg",600,800,true],"woocommerce_single":["https:\/\/staging.srokafinal.lets-preprod.com\/wp-content\/uploads\/2018\/01\/full-set-coiled-leash-10-sketch-600x800.jpg",600,800,true],"woocommerce_gallery_thumbnail":["https:\/\/staging.srokafinal.lets-preprod.com\/wp-content\/uploads\/2018\/01\/full-set-coiled-leash-10-sketch-100x100.jpg",100,100,true]},"uagb_author_info":{"display_name":"Bruno Sroka","author_link":"https:\/\/staging.srokafinal.lets-preprod.com\/de\/blog\/author\/"},"uagb_comment_info":0,"uagb_excerpt":"10&#8242; Leash f\u00fcr SUP und Wingfoil Wir bieten eine Reihe von Leinenspulen (Telefon) in verschiedenen Farben (Schwarz, Wei\u00df, Rot, Blau und Gr\u00fcn) an. Wir haben besonders auf die Qualit\u00e4t der Leine mit einem Durchmesser von 8mm und einem sch\u00f6nen Finish geachtet. Diese 10&#8242; SUP Leash wurde von Bruno SROKA in der Bretagne erfolgreich unter allen&hellip;","_links":{"self":[{"href":"https:\/\/staging.srokafinal.lets-preprod.com\/de\/wp-json\/wp\/v2\/product\/115182","targetHints":{"allow":["GET"]}}],"collection":[{"href":"https:\/\/staging.srokafinal.lets-preprod.com\/de\/wp-json\/wp\/v2\/product"}],"about":[{"href":"https:\/\/staging.srokafinal.lets-preprod.com\/de\/wp-json\/wp\/v2\/types\/product"}],"wp:featuredmedia":[{"embeddable":true,"href":"https:\/\/staging.srokafinal.lets-preprod.com\/de\/wp-json\/wp\/v2\/media\/115196"}],"wp:attachment":[{"href":"https:\/\/staging.srokafinal.lets-preprod.com\/de\/wp-json\/wp\/v2\/media?parent=115182"}],"wp:term":[{"taxonomy":"product_brand","embeddable":true,"href":"https:\/\/staging.srokafinal.lets-preprod.com\/de\/wp-json\/wp\/v2\/product_brand?post=115182"},{"taxonomy":"product_cat","embeddable":true,"href":"https:\/\/staging.srokafinal.lets-preprod.com\/de\/wp-json\/wp\/v2\/product_cat?post=115182"},{"taxonomy":"product_tag","embeddable":true,"href":"https:\/\/staging.srokafinal.lets-preprod.com\/de\/wp-json\/wp\/v2\/product_tag?post=115182"}],"curies":[{"name":"wp","href":"https:\/\/api.w.org\/{rel}","templated":true}]}}