


{"id":115211,"date":"2018-10-31T13:49:31","date_gmt":"2018-10-31T11:49:31","guid":{"rendered":"https:\/\/srokacompany.com\/produit\/schutzhuelle-fuer-montierten-kitefoil\/"},"modified":"2024-05-30T09:11:43","modified_gmt":"2024-05-30T09:11:43","slug":"schutzhuelle-fuer-montierten-kitefoil","status":"publish","type":"product","link":"https:\/\/staging.srokafinal.lets-preprod.com\/de\/produit\/schutzhuelle-fuer-montierten-kitefoil\/","title":{"rendered":"Schutzh\u00fclle f\u00fcr montierten Kitefoil"},"content":{"rendered":"<hr>\n<h2><strong>SCHUTZH\u00dcLLE F\u00dcR KITEFOIL MONTIERT<\/strong><\/h2>\n<p>Um Ihre am Flugzeug montierte Folie vor Ort zu sch\u00fctzen, bietet Ihnen diese H\u00fclle die Materialien, die Ihre Folie verdient. Seine robuste Konstruktion ist darauf ausgelegt, St\u00f6\u00dfe zu absorbieren und verhindert dank seiner Polsterung und reflektierenden Oberfl\u00e4che eine \u00dcberhitzung des Materials in der Sonne.<\/p>\n<p><a href=\"https:\/\/srokacompany.com\/caracteristiques-techniques-des-ailes-de-foil-sroka\/\">Die Abmessungen der Foilfl\u00fcgel finden Sie hier.  <\/a><\/p>\n<p>Diese Abdeckung ist mit allen Kitefoil-Kites au\u00dfer dem<a href=\"https:\/\/srokacompany.com\/produit\/pack-ailettes-k-foil-k950-xxl-stabilisateur\/\"> K950<\/a> kompatibel. Verwenden Sie daf\u00fcr die <a href=\"https:\/\/srokacompany.com\/produit\/housse-de-protection-pour-windfoil-assemble\/\">Windfolienabdeckung, die unter diesem Link verf\u00fcgbar ist.<\/a><\/p>\n","protected":false},"excerpt":{"rendered":"<p>SCHUTZH\u00dcLLE F\u00dcR KITEFOIL MONTIERT Um Ihre am Flugzeug montierte Folie vor Ort zu sch\u00fctzen, bietet Ihnen diese H\u00fclle die Materialien, die Ihre Folie verdient. Seine robuste Konstruktion ist darauf ausgelegt, St\u00f6\u00dfe zu absorbieren und verhindert dank seiner Polsterung und reflektierenden Oberfl\u00e4che eine \u00dcberhitzung des Materials in der Sonne. Die Abmessungen der Foilfl\u00fcgel finden Sie hier. [&hellip;]<\/p>\n","protected":false},"featured_media":115238,"template":"","meta":{"_acf_changed":false,"_uag_custom_page_level_css":""},"product_brand":[],"product_cat":[3162],"product_tag":[],"class_list":{"0":"post-115211","1":"product","2":"type-product","3":"status-publish","4":"has-post-thumbnail","6":"product_cat-downwind-uha-reihe","8":"first","9":"outofstock","10":"taxable","11":"shipping-taxable","12":"purchasable","13":"product-type-simple"},"acf":[],"yoast_head":"<!-- This site is optimized with the Yoast SEO plugin v25.1 - https:\/\/yoast.com\/wordpress\/plugins\/seo\/ -->\n<title>Schutzh\u00fclle f\u00fcr montierten Kitefoil - SROKA Company<\/title>\n<meta name=\"description\" content=\"Die Kitefoil-Schutzh\u00fclle ist f\u00fcr Ihre Reisen unverzichtbar. Sch\u00fctzen Sie Ihr Flugzeug und vereinfachen Sie Ihr Leben vor Ort!\" \/>\n<meta name=\"robots\" content=\"noindex, follow, max-snippet:-1, max-image-preview:large, max-video-preview:-1\" \/>\n<meta property=\"og:locale\" content=\"de_DE\" \/>\n<meta property=\"og:type\" content=\"article\" \/>\n<meta property=\"og:title\" content=\"Schutzh\u00fclle f\u00fcr montierten Kitefoil - SROKA Company\" \/>\n<meta property=\"og:description\" content=\"Die Kitefoil-Schutzh\u00fclle ist f\u00fcr Ihre Reisen unverzichtbar. Sch\u00fctzen Sie Ihr Flugzeug und vereinfachen Sie Ihr Leben vor Ort!\" \/>\n<meta property=\"og:url\" content=\"https:\/\/staging.srokafinal.lets-preprod.com\/de\/produit\/schutzhuelle-fuer-montierten-kitefoil\/\" \/>\n<meta property=\"og:site_name\" content=\"SROKA Company\" \/>\n<meta property=\"article:publisher\" content=\"https:\/\/www.facebook.com\/srokawatersports\/\" \/>\n<meta property=\"article:modified_time\" content=\"2024-05-30T09:11:43+00:00\" \/>\n<meta property=\"og:image\" content=\"https:\/\/staging.srokafinal.lets-preprod.com\/wp-content\/uploads\/2018\/10\/kitefoil-housse-sroka-2.jpg\" \/>\n\t<meta property=\"og:image:width\" content=\"780\" \/>\n\t<meta property=\"og:image:height\" content=\"1040\" \/>\n\t<meta property=\"og:image:type\" content=\"image\/jpeg\" \/>\n<script type=\"application\/ld+json\" class=\"yoast-schema-graph\">{\"@context\":\"https:\/\/schema.org\",\"@graph\":[{\"@type\":\"WebPage\",\"@id\":\"https:\/\/staging.srokafinal.lets-preprod.com\/de\/produit\/schutzhuelle-fuer-montierten-kitefoil\/\",\"url\":\"https:\/\/staging.srokafinal.lets-preprod.com\/de\/produit\/schutzhuelle-fuer-montierten-kitefoil\/\",\"name\":\"Schutzh\u00fclle f\u00fcr montierten Kitefoil - SROKA Company\",\"isPartOf\":{\"@id\":\"https:\/\/staging.srokafinal.lets-preprod.com\/de\/#website\"},\"primaryImageOfPage\":{\"@id\":\"https:\/\/staging.srokafinal.lets-preprod.com\/de\/produit\/schutzhuelle-fuer-montierten-kitefoil\/#primaryimage\"},\"image\":{\"@id\":\"https:\/\/staging.srokafinal.lets-preprod.com\/de\/produit\/schutzhuelle-fuer-montierten-kitefoil\/#primaryimage\"},\"thumbnailUrl\":\"https:\/\/staging.srokafinal.lets-preprod.com\/wp-content\/uploads\/2018\/10\/kitefoil-housse-sroka-2.jpg\",\"datePublished\":\"2018-10-31T11:49:31+00:00\",\"dateModified\":\"2024-05-30T09:11:43+00:00\",\"description\":\"Die Kitefoil-Schutzh\u00fclle ist f\u00fcr Ihre Reisen unverzichtbar. Sch\u00fctzen Sie Ihr Flugzeug und vereinfachen Sie Ihr Leben vor Ort!\",\"breadcrumb\":{\"@id\":\"https:\/\/staging.srokafinal.lets-preprod.com\/de\/produit\/schutzhuelle-fuer-montierten-kitefoil\/#breadcrumb\"},\"inLanguage\":\"de\",\"potentialAction\":[{\"@type\":\"ReadAction\",\"target\":[\"https:\/\/staging.srokafinal.lets-preprod.com\/de\/produit\/schutzhuelle-fuer-montierten-kitefoil\/\"]}]},{\"@type\":\"ImageObject\",\"inLanguage\":\"de\",\"@id\":\"https:\/\/staging.srokafinal.lets-preprod.com\/de\/produit\/schutzhuelle-fuer-montierten-kitefoil\/#primaryimage\",\"url\":\"https:\/\/staging.srokafinal.lets-preprod.com\/wp-content\/uploads\/2018\/10\/kitefoil-housse-sroka-2.jpg\",\"contentUrl\":\"https:\/\/staging.srokafinal.lets-preprod.com\/wp-content\/uploads\/2018\/10\/kitefoil-housse-sroka-2.jpg\",\"width\":780,\"height\":1040,\"caption\":\"Diese Schutzh\u00fclle erm\u00f6glicht es dir, dein Kitefoil montiert zu transportieren. Es hilft, das vordere Winglet, den Rumpf und den Stabilisator w\u00e4hrend der Fahrt zu sch\u00fctzen. Die silberne Seite verhindert, dass die Folie zu hei\u00df wird, wenn die Folie in der Sonne bleibt.\"},{\"@type\":\"BreadcrumbList\",\"@id\":\"https:\/\/staging.srokafinal.lets-preprod.com\/de\/produit\/schutzhuelle-fuer-montierten-kitefoil\/#breadcrumb\",\"itemListElement\":[{\"@type\":\"ListItem\",\"position\":1,\"name\":\"Accueil\",\"item\":\"https:\/\/staging.srokafinal.lets-preprod.com\/de\/\"},{\"@type\":\"ListItem\",\"position\":2,\"name\":\"Boutique\",\"item\":\"https:\/\/staging.srokafinal.lets-preprod.com\/boutique\/\"},{\"@type\":\"ListItem\",\"position\":3,\"name\":\"Schutzh\u00fclle f\u00fcr montierten Kitefoil\"}]},{\"@type\":\"WebSite\",\"@id\":\"https:\/\/staging.srokafinal.lets-preprod.com\/de\/#website\",\"url\":\"https:\/\/staging.srokafinal.lets-preprod.com\/de\/\",\"name\":\"SROKA Company\",\"description\":\"SUP, Kite, Foil, Wing\",\"publisher\":{\"@id\":\"https:\/\/staging.srokafinal.lets-preprod.com\/de\/#organization\"},\"potentialAction\":[{\"@type\":\"SearchAction\",\"target\":{\"@type\":\"EntryPoint\",\"urlTemplate\":\"https:\/\/staging.srokafinal.lets-preprod.com\/de\/?s={search_term_string}\"},\"query-input\":{\"@type\":\"PropertyValueSpecification\",\"valueRequired\":true,\"valueName\":\"search_term_string\"}}],\"inLanguage\":\"de\"},{\"@type\":\"Organization\",\"@id\":\"https:\/\/staging.srokafinal.lets-preprod.com\/de\/#organization\",\"name\":\"SROKACOMPANY\",\"alternateName\":\"SROKA\",\"url\":\"https:\/\/staging.srokafinal.lets-preprod.com\/de\/\",\"logo\":{\"@type\":\"ImageObject\",\"inLanguage\":\"de\",\"@id\":\"https:\/\/staging.srokafinal.lets-preprod.com\/de\/#\/schema\/logo\/image\/\",\"url\":\"https:\/\/staging.srokafinal.lets-preprod.com\/wp-content\/uploads\/2021\/01\/logo-sroka-black-transpa.png\",\"contentUrl\":\"https:\/\/staging.srokafinal.lets-preprod.com\/wp-content\/uploads\/2021\/01\/logo-sroka-black-transpa.png\",\"width\":1201,\"height\":342,\"caption\":\"SROKACOMPANY\"},\"image\":{\"@id\":\"https:\/\/staging.srokafinal.lets-preprod.com\/de\/#\/schema\/logo\/image\/\"},\"sameAs\":[\"https:\/\/www.facebook.com\/srokawatersports\/\",\"https:\/\/www.instagram.com\/srokawatersports\/\",\"https:\/\/www.youtube.com\/channel\/UCVLHHeaPIm-J5bdEUgxqtZA\"]}]}<\/script>\n<!-- \/ Yoast SEO plugin. -->","yoast_head_json":{"title":"Schutzh\u00fclle f\u00fcr montierten Kitefoil - SROKA Company","description":"Die Kitefoil-Schutzh\u00fclle ist f\u00fcr Ihre Reisen unverzichtbar. Sch\u00fctzen Sie Ihr Flugzeug und vereinfachen Sie Ihr Leben vor Ort!","robots":{"index":"noindex","follow":"follow","max-snippet":"max-snippet:-1","max-image-preview":"max-image-preview:large","max-video-preview":"max-video-preview:-1"},"og_locale":"de_DE","og_type":"article","og_title":"Schutzh\u00fclle f\u00fcr montierten Kitefoil - SROKA Company","og_description":"Die Kitefoil-Schutzh\u00fclle ist f\u00fcr Ihre Reisen unverzichtbar. Sch\u00fctzen Sie Ihr Flugzeug und vereinfachen Sie Ihr Leben vor Ort!","og_url":"https:\/\/staging.srokafinal.lets-preprod.com\/de\/produit\/schutzhuelle-fuer-montierten-kitefoil\/","og_site_name":"SROKA Company","article_publisher":"https:\/\/www.facebook.com\/srokawatersports\/","article_modified_time":"2024-05-30T09:11:43+00:00","og_image":[{"width":780,"height":1040,"url":"https:\/\/staging.srokafinal.lets-preprod.com\/wp-content\/uploads\/2018\/10\/kitefoil-housse-sroka-2.jpg","type":"image\/jpeg"}],"schema":{"@context":"https:\/\/schema.org","@graph":[{"@type":"WebPage","@id":"https:\/\/staging.srokafinal.lets-preprod.com\/de\/produit\/schutzhuelle-fuer-montierten-kitefoil\/","url":"https:\/\/staging.srokafinal.lets-preprod.com\/de\/produit\/schutzhuelle-fuer-montierten-kitefoil\/","name":"Schutzh\u00fclle f\u00fcr montierten Kitefoil - SROKA Company","isPartOf":{"@id":"https:\/\/staging.srokafinal.lets-preprod.com\/de\/#website"},"primaryImageOfPage":{"@id":"https:\/\/staging.srokafinal.lets-preprod.com\/de\/produit\/schutzhuelle-fuer-montierten-kitefoil\/#primaryimage"},"image":{"@id":"https:\/\/staging.srokafinal.lets-preprod.com\/de\/produit\/schutzhuelle-fuer-montierten-kitefoil\/#primaryimage"},"thumbnailUrl":"https:\/\/staging.srokafinal.lets-preprod.com\/wp-content\/uploads\/2018\/10\/kitefoil-housse-sroka-2.jpg","datePublished":"2018-10-31T11:49:31+00:00","dateModified":"2024-05-30T09:11:43+00:00","description":"Die Kitefoil-Schutzh\u00fclle ist f\u00fcr Ihre Reisen unverzichtbar. Sch\u00fctzen Sie Ihr Flugzeug und vereinfachen Sie Ihr Leben vor Ort!","breadcrumb":{"@id":"https:\/\/staging.srokafinal.lets-preprod.com\/de\/produit\/schutzhuelle-fuer-montierten-kitefoil\/#breadcrumb"},"inLanguage":"de","potentialAction":[{"@type":"ReadAction","target":["https:\/\/staging.srokafinal.lets-preprod.com\/de\/produit\/schutzhuelle-fuer-montierten-kitefoil\/"]}]},{"@type":"ImageObject","inLanguage":"de","@id":"https:\/\/staging.srokafinal.lets-preprod.com\/de\/produit\/schutzhuelle-fuer-montierten-kitefoil\/#primaryimage","url":"https:\/\/staging.srokafinal.lets-preprod.com\/wp-content\/uploads\/2018\/10\/kitefoil-housse-sroka-2.jpg","contentUrl":"https:\/\/staging.srokafinal.lets-preprod.com\/wp-content\/uploads\/2018\/10\/kitefoil-housse-sroka-2.jpg","width":780,"height":1040,"caption":"Diese Schutzh\u00fclle erm\u00f6glicht es dir, dein Kitefoil montiert zu transportieren. Es hilft, das vordere Winglet, den Rumpf und den Stabilisator w\u00e4hrend der Fahrt zu sch\u00fctzen. Die silberne Seite verhindert, dass die Folie zu hei\u00df wird, wenn die Folie in der Sonne bleibt."},{"@type":"BreadcrumbList","@id":"https:\/\/staging.srokafinal.lets-preprod.com\/de\/produit\/schutzhuelle-fuer-montierten-kitefoil\/#breadcrumb","itemListElement":[{"@type":"ListItem","position":1,"name":"Accueil","item":"https:\/\/staging.srokafinal.lets-preprod.com\/de\/"},{"@type":"ListItem","position":2,"name":"Boutique","item":"https:\/\/staging.srokafinal.lets-preprod.com\/boutique\/"},{"@type":"ListItem","position":3,"name":"Schutzh\u00fclle f\u00fcr montierten Kitefoil"}]},{"@type":"WebSite","@id":"https:\/\/staging.srokafinal.lets-preprod.com\/de\/#website","url":"https:\/\/staging.srokafinal.lets-preprod.com\/de\/","name":"SROKA Company","description":"SUP, Kite, Foil, Wing","publisher":{"@id":"https:\/\/staging.srokafinal.lets-preprod.com\/de\/#organization"},"potentialAction":[{"@type":"SearchAction","target":{"@type":"EntryPoint","urlTemplate":"https:\/\/staging.srokafinal.lets-preprod.com\/de\/?s={search_term_string}"},"query-input":{"@type":"PropertyValueSpecification","valueRequired":true,"valueName":"search_term_string"}}],"inLanguage":"de"},{"@type":"Organization","@id":"https:\/\/staging.srokafinal.lets-preprod.com\/de\/#organization","name":"SROKACOMPANY","alternateName":"SROKA","url":"https:\/\/staging.srokafinal.lets-preprod.com\/de\/","logo":{"@type":"ImageObject","inLanguage":"de","@id":"https:\/\/staging.srokafinal.lets-preprod.com\/de\/#\/schema\/logo\/image\/","url":"https:\/\/staging.srokafinal.lets-preprod.com\/wp-content\/uploads\/2021\/01\/logo-sroka-black-transpa.png","contentUrl":"https:\/\/staging.srokafinal.lets-preprod.com\/wp-content\/uploads\/2021\/01\/logo-sroka-black-transpa.png","width":1201,"height":342,"caption":"SROKACOMPANY"},"image":{"@id":"https:\/\/staging.srokafinal.lets-preprod.com\/de\/#\/schema\/logo\/image\/"},"sameAs":["https:\/\/www.facebook.com\/srokawatersports\/","https:\/\/www.instagram.com\/srokawatersports\/","https:\/\/www.youtube.com\/channel\/UCVLHHeaPIm-J5bdEUgxqtZA"]}]}},"uagb_featured_image_src":{"full":["https:\/\/staging.srokafinal.lets-preprod.com\/wp-content\/uploads\/2018\/10\/kitefoil-housse-sroka-2.jpg",780,1040,false],"thumbnail":["https:\/\/staging.srokafinal.lets-preprod.com\/wp-content\/uploads\/2018\/10\/kitefoil-housse-sroka-2-150x150.jpg",150,150,true],"medium":["https:\/\/staging.srokafinal.lets-preprod.com\/wp-content\/uploads\/2018\/10\/kitefoil-housse-sroka-2-225x300.jpg",225,300,true],"medium_large":["https:\/\/staging.srokafinal.lets-preprod.com\/wp-content\/uploads\/2018\/10\/kitefoil-housse-sroka-2-768x1024.jpg",768,1024,true],"large":["https:\/\/staging.srokafinal.lets-preprod.com\/wp-content\/uploads\/2018\/10\/kitefoil-housse-sroka-2-768x1024.jpg",768,1024,true],"1536x1536":["https:\/\/staging.srokafinal.lets-preprod.com\/wp-content\/uploads\/2018\/10\/kitefoil-housse-sroka-2.jpg",780,1040,false],"2048x2048":["https:\/\/staging.srokafinal.lets-preprod.com\/wp-content\/uploads\/2018\/10\/kitefoil-housse-sroka-2.jpg",780,1040,false],"woocommerce_thumbnail":["https:\/\/staging.srokafinal.lets-preprod.com\/wp-content\/uploads\/2018\/10\/kitefoil-housse-sroka-2-600x800.jpg",600,800,true],"woocommerce_single":["https:\/\/staging.srokafinal.lets-preprod.com\/wp-content\/uploads\/2018\/10\/kitefoil-housse-sroka-2-600x800.jpg",600,800,true],"woocommerce_gallery_thumbnail":["https:\/\/staging.srokafinal.lets-preprod.com\/wp-content\/uploads\/2018\/10\/kitefoil-housse-sroka-2-100x100.jpg",100,100,true]},"uagb_author_info":{"display_name":"Audrey Triquenaux","author_link":"https:\/\/staging.srokafinal.lets-preprod.com\/de\/blog\/author\/"},"uagb_comment_info":0,"uagb_excerpt":"SCHUTZH\u00dcLLE F\u00dcR KITEFOIL MONTIERT Um Ihre am Flugzeug montierte Folie vor Ort zu sch\u00fctzen, bietet Ihnen diese H\u00fclle die Materialien, die Ihre Folie verdient. Seine robuste Konstruktion ist darauf ausgelegt, St\u00f6\u00dfe zu absorbieren und verhindert dank seiner Polsterung und reflektierenden Oberfl\u00e4che eine \u00dcberhitzung des Materials in der Sonne. Die Abmessungen der Foilfl\u00fcgel finden Sie hier.&hellip;","_links":{"self":[{"href":"https:\/\/staging.srokafinal.lets-preprod.com\/de\/wp-json\/wp\/v2\/product\/115211","targetHints":{"allow":["GET"]}}],"collection":[{"href":"https:\/\/staging.srokafinal.lets-preprod.com\/de\/wp-json\/wp\/v2\/product"}],"about":[{"href":"https:\/\/staging.srokafinal.lets-preprod.com\/de\/wp-json\/wp\/v2\/types\/product"}],"wp:featuredmedia":[{"embeddable":true,"href":"https:\/\/staging.srokafinal.lets-preprod.com\/de\/wp-json\/wp\/v2\/media\/115238"}],"wp:attachment":[{"href":"https:\/\/staging.srokafinal.lets-preprod.com\/de\/wp-json\/wp\/v2\/media?parent=115211"}],"wp:term":[{"taxonomy":"product_brand","embeddable":true,"href":"https:\/\/staging.srokafinal.lets-preprod.com\/de\/wp-json\/wp\/v2\/product_brand?post=115211"},{"taxonomy":"product_cat","embeddable":true,"href":"https:\/\/staging.srokafinal.lets-preprod.com\/de\/wp-json\/wp\/v2\/product_cat?post=115211"},{"taxonomy":"product_tag","embeddable":true,"href":"https:\/\/staging.srokafinal.lets-preprod.com\/de\/wp-json\/wp\/v2\/product_tag?post=115211"}],"curies":[{"name":"wp","href":"https:\/\/api.w.org\/{rel}","templated":true}]}}