


{"id":115280,"date":"2018-11-02T15:16:56","date_gmt":"2018-11-02T13:16:56","guid":{"rendered":"https:\/\/srokacompany.com\/produit\/windschutzfolie-schutzhuelle-montiert\/"},"modified":"2024-05-30T09:09:25","modified_gmt":"2024-05-30T09:09:25","slug":"windschutzfolie-schutzhuelle-montiert","status":"publish","type":"product","link":"https:\/\/staging.srokafinal.lets-preprod.com\/de\/produit\/windschutzfolie-schutzhuelle-montiert\/","title":{"rendered":"Windschutzfolie Schutzh\u00fclle montiert"},"content":{"rendered":"<hr>\n<h2>WINDFOIL-SCHUTZTASCHE MONTIERT<\/h2>\n<p>Diese Schutztasche ist eine perfekte Tragetasche, um Ihr montiertes oder halbmontiertes Windfoil zu tragen und zu sch\u00fctzen, ohne es zerlegen zu m\u00fcssen. Es sch\u00fctzt den vorderen und hinteren Kotfl\u00fcgel vor Kratzern und kleinen St\u00f6\u00dfen aus dem t\u00e4glichen Gebrauch und vermeidet gleichzeitig m\u00f6gliche Schnitte. Perfekt zum Mitf\u00fchren im Auto vor oder nach der Windfoiling-Session. Ihr W-Foil kann mit oder ohne Mast transportiert werden.<\/p>\n<p>Kompatibel mit 1250 Classic &#8211; K950 und allen Aluminium und Carbon K-Foil Kites &#8211; dem W-Foil<\/p>\n<p>Um zu \u00fcberpr\u00fcfen, ob Ihre Folie mit der Abdeckung kompatibel ist,<a href=\"https:\/\/srokacompany.com\/caracteristiques-techniques-des-ailes-de-foil-sroka\/\"> finden Sie unter diesem Link alle Abmessungen der Sroka Foil-Frontfl\u00fcgel. <\/a><\/p>\n","protected":false},"excerpt":{"rendered":"<p>WINDFOIL-SCHUTZTASCHE MONTIERT Diese Schutztasche ist eine perfekte Tragetasche, um Ihr montiertes oder halbmontiertes Windfoil zu tragen und zu sch\u00fctzen, ohne es zerlegen zu m\u00fcssen. Es sch\u00fctzt den vorderen und hinteren Kotfl\u00fcgel vor Kratzern und kleinen St\u00f6\u00dfen aus dem t\u00e4glichen Gebrauch und vermeidet gleichzeitig m\u00f6gliche Schnitte. Perfekt zum Mitf\u00fchren im Auto vor oder nach der Windfoiling-Session. [&hellip;]<\/p>\n","protected":false},"featured_media":115306,"template":"","meta":{"_acf_changed":false,"_uag_custom_page_level_css":""},"product_brand":[],"product_cat":[3162],"product_tag":[],"class_list":{"0":"post-115280","1":"product","2":"type-product","3":"status-publish","4":"has-post-thumbnail","6":"product_cat-downwind-uha-reihe","8":"first","9":"instock","10":"taxable","11":"shipping-taxable","12":"purchasable","13":"product-type-simple"},"acf":[],"yoast_head":"<!-- This site is optimized with the Yoast SEO plugin v25.1 - https:\/\/yoast.com\/wordpress\/plugins\/seo\/ -->\n<title>Windfoil-Schutzh\u00fclle montiert - SROKA Watersports<\/title>\n<meta name=\"description\" content=\"Diese Schutzh\u00fclle eignet sich perfekt f\u00fcr den Transport und Schutz Ihres montierten Windfoils: Fl\u00fcgel-Rumpf-Stabilisator mit oder ohne Mast.\" \/>\n<meta name=\"robots\" content=\"noindex, follow, max-snippet:-1, max-image-preview:large, max-video-preview:-1\" \/>\n<meta property=\"og:locale\" content=\"de_DE\" \/>\n<meta property=\"og:type\" content=\"article\" \/>\n<meta property=\"og:title\" content=\"Windfoil-Schutzh\u00fclle montiert - SROKA Watersports\" \/>\n<meta property=\"og:description\" content=\"Diese Schutzh\u00fclle eignet sich perfekt f\u00fcr den Transport und Schutz Ihres montierten Windfoils: Fl\u00fcgel-Rumpf-Stabilisator mit oder ohne Mast.\" \/>\n<meta property=\"og:url\" content=\"https:\/\/staging.srokafinal.lets-preprod.com\/de\/produit\/windschutzfolie-schutzhuelle-montiert\/\" \/>\n<meta property=\"og:site_name\" content=\"SROKA Company\" \/>\n<meta property=\"article:publisher\" content=\"https:\/\/www.facebook.com\/srokawatersports\/\" \/>\n<meta property=\"article:modified_time\" content=\"2024-05-30T09:09:25+00:00\" \/>\n<meta property=\"og:image\" content=\"https:\/\/staging.srokafinal.lets-preprod.com\/wp-content\/uploads\/2018\/10\/windfoil-housse-sroka-2.jpg\" \/>\n\t<meta property=\"og:image:width\" content=\"780\" \/>\n\t<meta property=\"og:image:height\" content=\"1040\" \/>\n\t<meta property=\"og:image:type\" content=\"image\/jpeg\" \/>\n<meta name=\"twitter:label1\" content=\"Gesch\u00e4tzte Lesezeit\" \/>\n\t<meta name=\"twitter:data1\" content=\"1\u00a0Minute\" \/>\n<script type=\"application\/ld+json\" class=\"yoast-schema-graph\">{\"@context\":\"https:\/\/schema.org\",\"@graph\":[{\"@type\":\"WebPage\",\"@id\":\"https:\/\/staging.srokafinal.lets-preprod.com\/de\/produit\/windschutzfolie-schutzhuelle-montiert\/\",\"url\":\"https:\/\/staging.srokafinal.lets-preprod.com\/de\/produit\/windschutzfolie-schutzhuelle-montiert\/\",\"name\":\"Windfoil-Schutzh\u00fclle montiert - SROKA Watersports\",\"isPartOf\":{\"@id\":\"https:\/\/staging.srokafinal.lets-preprod.com\/de\/#website\"},\"primaryImageOfPage\":{\"@id\":\"https:\/\/staging.srokafinal.lets-preprod.com\/de\/produit\/windschutzfolie-schutzhuelle-montiert\/#primaryimage\"},\"image\":{\"@id\":\"https:\/\/staging.srokafinal.lets-preprod.com\/de\/produit\/windschutzfolie-schutzhuelle-montiert\/#primaryimage\"},\"thumbnailUrl\":\"https:\/\/staging.srokafinal.lets-preprod.com\/wp-content\/uploads\/2018\/10\/windfoil-housse-sroka-2.jpg\",\"datePublished\":\"2018-11-02T13:16:56+00:00\",\"dateModified\":\"2024-05-30T09:09:25+00:00\",\"description\":\"Diese Schutzh\u00fclle eignet sich perfekt f\u00fcr den Transport und Schutz Ihres montierten Windfoils: Fl\u00fcgel-Rumpf-Stabilisator mit oder ohne Mast.\",\"breadcrumb\":{\"@id\":\"https:\/\/staging.srokafinal.lets-preprod.com\/de\/produit\/windschutzfolie-schutzhuelle-montiert\/#breadcrumb\"},\"inLanguage\":\"de\",\"potentialAction\":[{\"@type\":\"ReadAction\",\"target\":[\"https:\/\/staging.srokafinal.lets-preprod.com\/de\/produit\/windschutzfolie-schutzhuelle-montiert\/\"]}]},{\"@type\":\"ImageObject\",\"inLanguage\":\"de\",\"@id\":\"https:\/\/staging.srokafinal.lets-preprod.com\/de\/produit\/windschutzfolie-schutzhuelle-montiert\/#primaryimage\",\"url\":\"https:\/\/staging.srokafinal.lets-preprod.com\/wp-content\/uploads\/2018\/10\/windfoil-housse-sroka-2.jpg\",\"contentUrl\":\"https:\/\/staging.srokafinal.lets-preprod.com\/wp-content\/uploads\/2018\/10\/windfoil-housse-sroka-2.jpg\",\"width\":780,\"height\":1040,\"caption\":\"Die montierte Windfoil-Schutzh\u00fclle sch\u00fctzt das vordere Winglet, den Rumpf und den Stabilisator\"},{\"@type\":\"BreadcrumbList\",\"@id\":\"https:\/\/staging.srokafinal.lets-preprod.com\/de\/produit\/windschutzfolie-schutzhuelle-montiert\/#breadcrumb\",\"itemListElement\":[{\"@type\":\"ListItem\",\"position\":1,\"name\":\"Accueil\",\"item\":\"https:\/\/staging.srokafinal.lets-preprod.com\/de\/\"},{\"@type\":\"ListItem\",\"position\":2,\"name\":\"Boutique\",\"item\":\"https:\/\/staging.srokafinal.lets-preprod.com\/boutique\/\"},{\"@type\":\"ListItem\",\"position\":3,\"name\":\"Windschutzfolie Schutzh\u00fclle montiert\"}]},{\"@type\":\"WebSite\",\"@id\":\"https:\/\/staging.srokafinal.lets-preprod.com\/de\/#website\",\"url\":\"https:\/\/staging.srokafinal.lets-preprod.com\/de\/\",\"name\":\"SROKA Company\",\"description\":\"SUP, Kite, Foil, Wing\",\"publisher\":{\"@id\":\"https:\/\/staging.srokafinal.lets-preprod.com\/de\/#organization\"},\"potentialAction\":[{\"@type\":\"SearchAction\",\"target\":{\"@type\":\"EntryPoint\",\"urlTemplate\":\"https:\/\/staging.srokafinal.lets-preprod.com\/de\/?s={search_term_string}\"},\"query-input\":{\"@type\":\"PropertyValueSpecification\",\"valueRequired\":true,\"valueName\":\"search_term_string\"}}],\"inLanguage\":\"de\"},{\"@type\":\"Organization\",\"@id\":\"https:\/\/staging.srokafinal.lets-preprod.com\/de\/#organization\",\"name\":\"SROKACOMPANY\",\"alternateName\":\"SROKA\",\"url\":\"https:\/\/staging.srokafinal.lets-preprod.com\/de\/\",\"logo\":{\"@type\":\"ImageObject\",\"inLanguage\":\"de\",\"@id\":\"https:\/\/staging.srokafinal.lets-preprod.com\/de\/#\/schema\/logo\/image\/\",\"url\":\"https:\/\/staging.srokafinal.lets-preprod.com\/wp-content\/uploads\/2021\/01\/logo-sroka-black-transpa.png\",\"contentUrl\":\"https:\/\/staging.srokafinal.lets-preprod.com\/wp-content\/uploads\/2021\/01\/logo-sroka-black-transpa.png\",\"width\":1201,\"height\":342,\"caption\":\"SROKACOMPANY\"},\"image\":{\"@id\":\"https:\/\/staging.srokafinal.lets-preprod.com\/de\/#\/schema\/logo\/image\/\"},\"sameAs\":[\"https:\/\/www.facebook.com\/srokawatersports\/\",\"https:\/\/www.instagram.com\/srokawatersports\/\",\"https:\/\/www.youtube.com\/channel\/UCVLHHeaPIm-J5bdEUgxqtZA\"]}]}<\/script>\n<!-- \/ Yoast SEO plugin. -->","yoast_head_json":{"title":"Windfoil-Schutzh\u00fclle montiert - SROKA Watersports","description":"Diese Schutzh\u00fclle eignet sich perfekt f\u00fcr den Transport und Schutz Ihres montierten Windfoils: Fl\u00fcgel-Rumpf-Stabilisator mit oder ohne Mast.","robots":{"index":"noindex","follow":"follow","max-snippet":"max-snippet:-1","max-image-preview":"max-image-preview:large","max-video-preview":"max-video-preview:-1"},"og_locale":"de_DE","og_type":"article","og_title":"Windfoil-Schutzh\u00fclle montiert - SROKA Watersports","og_description":"Diese Schutzh\u00fclle eignet sich perfekt f\u00fcr den Transport und Schutz Ihres montierten Windfoils: Fl\u00fcgel-Rumpf-Stabilisator mit oder ohne Mast.","og_url":"https:\/\/staging.srokafinal.lets-preprod.com\/de\/produit\/windschutzfolie-schutzhuelle-montiert\/","og_site_name":"SROKA Company","article_publisher":"https:\/\/www.facebook.com\/srokawatersports\/","article_modified_time":"2024-05-30T09:09:25+00:00","og_image":[{"width":780,"height":1040,"url":"https:\/\/staging.srokafinal.lets-preprod.com\/wp-content\/uploads\/2018\/10\/windfoil-housse-sroka-2.jpg","type":"image\/jpeg"}],"twitter_misc":{"Gesch\u00e4tzte Lesezeit":"1\u00a0Minute"},"schema":{"@context":"https:\/\/schema.org","@graph":[{"@type":"WebPage","@id":"https:\/\/staging.srokafinal.lets-preprod.com\/de\/produit\/windschutzfolie-schutzhuelle-montiert\/","url":"https:\/\/staging.srokafinal.lets-preprod.com\/de\/produit\/windschutzfolie-schutzhuelle-montiert\/","name":"Windfoil-Schutzh\u00fclle montiert - SROKA Watersports","isPartOf":{"@id":"https:\/\/staging.srokafinal.lets-preprod.com\/de\/#website"},"primaryImageOfPage":{"@id":"https:\/\/staging.srokafinal.lets-preprod.com\/de\/produit\/windschutzfolie-schutzhuelle-montiert\/#primaryimage"},"image":{"@id":"https:\/\/staging.srokafinal.lets-preprod.com\/de\/produit\/windschutzfolie-schutzhuelle-montiert\/#primaryimage"},"thumbnailUrl":"https:\/\/staging.srokafinal.lets-preprod.com\/wp-content\/uploads\/2018\/10\/windfoil-housse-sroka-2.jpg","datePublished":"2018-11-02T13:16:56+00:00","dateModified":"2024-05-30T09:09:25+00:00","description":"Diese Schutzh\u00fclle eignet sich perfekt f\u00fcr den Transport und Schutz Ihres montierten Windfoils: Fl\u00fcgel-Rumpf-Stabilisator mit oder ohne Mast.","breadcrumb":{"@id":"https:\/\/staging.srokafinal.lets-preprod.com\/de\/produit\/windschutzfolie-schutzhuelle-montiert\/#breadcrumb"},"inLanguage":"de","potentialAction":[{"@type":"ReadAction","target":["https:\/\/staging.srokafinal.lets-preprod.com\/de\/produit\/windschutzfolie-schutzhuelle-montiert\/"]}]},{"@type":"ImageObject","inLanguage":"de","@id":"https:\/\/staging.srokafinal.lets-preprod.com\/de\/produit\/windschutzfolie-schutzhuelle-montiert\/#primaryimage","url":"https:\/\/staging.srokafinal.lets-preprod.com\/wp-content\/uploads\/2018\/10\/windfoil-housse-sroka-2.jpg","contentUrl":"https:\/\/staging.srokafinal.lets-preprod.com\/wp-content\/uploads\/2018\/10\/windfoil-housse-sroka-2.jpg","width":780,"height":1040,"caption":"Die montierte Windfoil-Schutzh\u00fclle sch\u00fctzt das vordere Winglet, den Rumpf und den Stabilisator"},{"@type":"BreadcrumbList","@id":"https:\/\/staging.srokafinal.lets-preprod.com\/de\/produit\/windschutzfolie-schutzhuelle-montiert\/#breadcrumb","itemListElement":[{"@type":"ListItem","position":1,"name":"Accueil","item":"https:\/\/staging.srokafinal.lets-preprod.com\/de\/"},{"@type":"ListItem","position":2,"name":"Boutique","item":"https:\/\/staging.srokafinal.lets-preprod.com\/boutique\/"},{"@type":"ListItem","position":3,"name":"Windschutzfolie Schutzh\u00fclle montiert"}]},{"@type":"WebSite","@id":"https:\/\/staging.srokafinal.lets-preprod.com\/de\/#website","url":"https:\/\/staging.srokafinal.lets-preprod.com\/de\/","name":"SROKA Company","description":"SUP, Kite, Foil, Wing","publisher":{"@id":"https:\/\/staging.srokafinal.lets-preprod.com\/de\/#organization"},"potentialAction":[{"@type":"SearchAction","target":{"@type":"EntryPoint","urlTemplate":"https:\/\/staging.srokafinal.lets-preprod.com\/de\/?s={search_term_string}"},"query-input":{"@type":"PropertyValueSpecification","valueRequired":true,"valueName":"search_term_string"}}],"inLanguage":"de"},{"@type":"Organization","@id":"https:\/\/staging.srokafinal.lets-preprod.com\/de\/#organization","name":"SROKACOMPANY","alternateName":"SROKA","url":"https:\/\/staging.srokafinal.lets-preprod.com\/de\/","logo":{"@type":"ImageObject","inLanguage":"de","@id":"https:\/\/staging.srokafinal.lets-preprod.com\/de\/#\/schema\/logo\/image\/","url":"https:\/\/staging.srokafinal.lets-preprod.com\/wp-content\/uploads\/2021\/01\/logo-sroka-black-transpa.png","contentUrl":"https:\/\/staging.srokafinal.lets-preprod.com\/wp-content\/uploads\/2021\/01\/logo-sroka-black-transpa.png","width":1201,"height":342,"caption":"SROKACOMPANY"},"image":{"@id":"https:\/\/staging.srokafinal.lets-preprod.com\/de\/#\/schema\/logo\/image\/"},"sameAs":["https:\/\/www.facebook.com\/srokawatersports\/","https:\/\/www.instagram.com\/srokawatersports\/","https:\/\/www.youtube.com\/channel\/UCVLHHeaPIm-J5bdEUgxqtZA"]}]}},"uagb_featured_image_src":{"full":["https:\/\/staging.srokafinal.lets-preprod.com\/wp-content\/uploads\/2018\/10\/windfoil-housse-sroka-2.jpg",780,1040,false],"thumbnail":["https:\/\/staging.srokafinal.lets-preprod.com\/wp-content\/uploads\/2018\/10\/windfoil-housse-sroka-2-150x150.jpg",150,150,true],"medium":["https:\/\/staging.srokafinal.lets-preprod.com\/wp-content\/uploads\/2018\/10\/windfoil-housse-sroka-2-225x300.jpg",225,300,true],"medium_large":["https:\/\/staging.srokafinal.lets-preprod.com\/wp-content\/uploads\/2018\/10\/windfoil-housse-sroka-2-768x1024.jpg",768,1024,true],"large":["https:\/\/staging.srokafinal.lets-preprod.com\/wp-content\/uploads\/2018\/10\/windfoil-housse-sroka-2-768x1024.jpg",768,1024,true],"1536x1536":["https:\/\/staging.srokafinal.lets-preprod.com\/wp-content\/uploads\/2018\/10\/windfoil-housse-sroka-2.jpg",780,1040,false],"2048x2048":["https:\/\/staging.srokafinal.lets-preprod.com\/wp-content\/uploads\/2018\/10\/windfoil-housse-sroka-2.jpg",780,1040,false],"woocommerce_thumbnail":["https:\/\/staging.srokafinal.lets-preprod.com\/wp-content\/uploads\/2018\/10\/windfoil-housse-sroka-2-600x800.jpg",600,800,true],"woocommerce_single":["https:\/\/staging.srokafinal.lets-preprod.com\/wp-content\/uploads\/2018\/10\/windfoil-housse-sroka-2-600x800.jpg",600,800,true],"woocommerce_gallery_thumbnail":["https:\/\/staging.srokafinal.lets-preprod.com\/wp-content\/uploads\/2018\/10\/windfoil-housse-sroka-2-100x100.jpg",100,100,true]},"uagb_author_info":{"display_name":"Deimantina Sroka","author_link":"https:\/\/staging.srokafinal.lets-preprod.com\/de\/blog\/author\/"},"uagb_comment_info":0,"uagb_excerpt":"WINDFOIL-SCHUTZTASCHE MONTIERT Diese Schutztasche ist eine perfekte Tragetasche, um Ihr montiertes oder halbmontiertes Windfoil zu tragen und zu sch\u00fctzen, ohne es zerlegen zu m\u00fcssen. Es sch\u00fctzt den vorderen und hinteren Kotfl\u00fcgel vor Kratzern und kleinen St\u00f6\u00dfen aus dem t\u00e4glichen Gebrauch und vermeidet gleichzeitig m\u00f6gliche Schnitte. Perfekt zum Mitf\u00fchren im Auto vor oder nach der Windfoiling-Session.&hellip;","_links":{"self":[{"href":"https:\/\/staging.srokafinal.lets-preprod.com\/de\/wp-json\/wp\/v2\/product\/115280","targetHints":{"allow":["GET"]}}],"collection":[{"href":"https:\/\/staging.srokafinal.lets-preprod.com\/de\/wp-json\/wp\/v2\/product"}],"about":[{"href":"https:\/\/staging.srokafinal.lets-preprod.com\/de\/wp-json\/wp\/v2\/types\/product"}],"wp:featuredmedia":[{"embeddable":true,"href":"https:\/\/staging.srokafinal.lets-preprod.com\/de\/wp-json\/wp\/v2\/media\/115306"}],"wp:attachment":[{"href":"https:\/\/staging.srokafinal.lets-preprod.com\/de\/wp-json\/wp\/v2\/media?parent=115280"}],"wp:term":[{"taxonomy":"product_brand","embeddable":true,"href":"https:\/\/staging.srokafinal.lets-preprod.com\/de\/wp-json\/wp\/v2\/product_brand?post=115280"},{"taxonomy":"product_cat","embeddable":true,"href":"https:\/\/staging.srokafinal.lets-preprod.com\/de\/wp-json\/wp\/v2\/product_cat?post=115280"},{"taxonomy":"product_tag","embeddable":true,"href":"https:\/\/staging.srokafinal.lets-preprod.com\/de\/wp-json\/wp\/v2\/product_tag?post=115280"}],"curies":[{"name":"wp","href":"https:\/\/api.w.org\/{rel}","templated":true}]}}