


{"id":115323,"date":"2018-05-24T12:07:22","date_gmt":"2018-05-24T10:07:22","guid":{"rendered":"https:\/\/srokacompany.com\/produit\/k-foil-aluminium-kitefoil\/"},"modified":"2024-11-23T13:38:09","modified_gmt":"2024-11-23T13:38:09","slug":"k-foil-aluminium-kitefoil","status":"publish","type":"product","link":"https:\/\/staging.srokafinal.lets-preprod.com\/de\/produit\/k-foil-aluminium-kitefoil\/","title":{"rendered":"K-Foil Aluminium &#8211; Kitefoil"},"content":{"rendered":"<hr>\n<h2>K-FOIL ALUMINIUM FREERIDE<\/h2>\n<p class=\"p1\"><span class=\"s1\">Das Aluminium Kitefoil erm\u00f6glicht es Ihnen, bei sehr schwachen Windverh\u00e4ltnissen zu segeln und bei starkem Wind an Ihre Grenzen zu gehen. Es erm\u00f6glicht Ihnen, bis zum 4-fachen der Windgeschwindigkeit zu fahren.  <\/span><\/p>\n<p class=\"p1\"><span class=\"s1\">Das K-Foil wurde von Bruno SROKA 3 x Kitesurfing Weltmeister entwickelt. Bruno ist stets bestrebt, ein sehr hochwertiges Produkt zu einem erschwinglichen Preis zu entwickeln. Dieses Foil ist aufgrund seiner Konstruktionsqualit\u00e4t, seiner Steifigkeit und seiner Benutzerfreundlichkeit zu einer Referenz unter den Freeride-Kitefoils geworden.<\/span><\/p>\n<p class=\"p1\"><strong><span class=\"s1\">Technologie<\/span><\/strong><\/p>\n<p class=\"p1\"><span class=\"s1\">Der Mast und der Rumpf sind aus Aluminium 6061 gefertigt, dem besten Aluminium f\u00fcr den Einsatz in der Schifffahrt. Alle Aluminiumteile wurden mit einer sehr dichten Eloxierung (\u00fcber 60 Mikrometer) beschichtet, im Gegensatz zu vielen Mitbewerbern, die eine leichte Eloxierung verwenden (10 Mikrometer, was eine weniger gute Haltbarkeit im Laufe der Zeit bedeutet)<\/span><\/p>\n<p><span class=\"s1\">Dieses Alu K-Foil besteht aus G10-Finnen. Jedes Profil wird mit einer Genauigkeit von einem Zehntel Mikrometer bearbeitet, was ein exakt identisches Lamellenprofil gew\u00e4hrleistet<span class=\"Apple-converted-space\">  <\/span>zu unseren Pl\u00e4nen und garantieren so ein perfektes Profil.<\/span><\/p>\n<p>Als Option f\u00fcr ihre Markteinf\u00fchrung bieten wir ein <strong>Paket mit zwei Flossens\u00e4tzen<\/strong> an. Dieses Paket enth\u00e4lt das komplette Aluminium-K-Foil, das G10-Finnenset sowie <a href=\"https:\/\/srokacompany.com\/produit\/pack-ailettes-k-foil-k950-xxl-stabilisateur\/\">das K950 Freewave-Carbon-Finnenset und seinen Stabilisator<\/a>, um unter allen m\u00f6glichen Bedingungen segeln zu k\u00f6nnen.<\/p>\n<p><a href=\"https:\/\/srokacompany.com\/caracteristiques-techniques-des-ailes-de-foil-sroka\/\">Um die Details Ihrer Fl\u00fcgel und die Werte zu erhalten, klicken Sie auf diesen Link.  <\/a><\/p>\n","protected":false},"excerpt":{"rendered":"<p>K-FOIL ALUMINIUM FREERIDE Das Aluminium Kitefoil erm\u00f6glicht es Ihnen, bei sehr schwachen Windverh\u00e4ltnissen zu segeln und bei starkem Wind an Ihre Grenzen zu gehen. Es erm\u00f6glicht Ihnen, bis zum 4-fachen der Windgeschwindigkeit zu fahren. Das K-Foil wurde von Bruno SROKA 3 x Kitesurfing Weltmeister entwickelt. Bruno ist stets bestrebt, ein sehr hochwertiges Produkt zu einem [&hellip;]<\/p>\n","protected":false},"featured_media":115408,"template":"","meta":{"_acf_changed":false,"_uag_custom_page_level_css":""},"product_brand":[],"product_cat":[2781],"product_tag":[],"class_list":{"0":"post-115323","1":"product","2":"type-product","3":"status-publish","4":"has-post-thumbnail","6":"product_cat-folie","7":"pa_boitier-platine","8":"pa_boitier-probox","9":"pa_longueur-du-mat-entre-boiti-70-cm","10":"pa_longueur-du-mat-entre-boiti-80-cm","11":"pa_longueur-du-mat-entre-boiti-90-cm","12":"pa_longueur-fuselage-73-cm","13":"pa_materiaux-ailette-avant-emprunte-compatible-avec-les-ailettes-carbone-kfoil","14":"pa_materiaux-ailette-avant-g10","15":"pa_materiaux-fuselage-aluminium-anodise","16":"pa_materiaux-mat-aluminium-anodise","17":"pa_materiaux-stabilisateur-g10","18":"pa_niveau-debutant-a-confirme","19":"pa_surface-de-lailette-avant-650-cm2","20":"pa_taille-mat-70-cm","21":"pa_taille-mat-90-cm","22":"pa_taille-mat-80-cm","24":"first","25":"instock","26":"sale","27":"taxable","28":"shipping-taxable","29":"purchasable","30":"product-type-variable","31":"has-default-attributes"},"acf":[],"yoast_head":"<!-- This site is optimized with the Yoast SEO plugin v25.1 - https:\/\/yoast.com\/wordpress\/plugins\/seo\/ -->\n<title>Kitefoil Aluminium Sroka - SROKA Company - Kite Foil<\/title>\n<meta name=\"description\" content=\"Der SROKA Aluminium Kitefoil ist leistungsstark und zug\u00e4nglich. Perfekt f\u00fcr Anf\u00e4nger, die mit den neuen K950-Frontfl\u00fcgeln auftreten.\" \/>\n<meta name=\"robots\" content=\"noindex, follow, max-snippet:-1, max-image-preview:large, max-video-preview:-1\" \/>\n<meta property=\"og:locale\" content=\"de_DE\" \/>\n<meta property=\"og:type\" content=\"article\" \/>\n<meta property=\"og:title\" content=\"Kitefoil Aluminium Sroka - SROKA Company - Kite Foil\" \/>\n<meta property=\"og:description\" content=\"Der SROKA Aluminium Kitefoil ist leistungsstark und zug\u00e4nglich. Perfekt f\u00fcr Anf\u00e4nger, die mit den neuen K950-Frontfl\u00fcgeln auftreten.\" \/>\n<meta property=\"og:url\" content=\"https:\/\/staging.srokafinal.lets-preprod.com\/de\/produit\/k-foil-aluminium-kitefoil\/\" \/>\n<meta property=\"og:site_name\" content=\"SROKA Company\" \/>\n<meta property=\"article:publisher\" content=\"https:\/\/www.facebook.com\/srokawatersports\/\" \/>\n<meta property=\"article:modified_time\" content=\"2024-11-23T13:38:09+00:00\" \/>\n<meta property=\"og:image\" content=\"https:\/\/staging.srokafinal.lets-preprod.com\/wp-content\/uploads\/2020\/12\/K-foil-aluminium-2019-2020-deux-jeux-dailettes-1.jpg\" \/>\n\t<meta property=\"og:image:width\" content=\"780\" \/>\n\t<meta property=\"og:image:height\" content=\"1040\" \/>\n\t<meta property=\"og:image:type\" content=\"image\/jpeg\" \/>\n<meta name=\"twitter:label1\" content=\"Gesch\u00e4tzte Lesezeit\" \/>\n\t<meta name=\"twitter:data1\" content=\"1\u00a0Minute\" \/>\n<script type=\"application\/ld+json\" class=\"yoast-schema-graph\">{\"@context\":\"https:\/\/schema.org\",\"@graph\":[{\"@type\":\"WebPage\",\"@id\":\"https:\/\/staging.srokafinal.lets-preprod.com\/de\/produit\/k-foil-aluminium-kitefoil\/\",\"url\":\"https:\/\/staging.srokafinal.lets-preprod.com\/de\/produit\/k-foil-aluminium-kitefoil\/\",\"name\":\"Kitefoil Aluminium Sroka - SROKA Company - Kite Foil\",\"isPartOf\":{\"@id\":\"https:\/\/staging.srokafinal.lets-preprod.com\/de\/#website\"},\"primaryImageOfPage\":{\"@id\":\"https:\/\/staging.srokafinal.lets-preprod.com\/de\/produit\/k-foil-aluminium-kitefoil\/#primaryimage\"},\"image\":{\"@id\":\"https:\/\/staging.srokafinal.lets-preprod.com\/de\/produit\/k-foil-aluminium-kitefoil\/#primaryimage\"},\"thumbnailUrl\":\"https:\/\/staging.srokafinal.lets-preprod.com\/wp-content\/uploads\/2020\/12\/K-foil-aluminium-2019-2020-deux-jeux-dailettes-1.jpg\",\"datePublished\":\"2018-05-24T10:07:22+00:00\",\"dateModified\":\"2024-11-23T13:38:09+00:00\",\"description\":\"Der SROKA Aluminium Kitefoil ist leistungsstark und zug\u00e4nglich. Perfekt f\u00fcr Anf\u00e4nger, die mit den neuen K950-Frontfl\u00fcgeln auftreten.\",\"breadcrumb\":{\"@id\":\"https:\/\/staging.srokafinal.lets-preprod.com\/de\/produit\/k-foil-aluminium-kitefoil\/#breadcrumb\"},\"inLanguage\":\"de\",\"potentialAction\":[{\"@type\":\"ReadAction\",\"target\":[\"https:\/\/staging.srokafinal.lets-preprod.com\/de\/produit\/k-foil-aluminium-kitefoil\/\"]}]},{\"@type\":\"ImageObject\",\"inLanguage\":\"de\",\"@id\":\"https:\/\/staging.srokafinal.lets-preprod.com\/de\/produit\/k-foil-aluminium-kitefoil\/#primaryimage\",\"url\":\"https:\/\/staging.srokafinal.lets-preprod.com\/wp-content\/uploads\/2020\/12\/K-foil-aluminium-2019-2020-deux-jeux-dailettes-1.jpg\",\"contentUrl\":\"https:\/\/staging.srokafinal.lets-preprod.com\/wp-content\/uploads\/2020\/12\/K-foil-aluminium-2019-2020-deux-jeux-dailettes-1.jpg\",\"width\":780,\"height\":1040,\"caption\":\"Aluminium- und Carbon-Kitefoil f\u00fcr Anf\u00e4nger. Ideal zum Surfen, Carven, Freeriden und Surfen.\"},{\"@type\":\"BreadcrumbList\",\"@id\":\"https:\/\/staging.srokafinal.lets-preprod.com\/de\/produit\/k-foil-aluminium-kitefoil\/#breadcrumb\",\"itemListElement\":[{\"@type\":\"ListItem\",\"position\":1,\"name\":\"Accueil\",\"item\":\"https:\/\/staging.srokafinal.lets-preprod.com\/de\/\"},{\"@type\":\"ListItem\",\"position\":2,\"name\":\"Boutique\",\"item\":\"https:\/\/staging.srokafinal.lets-preprod.com\/boutique\/\"},{\"@type\":\"ListItem\",\"position\":3,\"name\":\"K-Foil Aluminium &#8211; Kitefoil\"}]},{\"@type\":\"WebSite\",\"@id\":\"https:\/\/staging.srokafinal.lets-preprod.com\/de\/#website\",\"url\":\"https:\/\/staging.srokafinal.lets-preprod.com\/de\/\",\"name\":\"SROKA Company\",\"description\":\"SUP, Kite, Foil, Wing\",\"publisher\":{\"@id\":\"https:\/\/staging.srokafinal.lets-preprod.com\/de\/#organization\"},\"potentialAction\":[{\"@type\":\"SearchAction\",\"target\":{\"@type\":\"EntryPoint\",\"urlTemplate\":\"https:\/\/staging.srokafinal.lets-preprod.com\/de\/?s={search_term_string}\"},\"query-input\":{\"@type\":\"PropertyValueSpecification\",\"valueRequired\":true,\"valueName\":\"search_term_string\"}}],\"inLanguage\":\"de\"},{\"@type\":\"Organization\",\"@id\":\"https:\/\/staging.srokafinal.lets-preprod.com\/de\/#organization\",\"name\":\"SROKACOMPANY\",\"alternateName\":\"SROKA\",\"url\":\"https:\/\/staging.srokafinal.lets-preprod.com\/de\/\",\"logo\":{\"@type\":\"ImageObject\",\"inLanguage\":\"de\",\"@id\":\"https:\/\/staging.srokafinal.lets-preprod.com\/de\/#\/schema\/logo\/image\/\",\"url\":\"https:\/\/staging.srokafinal.lets-preprod.com\/wp-content\/uploads\/2021\/01\/logo-sroka-black-transpa.png\",\"contentUrl\":\"https:\/\/staging.srokafinal.lets-preprod.com\/wp-content\/uploads\/2021\/01\/logo-sroka-black-transpa.png\",\"width\":1201,\"height\":342,\"caption\":\"SROKACOMPANY\"},\"image\":{\"@id\":\"https:\/\/staging.srokafinal.lets-preprod.com\/de\/#\/schema\/logo\/image\/\"},\"sameAs\":[\"https:\/\/www.facebook.com\/srokawatersports\/\",\"https:\/\/www.instagram.com\/srokawatersports\/\",\"https:\/\/www.youtube.com\/channel\/UCVLHHeaPIm-J5bdEUgxqtZA\"]}]}<\/script>\n<!-- \/ Yoast SEO plugin. -->","yoast_head_json":{"title":"Kitefoil Aluminium Sroka - SROKA Company - Kite Foil","description":"Der SROKA Aluminium Kitefoil ist leistungsstark und zug\u00e4nglich. Perfekt f\u00fcr Anf\u00e4nger, die mit den neuen K950-Frontfl\u00fcgeln auftreten.","robots":{"index":"noindex","follow":"follow","max-snippet":"max-snippet:-1","max-image-preview":"max-image-preview:large","max-video-preview":"max-video-preview:-1"},"og_locale":"de_DE","og_type":"article","og_title":"Kitefoil Aluminium Sroka - SROKA Company - Kite Foil","og_description":"Der SROKA Aluminium Kitefoil ist leistungsstark und zug\u00e4nglich. Perfekt f\u00fcr Anf\u00e4nger, die mit den neuen K950-Frontfl\u00fcgeln auftreten.","og_url":"https:\/\/staging.srokafinal.lets-preprod.com\/de\/produit\/k-foil-aluminium-kitefoil\/","og_site_name":"SROKA Company","article_publisher":"https:\/\/www.facebook.com\/srokawatersports\/","article_modified_time":"2024-11-23T13:38:09+00:00","og_image":[{"width":780,"height":1040,"url":"https:\/\/staging.srokafinal.lets-preprod.com\/wp-content\/uploads\/2020\/12\/K-foil-aluminium-2019-2020-deux-jeux-dailettes-1.jpg","type":"image\/jpeg"}],"twitter_misc":{"Gesch\u00e4tzte Lesezeit":"1\u00a0Minute"},"schema":{"@context":"https:\/\/schema.org","@graph":[{"@type":"WebPage","@id":"https:\/\/staging.srokafinal.lets-preprod.com\/de\/produit\/k-foil-aluminium-kitefoil\/","url":"https:\/\/staging.srokafinal.lets-preprod.com\/de\/produit\/k-foil-aluminium-kitefoil\/","name":"Kitefoil Aluminium Sroka - SROKA Company - Kite Foil","isPartOf":{"@id":"https:\/\/staging.srokafinal.lets-preprod.com\/de\/#website"},"primaryImageOfPage":{"@id":"https:\/\/staging.srokafinal.lets-preprod.com\/de\/produit\/k-foil-aluminium-kitefoil\/#primaryimage"},"image":{"@id":"https:\/\/staging.srokafinal.lets-preprod.com\/de\/produit\/k-foil-aluminium-kitefoil\/#primaryimage"},"thumbnailUrl":"https:\/\/staging.srokafinal.lets-preprod.com\/wp-content\/uploads\/2020\/12\/K-foil-aluminium-2019-2020-deux-jeux-dailettes-1.jpg","datePublished":"2018-05-24T10:07:22+00:00","dateModified":"2024-11-23T13:38:09+00:00","description":"Der SROKA Aluminium Kitefoil ist leistungsstark und zug\u00e4nglich. Perfekt f\u00fcr Anf\u00e4nger, die mit den neuen K950-Frontfl\u00fcgeln auftreten.","breadcrumb":{"@id":"https:\/\/staging.srokafinal.lets-preprod.com\/de\/produit\/k-foil-aluminium-kitefoil\/#breadcrumb"},"inLanguage":"de","potentialAction":[{"@type":"ReadAction","target":["https:\/\/staging.srokafinal.lets-preprod.com\/de\/produit\/k-foil-aluminium-kitefoil\/"]}]},{"@type":"ImageObject","inLanguage":"de","@id":"https:\/\/staging.srokafinal.lets-preprod.com\/de\/produit\/k-foil-aluminium-kitefoil\/#primaryimage","url":"https:\/\/staging.srokafinal.lets-preprod.com\/wp-content\/uploads\/2020\/12\/K-foil-aluminium-2019-2020-deux-jeux-dailettes-1.jpg","contentUrl":"https:\/\/staging.srokafinal.lets-preprod.com\/wp-content\/uploads\/2020\/12\/K-foil-aluminium-2019-2020-deux-jeux-dailettes-1.jpg","width":780,"height":1040,"caption":"Aluminium- und Carbon-Kitefoil f\u00fcr Anf\u00e4nger. Ideal zum Surfen, Carven, Freeriden und Surfen."},{"@type":"BreadcrumbList","@id":"https:\/\/staging.srokafinal.lets-preprod.com\/de\/produit\/k-foil-aluminium-kitefoil\/#breadcrumb","itemListElement":[{"@type":"ListItem","position":1,"name":"Accueil","item":"https:\/\/staging.srokafinal.lets-preprod.com\/de\/"},{"@type":"ListItem","position":2,"name":"Boutique","item":"https:\/\/staging.srokafinal.lets-preprod.com\/boutique\/"},{"@type":"ListItem","position":3,"name":"K-Foil Aluminium &#8211; Kitefoil"}]},{"@type":"WebSite","@id":"https:\/\/staging.srokafinal.lets-preprod.com\/de\/#website","url":"https:\/\/staging.srokafinal.lets-preprod.com\/de\/","name":"SROKA Company","description":"SUP, Kite, Foil, Wing","publisher":{"@id":"https:\/\/staging.srokafinal.lets-preprod.com\/de\/#organization"},"potentialAction":[{"@type":"SearchAction","target":{"@type":"EntryPoint","urlTemplate":"https:\/\/staging.srokafinal.lets-preprod.com\/de\/?s={search_term_string}"},"query-input":{"@type":"PropertyValueSpecification","valueRequired":true,"valueName":"search_term_string"}}],"inLanguage":"de"},{"@type":"Organization","@id":"https:\/\/staging.srokafinal.lets-preprod.com\/de\/#organization","name":"SROKACOMPANY","alternateName":"SROKA","url":"https:\/\/staging.srokafinal.lets-preprod.com\/de\/","logo":{"@type":"ImageObject","inLanguage":"de","@id":"https:\/\/staging.srokafinal.lets-preprod.com\/de\/#\/schema\/logo\/image\/","url":"https:\/\/staging.srokafinal.lets-preprod.com\/wp-content\/uploads\/2021\/01\/logo-sroka-black-transpa.png","contentUrl":"https:\/\/staging.srokafinal.lets-preprod.com\/wp-content\/uploads\/2021\/01\/logo-sroka-black-transpa.png","width":1201,"height":342,"caption":"SROKACOMPANY"},"image":{"@id":"https:\/\/staging.srokafinal.lets-preprod.com\/de\/#\/schema\/logo\/image\/"},"sameAs":["https:\/\/www.facebook.com\/srokawatersports\/","https:\/\/www.instagram.com\/srokawatersports\/","https:\/\/www.youtube.com\/channel\/UCVLHHeaPIm-J5bdEUgxqtZA"]}]}},"uagb_featured_image_src":{"full":["https:\/\/staging.srokafinal.lets-preprod.com\/wp-content\/uploads\/2020\/12\/K-foil-aluminium-2019-2020-deux-jeux-dailettes-1.jpg",780,1040,false],"thumbnail":["https:\/\/staging.srokafinal.lets-preprod.com\/wp-content\/uploads\/2020\/12\/K-foil-aluminium-2019-2020-deux-jeux-dailettes-1-150x150.jpg",150,150,true],"medium":["https:\/\/staging.srokafinal.lets-preprod.com\/wp-content\/uploads\/2020\/12\/K-foil-aluminium-2019-2020-deux-jeux-dailettes-1-225x300.jpg",225,300,true],"medium_large":["https:\/\/staging.srokafinal.lets-preprod.com\/wp-content\/uploads\/2020\/12\/K-foil-aluminium-2019-2020-deux-jeux-dailettes-1-768x1024.jpg",768,1024,true],"large":["https:\/\/staging.srokafinal.lets-preprod.com\/wp-content\/uploads\/2020\/12\/K-foil-aluminium-2019-2020-deux-jeux-dailettes-1-768x1024.jpg",768,1024,true],"1536x1536":["https:\/\/staging.srokafinal.lets-preprod.com\/wp-content\/uploads\/2020\/12\/K-foil-aluminium-2019-2020-deux-jeux-dailettes-1.jpg",780,1040,false],"2048x2048":["https:\/\/staging.srokafinal.lets-preprod.com\/wp-content\/uploads\/2020\/12\/K-foil-aluminium-2019-2020-deux-jeux-dailettes-1.jpg",780,1040,false],"woocommerce_thumbnail":["https:\/\/staging.srokafinal.lets-preprod.com\/wp-content\/uploads\/2020\/12\/K-foil-aluminium-2019-2020-deux-jeux-dailettes-1-600x800.jpg",600,800,true],"woocommerce_single":["https:\/\/staging.srokafinal.lets-preprod.com\/wp-content\/uploads\/2020\/12\/K-foil-aluminium-2019-2020-deux-jeux-dailettes-1-600x800.jpg",600,800,true],"woocommerce_gallery_thumbnail":["https:\/\/staging.srokafinal.lets-preprod.com\/wp-content\/uploads\/2020\/12\/K-foil-aluminium-2019-2020-deux-jeux-dailettes-1-100x100.jpg",100,100,true]},"uagb_author_info":{"display_name":"Audrey Triquenaux","author_link":"https:\/\/staging.srokafinal.lets-preprod.com\/de\/blog\/author\/"},"uagb_comment_info":0,"uagb_excerpt":"K-FOIL ALUMINIUM FREERIDE Das Aluminium Kitefoil erm\u00f6glicht es Ihnen, bei sehr schwachen Windverh\u00e4ltnissen zu segeln und bei starkem Wind an Ihre Grenzen zu gehen. Es erm\u00f6glicht Ihnen, bis zum 4-fachen der Windgeschwindigkeit zu fahren. Das K-Foil wurde von Bruno SROKA 3 x Kitesurfing Weltmeister entwickelt. Bruno ist stets bestrebt, ein sehr hochwertiges Produkt zu einem&hellip;","_links":{"self":[{"href":"https:\/\/staging.srokafinal.lets-preprod.com\/de\/wp-json\/wp\/v2\/product\/115323","targetHints":{"allow":["GET"]}}],"collection":[{"href":"https:\/\/staging.srokafinal.lets-preprod.com\/de\/wp-json\/wp\/v2\/product"}],"about":[{"href":"https:\/\/staging.srokafinal.lets-preprod.com\/de\/wp-json\/wp\/v2\/types\/product"}],"wp:featuredmedia":[{"embeddable":true,"href":"https:\/\/staging.srokafinal.lets-preprod.com\/de\/wp-json\/wp\/v2\/media\/115408"}],"wp:attachment":[{"href":"https:\/\/staging.srokafinal.lets-preprod.com\/de\/wp-json\/wp\/v2\/media?parent=115323"}],"wp:term":[{"taxonomy":"product_brand","embeddable":true,"href":"https:\/\/staging.srokafinal.lets-preprod.com\/de\/wp-json\/wp\/v2\/product_brand?post=115323"},{"taxonomy":"product_cat","embeddable":true,"href":"https:\/\/staging.srokafinal.lets-preprod.com\/de\/wp-json\/wp\/v2\/product_cat?post=115323"},{"taxonomy":"product_tag","embeddable":true,"href":"https:\/\/staging.srokafinal.lets-preprod.com\/de\/wp-json\/wp\/v2\/product_tag?post=115323"}],"curies":[{"name":"wp","href":"https:\/\/api.w.org\/{rel}","templated":true}]}}