


{"id":115483,"date":"2017-04-24T07:30:07","date_gmt":"2017-04-24T05:30:07","guid":{"rendered":"https:\/\/srokacompany.com\/produit\/twin-tip-und-pocket-board-flossen\/"},"modified":"2024-05-30T09:08:36","modified_gmt":"2024-05-30T09:08:36","slug":"twin-tip-und-pocket-board-flossen","status":"publish","type":"product","link":"https:\/\/staging.srokafinal.lets-preprod.com\/de\/produit\/twin-tip-und-pocket-board-flossen\/","title":{"rendered":"TWIN TIP UND POCKET BOARD FLOSSEN"},"content":{"rendered":"<hr>\n<h1 style=\"text-align: center;\"><strong>Twin Tip und Pocket Board Finnen:<\/strong><\/h1>\n<p>&nbsp;<\/p>\n<p>Die SROKA-Finnen sind mit dem SROKA Twin Tip, aber auch mit dem SROKA Pocket Board kompatibel.<\/p>\n<p>Weitere Informationen zu SROKA-Boards:<\/p>\n<p>&#8211;<a href=\"https:\/\/srokacompany.com\/produit\/twin-tip-sroka-138-x42\/\">TWIN TIP SROKA<\/a> (Kitesurf-Board)<\/p>\n<p>&#8211; <a href=\"https:\/\/srokacompany.com\/produit\/pocket-board-kitefoil\/\">POCKET BOARD SROKA<\/a> (Wakeboard und Kiteboard umwandelbar in ein Foil)<\/p>\n","protected":false},"excerpt":{"rendered":"<p>Twin Tip und Pocket Board Finnen: &nbsp; Die SROKA-Finnen sind mit dem SROKA Twin Tip, aber auch mit dem SROKA Pocket Board kompatibel. Weitere Informationen zu SROKA-Boards: &#8211;TWIN TIP SROKA (Kitesurf-Board) &#8211; POCKET BOARD SROKA (Wakeboard und Kiteboard umwandelbar in ein Foil)<\/p>\n","protected":false},"featured_media":115507,"template":"","meta":{"_acf_changed":false,"_uag_custom_page_level_css":""},"product_brand":[],"product_cat":[3162],"product_tag":[],"class_list":{"0":"post-115483","1":"product","2":"type-product","3":"status-publish","4":"has-post-thumbnail","6":"product_cat-downwind-uha-reihe","8":"first","9":"outofstock","10":"sale","11":"taxable","12":"shipping-taxable","13":"purchasable","14":"product-type-simple"},"acf":[],"yoast_head":"<!-- This site is optimized with the Yoast SEO plugin v25.1 - https:\/\/yoast.com\/wordpress\/plugins\/seo\/ -->\n<title>TWIN TIP UND POCKET BOARD FLOSSEN - SROKA Watersports - Unternehmen<\/title>\n<meta name=\"description\" content=\"Die TWIN TIP FINS SROKA sind vielseitige und widerstandsf\u00e4hige Kitesurfflossen, sie k\u00f6nnen auch auf unserem POCKET BOARD SROKA gez\u00e4hlt werden.\" \/>\n<meta name=\"robots\" content=\"noindex, follow, max-snippet:-1, max-image-preview:large, max-video-preview:-1\" \/>\n<meta property=\"og:locale\" content=\"de_DE\" \/>\n<meta property=\"og:type\" content=\"article\" \/>\n<meta property=\"og:title\" content=\"TWIN TIP UND POCKET BOARD FLOSSEN - SROKA Watersports - Unternehmen\" \/>\n<meta property=\"og:description\" content=\"Die TWIN TIP FINS SROKA sind vielseitige und widerstandsf\u00e4hige Kitesurfflossen, sie k\u00f6nnen auch auf unserem POCKET BOARD SROKA gez\u00e4hlt werden.\" \/>\n<meta property=\"og:url\" content=\"https:\/\/staging.srokafinal.lets-preprod.com\/de\/produit\/twin-tip-und-pocket-board-flossen\/\" \/>\n<meta property=\"og:site_name\" content=\"SROKA Company\" \/>\n<meta property=\"article:publisher\" content=\"https:\/\/www.facebook.com\/srokawatersports\/\" \/>\n<meta property=\"article:modified_time\" content=\"2024-05-30T09:08:36+00:00\" \/>\n<meta property=\"og:image\" content=\"https:\/\/staging.srokafinal.lets-preprod.com\/wp-content\/uploads\/2017\/04\/FIns_SROKA_Twin_tip.png\" \/>\n\t<meta property=\"og:image:width\" content=\"640\" \/>\n\t<meta property=\"og:image:height\" content=\"640\" \/>\n\t<meta property=\"og:image:type\" content=\"image\/png\" \/>\n<script type=\"application\/ld+json\" class=\"yoast-schema-graph\">{\"@context\":\"https:\/\/schema.org\",\"@graph\":[{\"@type\":\"WebPage\",\"@id\":\"https:\/\/staging.srokafinal.lets-preprod.com\/de\/produit\/twin-tip-und-pocket-board-flossen\/\",\"url\":\"https:\/\/staging.srokafinal.lets-preprod.com\/de\/produit\/twin-tip-und-pocket-board-flossen\/\",\"name\":\"TWIN TIP UND POCKET BOARD FLOSSEN - SROKA Watersports - Unternehmen\",\"isPartOf\":{\"@id\":\"https:\/\/staging.srokafinal.lets-preprod.com\/de\/#website\"},\"primaryImageOfPage\":{\"@id\":\"https:\/\/staging.srokafinal.lets-preprod.com\/de\/produit\/twin-tip-und-pocket-board-flossen\/#primaryimage\"},\"image\":{\"@id\":\"https:\/\/staging.srokafinal.lets-preprod.com\/de\/produit\/twin-tip-und-pocket-board-flossen\/#primaryimage\"},\"thumbnailUrl\":\"https:\/\/staging.srokafinal.lets-preprod.com\/wp-content\/uploads\/2017\/04\/FIns_SROKA_Twin_tip.png\",\"datePublished\":\"2017-04-24T05:30:07+00:00\",\"dateModified\":\"2024-05-30T09:08:36+00:00\",\"description\":\"Die TWIN TIP FINS SROKA sind vielseitige und widerstandsf\u00e4hige Kitesurfflossen, sie k\u00f6nnen auch auf unserem POCKET BOARD SROKA gez\u00e4hlt werden.\",\"breadcrumb\":{\"@id\":\"https:\/\/staging.srokafinal.lets-preprod.com\/de\/produit\/twin-tip-und-pocket-board-flossen\/#breadcrumb\"},\"inLanguage\":\"de\",\"potentialAction\":[{\"@type\":\"ReadAction\",\"target\":[\"https:\/\/staging.srokafinal.lets-preprod.com\/de\/produit\/twin-tip-und-pocket-board-flossen\/\"]}]},{\"@type\":\"ImageObject\",\"inLanguage\":\"de\",\"@id\":\"https:\/\/staging.srokafinal.lets-preprod.com\/de\/produit\/twin-tip-und-pocket-board-flossen\/#primaryimage\",\"url\":\"https:\/\/staging.srokafinal.lets-preprod.com\/wp-content\/uploads\/2017\/04\/FIns_SROKA_Twin_tip.png\",\"contentUrl\":\"https:\/\/staging.srokafinal.lets-preprod.com\/wp-content\/uploads\/2017\/04\/FIns_SROKA_Twin_tip.png\",\"width\":640,\"height\":640},{\"@type\":\"BreadcrumbList\",\"@id\":\"https:\/\/staging.srokafinal.lets-preprod.com\/de\/produit\/twin-tip-und-pocket-board-flossen\/#breadcrumb\",\"itemListElement\":[{\"@type\":\"ListItem\",\"position\":1,\"name\":\"Accueil\",\"item\":\"https:\/\/staging.srokafinal.lets-preprod.com\/de\/\"},{\"@type\":\"ListItem\",\"position\":2,\"name\":\"Boutique\",\"item\":\"https:\/\/staging.srokafinal.lets-preprod.com\/boutique\/\"},{\"@type\":\"ListItem\",\"position\":3,\"name\":\"TWIN TIP UND POCKET BOARD FLOSSEN\"}]},{\"@type\":\"WebSite\",\"@id\":\"https:\/\/staging.srokafinal.lets-preprod.com\/de\/#website\",\"url\":\"https:\/\/staging.srokafinal.lets-preprod.com\/de\/\",\"name\":\"SROKA Company\",\"description\":\"SUP, Kite, Foil, Wing\",\"publisher\":{\"@id\":\"https:\/\/staging.srokafinal.lets-preprod.com\/de\/#organization\"},\"potentialAction\":[{\"@type\":\"SearchAction\",\"target\":{\"@type\":\"EntryPoint\",\"urlTemplate\":\"https:\/\/staging.srokafinal.lets-preprod.com\/de\/?s={search_term_string}\"},\"query-input\":{\"@type\":\"PropertyValueSpecification\",\"valueRequired\":true,\"valueName\":\"search_term_string\"}}],\"inLanguage\":\"de\"},{\"@type\":\"Organization\",\"@id\":\"https:\/\/staging.srokafinal.lets-preprod.com\/de\/#organization\",\"name\":\"SROKACOMPANY\",\"alternateName\":\"SROKA\",\"url\":\"https:\/\/staging.srokafinal.lets-preprod.com\/de\/\",\"logo\":{\"@type\":\"ImageObject\",\"inLanguage\":\"de\",\"@id\":\"https:\/\/staging.srokafinal.lets-preprod.com\/de\/#\/schema\/logo\/image\/\",\"url\":\"https:\/\/staging.srokafinal.lets-preprod.com\/wp-content\/uploads\/2021\/01\/logo-sroka-black-transpa.png\",\"contentUrl\":\"https:\/\/staging.srokafinal.lets-preprod.com\/wp-content\/uploads\/2021\/01\/logo-sroka-black-transpa.png\",\"width\":1201,\"height\":342,\"caption\":\"SROKACOMPANY\"},\"image\":{\"@id\":\"https:\/\/staging.srokafinal.lets-preprod.com\/de\/#\/schema\/logo\/image\/\"},\"sameAs\":[\"https:\/\/www.facebook.com\/srokawatersports\/\",\"https:\/\/www.instagram.com\/srokawatersports\/\",\"https:\/\/www.youtube.com\/channel\/UCVLHHeaPIm-J5bdEUgxqtZA\"]}]}<\/script>\n<!-- \/ Yoast SEO plugin. -->","yoast_head_json":{"title":"TWIN TIP UND POCKET BOARD FLOSSEN - SROKA Watersports - Unternehmen","description":"Die TWIN TIP FINS SROKA sind vielseitige und widerstandsf\u00e4hige Kitesurfflossen, sie k\u00f6nnen auch auf unserem POCKET BOARD SROKA gez\u00e4hlt werden.","robots":{"index":"noindex","follow":"follow","max-snippet":"max-snippet:-1","max-image-preview":"max-image-preview:large","max-video-preview":"max-video-preview:-1"},"og_locale":"de_DE","og_type":"article","og_title":"TWIN TIP UND POCKET BOARD FLOSSEN - SROKA Watersports - Unternehmen","og_description":"Die TWIN TIP FINS SROKA sind vielseitige und widerstandsf\u00e4hige Kitesurfflossen, sie k\u00f6nnen auch auf unserem POCKET BOARD SROKA gez\u00e4hlt werden.","og_url":"https:\/\/staging.srokafinal.lets-preprod.com\/de\/produit\/twin-tip-und-pocket-board-flossen\/","og_site_name":"SROKA Company","article_publisher":"https:\/\/www.facebook.com\/srokawatersports\/","article_modified_time":"2024-05-30T09:08:36+00:00","og_image":[{"width":640,"height":640,"url":"https:\/\/staging.srokafinal.lets-preprod.com\/wp-content\/uploads\/2017\/04\/FIns_SROKA_Twin_tip.png","type":"image\/png"}],"schema":{"@context":"https:\/\/schema.org","@graph":[{"@type":"WebPage","@id":"https:\/\/staging.srokafinal.lets-preprod.com\/de\/produit\/twin-tip-und-pocket-board-flossen\/","url":"https:\/\/staging.srokafinal.lets-preprod.com\/de\/produit\/twin-tip-und-pocket-board-flossen\/","name":"TWIN TIP UND POCKET BOARD FLOSSEN - SROKA Watersports - Unternehmen","isPartOf":{"@id":"https:\/\/staging.srokafinal.lets-preprod.com\/de\/#website"},"primaryImageOfPage":{"@id":"https:\/\/staging.srokafinal.lets-preprod.com\/de\/produit\/twin-tip-und-pocket-board-flossen\/#primaryimage"},"image":{"@id":"https:\/\/staging.srokafinal.lets-preprod.com\/de\/produit\/twin-tip-und-pocket-board-flossen\/#primaryimage"},"thumbnailUrl":"https:\/\/staging.srokafinal.lets-preprod.com\/wp-content\/uploads\/2017\/04\/FIns_SROKA_Twin_tip.png","datePublished":"2017-04-24T05:30:07+00:00","dateModified":"2024-05-30T09:08:36+00:00","description":"Die TWIN TIP FINS SROKA sind vielseitige und widerstandsf\u00e4hige Kitesurfflossen, sie k\u00f6nnen auch auf unserem POCKET BOARD SROKA gez\u00e4hlt werden.","breadcrumb":{"@id":"https:\/\/staging.srokafinal.lets-preprod.com\/de\/produit\/twin-tip-und-pocket-board-flossen\/#breadcrumb"},"inLanguage":"de","potentialAction":[{"@type":"ReadAction","target":["https:\/\/staging.srokafinal.lets-preprod.com\/de\/produit\/twin-tip-und-pocket-board-flossen\/"]}]},{"@type":"ImageObject","inLanguage":"de","@id":"https:\/\/staging.srokafinal.lets-preprod.com\/de\/produit\/twin-tip-und-pocket-board-flossen\/#primaryimage","url":"https:\/\/staging.srokafinal.lets-preprod.com\/wp-content\/uploads\/2017\/04\/FIns_SROKA_Twin_tip.png","contentUrl":"https:\/\/staging.srokafinal.lets-preprod.com\/wp-content\/uploads\/2017\/04\/FIns_SROKA_Twin_tip.png","width":640,"height":640},{"@type":"BreadcrumbList","@id":"https:\/\/staging.srokafinal.lets-preprod.com\/de\/produit\/twin-tip-und-pocket-board-flossen\/#breadcrumb","itemListElement":[{"@type":"ListItem","position":1,"name":"Accueil","item":"https:\/\/staging.srokafinal.lets-preprod.com\/de\/"},{"@type":"ListItem","position":2,"name":"Boutique","item":"https:\/\/staging.srokafinal.lets-preprod.com\/boutique\/"},{"@type":"ListItem","position":3,"name":"TWIN TIP UND POCKET BOARD FLOSSEN"}]},{"@type":"WebSite","@id":"https:\/\/staging.srokafinal.lets-preprod.com\/de\/#website","url":"https:\/\/staging.srokafinal.lets-preprod.com\/de\/","name":"SROKA Company","description":"SUP, Kite, Foil, Wing","publisher":{"@id":"https:\/\/staging.srokafinal.lets-preprod.com\/de\/#organization"},"potentialAction":[{"@type":"SearchAction","target":{"@type":"EntryPoint","urlTemplate":"https:\/\/staging.srokafinal.lets-preprod.com\/de\/?s={search_term_string}"},"query-input":{"@type":"PropertyValueSpecification","valueRequired":true,"valueName":"search_term_string"}}],"inLanguage":"de"},{"@type":"Organization","@id":"https:\/\/staging.srokafinal.lets-preprod.com\/de\/#organization","name":"SROKACOMPANY","alternateName":"SROKA","url":"https:\/\/staging.srokafinal.lets-preprod.com\/de\/","logo":{"@type":"ImageObject","inLanguage":"de","@id":"https:\/\/staging.srokafinal.lets-preprod.com\/de\/#\/schema\/logo\/image\/","url":"https:\/\/staging.srokafinal.lets-preprod.com\/wp-content\/uploads\/2021\/01\/logo-sroka-black-transpa.png","contentUrl":"https:\/\/staging.srokafinal.lets-preprod.com\/wp-content\/uploads\/2021\/01\/logo-sroka-black-transpa.png","width":1201,"height":342,"caption":"SROKACOMPANY"},"image":{"@id":"https:\/\/staging.srokafinal.lets-preprod.com\/de\/#\/schema\/logo\/image\/"},"sameAs":["https:\/\/www.facebook.com\/srokawatersports\/","https:\/\/www.instagram.com\/srokawatersports\/","https:\/\/www.youtube.com\/channel\/UCVLHHeaPIm-J5bdEUgxqtZA"]}]}},"uagb_featured_image_src":{"full":["https:\/\/staging.srokafinal.lets-preprod.com\/wp-content\/uploads\/2017\/04\/FIns_SROKA_Twin_tip.png",640,640,false],"thumbnail":["https:\/\/staging.srokafinal.lets-preprod.com\/wp-content\/uploads\/2017\/04\/FIns_SROKA_Twin_tip-150x150.png",150,150,true],"medium":["https:\/\/staging.srokafinal.lets-preprod.com\/wp-content\/uploads\/2017\/04\/FIns_SROKA_Twin_tip-300x300.png",300,300,true],"medium_large":["https:\/\/staging.srokafinal.lets-preprod.com\/wp-content\/uploads\/2017\/04\/FIns_SROKA_Twin_tip.png",640,640,false],"large":["https:\/\/staging.srokafinal.lets-preprod.com\/wp-content\/uploads\/2017\/04\/FIns_SROKA_Twin_tip.png",640,640,false],"1536x1536":["https:\/\/staging.srokafinal.lets-preprod.com\/wp-content\/uploads\/2017\/04\/FIns_SROKA_Twin_tip.png",640,640,false],"2048x2048":["https:\/\/staging.srokafinal.lets-preprod.com\/wp-content\/uploads\/2017\/04\/FIns_SROKA_Twin_tip.png",640,640,false],"woocommerce_thumbnail":["https:\/\/staging.srokafinal.lets-preprod.com\/wp-content\/uploads\/2017\/04\/FIns_SROKA_Twin_tip-600x600.png",600,600,true],"woocommerce_single":["https:\/\/staging.srokafinal.lets-preprod.com\/wp-content\/uploads\/2017\/04\/FIns_SROKA_Twin_tip-600x600.png",600,600,true],"woocommerce_gallery_thumbnail":["https:\/\/staging.srokafinal.lets-preprod.com\/wp-content\/uploads\/2017\/04\/FIns_SROKA_Twin_tip-100x100.png",100,100,true]},"uagb_author_info":{"display_name":"matthieumilliot_xd7qukoc","author_link":"https:\/\/staging.srokafinal.lets-preprod.com\/de\/blog\/author\/"},"uagb_comment_info":0,"uagb_excerpt":"Twin Tip und Pocket Board Finnen: &nbsp; Die SROKA-Finnen sind mit dem SROKA Twin Tip, aber auch mit dem SROKA Pocket Board kompatibel. Weitere Informationen zu SROKA-Boards: &#8211;TWIN TIP SROKA (Kitesurf-Board) &#8211; POCKET BOARD SROKA (Wakeboard und Kiteboard umwandelbar in ein Foil)","_links":{"self":[{"href":"https:\/\/staging.srokafinal.lets-preprod.com\/de\/wp-json\/wp\/v2\/product\/115483","targetHints":{"allow":["GET"]}}],"collection":[{"href":"https:\/\/staging.srokafinal.lets-preprod.com\/de\/wp-json\/wp\/v2\/product"}],"about":[{"href":"https:\/\/staging.srokafinal.lets-preprod.com\/de\/wp-json\/wp\/v2\/types\/product"}],"wp:featuredmedia":[{"embeddable":true,"href":"https:\/\/staging.srokafinal.lets-preprod.com\/de\/wp-json\/wp\/v2\/media\/115507"}],"wp:attachment":[{"href":"https:\/\/staging.srokafinal.lets-preprod.com\/de\/wp-json\/wp\/v2\/media?parent=115483"}],"wp:term":[{"taxonomy":"product_brand","embeddable":true,"href":"https:\/\/staging.srokafinal.lets-preprod.com\/de\/wp-json\/wp\/v2\/product_brand?post=115483"},{"taxonomy":"product_cat","embeddable":true,"href":"https:\/\/staging.srokafinal.lets-preprod.com\/de\/wp-json\/wp\/v2\/product_cat?post=115483"},{"taxonomy":"product_tag","embeddable":true,"href":"https:\/\/staging.srokafinal.lets-preprod.com\/de\/wp-json\/wp\/v2\/product_tag?post=115483"}],"curies":[{"name":"wp","href":"https:\/\/api.w.org\/{rel}","templated":true}]}}