


{"id":115643,"date":"2018-01-16T13:48:45","date_gmt":"2018-01-16T11:48:45","guid":{"rendered":"https:\/\/srokacompany.com\/produit\/leine-gerade-9\/"},"modified":"2024-05-30T09:09:01","modified_gmt":"2024-05-30T09:09:01","slug":"leine-gerade-9","status":"publish","type":"product","link":"https:\/\/staging.srokafinal.lets-preprod.com\/de\/produit\/leine-gerade-9\/","title":{"rendered":"Leine gerade 9&#8242;"},"content":{"rendered":"<hr>\n<h1>Leash SUP 9&#8242; gerade<\/h1>\n<p>Diese gerade 9-Fu\u00df-SUP-Leine f\u00fcr Surf-, <a href=\"https:\/\/srokacompany.com\/eshop\/planche-wing-foil\/\">Foil<\/a>&#8211; <strong>und <a href=\"https:\/\/srokacompany.com\/produit\/stand-up-paddle-tandem-duo-windsup\/\">aufblasbare Stand-Up-Paddles soll<\/a><\/strong> Sie und Ihre Ausr\u00fcstung in jeder Situation sch\u00fctzen. Sein Durchmesser von 8 mm in PU bietet eine hervorragende Best\u00e4ndigkeit und kann unter allen Bedingungen verwendet werden. Das bequeme Neopren um den Kn\u00f6chel erm\u00f6glicht einen angenehmen und sicheren Griff sowie eine optimale Widerstandsf\u00e4higkeit gegen die Meeres- und Wasserumgebung. Es ist mit allen unseren aufblasbaren SUP-Boards, aber auch <a href=\"https:\/\/srokacompany.com\/2023\/03\/wingfoil-comment-virer-de-bord-sroka-company\/\">unseren Foil-Boards<\/a> kompatibel und kann f\u00fcr unsere <a href=\"https:\/\/srokacompany.com\/eshop\/aile-wing-foil\/\">Sroka Wings<\/a> verwendet werden.<\/p>\n","protected":false},"excerpt":{"rendered":"<p>Leash SUP 9&#8242; gerade Diese gerade 9-Fu\u00df-SUP-Leine f\u00fcr Surf-, Foil&#8211; und aufblasbare Stand-Up-Paddles soll Sie und Ihre Ausr\u00fcstung in jeder Situation sch\u00fctzen. Sein Durchmesser von 8 mm in PU bietet eine hervorragende Best\u00e4ndigkeit und kann unter allen Bedingungen verwendet werden. Das bequeme Neopren um den Kn\u00f6chel erm\u00f6glicht einen angenehmen und sicheren Griff sowie eine optimale [&hellip;]<\/p>\n","protected":false},"featured_media":115666,"template":"","meta":{"_acf_changed":false,"_uag_custom_page_level_css":""},"product_brand":[],"product_cat":[2784,2773,2812],"product_tag":[],"class_list":{"0":"post-115643","1":"product","2":"type-product","3":"status-publish","4":"has-post-thumbnail","6":"product_cat-flugel-foil","7":"product_cat-aufblasbare-paddel","8":"product_cat-paddel-zubehor","9":"product_shipping_class-kleiner-versand","10":"pa_couleur-black","11":"pa_couleur-blue","12":"pa_couleur-red","13":"pa_couleur-white","15":"first","16":"instock","17":"taxable","18":"shipping-taxable","19":"purchasable","20":"product-type-variable"},"acf":[],"yoast_head":"<!-- This site is optimized with the Yoast SEO plugin v25.1 - https:\/\/yoast.com\/wordpress\/plugins\/seo\/ -->\n<title>9&#039; gerade Leine f\u00fcr SUP und Surf - SROKA Company -<\/title>\n<meta name=\"description\" content=\"Diese gerade 9-Fu\u00df-SUP-Leash zum Surfen und aufblasbaren Stand Up Paddle ist perfekt zum Surfen, Foilen oder Stand Up Paddle Boarding.\" \/>\n<meta name=\"robots\" content=\"noindex, follow, max-snippet:-1, max-image-preview:large, max-video-preview:-1\" \/>\n<meta property=\"og:locale\" content=\"de_DE\" \/>\n<meta property=\"og:type\" content=\"article\" \/>\n<meta property=\"og:title\" content=\"9&#039; gerade Leine f\u00fcr SUP und Surf - SROKA Company -\" \/>\n<meta property=\"og:description\" content=\"Diese gerade 9-Fu\u00df-SUP-Leash zum Surfen und aufblasbaren Stand Up Paddle ist perfekt zum Surfen, Foilen oder Stand Up Paddle Boarding.\" \/>\n<meta property=\"og:url\" content=\"https:\/\/staging.srokafinal.lets-preprod.com\/de\/produit\/leine-gerade-9\/\" \/>\n<meta property=\"og:site_name\" content=\"SROKA Company\" \/>\n<meta property=\"article:publisher\" content=\"https:\/\/www.facebook.com\/srokawatersports\/\" \/>\n<meta property=\"article:modified_time\" content=\"2024-05-30T09:09:01+00:00\" \/>\n<meta property=\"og:image\" content=\"https:\/\/staging.srokafinal.lets-preprod.com\/wp-content\/uploads\/2018\/01\/full-set-leash-9-straight-sketch.jpg\" \/>\n\t<meta property=\"og:image:width\" content=\"780\" \/>\n\t<meta property=\"og:image:height\" content=\"1040\" \/>\n\t<meta property=\"og:image:type\" content=\"image\/jpeg\" \/>\n<script type=\"application\/ld+json\" class=\"yoast-schema-graph\">{\"@context\":\"https:\/\/schema.org\",\"@graph\":[{\"@type\":\"WebPage\",\"@id\":\"https:\/\/staging.srokafinal.lets-preprod.com\/de\/produit\/leine-gerade-9\/\",\"url\":\"https:\/\/staging.srokafinal.lets-preprod.com\/de\/produit\/leine-gerade-9\/\",\"name\":\"9' gerade Leine f\u00fcr SUP und Surf - SROKA Company -\",\"isPartOf\":{\"@id\":\"https:\/\/staging.srokafinal.lets-preprod.com\/de\/#website\"},\"primaryImageOfPage\":{\"@id\":\"https:\/\/staging.srokafinal.lets-preprod.com\/de\/produit\/leine-gerade-9\/#primaryimage\"},\"image\":{\"@id\":\"https:\/\/staging.srokafinal.lets-preprod.com\/de\/produit\/leine-gerade-9\/#primaryimage\"},\"thumbnailUrl\":\"https:\/\/staging.srokafinal.lets-preprod.com\/wp-content\/uploads\/2018\/01\/full-set-leash-9-straight-sketch.jpg\",\"datePublished\":\"2018-01-16T11:48:45+00:00\",\"dateModified\":\"2024-05-30T09:09:01+00:00\",\"description\":\"Diese gerade 9-Fu\u00df-SUP-Leash zum Surfen und aufblasbaren Stand Up Paddle ist perfekt zum Surfen, Foilen oder Stand Up Paddle Boarding.\",\"breadcrumb\":{\"@id\":\"https:\/\/staging.srokafinal.lets-preprod.com\/de\/produit\/leine-gerade-9\/#breadcrumb\"},\"inLanguage\":\"de\",\"potentialAction\":[{\"@type\":\"ReadAction\",\"target\":[\"https:\/\/staging.srokafinal.lets-preprod.com\/de\/produit\/leine-gerade-9\/\"]}]},{\"@type\":\"ImageObject\",\"inLanguage\":\"de\",\"@id\":\"https:\/\/staging.srokafinal.lets-preprod.com\/de\/produit\/leine-gerade-9\/#primaryimage\",\"url\":\"https:\/\/staging.srokafinal.lets-preprod.com\/wp-content\/uploads\/2018\/01\/full-set-leash-9-straight-sketch.jpg\",\"contentUrl\":\"https:\/\/staging.srokafinal.lets-preprod.com\/wp-content\/uploads\/2018\/01\/full-set-leash-9-straight-sketch.jpg\",\"width\":780,\"height\":1040,\"caption\":\"Ultrastarke 10' Spiralleine\"},{\"@type\":\"BreadcrumbList\",\"@id\":\"https:\/\/staging.srokafinal.lets-preprod.com\/de\/produit\/leine-gerade-9\/#breadcrumb\",\"itemListElement\":[{\"@type\":\"ListItem\",\"position\":1,\"name\":\"Accueil\",\"item\":\"https:\/\/staging.srokafinal.lets-preprod.com\/de\/\"},{\"@type\":\"ListItem\",\"position\":2,\"name\":\"Boutique\",\"item\":\"https:\/\/staging.srokafinal.lets-preprod.com\/boutique\/\"},{\"@type\":\"ListItem\",\"position\":3,\"name\":\"Leine gerade 9&#8242;\"}]},{\"@type\":\"WebSite\",\"@id\":\"https:\/\/staging.srokafinal.lets-preprod.com\/de\/#website\",\"url\":\"https:\/\/staging.srokafinal.lets-preprod.com\/de\/\",\"name\":\"SROKA Company\",\"description\":\"SUP, Kite, Foil, Wing\",\"publisher\":{\"@id\":\"https:\/\/staging.srokafinal.lets-preprod.com\/de\/#organization\"},\"potentialAction\":[{\"@type\":\"SearchAction\",\"target\":{\"@type\":\"EntryPoint\",\"urlTemplate\":\"https:\/\/staging.srokafinal.lets-preprod.com\/de\/?s={search_term_string}\"},\"query-input\":{\"@type\":\"PropertyValueSpecification\",\"valueRequired\":true,\"valueName\":\"search_term_string\"}}],\"inLanguage\":\"de\"},{\"@type\":\"Organization\",\"@id\":\"https:\/\/staging.srokafinal.lets-preprod.com\/de\/#organization\",\"name\":\"SROKACOMPANY\",\"alternateName\":\"SROKA\",\"url\":\"https:\/\/staging.srokafinal.lets-preprod.com\/de\/\",\"logo\":{\"@type\":\"ImageObject\",\"inLanguage\":\"de\",\"@id\":\"https:\/\/staging.srokafinal.lets-preprod.com\/de\/#\/schema\/logo\/image\/\",\"url\":\"https:\/\/staging.srokafinal.lets-preprod.com\/wp-content\/uploads\/2021\/01\/logo-sroka-black-transpa.png\",\"contentUrl\":\"https:\/\/staging.srokafinal.lets-preprod.com\/wp-content\/uploads\/2021\/01\/logo-sroka-black-transpa.png\",\"width\":1201,\"height\":342,\"caption\":\"SROKACOMPANY\"},\"image\":{\"@id\":\"https:\/\/staging.srokafinal.lets-preprod.com\/de\/#\/schema\/logo\/image\/\"},\"sameAs\":[\"https:\/\/www.facebook.com\/srokawatersports\/\",\"https:\/\/www.instagram.com\/srokawatersports\/\",\"https:\/\/www.youtube.com\/channel\/UCVLHHeaPIm-J5bdEUgxqtZA\"]}]}<\/script>\n<!-- \/ Yoast SEO plugin. -->","yoast_head_json":{"title":"9' gerade Leine f\u00fcr SUP und Surf - SROKA Company -","description":"Diese gerade 9-Fu\u00df-SUP-Leash zum Surfen und aufblasbaren Stand Up Paddle ist perfekt zum Surfen, Foilen oder Stand Up Paddle Boarding.","robots":{"index":"noindex","follow":"follow","max-snippet":"max-snippet:-1","max-image-preview":"max-image-preview:large","max-video-preview":"max-video-preview:-1"},"og_locale":"de_DE","og_type":"article","og_title":"9' gerade Leine f\u00fcr SUP und Surf - SROKA Company -","og_description":"Diese gerade 9-Fu\u00df-SUP-Leash zum Surfen und aufblasbaren Stand Up Paddle ist perfekt zum Surfen, Foilen oder Stand Up Paddle Boarding.","og_url":"https:\/\/staging.srokafinal.lets-preprod.com\/de\/produit\/leine-gerade-9\/","og_site_name":"SROKA Company","article_publisher":"https:\/\/www.facebook.com\/srokawatersports\/","article_modified_time":"2024-05-30T09:09:01+00:00","og_image":[{"width":780,"height":1040,"url":"https:\/\/staging.srokafinal.lets-preprod.com\/wp-content\/uploads\/2018\/01\/full-set-leash-9-straight-sketch.jpg","type":"image\/jpeg"}],"schema":{"@context":"https:\/\/schema.org","@graph":[{"@type":"WebPage","@id":"https:\/\/staging.srokafinal.lets-preprod.com\/de\/produit\/leine-gerade-9\/","url":"https:\/\/staging.srokafinal.lets-preprod.com\/de\/produit\/leine-gerade-9\/","name":"9' gerade Leine f\u00fcr SUP und Surf - SROKA Company -","isPartOf":{"@id":"https:\/\/staging.srokafinal.lets-preprod.com\/de\/#website"},"primaryImageOfPage":{"@id":"https:\/\/staging.srokafinal.lets-preprod.com\/de\/produit\/leine-gerade-9\/#primaryimage"},"image":{"@id":"https:\/\/staging.srokafinal.lets-preprod.com\/de\/produit\/leine-gerade-9\/#primaryimage"},"thumbnailUrl":"https:\/\/staging.srokafinal.lets-preprod.com\/wp-content\/uploads\/2018\/01\/full-set-leash-9-straight-sketch.jpg","datePublished":"2018-01-16T11:48:45+00:00","dateModified":"2024-05-30T09:09:01+00:00","description":"Diese gerade 9-Fu\u00df-SUP-Leash zum Surfen und aufblasbaren Stand Up Paddle ist perfekt zum Surfen, Foilen oder Stand Up Paddle Boarding.","breadcrumb":{"@id":"https:\/\/staging.srokafinal.lets-preprod.com\/de\/produit\/leine-gerade-9\/#breadcrumb"},"inLanguage":"de","potentialAction":[{"@type":"ReadAction","target":["https:\/\/staging.srokafinal.lets-preprod.com\/de\/produit\/leine-gerade-9\/"]}]},{"@type":"ImageObject","inLanguage":"de","@id":"https:\/\/staging.srokafinal.lets-preprod.com\/de\/produit\/leine-gerade-9\/#primaryimage","url":"https:\/\/staging.srokafinal.lets-preprod.com\/wp-content\/uploads\/2018\/01\/full-set-leash-9-straight-sketch.jpg","contentUrl":"https:\/\/staging.srokafinal.lets-preprod.com\/wp-content\/uploads\/2018\/01\/full-set-leash-9-straight-sketch.jpg","width":780,"height":1040,"caption":"Ultrastarke 10' Spiralleine"},{"@type":"BreadcrumbList","@id":"https:\/\/staging.srokafinal.lets-preprod.com\/de\/produit\/leine-gerade-9\/#breadcrumb","itemListElement":[{"@type":"ListItem","position":1,"name":"Accueil","item":"https:\/\/staging.srokafinal.lets-preprod.com\/de\/"},{"@type":"ListItem","position":2,"name":"Boutique","item":"https:\/\/staging.srokafinal.lets-preprod.com\/boutique\/"},{"@type":"ListItem","position":3,"name":"Leine gerade 9&#8242;"}]},{"@type":"WebSite","@id":"https:\/\/staging.srokafinal.lets-preprod.com\/de\/#website","url":"https:\/\/staging.srokafinal.lets-preprod.com\/de\/","name":"SROKA Company","description":"SUP, Kite, Foil, Wing","publisher":{"@id":"https:\/\/staging.srokafinal.lets-preprod.com\/de\/#organization"},"potentialAction":[{"@type":"SearchAction","target":{"@type":"EntryPoint","urlTemplate":"https:\/\/staging.srokafinal.lets-preprod.com\/de\/?s={search_term_string}"},"query-input":{"@type":"PropertyValueSpecification","valueRequired":true,"valueName":"search_term_string"}}],"inLanguage":"de"},{"@type":"Organization","@id":"https:\/\/staging.srokafinal.lets-preprod.com\/de\/#organization","name":"SROKACOMPANY","alternateName":"SROKA","url":"https:\/\/staging.srokafinal.lets-preprod.com\/de\/","logo":{"@type":"ImageObject","inLanguage":"de","@id":"https:\/\/staging.srokafinal.lets-preprod.com\/de\/#\/schema\/logo\/image\/","url":"https:\/\/staging.srokafinal.lets-preprod.com\/wp-content\/uploads\/2021\/01\/logo-sroka-black-transpa.png","contentUrl":"https:\/\/staging.srokafinal.lets-preprod.com\/wp-content\/uploads\/2021\/01\/logo-sroka-black-transpa.png","width":1201,"height":342,"caption":"SROKACOMPANY"},"image":{"@id":"https:\/\/staging.srokafinal.lets-preprod.com\/de\/#\/schema\/logo\/image\/"},"sameAs":["https:\/\/www.facebook.com\/srokawatersports\/","https:\/\/www.instagram.com\/srokawatersports\/","https:\/\/www.youtube.com\/channel\/UCVLHHeaPIm-J5bdEUgxqtZA"]}]}},"uagb_featured_image_src":{"full":["https:\/\/staging.srokafinal.lets-preprod.com\/wp-content\/uploads\/2018\/01\/full-set-leash-9-straight-sketch.jpg",780,1040,false],"thumbnail":["https:\/\/staging.srokafinal.lets-preprod.com\/wp-content\/uploads\/2018\/01\/full-set-leash-9-straight-sketch-150x150.jpg",150,150,true],"medium":["https:\/\/staging.srokafinal.lets-preprod.com\/wp-content\/uploads\/2018\/01\/full-set-leash-9-straight-sketch-225x300.jpg",225,300,true],"medium_large":["https:\/\/staging.srokafinal.lets-preprod.com\/wp-content\/uploads\/2018\/01\/full-set-leash-9-straight-sketch-768x1024.jpg",768,1024,true],"large":["https:\/\/staging.srokafinal.lets-preprod.com\/wp-content\/uploads\/2018\/01\/full-set-leash-9-straight-sketch-768x1024.jpg",768,1024,true],"1536x1536":["https:\/\/staging.srokafinal.lets-preprod.com\/wp-content\/uploads\/2018\/01\/full-set-leash-9-straight-sketch.jpg",780,1040,false],"2048x2048":["https:\/\/staging.srokafinal.lets-preprod.com\/wp-content\/uploads\/2018\/01\/full-set-leash-9-straight-sketch.jpg",780,1040,false],"woocommerce_thumbnail":["https:\/\/staging.srokafinal.lets-preprod.com\/wp-content\/uploads\/2018\/01\/full-set-leash-9-straight-sketch-600x800.jpg",600,800,true],"woocommerce_single":["https:\/\/staging.srokafinal.lets-preprod.com\/wp-content\/uploads\/2018\/01\/full-set-leash-9-straight-sketch-600x800.jpg",600,800,true],"woocommerce_gallery_thumbnail":["https:\/\/staging.srokafinal.lets-preprod.com\/wp-content\/uploads\/2018\/01\/full-set-leash-9-straight-sketch-100x100.jpg",100,100,true]},"uagb_author_info":{"display_name":"Bruno Sroka","author_link":"https:\/\/staging.srokafinal.lets-preprod.com\/de\/blog\/author\/"},"uagb_comment_info":0,"uagb_excerpt":"Leash SUP 9&#8242; gerade Diese gerade 9-Fu\u00df-SUP-Leine f\u00fcr Surf-, Foil&#8211; und aufblasbare Stand-Up-Paddles soll Sie und Ihre Ausr\u00fcstung in jeder Situation sch\u00fctzen. Sein Durchmesser von 8 mm in PU bietet eine hervorragende Best\u00e4ndigkeit und kann unter allen Bedingungen verwendet werden. Das bequeme Neopren um den Kn\u00f6chel erm\u00f6glicht einen angenehmen und sicheren Griff sowie eine optimale&hellip;","_links":{"self":[{"href":"https:\/\/staging.srokafinal.lets-preprod.com\/de\/wp-json\/wp\/v2\/product\/115643","targetHints":{"allow":["GET"]}}],"collection":[{"href":"https:\/\/staging.srokafinal.lets-preprod.com\/de\/wp-json\/wp\/v2\/product"}],"about":[{"href":"https:\/\/staging.srokafinal.lets-preprod.com\/de\/wp-json\/wp\/v2\/types\/product"}],"wp:featuredmedia":[{"embeddable":true,"href":"https:\/\/staging.srokafinal.lets-preprod.com\/de\/wp-json\/wp\/v2\/media\/115666"}],"wp:attachment":[{"href":"https:\/\/staging.srokafinal.lets-preprod.com\/de\/wp-json\/wp\/v2\/media?parent=115643"}],"wp:term":[{"taxonomy":"product_brand","embeddable":true,"href":"https:\/\/staging.srokafinal.lets-preprod.com\/de\/wp-json\/wp\/v2\/product_brand?post=115643"},{"taxonomy":"product_cat","embeddable":true,"href":"https:\/\/staging.srokafinal.lets-preprod.com\/de\/wp-json\/wp\/v2\/product_cat?post=115643"},{"taxonomy":"product_tag","embeddable":true,"href":"https:\/\/staging.srokafinal.lets-preprod.com\/de\/wp-json\/wp\/v2\/product_tag?post=115643"}],"curies":[{"name":"wp","href":"https:\/\/api.w.org\/{rel}","templated":true}]}}