


{"id":115707,"date":"2018-05-16T08:45:41","date_gmt":"2018-05-16T06:45:41","guid":{"rendered":"https:\/\/srokacompany.com\/produit\/aluminium-kitefoil-und-pocket-board-paket\/"},"modified":"2024-05-30T09:08:59","modified_gmt":"2024-05-30T09:08:59","slug":"aluminium-kitefoil-und-pocket-board-paket","status":"publish","type":"product","link":"https:\/\/staging.srokafinal.lets-preprod.com\/de\/produit\/aluminium-kitefoil-und-pocket-board-paket\/","title":{"rendered":"Aluminium-Kitefoil- und Pocket-Board-Paket"},"content":{"rendered":"<hr>\n<h1>Paket Aluminium Kitefoil &amp; Boardtasche<\/h1>\n<p>Das beste Preis-Leistungs-Verh\u00e4ltnis auf dem Markt, dieses <strong>Aluminium Kitefoil &amp; Board Pocket Paket<\/strong> ist perfekt, um <strong>das Foilen, Verbessern und Cruisen zu lernen <\/strong><strong> . <\/strong>Dieses Aluminium Kitefoil &amp; Board Pocket Paket wird Sie mit seiner Einfachheit und &#8220;Skalierbarkeit&#8221; verf\u00fchren. Da der Rumpf die gleichen Aufdrucke wie der Rumpf des Carbon-Kfoils hat, k\u00f6nnen Sie Ihre Flossen jederzeit auf Carbonflossen aufr\u00fcsten und Ihr Foil im Laufe der Zeit weiterentwickeln, um sich mit Spa\u00df weiterzuentwickeln.<\/p>\n<ul>\n<li><strong>Pocket Board, hergestellt in Frankreich, f\u00fcr den doppelten Gebrauch: Directional oder Pocket Board f\u00fcr Kitefoil und Wakefoil<\/strong><\/li>\n<li><strong>Optionale Riemeneins\u00e4tze und Flossen f\u00fcr den direktionalen Einsatz<\/strong><\/li>\n<li><strong>Kitefoil Mast &amp; Rumpf aus hochwertigem Aluminium, T6061 Monoblock, sehr dichte Eloxierung (60microns)<\/strong><\/li>\n<li><strong>Mast-Rumpf-Verbindung mit M8-Schrauben f\u00fcr maximale Steifigkeit<\/strong><\/li>\n<li><strong>Winglet-Rumpf-Baugruppe, die mit dem Kfoil-Carbon identisch ist, garantiert eine gute Steifigkeit  <\/strong><\/li>\n<li><strong>G10 Flossen<\/strong><\/li>\n<li><strong>Die Lamellenfl\u00e4che von 650 cm2 bietet eine gro\u00dfe Auftriebsfl\u00e4che, um Ihnen den Einstieg zu erleichtern<\/strong><\/li>\n<li><strong>160&#215;90 Achsabstandsplatte erm\u00f6glicht die Montage der Folie auf jeder Platine auf dem Markt<\/strong><\/li>\n<li><strong>M\u00f6glichkeit, einen Carbonmast und\/oder die Carbonflossen des <a href=\"https:\/\/srokacompany.com\/produit\/kitefoil-k-foil-sroka-company\/\">Kfoil<\/a> nachtr\u00e4glich zu montieren<\/strong><\/li>\n<\/ul>\n<p><a href=\"https:\/\/srokacompany.com\/pourquoi-choisir-un-foil-sroka\/?v=3a52f3c22ed6\">Warum ein SROKA Kitefoil kaufen?<\/a><\/p>\n","protected":false},"excerpt":{"rendered":"<p>Paket Aluminium Kitefoil &amp; Boardtasche Das beste Preis-Leistungs-Verh\u00e4ltnis auf dem Markt, dieses Aluminium Kitefoil &amp; Board Pocket Paket ist perfekt, um das Foilen, Verbessern und Cruisen zu lernen . Dieses Aluminium Kitefoil &amp; Board Pocket Paket wird Sie mit seiner Einfachheit und &#8220;Skalierbarkeit&#8221; verf\u00fchren. Da der Rumpf die gleichen Aufdrucke wie der Rumpf des Carbon-Kfoils [&hellip;]<\/p>\n","protected":false},"featured_media":115764,"template":"","meta":{"_acf_changed":false,"_uag_custom_page_level_css":""},"product_brand":[],"product_cat":[2821],"product_tag":[],"class_list":{"0":"post-115707","1":"product","2":"type-product","3":"status-publish","4":"has-post-thumbnail","6":"product_cat-angebote","7":"pa_envergure-stabilisateur-42-cm","8":"pa_epaisseur-25-cm","9":"pa_longueur-du-mat-entre-boiti-155-cm","10":"pa_longueur-fuselage-73-cm","11":"pa_niveau-debutant-a-confirme","12":"pa_poids-693","13":"pa_taille-de-la-planche-138-cm-x-47-cm-fr","14":"pa_taille-de-la-planche-125-cm-x-47-cm-fr","15":"pa_taille-mat-80-cm","17":"first","18":"outofstock","19":"sale","20":"taxable","21":"shipping-taxable","22":"purchasable","23":"product-type-variable"},"acf":[],"yoast_head":"<!-- This site is optimized with the Yoast SEO plugin v25.1 - https:\/\/yoast.com\/wordpress\/plugins\/seo\/ -->\n<title>Pack Aluminium Kitefoil und Boardtasche - Foil - SROKA Unternehmen<\/title>\n<meta name=\"description\" content=\"NEU Paket Aluminium Kitefoil &amp; Board Pocket perfekt um mit dem Foilen zu einem g\u00fcnstigeren Preis zu beginnen: 1200 Euro Board und Foil.\" \/>\n<meta name=\"robots\" content=\"noindex, follow, max-snippet:-1, max-image-preview:large, max-video-preview:-1\" \/>\n<meta property=\"og:locale\" content=\"de_DE\" \/>\n<meta property=\"og:type\" content=\"article\" \/>\n<meta property=\"og:title\" content=\"Pack Aluminium Kitefoil und Boardtasche - Foil - SROKA Unternehmen\" \/>\n<meta property=\"og:description\" content=\"NEU Paket Aluminium Kitefoil &amp; Board Pocket perfekt um mit dem Foilen zu einem g\u00fcnstigeren Preis zu beginnen: 1200 Euro Board und Foil.\" \/>\n<meta property=\"og:url\" content=\"https:\/\/staging.srokafinal.lets-preprod.com\/de\/produit\/aluminium-kitefoil-und-pocket-board-paket\/\" \/>\n<meta property=\"og:site_name\" content=\"SROKA Company\" \/>\n<meta property=\"article:publisher\" content=\"https:\/\/www.facebook.com\/srokawatersports\/\" \/>\n<meta property=\"article:modified_time\" content=\"2024-05-30T09:08:59+00:00\" \/>\n<meta property=\"og:image\" content=\"https:\/\/staging.srokafinal.lets-preprod.com\/wp-content\/uploads\/2018\/05\/Pack-kite-foil-aluminium-et-pocket-board.jpg\" \/>\n\t<meta property=\"og:image:width\" content=\"780\" \/>\n\t<meta property=\"og:image:height\" content=\"1040\" \/>\n\t<meta property=\"og:image:type\" content=\"image\/jpeg\" \/>\n<meta name=\"twitter:label1\" content=\"Gesch\u00e4tzte Lesezeit\" \/>\n\t<meta name=\"twitter:data1\" content=\"1\u00a0Minute\" \/>\n<script type=\"application\/ld+json\" class=\"yoast-schema-graph\">{\"@context\":\"https:\/\/schema.org\",\"@graph\":[{\"@type\":\"WebPage\",\"@id\":\"https:\/\/staging.srokafinal.lets-preprod.com\/de\/produit\/aluminium-kitefoil-und-pocket-board-paket\/\",\"url\":\"https:\/\/staging.srokafinal.lets-preprod.com\/de\/produit\/aluminium-kitefoil-und-pocket-board-paket\/\",\"name\":\"Pack Aluminium Kitefoil und Boardtasche - Foil - SROKA Unternehmen\",\"isPartOf\":{\"@id\":\"https:\/\/staging.srokafinal.lets-preprod.com\/de\/#website\"},\"primaryImageOfPage\":{\"@id\":\"https:\/\/staging.srokafinal.lets-preprod.com\/de\/produit\/aluminium-kitefoil-und-pocket-board-paket\/#primaryimage\"},\"image\":{\"@id\":\"https:\/\/staging.srokafinal.lets-preprod.com\/de\/produit\/aluminium-kitefoil-und-pocket-board-paket\/#primaryimage\"},\"thumbnailUrl\":\"https:\/\/staging.srokafinal.lets-preprod.com\/wp-content\/uploads\/2018\/05\/Pack-kite-foil-aluminium-et-pocket-board.jpg\",\"datePublished\":\"2018-05-16T06:45:41+00:00\",\"dateModified\":\"2024-05-30T09:08:59+00:00\",\"description\":\"NEU Paket Aluminium Kitefoil & Board Pocket perfekt um mit dem Foilen zu einem g\u00fcnstigeren Preis zu beginnen: 1200 Euro Board und Foil.\",\"breadcrumb\":{\"@id\":\"https:\/\/staging.srokafinal.lets-preprod.com\/de\/produit\/aluminium-kitefoil-und-pocket-board-paket\/#breadcrumb\"},\"inLanguage\":\"de\",\"potentialAction\":[{\"@type\":\"ReadAction\",\"target\":[\"https:\/\/staging.srokafinal.lets-preprod.com\/de\/produit\/aluminium-kitefoil-und-pocket-board-paket\/\"]}]},{\"@type\":\"ImageObject\",\"inLanguage\":\"de\",\"@id\":\"https:\/\/staging.srokafinal.lets-preprod.com\/de\/produit\/aluminium-kitefoil-und-pocket-board-paket\/#primaryimage\",\"url\":\"https:\/\/staging.srokafinal.lets-preprod.com\/wp-content\/uploads\/2018\/05\/Pack-kite-foil-aluminium-et-pocket-board.jpg\",\"contentUrl\":\"https:\/\/staging.srokafinal.lets-preprod.com\/wp-content\/uploads\/2018\/05\/Pack-kite-foil-aluminium-et-pocket-board.jpg\",\"width\":780,\"height\":1040,\"caption\":\"Pack Kite Foil Sroka\"},{\"@type\":\"BreadcrumbList\",\"@id\":\"https:\/\/staging.srokafinal.lets-preprod.com\/de\/produit\/aluminium-kitefoil-und-pocket-board-paket\/#breadcrumb\",\"itemListElement\":[{\"@type\":\"ListItem\",\"position\":1,\"name\":\"Accueil\",\"item\":\"https:\/\/staging.srokafinal.lets-preprod.com\/de\/\"},{\"@type\":\"ListItem\",\"position\":2,\"name\":\"Boutique\",\"item\":\"https:\/\/staging.srokafinal.lets-preprod.com\/boutique\/\"},{\"@type\":\"ListItem\",\"position\":3,\"name\":\"Aluminium-Kitefoil- und Pocket-Board-Paket\"}]},{\"@type\":\"WebSite\",\"@id\":\"https:\/\/staging.srokafinal.lets-preprod.com\/de\/#website\",\"url\":\"https:\/\/staging.srokafinal.lets-preprod.com\/de\/\",\"name\":\"SROKA Company\",\"description\":\"SUP, Kite, Foil, Wing\",\"publisher\":{\"@id\":\"https:\/\/staging.srokafinal.lets-preprod.com\/de\/#organization\"},\"potentialAction\":[{\"@type\":\"SearchAction\",\"target\":{\"@type\":\"EntryPoint\",\"urlTemplate\":\"https:\/\/staging.srokafinal.lets-preprod.com\/de\/?s={search_term_string}\"},\"query-input\":{\"@type\":\"PropertyValueSpecification\",\"valueRequired\":true,\"valueName\":\"search_term_string\"}}],\"inLanguage\":\"de\"},{\"@type\":\"Organization\",\"@id\":\"https:\/\/staging.srokafinal.lets-preprod.com\/de\/#organization\",\"name\":\"SROKACOMPANY\",\"alternateName\":\"SROKA\",\"url\":\"https:\/\/staging.srokafinal.lets-preprod.com\/de\/\",\"logo\":{\"@type\":\"ImageObject\",\"inLanguage\":\"de\",\"@id\":\"https:\/\/staging.srokafinal.lets-preprod.com\/de\/#\/schema\/logo\/image\/\",\"url\":\"https:\/\/staging.srokafinal.lets-preprod.com\/wp-content\/uploads\/2021\/01\/logo-sroka-black-transpa.png\",\"contentUrl\":\"https:\/\/staging.srokafinal.lets-preprod.com\/wp-content\/uploads\/2021\/01\/logo-sroka-black-transpa.png\",\"width\":1201,\"height\":342,\"caption\":\"SROKACOMPANY\"},\"image\":{\"@id\":\"https:\/\/staging.srokafinal.lets-preprod.com\/de\/#\/schema\/logo\/image\/\"},\"sameAs\":[\"https:\/\/www.facebook.com\/srokawatersports\/\",\"https:\/\/www.instagram.com\/srokawatersports\/\",\"https:\/\/www.youtube.com\/channel\/UCVLHHeaPIm-J5bdEUgxqtZA\"]}]}<\/script>\n<!-- \/ Yoast SEO plugin. -->","yoast_head_json":{"title":"Pack Aluminium Kitefoil und Boardtasche - Foil - SROKA Unternehmen","description":"NEU Paket Aluminium Kitefoil & Board Pocket perfekt um mit dem Foilen zu einem g\u00fcnstigeren Preis zu beginnen: 1200 Euro Board und Foil.","robots":{"index":"noindex","follow":"follow","max-snippet":"max-snippet:-1","max-image-preview":"max-image-preview:large","max-video-preview":"max-video-preview:-1"},"og_locale":"de_DE","og_type":"article","og_title":"Pack Aluminium Kitefoil und Boardtasche - Foil - SROKA Unternehmen","og_description":"NEU Paket Aluminium Kitefoil & Board Pocket perfekt um mit dem Foilen zu einem g\u00fcnstigeren Preis zu beginnen: 1200 Euro Board und Foil.","og_url":"https:\/\/staging.srokafinal.lets-preprod.com\/de\/produit\/aluminium-kitefoil-und-pocket-board-paket\/","og_site_name":"SROKA Company","article_publisher":"https:\/\/www.facebook.com\/srokawatersports\/","article_modified_time":"2024-05-30T09:08:59+00:00","og_image":[{"width":780,"height":1040,"url":"https:\/\/staging.srokafinal.lets-preprod.com\/wp-content\/uploads\/2018\/05\/Pack-kite-foil-aluminium-et-pocket-board.jpg","type":"image\/jpeg"}],"twitter_misc":{"Gesch\u00e4tzte Lesezeit":"1\u00a0Minute"},"schema":{"@context":"https:\/\/schema.org","@graph":[{"@type":"WebPage","@id":"https:\/\/staging.srokafinal.lets-preprod.com\/de\/produit\/aluminium-kitefoil-und-pocket-board-paket\/","url":"https:\/\/staging.srokafinal.lets-preprod.com\/de\/produit\/aluminium-kitefoil-und-pocket-board-paket\/","name":"Pack Aluminium Kitefoil und Boardtasche - Foil - SROKA Unternehmen","isPartOf":{"@id":"https:\/\/staging.srokafinal.lets-preprod.com\/de\/#website"},"primaryImageOfPage":{"@id":"https:\/\/staging.srokafinal.lets-preprod.com\/de\/produit\/aluminium-kitefoil-und-pocket-board-paket\/#primaryimage"},"image":{"@id":"https:\/\/staging.srokafinal.lets-preprod.com\/de\/produit\/aluminium-kitefoil-und-pocket-board-paket\/#primaryimage"},"thumbnailUrl":"https:\/\/staging.srokafinal.lets-preprod.com\/wp-content\/uploads\/2018\/05\/Pack-kite-foil-aluminium-et-pocket-board.jpg","datePublished":"2018-05-16T06:45:41+00:00","dateModified":"2024-05-30T09:08:59+00:00","description":"NEU Paket Aluminium Kitefoil & Board Pocket perfekt um mit dem Foilen zu einem g\u00fcnstigeren Preis zu beginnen: 1200 Euro Board und Foil.","breadcrumb":{"@id":"https:\/\/staging.srokafinal.lets-preprod.com\/de\/produit\/aluminium-kitefoil-und-pocket-board-paket\/#breadcrumb"},"inLanguage":"de","potentialAction":[{"@type":"ReadAction","target":["https:\/\/staging.srokafinal.lets-preprod.com\/de\/produit\/aluminium-kitefoil-und-pocket-board-paket\/"]}]},{"@type":"ImageObject","inLanguage":"de","@id":"https:\/\/staging.srokafinal.lets-preprod.com\/de\/produit\/aluminium-kitefoil-und-pocket-board-paket\/#primaryimage","url":"https:\/\/staging.srokafinal.lets-preprod.com\/wp-content\/uploads\/2018\/05\/Pack-kite-foil-aluminium-et-pocket-board.jpg","contentUrl":"https:\/\/staging.srokafinal.lets-preprod.com\/wp-content\/uploads\/2018\/05\/Pack-kite-foil-aluminium-et-pocket-board.jpg","width":780,"height":1040,"caption":"Pack Kite Foil Sroka"},{"@type":"BreadcrumbList","@id":"https:\/\/staging.srokafinal.lets-preprod.com\/de\/produit\/aluminium-kitefoil-und-pocket-board-paket\/#breadcrumb","itemListElement":[{"@type":"ListItem","position":1,"name":"Accueil","item":"https:\/\/staging.srokafinal.lets-preprod.com\/de\/"},{"@type":"ListItem","position":2,"name":"Boutique","item":"https:\/\/staging.srokafinal.lets-preprod.com\/boutique\/"},{"@type":"ListItem","position":3,"name":"Aluminium-Kitefoil- und Pocket-Board-Paket"}]},{"@type":"WebSite","@id":"https:\/\/staging.srokafinal.lets-preprod.com\/de\/#website","url":"https:\/\/staging.srokafinal.lets-preprod.com\/de\/","name":"SROKA Company","description":"SUP, Kite, Foil, Wing","publisher":{"@id":"https:\/\/staging.srokafinal.lets-preprod.com\/de\/#organization"},"potentialAction":[{"@type":"SearchAction","target":{"@type":"EntryPoint","urlTemplate":"https:\/\/staging.srokafinal.lets-preprod.com\/de\/?s={search_term_string}"},"query-input":{"@type":"PropertyValueSpecification","valueRequired":true,"valueName":"search_term_string"}}],"inLanguage":"de"},{"@type":"Organization","@id":"https:\/\/staging.srokafinal.lets-preprod.com\/de\/#organization","name":"SROKACOMPANY","alternateName":"SROKA","url":"https:\/\/staging.srokafinal.lets-preprod.com\/de\/","logo":{"@type":"ImageObject","inLanguage":"de","@id":"https:\/\/staging.srokafinal.lets-preprod.com\/de\/#\/schema\/logo\/image\/","url":"https:\/\/staging.srokafinal.lets-preprod.com\/wp-content\/uploads\/2021\/01\/logo-sroka-black-transpa.png","contentUrl":"https:\/\/staging.srokafinal.lets-preprod.com\/wp-content\/uploads\/2021\/01\/logo-sroka-black-transpa.png","width":1201,"height":342,"caption":"SROKACOMPANY"},"image":{"@id":"https:\/\/staging.srokafinal.lets-preprod.com\/de\/#\/schema\/logo\/image\/"},"sameAs":["https:\/\/www.facebook.com\/srokawatersports\/","https:\/\/www.instagram.com\/srokawatersports\/","https:\/\/www.youtube.com\/channel\/UCVLHHeaPIm-J5bdEUgxqtZA"]}]}},"uagb_featured_image_src":{"full":["https:\/\/staging.srokafinal.lets-preprod.com\/wp-content\/uploads\/2018\/05\/Pack-kite-foil-aluminium-et-pocket-board.jpg",780,1040,false],"thumbnail":["https:\/\/staging.srokafinal.lets-preprod.com\/wp-content\/uploads\/2018\/05\/Pack-kite-foil-aluminium-et-pocket-board-150x150.jpg",150,150,true],"medium":["https:\/\/staging.srokafinal.lets-preprod.com\/wp-content\/uploads\/2018\/05\/Pack-kite-foil-aluminium-et-pocket-board-225x300.jpg",225,300,true],"medium_large":["https:\/\/staging.srokafinal.lets-preprod.com\/wp-content\/uploads\/2018\/05\/Pack-kite-foil-aluminium-et-pocket-board-768x1024.jpg",768,1024,true],"large":["https:\/\/staging.srokafinal.lets-preprod.com\/wp-content\/uploads\/2018\/05\/Pack-kite-foil-aluminium-et-pocket-board-768x1024.jpg",768,1024,true],"1536x1536":["https:\/\/staging.srokafinal.lets-preprod.com\/wp-content\/uploads\/2018\/05\/Pack-kite-foil-aluminium-et-pocket-board.jpg",780,1040,false],"2048x2048":["https:\/\/staging.srokafinal.lets-preprod.com\/wp-content\/uploads\/2018\/05\/Pack-kite-foil-aluminium-et-pocket-board.jpg",780,1040,false],"woocommerce_thumbnail":["https:\/\/staging.srokafinal.lets-preprod.com\/wp-content\/uploads\/2018\/05\/Pack-kite-foil-aluminium-et-pocket-board-600x800.jpg",600,800,true],"woocommerce_single":["https:\/\/staging.srokafinal.lets-preprod.com\/wp-content\/uploads\/2018\/05\/Pack-kite-foil-aluminium-et-pocket-board-600x800.jpg",600,800,true],"woocommerce_gallery_thumbnail":["https:\/\/staging.srokafinal.lets-preprod.com\/wp-content\/uploads\/2018\/05\/Pack-kite-foil-aluminium-et-pocket-board-100x100.jpg",100,100,true]},"uagb_author_info":{"display_name":"Bruno Sroka","author_link":"https:\/\/staging.srokafinal.lets-preprod.com\/de\/blog\/author\/"},"uagb_comment_info":0,"uagb_excerpt":"Paket Aluminium Kitefoil &amp; Boardtasche Das beste Preis-Leistungs-Verh\u00e4ltnis auf dem Markt, dieses Aluminium Kitefoil &amp; Board Pocket Paket ist perfekt, um das Foilen, Verbessern und Cruisen zu lernen . Dieses Aluminium Kitefoil &amp; Board Pocket Paket wird Sie mit seiner Einfachheit und &#8220;Skalierbarkeit&#8221; verf\u00fchren. Da der Rumpf die gleichen Aufdrucke wie der Rumpf des Carbon-Kfoils&hellip;","_links":{"self":[{"href":"https:\/\/staging.srokafinal.lets-preprod.com\/de\/wp-json\/wp\/v2\/product\/115707","targetHints":{"allow":["GET"]}}],"collection":[{"href":"https:\/\/staging.srokafinal.lets-preprod.com\/de\/wp-json\/wp\/v2\/product"}],"about":[{"href":"https:\/\/staging.srokafinal.lets-preprod.com\/de\/wp-json\/wp\/v2\/types\/product"}],"wp:featuredmedia":[{"embeddable":true,"href":"https:\/\/staging.srokafinal.lets-preprod.com\/de\/wp-json\/wp\/v2\/media\/115764"}],"wp:attachment":[{"href":"https:\/\/staging.srokafinal.lets-preprod.com\/de\/wp-json\/wp\/v2\/media?parent=115707"}],"wp:term":[{"taxonomy":"product_brand","embeddable":true,"href":"https:\/\/staging.srokafinal.lets-preprod.com\/de\/wp-json\/wp\/v2\/product_brand?post=115707"},{"taxonomy":"product_cat","embeddable":true,"href":"https:\/\/staging.srokafinal.lets-preprod.com\/de\/wp-json\/wp\/v2\/product_cat?post=115707"},{"taxonomy":"product_tag","embeddable":true,"href":"https:\/\/staging.srokafinal.lets-preprod.com\/de\/wp-json\/wp\/v2\/product_tag?post=115707"}],"curies":[{"name":"wp","href":"https:\/\/api.w.org\/{rel}","templated":true}]}}