


{"id":115866,"date":"2018-01-10T05:33:12","date_gmt":"2018-01-10T03:33:12","guid":{"rendered":"https:\/\/srokacompany.com\/produit\/verstellbares-paddel-50-carbon-blasser-kunststoff-2-oder-3-teile\/"},"modified":"2024-05-30T09:08:57","modified_gmt":"2024-05-30T09:08:57","slug":"verstellbares-paddel-50-carbon-blasser-kunststoff-2-oder-3-teile","status":"publish","type":"product","link":"https:\/\/staging.srokafinal.lets-preprod.com\/de\/produit\/verstellbares-paddel-50-carbon-blasser-kunststoff-2-oder-3-teile\/","title":{"rendered":"Verstellbares Paddel 50% Carbon, blasser Kunststoff, 2 oder 3 Teile"},"content":{"rendered":"<hr>\n<h1><strong>SUP-Paddel mit verstellbarem Griff 50% Carbon und blassem Kunststoff in 2 oder 3 Teilen<\/strong><\/h1>\n<p>Dieses <strong><a href=\"https:\/\/srokacompany.com\/eshop\/pagaie-paddle-sup\/\">verstellbare Vario<\/a> 50% Carbon SUP (Stand Up Paddle) Paddel, blasser Kunststoff 2-3 Teile<\/strong> besteht aus einem Schaft aus 50% Carbon f\u00fcr mehr Leichtigkeit und Flexibilit\u00e4t. Die Klinge aus Faser und Kunststoff im Carbon-Design ist angenehm, leicht und vor allem widerstandsf\u00e4hig. Es ist ideal f\u00fcr die ersten Ruderschl\u00e4ge und in 2 Teilen (verstellbar) oder 3 Teilen (verstellbar und abnehmbar) f\u00fcr eine einfache Verwendung erh\u00e4ltlich. Dank des Verstellsystems ist es m\u00f6glich, die L\u00e4nge des Paddels einzustellen. Mit wenigen Handgriffen l\u00e4sst sich die Gr\u00f6\u00dfe nach Ihren W\u00fcnschen anpassen. Dieses Paddel aus 50 % Carbon ist von 171 bis 213 cm L\u00e4nge verstellbar und sein Blatt misst 19 cm.<\/p>\n<p><strong>Entdecken Sie unser gesamtes Stand Up Paddle Sortiment:  <\/strong><\/p>\n<ul>\n<li><a href=\"https:\/\/srokacompany.com\/eshop\/stand-up-paddle-gonflable\/\">Malibus<\/a> f\u00fcr die Familie<\/li>\n<li><a href=\"https:\/\/srokacompany.com\/produit\/alpha-fusion-inflatable-paddle-board\/\">Alphas<\/a> f\u00fcr Abenteuer<\/li>\n<li>Das einzigartige Design <a href=\"https:\/\/srokacompany.com\/produit\/stand-up-paddle-gonflable-femme-girly\/\">des Girly <\/a> <\/li>\n<li>Die ersten Preise f\u00fcr Sroka-Qualit\u00e4t: das <a href=\"https:\/\/srokacompany.com\/produit\/easy-116-occasion\/\">Easy-Sortiment<\/a><\/li>\n<li><a href=\"https:\/\/srokacompany.com\/eshop\/accessoires-paddle-sup\/\">Alle unsere Zubeh\u00f6rteile  <\/a><\/li>\n<\/ul>\n","protected":false},"excerpt":{"rendered":"<p>SUP-Paddel mit verstellbarem Griff 50% Carbon und blassem Kunststoff in 2 oder 3 Teilen Dieses verstellbare Vario 50% Carbon SUP (Stand Up Paddle) Paddel, blasser Kunststoff 2-3 Teile besteht aus einem Schaft aus 50% Carbon f\u00fcr mehr Leichtigkeit und Flexibilit\u00e4t. Die Klinge aus Faser und Kunststoff im Carbon-Design ist angenehm, leicht und vor allem widerstandsf\u00e4hig. [&hellip;]<\/p>\n","protected":false},"featured_media":115908,"template":"","meta":{"_acf_changed":false,"_uag_custom_page_level_css":""},"product_brand":[],"product_cat":[2812],"product_tag":[],"class_list":{"0":"post-115866","1":"product","2":"type-product","3":"status-publish","4":"has-post-thumbnail","6":"product_cat-paddel-zubehor","7":"pa_2parties-3-parties-2-parties-vario","8":"pa_2parties-3-parties-3-parties-vario","10":"first","11":"instock","12":"taxable","13":"shipping-taxable","14":"purchasable","15":"product-type-variable"},"acf":[],"yoast_head":"<!-- This site is optimized with the Yoast SEO plugin v25.1 - https:\/\/yoast.com\/wordpress\/plugins\/seo\/ -->\n<title>Verstellbares SUP-Paddel 50% Carbon Vario, Kunststoffblatt 2-3-teilig<\/title>\n<meta name=\"description\" content=\"Dieses verstellbare SUP-Paddel von Sroka Company 50% Carbon, Kunststoffblatt ist in 2 oder 3 Teilen erh\u00e4ltlich. Leistung zum besten Preis.\" \/>\n<meta name=\"robots\" content=\"noindex, follow, max-snippet:-1, max-image-preview:large, max-video-preview:-1\" \/>\n<meta property=\"og:locale\" content=\"de_DE\" \/>\n<meta property=\"og:type\" content=\"article\" \/>\n<meta property=\"og:title\" content=\"Verstellbares SUP-Paddel 50% Carbon Vario, Kunststoffblatt 2-3-teilig\" \/>\n<meta property=\"og:description\" content=\"Dieses verstellbare SUP-Paddel von Sroka Company 50% Carbon, Kunststoffblatt ist in 2 oder 3 Teilen erh\u00e4ltlich. Leistung zum besten Preis.\" \/>\n<meta property=\"og:url\" content=\"https:\/\/staging.srokafinal.lets-preprod.com\/de\/produit\/verstellbares-paddel-50-carbon-blasser-kunststoff-2-oder-3-teile\/\" \/>\n<meta property=\"og:site_name\" content=\"SROKA Company\" \/>\n<meta property=\"article:publisher\" content=\"https:\/\/www.facebook.com\/srokawatersports\/\" \/>\n<meta property=\"article:modified_time\" content=\"2024-05-30T09:08:57+00:00\" \/>\n<meta property=\"og:image\" content=\"https:\/\/staging.srokafinal.lets-preprod.com\/wp-content\/uploads\/2018\/01\/50-carbone-plastic-1.jpg\" \/>\n\t<meta property=\"og:image:width\" content=\"780\" \/>\n\t<meta property=\"og:image:height\" content=\"1040\" \/>\n\t<meta property=\"og:image:type\" content=\"image\/jpeg\" \/>\n<meta name=\"twitter:label1\" content=\"Gesch\u00e4tzte Lesezeit\" \/>\n\t<meta name=\"twitter:data1\" content=\"1\u00a0Minute\" \/>\n<script type=\"application\/ld+json\" class=\"yoast-schema-graph\">{\"@context\":\"https:\/\/schema.org\",\"@graph\":[{\"@type\":\"WebPage\",\"@id\":\"https:\/\/staging.srokafinal.lets-preprod.com\/de\/produit\/verstellbares-paddel-50-carbon-blasser-kunststoff-2-oder-3-teile\/\",\"url\":\"https:\/\/staging.srokafinal.lets-preprod.com\/de\/produit\/verstellbares-paddel-50-carbon-blasser-kunststoff-2-oder-3-teile\/\",\"name\":\"Verstellbares SUP-Paddel 50% Carbon Vario, Kunststoffblatt 2-3-teilig\",\"isPartOf\":{\"@id\":\"https:\/\/staging.srokafinal.lets-preprod.com\/de\/#website\"},\"primaryImageOfPage\":{\"@id\":\"https:\/\/staging.srokafinal.lets-preprod.com\/de\/produit\/verstellbares-paddel-50-carbon-blasser-kunststoff-2-oder-3-teile\/#primaryimage\"},\"image\":{\"@id\":\"https:\/\/staging.srokafinal.lets-preprod.com\/de\/produit\/verstellbares-paddel-50-carbon-blasser-kunststoff-2-oder-3-teile\/#primaryimage\"},\"thumbnailUrl\":\"https:\/\/staging.srokafinal.lets-preprod.com\/wp-content\/uploads\/2018\/01\/50-carbone-plastic-1.jpg\",\"datePublished\":\"2018-01-10T03:33:12+00:00\",\"dateModified\":\"2024-05-30T09:08:57+00:00\",\"description\":\"Dieses verstellbare SUP-Paddel von Sroka Company 50% Carbon, Kunststoffblatt ist in 2 oder 3 Teilen erh\u00e4ltlich. Leistung zum besten Preis.\",\"breadcrumb\":{\"@id\":\"https:\/\/staging.srokafinal.lets-preprod.com\/de\/produit\/verstellbares-paddel-50-carbon-blasser-kunststoff-2-oder-3-teile\/#breadcrumb\"},\"inLanguage\":\"de\",\"potentialAction\":[{\"@type\":\"ReadAction\",\"target\":[\"https:\/\/staging.srokafinal.lets-preprod.com\/de\/produit\/verstellbares-paddel-50-carbon-blasser-kunststoff-2-oder-3-teile\/\"]}]},{\"@type\":\"ImageObject\",\"inLanguage\":\"de\",\"@id\":\"https:\/\/staging.srokafinal.lets-preprod.com\/de\/produit\/verstellbares-paddel-50-carbon-blasser-kunststoff-2-oder-3-teile\/#primaryimage\",\"url\":\"https:\/\/staging.srokafinal.lets-preprod.com\/wp-content\/uploads\/2018\/01\/50-carbone-plastic-1.jpg\",\"contentUrl\":\"https:\/\/staging.srokafinal.lets-preprod.com\/wp-content\/uploads\/2018\/01\/50-carbone-plastic-1.jpg\",\"width\":780,\"height\":1040,\"caption\":\"Sroka Carbon SUP Stand Up Paddel\"},{\"@type\":\"BreadcrumbList\",\"@id\":\"https:\/\/staging.srokafinal.lets-preprod.com\/de\/produit\/verstellbares-paddel-50-carbon-blasser-kunststoff-2-oder-3-teile\/#breadcrumb\",\"itemListElement\":[{\"@type\":\"ListItem\",\"position\":1,\"name\":\"Accueil\",\"item\":\"https:\/\/staging.srokafinal.lets-preprod.com\/de\/\"},{\"@type\":\"ListItem\",\"position\":2,\"name\":\"Boutique\",\"item\":\"https:\/\/staging.srokafinal.lets-preprod.com\/boutique\/\"},{\"@type\":\"ListItem\",\"position\":3,\"name\":\"Verstellbares Paddel 50% Carbon, blasser Kunststoff, 2 oder 3 Teile\"}]},{\"@type\":\"WebSite\",\"@id\":\"https:\/\/staging.srokafinal.lets-preprod.com\/de\/#website\",\"url\":\"https:\/\/staging.srokafinal.lets-preprod.com\/de\/\",\"name\":\"SROKA Company\",\"description\":\"SUP, Kite, Foil, Wing\",\"publisher\":{\"@id\":\"https:\/\/staging.srokafinal.lets-preprod.com\/de\/#organization\"},\"potentialAction\":[{\"@type\":\"SearchAction\",\"target\":{\"@type\":\"EntryPoint\",\"urlTemplate\":\"https:\/\/staging.srokafinal.lets-preprod.com\/de\/?s={search_term_string}\"},\"query-input\":{\"@type\":\"PropertyValueSpecification\",\"valueRequired\":true,\"valueName\":\"search_term_string\"}}],\"inLanguage\":\"de\"},{\"@type\":\"Organization\",\"@id\":\"https:\/\/staging.srokafinal.lets-preprod.com\/de\/#organization\",\"name\":\"SROKACOMPANY\",\"alternateName\":\"SROKA\",\"url\":\"https:\/\/staging.srokafinal.lets-preprod.com\/de\/\",\"logo\":{\"@type\":\"ImageObject\",\"inLanguage\":\"de\",\"@id\":\"https:\/\/staging.srokafinal.lets-preprod.com\/de\/#\/schema\/logo\/image\/\",\"url\":\"https:\/\/staging.srokafinal.lets-preprod.com\/wp-content\/uploads\/2021\/01\/logo-sroka-black-transpa.png\",\"contentUrl\":\"https:\/\/staging.srokafinal.lets-preprod.com\/wp-content\/uploads\/2021\/01\/logo-sroka-black-transpa.png\",\"width\":1201,\"height\":342,\"caption\":\"SROKACOMPANY\"},\"image\":{\"@id\":\"https:\/\/staging.srokafinal.lets-preprod.com\/de\/#\/schema\/logo\/image\/\"},\"sameAs\":[\"https:\/\/www.facebook.com\/srokawatersports\/\",\"https:\/\/www.instagram.com\/srokawatersports\/\",\"https:\/\/www.youtube.com\/channel\/UCVLHHeaPIm-J5bdEUgxqtZA\"]}]}<\/script>\n<!-- \/ Yoast SEO plugin. -->","yoast_head_json":{"title":"Verstellbares SUP-Paddel 50% Carbon Vario, Kunststoffblatt 2-3-teilig","description":"Dieses verstellbare SUP-Paddel von Sroka Company 50% Carbon, Kunststoffblatt ist in 2 oder 3 Teilen erh\u00e4ltlich. Leistung zum besten Preis.","robots":{"index":"noindex","follow":"follow","max-snippet":"max-snippet:-1","max-image-preview":"max-image-preview:large","max-video-preview":"max-video-preview:-1"},"og_locale":"de_DE","og_type":"article","og_title":"Verstellbares SUP-Paddel 50% Carbon Vario, Kunststoffblatt 2-3-teilig","og_description":"Dieses verstellbare SUP-Paddel von Sroka Company 50% Carbon, Kunststoffblatt ist in 2 oder 3 Teilen erh\u00e4ltlich. Leistung zum besten Preis.","og_url":"https:\/\/staging.srokafinal.lets-preprod.com\/de\/produit\/verstellbares-paddel-50-carbon-blasser-kunststoff-2-oder-3-teile\/","og_site_name":"SROKA Company","article_publisher":"https:\/\/www.facebook.com\/srokawatersports\/","article_modified_time":"2024-05-30T09:08:57+00:00","og_image":[{"width":780,"height":1040,"url":"https:\/\/staging.srokafinal.lets-preprod.com\/wp-content\/uploads\/2018\/01\/50-carbone-plastic-1.jpg","type":"image\/jpeg"}],"twitter_misc":{"Gesch\u00e4tzte Lesezeit":"1\u00a0Minute"},"schema":{"@context":"https:\/\/schema.org","@graph":[{"@type":"WebPage","@id":"https:\/\/staging.srokafinal.lets-preprod.com\/de\/produit\/verstellbares-paddel-50-carbon-blasser-kunststoff-2-oder-3-teile\/","url":"https:\/\/staging.srokafinal.lets-preprod.com\/de\/produit\/verstellbares-paddel-50-carbon-blasser-kunststoff-2-oder-3-teile\/","name":"Verstellbares SUP-Paddel 50% Carbon Vario, Kunststoffblatt 2-3-teilig","isPartOf":{"@id":"https:\/\/staging.srokafinal.lets-preprod.com\/de\/#website"},"primaryImageOfPage":{"@id":"https:\/\/staging.srokafinal.lets-preprod.com\/de\/produit\/verstellbares-paddel-50-carbon-blasser-kunststoff-2-oder-3-teile\/#primaryimage"},"image":{"@id":"https:\/\/staging.srokafinal.lets-preprod.com\/de\/produit\/verstellbares-paddel-50-carbon-blasser-kunststoff-2-oder-3-teile\/#primaryimage"},"thumbnailUrl":"https:\/\/staging.srokafinal.lets-preprod.com\/wp-content\/uploads\/2018\/01\/50-carbone-plastic-1.jpg","datePublished":"2018-01-10T03:33:12+00:00","dateModified":"2024-05-30T09:08:57+00:00","description":"Dieses verstellbare SUP-Paddel von Sroka Company 50% Carbon, Kunststoffblatt ist in 2 oder 3 Teilen erh\u00e4ltlich. Leistung zum besten Preis.","breadcrumb":{"@id":"https:\/\/staging.srokafinal.lets-preprod.com\/de\/produit\/verstellbares-paddel-50-carbon-blasser-kunststoff-2-oder-3-teile\/#breadcrumb"},"inLanguage":"de","potentialAction":[{"@type":"ReadAction","target":["https:\/\/staging.srokafinal.lets-preprod.com\/de\/produit\/verstellbares-paddel-50-carbon-blasser-kunststoff-2-oder-3-teile\/"]}]},{"@type":"ImageObject","inLanguage":"de","@id":"https:\/\/staging.srokafinal.lets-preprod.com\/de\/produit\/verstellbares-paddel-50-carbon-blasser-kunststoff-2-oder-3-teile\/#primaryimage","url":"https:\/\/staging.srokafinal.lets-preprod.com\/wp-content\/uploads\/2018\/01\/50-carbone-plastic-1.jpg","contentUrl":"https:\/\/staging.srokafinal.lets-preprod.com\/wp-content\/uploads\/2018\/01\/50-carbone-plastic-1.jpg","width":780,"height":1040,"caption":"Sroka Carbon SUP Stand Up Paddel"},{"@type":"BreadcrumbList","@id":"https:\/\/staging.srokafinal.lets-preprod.com\/de\/produit\/verstellbares-paddel-50-carbon-blasser-kunststoff-2-oder-3-teile\/#breadcrumb","itemListElement":[{"@type":"ListItem","position":1,"name":"Accueil","item":"https:\/\/staging.srokafinal.lets-preprod.com\/de\/"},{"@type":"ListItem","position":2,"name":"Boutique","item":"https:\/\/staging.srokafinal.lets-preprod.com\/boutique\/"},{"@type":"ListItem","position":3,"name":"Verstellbares Paddel 50% Carbon, blasser Kunststoff, 2 oder 3 Teile"}]},{"@type":"WebSite","@id":"https:\/\/staging.srokafinal.lets-preprod.com\/de\/#website","url":"https:\/\/staging.srokafinal.lets-preprod.com\/de\/","name":"SROKA Company","description":"SUP, Kite, Foil, Wing","publisher":{"@id":"https:\/\/staging.srokafinal.lets-preprod.com\/de\/#organization"},"potentialAction":[{"@type":"SearchAction","target":{"@type":"EntryPoint","urlTemplate":"https:\/\/staging.srokafinal.lets-preprod.com\/de\/?s={search_term_string}"},"query-input":{"@type":"PropertyValueSpecification","valueRequired":true,"valueName":"search_term_string"}}],"inLanguage":"de"},{"@type":"Organization","@id":"https:\/\/staging.srokafinal.lets-preprod.com\/de\/#organization","name":"SROKACOMPANY","alternateName":"SROKA","url":"https:\/\/staging.srokafinal.lets-preprod.com\/de\/","logo":{"@type":"ImageObject","inLanguage":"de","@id":"https:\/\/staging.srokafinal.lets-preprod.com\/de\/#\/schema\/logo\/image\/","url":"https:\/\/staging.srokafinal.lets-preprod.com\/wp-content\/uploads\/2021\/01\/logo-sroka-black-transpa.png","contentUrl":"https:\/\/staging.srokafinal.lets-preprod.com\/wp-content\/uploads\/2021\/01\/logo-sroka-black-transpa.png","width":1201,"height":342,"caption":"SROKACOMPANY"},"image":{"@id":"https:\/\/staging.srokafinal.lets-preprod.com\/de\/#\/schema\/logo\/image\/"},"sameAs":["https:\/\/www.facebook.com\/srokawatersports\/","https:\/\/www.instagram.com\/srokawatersports\/","https:\/\/www.youtube.com\/channel\/UCVLHHeaPIm-J5bdEUgxqtZA"]}]}},"uagb_featured_image_src":{"full":["https:\/\/staging.srokafinal.lets-preprod.com\/wp-content\/uploads\/2018\/01\/50-carbone-plastic-1.jpg",780,1040,false],"thumbnail":["https:\/\/staging.srokafinal.lets-preprod.com\/wp-content\/uploads\/2018\/01\/50-carbone-plastic-1-150x150.jpg",150,150,true],"medium":["https:\/\/staging.srokafinal.lets-preprod.com\/wp-content\/uploads\/2018\/01\/50-carbone-plastic-1-225x300.jpg",225,300,true],"medium_large":["https:\/\/staging.srokafinal.lets-preprod.com\/wp-content\/uploads\/2018\/01\/50-carbone-plastic-1-768x1024.jpg",768,1024,true],"large":["https:\/\/staging.srokafinal.lets-preprod.com\/wp-content\/uploads\/2018\/01\/50-carbone-plastic-1-768x1024.jpg",768,1024,true],"1536x1536":["https:\/\/staging.srokafinal.lets-preprod.com\/wp-content\/uploads\/2018\/01\/50-carbone-plastic-1.jpg",780,1040,false],"2048x2048":["https:\/\/staging.srokafinal.lets-preprod.com\/wp-content\/uploads\/2018\/01\/50-carbone-plastic-1.jpg",780,1040,false],"woocommerce_thumbnail":["https:\/\/staging.srokafinal.lets-preprod.com\/wp-content\/uploads\/2018\/01\/50-carbone-plastic-1-600x800.jpg",600,800,true],"woocommerce_single":["https:\/\/staging.srokafinal.lets-preprod.com\/wp-content\/uploads\/2018\/01\/50-carbone-plastic-1-600x800.jpg",600,800,true],"woocommerce_gallery_thumbnail":["https:\/\/staging.srokafinal.lets-preprod.com\/wp-content\/uploads\/2018\/01\/50-carbone-plastic-1-100x100.jpg",100,100,true]},"uagb_author_info":{"display_name":"Bruno Sroka","author_link":"https:\/\/staging.srokafinal.lets-preprod.com\/de\/blog\/author\/"},"uagb_comment_info":0,"uagb_excerpt":"SUP-Paddel mit verstellbarem Griff 50% Carbon und blassem Kunststoff in 2 oder 3 Teilen Dieses verstellbare Vario 50% Carbon SUP (Stand Up Paddle) Paddel, blasser Kunststoff 2-3 Teile besteht aus einem Schaft aus 50% Carbon f\u00fcr mehr Leichtigkeit und Flexibilit\u00e4t. Die Klinge aus Faser und Kunststoff im Carbon-Design ist angenehm, leicht und vor allem widerstandsf\u00e4hig.&hellip;","_links":{"self":[{"href":"https:\/\/staging.srokafinal.lets-preprod.com\/de\/wp-json\/wp\/v2\/product\/115866","targetHints":{"allow":["GET"]}}],"collection":[{"href":"https:\/\/staging.srokafinal.lets-preprod.com\/de\/wp-json\/wp\/v2\/product"}],"about":[{"href":"https:\/\/staging.srokafinal.lets-preprod.com\/de\/wp-json\/wp\/v2\/types\/product"}],"wp:featuredmedia":[{"embeddable":true,"href":"https:\/\/staging.srokafinal.lets-preprod.com\/de\/wp-json\/wp\/v2\/media\/115908"}],"wp:attachment":[{"href":"https:\/\/staging.srokafinal.lets-preprod.com\/de\/wp-json\/wp\/v2\/media?parent=115866"}],"wp:term":[{"taxonomy":"product_brand","embeddable":true,"href":"https:\/\/staging.srokafinal.lets-preprod.com\/de\/wp-json\/wp\/v2\/product_brand?post=115866"},{"taxonomy":"product_cat","embeddable":true,"href":"https:\/\/staging.srokafinal.lets-preprod.com\/de\/wp-json\/wp\/v2\/product_cat?post=115866"},{"taxonomy":"product_tag","embeddable":true,"href":"https:\/\/staging.srokafinal.lets-preprod.com\/de\/wp-json\/wp\/v2\/product_tag?post=115866"}],"curies":[{"name":"wp","href":"https:\/\/api.w.org\/{rel}","templated":true}]}}