


{"id":115941,"date":"2019-09-10T08:31:19","date_gmt":"2019-09-10T06:31:19","guid":{"rendered":"https:\/\/srokacompany.com\/produit\/s-foil-mast-2020-70cm-90cm\/"},"modified":"2024-05-30T09:11:34","modified_gmt":"2024-05-30T09:11:34","slug":"s-foil-mast-2020-70cm-90cm","status":"publish","type":"product","link":"https:\/\/staging.srokafinal.lets-preprod.com\/de\/produit\/s-foil-mast-2020-70cm-90cm\/","title":{"rendered":"S-Foil Mast 2020 70cm-90cm"},"content":{"rendered":"<hr>\n<p>S-Foil Mast 70cm, 80cm oder 90cm zur Vervollst\u00e4ndigung Ihres SROKA S Foil Hydrofoils. Sie garantieren eine hervorragende Steifigkeit f\u00fcr maximale Leistung.<\/p>\n<p>SROKA-Masten werden aus hochwertigem T6061 T6-Aluminium hergestellt, das in der Schifffahrts- und Luftfahrtindustrie verwendet wird und besonders f\u00fcr die Meeresumwelt geeignet ist. Sie passen nur auf den <a href=\"https:\/\/srokacompany.com\/produit\/fuselage-s-foil-2\/\">Rumpf des 2019\/2020 S-Foil<\/a> und des <a href=\"https:\/\/srokacompany.com\/eshop\/foil\/\">Aluminium Kite Foil<\/a> .<\/p>\n<p><a href=\"https:\/\/srokacompany.com\/2021\/04\/bien-choisir-son-surf-foil\/\">Warum SROKA-Folien w\u00e4hlen?<\/a><\/p>\n","protected":false},"excerpt":{"rendered":"<p>S-Foil Mast 70cm, 80cm oder 90cm zur Vervollst\u00e4ndigung Ihres SROKA S Foil Hydrofoils. Sie garantieren eine hervorragende Steifigkeit f\u00fcr maximale Leistung. SROKA-Masten werden aus hochwertigem T6061 T6-Aluminium hergestellt, das in der Schifffahrts- und Luftfahrtindustrie verwendet wird und besonders f\u00fcr die Meeresumwelt geeignet ist. Sie passen nur auf den Rumpf des 2019\/2020 S-Foil und des Aluminium [&hellip;]<\/p>\n","protected":false},"featured_media":115988,"template":"","meta":{"_acf_changed":false,"_uag_custom_page_level_css":""},"product_brand":[],"product_cat":[2821,2781],"product_tag":[],"class_list":{"0":"post-115941","1":"product","2":"type-product","3":"status-publish","4":"has-post-thumbnail","6":"product_cat-angebote","7":"product_cat-folie","8":"pa_longueur-du-mat-entre-boiti-70-cm","9":"pa_longueur-du-mat-entre-boiti-80-cm","10":"pa_longueur-du-mat-entre-boiti-90-cm","11":"pa_materiaux-aluminium","13":"first","14":"instock","15":"taxable","16":"shipping-taxable","17":"purchasable","18":"product-type-variable"},"acf":[],"yoast_head":"<!-- This site is optimized with the Yoast SEO plugin v25.1 - https:\/\/yoast.com\/wordpress\/plugins\/seo\/ -->\n<title>Mast 70cm, 80 und 90cm f\u00fcr S Foil SROKA - SROKA Company<\/title>\n<meta name=\"description\" content=\"S Foil Mast 70cm bis 90cm f\u00fcr S Foil und K Foil SROKA. Der gleiche Mast f\u00fcr verschiedene Disziplinen: Surf Foil, Kite Foil, Wing Foil, Sup Foil.\" \/>\n<meta name=\"robots\" content=\"noindex, follow, max-snippet:-1, max-image-preview:large, max-video-preview:-1\" \/>\n<meta property=\"og:locale\" content=\"de_DE\" \/>\n<meta property=\"og:type\" content=\"article\" \/>\n<meta property=\"og:title\" content=\"Mast 70cm, 80 und 90cm f\u00fcr S Foil SROKA - SROKA Company\" \/>\n<meta property=\"og:description\" content=\"S Foil Mast 70cm bis 90cm f\u00fcr S Foil und K Foil SROKA. Der gleiche Mast f\u00fcr verschiedene Disziplinen: Surf Foil, Kite Foil, Wing Foil, Sup Foil.\" \/>\n<meta property=\"og:url\" content=\"https:\/\/staging.srokafinal.lets-preprod.com\/de\/produit\/s-foil-mast-2020-70cm-90cm\/\" \/>\n<meta property=\"og:site_name\" content=\"SROKA Company\" \/>\n<meta property=\"article:publisher\" content=\"https:\/\/www.facebook.com\/srokawatersports\/\" \/>\n<meta property=\"article:modified_time\" content=\"2024-05-30T09:11:34+00:00\" \/>\n<meta property=\"og:image\" content=\"https:\/\/staging.srokafinal.lets-preprod.com\/wp-content\/uploads\/2020\/12\/mats-S-Foil-aligne\u0301s.jpg\" \/>\n\t<meta property=\"og:image:width\" content=\"780\" \/>\n\t<meta property=\"og:image:height\" content=\"1040\" \/>\n\t<meta property=\"og:image:type\" content=\"image\/jpeg\" \/>\n<script type=\"application\/ld+json\" class=\"yoast-schema-graph\">{\"@context\":\"https:\/\/schema.org\",\"@graph\":[{\"@type\":\"WebPage\",\"@id\":\"https:\/\/staging.srokafinal.lets-preprod.com\/de\/produit\/s-foil-mast-2020-70cm-90cm\/\",\"url\":\"https:\/\/staging.srokafinal.lets-preprod.com\/de\/produit\/s-foil-mast-2020-70cm-90cm\/\",\"name\":\"Mast 70cm, 80 und 90cm f\u00fcr S Foil SROKA - SROKA Company\",\"isPartOf\":{\"@id\":\"https:\/\/staging.srokafinal.lets-preprod.com\/de\/#website\"},\"primaryImageOfPage\":{\"@id\":\"https:\/\/staging.srokafinal.lets-preprod.com\/de\/produit\/s-foil-mast-2020-70cm-90cm\/#primaryimage\"},\"image\":{\"@id\":\"https:\/\/staging.srokafinal.lets-preprod.com\/de\/produit\/s-foil-mast-2020-70cm-90cm\/#primaryimage\"},\"thumbnailUrl\":\"https:\/\/staging.srokafinal.lets-preprod.com\/wp-content\/uploads\/2020\/12\/mats-S-Foil-aligne\u0301s.jpg\",\"datePublished\":\"2019-09-10T06:31:19+00:00\",\"dateModified\":\"2024-05-30T09:11:34+00:00\",\"description\":\"S Foil Mast 70cm bis 90cm f\u00fcr S Foil und K Foil SROKA. Der gleiche Mast f\u00fcr verschiedene Disziplinen: Surf Foil, Kite Foil, Wing Foil, Sup Foil.\",\"breadcrumb\":{\"@id\":\"https:\/\/staging.srokafinal.lets-preprod.com\/de\/produit\/s-foil-mast-2020-70cm-90cm\/#breadcrumb\"},\"inLanguage\":\"de\",\"potentialAction\":[{\"@type\":\"ReadAction\",\"target\":[\"https:\/\/staging.srokafinal.lets-preprod.com\/de\/produit\/s-foil-mast-2020-70cm-90cm\/\"]}]},{\"@type\":\"ImageObject\",\"inLanguage\":\"de\",\"@id\":\"https:\/\/staging.srokafinal.lets-preprod.com\/de\/produit\/s-foil-mast-2020-70cm-90cm\/#primaryimage\",\"url\":\"https:\/\/staging.srokafinal.lets-preprod.com\/wp-content\/uploads\/2020\/12\/mats-S-Foil-aligne\u0301s.jpg\",\"contentUrl\":\"https:\/\/staging.srokafinal.lets-preprod.com\/wp-content\/uploads\/2020\/12\/mats-S-Foil-aligne\u0301s.jpg\",\"width\":780,\"height\":1040,\"caption\":\"SFoil Alufolienmast Sroka Company\"},{\"@type\":\"BreadcrumbList\",\"@id\":\"https:\/\/staging.srokafinal.lets-preprod.com\/de\/produit\/s-foil-mast-2020-70cm-90cm\/#breadcrumb\",\"itemListElement\":[{\"@type\":\"ListItem\",\"position\":1,\"name\":\"Accueil\",\"item\":\"https:\/\/staging.srokafinal.lets-preprod.com\/de\/\"},{\"@type\":\"ListItem\",\"position\":2,\"name\":\"Boutique\",\"item\":\"https:\/\/staging.srokafinal.lets-preprod.com\/boutique\/\"},{\"@type\":\"ListItem\",\"position\":3,\"name\":\"S-Foil Mast 2020 70cm-90cm\"}]},{\"@type\":\"WebSite\",\"@id\":\"https:\/\/staging.srokafinal.lets-preprod.com\/de\/#website\",\"url\":\"https:\/\/staging.srokafinal.lets-preprod.com\/de\/\",\"name\":\"SROKA Company\",\"description\":\"SUP, Kite, Foil, Wing\",\"publisher\":{\"@id\":\"https:\/\/staging.srokafinal.lets-preprod.com\/de\/#organization\"},\"potentialAction\":[{\"@type\":\"SearchAction\",\"target\":{\"@type\":\"EntryPoint\",\"urlTemplate\":\"https:\/\/staging.srokafinal.lets-preprod.com\/de\/?s={search_term_string}\"},\"query-input\":{\"@type\":\"PropertyValueSpecification\",\"valueRequired\":true,\"valueName\":\"search_term_string\"}}],\"inLanguage\":\"de\"},{\"@type\":\"Organization\",\"@id\":\"https:\/\/staging.srokafinal.lets-preprod.com\/de\/#organization\",\"name\":\"SROKACOMPANY\",\"alternateName\":\"SROKA\",\"url\":\"https:\/\/staging.srokafinal.lets-preprod.com\/de\/\",\"logo\":{\"@type\":\"ImageObject\",\"inLanguage\":\"de\",\"@id\":\"https:\/\/staging.srokafinal.lets-preprod.com\/de\/#\/schema\/logo\/image\/\",\"url\":\"https:\/\/staging.srokafinal.lets-preprod.com\/wp-content\/uploads\/2021\/01\/logo-sroka-black-transpa.png\",\"contentUrl\":\"https:\/\/staging.srokafinal.lets-preprod.com\/wp-content\/uploads\/2021\/01\/logo-sroka-black-transpa.png\",\"width\":1201,\"height\":342,\"caption\":\"SROKACOMPANY\"},\"image\":{\"@id\":\"https:\/\/staging.srokafinal.lets-preprod.com\/de\/#\/schema\/logo\/image\/\"},\"sameAs\":[\"https:\/\/www.facebook.com\/srokawatersports\/\",\"https:\/\/www.instagram.com\/srokawatersports\/\",\"https:\/\/www.youtube.com\/channel\/UCVLHHeaPIm-J5bdEUgxqtZA\"]}]}<\/script>\n<!-- \/ Yoast SEO plugin. -->","yoast_head_json":{"title":"Mast 70cm, 80 und 90cm f\u00fcr S Foil SROKA - SROKA Company","description":"S Foil Mast 70cm bis 90cm f\u00fcr S Foil und K Foil SROKA. Der gleiche Mast f\u00fcr verschiedene Disziplinen: Surf Foil, Kite Foil, Wing Foil, Sup Foil.","robots":{"index":"noindex","follow":"follow","max-snippet":"max-snippet:-1","max-image-preview":"max-image-preview:large","max-video-preview":"max-video-preview:-1"},"og_locale":"de_DE","og_type":"article","og_title":"Mast 70cm, 80 und 90cm f\u00fcr S Foil SROKA - SROKA Company","og_description":"S Foil Mast 70cm bis 90cm f\u00fcr S Foil und K Foil SROKA. Der gleiche Mast f\u00fcr verschiedene Disziplinen: Surf Foil, Kite Foil, Wing Foil, Sup Foil.","og_url":"https:\/\/staging.srokafinal.lets-preprod.com\/de\/produit\/s-foil-mast-2020-70cm-90cm\/","og_site_name":"SROKA Company","article_publisher":"https:\/\/www.facebook.com\/srokawatersports\/","article_modified_time":"2024-05-30T09:11:34+00:00","og_image":[{"width":780,"height":1040,"url":"https:\/\/staging.srokafinal.lets-preprod.com\/wp-content\/uploads\/2020\/12\/mats-S-Foil-aligne\u0301s.jpg","type":"image\/jpeg"}],"schema":{"@context":"https:\/\/schema.org","@graph":[{"@type":"WebPage","@id":"https:\/\/staging.srokafinal.lets-preprod.com\/de\/produit\/s-foil-mast-2020-70cm-90cm\/","url":"https:\/\/staging.srokafinal.lets-preprod.com\/de\/produit\/s-foil-mast-2020-70cm-90cm\/","name":"Mast 70cm, 80 und 90cm f\u00fcr S Foil SROKA - SROKA Company","isPartOf":{"@id":"https:\/\/staging.srokafinal.lets-preprod.com\/de\/#website"},"primaryImageOfPage":{"@id":"https:\/\/staging.srokafinal.lets-preprod.com\/de\/produit\/s-foil-mast-2020-70cm-90cm\/#primaryimage"},"image":{"@id":"https:\/\/staging.srokafinal.lets-preprod.com\/de\/produit\/s-foil-mast-2020-70cm-90cm\/#primaryimage"},"thumbnailUrl":"https:\/\/staging.srokafinal.lets-preprod.com\/wp-content\/uploads\/2020\/12\/mats-S-Foil-aligne\u0301s.jpg","datePublished":"2019-09-10T06:31:19+00:00","dateModified":"2024-05-30T09:11:34+00:00","description":"S Foil Mast 70cm bis 90cm f\u00fcr S Foil und K Foil SROKA. Der gleiche Mast f\u00fcr verschiedene Disziplinen: Surf Foil, Kite Foil, Wing Foil, Sup Foil.","breadcrumb":{"@id":"https:\/\/staging.srokafinal.lets-preprod.com\/de\/produit\/s-foil-mast-2020-70cm-90cm\/#breadcrumb"},"inLanguage":"de","potentialAction":[{"@type":"ReadAction","target":["https:\/\/staging.srokafinal.lets-preprod.com\/de\/produit\/s-foil-mast-2020-70cm-90cm\/"]}]},{"@type":"ImageObject","inLanguage":"de","@id":"https:\/\/staging.srokafinal.lets-preprod.com\/de\/produit\/s-foil-mast-2020-70cm-90cm\/#primaryimage","url":"https:\/\/staging.srokafinal.lets-preprod.com\/wp-content\/uploads\/2020\/12\/mats-S-Foil-aligne\u0301s.jpg","contentUrl":"https:\/\/staging.srokafinal.lets-preprod.com\/wp-content\/uploads\/2020\/12\/mats-S-Foil-aligne\u0301s.jpg","width":780,"height":1040,"caption":"SFoil Alufolienmast Sroka Company"},{"@type":"BreadcrumbList","@id":"https:\/\/staging.srokafinal.lets-preprod.com\/de\/produit\/s-foil-mast-2020-70cm-90cm\/#breadcrumb","itemListElement":[{"@type":"ListItem","position":1,"name":"Accueil","item":"https:\/\/staging.srokafinal.lets-preprod.com\/de\/"},{"@type":"ListItem","position":2,"name":"Boutique","item":"https:\/\/staging.srokafinal.lets-preprod.com\/boutique\/"},{"@type":"ListItem","position":3,"name":"S-Foil Mast 2020 70cm-90cm"}]},{"@type":"WebSite","@id":"https:\/\/staging.srokafinal.lets-preprod.com\/de\/#website","url":"https:\/\/staging.srokafinal.lets-preprod.com\/de\/","name":"SROKA Company","description":"SUP, Kite, Foil, Wing","publisher":{"@id":"https:\/\/staging.srokafinal.lets-preprod.com\/de\/#organization"},"potentialAction":[{"@type":"SearchAction","target":{"@type":"EntryPoint","urlTemplate":"https:\/\/staging.srokafinal.lets-preprod.com\/de\/?s={search_term_string}"},"query-input":{"@type":"PropertyValueSpecification","valueRequired":true,"valueName":"search_term_string"}}],"inLanguage":"de"},{"@type":"Organization","@id":"https:\/\/staging.srokafinal.lets-preprod.com\/de\/#organization","name":"SROKACOMPANY","alternateName":"SROKA","url":"https:\/\/staging.srokafinal.lets-preprod.com\/de\/","logo":{"@type":"ImageObject","inLanguage":"de","@id":"https:\/\/staging.srokafinal.lets-preprod.com\/de\/#\/schema\/logo\/image\/","url":"https:\/\/staging.srokafinal.lets-preprod.com\/wp-content\/uploads\/2021\/01\/logo-sroka-black-transpa.png","contentUrl":"https:\/\/staging.srokafinal.lets-preprod.com\/wp-content\/uploads\/2021\/01\/logo-sroka-black-transpa.png","width":1201,"height":342,"caption":"SROKACOMPANY"},"image":{"@id":"https:\/\/staging.srokafinal.lets-preprod.com\/de\/#\/schema\/logo\/image\/"},"sameAs":["https:\/\/www.facebook.com\/srokawatersports\/","https:\/\/www.instagram.com\/srokawatersports\/","https:\/\/www.youtube.com\/channel\/UCVLHHeaPIm-J5bdEUgxqtZA"]}]}},"uagb_featured_image_src":{"full":["https:\/\/staging.srokafinal.lets-preprod.com\/wp-content\/uploads\/2020\/12\/mats-S-Foil-aligne\u0301s.jpg",780,1040,false],"thumbnail":["https:\/\/staging.srokafinal.lets-preprod.com\/wp-content\/uploads\/2020\/12\/mats-S-Foil-aligne\u0301s-150x150.jpg",150,150,true],"medium":["https:\/\/staging.srokafinal.lets-preprod.com\/wp-content\/uploads\/2020\/12\/mats-S-Foil-aligne\u0301s-225x300.jpg",225,300,true],"medium_large":["https:\/\/staging.srokafinal.lets-preprod.com\/wp-content\/uploads\/2020\/12\/mats-S-Foil-aligne\u0301s-768x1024.jpg",768,1024,true],"large":["https:\/\/staging.srokafinal.lets-preprod.com\/wp-content\/uploads\/2020\/12\/mats-S-Foil-aligne\u0301s-768x1024.jpg",768,1024,true],"1536x1536":["https:\/\/staging.srokafinal.lets-preprod.com\/wp-content\/uploads\/2020\/12\/mats-S-Foil-aligne\u0301s.jpg",780,1040,false],"2048x2048":["https:\/\/staging.srokafinal.lets-preprod.com\/wp-content\/uploads\/2020\/12\/mats-S-Foil-aligne\u0301s.jpg",780,1040,false],"woocommerce_thumbnail":["https:\/\/staging.srokafinal.lets-preprod.com\/wp-content\/uploads\/2020\/12\/mats-S-Foil-aligne\u0301s-600x800.jpg",600,800,true],"woocommerce_single":["https:\/\/staging.srokafinal.lets-preprod.com\/wp-content\/uploads\/2020\/12\/mats-S-Foil-aligne\u0301s-600x800.jpg",600,800,true],"woocommerce_gallery_thumbnail":["https:\/\/staging.srokafinal.lets-preprod.com\/wp-content\/uploads\/2020\/12\/mats-S-Foil-aligne\u0301s-100x100.jpg",100,100,true]},"uagb_author_info":{"display_name":"","author_link":"https:\/\/staging.srokafinal.lets-preprod.com\/de\/blog\/author\/"},"uagb_comment_info":0,"uagb_excerpt":"S-Foil Mast 70cm, 80cm oder 90cm zur Vervollst\u00e4ndigung Ihres SROKA S Foil Hydrofoils. Sie garantieren eine hervorragende Steifigkeit f\u00fcr maximale Leistung. SROKA-Masten werden aus hochwertigem T6061 T6-Aluminium hergestellt, das in der Schifffahrts- und Luftfahrtindustrie verwendet wird und besonders f\u00fcr die Meeresumwelt geeignet ist. Sie passen nur auf den Rumpf des 2019\/2020 S-Foil und des Aluminium&hellip;","_links":{"self":[{"href":"https:\/\/staging.srokafinal.lets-preprod.com\/de\/wp-json\/wp\/v2\/product\/115941","targetHints":{"allow":["GET"]}}],"collection":[{"href":"https:\/\/staging.srokafinal.lets-preprod.com\/de\/wp-json\/wp\/v2\/product"}],"about":[{"href":"https:\/\/staging.srokafinal.lets-preprod.com\/de\/wp-json\/wp\/v2\/types\/product"}],"wp:featuredmedia":[{"embeddable":true,"href":"https:\/\/staging.srokafinal.lets-preprod.com\/de\/wp-json\/wp\/v2\/media\/115988"}],"wp:attachment":[{"href":"https:\/\/staging.srokafinal.lets-preprod.com\/de\/wp-json\/wp\/v2\/media?parent=115941"}],"wp:term":[{"taxonomy":"product_brand","embeddable":true,"href":"https:\/\/staging.srokafinal.lets-preprod.com\/de\/wp-json\/wp\/v2\/product_brand?post=115941"},{"taxonomy":"product_cat","embeddable":true,"href":"https:\/\/staging.srokafinal.lets-preprod.com\/de\/wp-json\/wp\/v2\/product_cat?post=115941"},{"taxonomy":"product_tag","embeddable":true,"href":"https:\/\/staging.srokafinal.lets-preprod.com\/de\/wp-json\/wp\/v2\/product_tag?post=115941"}],"curies":[{"name":"wp","href":"https:\/\/api.w.org\/{rel}","templated":true}]}}