


{"id":116017,"date":"2020-11-06T20:29:38","date_gmt":"2020-11-06T18:29:38","guid":{"rendered":"https:\/\/srokacompany.com\/produit\/einziehbare-finne-fuer-stand-up-paddle\/"},"modified":"2024-06-13T12:19:00","modified_gmt":"2024-06-13T12:19:00","slug":"einziehbare-finne-fuer-stand-up-paddle","status":"publish","type":"product","link":"https:\/\/staging.srokafinal.lets-preprod.com\/de\/produit\/einziehbare-finne-fuer-stand-up-paddle\/","title":{"rendered":"Einziehbare Finne f\u00fcr Stand Up Paddle"},"content":{"rendered":"<hr>\n<h1 class=\"p1\"><strong>Einziehbare Stand-Up-Paddle-Flosse<\/strong><\/h1>\n<p class=\"p1\">Mit der einziehbaren Finne k\u00f6nnen Sie alle flachen Gew\u00e4sser in Paddelreichweite <a href=\"https:\/\/srokacompany.com\/produit\/pagaie-vario-100-carbone\/\">bringen<\/a> . Bei Ber\u00fchrung klappt es herunter und vermeidet Bruch. Seine deutsche Konstruktion, sehr solide und langlebig, f\u00f6rdert auch die Man\u00f6vrierf\u00e4higkeit Ihres <a href=\"https:\/\/srokacompany.com\/\">SUPs<\/a>. Es ist f\u00fcr alle Gew\u00e4sser, Pegel und Programme geeignet, ist aber besonders f\u00fcr Seen und flache Gew\u00e4sser geeignet. Es ist mit allen unseren SUPs kompatibel. Die Slide-In-Version ist f\u00fcr <a href=\"https:\/\/srokacompany.com\/eshop\/stand-up-paddle-gonflable\/\">Malibu<\/a> und <a href=\"https:\/\/srokacompany.com\/eshop\/stand-up-paddle-gonflable\/\">Easy<\/a>, US Box f\u00fcr <a href=\"https:\/\/srokacompany.com\/eshop\/stand-up-paddle-gonflable\/\">Alphas<\/a>, gemacht.<\/p>\n<p class=\"p1\">Seine Verwendungsm\u00f6glichkeiten sind sehr zahlreich. Dank ihm ist es m\u00f6glich, das SUP auf den Boden zu stellen, ohne sich Sorgen machen zu m\u00fcssen, dass die Flossen brechen, auf dem Boden darauf klettern oder die SUPs \u00fcbereinander gestapelt werden. Sie werden \u00fcber die unteren Lifte fahren, ohne sie zu sp\u00fcren. Selbst Algen im Meer oder See werden Ihren Paddelschlag nicht verlangsamen k\u00f6nnen!<\/p>\n<p class=\"p1\">Exklusiver Vertrieb durch SROKA in Frankreich. Entdecken Sie unser gesamtes Zubeh\u00f6r, <a href=\"https:\/\/srokacompany.com\/eshop\/accessoires-paddle-sup\/\">indem Sie hier klicken<\/a> (<a href=\"https:\/\/srokacompany.com\/produit\/pompe-electrique-pour-sup-gonflable\/\">elektrische Pumpe<\/a>, <a href=\"https:\/\/srokacompany.com\/eshop\/accessoires-paddle-sup\/\">Paddel,<\/a> <a href=\"https:\/\/srokacompany.com\/eshop\/stand-up-paddle-gonflable\/\">Leine<\/a>&#8230;). Entdecken Sie <a href=\"https:\/\/sup-passion.com\/aileron-retractable-i-paddle-inntal-finne-us-finbox\/\">hier den Test von SUP Passion!<\/a><\/p>\n","protected":false},"excerpt":{"rendered":"<p>Einziehbare Stand-Up-Paddle-Flosse Mit der einziehbaren Finne k\u00f6nnen Sie alle flachen Gew\u00e4sser in Paddelreichweite bringen . Bei Ber\u00fchrung klappt es herunter und vermeidet Bruch. Seine deutsche Konstruktion, sehr solide und langlebig, f\u00f6rdert auch die Man\u00f6vrierf\u00e4higkeit Ihres SUPs. Es ist f\u00fcr alle Gew\u00e4sser, Pegel und Programme geeignet, ist aber besonders f\u00fcr Seen und flache Gew\u00e4sser geeignet. Es [&hellip;]<\/p>\n","protected":false},"featured_media":116097,"template":"","meta":{"_acf_changed":false,"_uag_custom_page_level_css":""},"product_brand":[],"product_cat":[2773,2812,3040],"product_tag":[],"class_list":{"0":"post-116017","1":"product","2":"type-product","3":"status-publish","4":"has-post-thumbnail","6":"product_cat-aufblasbare-paddel","7":"product_cat-paddel-zubehor","8":"product_cat-paddelflosse","9":"product_shipping_class-spoiler-vollschrauben","11":"first","12":"instock","13":"taxable","14":"shipping-taxable","15":"purchasable","16":"product-type-variable"},"acf":[],"yoast_head":"<!-- This site is optimized with the Yoast SEO plugin v25.1 - https:\/\/yoast.com\/wordpress\/plugins\/seo\/ -->\n<title>Einziehbare Finne f\u00fcr Stand Up Paddle - SROKA Company<\/title>\n<meta name=\"description\" content=\"Einziehbare Stand-Up-Paddle-Finne - kompatibel mit US- und Slide-In-Boxen. Ideal f\u00fcr Fl\u00fcsse, Seen oder flache Gew\u00e4sser.\" \/>\n<meta name=\"robots\" content=\"noindex, follow, max-snippet:-1, max-image-preview:large, max-video-preview:-1\" \/>\n<meta property=\"og:locale\" content=\"de_DE\" \/>\n<meta property=\"og:type\" content=\"article\" \/>\n<meta property=\"og:title\" content=\"Einziehbare Finne f\u00fcr Stand Up Paddle - SROKA Company\" \/>\n<meta property=\"og:description\" content=\"Einziehbare Stand-Up-Paddle-Finne - kompatibel mit US- und Slide-In-Boxen. Ideal f\u00fcr Fl\u00fcsse, Seen oder flache Gew\u00e4sser.\" \/>\n<meta property=\"og:url\" content=\"https:\/\/staging.srokafinal.lets-preprod.com\/de\/produit\/einziehbare-finne-fuer-stand-up-paddle\/\" \/>\n<meta property=\"og:site_name\" content=\"SROKA Company\" \/>\n<meta property=\"article:publisher\" content=\"https:\/\/www.facebook.com\/srokawatersports\/\" \/>\n<meta property=\"article:modified_time\" content=\"2024-06-13T12:19:00+00:00\" \/>\n<meta property=\"og:image\" content=\"https:\/\/staging.srokafinal.lets-preprod.com\/wp-content\/uploads\/2020\/12\/Ailerons-retractables-Sroka.jpg\" \/>\n\t<meta property=\"og:image:width\" content=\"780\" \/>\n\t<meta property=\"og:image:height\" content=\"1040\" \/>\n\t<meta property=\"og:image:type\" content=\"image\/jpeg\" \/>\n<meta name=\"twitter:label1\" content=\"Gesch\u00e4tzte Lesezeit\" \/>\n\t<meta name=\"twitter:data1\" content=\"1\u00a0Minute\" \/>\n<script type=\"application\/ld+json\" class=\"yoast-schema-graph\">{\"@context\":\"https:\/\/schema.org\",\"@graph\":[{\"@type\":\"WebPage\",\"@id\":\"https:\/\/staging.srokafinal.lets-preprod.com\/de\/produit\/einziehbare-finne-fuer-stand-up-paddle\/\",\"url\":\"https:\/\/staging.srokafinal.lets-preprod.com\/de\/produit\/einziehbare-finne-fuer-stand-up-paddle\/\",\"name\":\"Einziehbare Finne f\u00fcr Stand Up Paddle - SROKA Company\",\"isPartOf\":{\"@id\":\"https:\/\/staging.srokafinal.lets-preprod.com\/de\/#website\"},\"primaryImageOfPage\":{\"@id\":\"https:\/\/staging.srokafinal.lets-preprod.com\/de\/produit\/einziehbare-finne-fuer-stand-up-paddle\/#primaryimage\"},\"image\":{\"@id\":\"https:\/\/staging.srokafinal.lets-preprod.com\/de\/produit\/einziehbare-finne-fuer-stand-up-paddle\/#primaryimage\"},\"thumbnailUrl\":\"https:\/\/staging.srokafinal.lets-preprod.com\/wp-content\/uploads\/2020\/12\/Ailerons-retractables-Sroka.jpg\",\"datePublished\":\"2020-11-06T18:29:38+00:00\",\"dateModified\":\"2024-06-13T12:19:00+00:00\",\"description\":\"Einziehbare Stand-Up-Paddle-Finne - kompatibel mit US- und Slide-In-Boxen. Ideal f\u00fcr Fl\u00fcsse, Seen oder flache Gew\u00e4sser.\",\"breadcrumb\":{\"@id\":\"https:\/\/staging.srokafinal.lets-preprod.com\/de\/produit\/einziehbare-finne-fuer-stand-up-paddle\/#breadcrumb\"},\"inLanguage\":\"de\",\"potentialAction\":[{\"@type\":\"ReadAction\",\"target\":[\"https:\/\/staging.srokafinal.lets-preprod.com\/de\/produit\/einziehbare-finne-fuer-stand-up-paddle\/\"]}]},{\"@type\":\"ImageObject\",\"inLanguage\":\"de\",\"@id\":\"https:\/\/staging.srokafinal.lets-preprod.com\/de\/produit\/einziehbare-finne-fuer-stand-up-paddle\/#primaryimage\",\"url\":\"https:\/\/staging.srokafinal.lets-preprod.com\/wp-content\/uploads\/2020\/12\/Ailerons-retractables-Sroka.jpg\",\"contentUrl\":\"https:\/\/staging.srokafinal.lets-preprod.com\/wp-content\/uploads\/2020\/12\/Ailerons-retractables-Sroka.jpg\",\"width\":780,\"height\":1040,\"caption\":\"Fin Sroka Fluss\"},{\"@type\":\"BreadcrumbList\",\"@id\":\"https:\/\/staging.srokafinal.lets-preprod.com\/de\/produit\/einziehbare-finne-fuer-stand-up-paddle\/#breadcrumb\",\"itemListElement\":[{\"@type\":\"ListItem\",\"position\":1,\"name\":\"Accueil\",\"item\":\"https:\/\/staging.srokafinal.lets-preprod.com\/de\/\"},{\"@type\":\"ListItem\",\"position\":2,\"name\":\"Boutique\",\"item\":\"https:\/\/staging.srokafinal.lets-preprod.com\/boutique\/\"},{\"@type\":\"ListItem\",\"position\":3,\"name\":\"Einziehbare Finne f\u00fcr Stand Up Paddle\"}]},{\"@type\":\"WebSite\",\"@id\":\"https:\/\/staging.srokafinal.lets-preprod.com\/de\/#website\",\"url\":\"https:\/\/staging.srokafinal.lets-preprod.com\/de\/\",\"name\":\"SROKA Company\",\"description\":\"SUP, Kite, Foil, Wing\",\"publisher\":{\"@id\":\"https:\/\/staging.srokafinal.lets-preprod.com\/de\/#organization\"},\"potentialAction\":[{\"@type\":\"SearchAction\",\"target\":{\"@type\":\"EntryPoint\",\"urlTemplate\":\"https:\/\/staging.srokafinal.lets-preprod.com\/de\/?s={search_term_string}\"},\"query-input\":{\"@type\":\"PropertyValueSpecification\",\"valueRequired\":true,\"valueName\":\"search_term_string\"}}],\"inLanguage\":\"de\"},{\"@type\":\"Organization\",\"@id\":\"https:\/\/staging.srokafinal.lets-preprod.com\/de\/#organization\",\"name\":\"SROKACOMPANY\",\"alternateName\":\"SROKA\",\"url\":\"https:\/\/staging.srokafinal.lets-preprod.com\/de\/\",\"logo\":{\"@type\":\"ImageObject\",\"inLanguage\":\"de\",\"@id\":\"https:\/\/staging.srokafinal.lets-preprod.com\/de\/#\/schema\/logo\/image\/\",\"url\":\"https:\/\/staging.srokafinal.lets-preprod.com\/wp-content\/uploads\/2021\/01\/logo-sroka-black-transpa.png\",\"contentUrl\":\"https:\/\/staging.srokafinal.lets-preprod.com\/wp-content\/uploads\/2021\/01\/logo-sroka-black-transpa.png\",\"width\":1201,\"height\":342,\"caption\":\"SROKACOMPANY\"},\"image\":{\"@id\":\"https:\/\/staging.srokafinal.lets-preprod.com\/de\/#\/schema\/logo\/image\/\"},\"sameAs\":[\"https:\/\/www.facebook.com\/srokawatersports\/\",\"https:\/\/www.instagram.com\/srokawatersports\/\",\"https:\/\/www.youtube.com\/channel\/UCVLHHeaPIm-J5bdEUgxqtZA\"]}]}<\/script>\n<!-- \/ Yoast SEO plugin. -->","yoast_head_json":{"title":"Einziehbare Finne f\u00fcr Stand Up Paddle - SROKA Company","description":"Einziehbare Stand-Up-Paddle-Finne - kompatibel mit US- und Slide-In-Boxen. Ideal f\u00fcr Fl\u00fcsse, Seen oder flache Gew\u00e4sser.","robots":{"index":"noindex","follow":"follow","max-snippet":"max-snippet:-1","max-image-preview":"max-image-preview:large","max-video-preview":"max-video-preview:-1"},"og_locale":"de_DE","og_type":"article","og_title":"Einziehbare Finne f\u00fcr Stand Up Paddle - SROKA Company","og_description":"Einziehbare Stand-Up-Paddle-Finne - kompatibel mit US- und Slide-In-Boxen. Ideal f\u00fcr Fl\u00fcsse, Seen oder flache Gew\u00e4sser.","og_url":"https:\/\/staging.srokafinal.lets-preprod.com\/de\/produit\/einziehbare-finne-fuer-stand-up-paddle\/","og_site_name":"SROKA Company","article_publisher":"https:\/\/www.facebook.com\/srokawatersports\/","article_modified_time":"2024-06-13T12:19:00+00:00","og_image":[{"width":780,"height":1040,"url":"https:\/\/staging.srokafinal.lets-preprod.com\/wp-content\/uploads\/2020\/12\/Ailerons-retractables-Sroka.jpg","type":"image\/jpeg"}],"twitter_misc":{"Gesch\u00e4tzte Lesezeit":"1\u00a0Minute"},"schema":{"@context":"https:\/\/schema.org","@graph":[{"@type":"WebPage","@id":"https:\/\/staging.srokafinal.lets-preprod.com\/de\/produit\/einziehbare-finne-fuer-stand-up-paddle\/","url":"https:\/\/staging.srokafinal.lets-preprod.com\/de\/produit\/einziehbare-finne-fuer-stand-up-paddle\/","name":"Einziehbare Finne f\u00fcr Stand Up Paddle - SROKA Company","isPartOf":{"@id":"https:\/\/staging.srokafinal.lets-preprod.com\/de\/#website"},"primaryImageOfPage":{"@id":"https:\/\/staging.srokafinal.lets-preprod.com\/de\/produit\/einziehbare-finne-fuer-stand-up-paddle\/#primaryimage"},"image":{"@id":"https:\/\/staging.srokafinal.lets-preprod.com\/de\/produit\/einziehbare-finne-fuer-stand-up-paddle\/#primaryimage"},"thumbnailUrl":"https:\/\/staging.srokafinal.lets-preprod.com\/wp-content\/uploads\/2020\/12\/Ailerons-retractables-Sroka.jpg","datePublished":"2020-11-06T18:29:38+00:00","dateModified":"2024-06-13T12:19:00+00:00","description":"Einziehbare Stand-Up-Paddle-Finne - kompatibel mit US- und Slide-In-Boxen. Ideal f\u00fcr Fl\u00fcsse, Seen oder flache Gew\u00e4sser.","breadcrumb":{"@id":"https:\/\/staging.srokafinal.lets-preprod.com\/de\/produit\/einziehbare-finne-fuer-stand-up-paddle\/#breadcrumb"},"inLanguage":"de","potentialAction":[{"@type":"ReadAction","target":["https:\/\/staging.srokafinal.lets-preprod.com\/de\/produit\/einziehbare-finne-fuer-stand-up-paddle\/"]}]},{"@type":"ImageObject","inLanguage":"de","@id":"https:\/\/staging.srokafinal.lets-preprod.com\/de\/produit\/einziehbare-finne-fuer-stand-up-paddle\/#primaryimage","url":"https:\/\/staging.srokafinal.lets-preprod.com\/wp-content\/uploads\/2020\/12\/Ailerons-retractables-Sroka.jpg","contentUrl":"https:\/\/staging.srokafinal.lets-preprod.com\/wp-content\/uploads\/2020\/12\/Ailerons-retractables-Sroka.jpg","width":780,"height":1040,"caption":"Fin Sroka Fluss"},{"@type":"BreadcrumbList","@id":"https:\/\/staging.srokafinal.lets-preprod.com\/de\/produit\/einziehbare-finne-fuer-stand-up-paddle\/#breadcrumb","itemListElement":[{"@type":"ListItem","position":1,"name":"Accueil","item":"https:\/\/staging.srokafinal.lets-preprod.com\/de\/"},{"@type":"ListItem","position":2,"name":"Boutique","item":"https:\/\/staging.srokafinal.lets-preprod.com\/boutique\/"},{"@type":"ListItem","position":3,"name":"Einziehbare Finne f\u00fcr Stand Up Paddle"}]},{"@type":"WebSite","@id":"https:\/\/staging.srokafinal.lets-preprod.com\/de\/#website","url":"https:\/\/staging.srokafinal.lets-preprod.com\/de\/","name":"SROKA Company","description":"SUP, Kite, Foil, Wing","publisher":{"@id":"https:\/\/staging.srokafinal.lets-preprod.com\/de\/#organization"},"potentialAction":[{"@type":"SearchAction","target":{"@type":"EntryPoint","urlTemplate":"https:\/\/staging.srokafinal.lets-preprod.com\/de\/?s={search_term_string}"},"query-input":{"@type":"PropertyValueSpecification","valueRequired":true,"valueName":"search_term_string"}}],"inLanguage":"de"},{"@type":"Organization","@id":"https:\/\/staging.srokafinal.lets-preprod.com\/de\/#organization","name":"SROKACOMPANY","alternateName":"SROKA","url":"https:\/\/staging.srokafinal.lets-preprod.com\/de\/","logo":{"@type":"ImageObject","inLanguage":"de","@id":"https:\/\/staging.srokafinal.lets-preprod.com\/de\/#\/schema\/logo\/image\/","url":"https:\/\/staging.srokafinal.lets-preprod.com\/wp-content\/uploads\/2021\/01\/logo-sroka-black-transpa.png","contentUrl":"https:\/\/staging.srokafinal.lets-preprod.com\/wp-content\/uploads\/2021\/01\/logo-sroka-black-transpa.png","width":1201,"height":342,"caption":"SROKACOMPANY"},"image":{"@id":"https:\/\/staging.srokafinal.lets-preprod.com\/de\/#\/schema\/logo\/image\/"},"sameAs":["https:\/\/www.facebook.com\/srokawatersports\/","https:\/\/www.instagram.com\/srokawatersports\/","https:\/\/www.youtube.com\/channel\/UCVLHHeaPIm-J5bdEUgxqtZA"]}]}},"uagb_featured_image_src":{"full":["https:\/\/staging.srokafinal.lets-preprod.com\/wp-content\/uploads\/2020\/12\/Ailerons-retractables-Sroka.jpg",780,1040,false],"thumbnail":["https:\/\/staging.srokafinal.lets-preprod.com\/wp-content\/uploads\/2020\/12\/Ailerons-retractables-Sroka-150x150.jpg",150,150,true],"medium":["https:\/\/staging.srokafinal.lets-preprod.com\/wp-content\/uploads\/2020\/12\/Ailerons-retractables-Sroka-225x300.jpg",225,300,true],"medium_large":["https:\/\/staging.srokafinal.lets-preprod.com\/wp-content\/uploads\/2020\/12\/Ailerons-retractables-Sroka-768x1024.jpg",768,1024,true],"large":["https:\/\/staging.srokafinal.lets-preprod.com\/wp-content\/uploads\/2020\/12\/Ailerons-retractables-Sroka-768x1024.jpg",768,1024,true],"1536x1536":["https:\/\/staging.srokafinal.lets-preprod.com\/wp-content\/uploads\/2020\/12\/Ailerons-retractables-Sroka.jpg",780,1040,false],"2048x2048":["https:\/\/staging.srokafinal.lets-preprod.com\/wp-content\/uploads\/2020\/12\/Ailerons-retractables-Sroka.jpg",780,1040,false],"woocommerce_thumbnail":["https:\/\/staging.srokafinal.lets-preprod.com\/wp-content\/uploads\/2020\/12\/Ailerons-retractables-Sroka-600x800.jpg",600,800,true],"woocommerce_single":["https:\/\/staging.srokafinal.lets-preprod.com\/wp-content\/uploads\/2020\/12\/Ailerons-retractables-Sroka-600x800.jpg",600,800,true],"woocommerce_gallery_thumbnail":["https:\/\/staging.srokafinal.lets-preprod.com\/wp-content\/uploads\/2020\/12\/Ailerons-retractables-Sroka-100x100.jpg",100,100,true]},"uagb_author_info":{"display_name":"Tristan Dumard","author_link":"https:\/\/staging.srokafinal.lets-preprod.com\/de\/blog\/author\/"},"uagb_comment_info":0,"uagb_excerpt":"Einziehbare Stand-Up-Paddle-Flosse Mit der einziehbaren Finne k\u00f6nnen Sie alle flachen Gew\u00e4sser in Paddelreichweite bringen . Bei Ber\u00fchrung klappt es herunter und vermeidet Bruch. Seine deutsche Konstruktion, sehr solide und langlebig, f\u00f6rdert auch die Man\u00f6vrierf\u00e4higkeit Ihres SUPs. Es ist f\u00fcr alle Gew\u00e4sser, Pegel und Programme geeignet, ist aber besonders f\u00fcr Seen und flache Gew\u00e4sser geeignet. Es&hellip;","_links":{"self":[{"href":"https:\/\/staging.srokafinal.lets-preprod.com\/de\/wp-json\/wp\/v2\/product\/116017","targetHints":{"allow":["GET"]}}],"collection":[{"href":"https:\/\/staging.srokafinal.lets-preprod.com\/de\/wp-json\/wp\/v2\/product"}],"about":[{"href":"https:\/\/staging.srokafinal.lets-preprod.com\/de\/wp-json\/wp\/v2\/types\/product"}],"wp:featuredmedia":[{"embeddable":true,"href":"https:\/\/staging.srokafinal.lets-preprod.com\/de\/wp-json\/wp\/v2\/media\/116097"}],"wp:attachment":[{"href":"https:\/\/staging.srokafinal.lets-preprod.com\/de\/wp-json\/wp\/v2\/media?parent=116017"}],"wp:term":[{"taxonomy":"product_brand","embeddable":true,"href":"https:\/\/staging.srokafinal.lets-preprod.com\/de\/wp-json\/wp\/v2\/product_brand?post=116017"},{"taxonomy":"product_cat","embeddable":true,"href":"https:\/\/staging.srokafinal.lets-preprod.com\/de\/wp-json\/wp\/v2\/product_cat?post=116017"},{"taxonomy":"product_tag","embeddable":true,"href":"https:\/\/staging.srokafinal.lets-preprod.com\/de\/wp-json\/wp\/v2\/product_tag?post=116017"}],"curies":[{"name":"wp","href":"https:\/\/api.w.org\/{rel}","templated":true}]}}