


{"id":116102,"date":"2019-02-14T11:19:43","date_gmt":"2019-02-14T09:19:43","guid":{"rendered":"https:\/\/srokacompany.com\/produit\/wasserdichte-paddeltasche\/"},"modified":"2024-05-30T09:10:36","modified_gmt":"2024-05-30T09:10:36","slug":"wasserdichte-paddeltasche","status":"publish","type":"product","link":"https:\/\/staging.srokafinal.lets-preprod.com\/de\/produit\/wasserdichte-paddeltasche\/","title":{"rendered":"Wasserdichte Paddeltasche"},"content":{"rendered":"<hr>\n<p>Diese wasserdichte 5-Liter-Paddeltasche SROKA ist ideal f\u00fcr die Aufbewahrung Ihrer nicht wasserdichten pers\u00f6nlichen Gegenst\u00e4nde w\u00e4hrend Ihrer Fahrten. Dank des Schultergurts k\u00f6nnen Sie es mitnehmen oder in die Netze Ihres Stand Up Paddle Boards stecken.<\/p>\n","protected":false},"excerpt":{"rendered":"<p>Diese wasserdichte 5-Liter-Paddeltasche SROKA ist ideal f\u00fcr die Aufbewahrung Ihrer nicht wasserdichten pers\u00f6nlichen Gegenst\u00e4nde w\u00e4hrend Ihrer Fahrten. Dank des Schultergurts k\u00f6nnen Sie es mitnehmen oder in die Netze Ihres Stand Up Paddle Boards stecken.<\/p>\n","protected":false},"featured_media":116146,"template":"","meta":{"_acf_changed":false,"_uag_custom_page_level_css":""},"product_brand":[],"product_cat":[2797,2815,2812],"product_tag":[],"class_list":{"0":"post-116102","1":"product","2":"type-product","3":"status-publish","4":"has-post-thumbnail","6":"product_cat-wing-foil-flugel","7":"product_cat-folien-zubehor","8":"product_cat-paddel-zubehor","9":"pa_materiaux-nylon","10":"pa_materiaux-tapaulin","12":"first","13":"instock","14":"taxable","15":"shipping-taxable","16":"purchasable","17":"product-type-simple"},"acf":[],"yoast_head":"<!-- This site is optimized with the Yoast SEO plugin v25.1 - https:\/\/yoast.com\/wordpress\/plugins\/seo\/ -->\n<title>Hochwertige wasserdichte Paddeltasche zum besten Preis - SROKA Company<\/title>\n<meta name=\"description\" content=\"Die wasserdichte 5-Liter-Tasche erm\u00f6glicht es Ihnen, Ihr Smartphone und Ihre Schl\u00fcssel w\u00e4hrend Ihrer Reise auf dem Wasser trocken zu verstauen. Lieferung mit Schultergurt.\" \/>\n<meta name=\"robots\" content=\"noindex, follow, max-snippet:-1, max-image-preview:large, max-video-preview:-1\" \/>\n<meta property=\"og:locale\" content=\"de_DE\" \/>\n<meta property=\"og:type\" content=\"article\" \/>\n<meta property=\"og:title\" content=\"Hochwertige wasserdichte Paddeltasche zum besten Preis - SROKA Company\" \/>\n<meta property=\"og:description\" content=\"Die wasserdichte 5-Liter-Tasche erm\u00f6glicht es Ihnen, Ihr Smartphone und Ihre Schl\u00fcssel w\u00e4hrend Ihrer Reise auf dem Wasser trocken zu verstauen. Lieferung mit Schultergurt.\" \/>\n<meta property=\"og:url\" content=\"https:\/\/staging.srokafinal.lets-preprod.com\/de\/produit\/wasserdichte-paddeltasche\/\" \/>\n<meta property=\"og:site_name\" content=\"SROKA Company\" \/>\n<meta property=\"article:publisher\" content=\"https:\/\/www.facebook.com\/srokawatersports\/\" \/>\n<meta property=\"article:modified_time\" content=\"2024-05-30T09:10:36+00:00\" \/>\n<meta property=\"og:image\" content=\"https:\/\/staging.srokafinal.lets-preprod.com\/wp-content\/uploads\/2019\/02\/sac-e\u0301tanche-copy.jpg\" \/>\n\t<meta property=\"og:image:width\" content=\"780\" \/>\n\t<meta property=\"og:image:height\" content=\"1040\" \/>\n\t<meta property=\"og:image:type\" content=\"image\/jpeg\" \/>\n<script type=\"application\/ld+json\" class=\"yoast-schema-graph\">{\"@context\":\"https:\/\/schema.org\",\"@graph\":[{\"@type\":\"WebPage\",\"@id\":\"https:\/\/staging.srokafinal.lets-preprod.com\/de\/produit\/wasserdichte-paddeltasche\/\",\"url\":\"https:\/\/staging.srokafinal.lets-preprod.com\/de\/produit\/wasserdichte-paddeltasche\/\",\"name\":\"Hochwertige wasserdichte Paddeltasche zum besten Preis - SROKA Company\",\"isPartOf\":{\"@id\":\"https:\/\/staging.srokafinal.lets-preprod.com\/de\/#website\"},\"primaryImageOfPage\":{\"@id\":\"https:\/\/staging.srokafinal.lets-preprod.com\/de\/produit\/wasserdichte-paddeltasche\/#primaryimage\"},\"image\":{\"@id\":\"https:\/\/staging.srokafinal.lets-preprod.com\/de\/produit\/wasserdichte-paddeltasche\/#primaryimage\"},\"thumbnailUrl\":\"https:\/\/staging.srokafinal.lets-preprod.com\/wp-content\/uploads\/2019\/02\/sac-e\u0301tanche-copy.jpg\",\"datePublished\":\"2019-02-14T09:19:43+00:00\",\"dateModified\":\"2024-05-30T09:10:36+00:00\",\"description\":\"Die wasserdichte 5-Liter-Tasche erm\u00f6glicht es Ihnen, Ihr Smartphone und Ihre Schl\u00fcssel w\u00e4hrend Ihrer Reise auf dem Wasser trocken zu verstauen. Lieferung mit Schultergurt.\",\"breadcrumb\":{\"@id\":\"https:\/\/staging.srokafinal.lets-preprod.com\/de\/produit\/wasserdichte-paddeltasche\/#breadcrumb\"},\"inLanguage\":\"de\",\"potentialAction\":[{\"@type\":\"ReadAction\",\"target\":[\"https:\/\/staging.srokafinal.lets-preprod.com\/de\/produit\/wasserdichte-paddeltasche\/\"]}]},{\"@type\":\"ImageObject\",\"inLanguage\":\"de\",\"@id\":\"https:\/\/staging.srokafinal.lets-preprod.com\/de\/produit\/wasserdichte-paddeltasche\/#primaryimage\",\"url\":\"https:\/\/staging.srokafinal.lets-preprod.com\/wp-content\/uploads\/2019\/02\/sac-e\u0301tanche-copy.jpg\",\"contentUrl\":\"https:\/\/staging.srokafinal.lets-preprod.com\/wp-content\/uploads\/2019\/02\/sac-e\u0301tanche-copy.jpg\",\"width\":780,\"height\":1040,\"caption\":\"wasserdichte Paddeltasche wei\u00df SROKA\"},{\"@type\":\"BreadcrumbList\",\"@id\":\"https:\/\/staging.srokafinal.lets-preprod.com\/de\/produit\/wasserdichte-paddeltasche\/#breadcrumb\",\"itemListElement\":[{\"@type\":\"ListItem\",\"position\":1,\"name\":\"Accueil\",\"item\":\"https:\/\/staging.srokafinal.lets-preprod.com\/de\/\"},{\"@type\":\"ListItem\",\"position\":2,\"name\":\"Boutique\",\"item\":\"https:\/\/staging.srokafinal.lets-preprod.com\/boutique\/\"},{\"@type\":\"ListItem\",\"position\":3,\"name\":\"Wasserdichte Paddeltasche\"}]},{\"@type\":\"WebSite\",\"@id\":\"https:\/\/staging.srokafinal.lets-preprod.com\/de\/#website\",\"url\":\"https:\/\/staging.srokafinal.lets-preprod.com\/de\/\",\"name\":\"SROKA Company\",\"description\":\"SUP, Kite, Foil, Wing\",\"publisher\":{\"@id\":\"https:\/\/staging.srokafinal.lets-preprod.com\/de\/#organization\"},\"potentialAction\":[{\"@type\":\"SearchAction\",\"target\":{\"@type\":\"EntryPoint\",\"urlTemplate\":\"https:\/\/staging.srokafinal.lets-preprod.com\/de\/?s={search_term_string}\"},\"query-input\":{\"@type\":\"PropertyValueSpecification\",\"valueRequired\":true,\"valueName\":\"search_term_string\"}}],\"inLanguage\":\"de\"},{\"@type\":\"Organization\",\"@id\":\"https:\/\/staging.srokafinal.lets-preprod.com\/de\/#organization\",\"name\":\"SROKACOMPANY\",\"alternateName\":\"SROKA\",\"url\":\"https:\/\/staging.srokafinal.lets-preprod.com\/de\/\",\"logo\":{\"@type\":\"ImageObject\",\"inLanguage\":\"de\",\"@id\":\"https:\/\/staging.srokafinal.lets-preprod.com\/de\/#\/schema\/logo\/image\/\",\"url\":\"https:\/\/staging.srokafinal.lets-preprod.com\/wp-content\/uploads\/2021\/01\/logo-sroka-black-transpa.png\",\"contentUrl\":\"https:\/\/staging.srokafinal.lets-preprod.com\/wp-content\/uploads\/2021\/01\/logo-sroka-black-transpa.png\",\"width\":1201,\"height\":342,\"caption\":\"SROKACOMPANY\"},\"image\":{\"@id\":\"https:\/\/staging.srokafinal.lets-preprod.com\/de\/#\/schema\/logo\/image\/\"},\"sameAs\":[\"https:\/\/www.facebook.com\/srokawatersports\/\",\"https:\/\/www.instagram.com\/srokawatersports\/\",\"https:\/\/www.youtube.com\/channel\/UCVLHHeaPIm-J5bdEUgxqtZA\"]}]}<\/script>\n<!-- \/ Yoast SEO plugin. -->","yoast_head_json":{"title":"Hochwertige wasserdichte Paddeltasche zum besten Preis - SROKA Company","description":"Die wasserdichte 5-Liter-Tasche erm\u00f6glicht es Ihnen, Ihr Smartphone und Ihre Schl\u00fcssel w\u00e4hrend Ihrer Reise auf dem Wasser trocken zu verstauen. Lieferung mit Schultergurt.","robots":{"index":"noindex","follow":"follow","max-snippet":"max-snippet:-1","max-image-preview":"max-image-preview:large","max-video-preview":"max-video-preview:-1"},"og_locale":"de_DE","og_type":"article","og_title":"Hochwertige wasserdichte Paddeltasche zum besten Preis - SROKA Company","og_description":"Die wasserdichte 5-Liter-Tasche erm\u00f6glicht es Ihnen, Ihr Smartphone und Ihre Schl\u00fcssel w\u00e4hrend Ihrer Reise auf dem Wasser trocken zu verstauen. Lieferung mit Schultergurt.","og_url":"https:\/\/staging.srokafinal.lets-preprod.com\/de\/produit\/wasserdichte-paddeltasche\/","og_site_name":"SROKA Company","article_publisher":"https:\/\/www.facebook.com\/srokawatersports\/","article_modified_time":"2024-05-30T09:10:36+00:00","og_image":[{"width":780,"height":1040,"url":"https:\/\/staging.srokafinal.lets-preprod.com\/wp-content\/uploads\/2019\/02\/sac-e\u0301tanche-copy.jpg","type":"image\/jpeg"}],"schema":{"@context":"https:\/\/schema.org","@graph":[{"@type":"WebPage","@id":"https:\/\/staging.srokafinal.lets-preprod.com\/de\/produit\/wasserdichte-paddeltasche\/","url":"https:\/\/staging.srokafinal.lets-preprod.com\/de\/produit\/wasserdichte-paddeltasche\/","name":"Hochwertige wasserdichte Paddeltasche zum besten Preis - SROKA Company","isPartOf":{"@id":"https:\/\/staging.srokafinal.lets-preprod.com\/de\/#website"},"primaryImageOfPage":{"@id":"https:\/\/staging.srokafinal.lets-preprod.com\/de\/produit\/wasserdichte-paddeltasche\/#primaryimage"},"image":{"@id":"https:\/\/staging.srokafinal.lets-preprod.com\/de\/produit\/wasserdichte-paddeltasche\/#primaryimage"},"thumbnailUrl":"https:\/\/staging.srokafinal.lets-preprod.com\/wp-content\/uploads\/2019\/02\/sac-e\u0301tanche-copy.jpg","datePublished":"2019-02-14T09:19:43+00:00","dateModified":"2024-05-30T09:10:36+00:00","description":"Die wasserdichte 5-Liter-Tasche erm\u00f6glicht es Ihnen, Ihr Smartphone und Ihre Schl\u00fcssel w\u00e4hrend Ihrer Reise auf dem Wasser trocken zu verstauen. Lieferung mit Schultergurt.","breadcrumb":{"@id":"https:\/\/staging.srokafinal.lets-preprod.com\/de\/produit\/wasserdichte-paddeltasche\/#breadcrumb"},"inLanguage":"de","potentialAction":[{"@type":"ReadAction","target":["https:\/\/staging.srokafinal.lets-preprod.com\/de\/produit\/wasserdichte-paddeltasche\/"]}]},{"@type":"ImageObject","inLanguage":"de","@id":"https:\/\/staging.srokafinal.lets-preprod.com\/de\/produit\/wasserdichte-paddeltasche\/#primaryimage","url":"https:\/\/staging.srokafinal.lets-preprod.com\/wp-content\/uploads\/2019\/02\/sac-e\u0301tanche-copy.jpg","contentUrl":"https:\/\/staging.srokafinal.lets-preprod.com\/wp-content\/uploads\/2019\/02\/sac-e\u0301tanche-copy.jpg","width":780,"height":1040,"caption":"wasserdichte Paddeltasche wei\u00df SROKA"},{"@type":"BreadcrumbList","@id":"https:\/\/staging.srokafinal.lets-preprod.com\/de\/produit\/wasserdichte-paddeltasche\/#breadcrumb","itemListElement":[{"@type":"ListItem","position":1,"name":"Accueil","item":"https:\/\/staging.srokafinal.lets-preprod.com\/de\/"},{"@type":"ListItem","position":2,"name":"Boutique","item":"https:\/\/staging.srokafinal.lets-preprod.com\/boutique\/"},{"@type":"ListItem","position":3,"name":"Wasserdichte Paddeltasche"}]},{"@type":"WebSite","@id":"https:\/\/staging.srokafinal.lets-preprod.com\/de\/#website","url":"https:\/\/staging.srokafinal.lets-preprod.com\/de\/","name":"SROKA Company","description":"SUP, Kite, Foil, Wing","publisher":{"@id":"https:\/\/staging.srokafinal.lets-preprod.com\/de\/#organization"},"potentialAction":[{"@type":"SearchAction","target":{"@type":"EntryPoint","urlTemplate":"https:\/\/staging.srokafinal.lets-preprod.com\/de\/?s={search_term_string}"},"query-input":{"@type":"PropertyValueSpecification","valueRequired":true,"valueName":"search_term_string"}}],"inLanguage":"de"},{"@type":"Organization","@id":"https:\/\/staging.srokafinal.lets-preprod.com\/de\/#organization","name":"SROKACOMPANY","alternateName":"SROKA","url":"https:\/\/staging.srokafinal.lets-preprod.com\/de\/","logo":{"@type":"ImageObject","inLanguage":"de","@id":"https:\/\/staging.srokafinal.lets-preprod.com\/de\/#\/schema\/logo\/image\/","url":"https:\/\/staging.srokafinal.lets-preprod.com\/wp-content\/uploads\/2021\/01\/logo-sroka-black-transpa.png","contentUrl":"https:\/\/staging.srokafinal.lets-preprod.com\/wp-content\/uploads\/2021\/01\/logo-sroka-black-transpa.png","width":1201,"height":342,"caption":"SROKACOMPANY"},"image":{"@id":"https:\/\/staging.srokafinal.lets-preprod.com\/de\/#\/schema\/logo\/image\/"},"sameAs":["https:\/\/www.facebook.com\/srokawatersports\/","https:\/\/www.instagram.com\/srokawatersports\/","https:\/\/www.youtube.com\/channel\/UCVLHHeaPIm-J5bdEUgxqtZA"]}]}},"uagb_featured_image_src":{"full":["https:\/\/staging.srokafinal.lets-preprod.com\/wp-content\/uploads\/2019\/02\/sac-e\u0301tanche-copy.jpg",780,1040,false],"thumbnail":["https:\/\/staging.srokafinal.lets-preprod.com\/wp-content\/uploads\/2019\/02\/sac-e\u0301tanche-copy-150x150.jpg",150,150,true],"medium":["https:\/\/staging.srokafinal.lets-preprod.com\/wp-content\/uploads\/2019\/02\/sac-e\u0301tanche-copy-225x300.jpg",225,300,true],"medium_large":["https:\/\/staging.srokafinal.lets-preprod.com\/wp-content\/uploads\/2019\/02\/sac-e\u0301tanche-copy-768x1024.jpg",768,1024,true],"large":["https:\/\/staging.srokafinal.lets-preprod.com\/wp-content\/uploads\/2019\/02\/sac-e\u0301tanche-copy-768x1024.jpg",768,1024,true],"1536x1536":["https:\/\/staging.srokafinal.lets-preprod.com\/wp-content\/uploads\/2019\/02\/sac-e\u0301tanche-copy.jpg",780,1040,false],"2048x2048":["https:\/\/staging.srokafinal.lets-preprod.com\/wp-content\/uploads\/2019\/02\/sac-e\u0301tanche-copy.jpg",780,1040,false],"woocommerce_thumbnail":["https:\/\/staging.srokafinal.lets-preprod.com\/wp-content\/uploads\/2019\/02\/sac-e\u0301tanche-copy-600x800.jpg",600,800,true],"woocommerce_single":["https:\/\/staging.srokafinal.lets-preprod.com\/wp-content\/uploads\/2019\/02\/sac-e\u0301tanche-copy-600x800.jpg",600,800,true],"woocommerce_gallery_thumbnail":["https:\/\/staging.srokafinal.lets-preprod.com\/wp-content\/uploads\/2019\/02\/sac-e\u0301tanche-copy-100x100.jpg",100,100,true]},"uagb_author_info":{"display_name":"Bruno Sroka","author_link":"https:\/\/staging.srokafinal.lets-preprod.com\/de\/blog\/author\/"},"uagb_comment_info":0,"uagb_excerpt":"Diese wasserdichte 5-Liter-Paddeltasche SROKA ist ideal f\u00fcr die Aufbewahrung Ihrer nicht wasserdichten pers\u00f6nlichen Gegenst\u00e4nde w\u00e4hrend Ihrer Fahrten. Dank des Schultergurts k\u00f6nnen Sie es mitnehmen oder in die Netze Ihres Stand Up Paddle Boards stecken.","_links":{"self":[{"href":"https:\/\/staging.srokafinal.lets-preprod.com\/de\/wp-json\/wp\/v2\/product\/116102","targetHints":{"allow":["GET"]}}],"collection":[{"href":"https:\/\/staging.srokafinal.lets-preprod.com\/de\/wp-json\/wp\/v2\/product"}],"about":[{"href":"https:\/\/staging.srokafinal.lets-preprod.com\/de\/wp-json\/wp\/v2\/types\/product"}],"wp:featuredmedia":[{"embeddable":true,"href":"https:\/\/staging.srokafinal.lets-preprod.com\/de\/wp-json\/wp\/v2\/media\/116146"}],"wp:attachment":[{"href":"https:\/\/staging.srokafinal.lets-preprod.com\/de\/wp-json\/wp\/v2\/media?parent=116102"}],"wp:term":[{"taxonomy":"product_brand","embeddable":true,"href":"https:\/\/staging.srokafinal.lets-preprod.com\/de\/wp-json\/wp\/v2\/product_brand?post=116102"},{"taxonomy":"product_cat","embeddable":true,"href":"https:\/\/staging.srokafinal.lets-preprod.com\/de\/wp-json\/wp\/v2\/product_cat?post=116102"},{"taxonomy":"product_tag","embeddable":true,"href":"https:\/\/staging.srokafinal.lets-preprod.com\/de\/wp-json\/wp\/v2\/product_tag?post=116102"}],"curies":[{"name":"wp","href":"https:\/\/api.w.org\/{rel}","templated":true}]}}