


{"id":116122,"date":"2020-03-21T14:27:26","date_gmt":"2020-03-21T12:27:26","guid":{"rendered":"https:\/\/srokacompany.com\/produit\/hip-leash-fuer-wingfoil-belt-leash\/"},"modified":"2024-05-30T09:11:32","modified_gmt":"2024-05-30T09:11:32","slug":"hip-leash-fuer-wingfoil-belt-leash","status":"publish","type":"product","link":"https:\/\/staging.srokafinal.lets-preprod.com\/de\/produit\/hip-leash-fuer-wingfoil-belt-leash\/","title":{"rendered":"Hip Leash f\u00fcr Wingfoil &#8211; Belt Leash"},"content":{"rendered":"<hr>\n<h2 class=\"p1\">Hip Leash f\u00fcr Wing Foil, Sup Foil und Downwind<\/h2>\n<p class=\"p1\">Die Hip Leash f\u00fcr Foil ist perfekt f\u00fcr alle folgenden Disziplinen: Downwind, Wing Foil, Sup Race und Sup Foil<\/p>\n<p class=\"p1\">Die SROKA Hip Leash wurde entwickelt, um den Luftwiderstand zu reduzieren<span class=\"Apple-converted-space\"> <\/span>Leine im Wasser und um Ihre F\u00fc\u00dfe frei zu haben, um sich zu bewegen, ohne sich mit den F\u00fc\u00dfen zu verheddern. Du kannst ihn auch als Wingfoil verwenden, um mit dem Kite in Kontakt zu bleiben und somit<span class=\"Apple-converted-space\"> <\/span>Befreien Sie Ihre H\u00e4nde und f\u00fchlen Sie sich bei den Fl\u00fcgelbewegungen wohler. Es eignet sich besonders f\u00fcr die gesamte <a href=\"https:\/\/srokacompany.com\/produit\/planche-foil-sky-rider-sroka\/\">Sky-Rider<\/a>-, <a href=\"https:\/\/srokacompany.com\/produit\/planche-gonflable-sroka-air\/\">Sroka Air<\/a> &#8211; und <a href=\"https:\/\/srokacompany.com\/produit\/surf-foil-46-fastflyer\/\">Fast Flyer-Reihe<\/a>.<\/p>\n<p class=\"p1\">Durchmesser: 92 bis 112 cm.<\/p>\n","protected":false},"excerpt":{"rendered":"<p>Hip Leash f\u00fcr Wing Foil, Sup Foil und Downwind Die Hip Leash f\u00fcr Foil ist perfekt f\u00fcr alle folgenden Disziplinen: Downwind, Wing Foil, Sup Race und Sup Foil Die SROKA Hip Leash wurde entwickelt, um den Luftwiderstand zu reduzieren Leine im Wasser und um Ihre F\u00fc\u00dfe frei zu haben, um sich zu bewegen, ohne sich [&hellip;]<\/p>\n","protected":false},"featured_media":116171,"template":"","meta":{"_acf_changed":false,"_uag_custom_page_level_css":""},"product_brand":[],"product_cat":[2784,2781,2795],"product_tag":[],"class_list":{"0":"post-116122","1":"product","2":"type-product","3":"status-publish","4":"has-post-thumbnail","6":"product_cat-flugel-foil","7":"product_cat-folie","8":"product_cat-sup-foil-in-windrichtung","9":"product_shipping_class-kleiner-versand","11":"first","12":"instock","13":"sale","14":"taxable","15":"shipping-taxable","16":"purchasable","17":"product-type-simple"},"acf":[],"yoast_head":"<!-- This site is optimized with the Yoast SEO plugin v25.1 - https:\/\/yoast.com\/wordpress\/plugins\/seo\/ -->\n<title>Hip Leash f\u00fcr Wingfoil - Belt Leash - SROKA Company<\/title>\n<meta name=\"description\" content=\"Diese Hip Leash f\u00fcr Wingfoil, SupFoil und Downwind reduziert den Luftwiderstand im Wasser der Leine und erleichtert die Fu\u00dfbewegungen\" \/>\n<meta name=\"robots\" content=\"noindex, follow, max-snippet:-1, max-image-preview:large, max-video-preview:-1\" \/>\n<meta property=\"og:locale\" content=\"de_DE\" \/>\n<meta property=\"og:type\" content=\"article\" \/>\n<meta property=\"og:title\" content=\"Hip Leash f\u00fcr Wingfoil - Belt Leash - SROKA Company\" \/>\n<meta property=\"og:description\" content=\"Diese Hip Leash f\u00fcr Wingfoil, SupFoil und Downwind reduziert den Luftwiderstand im Wasser der Leine und erleichtert die Fu\u00dfbewegungen\" \/>\n<meta property=\"og:url\" content=\"https:\/\/staging.srokafinal.lets-preprod.com\/de\/produit\/hip-leash-fuer-wingfoil-belt-leash\/\" \/>\n<meta property=\"og:site_name\" content=\"SROKA Company\" \/>\n<meta property=\"article:publisher\" content=\"https:\/\/www.facebook.com\/srokawatersports\/\" \/>\n<meta property=\"article:modified_time\" content=\"2024-05-30T09:11:32+00:00\" \/>\n<meta property=\"og:image\" content=\"https:\/\/staging.srokafinal.lets-preprod.com\/wp-content\/uploads\/2020\/03\/leash-de-hanche-Wing-foil.jpg\" \/>\n\t<meta property=\"og:image:width\" content=\"417\" \/>\n\t<meta property=\"og:image:height\" content=\"417\" \/>\n\t<meta property=\"og:image:type\" content=\"image\/jpeg\" \/>\n<meta name=\"twitter:label1\" content=\"Gesch\u00e4tzte Lesezeit\" \/>\n\t<meta name=\"twitter:data1\" content=\"1\u00a0Minute\" \/>\n<script type=\"application\/ld+json\" class=\"yoast-schema-graph\">{\"@context\":\"https:\/\/schema.org\",\"@graph\":[{\"@type\":\"WebPage\",\"@id\":\"https:\/\/staging.srokafinal.lets-preprod.com\/de\/produit\/hip-leash-fuer-wingfoil-belt-leash\/\",\"url\":\"https:\/\/staging.srokafinal.lets-preprod.com\/de\/produit\/hip-leash-fuer-wingfoil-belt-leash\/\",\"name\":\"Hip Leash f\u00fcr Wingfoil - Belt Leash - SROKA Company\",\"isPartOf\":{\"@id\":\"https:\/\/staging.srokafinal.lets-preprod.com\/de\/#website\"},\"primaryImageOfPage\":{\"@id\":\"https:\/\/staging.srokafinal.lets-preprod.com\/de\/produit\/hip-leash-fuer-wingfoil-belt-leash\/#primaryimage\"},\"image\":{\"@id\":\"https:\/\/staging.srokafinal.lets-preprod.com\/de\/produit\/hip-leash-fuer-wingfoil-belt-leash\/#primaryimage\"},\"thumbnailUrl\":\"https:\/\/staging.srokafinal.lets-preprod.com\/wp-content\/uploads\/2020\/03\/leash-de-hanche-Wing-foil.jpg\",\"datePublished\":\"2020-03-21T12:27:26+00:00\",\"dateModified\":\"2024-05-30T09:11:32+00:00\",\"description\":\"Diese Hip Leash f\u00fcr Wingfoil, SupFoil und Downwind reduziert den Luftwiderstand im Wasser der Leine und erleichtert die Fu\u00dfbewegungen\",\"breadcrumb\":{\"@id\":\"https:\/\/staging.srokafinal.lets-preprod.com\/de\/produit\/hip-leash-fuer-wingfoil-belt-leash\/#breadcrumb\"},\"inLanguage\":\"de\",\"potentialAction\":[{\"@type\":\"ReadAction\",\"target\":[\"https:\/\/staging.srokafinal.lets-preprod.com\/de\/produit\/hip-leash-fuer-wingfoil-belt-leash\/\"]}]},{\"@type\":\"ImageObject\",\"inLanguage\":\"de\",\"@id\":\"https:\/\/staging.srokafinal.lets-preprod.com\/de\/produit\/hip-leash-fuer-wingfoil-belt-leash\/#primaryimage\",\"url\":\"https:\/\/staging.srokafinal.lets-preprod.com\/wp-content\/uploads\/2020\/03\/leash-de-hanche-Wing-foil.jpg\",\"contentUrl\":\"https:\/\/staging.srokafinal.lets-preprod.com\/wp-content\/uploads\/2020\/03\/leash-de-hanche-Wing-foil.jpg\",\"width\":417,\"height\":417},{\"@type\":\"BreadcrumbList\",\"@id\":\"https:\/\/staging.srokafinal.lets-preprod.com\/de\/produit\/hip-leash-fuer-wingfoil-belt-leash\/#breadcrumb\",\"itemListElement\":[{\"@type\":\"ListItem\",\"position\":1,\"name\":\"Accueil\",\"item\":\"https:\/\/staging.srokafinal.lets-preprod.com\/de\/\"},{\"@type\":\"ListItem\",\"position\":2,\"name\":\"Boutique\",\"item\":\"https:\/\/staging.srokafinal.lets-preprod.com\/boutique\/\"},{\"@type\":\"ListItem\",\"position\":3,\"name\":\"Hip Leash f\u00fcr Wingfoil &#8211; Belt Leash\"}]},{\"@type\":\"WebSite\",\"@id\":\"https:\/\/staging.srokafinal.lets-preprod.com\/de\/#website\",\"url\":\"https:\/\/staging.srokafinal.lets-preprod.com\/de\/\",\"name\":\"SROKA Company\",\"description\":\"SUP, Kite, Foil, Wing\",\"publisher\":{\"@id\":\"https:\/\/staging.srokafinal.lets-preprod.com\/de\/#organization\"},\"potentialAction\":[{\"@type\":\"SearchAction\",\"target\":{\"@type\":\"EntryPoint\",\"urlTemplate\":\"https:\/\/staging.srokafinal.lets-preprod.com\/de\/?s={search_term_string}\"},\"query-input\":{\"@type\":\"PropertyValueSpecification\",\"valueRequired\":true,\"valueName\":\"search_term_string\"}}],\"inLanguage\":\"de\"},{\"@type\":\"Organization\",\"@id\":\"https:\/\/staging.srokafinal.lets-preprod.com\/de\/#organization\",\"name\":\"SROKACOMPANY\",\"alternateName\":\"SROKA\",\"url\":\"https:\/\/staging.srokafinal.lets-preprod.com\/de\/\",\"logo\":{\"@type\":\"ImageObject\",\"inLanguage\":\"de\",\"@id\":\"https:\/\/staging.srokafinal.lets-preprod.com\/de\/#\/schema\/logo\/image\/\",\"url\":\"https:\/\/staging.srokafinal.lets-preprod.com\/wp-content\/uploads\/2021\/01\/logo-sroka-black-transpa.png\",\"contentUrl\":\"https:\/\/staging.srokafinal.lets-preprod.com\/wp-content\/uploads\/2021\/01\/logo-sroka-black-transpa.png\",\"width\":1201,\"height\":342,\"caption\":\"SROKACOMPANY\"},\"image\":{\"@id\":\"https:\/\/staging.srokafinal.lets-preprod.com\/de\/#\/schema\/logo\/image\/\"},\"sameAs\":[\"https:\/\/www.facebook.com\/srokawatersports\/\",\"https:\/\/www.instagram.com\/srokawatersports\/\",\"https:\/\/www.youtube.com\/channel\/UCVLHHeaPIm-J5bdEUgxqtZA\"]}]}<\/script>\n<!-- \/ Yoast SEO plugin. -->","yoast_head_json":{"title":"Hip Leash f\u00fcr Wingfoil - Belt Leash - SROKA Company","description":"Diese Hip Leash f\u00fcr Wingfoil, SupFoil und Downwind reduziert den Luftwiderstand im Wasser der Leine und erleichtert die Fu\u00dfbewegungen","robots":{"index":"noindex","follow":"follow","max-snippet":"max-snippet:-1","max-image-preview":"max-image-preview:large","max-video-preview":"max-video-preview:-1"},"og_locale":"de_DE","og_type":"article","og_title":"Hip Leash f\u00fcr Wingfoil - Belt Leash - SROKA Company","og_description":"Diese Hip Leash f\u00fcr Wingfoil, SupFoil und Downwind reduziert den Luftwiderstand im Wasser der Leine und erleichtert die Fu\u00dfbewegungen","og_url":"https:\/\/staging.srokafinal.lets-preprod.com\/de\/produit\/hip-leash-fuer-wingfoil-belt-leash\/","og_site_name":"SROKA Company","article_publisher":"https:\/\/www.facebook.com\/srokawatersports\/","article_modified_time":"2024-05-30T09:11:32+00:00","og_image":[{"width":417,"height":417,"url":"https:\/\/staging.srokafinal.lets-preprod.com\/wp-content\/uploads\/2020\/03\/leash-de-hanche-Wing-foil.jpg","type":"image\/jpeg"}],"twitter_misc":{"Gesch\u00e4tzte Lesezeit":"1\u00a0Minute"},"schema":{"@context":"https:\/\/schema.org","@graph":[{"@type":"WebPage","@id":"https:\/\/staging.srokafinal.lets-preprod.com\/de\/produit\/hip-leash-fuer-wingfoil-belt-leash\/","url":"https:\/\/staging.srokafinal.lets-preprod.com\/de\/produit\/hip-leash-fuer-wingfoil-belt-leash\/","name":"Hip Leash f\u00fcr Wingfoil - Belt Leash - SROKA Company","isPartOf":{"@id":"https:\/\/staging.srokafinal.lets-preprod.com\/de\/#website"},"primaryImageOfPage":{"@id":"https:\/\/staging.srokafinal.lets-preprod.com\/de\/produit\/hip-leash-fuer-wingfoil-belt-leash\/#primaryimage"},"image":{"@id":"https:\/\/staging.srokafinal.lets-preprod.com\/de\/produit\/hip-leash-fuer-wingfoil-belt-leash\/#primaryimage"},"thumbnailUrl":"https:\/\/staging.srokafinal.lets-preprod.com\/wp-content\/uploads\/2020\/03\/leash-de-hanche-Wing-foil.jpg","datePublished":"2020-03-21T12:27:26+00:00","dateModified":"2024-05-30T09:11:32+00:00","description":"Diese Hip Leash f\u00fcr Wingfoil, SupFoil und Downwind reduziert den Luftwiderstand im Wasser der Leine und erleichtert die Fu\u00dfbewegungen","breadcrumb":{"@id":"https:\/\/staging.srokafinal.lets-preprod.com\/de\/produit\/hip-leash-fuer-wingfoil-belt-leash\/#breadcrumb"},"inLanguage":"de","potentialAction":[{"@type":"ReadAction","target":["https:\/\/staging.srokafinal.lets-preprod.com\/de\/produit\/hip-leash-fuer-wingfoil-belt-leash\/"]}]},{"@type":"ImageObject","inLanguage":"de","@id":"https:\/\/staging.srokafinal.lets-preprod.com\/de\/produit\/hip-leash-fuer-wingfoil-belt-leash\/#primaryimage","url":"https:\/\/staging.srokafinal.lets-preprod.com\/wp-content\/uploads\/2020\/03\/leash-de-hanche-Wing-foil.jpg","contentUrl":"https:\/\/staging.srokafinal.lets-preprod.com\/wp-content\/uploads\/2020\/03\/leash-de-hanche-Wing-foil.jpg","width":417,"height":417},{"@type":"BreadcrumbList","@id":"https:\/\/staging.srokafinal.lets-preprod.com\/de\/produit\/hip-leash-fuer-wingfoil-belt-leash\/#breadcrumb","itemListElement":[{"@type":"ListItem","position":1,"name":"Accueil","item":"https:\/\/staging.srokafinal.lets-preprod.com\/de\/"},{"@type":"ListItem","position":2,"name":"Boutique","item":"https:\/\/staging.srokafinal.lets-preprod.com\/boutique\/"},{"@type":"ListItem","position":3,"name":"Hip Leash f\u00fcr Wingfoil &#8211; Belt Leash"}]},{"@type":"WebSite","@id":"https:\/\/staging.srokafinal.lets-preprod.com\/de\/#website","url":"https:\/\/staging.srokafinal.lets-preprod.com\/de\/","name":"SROKA Company","description":"SUP, Kite, Foil, Wing","publisher":{"@id":"https:\/\/staging.srokafinal.lets-preprod.com\/de\/#organization"},"potentialAction":[{"@type":"SearchAction","target":{"@type":"EntryPoint","urlTemplate":"https:\/\/staging.srokafinal.lets-preprod.com\/de\/?s={search_term_string}"},"query-input":{"@type":"PropertyValueSpecification","valueRequired":true,"valueName":"search_term_string"}}],"inLanguage":"de"},{"@type":"Organization","@id":"https:\/\/staging.srokafinal.lets-preprod.com\/de\/#organization","name":"SROKACOMPANY","alternateName":"SROKA","url":"https:\/\/staging.srokafinal.lets-preprod.com\/de\/","logo":{"@type":"ImageObject","inLanguage":"de","@id":"https:\/\/staging.srokafinal.lets-preprod.com\/de\/#\/schema\/logo\/image\/","url":"https:\/\/staging.srokafinal.lets-preprod.com\/wp-content\/uploads\/2021\/01\/logo-sroka-black-transpa.png","contentUrl":"https:\/\/staging.srokafinal.lets-preprod.com\/wp-content\/uploads\/2021\/01\/logo-sroka-black-transpa.png","width":1201,"height":342,"caption":"SROKACOMPANY"},"image":{"@id":"https:\/\/staging.srokafinal.lets-preprod.com\/de\/#\/schema\/logo\/image\/"},"sameAs":["https:\/\/www.facebook.com\/srokawatersports\/","https:\/\/www.instagram.com\/srokawatersports\/","https:\/\/www.youtube.com\/channel\/UCVLHHeaPIm-J5bdEUgxqtZA"]}]}},"uagb_featured_image_src":{"full":["https:\/\/staging.srokafinal.lets-preprod.com\/wp-content\/uploads\/2020\/03\/leash-de-hanche-Wing-foil.jpg",417,417,false],"thumbnail":["https:\/\/staging.srokafinal.lets-preprod.com\/wp-content\/uploads\/2020\/03\/leash-de-hanche-Wing-foil-150x150.jpg",150,150,true],"medium":["https:\/\/staging.srokafinal.lets-preprod.com\/wp-content\/uploads\/2020\/03\/leash-de-hanche-Wing-foil-300x300.jpg",300,300,true],"medium_large":["https:\/\/staging.srokafinal.lets-preprod.com\/wp-content\/uploads\/2020\/03\/leash-de-hanche-Wing-foil.jpg",417,417,false],"large":["https:\/\/staging.srokafinal.lets-preprod.com\/wp-content\/uploads\/2020\/03\/leash-de-hanche-Wing-foil.jpg",417,417,false],"1536x1536":["https:\/\/staging.srokafinal.lets-preprod.com\/wp-content\/uploads\/2020\/03\/leash-de-hanche-Wing-foil.jpg",417,417,false],"2048x2048":["https:\/\/staging.srokafinal.lets-preprod.com\/wp-content\/uploads\/2020\/03\/leash-de-hanche-Wing-foil.jpg",417,417,false],"woocommerce_thumbnail":["https:\/\/staging.srokafinal.lets-preprod.com\/wp-content\/uploads\/2020\/03\/leash-de-hanche-Wing-foil.jpg",417,417,false],"woocommerce_single":["https:\/\/staging.srokafinal.lets-preprod.com\/wp-content\/uploads\/2020\/03\/leash-de-hanche-Wing-foil.jpg",417,417,false],"woocommerce_gallery_thumbnail":["https:\/\/staging.srokafinal.lets-preprod.com\/wp-content\/uploads\/2020\/03\/leash-de-hanche-Wing-foil-100x100.jpg",100,100,true]},"uagb_author_info":{"display_name":"Bruno Sroka","author_link":"https:\/\/staging.srokafinal.lets-preprod.com\/de\/blog\/author\/"},"uagb_comment_info":0,"uagb_excerpt":"Hip Leash f\u00fcr Wing Foil, Sup Foil und Downwind Die Hip Leash f\u00fcr Foil ist perfekt f\u00fcr alle folgenden Disziplinen: Downwind, Wing Foil, Sup Race und Sup Foil Die SROKA Hip Leash wurde entwickelt, um den Luftwiderstand zu reduzieren Leine im Wasser und um Ihre F\u00fc\u00dfe frei zu haben, um sich zu bewegen, ohne sich&hellip;","_links":{"self":[{"href":"https:\/\/staging.srokafinal.lets-preprod.com\/de\/wp-json\/wp\/v2\/product\/116122","targetHints":{"allow":["GET"]}}],"collection":[{"href":"https:\/\/staging.srokafinal.lets-preprod.com\/de\/wp-json\/wp\/v2\/product"}],"about":[{"href":"https:\/\/staging.srokafinal.lets-preprod.com\/de\/wp-json\/wp\/v2\/types\/product"}],"wp:featuredmedia":[{"embeddable":true,"href":"https:\/\/staging.srokafinal.lets-preprod.com\/de\/wp-json\/wp\/v2\/media\/116171"}],"wp:attachment":[{"href":"https:\/\/staging.srokafinal.lets-preprod.com\/de\/wp-json\/wp\/v2\/media?parent=116122"}],"wp:term":[{"taxonomy":"product_brand","embeddable":true,"href":"https:\/\/staging.srokafinal.lets-preprod.com\/de\/wp-json\/wp\/v2\/product_brand?post=116122"},{"taxonomy":"product_cat","embeddable":true,"href":"https:\/\/staging.srokafinal.lets-preprod.com\/de\/wp-json\/wp\/v2\/product_cat?post=116122"},{"taxonomy":"product_tag","embeddable":true,"href":"https:\/\/staging.srokafinal.lets-preprod.com\/de\/wp-json\/wp\/v2\/product_tag?post=116122"}],"curies":[{"name":"wp","href":"https:\/\/api.w.org\/{rel}","templated":true}]}}