


{"id":116175,"date":"2019-11-25T10:36:55","date_gmt":"2019-11-25T08:36:55","guid":{"rendered":"https:\/\/srokacompany.com\/produit\/ocean-walker-104-aufblasbares-paddelbrett\/"},"modified":"2024-11-23T13:37:05","modified_gmt":"2024-11-23T13:37:05","slug":"ocean-walker-104-aufblasbares-paddelbrett","status":"publish","type":"product","link":"https:\/\/staging.srokafinal.lets-preprod.com\/de\/produit\/ocean-walker-104-aufblasbares-paddelbrett\/","title":{"rendered":"Ocean Walker 10&#8217;4 Aufblasbares Paddelbrett"},"content":{"rendered":"<hr>\n<div class=\"woocommerce-product-details__short-description\">\n<div class=\"page\" title=\"Seite 2\">\n<div class=\"layoutArea\">\n<div class=\"column\">\n<div class=\"page\" title=\"Seite 2\">\n<div class=\"layoutArea\">\n<h2 class=\"p1\"><b>SROKA Ocean Walker: Dein aufblasbares Paddel zum kleinen Preis!<\/b><\/h2>\n<p class=\"p3\"><b>Tr\u00e4umen Sie davon, die Freuden des Stand-Up-Paddles zu entdecken, ohne die Bank zu sprengen?<\/b>  Der SROKA Ocean Walker ist dein perfekter Verb\u00fcndeter! Dieses <a href=\"https:\/\/srokacompany.com\/eshop\/stand-up-paddle-gonflable\/\"><br \/>\n  <span class=\"s1\">aufblasbare Stand Up Paddle Board<\/span><br \/>\n<\/a> kombiniert Leistung und erschwinglichen Preis, um Ihnen ein unvergessliches Erlebnis auf dem Wasser zu bieten.<\/p>\n<p class=\"p4\">Mit Abmessungen von 10&#8217;4 L\u00e4nge und 32&#8242; Breite kombiniert es Gleitgef\u00fchl und Stabilit\u00e4t. Die abgerundete Nase und der eckige Hinterbau verzeihen m\u00fchelos Balancefehler. Um eine gute Qualit\u00e4t und zufriedenstellende Steifigkeit zu gew\u00e4hrleisten,<span class=\"Apple-converted-space\">  <\/span>Wir verwenden 100% hochwertiges PVC und Dropstitch-Materialien. Diese Materialien sind in der Branche der effizientesten professionellen RIB-Boote auf dem Markt anerkannt und werden Sie langfristig begleiten (<a href=\"https:\/\/srokacompany.com\/2021\/07\/qualite-durabilite\/\"><br \/>\n  <span class=\"s2\">Sroka Quality Charter<\/span><br \/>\n<\/a>).<\/p>\n<p class=\"p5\"><a href=\"https:\/\/srokacompany.com\/2021\/04\/comment-debuter-et-progresser-en-stand-up-paddle\/\">Alle unsere Tipps f\u00fcr den Einstieg in das SUP finden Sie in diesem Artikel!<\/a><\/p>\n<h2 class=\"p6\">Warum das g\u00fcnstige SROKA Ocean Walker Paddelbrett w\u00e4hlen?<\/h2>\n<ul class=\"ul1\">\n<li class=\"li7\"><b>Ein unschlagbarer Preis:<\/b> Genie\u00dfen Sie ein leistungsstarkes Paddel, ohne Ihr Portemonnaie zu leeren.<\/li>\n<li class=\"li7\"><b>Beruhigende Stabilit\u00e4t:<\/b> Perfekt f\u00fcr Anf\u00e4nger und diejenigen, die ein beruhigendes Board suchen.<\/li>\n<li class=\"li7\"><b>Intuitive Bedienung:<\/b> Segeln Sie mit Zuversicht, auch in rauem Wasser.<\/li>\n<li class=\"li7\"><b>Langlebige Konstruktion:<\/b> Hergestellt aus hochwertigen Materialien f\u00fcr jahrelange Freude.<\/li>\n<li class=\"li7\"><b>Bemerkenswerte Vielseitigkeit:<\/b> Geeignet f\u00fcr Kreuzfahrten, Wanderungen und leichtes Surfen.<\/li>\n<li class=\"li8\"><span class=\"s4\"><b>2 Jahre Garantie<\/b> auf dein SUP Board<\/span><\/li>\n<li class=\"li3\"><b>Alles inklusive:<\/b> Pumpe, Paddel, Leine und Tragetasche f\u00fcr ein schl\u00fcsselfertiges Erlebnis.<\/li>\n<\/ul>\n<p class=\"p9\">Es ist ein leichtes Allround-Board, das sich an alle Gew\u00e4sser anpasst: Meer, See oder Fluss. Die elastischen Netze an der Vorderseite erm\u00f6glichen es Ihnen, Ihre Sachen in einer wasserdichten Tasche (nicht im Lieferumfang enthalten) zu transportieren oder w\u00e4hrend Ihrer Ausfl\u00fcge M\u00fcll aufzusammeln.<\/p>\n<h2 class=\"p6\">Technische Eigenschaften unseres g\u00fcnstigen Paddelbretts<span class=\"Apple-converted-space\"> <\/span><\/h2>\n<ul class=\"ul1\">\n<li class=\"li7\"><b>L\u00e4nge:<\/b> 320 cm (10&#8217;6&#8243;) &#8211; Perfekt f\u00fcr Stabilit\u00e4t und Man\u00f6vrierf\u00e4higkeit<\/li>\n<li class=\"li7\"><b>Breite:<\/b> 81 cm (32&#8243;) &#8211; Bietet bequemes Sitzen und Gleiten<\/li>\n<li class=\"li7\"><b>Dicke:<\/b> 15 cm (6&#8243;) &#8211; Optimale Steifigkeit f\u00fcr sicheres Segeln<\/li>\n<li class=\"li7\"><b>Volumen:<\/b> 300 L &#8211; Unterst\u00fctzt bis zu 120 kg, ideal f\u00fcr Solo- oder Duo-Ausfl\u00fcge<\/li>\n<li class=\"li7\"><b>Gewicht:<\/b> 9,5 kg (21 lbs) &#8211; Leicht und kompakt f\u00fcr einfachen Transport<\/li>\n<li class=\"li7\"><b>Konstruktion:<\/b> Doppellagiges verst\u00e4rktes PVC &#8211; Festigkeit und Haltbarkeit garantiert<\/li>\n<li class=\"li7\"><b>Flossen:<\/b> 2 abnehmbare US-Flossenflossen &#8211; Einstellbare Stabilit\u00e4t und Lenkung<\/li>\n<li class=\"li3\"><b>Aufblasdruck:<\/b> 15 psi &#8211; Schnelles und einfaches Aufblasen<\/li>\n<\/ul>\n<p class=\"p9\">Das aufblasbare Stand Up Paddle Board Ocean Walker 10&#8217;4 ist ideal, um das Stand <a href=\"https:\/\/srokacompany.com\/2022\/07\/nos-conseils-pour-apprendre-le-stand-up-paddle\/\"><br \/>\n  <span class=\"s2\">Up Paddle einfach zu lernen<\/span><br \/>\n<\/a> ! Es wird in einem Komplettpaket mit allem verkauft, was Sie brauchen, um sofort Stand Up Paddle zu \u00fcben.<\/p>\n<h2 class=\"p6\">Im Lieferumfang des Ocean Walker Paddle Boards enthaltenes Zubeh\u00f6r<span class=\"Apple-converted-space\"> <\/span><\/h2>\n<ul class=\"ul1\">\n<li class=\"li7\"><b>Hochdruckpumpe:<\/b> Schnelles und m\u00fcheloses Aufblasen<\/li>\n<li class=\"li7\"><b>3-teiliges Aluminiumpaddel:<\/b> Leicht und verstellbar f\u00fcr alle Gr\u00f6\u00dfen<\/li>\n<li class=\"li7\"><b>Kn\u00f6chelleine:<\/b> Unverzichtbare Sicherheit, um Ihr Board nie zu verlieren<\/li>\n<li class=\"li3\"><b>Tragetasche:<\/b> Bequeme Lagerung und optimaler Schutz<\/li>\n<\/ul>\n<p class=\"p9\">F\u00fcr mehr Auswahl schauen Sie sich unsere <a href=\"https:\/\/srokacompany.com\/produit\/sup-gonflable-haut-de-gamme-malibu-106-fusion\/\"><br \/>\n  <span class=\"s2\">Malibu<\/span><br \/>\n<\/a> &#8211; und <a href=\"https:\/\/srokacompany.com\/produit\/stand-up-paddle-gonflable-easy\/\"><br \/>\n  <span class=\"s2\">Easy-Sortimente<\/span><br \/>\n<\/a> an.<\/p>\n<p class=\"p3\"><b>Der SROKA Ocean Walker ist das ideale aufblasbare Paddelbrett f\u00fcr alle, die ein Wasserabenteuer zu einem niedrigen Preis suchen.<\/b>  Unabh\u00e4ngig von Ihrem Niveau k\u00f6nnen Sie mit diesem Paddel die Freuden des Stand-Up-Paddles in vollen Z\u00fcgen genie\u00dfen, ohne sich um Ihr Budget sorgen zu m\u00fcssen.<\/p>\n<p class=\"p3\"><b>G\u00f6nnen Sie sich unvergessliche Momente auf dem Wasser mit dem SROKA Ocean Walker! Bestellen Sie noch heute und genie\u00dfen Sie ein Stand-Up-Paddle-Erlebnis zu einem unschlagbaren Preis!<\/b><\/p>\n<\/div>\n<\/div>\n<\/div>\n<\/div>\n<\/div>\n<\/div>\n","protected":false},"excerpt":{"rendered":"<p>SROKA Ocean Walker: Dein aufblasbares Paddel zum kleinen Preis! Tr\u00e4umen Sie davon, die Freuden des Stand-Up-Paddles zu entdecken, ohne die Bank zu sprengen? Der SROKA Ocean Walker ist dein perfekter Verb\u00fcndeter! Dieses aufblasbare Stand Up Paddle Board kombiniert Leistung und erschwinglichen Preis, um Ihnen ein unvergessliches Erlebnis auf dem Wasser zu bieten. Mit Abmessungen von [&hellip;]<\/p>\n","protected":false},"featured_media":116231,"template":"","meta":{"_acf_changed":false,"_uag_custom_page_level_css":""},"product_brand":[],"product_cat":[2773],"product_tag":[],"class_list":{"0":"post-116175","1":"product","2":"type-product","3":"status-publish","4":"has-post-thumbnail","6":"product_cat-aufblasbare-paddel","7":"product_shipping_class-sup-einheit","8":"pa_ailerons-3-ailerons-amovibles","9":"pa_epaisseur-12-cm-5","10":"pa_largeur-80-cm-31","11":"pa_longueur-1004","12":"pa_materiaux-revetement-en-pvc","13":"pa_programme-initiation-balade-familial","14":"pa_volume-230-l","16":"first","17":"instock","18":"sale","19":"taxable","20":"shipping-taxable","21":"purchasable","22":"product-type-variable","23":"has-default-attributes"},"acf":[],"yoast_head":"<!-- This site is optimized with the Yoast SEO plugin v25.1 - https:\/\/yoast.com\/wordpress\/plugins\/seo\/ -->\n<title>Paddel Aufblasbar Billig Ocean Walker - SROKA Company<\/title>\n<meta name=\"description\" content=\"Das aufblasbare Paddelbrett Ocean Walker ist ideal, um mit dem SUP anzufangen und das Gleiten alleine, mit der Familie oder mit Freunden zu genie\u00dfen. Entdecken Sie unser g\u00fcnstiges Paddle Board.\" \/>\n<meta name=\"robots\" content=\"noindex, follow, max-snippet:-1, max-image-preview:large, max-video-preview:-1\" \/>\n<meta property=\"og:locale\" content=\"de_DE\" \/>\n<meta property=\"og:type\" content=\"article\" \/>\n<meta property=\"og:title\" content=\"Paddel Aufblasbar Billig Ocean Walker - SROKA Company\" \/>\n<meta property=\"og:description\" content=\"Das aufblasbare Paddelbrett Ocean Walker ist ideal, um mit dem SUP anzufangen und das Gleiten alleine, mit der Familie oder mit Freunden zu genie\u00dfen. Entdecken Sie unser g\u00fcnstiges Paddle Board.\" \/>\n<meta property=\"og:url\" content=\"https:\/\/staging.srokafinal.lets-preprod.com\/de\/produit\/ocean-walker-104-aufblasbares-paddelbrett\/\" \/>\n<meta property=\"og:site_name\" content=\"SROKA Company\" \/>\n<meta property=\"article:publisher\" content=\"https:\/\/www.facebook.com\/srokawatersports\/\" \/>\n<meta property=\"article:modified_time\" content=\"2024-11-23T13:37:05+00:00\" \/>\n<meta property=\"og:image\" content=\"https:\/\/staging.srokafinal.lets-preprod.com\/wp-content\/uploads\/2019\/11\/imageproduit-oceanwalker-1.png\" \/>\n\t<meta property=\"og:image:width\" content=\"780\" \/>\n\t<meta property=\"og:image:height\" content=\"1040\" \/>\n\t<meta property=\"og:image:type\" content=\"image\/png\" \/>\n<meta name=\"twitter:label1\" content=\"Gesch\u00e4tzte Lesezeit\" \/>\n\t<meta name=\"twitter:data1\" content=\"3\u00a0Minuten\" \/>\n<script type=\"application\/ld+json\" class=\"yoast-schema-graph\">{\"@context\":\"https:\/\/schema.org\",\"@graph\":[{\"@type\":\"WebPage\",\"@id\":\"https:\/\/staging.srokafinal.lets-preprod.com\/de\/produit\/ocean-walker-104-aufblasbares-paddelbrett\/\",\"url\":\"https:\/\/staging.srokafinal.lets-preprod.com\/de\/produit\/ocean-walker-104-aufblasbares-paddelbrett\/\",\"name\":\"Paddel Aufblasbar Billig Ocean Walker - SROKA Company\",\"isPartOf\":{\"@id\":\"https:\/\/staging.srokafinal.lets-preprod.com\/de\/#website\"},\"primaryImageOfPage\":{\"@id\":\"https:\/\/staging.srokafinal.lets-preprod.com\/de\/produit\/ocean-walker-104-aufblasbares-paddelbrett\/#primaryimage\"},\"image\":{\"@id\":\"https:\/\/staging.srokafinal.lets-preprod.com\/de\/produit\/ocean-walker-104-aufblasbares-paddelbrett\/#primaryimage\"},\"thumbnailUrl\":\"https:\/\/staging.srokafinal.lets-preprod.com\/wp-content\/uploads\/2019\/11\/imageproduit-oceanwalker-1.png\",\"datePublished\":\"2019-11-25T08:36:55+00:00\",\"dateModified\":\"2024-11-23T13:37:05+00:00\",\"description\":\"Das aufblasbare Paddelbrett Ocean Walker ist ideal, um mit dem SUP anzufangen und das Gleiten alleine, mit der Familie oder mit Freunden zu genie\u00dfen. Entdecken Sie unser g\u00fcnstiges Paddle Board.\",\"breadcrumb\":{\"@id\":\"https:\/\/staging.srokafinal.lets-preprod.com\/de\/produit\/ocean-walker-104-aufblasbares-paddelbrett\/#breadcrumb\"},\"inLanguage\":\"de\",\"potentialAction\":[{\"@type\":\"ReadAction\",\"target\":[\"https:\/\/staging.srokafinal.lets-preprod.com\/de\/produit\/ocean-walker-104-aufblasbares-paddelbrett\/\"]}]},{\"@type\":\"ImageObject\",\"inLanguage\":\"de\",\"@id\":\"https:\/\/staging.srokafinal.lets-preprod.com\/de\/produit\/ocean-walker-104-aufblasbares-paddelbrett\/#primaryimage\",\"url\":\"https:\/\/staging.srokafinal.lets-preprod.com\/wp-content\/uploads\/2019\/11\/imageproduit-oceanwalker-1.png\",\"contentUrl\":\"https:\/\/staging.srokafinal.lets-preprod.com\/wp-content\/uploads\/2019\/11\/imageproduit-oceanwalker-1.png\",\"width\":780,\"height\":1040,\"caption\":\"Aufblasbares Paddelpaket Anf\u00e4nger Sroka\"},{\"@type\":\"BreadcrumbList\",\"@id\":\"https:\/\/staging.srokafinal.lets-preprod.com\/de\/produit\/ocean-walker-104-aufblasbares-paddelbrett\/#breadcrumb\",\"itemListElement\":[{\"@type\":\"ListItem\",\"position\":1,\"name\":\"Accueil\",\"item\":\"https:\/\/staging.srokafinal.lets-preprod.com\/de\/\"},{\"@type\":\"ListItem\",\"position\":2,\"name\":\"Boutique\",\"item\":\"https:\/\/staging.srokafinal.lets-preprod.com\/boutique\/\"},{\"@type\":\"ListItem\",\"position\":3,\"name\":\"Ocean Walker 10&#8217;4 Aufblasbares Paddelbrett\"}]},{\"@type\":\"WebSite\",\"@id\":\"https:\/\/staging.srokafinal.lets-preprod.com\/de\/#website\",\"url\":\"https:\/\/staging.srokafinal.lets-preprod.com\/de\/\",\"name\":\"SROKA Company\",\"description\":\"SUP, Kite, Foil, Wing\",\"publisher\":{\"@id\":\"https:\/\/staging.srokafinal.lets-preprod.com\/de\/#organization\"},\"potentialAction\":[{\"@type\":\"SearchAction\",\"target\":{\"@type\":\"EntryPoint\",\"urlTemplate\":\"https:\/\/staging.srokafinal.lets-preprod.com\/de\/?s={search_term_string}\"},\"query-input\":{\"@type\":\"PropertyValueSpecification\",\"valueRequired\":true,\"valueName\":\"search_term_string\"}}],\"inLanguage\":\"de\"},{\"@type\":\"Organization\",\"@id\":\"https:\/\/staging.srokafinal.lets-preprod.com\/de\/#organization\",\"name\":\"SROKACOMPANY\",\"alternateName\":\"SROKA\",\"url\":\"https:\/\/staging.srokafinal.lets-preprod.com\/de\/\",\"logo\":{\"@type\":\"ImageObject\",\"inLanguage\":\"de\",\"@id\":\"https:\/\/staging.srokafinal.lets-preprod.com\/de\/#\/schema\/logo\/image\/\",\"url\":\"https:\/\/staging.srokafinal.lets-preprod.com\/wp-content\/uploads\/2021\/01\/logo-sroka-black-transpa.png\",\"contentUrl\":\"https:\/\/staging.srokafinal.lets-preprod.com\/wp-content\/uploads\/2021\/01\/logo-sroka-black-transpa.png\",\"width\":1201,\"height\":342,\"caption\":\"SROKACOMPANY\"},\"image\":{\"@id\":\"https:\/\/staging.srokafinal.lets-preprod.com\/de\/#\/schema\/logo\/image\/\"},\"sameAs\":[\"https:\/\/www.facebook.com\/srokawatersports\/\",\"https:\/\/www.instagram.com\/srokawatersports\/\",\"https:\/\/www.youtube.com\/channel\/UCVLHHeaPIm-J5bdEUgxqtZA\"]}]}<\/script>\n<!-- \/ Yoast SEO plugin. -->","yoast_head_json":{"title":"Paddel Aufblasbar Billig Ocean Walker - SROKA Company","description":"Das aufblasbare Paddelbrett Ocean Walker ist ideal, um mit dem SUP anzufangen und das Gleiten alleine, mit der Familie oder mit Freunden zu genie\u00dfen. Entdecken Sie unser g\u00fcnstiges Paddle Board.","robots":{"index":"noindex","follow":"follow","max-snippet":"max-snippet:-1","max-image-preview":"max-image-preview:large","max-video-preview":"max-video-preview:-1"},"og_locale":"de_DE","og_type":"article","og_title":"Paddel Aufblasbar Billig Ocean Walker - SROKA Company","og_description":"Das aufblasbare Paddelbrett Ocean Walker ist ideal, um mit dem SUP anzufangen und das Gleiten alleine, mit der Familie oder mit Freunden zu genie\u00dfen. Entdecken Sie unser g\u00fcnstiges Paddle Board.","og_url":"https:\/\/staging.srokafinal.lets-preprod.com\/de\/produit\/ocean-walker-104-aufblasbares-paddelbrett\/","og_site_name":"SROKA Company","article_publisher":"https:\/\/www.facebook.com\/srokawatersports\/","article_modified_time":"2024-11-23T13:37:05+00:00","og_image":[{"width":780,"height":1040,"url":"https:\/\/staging.srokafinal.lets-preprod.com\/wp-content\/uploads\/2019\/11\/imageproduit-oceanwalker-1.png","type":"image\/png"}],"twitter_misc":{"Gesch\u00e4tzte Lesezeit":"3\u00a0Minuten"},"schema":{"@context":"https:\/\/schema.org","@graph":[{"@type":"WebPage","@id":"https:\/\/staging.srokafinal.lets-preprod.com\/de\/produit\/ocean-walker-104-aufblasbares-paddelbrett\/","url":"https:\/\/staging.srokafinal.lets-preprod.com\/de\/produit\/ocean-walker-104-aufblasbares-paddelbrett\/","name":"Paddel Aufblasbar Billig Ocean Walker - SROKA Company","isPartOf":{"@id":"https:\/\/staging.srokafinal.lets-preprod.com\/de\/#website"},"primaryImageOfPage":{"@id":"https:\/\/staging.srokafinal.lets-preprod.com\/de\/produit\/ocean-walker-104-aufblasbares-paddelbrett\/#primaryimage"},"image":{"@id":"https:\/\/staging.srokafinal.lets-preprod.com\/de\/produit\/ocean-walker-104-aufblasbares-paddelbrett\/#primaryimage"},"thumbnailUrl":"https:\/\/staging.srokafinal.lets-preprod.com\/wp-content\/uploads\/2019\/11\/imageproduit-oceanwalker-1.png","datePublished":"2019-11-25T08:36:55+00:00","dateModified":"2024-11-23T13:37:05+00:00","description":"Das aufblasbare Paddelbrett Ocean Walker ist ideal, um mit dem SUP anzufangen und das Gleiten alleine, mit der Familie oder mit Freunden zu genie\u00dfen. Entdecken Sie unser g\u00fcnstiges Paddle Board.","breadcrumb":{"@id":"https:\/\/staging.srokafinal.lets-preprod.com\/de\/produit\/ocean-walker-104-aufblasbares-paddelbrett\/#breadcrumb"},"inLanguage":"de","potentialAction":[{"@type":"ReadAction","target":["https:\/\/staging.srokafinal.lets-preprod.com\/de\/produit\/ocean-walker-104-aufblasbares-paddelbrett\/"]}]},{"@type":"ImageObject","inLanguage":"de","@id":"https:\/\/staging.srokafinal.lets-preprod.com\/de\/produit\/ocean-walker-104-aufblasbares-paddelbrett\/#primaryimage","url":"https:\/\/staging.srokafinal.lets-preprod.com\/wp-content\/uploads\/2019\/11\/imageproduit-oceanwalker-1.png","contentUrl":"https:\/\/staging.srokafinal.lets-preprod.com\/wp-content\/uploads\/2019\/11\/imageproduit-oceanwalker-1.png","width":780,"height":1040,"caption":"Aufblasbares Paddelpaket Anf\u00e4nger Sroka"},{"@type":"BreadcrumbList","@id":"https:\/\/staging.srokafinal.lets-preprod.com\/de\/produit\/ocean-walker-104-aufblasbares-paddelbrett\/#breadcrumb","itemListElement":[{"@type":"ListItem","position":1,"name":"Accueil","item":"https:\/\/staging.srokafinal.lets-preprod.com\/de\/"},{"@type":"ListItem","position":2,"name":"Boutique","item":"https:\/\/staging.srokafinal.lets-preprod.com\/boutique\/"},{"@type":"ListItem","position":3,"name":"Ocean Walker 10&#8217;4 Aufblasbares Paddelbrett"}]},{"@type":"WebSite","@id":"https:\/\/staging.srokafinal.lets-preprod.com\/de\/#website","url":"https:\/\/staging.srokafinal.lets-preprod.com\/de\/","name":"SROKA Company","description":"SUP, Kite, Foil, Wing","publisher":{"@id":"https:\/\/staging.srokafinal.lets-preprod.com\/de\/#organization"},"potentialAction":[{"@type":"SearchAction","target":{"@type":"EntryPoint","urlTemplate":"https:\/\/staging.srokafinal.lets-preprod.com\/de\/?s={search_term_string}"},"query-input":{"@type":"PropertyValueSpecification","valueRequired":true,"valueName":"search_term_string"}}],"inLanguage":"de"},{"@type":"Organization","@id":"https:\/\/staging.srokafinal.lets-preprod.com\/de\/#organization","name":"SROKACOMPANY","alternateName":"SROKA","url":"https:\/\/staging.srokafinal.lets-preprod.com\/de\/","logo":{"@type":"ImageObject","inLanguage":"de","@id":"https:\/\/staging.srokafinal.lets-preprod.com\/de\/#\/schema\/logo\/image\/","url":"https:\/\/staging.srokafinal.lets-preprod.com\/wp-content\/uploads\/2021\/01\/logo-sroka-black-transpa.png","contentUrl":"https:\/\/staging.srokafinal.lets-preprod.com\/wp-content\/uploads\/2021\/01\/logo-sroka-black-transpa.png","width":1201,"height":342,"caption":"SROKACOMPANY"},"image":{"@id":"https:\/\/staging.srokafinal.lets-preprod.com\/de\/#\/schema\/logo\/image\/"},"sameAs":["https:\/\/www.facebook.com\/srokawatersports\/","https:\/\/www.instagram.com\/srokawatersports\/","https:\/\/www.youtube.com\/channel\/UCVLHHeaPIm-J5bdEUgxqtZA"]}]}},"uagb_featured_image_src":{"full":["https:\/\/staging.srokafinal.lets-preprod.com\/wp-content\/uploads\/2019\/11\/imageproduit-oceanwalker-1.png",780,1040,false],"thumbnail":["https:\/\/staging.srokafinal.lets-preprod.com\/wp-content\/uploads\/2019\/11\/imageproduit-oceanwalker-1-150x150.png",150,150,true],"medium":["https:\/\/staging.srokafinal.lets-preprod.com\/wp-content\/uploads\/2019\/11\/imageproduit-oceanwalker-1-225x300.png",225,300,true],"medium_large":["https:\/\/staging.srokafinal.lets-preprod.com\/wp-content\/uploads\/2019\/11\/imageproduit-oceanwalker-1-768x1024.png",768,1024,true],"large":["https:\/\/staging.srokafinal.lets-preprod.com\/wp-content\/uploads\/2019\/11\/imageproduit-oceanwalker-1-768x1024.png",768,1024,true],"1536x1536":["https:\/\/staging.srokafinal.lets-preprod.com\/wp-content\/uploads\/2019\/11\/imageproduit-oceanwalker-1.png",780,1040,false],"2048x2048":["https:\/\/staging.srokafinal.lets-preprod.com\/wp-content\/uploads\/2019\/11\/imageproduit-oceanwalker-1.png",780,1040,false],"woocommerce_thumbnail":["https:\/\/staging.srokafinal.lets-preprod.com\/wp-content\/uploads\/2019\/11\/imageproduit-oceanwalker-1-600x800.png",600,800,true],"woocommerce_single":["https:\/\/staging.srokafinal.lets-preprod.com\/wp-content\/uploads\/2019\/11\/imageproduit-oceanwalker-1-600x800.png",600,800,true],"woocommerce_gallery_thumbnail":["https:\/\/staging.srokafinal.lets-preprod.com\/wp-content\/uploads\/2019\/11\/imageproduit-oceanwalker-1-100x100.png",100,100,true]},"uagb_author_info":{"display_name":"","author_link":"https:\/\/staging.srokafinal.lets-preprod.com\/de\/blog\/author\/"},"uagb_comment_info":0,"uagb_excerpt":"SROKA Ocean Walker: Dein aufblasbares Paddel zum kleinen Preis! Tr\u00e4umen Sie davon, die Freuden des Stand-Up-Paddles zu entdecken, ohne die Bank zu sprengen? Der SROKA Ocean Walker ist dein perfekter Verb\u00fcndeter! Dieses aufblasbare Stand Up Paddle Board kombiniert Leistung und erschwinglichen Preis, um Ihnen ein unvergessliches Erlebnis auf dem Wasser zu bieten. Mit Abmessungen von&hellip;","_links":{"self":[{"href":"https:\/\/staging.srokafinal.lets-preprod.com\/de\/wp-json\/wp\/v2\/product\/116175","targetHints":{"allow":["GET"]}}],"collection":[{"href":"https:\/\/staging.srokafinal.lets-preprod.com\/de\/wp-json\/wp\/v2\/product"}],"about":[{"href":"https:\/\/staging.srokafinal.lets-preprod.com\/de\/wp-json\/wp\/v2\/types\/product"}],"wp:featuredmedia":[{"embeddable":true,"href":"https:\/\/staging.srokafinal.lets-preprod.com\/de\/wp-json\/wp\/v2\/media\/116231"}],"wp:attachment":[{"href":"https:\/\/staging.srokafinal.lets-preprod.com\/de\/wp-json\/wp\/v2\/media?parent=116175"}],"wp:term":[{"taxonomy":"product_brand","embeddable":true,"href":"https:\/\/staging.srokafinal.lets-preprod.com\/de\/wp-json\/wp\/v2\/product_brand?post=116175"},{"taxonomy":"product_cat","embeddable":true,"href":"https:\/\/staging.srokafinal.lets-preprod.com\/de\/wp-json\/wp\/v2\/product_cat?post=116175"},{"taxonomy":"product_tag","embeddable":true,"href":"https:\/\/staging.srokafinal.lets-preprod.com\/de\/wp-json\/wp\/v2\/product_tag?post=116175"}],"curies":[{"name":"wp","href":"https:\/\/api.w.org\/{rel}","templated":true}]}}