


{"id":116181,"date":"2019-07-16T13:17:07","date_gmt":"2019-07-16T11:17:07","guid":{"rendered":"https:\/\/srokacompany.com\/produit\/s-foil-classic-sroka\/"},"modified":"2024-09-12T11:35:53","modified_gmt":"2024-09-12T11:35:53","slug":"s-foil-classic-sroka","status":"publish","type":"product","link":"https:\/\/staging.srokafinal.lets-preprod.com\/de\/produit\/s-foil-classic-sroka\/","title":{"rendered":"S-Foil Classic Sroka"},"content":{"rendered":"<hr>\n<h2>Starten Sie und machen Sie Fortschritte mit Leichtigkeit dank des S-Foil Sroka!<\/h2>\n<p><strong>Fliegen Sie<\/strong> leicht \u00fcber die Wellen, verbinden Sie sanft Kurven und entdecken Sie das <strong>einzigartige Vergn\u00fcgen<\/strong> des Foilens <strong>von Ihrem ersten Flug an<\/strong>. Mit dem S-Foil Sroka k\u00f6nnen sich Anf\u00e4nger in ein erfolgreiches und lohnendes <a href=\"https:\/\/srokacompany.com\/2023\/03\/wingfoil-comment-virer-de-bord-sroka-company\/\">Wingfoil-Erlebnis<\/a> st\u00fcrzen und erfahrene Fahrer k\u00f6nnen sich bei sehr leichtem Wind am\u00fcsieren. Das S-Foil wurde speziell entwickelt, um Ihnen zu helfen, schnell und ohne Verlangsamung Fortschritte zu machen, und wurde sorgf\u00e4ltig \u00fcberarbeitet, um Leistung, Steifigkeit und Leichtigkeit zu verbessern. Es bietet vollst\u00e4ndige Modularit\u00e4t mit austauschbaren Teilen, um sich perfekt an Ihr Niveau und Ihre Entwicklung anzupassen.  <\/p>\n<h4>Die Vorteile des S-Foil Sroka:<\/h4>\n<ul>\n<li><a href=\"https:\/\/srokacompany.com\/produit\/ailettes-avant-s-foil-classique\/\">Klassische 1500, 1750 oder 2000 Front-Winglets<\/a>, die speziell entwickelt wurden, um <strong>den Start und die Stabilit\u00e4t<\/strong> entsprechend Ihrer Gr\u00f6\u00dfe zu erleichtern.<\/li>\n<li>Eine Classic-Folie in Standardausf\u00fchrung mit einem vielseitigen 68cm Rumpf und 300er Stabilisator f\u00fcr <strong>eine einfache Handhabung<\/strong>.<\/li>\n<li>80 cm Stange im Lieferumfang enthalten, ideal f\u00fcr Anf\u00e4nger, aber mit verschiedenen Gr\u00f6\u00dfenoptionen, um <strong>Sie bei Ihren Fortschritten zu begleiten<\/strong>.<\/li>\n<\/ul>\n<p>  Das S-Foil ist nicht nur <strong>leicht<\/strong> <strong>zu erlernen<\/strong>, sondern auch auf <strong>Langlebigkeit<\/strong> und <strong>Festigkeit<\/strong> ausgelegt und besteht aus hochwertigen Materialien. Hochwertige Prepreg-Carbonflossen und T6061 T6-Aluminiumteile, die in der Luft- und Schifffahrtsindustrie verwendet werden, sorgen f\u00fcr eine starke und langlebige Leistung. Wenn Sie sich f\u00fcr das S-Foil Sroka entscheiden, entscheiden Sie sich f\u00fcr <strong>ein Foil, das Sie in Ihrer Entwicklung begleitet<\/strong> und es Ihnen erm\u00f6glicht, ohne Einschr\u00e4nkungen voranzukommen. Ein superleichtes Windfoil, das auch nach dem Sammeln von Erfahrung ein idealer Partner bleibt.  <\/p>\n<h4>Vielseitige Standardkonfiguration:<\/h4>\n<ul>\n<li>Ideal f\u00fcr Anf\u00e4nger, die verschiedene Foiling-Disziplinen entdecken und \u00fcben m\u00f6chten: <a href=\"https:\/\/srokacompany.com\/2023\/03\/wingfoil-comment-virer-de-bord-sroka-company\/\">Wing Foil<\/a>, SUP Foil, <a href=\"https:\/\/srokacompany.com\/eshop\/wake-foil\/\">Wake Foil<\/a> usw.<\/li>\n<li>Wird mit einer praktischen <a href=\"https:\/\/srokacompany.com\/produit\/housse-protection-transport-foil\/\">Tragetasche<\/a> und <a href=\"https:\/\/srokacompany.com\/produit\/visserie-complete-pour-s-foil-et-planches-sroka\/\">den kompletten Schrauben<\/a> f\u00fcr eine einfache Verwendung geliefert.<\/li>\n<\/ul>\n","protected":false},"excerpt":{"rendered":"<p>Starten Sie und machen Sie Fortschritte mit Leichtigkeit dank des S-Foil Sroka! Fliegen Sie leicht \u00fcber die Wellen, verbinden Sie sanft Kurven und entdecken Sie das einzigartige Vergn\u00fcgen des Foilens von Ihrem ersten Flug an. Mit dem S-Foil Sroka k\u00f6nnen sich Anf\u00e4nger in ein erfolgreiches und lohnendes Wingfoil-Erlebnis st\u00fcrzen und erfahrene Fahrer k\u00f6nnen sich bei [&hellip;]<\/p>\n","protected":false},"featured_media":116242,"template":"","meta":{"_acf_changed":false,"_uag_custom_page_level_css":""},"product_brand":[],"product_cat":[2784,2781,2911],"product_tag":[],"class_list":{"0":"post-116181","1":"product","2":"type-product","3":"status-publish","4":"has-post-thumbnail","6":"product_cat-flugel-foil","7":"product_cat-folie","8":"product_cat-alle-unsere-klassischen-folien","9":"product_shipping_class-komplettes-foil-oder-ersatzteile-flugeleinheit","11":"first","12":"instock","13":"sale","14":"taxable","15":"shipping-taxable","16":"purchasable","17":"product-type-variable"},"acf":[],"yoast_head":"<!-- This site is optimized with the Yoast SEO plugin v25.1 - https:\/\/yoast.com\/wordpress\/plugins\/seo\/ -->\n<title>S-Foil Sroka - Classic Range - SROKA Company<\/title>\n<meta name=\"description\" content=\"Das neue SROKA Classic S-Foil ist sehr vielseitig: Surf, SUP, Kite, Wing, Wake &amp; Windfoil! Hohe Qualit\u00e4t, bester Preis!\" \/>\n<meta name=\"robots\" content=\"noindex, follow, max-snippet:-1, max-image-preview:large, max-video-preview:-1\" \/>\n<meta property=\"og:locale\" content=\"de_DE\" \/>\n<meta property=\"og:type\" content=\"article\" \/>\n<meta property=\"og:title\" content=\"S-Foil Sroka - Classic Range - SROKA Company\" \/>\n<meta property=\"og:description\" content=\"Das neue SROKA Classic S-Foil ist sehr vielseitig: Surf, SUP, Kite, Wing, Wake &amp; Windfoil! Hohe Qualit\u00e4t, bester Preis!\" \/>\n<meta property=\"og:url\" content=\"https:\/\/staging.srokafinal.lets-preprod.com\/de\/produit\/s-foil-classic-sroka\/\" \/>\n<meta property=\"og:site_name\" content=\"SROKA Company\" \/>\n<meta property=\"article:publisher\" content=\"https:\/\/www.facebook.com\/srokawatersports\/\" \/>\n<meta property=\"article:modified_time\" content=\"2024-09-12T11:35:53+00:00\" \/>\n<meta property=\"og:image\" content=\"https:\/\/staging.srokafinal.lets-preprod.com\/wp-content\/uploads\/2019\/07\/8.jpg\" \/>\n\t<meta property=\"og:image:width\" content=\"740\" \/>\n\t<meta property=\"og:image:height\" content=\"1080\" \/>\n\t<meta property=\"og:image:type\" content=\"image\/jpeg\" \/>\n<meta name=\"twitter:label1\" content=\"Gesch\u00e4tzte Lesezeit\" \/>\n\t<meta name=\"twitter:data1\" content=\"2\u00a0Minuten\" \/>\n<script type=\"application\/ld+json\" class=\"yoast-schema-graph\">{\"@context\":\"https:\/\/schema.org\",\"@graph\":[{\"@type\":\"WebPage\",\"@id\":\"https:\/\/staging.srokafinal.lets-preprod.com\/de\/produit\/s-foil-classic-sroka\/\",\"url\":\"https:\/\/staging.srokafinal.lets-preprod.com\/de\/produit\/s-foil-classic-sroka\/\",\"name\":\"S-Foil Sroka - Classic Range - SROKA Company\",\"isPartOf\":{\"@id\":\"https:\/\/staging.srokafinal.lets-preprod.com\/de\/#website\"},\"primaryImageOfPage\":{\"@id\":\"https:\/\/staging.srokafinal.lets-preprod.com\/de\/produit\/s-foil-classic-sroka\/#primaryimage\"},\"image\":{\"@id\":\"https:\/\/staging.srokafinal.lets-preprod.com\/de\/produit\/s-foil-classic-sroka\/#primaryimage\"},\"thumbnailUrl\":\"https:\/\/staging.srokafinal.lets-preprod.com\/wp-content\/uploads\/2019\/07\/8.jpg\",\"datePublished\":\"2019-07-16T11:17:07+00:00\",\"dateModified\":\"2024-09-12T11:35:53+00:00\",\"description\":\"Das neue SROKA Classic S-Foil ist sehr vielseitig: Surf, SUP, Kite, Wing, Wake & Windfoil! Hohe Qualit\u00e4t, bester Preis!\",\"breadcrumb\":{\"@id\":\"https:\/\/staging.srokafinal.lets-preprod.com\/de\/produit\/s-foil-classic-sroka\/#breadcrumb\"},\"inLanguage\":\"de\",\"potentialAction\":[{\"@type\":\"ReadAction\",\"target\":[\"https:\/\/staging.srokafinal.lets-preprod.com\/de\/produit\/s-foil-classic-sroka\/\"]}]},{\"@type\":\"ImageObject\",\"inLanguage\":\"de\",\"@id\":\"https:\/\/staging.srokafinal.lets-preprod.com\/de\/produit\/s-foil-classic-sroka\/#primaryimage\",\"url\":\"https:\/\/staging.srokafinal.lets-preprod.com\/wp-content\/uploads\/2019\/07\/8.jpg\",\"contentUrl\":\"https:\/\/staging.srokafinal.lets-preprod.com\/wp-content\/uploads\/2019\/07\/8.jpg\",\"width\":740,\"height\":1080,\"caption\":\"S-Foil Sroka\"},{\"@type\":\"BreadcrumbList\",\"@id\":\"https:\/\/staging.srokafinal.lets-preprod.com\/de\/produit\/s-foil-classic-sroka\/#breadcrumb\",\"itemListElement\":[{\"@type\":\"ListItem\",\"position\":1,\"name\":\"Accueil\",\"item\":\"https:\/\/staging.srokafinal.lets-preprod.com\/de\/\"},{\"@type\":\"ListItem\",\"position\":2,\"name\":\"Boutique\",\"item\":\"https:\/\/staging.srokafinal.lets-preprod.com\/boutique\/\"},{\"@type\":\"ListItem\",\"position\":3,\"name\":\"S-Foil Classic Sroka\"}]},{\"@type\":\"WebSite\",\"@id\":\"https:\/\/staging.srokafinal.lets-preprod.com\/de\/#website\",\"url\":\"https:\/\/staging.srokafinal.lets-preprod.com\/de\/\",\"name\":\"SROKA Company\",\"description\":\"SUP, Kite, Foil, Wing\",\"publisher\":{\"@id\":\"https:\/\/staging.srokafinal.lets-preprod.com\/de\/#organization\"},\"potentialAction\":[{\"@type\":\"SearchAction\",\"target\":{\"@type\":\"EntryPoint\",\"urlTemplate\":\"https:\/\/staging.srokafinal.lets-preprod.com\/de\/?s={search_term_string}\"},\"query-input\":{\"@type\":\"PropertyValueSpecification\",\"valueRequired\":true,\"valueName\":\"search_term_string\"}}],\"inLanguage\":\"de\"},{\"@type\":\"Organization\",\"@id\":\"https:\/\/staging.srokafinal.lets-preprod.com\/de\/#organization\",\"name\":\"SROKACOMPANY\",\"alternateName\":\"SROKA\",\"url\":\"https:\/\/staging.srokafinal.lets-preprod.com\/de\/\",\"logo\":{\"@type\":\"ImageObject\",\"inLanguage\":\"de\",\"@id\":\"https:\/\/staging.srokafinal.lets-preprod.com\/de\/#\/schema\/logo\/image\/\",\"url\":\"https:\/\/staging.srokafinal.lets-preprod.com\/wp-content\/uploads\/2021\/01\/logo-sroka-black-transpa.png\",\"contentUrl\":\"https:\/\/staging.srokafinal.lets-preprod.com\/wp-content\/uploads\/2021\/01\/logo-sroka-black-transpa.png\",\"width\":1201,\"height\":342,\"caption\":\"SROKACOMPANY\"},\"image\":{\"@id\":\"https:\/\/staging.srokafinal.lets-preprod.com\/de\/#\/schema\/logo\/image\/\"},\"sameAs\":[\"https:\/\/www.facebook.com\/srokawatersports\/\",\"https:\/\/www.instagram.com\/srokawatersports\/\",\"https:\/\/www.youtube.com\/channel\/UCVLHHeaPIm-J5bdEUgxqtZA\"]}]}<\/script>\n<!-- \/ Yoast SEO plugin. -->","yoast_head_json":{"title":"S-Foil Sroka - Classic Range - SROKA Company","description":"Das neue SROKA Classic S-Foil ist sehr vielseitig: Surf, SUP, Kite, Wing, Wake & Windfoil! Hohe Qualit\u00e4t, bester Preis!","robots":{"index":"noindex","follow":"follow","max-snippet":"max-snippet:-1","max-image-preview":"max-image-preview:large","max-video-preview":"max-video-preview:-1"},"og_locale":"de_DE","og_type":"article","og_title":"S-Foil Sroka - Classic Range - SROKA Company","og_description":"Das neue SROKA Classic S-Foil ist sehr vielseitig: Surf, SUP, Kite, Wing, Wake & Windfoil! Hohe Qualit\u00e4t, bester Preis!","og_url":"https:\/\/staging.srokafinal.lets-preprod.com\/de\/produit\/s-foil-classic-sroka\/","og_site_name":"SROKA Company","article_publisher":"https:\/\/www.facebook.com\/srokawatersports\/","article_modified_time":"2024-09-12T11:35:53+00:00","og_image":[{"width":740,"height":1080,"url":"https:\/\/staging.srokafinal.lets-preprod.com\/wp-content\/uploads\/2019\/07\/8.jpg","type":"image\/jpeg"}],"twitter_misc":{"Gesch\u00e4tzte Lesezeit":"2\u00a0Minuten"},"schema":{"@context":"https:\/\/schema.org","@graph":[{"@type":"WebPage","@id":"https:\/\/staging.srokafinal.lets-preprod.com\/de\/produit\/s-foil-classic-sroka\/","url":"https:\/\/staging.srokafinal.lets-preprod.com\/de\/produit\/s-foil-classic-sroka\/","name":"S-Foil Sroka - Classic Range - SROKA Company","isPartOf":{"@id":"https:\/\/staging.srokafinal.lets-preprod.com\/de\/#website"},"primaryImageOfPage":{"@id":"https:\/\/staging.srokafinal.lets-preprod.com\/de\/produit\/s-foil-classic-sroka\/#primaryimage"},"image":{"@id":"https:\/\/staging.srokafinal.lets-preprod.com\/de\/produit\/s-foil-classic-sroka\/#primaryimage"},"thumbnailUrl":"https:\/\/staging.srokafinal.lets-preprod.com\/wp-content\/uploads\/2019\/07\/8.jpg","datePublished":"2019-07-16T11:17:07+00:00","dateModified":"2024-09-12T11:35:53+00:00","description":"Das neue SROKA Classic S-Foil ist sehr vielseitig: Surf, SUP, Kite, Wing, Wake & Windfoil! Hohe Qualit\u00e4t, bester Preis!","breadcrumb":{"@id":"https:\/\/staging.srokafinal.lets-preprod.com\/de\/produit\/s-foil-classic-sroka\/#breadcrumb"},"inLanguage":"de","potentialAction":[{"@type":"ReadAction","target":["https:\/\/staging.srokafinal.lets-preprod.com\/de\/produit\/s-foil-classic-sroka\/"]}]},{"@type":"ImageObject","inLanguage":"de","@id":"https:\/\/staging.srokafinal.lets-preprod.com\/de\/produit\/s-foil-classic-sroka\/#primaryimage","url":"https:\/\/staging.srokafinal.lets-preprod.com\/wp-content\/uploads\/2019\/07\/8.jpg","contentUrl":"https:\/\/staging.srokafinal.lets-preprod.com\/wp-content\/uploads\/2019\/07\/8.jpg","width":740,"height":1080,"caption":"S-Foil Sroka"},{"@type":"BreadcrumbList","@id":"https:\/\/staging.srokafinal.lets-preprod.com\/de\/produit\/s-foil-classic-sroka\/#breadcrumb","itemListElement":[{"@type":"ListItem","position":1,"name":"Accueil","item":"https:\/\/staging.srokafinal.lets-preprod.com\/de\/"},{"@type":"ListItem","position":2,"name":"Boutique","item":"https:\/\/staging.srokafinal.lets-preprod.com\/boutique\/"},{"@type":"ListItem","position":3,"name":"S-Foil Classic Sroka"}]},{"@type":"WebSite","@id":"https:\/\/staging.srokafinal.lets-preprod.com\/de\/#website","url":"https:\/\/staging.srokafinal.lets-preprod.com\/de\/","name":"SROKA Company","description":"SUP, Kite, Foil, Wing","publisher":{"@id":"https:\/\/staging.srokafinal.lets-preprod.com\/de\/#organization"},"potentialAction":[{"@type":"SearchAction","target":{"@type":"EntryPoint","urlTemplate":"https:\/\/staging.srokafinal.lets-preprod.com\/de\/?s={search_term_string}"},"query-input":{"@type":"PropertyValueSpecification","valueRequired":true,"valueName":"search_term_string"}}],"inLanguage":"de"},{"@type":"Organization","@id":"https:\/\/staging.srokafinal.lets-preprod.com\/de\/#organization","name":"SROKACOMPANY","alternateName":"SROKA","url":"https:\/\/staging.srokafinal.lets-preprod.com\/de\/","logo":{"@type":"ImageObject","inLanguage":"de","@id":"https:\/\/staging.srokafinal.lets-preprod.com\/de\/#\/schema\/logo\/image\/","url":"https:\/\/staging.srokafinal.lets-preprod.com\/wp-content\/uploads\/2021\/01\/logo-sroka-black-transpa.png","contentUrl":"https:\/\/staging.srokafinal.lets-preprod.com\/wp-content\/uploads\/2021\/01\/logo-sroka-black-transpa.png","width":1201,"height":342,"caption":"SROKACOMPANY"},"image":{"@id":"https:\/\/staging.srokafinal.lets-preprod.com\/de\/#\/schema\/logo\/image\/"},"sameAs":["https:\/\/www.facebook.com\/srokawatersports\/","https:\/\/www.instagram.com\/srokawatersports\/","https:\/\/www.youtube.com\/channel\/UCVLHHeaPIm-J5bdEUgxqtZA"]}]}},"uagb_featured_image_src":{"full":["https:\/\/staging.srokafinal.lets-preprod.com\/wp-content\/uploads\/2019\/07\/8.jpg",740,1080,false],"thumbnail":["https:\/\/staging.srokafinal.lets-preprod.com\/wp-content\/uploads\/2019\/07\/8-150x150.jpg",150,150,true],"medium":["https:\/\/staging.srokafinal.lets-preprod.com\/wp-content\/uploads\/2019\/07\/8-206x300.jpg",206,300,true],"medium_large":["https:\/\/staging.srokafinal.lets-preprod.com\/wp-content\/uploads\/2019\/07\/8.jpg",740,1080,false],"large":["https:\/\/staging.srokafinal.lets-preprod.com\/wp-content\/uploads\/2019\/07\/8-702x1024.jpg",702,1024,true],"1536x1536":["https:\/\/staging.srokafinal.lets-preprod.com\/wp-content\/uploads\/2019\/07\/8.jpg",740,1080,false],"2048x2048":["https:\/\/staging.srokafinal.lets-preprod.com\/wp-content\/uploads\/2019\/07\/8.jpg",740,1080,false],"woocommerce_thumbnail":["https:\/\/staging.srokafinal.lets-preprod.com\/wp-content\/uploads\/2019\/07\/8-600x876.jpg",600,876,true],"woocommerce_single":["https:\/\/staging.srokafinal.lets-preprod.com\/wp-content\/uploads\/2019\/07\/8-600x876.jpg",600,876,true],"woocommerce_gallery_thumbnail":["https:\/\/staging.srokafinal.lets-preprod.com\/wp-content\/uploads\/2019\/07\/8-100x100.jpg",100,100,true]},"uagb_author_info":{"display_name":"Bruno Sroka","author_link":"https:\/\/staging.srokafinal.lets-preprod.com\/de\/blog\/author\/"},"uagb_comment_info":0,"uagb_excerpt":"Starten Sie und machen Sie Fortschritte mit Leichtigkeit dank des S-Foil Sroka! Fliegen Sie leicht \u00fcber die Wellen, verbinden Sie sanft Kurven und entdecken Sie das einzigartige Vergn\u00fcgen des Foilens von Ihrem ersten Flug an. Mit dem S-Foil Sroka k\u00f6nnen sich Anf\u00e4nger in ein erfolgreiches und lohnendes Wingfoil-Erlebnis st\u00fcrzen und erfahrene Fahrer k\u00f6nnen sich bei&hellip;","_links":{"self":[{"href":"https:\/\/staging.srokafinal.lets-preprod.com\/de\/wp-json\/wp\/v2\/product\/116181","targetHints":{"allow":["GET"]}}],"collection":[{"href":"https:\/\/staging.srokafinal.lets-preprod.com\/de\/wp-json\/wp\/v2\/product"}],"about":[{"href":"https:\/\/staging.srokafinal.lets-preprod.com\/de\/wp-json\/wp\/v2\/types\/product"}],"wp:featuredmedia":[{"embeddable":true,"href":"https:\/\/staging.srokafinal.lets-preprod.com\/de\/wp-json\/wp\/v2\/media\/116242"}],"wp:attachment":[{"href":"https:\/\/staging.srokafinal.lets-preprod.com\/de\/wp-json\/wp\/v2\/media?parent=116181"}],"wp:term":[{"taxonomy":"product_brand","embeddable":true,"href":"https:\/\/staging.srokafinal.lets-preprod.com\/de\/wp-json\/wp\/v2\/product_brand?post=116181"},{"taxonomy":"product_cat","embeddable":true,"href":"https:\/\/staging.srokafinal.lets-preprod.com\/de\/wp-json\/wp\/v2\/product_cat?post=116181"},{"taxonomy":"product_tag","embeddable":true,"href":"https:\/\/staging.srokafinal.lets-preprod.com\/de\/wp-json\/wp\/v2\/product_tag?post=116181"}],"curies":[{"name":"wp","href":"https:\/\/api.w.org\/{rel}","templated":true}]}}