


{"id":116185,"date":"2020-12-03T18:32:08","date_gmt":"2020-12-03T16:32:08","guid":{"rendered":"https:\/\/srokacompany.com\/produit\/s-foil-high-aspect-1190\/"},"modified":"2024-10-16T12:35:43","modified_gmt":"2024-10-16T12:35:43","slug":"s-foil-high-aspect-1190","status":"publish","type":"product","link":"https:\/\/staging.srokafinal.lets-preprod.com\/de\/produit\/s-foil-high-aspect-1190\/","title":{"rendered":"S-Foil High Aspect 1190"},"content":{"rendered":"<hr>\n<h1 style=\"text-align: justify;\">Entdecken Sie das S-Foil High Aspect<\/h1>\n<p style=\"text-align: justify;\">Mit seinem High Aspect Kite (1190 L oder 1190 S) bietet das S-Foil m\u00fcheloses Pumpen und magische Gleitgef\u00fchle. Diese Reihe erg\u00e4nzt die S-Foil Classic-Reihe und bietet erg\u00e4nzende vordere Schutzbleche, um die Grenzen Ihres Fahrens zu erweitern.<\/p>\n<ul>\n<li style=\"text-align: justify;\">Der HA 1190 S (Speed) Kite ist f\u00fcr Wingfoil gemacht. Es bietet ein hervorragendes Gef\u00fchl von Geschwindigkeit sowie ein super effizientes Pumipng. Dieser Schirm ist einer der schnellsten in unserem Sortiment, zusammen mit dem 1250 Classic und dem 950 Speed. Dank seines Profils, seiner Dehnung und seiner Spannweite bietet es eine hervorragende Geradeausstabilit\u00e4t sowie sanfte, einfache und vollst\u00e4ndig kontrollierte Geschwindigkeitsspitzen. Es wird auch Wunder im Kite Foil und Wind Foil wirken.<\/li>\n<li style=\"text-align: justify;\">Der H 1190 L Kite (Lift) ist f\u00fcr Liebhaber von Surf Foil, SUP Foil, Wake Foil gedacht. Der HA 1190 L (Lift) ist eindeutig auf Surf Foil ausgerichtet, mit einem tragf\u00e4higeren Profil, aber langsamer als der HA 1190 S. Seine 15 bis 20 % mehr Auftrieb geben Ihnen mehr Auftrieb und mehr Kraft. Auf diese Weise k\u00f6nnen Sie Ihr Pumpen optimieren, um die Wellen ohne Unterbrechung wieder zu verbinden.<\/li>\n<\/ul>\n<p style=\"text-align: justify;\">Entdecken Sie alle neuen Funktionen des S-Foil und die Details der High Aspect-Reihe. In diesem Produktblatt helfen wir Ihnen auch bei der Auswahl Ihres Frontfl\u00fcgels nach Ihrer Praxis. Es wird mit seiner Tragetasche und kompletten Schrauben geliefert.<\/p>\n<p>Schauen Sie sich auch den <a href=\"https:\/\/srokacompany.com\/produit\/new-s-foil-high-aspect-950-speed\/\">950HA Speed<\/a> f\u00fcr diejenigen an, die pure Geschwindigkeit lieben, und den <a href=\"https:\/\/srokacompany.com\/produit\/s-foil-high-aspect-1350-lift\/\">1350 HA Lift<\/a> f\u00fcr diejenigen, die endlos gleiten wollen.<\/p>\n<p>&nbsp;<\/p>\n<p>https:\/\/srokacompany.com\/caracteristiques-techniques-des-ailes-de-foil-sroka\/<\/p>\n","protected":false},"excerpt":{"rendered":"<p>Entdecken Sie das S-Foil High Aspect Mit seinem High Aspect Kite (1190 L oder 1190 S) bietet das S-Foil m\u00fcheloses Pumpen und magische Gleitgef\u00fchle. Diese Reihe erg\u00e4nzt die S-Foil Classic-Reihe und bietet erg\u00e4nzende vordere Schutzbleche, um die Grenzen Ihres Fahrens zu erweitern. Der HA 1190 S (Speed) Kite ist f\u00fcr Wingfoil gemacht. Es bietet ein [&hellip;]<\/p>\n","protected":false},"featured_media":116278,"template":"","meta":{"_acf_changed":false,"_uag_custom_page_level_css":""},"product_brand":[],"product_cat":[2784,2781,2789],"product_tag":[],"class_list":{"0":"post-116185","1":"product","2":"type-product","3":"status-publish","4":"has-post-thumbnail","6":"product_cat-flugel-foil","7":"product_cat-folie","8":"product_cat-alle-unsere-high-aspect-folien","9":"product_shipping_class-komplettes-foil-oder-ersatzteile-flugeleinheit","11":"first","12":"instock","13":"taxable","14":"shipping-taxable","15":"purchasable","16":"product-type-variable","17":"has-default-attributes"},"acf":[],"yoast_head":"<!-- This site is optimized with the Yoast SEO plugin v25.1 - https:\/\/yoast.com\/wordpress\/plugins\/seo\/ -->\n<title>S-Foil High Aspect 1190 Speed und Lift - SROKA Company<\/title>\n<meta name=\"description\" content=\"Das neue S-Foil High Aspect 1190 Speed and Lift von Sroka Company bietet mit seiner Finne das Beste in Leistung und Preis.\" \/>\n<meta name=\"robots\" content=\"noindex, follow, max-snippet:-1, max-image-preview:large, max-video-preview:-1\" \/>\n<meta property=\"og:locale\" content=\"de_DE\" \/>\n<meta property=\"og:type\" content=\"article\" \/>\n<meta property=\"og:title\" content=\"S-Foil High Aspect 1190 Speed und Lift - SROKA Company\" \/>\n<meta property=\"og:description\" content=\"Das neue S-Foil High Aspect 1190 Speed and Lift von Sroka Company bietet mit seiner Finne das Beste in Leistung und Preis.\" \/>\n<meta property=\"og:url\" content=\"https:\/\/staging.srokafinal.lets-preprod.com\/de\/produit\/s-foil-high-aspect-1190\/\" \/>\n<meta property=\"og:site_name\" content=\"SROKA Company\" \/>\n<meta property=\"article:publisher\" content=\"https:\/\/www.facebook.com\/srokawatersports\/\" \/>\n<meta property=\"article:modified_time\" content=\"2024-10-16T12:35:43+00:00\" \/>\n<meta property=\"og:image\" content=\"https:\/\/staging.srokafinal.lets-preprod.com\/wp-content\/uploads\/2020\/12\/7.jpg\" \/>\n\t<meta property=\"og:image:width\" content=\"740\" \/>\n\t<meta property=\"og:image:height\" content=\"1080\" \/>\n\t<meta property=\"og:image:type\" content=\"image\/jpeg\" \/>\n<meta name=\"twitter:label1\" content=\"Gesch\u00e4tzte Lesezeit\" \/>\n\t<meta name=\"twitter:data1\" content=\"1\u00a0Minute\" \/>\n<script type=\"application\/ld+json\" class=\"yoast-schema-graph\">{\"@context\":\"https:\/\/schema.org\",\"@graph\":[{\"@type\":\"WebPage\",\"@id\":\"https:\/\/staging.srokafinal.lets-preprod.com\/de\/produit\/s-foil-high-aspect-1190\/\",\"url\":\"https:\/\/staging.srokafinal.lets-preprod.com\/de\/produit\/s-foil-high-aspect-1190\/\",\"name\":\"S-Foil High Aspect 1190 Speed und Lift - SROKA Company\",\"isPartOf\":{\"@id\":\"https:\/\/staging.srokafinal.lets-preprod.com\/de\/#website\"},\"primaryImageOfPage\":{\"@id\":\"https:\/\/staging.srokafinal.lets-preprod.com\/de\/produit\/s-foil-high-aspect-1190\/#primaryimage\"},\"image\":{\"@id\":\"https:\/\/staging.srokafinal.lets-preprod.com\/de\/produit\/s-foil-high-aspect-1190\/#primaryimage\"},\"thumbnailUrl\":\"https:\/\/staging.srokafinal.lets-preprod.com\/wp-content\/uploads\/2020\/12\/7.jpg\",\"datePublished\":\"2020-12-03T16:32:08+00:00\",\"dateModified\":\"2024-10-16T12:35:43+00:00\",\"description\":\"Das neue S-Foil High Aspect 1190 Speed and Lift von Sroka Company bietet mit seiner Finne das Beste in Leistung und Preis.\",\"breadcrumb\":{\"@id\":\"https:\/\/staging.srokafinal.lets-preprod.com\/de\/produit\/s-foil-high-aspect-1190\/#breadcrumb\"},\"inLanguage\":\"de\",\"potentialAction\":[{\"@type\":\"ReadAction\",\"target\":[\"https:\/\/staging.srokafinal.lets-preprod.com\/de\/produit\/s-foil-high-aspect-1190\/\"]}]},{\"@type\":\"ImageObject\",\"inLanguage\":\"de\",\"@id\":\"https:\/\/staging.srokafinal.lets-preprod.com\/de\/produit\/s-foil-high-aspect-1190\/#primaryimage\",\"url\":\"https:\/\/staging.srokafinal.lets-preprod.com\/wp-content\/uploads\/2020\/12\/7.jpg\",\"contentUrl\":\"https:\/\/staging.srokafinal.lets-preprod.com\/wp-content\/uploads\/2020\/12\/7.jpg\",\"width\":740,\"height\":1080},{\"@type\":\"BreadcrumbList\",\"@id\":\"https:\/\/staging.srokafinal.lets-preprod.com\/de\/produit\/s-foil-high-aspect-1190\/#breadcrumb\",\"itemListElement\":[{\"@type\":\"ListItem\",\"position\":1,\"name\":\"Accueil\",\"item\":\"https:\/\/staging.srokafinal.lets-preprod.com\/de\/\"},{\"@type\":\"ListItem\",\"position\":2,\"name\":\"Boutique\",\"item\":\"https:\/\/staging.srokafinal.lets-preprod.com\/boutique\/\"},{\"@type\":\"ListItem\",\"position\":3,\"name\":\"S-Foil High Aspect 1190\"}]},{\"@type\":\"WebSite\",\"@id\":\"https:\/\/staging.srokafinal.lets-preprod.com\/de\/#website\",\"url\":\"https:\/\/staging.srokafinal.lets-preprod.com\/de\/\",\"name\":\"SROKA Company\",\"description\":\"SUP, Kite, Foil, Wing\",\"publisher\":{\"@id\":\"https:\/\/staging.srokafinal.lets-preprod.com\/de\/#organization\"},\"potentialAction\":[{\"@type\":\"SearchAction\",\"target\":{\"@type\":\"EntryPoint\",\"urlTemplate\":\"https:\/\/staging.srokafinal.lets-preprod.com\/de\/?s={search_term_string}\"},\"query-input\":{\"@type\":\"PropertyValueSpecification\",\"valueRequired\":true,\"valueName\":\"search_term_string\"}}],\"inLanguage\":\"de\"},{\"@type\":\"Organization\",\"@id\":\"https:\/\/staging.srokafinal.lets-preprod.com\/de\/#organization\",\"name\":\"SROKACOMPANY\",\"alternateName\":\"SROKA\",\"url\":\"https:\/\/staging.srokafinal.lets-preprod.com\/de\/\",\"logo\":{\"@type\":\"ImageObject\",\"inLanguage\":\"de\",\"@id\":\"https:\/\/staging.srokafinal.lets-preprod.com\/de\/#\/schema\/logo\/image\/\",\"url\":\"https:\/\/staging.srokafinal.lets-preprod.com\/wp-content\/uploads\/2021\/01\/logo-sroka-black-transpa.png\",\"contentUrl\":\"https:\/\/staging.srokafinal.lets-preprod.com\/wp-content\/uploads\/2021\/01\/logo-sroka-black-transpa.png\",\"width\":1201,\"height\":342,\"caption\":\"SROKACOMPANY\"},\"image\":{\"@id\":\"https:\/\/staging.srokafinal.lets-preprod.com\/de\/#\/schema\/logo\/image\/\"},\"sameAs\":[\"https:\/\/www.facebook.com\/srokawatersports\/\",\"https:\/\/www.instagram.com\/srokawatersports\/\",\"https:\/\/www.youtube.com\/channel\/UCVLHHeaPIm-J5bdEUgxqtZA\"]}]}<\/script>\n<!-- \/ Yoast SEO plugin. -->","yoast_head_json":{"title":"S-Foil High Aspect 1190 Speed und Lift - SROKA Company","description":"Das neue S-Foil High Aspect 1190 Speed and Lift von Sroka Company bietet mit seiner Finne das Beste in Leistung und Preis.","robots":{"index":"noindex","follow":"follow","max-snippet":"max-snippet:-1","max-image-preview":"max-image-preview:large","max-video-preview":"max-video-preview:-1"},"og_locale":"de_DE","og_type":"article","og_title":"S-Foil High Aspect 1190 Speed und Lift - SROKA Company","og_description":"Das neue S-Foil High Aspect 1190 Speed and Lift von Sroka Company bietet mit seiner Finne das Beste in Leistung und Preis.","og_url":"https:\/\/staging.srokafinal.lets-preprod.com\/de\/produit\/s-foil-high-aspect-1190\/","og_site_name":"SROKA Company","article_publisher":"https:\/\/www.facebook.com\/srokawatersports\/","article_modified_time":"2024-10-16T12:35:43+00:00","og_image":[{"width":740,"height":1080,"url":"https:\/\/staging.srokafinal.lets-preprod.com\/wp-content\/uploads\/2020\/12\/7.jpg","type":"image\/jpeg"}],"twitter_misc":{"Gesch\u00e4tzte Lesezeit":"1\u00a0Minute"},"schema":{"@context":"https:\/\/schema.org","@graph":[{"@type":"WebPage","@id":"https:\/\/staging.srokafinal.lets-preprod.com\/de\/produit\/s-foil-high-aspect-1190\/","url":"https:\/\/staging.srokafinal.lets-preprod.com\/de\/produit\/s-foil-high-aspect-1190\/","name":"S-Foil High Aspect 1190 Speed und Lift - SROKA Company","isPartOf":{"@id":"https:\/\/staging.srokafinal.lets-preprod.com\/de\/#website"},"primaryImageOfPage":{"@id":"https:\/\/staging.srokafinal.lets-preprod.com\/de\/produit\/s-foil-high-aspect-1190\/#primaryimage"},"image":{"@id":"https:\/\/staging.srokafinal.lets-preprod.com\/de\/produit\/s-foil-high-aspect-1190\/#primaryimage"},"thumbnailUrl":"https:\/\/staging.srokafinal.lets-preprod.com\/wp-content\/uploads\/2020\/12\/7.jpg","datePublished":"2020-12-03T16:32:08+00:00","dateModified":"2024-10-16T12:35:43+00:00","description":"Das neue S-Foil High Aspect 1190 Speed and Lift von Sroka Company bietet mit seiner Finne das Beste in Leistung und Preis.","breadcrumb":{"@id":"https:\/\/staging.srokafinal.lets-preprod.com\/de\/produit\/s-foil-high-aspect-1190\/#breadcrumb"},"inLanguage":"de","potentialAction":[{"@type":"ReadAction","target":["https:\/\/staging.srokafinal.lets-preprod.com\/de\/produit\/s-foil-high-aspect-1190\/"]}]},{"@type":"ImageObject","inLanguage":"de","@id":"https:\/\/staging.srokafinal.lets-preprod.com\/de\/produit\/s-foil-high-aspect-1190\/#primaryimage","url":"https:\/\/staging.srokafinal.lets-preprod.com\/wp-content\/uploads\/2020\/12\/7.jpg","contentUrl":"https:\/\/staging.srokafinal.lets-preprod.com\/wp-content\/uploads\/2020\/12\/7.jpg","width":740,"height":1080},{"@type":"BreadcrumbList","@id":"https:\/\/staging.srokafinal.lets-preprod.com\/de\/produit\/s-foil-high-aspect-1190\/#breadcrumb","itemListElement":[{"@type":"ListItem","position":1,"name":"Accueil","item":"https:\/\/staging.srokafinal.lets-preprod.com\/de\/"},{"@type":"ListItem","position":2,"name":"Boutique","item":"https:\/\/staging.srokafinal.lets-preprod.com\/boutique\/"},{"@type":"ListItem","position":3,"name":"S-Foil High Aspect 1190"}]},{"@type":"WebSite","@id":"https:\/\/staging.srokafinal.lets-preprod.com\/de\/#website","url":"https:\/\/staging.srokafinal.lets-preprod.com\/de\/","name":"SROKA Company","description":"SUP, Kite, Foil, Wing","publisher":{"@id":"https:\/\/staging.srokafinal.lets-preprod.com\/de\/#organization"},"potentialAction":[{"@type":"SearchAction","target":{"@type":"EntryPoint","urlTemplate":"https:\/\/staging.srokafinal.lets-preprod.com\/de\/?s={search_term_string}"},"query-input":{"@type":"PropertyValueSpecification","valueRequired":true,"valueName":"search_term_string"}}],"inLanguage":"de"},{"@type":"Organization","@id":"https:\/\/staging.srokafinal.lets-preprod.com\/de\/#organization","name":"SROKACOMPANY","alternateName":"SROKA","url":"https:\/\/staging.srokafinal.lets-preprod.com\/de\/","logo":{"@type":"ImageObject","inLanguage":"de","@id":"https:\/\/staging.srokafinal.lets-preprod.com\/de\/#\/schema\/logo\/image\/","url":"https:\/\/staging.srokafinal.lets-preprod.com\/wp-content\/uploads\/2021\/01\/logo-sroka-black-transpa.png","contentUrl":"https:\/\/staging.srokafinal.lets-preprod.com\/wp-content\/uploads\/2021\/01\/logo-sroka-black-transpa.png","width":1201,"height":342,"caption":"SROKACOMPANY"},"image":{"@id":"https:\/\/staging.srokafinal.lets-preprod.com\/de\/#\/schema\/logo\/image\/"},"sameAs":["https:\/\/www.facebook.com\/srokawatersports\/","https:\/\/www.instagram.com\/srokawatersports\/","https:\/\/www.youtube.com\/channel\/UCVLHHeaPIm-J5bdEUgxqtZA"]}]}},"uagb_featured_image_src":{"full":["https:\/\/staging.srokafinal.lets-preprod.com\/wp-content\/uploads\/2020\/12\/7.jpg",740,1080,false],"thumbnail":["https:\/\/staging.srokafinal.lets-preprod.com\/wp-content\/uploads\/2020\/12\/7-150x150.jpg",150,150,true],"medium":["https:\/\/staging.srokafinal.lets-preprod.com\/wp-content\/uploads\/2020\/12\/7-206x300.jpg",206,300,true],"medium_large":["https:\/\/staging.srokafinal.lets-preprod.com\/wp-content\/uploads\/2020\/12\/7.jpg",740,1080,false],"large":["https:\/\/staging.srokafinal.lets-preprod.com\/wp-content\/uploads\/2020\/12\/7-702x1024.jpg",702,1024,true],"1536x1536":["https:\/\/staging.srokafinal.lets-preprod.com\/wp-content\/uploads\/2020\/12\/7.jpg",740,1080,false],"2048x2048":["https:\/\/staging.srokafinal.lets-preprod.com\/wp-content\/uploads\/2020\/12\/7.jpg",740,1080,false],"woocommerce_thumbnail":["https:\/\/staging.srokafinal.lets-preprod.com\/wp-content\/uploads\/2020\/12\/7-600x876.jpg",600,876,true],"woocommerce_single":["https:\/\/staging.srokafinal.lets-preprod.com\/wp-content\/uploads\/2020\/12\/7-600x876.jpg",600,876,true],"woocommerce_gallery_thumbnail":["https:\/\/staging.srokafinal.lets-preprod.com\/wp-content\/uploads\/2020\/12\/7-100x100.jpg",100,100,true]},"uagb_author_info":{"display_name":"Tristan Dumard","author_link":"https:\/\/staging.srokafinal.lets-preprod.com\/de\/blog\/author\/"},"uagb_comment_info":0,"uagb_excerpt":"Entdecken Sie das S-Foil High Aspect Mit seinem High Aspect Kite (1190 L oder 1190 S) bietet das S-Foil m\u00fcheloses Pumpen und magische Gleitgef\u00fchle. Diese Reihe erg\u00e4nzt die S-Foil Classic-Reihe und bietet erg\u00e4nzende vordere Schutzbleche, um die Grenzen Ihres Fahrens zu erweitern. Der HA 1190 S (Speed) Kite ist f\u00fcr Wingfoil gemacht. Es bietet ein&hellip;","_links":{"self":[{"href":"https:\/\/staging.srokafinal.lets-preprod.com\/de\/wp-json\/wp\/v2\/product\/116185","targetHints":{"allow":["GET"]}}],"collection":[{"href":"https:\/\/staging.srokafinal.lets-preprod.com\/de\/wp-json\/wp\/v2\/product"}],"about":[{"href":"https:\/\/staging.srokafinal.lets-preprod.com\/de\/wp-json\/wp\/v2\/types\/product"}],"wp:featuredmedia":[{"embeddable":true,"href":"https:\/\/staging.srokafinal.lets-preprod.com\/de\/wp-json\/wp\/v2\/media\/116278"}],"wp:attachment":[{"href":"https:\/\/staging.srokafinal.lets-preprod.com\/de\/wp-json\/wp\/v2\/media?parent=116185"}],"wp:term":[{"taxonomy":"product_brand","embeddable":true,"href":"https:\/\/staging.srokafinal.lets-preprod.com\/de\/wp-json\/wp\/v2\/product_brand?post=116185"},{"taxonomy":"product_cat","embeddable":true,"href":"https:\/\/staging.srokafinal.lets-preprod.com\/de\/wp-json\/wp\/v2\/product_cat?post=116185"},{"taxonomy":"product_tag","embeddable":true,"href":"https:\/\/staging.srokafinal.lets-preprod.com\/de\/wp-json\/wp\/v2\/product_tag?post=116185"}],"curies":[{"name":"wp","href":"https:\/\/api.w.org\/{rel}","templated":true}]}}