


{"id":116253,"date":"2020-09-16T09:00:26","date_gmt":"2020-09-16T07:00:26","guid":{"rendered":"https:\/\/srokacompany.com\/produit\/sicherheitsschluessel-fuer-querruder\/"},"modified":"2024-05-30T09:11:57","modified_gmt":"2024-05-30T09:11:57","slug":"sicherheitsschluessel-fuer-querruder","status":"publish","type":"product","link":"https:\/\/staging.srokafinal.lets-preprod.com\/de\/produit\/sicherheitsschluessel-fuer-querruder\/","title":{"rendered":"Sicherheitsschl\u00fcssel f\u00fcr Querruder"},"content":{"rendered":"<hr>\n<p>Sicherheitsschl\u00fcssel f\u00fcr Querruder<\/p>\n<p>Dieser Sicherheitsschl\u00fcssel h\u00e4lt Ihre Flosse in ihrem Geh\u00e4use und verhindert, dass sie verloren geht.<\/p>\n<p>Anpassbar an alle Flossen der Malibu- und Easy-Reihe der Marke SROKA<\/p>\n","protected":false},"excerpt":{"rendered":"<p>Sicherheitsschl\u00fcssel f\u00fcr Querruder Dieser Sicherheitsschl\u00fcssel h\u00e4lt Ihre Flosse in ihrem Geh\u00e4use und verhindert, dass sie verloren geht. Anpassbar an alle Flossen der Malibu- und Easy-Reihe der Marke SROKA<\/p>\n","protected":false},"featured_media":116271,"template":"","meta":{"_acf_changed":false,"_uag_custom_page_level_css":""},"product_brand":[],"product_cat":[2812],"product_tag":[],"class_list":{"0":"post-116253","1":"product","2":"type-product","3":"status-publish","4":"has-post-thumbnail","6":"product_cat-paddel-zubehor","7":"product_shipping_class-spoiler-vollschrauben","9":"first","10":"instock","11":"taxable","12":"shipping-taxable","13":"purchasable","14":"product-type-simple"},"acf":[],"yoast_head":"<!-- This site is optimized with the Yoast SEO plugin v25.1 - https:\/\/yoast.com\/wordpress\/plugins\/seo\/ -->\n<title>Sicherheitsschl\u00fcssel f\u00fcr Querruder - SROKA Company<\/title>\n<meta name=\"description\" content=\"Dieser Flossensicherungsschl\u00fcssel passt auf alle SROKA-Rei\u00dfverschlussflossen f\u00fcr die Malibu- und Easy-Reihe. Kompatibel mit anderen Marken\" \/>\n<meta name=\"robots\" content=\"noindex, follow, max-snippet:-1, max-image-preview:large, max-video-preview:-1\" \/>\n<meta property=\"og:locale\" content=\"de_DE\" \/>\n<meta property=\"og:type\" content=\"article\" \/>\n<meta property=\"og:title\" content=\"Sicherheitsschl\u00fcssel f\u00fcr Querruder - SROKA Company\" \/>\n<meta property=\"og:description\" content=\"Dieser Flossensicherungsschl\u00fcssel passt auf alle SROKA-Rei\u00dfverschlussflossen f\u00fcr die Malibu- und Easy-Reihe. Kompatibel mit anderen Marken\" \/>\n<meta property=\"og:url\" content=\"https:\/\/staging.srokafinal.lets-preprod.com\/de\/produit\/sicherheitsschluessel-fuer-querruder\/\" \/>\n<meta property=\"og:site_name\" content=\"SROKA Company\" \/>\n<meta property=\"article:publisher\" content=\"https:\/\/www.facebook.com\/srokawatersports\/\" \/>\n<meta property=\"article:modified_time\" content=\"2024-05-30T09:11:57+00:00\" \/>\n<meta property=\"og:image\" content=\"https:\/\/staging.srokafinal.lets-preprod.com\/wp-content\/uploads\/2020\/09\/clavet-de-se\u0301curite\u0301-pour-aileron.jpg\" \/>\n\t<meta property=\"og:image:width\" content=\"780\" \/>\n\t<meta property=\"og:image:height\" content=\"1040\" \/>\n\t<meta property=\"og:image:type\" content=\"image\/jpeg\" \/>\n<script type=\"application\/ld+json\" class=\"yoast-schema-graph\">{\"@context\":\"https:\/\/schema.org\",\"@graph\":[{\"@type\":\"WebPage\",\"@id\":\"https:\/\/staging.srokafinal.lets-preprod.com\/de\/produit\/sicherheitsschluessel-fuer-querruder\/\",\"url\":\"https:\/\/staging.srokafinal.lets-preprod.com\/de\/produit\/sicherheitsschluessel-fuer-querruder\/\",\"name\":\"Sicherheitsschl\u00fcssel f\u00fcr Querruder - SROKA Company\",\"isPartOf\":{\"@id\":\"https:\/\/staging.srokafinal.lets-preprod.com\/de\/#website\"},\"primaryImageOfPage\":{\"@id\":\"https:\/\/staging.srokafinal.lets-preprod.com\/de\/produit\/sicherheitsschluessel-fuer-querruder\/#primaryimage\"},\"image\":{\"@id\":\"https:\/\/staging.srokafinal.lets-preprod.com\/de\/produit\/sicherheitsschluessel-fuer-querruder\/#primaryimage\"},\"thumbnailUrl\":\"https:\/\/staging.srokafinal.lets-preprod.com\/wp-content\/uploads\/2020\/09\/clavet-de-se\u0301curite\u0301-pour-aileron.jpg\",\"datePublished\":\"2020-09-16T07:00:26+00:00\",\"dateModified\":\"2024-05-30T09:11:57+00:00\",\"description\":\"Dieser Flossensicherungsschl\u00fcssel passt auf alle SROKA-Rei\u00dfverschlussflossen f\u00fcr die Malibu- und Easy-Reihe. Kompatibel mit anderen Marken\",\"breadcrumb\":{\"@id\":\"https:\/\/staging.srokafinal.lets-preprod.com\/de\/produit\/sicherheitsschluessel-fuer-querruder\/#breadcrumb\"},\"inLanguage\":\"de\",\"potentialAction\":[{\"@type\":\"ReadAction\",\"target\":[\"https:\/\/staging.srokafinal.lets-preprod.com\/de\/produit\/sicherheitsschluessel-fuer-querruder\/\"]}]},{\"@type\":\"ImageObject\",\"inLanguage\":\"de\",\"@id\":\"https:\/\/staging.srokafinal.lets-preprod.com\/de\/produit\/sicherheitsschluessel-fuer-querruder\/#primaryimage\",\"url\":\"https:\/\/staging.srokafinal.lets-preprod.com\/wp-content\/uploads\/2020\/09\/clavet-de-se\u0301curite\u0301-pour-aileron.jpg\",\"contentUrl\":\"https:\/\/staging.srokafinal.lets-preprod.com\/wp-content\/uploads\/2020\/09\/clavet-de-se\u0301curite\u0301-pour-aileron.jpg\",\"width\":780,\"height\":1040,\"caption\":\"Sicherungsstift f\u00fcr Querruder\"},{\"@type\":\"BreadcrumbList\",\"@id\":\"https:\/\/staging.srokafinal.lets-preprod.com\/de\/produit\/sicherheitsschluessel-fuer-querruder\/#breadcrumb\",\"itemListElement\":[{\"@type\":\"ListItem\",\"position\":1,\"name\":\"Accueil\",\"item\":\"https:\/\/staging.srokafinal.lets-preprod.com\/de\/\"},{\"@type\":\"ListItem\",\"position\":2,\"name\":\"Boutique\",\"item\":\"https:\/\/staging.srokafinal.lets-preprod.com\/boutique\/\"},{\"@type\":\"ListItem\",\"position\":3,\"name\":\"Sicherheitsschl\u00fcssel f\u00fcr Querruder\"}]},{\"@type\":\"WebSite\",\"@id\":\"https:\/\/staging.srokafinal.lets-preprod.com\/de\/#website\",\"url\":\"https:\/\/staging.srokafinal.lets-preprod.com\/de\/\",\"name\":\"SROKA Company\",\"description\":\"SUP, Kite, Foil, Wing\",\"publisher\":{\"@id\":\"https:\/\/staging.srokafinal.lets-preprod.com\/de\/#organization\"},\"potentialAction\":[{\"@type\":\"SearchAction\",\"target\":{\"@type\":\"EntryPoint\",\"urlTemplate\":\"https:\/\/staging.srokafinal.lets-preprod.com\/de\/?s={search_term_string}\"},\"query-input\":{\"@type\":\"PropertyValueSpecification\",\"valueRequired\":true,\"valueName\":\"search_term_string\"}}],\"inLanguage\":\"de\"},{\"@type\":\"Organization\",\"@id\":\"https:\/\/staging.srokafinal.lets-preprod.com\/de\/#organization\",\"name\":\"SROKACOMPANY\",\"alternateName\":\"SROKA\",\"url\":\"https:\/\/staging.srokafinal.lets-preprod.com\/de\/\",\"logo\":{\"@type\":\"ImageObject\",\"inLanguage\":\"de\",\"@id\":\"https:\/\/staging.srokafinal.lets-preprod.com\/de\/#\/schema\/logo\/image\/\",\"url\":\"https:\/\/staging.srokafinal.lets-preprod.com\/wp-content\/uploads\/2021\/01\/logo-sroka-black-transpa.png\",\"contentUrl\":\"https:\/\/staging.srokafinal.lets-preprod.com\/wp-content\/uploads\/2021\/01\/logo-sroka-black-transpa.png\",\"width\":1201,\"height\":342,\"caption\":\"SROKACOMPANY\"},\"image\":{\"@id\":\"https:\/\/staging.srokafinal.lets-preprod.com\/de\/#\/schema\/logo\/image\/\"},\"sameAs\":[\"https:\/\/www.facebook.com\/srokawatersports\/\",\"https:\/\/www.instagram.com\/srokawatersports\/\",\"https:\/\/www.youtube.com\/channel\/UCVLHHeaPIm-J5bdEUgxqtZA\"]}]}<\/script>\n<!-- \/ Yoast SEO plugin. -->","yoast_head_json":{"title":"Sicherheitsschl\u00fcssel f\u00fcr Querruder - SROKA Company","description":"Dieser Flossensicherungsschl\u00fcssel passt auf alle SROKA-Rei\u00dfverschlussflossen f\u00fcr die Malibu- und Easy-Reihe. Kompatibel mit anderen Marken","robots":{"index":"noindex","follow":"follow","max-snippet":"max-snippet:-1","max-image-preview":"max-image-preview:large","max-video-preview":"max-video-preview:-1"},"og_locale":"de_DE","og_type":"article","og_title":"Sicherheitsschl\u00fcssel f\u00fcr Querruder - SROKA Company","og_description":"Dieser Flossensicherungsschl\u00fcssel passt auf alle SROKA-Rei\u00dfverschlussflossen f\u00fcr die Malibu- und Easy-Reihe. Kompatibel mit anderen Marken","og_url":"https:\/\/staging.srokafinal.lets-preprod.com\/de\/produit\/sicherheitsschluessel-fuer-querruder\/","og_site_name":"SROKA Company","article_publisher":"https:\/\/www.facebook.com\/srokawatersports\/","article_modified_time":"2024-05-30T09:11:57+00:00","og_image":[{"width":780,"height":1040,"url":"https:\/\/staging.srokafinal.lets-preprod.com\/wp-content\/uploads\/2020\/09\/clavet-de-se\u0301curite\u0301-pour-aileron.jpg","type":"image\/jpeg"}],"schema":{"@context":"https:\/\/schema.org","@graph":[{"@type":"WebPage","@id":"https:\/\/staging.srokafinal.lets-preprod.com\/de\/produit\/sicherheitsschluessel-fuer-querruder\/","url":"https:\/\/staging.srokafinal.lets-preprod.com\/de\/produit\/sicherheitsschluessel-fuer-querruder\/","name":"Sicherheitsschl\u00fcssel f\u00fcr Querruder - SROKA Company","isPartOf":{"@id":"https:\/\/staging.srokafinal.lets-preprod.com\/de\/#website"},"primaryImageOfPage":{"@id":"https:\/\/staging.srokafinal.lets-preprod.com\/de\/produit\/sicherheitsschluessel-fuer-querruder\/#primaryimage"},"image":{"@id":"https:\/\/staging.srokafinal.lets-preprod.com\/de\/produit\/sicherheitsschluessel-fuer-querruder\/#primaryimage"},"thumbnailUrl":"https:\/\/staging.srokafinal.lets-preprod.com\/wp-content\/uploads\/2020\/09\/clavet-de-se\u0301curite\u0301-pour-aileron.jpg","datePublished":"2020-09-16T07:00:26+00:00","dateModified":"2024-05-30T09:11:57+00:00","description":"Dieser Flossensicherungsschl\u00fcssel passt auf alle SROKA-Rei\u00dfverschlussflossen f\u00fcr die Malibu- und Easy-Reihe. Kompatibel mit anderen Marken","breadcrumb":{"@id":"https:\/\/staging.srokafinal.lets-preprod.com\/de\/produit\/sicherheitsschluessel-fuer-querruder\/#breadcrumb"},"inLanguage":"de","potentialAction":[{"@type":"ReadAction","target":["https:\/\/staging.srokafinal.lets-preprod.com\/de\/produit\/sicherheitsschluessel-fuer-querruder\/"]}]},{"@type":"ImageObject","inLanguage":"de","@id":"https:\/\/staging.srokafinal.lets-preprod.com\/de\/produit\/sicherheitsschluessel-fuer-querruder\/#primaryimage","url":"https:\/\/staging.srokafinal.lets-preprod.com\/wp-content\/uploads\/2020\/09\/clavet-de-se\u0301curite\u0301-pour-aileron.jpg","contentUrl":"https:\/\/staging.srokafinal.lets-preprod.com\/wp-content\/uploads\/2020\/09\/clavet-de-se\u0301curite\u0301-pour-aileron.jpg","width":780,"height":1040,"caption":"Sicherungsstift f\u00fcr Querruder"},{"@type":"BreadcrumbList","@id":"https:\/\/staging.srokafinal.lets-preprod.com\/de\/produit\/sicherheitsschluessel-fuer-querruder\/#breadcrumb","itemListElement":[{"@type":"ListItem","position":1,"name":"Accueil","item":"https:\/\/staging.srokafinal.lets-preprod.com\/de\/"},{"@type":"ListItem","position":2,"name":"Boutique","item":"https:\/\/staging.srokafinal.lets-preprod.com\/boutique\/"},{"@type":"ListItem","position":3,"name":"Sicherheitsschl\u00fcssel f\u00fcr Querruder"}]},{"@type":"WebSite","@id":"https:\/\/staging.srokafinal.lets-preprod.com\/de\/#website","url":"https:\/\/staging.srokafinal.lets-preprod.com\/de\/","name":"SROKA Company","description":"SUP, Kite, Foil, Wing","publisher":{"@id":"https:\/\/staging.srokafinal.lets-preprod.com\/de\/#organization"},"potentialAction":[{"@type":"SearchAction","target":{"@type":"EntryPoint","urlTemplate":"https:\/\/staging.srokafinal.lets-preprod.com\/de\/?s={search_term_string}"},"query-input":{"@type":"PropertyValueSpecification","valueRequired":true,"valueName":"search_term_string"}}],"inLanguage":"de"},{"@type":"Organization","@id":"https:\/\/staging.srokafinal.lets-preprod.com\/de\/#organization","name":"SROKACOMPANY","alternateName":"SROKA","url":"https:\/\/staging.srokafinal.lets-preprod.com\/de\/","logo":{"@type":"ImageObject","inLanguage":"de","@id":"https:\/\/staging.srokafinal.lets-preprod.com\/de\/#\/schema\/logo\/image\/","url":"https:\/\/staging.srokafinal.lets-preprod.com\/wp-content\/uploads\/2021\/01\/logo-sroka-black-transpa.png","contentUrl":"https:\/\/staging.srokafinal.lets-preprod.com\/wp-content\/uploads\/2021\/01\/logo-sroka-black-transpa.png","width":1201,"height":342,"caption":"SROKACOMPANY"},"image":{"@id":"https:\/\/staging.srokafinal.lets-preprod.com\/de\/#\/schema\/logo\/image\/"},"sameAs":["https:\/\/www.facebook.com\/srokawatersports\/","https:\/\/www.instagram.com\/srokawatersports\/","https:\/\/www.youtube.com\/channel\/UCVLHHeaPIm-J5bdEUgxqtZA"]}]}},"uagb_featured_image_src":{"full":["https:\/\/staging.srokafinal.lets-preprod.com\/wp-content\/uploads\/2020\/09\/clavet-de-se\u0301curite\u0301-pour-aileron.jpg",780,1040,false],"thumbnail":["https:\/\/staging.srokafinal.lets-preprod.com\/wp-content\/uploads\/2020\/09\/clavet-de-se\u0301curite\u0301-pour-aileron-150x150.jpg",150,150,true],"medium":["https:\/\/staging.srokafinal.lets-preprod.com\/wp-content\/uploads\/2020\/09\/clavet-de-se\u0301curite\u0301-pour-aileron-225x300.jpg",225,300,true],"medium_large":["https:\/\/staging.srokafinal.lets-preprod.com\/wp-content\/uploads\/2020\/09\/clavet-de-se\u0301curite\u0301-pour-aileron-768x1024.jpg",768,1024,true],"large":["https:\/\/staging.srokafinal.lets-preprod.com\/wp-content\/uploads\/2020\/09\/clavet-de-se\u0301curite\u0301-pour-aileron-768x1024.jpg",768,1024,true],"1536x1536":["https:\/\/staging.srokafinal.lets-preprod.com\/wp-content\/uploads\/2020\/09\/clavet-de-se\u0301curite\u0301-pour-aileron.jpg",780,1040,false],"2048x2048":["https:\/\/staging.srokafinal.lets-preprod.com\/wp-content\/uploads\/2020\/09\/clavet-de-se\u0301curite\u0301-pour-aileron.jpg",780,1040,false],"woocommerce_thumbnail":["https:\/\/staging.srokafinal.lets-preprod.com\/wp-content\/uploads\/2020\/09\/clavet-de-se\u0301curite\u0301-pour-aileron-600x800.jpg",600,800,true],"woocommerce_single":["https:\/\/staging.srokafinal.lets-preprod.com\/wp-content\/uploads\/2020\/09\/clavet-de-se\u0301curite\u0301-pour-aileron-600x800.jpg",600,800,true],"woocommerce_gallery_thumbnail":["https:\/\/staging.srokafinal.lets-preprod.com\/wp-content\/uploads\/2020\/09\/clavet-de-se\u0301curite\u0301-pour-aileron-100x100.jpg",100,100,true]},"uagb_author_info":{"display_name":"Bruno Sroka","author_link":"https:\/\/staging.srokafinal.lets-preprod.com\/de\/blog\/author\/"},"uagb_comment_info":0,"uagb_excerpt":"Sicherheitsschl\u00fcssel f\u00fcr Querruder Dieser Sicherheitsschl\u00fcssel h\u00e4lt Ihre Flosse in ihrem Geh\u00e4use und verhindert, dass sie verloren geht. Anpassbar an alle Flossen der Malibu- und Easy-Reihe der Marke SROKA","_links":{"self":[{"href":"https:\/\/staging.srokafinal.lets-preprod.com\/de\/wp-json\/wp\/v2\/product\/116253","targetHints":{"allow":["GET"]}}],"collection":[{"href":"https:\/\/staging.srokafinal.lets-preprod.com\/de\/wp-json\/wp\/v2\/product"}],"about":[{"href":"https:\/\/staging.srokafinal.lets-preprod.com\/de\/wp-json\/wp\/v2\/types\/product"}],"wp:featuredmedia":[{"embeddable":true,"href":"https:\/\/staging.srokafinal.lets-preprod.com\/de\/wp-json\/wp\/v2\/media\/116271"}],"wp:attachment":[{"href":"https:\/\/staging.srokafinal.lets-preprod.com\/de\/wp-json\/wp\/v2\/media?parent=116253"}],"wp:term":[{"taxonomy":"product_brand","embeddable":true,"href":"https:\/\/staging.srokafinal.lets-preprod.com\/de\/wp-json\/wp\/v2\/product_brand?post=116253"},{"taxonomy":"product_cat","embeddable":true,"href":"https:\/\/staging.srokafinal.lets-preprod.com\/de\/wp-json\/wp\/v2\/product_cat?post=116253"},{"taxonomy":"product_tag","embeddable":true,"href":"https:\/\/staging.srokafinal.lets-preprod.com\/de\/wp-json\/wp\/v2\/product_tag?post=116253"}],"curies":[{"name":"wp","href":"https:\/\/api.w.org\/{rel}","templated":true}]}}