


{"id":116259,"date":"2020-11-30T12:59:31","date_gmt":"2020-11-30T10:59:31","guid":{"rendered":"https:\/\/srokacompany.com\/produit\/kite-foil-fin-pack-k950-xxl-stabilisator\/"},"modified":"2024-05-30T09:10:53","modified_gmt":"2024-05-30T09:10:53","slug":"kite-foil-fin-pack-k950-xxl-stabilisator","status":"publish","type":"product","link":"https:\/\/staging.srokafinal.lets-preprod.com\/de\/produit\/kite-foil-fin-pack-k950-xxl-stabilisator\/","title":{"rendered":"Kite Foil Fin Pack &#8211; K950 XXL + Stabilisator"},"content":{"rendered":"<hr>\n<h3>K950 Freeride Wave Kite Foil und Stabilisator Pack<\/h3>\n<p>F\u00fcr die Einf\u00fchrung unserer neuen Kite-Foil-Finne f\u00fcr das <strong>K950 <\/strong>Kitefoil bieten wir eine <strong>Packung Kite-Foil-Flossen<\/strong> mit Stabilisator an. Die K950 XXL hebt sehr fr\u00fch und mit gro\u00dfer Laufruhe ab. Zusammen mit dem Stabilisator hat es eine gro\u00dfe Stabilit\u00e4t. Dieser Rucksack bringt maximale Kontrolle und Man\u00f6vrierf\u00e4higkeit in den <strong>Wellen, <\/strong>aber auch bei allen Halsen, Wenden und Kurven. Auch wenn es perfekt f\u00fcr Licht und Carving ist, ist seine H\u00f6chstgeschwindigkeit nicht zu \u00fcbertreffen.<\/p>\n<p>Vom <strong>Anf\u00e4nger bis zum Experten <\/strong>ist dieser Rucksack f\u00fcr alle Gr\u00f6\u00dfen und alle Niveaus geeignet. Freeride-orientiert, leicht zug\u00e4nglich und skalierbar. Diese Finnen sind mit allen Masten und R\u00fcmpfen<strong> von K FOIL SROKA<\/strong> 2020 kompatibel, die Sie auf der Website sehen k\u00f6nnen. <a href=\"https:\/\/srokacompany.com\/caracteristiques-techniques-des-ailes-de-foil-sroka\/\"> Die technischen Details unserer Fl\u00fcgel finden Sie hier. <\/a><\/p>\n","protected":false},"excerpt":{"rendered":"<p>K950 Freeride Wave Kite Foil und Stabilisator Pack F\u00fcr die Einf\u00fchrung unserer neuen Kite-Foil-Finne f\u00fcr das K950 Kitefoil bieten wir eine Packung Kite-Foil-Flossen mit Stabilisator an. Die K950 XXL hebt sehr fr\u00fch und mit gro\u00dfer Laufruhe ab. Zusammen mit dem Stabilisator hat es eine gro\u00dfe Stabilit\u00e4t. Dieser Rucksack bringt maximale Kontrolle und Man\u00f6vrierf\u00e4higkeit in den [&hellip;]<\/p>\n","protected":false},"featured_media":116274,"template":"","meta":{"_acf_changed":false,"_uag_custom_page_level_css":""},"product_brand":[],"product_cat":[2781],"product_tag":[],"class_list":{"0":"post-116259","1":"product","2":"type-product","3":"status-publish","4":"has-post-thumbnail","6":"product_cat-folie","7":"product_shipping_class-komplettes-foil-oder-ersatzteile-flugeleinheit","9":"first","10":"instock","11":"taxable","12":"shipping-taxable","13":"purchasable","14":"product-type-variable","15":"has-default-attributes"},"acf":[],"yoast_head":"<!-- This site is optimized with the Yoast SEO plugin v25.1 - https:\/\/yoast.com\/wordpress\/plugins\/seo\/ -->\n<title>Kite Foil Fin Pack - K950 XXL + Stabilisator - SROKA Company<\/title>\n<meta name=\"description\" content=\"K950 Kite Foil Carbon Fin Pack plus Stabilisator. Es ging sehr fr\u00fch los. Super stabile, komfortable und wendige Flosse.\" \/>\n<meta name=\"robots\" content=\"noindex, follow, max-snippet:-1, max-image-preview:large, max-video-preview:-1\" \/>\n<meta property=\"og:locale\" content=\"de_DE\" \/>\n<meta property=\"og:type\" content=\"article\" \/>\n<meta property=\"og:title\" content=\"Kite Foil Fin Pack - K950 XXL + Stabilisator - SROKA Company\" \/>\n<meta property=\"og:description\" content=\"K950 Kite Foil Carbon Fin Pack plus Stabilisator. Es ging sehr fr\u00fch los. Super stabile, komfortable und wendige Flosse.\" \/>\n<meta property=\"og:url\" content=\"https:\/\/staging.srokafinal.lets-preprod.com\/de\/produit\/kite-foil-fin-pack-k950-xxl-stabilisator\/\" \/>\n<meta property=\"og:site_name\" content=\"SROKA Company\" \/>\n<meta property=\"article:publisher\" content=\"https:\/\/www.facebook.com\/srokawatersports\/\" \/>\n<meta property=\"article:modified_time\" content=\"2024-05-30T09:10:53+00:00\" \/>\n<meta property=\"og:image\" content=\"https:\/\/staging.srokafinal.lets-preprod.com\/wp-content\/uploads\/2020\/11\/aile-avant-kite-foil-1.jpg\" \/>\n\t<meta property=\"og:image:width\" content=\"780\" \/>\n\t<meta property=\"og:image:height\" content=\"1040\" \/>\n\t<meta property=\"og:image:type\" content=\"image\/jpeg\" \/>\n<meta name=\"twitter:label1\" content=\"Gesch\u00e4tzte Lesezeit\" \/>\n\t<meta name=\"twitter:data1\" content=\"1\u00a0Minute\" \/>\n<script type=\"application\/ld+json\" class=\"yoast-schema-graph\">{\"@context\":\"https:\/\/schema.org\",\"@graph\":[{\"@type\":\"WebPage\",\"@id\":\"https:\/\/staging.srokafinal.lets-preprod.com\/de\/produit\/kite-foil-fin-pack-k950-xxl-stabilisator\/\",\"url\":\"https:\/\/staging.srokafinal.lets-preprod.com\/de\/produit\/kite-foil-fin-pack-k950-xxl-stabilisator\/\",\"name\":\"Kite Foil Fin Pack - K950 XXL + Stabilisator - SROKA Company\",\"isPartOf\":{\"@id\":\"https:\/\/staging.srokafinal.lets-preprod.com\/de\/#website\"},\"primaryImageOfPage\":{\"@id\":\"https:\/\/staging.srokafinal.lets-preprod.com\/de\/produit\/kite-foil-fin-pack-k950-xxl-stabilisator\/#primaryimage\"},\"image\":{\"@id\":\"https:\/\/staging.srokafinal.lets-preprod.com\/de\/produit\/kite-foil-fin-pack-k950-xxl-stabilisator\/#primaryimage\"},\"thumbnailUrl\":\"https:\/\/staging.srokafinal.lets-preprod.com\/wp-content\/uploads\/2020\/11\/aile-avant-kite-foil-1.jpg\",\"datePublished\":\"2020-11-30T10:59:31+00:00\",\"dateModified\":\"2024-05-30T09:10:53+00:00\",\"description\":\"K950 Kite Foil Carbon Fin Pack plus Stabilisator. Es ging sehr fr\u00fch los. Super stabile, komfortable und wendige Flosse.\",\"breadcrumb\":{\"@id\":\"https:\/\/staging.srokafinal.lets-preprod.com\/de\/produit\/kite-foil-fin-pack-k950-xxl-stabilisator\/#breadcrumb\"},\"inLanguage\":\"de\",\"potentialAction\":[{\"@type\":\"ReadAction\",\"target\":[\"https:\/\/staging.srokafinal.lets-preprod.com\/de\/produit\/kite-foil-fin-pack-k950-xxl-stabilisator\/\"]}]},{\"@type\":\"ImageObject\",\"inLanguage\":\"de\",\"@id\":\"https:\/\/staging.srokafinal.lets-preprod.com\/de\/produit\/kite-foil-fin-pack-k950-xxl-stabilisator\/#primaryimage\",\"url\":\"https:\/\/staging.srokafinal.lets-preprod.com\/wp-content\/uploads\/2020\/11\/aile-avant-kite-foil-1.jpg\",\"contentUrl\":\"https:\/\/staging.srokafinal.lets-preprod.com\/wp-content\/uploads\/2020\/11\/aile-avant-kite-foil-1.jpg\",\"width\":780,\"height\":1040,\"caption\":\"Flossen- und Carbonstabilisator f\u00fcr Kitetoil-\u00dcbungen. Diese Flossen werden von der Firma Sroka verkauft.\"},{\"@type\":\"BreadcrumbList\",\"@id\":\"https:\/\/staging.srokafinal.lets-preprod.com\/de\/produit\/kite-foil-fin-pack-k950-xxl-stabilisator\/#breadcrumb\",\"itemListElement\":[{\"@type\":\"ListItem\",\"position\":1,\"name\":\"Accueil\",\"item\":\"https:\/\/staging.srokafinal.lets-preprod.com\/de\/\"},{\"@type\":\"ListItem\",\"position\":2,\"name\":\"Boutique\",\"item\":\"https:\/\/staging.srokafinal.lets-preprod.com\/boutique\/\"},{\"@type\":\"ListItem\",\"position\":3,\"name\":\"Kite Foil Fin Pack &#8211; K950 XXL + Stabilisator\"}]},{\"@type\":\"WebSite\",\"@id\":\"https:\/\/staging.srokafinal.lets-preprod.com\/de\/#website\",\"url\":\"https:\/\/staging.srokafinal.lets-preprod.com\/de\/\",\"name\":\"SROKA Company\",\"description\":\"SUP, Kite, Foil, Wing\",\"publisher\":{\"@id\":\"https:\/\/staging.srokafinal.lets-preprod.com\/de\/#organization\"},\"potentialAction\":[{\"@type\":\"SearchAction\",\"target\":{\"@type\":\"EntryPoint\",\"urlTemplate\":\"https:\/\/staging.srokafinal.lets-preprod.com\/de\/?s={search_term_string}\"},\"query-input\":{\"@type\":\"PropertyValueSpecification\",\"valueRequired\":true,\"valueName\":\"search_term_string\"}}],\"inLanguage\":\"de\"},{\"@type\":\"Organization\",\"@id\":\"https:\/\/staging.srokafinal.lets-preprod.com\/de\/#organization\",\"name\":\"SROKACOMPANY\",\"alternateName\":\"SROKA\",\"url\":\"https:\/\/staging.srokafinal.lets-preprod.com\/de\/\",\"logo\":{\"@type\":\"ImageObject\",\"inLanguage\":\"de\",\"@id\":\"https:\/\/staging.srokafinal.lets-preprod.com\/de\/#\/schema\/logo\/image\/\",\"url\":\"https:\/\/staging.srokafinal.lets-preprod.com\/wp-content\/uploads\/2021\/01\/logo-sroka-black-transpa.png\",\"contentUrl\":\"https:\/\/staging.srokafinal.lets-preprod.com\/wp-content\/uploads\/2021\/01\/logo-sroka-black-transpa.png\",\"width\":1201,\"height\":342,\"caption\":\"SROKACOMPANY\"},\"image\":{\"@id\":\"https:\/\/staging.srokafinal.lets-preprod.com\/de\/#\/schema\/logo\/image\/\"},\"sameAs\":[\"https:\/\/www.facebook.com\/srokawatersports\/\",\"https:\/\/www.instagram.com\/srokawatersports\/\",\"https:\/\/www.youtube.com\/channel\/UCVLHHeaPIm-J5bdEUgxqtZA\"]}]}<\/script>\n<!-- \/ Yoast SEO plugin. -->","yoast_head_json":{"title":"Kite Foil Fin Pack - K950 XXL + Stabilisator - SROKA Company","description":"K950 Kite Foil Carbon Fin Pack plus Stabilisator. Es ging sehr fr\u00fch los. Super stabile, komfortable und wendige Flosse.","robots":{"index":"noindex","follow":"follow","max-snippet":"max-snippet:-1","max-image-preview":"max-image-preview:large","max-video-preview":"max-video-preview:-1"},"og_locale":"de_DE","og_type":"article","og_title":"Kite Foil Fin Pack - K950 XXL + Stabilisator - SROKA Company","og_description":"K950 Kite Foil Carbon Fin Pack plus Stabilisator. Es ging sehr fr\u00fch los. Super stabile, komfortable und wendige Flosse.","og_url":"https:\/\/staging.srokafinal.lets-preprod.com\/de\/produit\/kite-foil-fin-pack-k950-xxl-stabilisator\/","og_site_name":"SROKA Company","article_publisher":"https:\/\/www.facebook.com\/srokawatersports\/","article_modified_time":"2024-05-30T09:10:53+00:00","og_image":[{"width":780,"height":1040,"url":"https:\/\/staging.srokafinal.lets-preprod.com\/wp-content\/uploads\/2020\/11\/aile-avant-kite-foil-1.jpg","type":"image\/jpeg"}],"twitter_misc":{"Gesch\u00e4tzte Lesezeit":"1\u00a0Minute"},"schema":{"@context":"https:\/\/schema.org","@graph":[{"@type":"WebPage","@id":"https:\/\/staging.srokafinal.lets-preprod.com\/de\/produit\/kite-foil-fin-pack-k950-xxl-stabilisator\/","url":"https:\/\/staging.srokafinal.lets-preprod.com\/de\/produit\/kite-foil-fin-pack-k950-xxl-stabilisator\/","name":"Kite Foil Fin Pack - K950 XXL + Stabilisator - SROKA Company","isPartOf":{"@id":"https:\/\/staging.srokafinal.lets-preprod.com\/de\/#website"},"primaryImageOfPage":{"@id":"https:\/\/staging.srokafinal.lets-preprod.com\/de\/produit\/kite-foil-fin-pack-k950-xxl-stabilisator\/#primaryimage"},"image":{"@id":"https:\/\/staging.srokafinal.lets-preprod.com\/de\/produit\/kite-foil-fin-pack-k950-xxl-stabilisator\/#primaryimage"},"thumbnailUrl":"https:\/\/staging.srokafinal.lets-preprod.com\/wp-content\/uploads\/2020\/11\/aile-avant-kite-foil-1.jpg","datePublished":"2020-11-30T10:59:31+00:00","dateModified":"2024-05-30T09:10:53+00:00","description":"K950 Kite Foil Carbon Fin Pack plus Stabilisator. Es ging sehr fr\u00fch los. Super stabile, komfortable und wendige Flosse.","breadcrumb":{"@id":"https:\/\/staging.srokafinal.lets-preprod.com\/de\/produit\/kite-foil-fin-pack-k950-xxl-stabilisator\/#breadcrumb"},"inLanguage":"de","potentialAction":[{"@type":"ReadAction","target":["https:\/\/staging.srokafinal.lets-preprod.com\/de\/produit\/kite-foil-fin-pack-k950-xxl-stabilisator\/"]}]},{"@type":"ImageObject","inLanguage":"de","@id":"https:\/\/staging.srokafinal.lets-preprod.com\/de\/produit\/kite-foil-fin-pack-k950-xxl-stabilisator\/#primaryimage","url":"https:\/\/staging.srokafinal.lets-preprod.com\/wp-content\/uploads\/2020\/11\/aile-avant-kite-foil-1.jpg","contentUrl":"https:\/\/staging.srokafinal.lets-preprod.com\/wp-content\/uploads\/2020\/11\/aile-avant-kite-foil-1.jpg","width":780,"height":1040,"caption":"Flossen- und Carbonstabilisator f\u00fcr Kitetoil-\u00dcbungen. Diese Flossen werden von der Firma Sroka verkauft."},{"@type":"BreadcrumbList","@id":"https:\/\/staging.srokafinal.lets-preprod.com\/de\/produit\/kite-foil-fin-pack-k950-xxl-stabilisator\/#breadcrumb","itemListElement":[{"@type":"ListItem","position":1,"name":"Accueil","item":"https:\/\/staging.srokafinal.lets-preprod.com\/de\/"},{"@type":"ListItem","position":2,"name":"Boutique","item":"https:\/\/staging.srokafinal.lets-preprod.com\/boutique\/"},{"@type":"ListItem","position":3,"name":"Kite Foil Fin Pack &#8211; K950 XXL + Stabilisator"}]},{"@type":"WebSite","@id":"https:\/\/staging.srokafinal.lets-preprod.com\/de\/#website","url":"https:\/\/staging.srokafinal.lets-preprod.com\/de\/","name":"SROKA Company","description":"SUP, Kite, Foil, Wing","publisher":{"@id":"https:\/\/staging.srokafinal.lets-preprod.com\/de\/#organization"},"potentialAction":[{"@type":"SearchAction","target":{"@type":"EntryPoint","urlTemplate":"https:\/\/staging.srokafinal.lets-preprod.com\/de\/?s={search_term_string}"},"query-input":{"@type":"PropertyValueSpecification","valueRequired":true,"valueName":"search_term_string"}}],"inLanguage":"de"},{"@type":"Organization","@id":"https:\/\/staging.srokafinal.lets-preprod.com\/de\/#organization","name":"SROKACOMPANY","alternateName":"SROKA","url":"https:\/\/staging.srokafinal.lets-preprod.com\/de\/","logo":{"@type":"ImageObject","inLanguage":"de","@id":"https:\/\/staging.srokafinal.lets-preprod.com\/de\/#\/schema\/logo\/image\/","url":"https:\/\/staging.srokafinal.lets-preprod.com\/wp-content\/uploads\/2021\/01\/logo-sroka-black-transpa.png","contentUrl":"https:\/\/staging.srokafinal.lets-preprod.com\/wp-content\/uploads\/2021\/01\/logo-sroka-black-transpa.png","width":1201,"height":342,"caption":"SROKACOMPANY"},"image":{"@id":"https:\/\/staging.srokafinal.lets-preprod.com\/de\/#\/schema\/logo\/image\/"},"sameAs":["https:\/\/www.facebook.com\/srokawatersports\/","https:\/\/www.instagram.com\/srokawatersports\/","https:\/\/www.youtube.com\/channel\/UCVLHHeaPIm-J5bdEUgxqtZA"]}]}},"uagb_featured_image_src":{"full":["https:\/\/staging.srokafinal.lets-preprod.com\/wp-content\/uploads\/2020\/11\/aile-avant-kite-foil-1.jpg",780,1040,false],"thumbnail":["https:\/\/staging.srokafinal.lets-preprod.com\/wp-content\/uploads\/2020\/11\/aile-avant-kite-foil-1-150x150.jpg",150,150,true],"medium":["https:\/\/staging.srokafinal.lets-preprod.com\/wp-content\/uploads\/2020\/11\/aile-avant-kite-foil-1-225x300.jpg",225,300,true],"medium_large":["https:\/\/staging.srokafinal.lets-preprod.com\/wp-content\/uploads\/2020\/11\/aile-avant-kite-foil-1-768x1024.jpg",768,1024,true],"large":["https:\/\/staging.srokafinal.lets-preprod.com\/wp-content\/uploads\/2020\/11\/aile-avant-kite-foil-1-768x1024.jpg",768,1024,true],"1536x1536":["https:\/\/staging.srokafinal.lets-preprod.com\/wp-content\/uploads\/2020\/11\/aile-avant-kite-foil-1.jpg",780,1040,false],"2048x2048":["https:\/\/staging.srokafinal.lets-preprod.com\/wp-content\/uploads\/2020\/11\/aile-avant-kite-foil-1.jpg",780,1040,false],"woocommerce_thumbnail":["https:\/\/staging.srokafinal.lets-preprod.com\/wp-content\/uploads\/2020\/11\/aile-avant-kite-foil-1-600x800.jpg",600,800,true],"woocommerce_single":["https:\/\/staging.srokafinal.lets-preprod.com\/wp-content\/uploads\/2020\/11\/aile-avant-kite-foil-1-600x800.jpg",600,800,true],"woocommerce_gallery_thumbnail":["https:\/\/staging.srokafinal.lets-preprod.com\/wp-content\/uploads\/2020\/11\/aile-avant-kite-foil-1-100x100.jpg",100,100,true]},"uagb_author_info":{"display_name":"Tristan Dumard","author_link":"https:\/\/staging.srokafinal.lets-preprod.com\/de\/blog\/author\/"},"uagb_comment_info":0,"uagb_excerpt":"K950 Freeride Wave Kite Foil und Stabilisator Pack F\u00fcr die Einf\u00fchrung unserer neuen Kite-Foil-Finne f\u00fcr das K950 Kitefoil bieten wir eine Packung Kite-Foil-Flossen mit Stabilisator an. Die K950 XXL hebt sehr fr\u00fch und mit gro\u00dfer Laufruhe ab. Zusammen mit dem Stabilisator hat es eine gro\u00dfe Stabilit\u00e4t. Dieser Rucksack bringt maximale Kontrolle und Man\u00f6vrierf\u00e4higkeit in den&hellip;","_links":{"self":[{"href":"https:\/\/staging.srokafinal.lets-preprod.com\/de\/wp-json\/wp\/v2\/product\/116259","targetHints":{"allow":["GET"]}}],"collection":[{"href":"https:\/\/staging.srokafinal.lets-preprod.com\/de\/wp-json\/wp\/v2\/product"}],"about":[{"href":"https:\/\/staging.srokafinal.lets-preprod.com\/de\/wp-json\/wp\/v2\/types\/product"}],"wp:featuredmedia":[{"embeddable":true,"href":"https:\/\/staging.srokafinal.lets-preprod.com\/de\/wp-json\/wp\/v2\/media\/116274"}],"wp:attachment":[{"href":"https:\/\/staging.srokafinal.lets-preprod.com\/de\/wp-json\/wp\/v2\/media?parent=116259"}],"wp:term":[{"taxonomy":"product_brand","embeddable":true,"href":"https:\/\/staging.srokafinal.lets-preprod.com\/de\/wp-json\/wp\/v2\/product_brand?post=116259"},{"taxonomy":"product_cat","embeddable":true,"href":"https:\/\/staging.srokafinal.lets-preprod.com\/de\/wp-json\/wp\/v2\/product_cat?post=116259"},{"taxonomy":"product_tag","embeddable":true,"href":"https:\/\/staging.srokafinal.lets-preprod.com\/de\/wp-json\/wp\/v2\/product_tag?post=116259"}],"curies":[{"name":"wp","href":"https:\/\/api.w.org\/{rel}","templated":true}]}}