


{"id":116381,"date":"2019-07-31T09:38:04","date_gmt":"2019-07-31T07:38:04","guid":{"rendered":"https:\/\/srokacompany.com\/produit\/k-foil-aluminium-kite-foil-pack-zwei-flossensaetze-160-x-52-board\/"},"modified":"2024-05-30T09:11:38","modified_gmt":"2024-05-30T09:11:38","slug":"k-foil-aluminium-kite-foil-pack-zwei-flossensaetze-160-x-52-board","status":"publish","type":"product","link":"https:\/\/staging.srokafinal.lets-preprod.com\/de\/produit\/k-foil-aluminium-kite-foil-pack-zwei-flossensaetze-160-x-52-board\/","title":{"rendered":"K-Foil Aluminium Kite Foil Pack + Zwei Flossens\u00e4tze + 160 x 52 Board"},"content":{"rendered":"<hr>\n<h2>Kite Foil und Kite Board Pack<\/h2>\n<p>Das ideale und hyper <strong>zug\u00e4ngliche Kite Foil Pack<\/strong> mit dem Aluminium K-Foil und dem 160&#215;52 Kite \/ Surf Hybrid Foil Board von SROKA Company. Unsere Aluminium-K-Folie ist im Laufe der Zeit skalierbar, alle Teile sind modifizierbar und austauschbar. Und im Jahr 2021 bieten wir zur Einf\u00fchrung unseres neuen <a href=\"https:\/\/srokacompany.com\/produit\/pack-ailettes-k-foil-k950-xxl-stabilisateur\/\">K950-Finnensets und Stabilisators<\/a> ein Paket mit zwei Finnens\u00e4tzen, einem Board und der<a href=\"https:\/\/srokacompany.com\/eshop\/foil\/\"> Vollaluminium-K-Folie<\/a> an. Sie k\u00f6nnen die Gr\u00f6\u00dfe der Finne an Ihr Programm anpassen, um maximale Vielseitigkeit zu erzielen. Kein Frust mehr, unsere beiden Flossens\u00e4tze decken alle Bed\u00fcrfnisse in allen Situationen ab. Es ist eines der st\u00e4rksten Kite-Foils auf dem Markt, das K-Foil wurde auch vom The Kite Mag Magazin als DAS Freeride-Foil des Jahres 2019 ausgezeichnet! Wenn Sie schlie\u00dflich das Surfen mit einem Foil lernen m\u00f6chten, ist dieses Board der perfekte Kompromiss, wenn Sie das Foil wechseln, um <a href=\"https:\/\/srokacompany.com\/eshop\/foils-wake-foil\/\">paddeln zu gehen.<\/a><\/p>\n","protected":false},"excerpt":{"rendered":"<p>Kite Foil und Kite Board Pack Das ideale und hyper zug\u00e4ngliche Kite Foil Pack mit dem Aluminium K-Foil und dem 160&#215;52 Kite \/ Surf Hybrid Foil Board von SROKA Company. Unsere Aluminium-K-Folie ist im Laufe der Zeit skalierbar, alle Teile sind modifizierbar und austauschbar. Und im Jahr 2021 bieten wir zur Einf\u00fchrung unseres neuen K950-Finnensets [&hellip;]<\/p>\n","protected":false},"featured_media":116407,"template":"","meta":{"_acf_changed":false,"_uag_custom_page_level_css":""},"product_brand":[],"product_cat":[2821,2781],"product_tag":[],"class_list":{"0":"post-116381","1":"product","2":"type-product","3":"status-publish","4":"has-post-thumbnail","6":"product_cat-angebote","7":"product_cat-folie","8":"pa_boitier-probox","9":"pa_housse-de-foil-avec","10":"pa_niveau-debutant-a-confirme","11":"pa_straps-straps","12":"pa_surface-de-lailette-avant-650-cm2","13":"pa_taille-de-la-planche-160x52","14":"pa_taille-mat-70-cm","15":"pa_taille-mat-80-cm","17":"first","18":"instock","19":"sale","20":"taxable","21":"shipping-taxable","22":"purchasable","23":"product-type-variable"},"acf":[],"yoast_head":"<!-- This site is optimized with the Yoast SEO plugin v25.1 - https:\/\/yoast.com\/wordpress\/plugins\/seo\/ -->\n<title>Pack Kite Foil K-Foil Alu + Foil Board 160 x 52 von SROKA Company<\/title>\n<meta name=\"description\" content=\"Das Kite-Foil-Pack mit dem besten Preis-Leistungs-Verh\u00e4ltnis mit dem SROKA K-Foil, das als DIE Referenz im Kite-Foiling anerkannt ist, und dem 5&#039;2-Hybrid-Surf-\/Kite-Foil-Board.\" \/>\n<meta name=\"robots\" content=\"noindex, follow, max-snippet:-1, max-image-preview:large, max-video-preview:-1\" \/>\n<meta property=\"og:locale\" content=\"de_DE\" \/>\n<meta property=\"og:type\" content=\"article\" \/>\n<meta property=\"og:title\" content=\"Pack Kite Foil K-Foil Alu + Foil Board 160 x 52 von SROKA Company\" \/>\n<meta property=\"og:description\" content=\"Das Kite-Foil-Pack mit dem besten Preis-Leistungs-Verh\u00e4ltnis mit dem SROKA K-Foil, das als DIE Referenz im Kite-Foiling anerkannt ist, und dem 5&#039;2-Hybrid-Surf-\/Kite-Foil-Board.\" \/>\n<meta property=\"og:url\" content=\"https:\/\/staging.srokafinal.lets-preprod.com\/de\/produit\/k-foil-aluminium-kite-foil-pack-zwei-flossensaetze-160-x-52-board\/\" \/>\n<meta property=\"og:site_name\" content=\"SROKA Company\" \/>\n<meta property=\"article:publisher\" content=\"https:\/\/www.facebook.com\/srokawatersports\/\" \/>\n<meta property=\"article:modified_time\" content=\"2024-05-30T09:11:38+00:00\" \/>\n<meta property=\"og:image\" content=\"https:\/\/staging.srokafinal.lets-preprod.com\/wp-content\/uploads\/2020\/12\/pack-aluminium-deux-jeux-dailettes-kite-foil-1.jpg\" \/>\n\t<meta property=\"og:image:width\" content=\"780\" \/>\n\t<meta property=\"og:image:height\" content=\"1040\" \/>\n\t<meta property=\"og:image:type\" content=\"image\/jpeg\" \/>\n<meta name=\"twitter:label1\" content=\"Gesch\u00e4tzte Lesezeit\" \/>\n\t<meta name=\"twitter:data1\" content=\"1\u00a0Minute\" \/>\n<script type=\"application\/ld+json\" class=\"yoast-schema-graph\">{\"@context\":\"https:\/\/schema.org\",\"@graph\":[{\"@type\":\"WebPage\",\"@id\":\"https:\/\/staging.srokafinal.lets-preprod.com\/de\/produit\/k-foil-aluminium-kite-foil-pack-zwei-flossensaetze-160-x-52-board\/\",\"url\":\"https:\/\/staging.srokafinal.lets-preprod.com\/de\/produit\/k-foil-aluminium-kite-foil-pack-zwei-flossensaetze-160-x-52-board\/\",\"name\":\"Pack Kite Foil K-Foil Alu + Foil Board 160 x 52 von SROKA Company\",\"isPartOf\":{\"@id\":\"https:\/\/staging.srokafinal.lets-preprod.com\/de\/#website\"},\"primaryImageOfPage\":{\"@id\":\"https:\/\/staging.srokafinal.lets-preprod.com\/de\/produit\/k-foil-aluminium-kite-foil-pack-zwei-flossensaetze-160-x-52-board\/#primaryimage\"},\"image\":{\"@id\":\"https:\/\/staging.srokafinal.lets-preprod.com\/de\/produit\/k-foil-aluminium-kite-foil-pack-zwei-flossensaetze-160-x-52-board\/#primaryimage\"},\"thumbnailUrl\":\"https:\/\/staging.srokafinal.lets-preprod.com\/wp-content\/uploads\/2020\/12\/pack-aluminium-deux-jeux-dailettes-kite-foil-1.jpg\",\"datePublished\":\"2019-07-31T07:38:04+00:00\",\"dateModified\":\"2024-05-30T09:11:38+00:00\",\"description\":\"Das Kite-Foil-Pack mit dem besten Preis-Leistungs-Verh\u00e4ltnis mit dem SROKA K-Foil, das als DIE Referenz im Kite-Foiling anerkannt ist, und dem 5'2-Hybrid-Surf-\/Kite-Foil-Board.\",\"breadcrumb\":{\"@id\":\"https:\/\/staging.srokafinal.lets-preprod.com\/de\/produit\/k-foil-aluminium-kite-foil-pack-zwei-flossensaetze-160-x-52-board\/#breadcrumb\"},\"inLanguage\":\"de\",\"potentialAction\":[{\"@type\":\"ReadAction\",\"target\":[\"https:\/\/staging.srokafinal.lets-preprod.com\/de\/produit\/k-foil-aluminium-kite-foil-pack-zwei-flossensaetze-160-x-52-board\/\"]}]},{\"@type\":\"ImageObject\",\"inLanguage\":\"de\",\"@id\":\"https:\/\/staging.srokafinal.lets-preprod.com\/de\/produit\/k-foil-aluminium-kite-foil-pack-zwei-flossensaetze-160-x-52-board\/#primaryimage\",\"url\":\"https:\/\/staging.srokafinal.lets-preprod.com\/wp-content\/uploads\/2020\/12\/pack-aluminium-deux-jeux-dailettes-kite-foil-1.jpg\",\"contentUrl\":\"https:\/\/staging.srokafinal.lets-preprod.com\/wp-content\/uploads\/2020\/12\/pack-aluminium-deux-jeux-dailettes-kite-foil-1.jpg\",\"width\":780,\"height\":1040},{\"@type\":\"BreadcrumbList\",\"@id\":\"https:\/\/staging.srokafinal.lets-preprod.com\/de\/produit\/k-foil-aluminium-kite-foil-pack-zwei-flossensaetze-160-x-52-board\/#breadcrumb\",\"itemListElement\":[{\"@type\":\"ListItem\",\"position\":1,\"name\":\"Accueil\",\"item\":\"https:\/\/staging.srokafinal.lets-preprod.com\/de\/\"},{\"@type\":\"ListItem\",\"position\":2,\"name\":\"Boutique\",\"item\":\"https:\/\/staging.srokafinal.lets-preprod.com\/boutique\/\"},{\"@type\":\"ListItem\",\"position\":3,\"name\":\"K-Foil Aluminium Kite Foil Pack + Zwei Flossens\u00e4tze + 160 x 52 Board\"}]},{\"@type\":\"WebSite\",\"@id\":\"https:\/\/staging.srokafinal.lets-preprod.com\/de\/#website\",\"url\":\"https:\/\/staging.srokafinal.lets-preprod.com\/de\/\",\"name\":\"SROKA Company\",\"description\":\"SUP, Kite, Foil, Wing\",\"publisher\":{\"@id\":\"https:\/\/staging.srokafinal.lets-preprod.com\/de\/#organization\"},\"potentialAction\":[{\"@type\":\"SearchAction\",\"target\":{\"@type\":\"EntryPoint\",\"urlTemplate\":\"https:\/\/staging.srokafinal.lets-preprod.com\/de\/?s={search_term_string}\"},\"query-input\":{\"@type\":\"PropertyValueSpecification\",\"valueRequired\":true,\"valueName\":\"search_term_string\"}}],\"inLanguage\":\"de\"},{\"@type\":\"Organization\",\"@id\":\"https:\/\/staging.srokafinal.lets-preprod.com\/de\/#organization\",\"name\":\"SROKACOMPANY\",\"alternateName\":\"SROKA\",\"url\":\"https:\/\/staging.srokafinal.lets-preprod.com\/de\/\",\"logo\":{\"@type\":\"ImageObject\",\"inLanguage\":\"de\",\"@id\":\"https:\/\/staging.srokafinal.lets-preprod.com\/de\/#\/schema\/logo\/image\/\",\"url\":\"https:\/\/staging.srokafinal.lets-preprod.com\/wp-content\/uploads\/2021\/01\/logo-sroka-black-transpa.png\",\"contentUrl\":\"https:\/\/staging.srokafinal.lets-preprod.com\/wp-content\/uploads\/2021\/01\/logo-sroka-black-transpa.png\",\"width\":1201,\"height\":342,\"caption\":\"SROKACOMPANY\"},\"image\":{\"@id\":\"https:\/\/staging.srokafinal.lets-preprod.com\/de\/#\/schema\/logo\/image\/\"},\"sameAs\":[\"https:\/\/www.facebook.com\/srokawatersports\/\",\"https:\/\/www.instagram.com\/srokawatersports\/\",\"https:\/\/www.youtube.com\/channel\/UCVLHHeaPIm-J5bdEUgxqtZA\"]}]}<\/script>\n<!-- \/ Yoast SEO plugin. -->","yoast_head_json":{"title":"Pack Kite Foil K-Foil Alu + Foil Board 160 x 52 von SROKA Company","description":"Das Kite-Foil-Pack mit dem besten Preis-Leistungs-Verh\u00e4ltnis mit dem SROKA K-Foil, das als DIE Referenz im Kite-Foiling anerkannt ist, und dem 5'2-Hybrid-Surf-\/Kite-Foil-Board.","robots":{"index":"noindex","follow":"follow","max-snippet":"max-snippet:-1","max-image-preview":"max-image-preview:large","max-video-preview":"max-video-preview:-1"},"og_locale":"de_DE","og_type":"article","og_title":"Pack Kite Foil K-Foil Alu + Foil Board 160 x 52 von SROKA Company","og_description":"Das Kite-Foil-Pack mit dem besten Preis-Leistungs-Verh\u00e4ltnis mit dem SROKA K-Foil, das als DIE Referenz im Kite-Foiling anerkannt ist, und dem 5'2-Hybrid-Surf-\/Kite-Foil-Board.","og_url":"https:\/\/staging.srokafinal.lets-preprod.com\/de\/produit\/k-foil-aluminium-kite-foil-pack-zwei-flossensaetze-160-x-52-board\/","og_site_name":"SROKA Company","article_publisher":"https:\/\/www.facebook.com\/srokawatersports\/","article_modified_time":"2024-05-30T09:11:38+00:00","og_image":[{"width":780,"height":1040,"url":"https:\/\/staging.srokafinal.lets-preprod.com\/wp-content\/uploads\/2020\/12\/pack-aluminium-deux-jeux-dailettes-kite-foil-1.jpg","type":"image\/jpeg"}],"twitter_misc":{"Gesch\u00e4tzte Lesezeit":"1\u00a0Minute"},"schema":{"@context":"https:\/\/schema.org","@graph":[{"@type":"WebPage","@id":"https:\/\/staging.srokafinal.lets-preprod.com\/de\/produit\/k-foil-aluminium-kite-foil-pack-zwei-flossensaetze-160-x-52-board\/","url":"https:\/\/staging.srokafinal.lets-preprod.com\/de\/produit\/k-foil-aluminium-kite-foil-pack-zwei-flossensaetze-160-x-52-board\/","name":"Pack Kite Foil K-Foil Alu + Foil Board 160 x 52 von SROKA Company","isPartOf":{"@id":"https:\/\/staging.srokafinal.lets-preprod.com\/de\/#website"},"primaryImageOfPage":{"@id":"https:\/\/staging.srokafinal.lets-preprod.com\/de\/produit\/k-foil-aluminium-kite-foil-pack-zwei-flossensaetze-160-x-52-board\/#primaryimage"},"image":{"@id":"https:\/\/staging.srokafinal.lets-preprod.com\/de\/produit\/k-foil-aluminium-kite-foil-pack-zwei-flossensaetze-160-x-52-board\/#primaryimage"},"thumbnailUrl":"https:\/\/staging.srokafinal.lets-preprod.com\/wp-content\/uploads\/2020\/12\/pack-aluminium-deux-jeux-dailettes-kite-foil-1.jpg","datePublished":"2019-07-31T07:38:04+00:00","dateModified":"2024-05-30T09:11:38+00:00","description":"Das Kite-Foil-Pack mit dem besten Preis-Leistungs-Verh\u00e4ltnis mit dem SROKA K-Foil, das als DIE Referenz im Kite-Foiling anerkannt ist, und dem 5'2-Hybrid-Surf-\/Kite-Foil-Board.","breadcrumb":{"@id":"https:\/\/staging.srokafinal.lets-preprod.com\/de\/produit\/k-foil-aluminium-kite-foil-pack-zwei-flossensaetze-160-x-52-board\/#breadcrumb"},"inLanguage":"de","potentialAction":[{"@type":"ReadAction","target":["https:\/\/staging.srokafinal.lets-preprod.com\/de\/produit\/k-foil-aluminium-kite-foil-pack-zwei-flossensaetze-160-x-52-board\/"]}]},{"@type":"ImageObject","inLanguage":"de","@id":"https:\/\/staging.srokafinal.lets-preprod.com\/de\/produit\/k-foil-aluminium-kite-foil-pack-zwei-flossensaetze-160-x-52-board\/#primaryimage","url":"https:\/\/staging.srokafinal.lets-preprod.com\/wp-content\/uploads\/2020\/12\/pack-aluminium-deux-jeux-dailettes-kite-foil-1.jpg","contentUrl":"https:\/\/staging.srokafinal.lets-preprod.com\/wp-content\/uploads\/2020\/12\/pack-aluminium-deux-jeux-dailettes-kite-foil-1.jpg","width":780,"height":1040},{"@type":"BreadcrumbList","@id":"https:\/\/staging.srokafinal.lets-preprod.com\/de\/produit\/k-foil-aluminium-kite-foil-pack-zwei-flossensaetze-160-x-52-board\/#breadcrumb","itemListElement":[{"@type":"ListItem","position":1,"name":"Accueil","item":"https:\/\/staging.srokafinal.lets-preprod.com\/de\/"},{"@type":"ListItem","position":2,"name":"Boutique","item":"https:\/\/staging.srokafinal.lets-preprod.com\/boutique\/"},{"@type":"ListItem","position":3,"name":"K-Foil Aluminium Kite Foil Pack + Zwei Flossens\u00e4tze + 160 x 52 Board"}]},{"@type":"WebSite","@id":"https:\/\/staging.srokafinal.lets-preprod.com\/de\/#website","url":"https:\/\/staging.srokafinal.lets-preprod.com\/de\/","name":"SROKA Company","description":"SUP, Kite, Foil, Wing","publisher":{"@id":"https:\/\/staging.srokafinal.lets-preprod.com\/de\/#organization"},"potentialAction":[{"@type":"SearchAction","target":{"@type":"EntryPoint","urlTemplate":"https:\/\/staging.srokafinal.lets-preprod.com\/de\/?s={search_term_string}"},"query-input":{"@type":"PropertyValueSpecification","valueRequired":true,"valueName":"search_term_string"}}],"inLanguage":"de"},{"@type":"Organization","@id":"https:\/\/staging.srokafinal.lets-preprod.com\/de\/#organization","name":"SROKACOMPANY","alternateName":"SROKA","url":"https:\/\/staging.srokafinal.lets-preprod.com\/de\/","logo":{"@type":"ImageObject","inLanguage":"de","@id":"https:\/\/staging.srokafinal.lets-preprod.com\/de\/#\/schema\/logo\/image\/","url":"https:\/\/staging.srokafinal.lets-preprod.com\/wp-content\/uploads\/2021\/01\/logo-sroka-black-transpa.png","contentUrl":"https:\/\/staging.srokafinal.lets-preprod.com\/wp-content\/uploads\/2021\/01\/logo-sroka-black-transpa.png","width":1201,"height":342,"caption":"SROKACOMPANY"},"image":{"@id":"https:\/\/staging.srokafinal.lets-preprod.com\/de\/#\/schema\/logo\/image\/"},"sameAs":["https:\/\/www.facebook.com\/srokawatersports\/","https:\/\/www.instagram.com\/srokawatersports\/","https:\/\/www.youtube.com\/channel\/UCVLHHeaPIm-J5bdEUgxqtZA"]}]}},"uagb_featured_image_src":{"full":["https:\/\/staging.srokafinal.lets-preprod.com\/wp-content\/uploads\/2020\/12\/pack-aluminium-deux-jeux-dailettes-kite-foil-1.jpg",780,1040,false],"thumbnail":["https:\/\/staging.srokafinal.lets-preprod.com\/wp-content\/uploads\/2020\/12\/pack-aluminium-deux-jeux-dailettes-kite-foil-1-150x150.jpg",150,150,true],"medium":["https:\/\/staging.srokafinal.lets-preprod.com\/wp-content\/uploads\/2020\/12\/pack-aluminium-deux-jeux-dailettes-kite-foil-1-225x300.jpg",225,300,true],"medium_large":["https:\/\/staging.srokafinal.lets-preprod.com\/wp-content\/uploads\/2020\/12\/pack-aluminium-deux-jeux-dailettes-kite-foil-1-768x1024.jpg",768,1024,true],"large":["https:\/\/staging.srokafinal.lets-preprod.com\/wp-content\/uploads\/2020\/12\/pack-aluminium-deux-jeux-dailettes-kite-foil-1-768x1024.jpg",768,1024,true],"1536x1536":["https:\/\/staging.srokafinal.lets-preprod.com\/wp-content\/uploads\/2020\/12\/pack-aluminium-deux-jeux-dailettes-kite-foil-1.jpg",780,1040,false],"2048x2048":["https:\/\/staging.srokafinal.lets-preprod.com\/wp-content\/uploads\/2020\/12\/pack-aluminium-deux-jeux-dailettes-kite-foil-1.jpg",780,1040,false],"woocommerce_thumbnail":["https:\/\/staging.srokafinal.lets-preprod.com\/wp-content\/uploads\/2020\/12\/pack-aluminium-deux-jeux-dailettes-kite-foil-1-600x800.jpg",600,800,true],"woocommerce_single":["https:\/\/staging.srokafinal.lets-preprod.com\/wp-content\/uploads\/2020\/12\/pack-aluminium-deux-jeux-dailettes-kite-foil-1-600x800.jpg",600,800,true],"woocommerce_gallery_thumbnail":["https:\/\/staging.srokafinal.lets-preprod.com\/wp-content\/uploads\/2020\/12\/pack-aluminium-deux-jeux-dailettes-kite-foil-1-100x100.jpg",100,100,true]},"uagb_author_info":{"display_name":"","author_link":"https:\/\/staging.srokafinal.lets-preprod.com\/de\/blog\/author\/"},"uagb_comment_info":0,"uagb_excerpt":"Kite Foil und Kite Board Pack Das ideale und hyper zug\u00e4ngliche Kite Foil Pack mit dem Aluminium K-Foil und dem 160&#215;52 Kite \/ Surf Hybrid Foil Board von SROKA Company. Unsere Aluminium-K-Folie ist im Laufe der Zeit skalierbar, alle Teile sind modifizierbar und austauschbar. Und im Jahr 2021 bieten wir zur Einf\u00fchrung unseres neuen K950-Finnensets&hellip;","_links":{"self":[{"href":"https:\/\/staging.srokafinal.lets-preprod.com\/de\/wp-json\/wp\/v2\/product\/116381","targetHints":{"allow":["GET"]}}],"collection":[{"href":"https:\/\/staging.srokafinal.lets-preprod.com\/de\/wp-json\/wp\/v2\/product"}],"about":[{"href":"https:\/\/staging.srokafinal.lets-preprod.com\/de\/wp-json\/wp\/v2\/types\/product"}],"wp:featuredmedia":[{"embeddable":true,"href":"https:\/\/staging.srokafinal.lets-preprod.com\/de\/wp-json\/wp\/v2\/media\/116407"}],"wp:attachment":[{"href":"https:\/\/staging.srokafinal.lets-preprod.com\/de\/wp-json\/wp\/v2\/media?parent=116381"}],"wp:term":[{"taxonomy":"product_brand","embeddable":true,"href":"https:\/\/staging.srokafinal.lets-preprod.com\/de\/wp-json\/wp\/v2\/product_brand?post=116381"},{"taxonomy":"product_cat","embeddable":true,"href":"https:\/\/staging.srokafinal.lets-preprod.com\/de\/wp-json\/wp\/v2\/product_cat?post=116381"},{"taxonomy":"product_tag","embeddable":true,"href":"https:\/\/staging.srokafinal.lets-preprod.com\/de\/wp-json\/wp\/v2\/product_tag?post=116381"}],"curies":[{"name":"wp","href":"https:\/\/api.w.org\/{rel}","templated":true}]}}