


{"id":116426,"date":"2021-03-02T18:07:24","date_gmt":"2021-03-02T16:07:24","guid":{"rendered":"https:\/\/srokacompany.com\/produit\/aufblasbares-wing-foil-board-sroka-v2\/"},"modified":"2024-11-23T13:34:28","modified_gmt":"2024-11-23T13:34:28","slug":"aufblasbares-wing-foil-board-sroka-v2","status":"publish","type":"product","link":"https:\/\/staging.srokafinal.lets-preprod.com\/de\/produit\/aufblasbares-wing-foil-board-sroka-v2\/","title":{"rendered":"Aufblasbares Wing Foil Board Sroka V2"},"content":{"rendered":"<hr>\n<h2>Aufblasbares Foilboard Sroka V2<\/h2>\n<p class=\"p1\">Das aufblasbare Foilboard Sroka V2 kommt mit seinem Anteil an Weiterentwicklungen. In Bezug auf die Leistung bietet der aufblasbare Sroka V2 dank der Fu\u00dfschlaufeneins\u00e4tze vorne und hinten am Board und der Steifigkeit des Ganzen, perfekt durch die Carbonplatte des Rumpfes, eine unglaublich pr\u00e4zise Lenkung. Strapless-Enthusiasten nutzen die geriffelten Pads und das Kickpad, um sich beim Surfen voll auszudr\u00fccken.<span class=\"Apple-converted-space\"> <\/span><\/p>\n<p class=\"p1\">Das gesamte Sortiment ist jetzt in 5&#8221; St\u00e4rke erh\u00e4ltlich. Das Gef\u00fchl auf dem Wasser ist n\u00e4her als je zuvor an einem harten Board, mit einer super angenehmen Erholung bei Ber\u00fchrungen und einem sofortigen Start.<span class=\"Apple-converted-space\"> <\/span><\/p>\n<p class=\"p1\">Hergestellt aus einem auf dem Markt einzigartigen PVC, bietet es un\u00fcbertroffene mechanische Eigenschaften in Bezug auf Widerstandsf\u00e4higkeit und Steifigkeit.<span class=\"Apple-converted-space\"> <\/span><\/p>\n<p class=\"p4\">Hyperpraktisch ist es das Reisebrett schlechthin mit all seinem Zubeh\u00f6r, einschlie\u00dflich der Transporttasche mit Rollen, mit der Sie einen kompletten Fl\u00fcgelrucksack auf Ihre Reise mitnehmen k\u00f6nnen.<span class=\"Apple-converted-space\"> <\/span><\/p>\n<p class=\"p5\">Die Platine wird geliefert mit:<\/p>\n<ul class=\"ul1\">\n<li class=\"li6\">Eine gro\u00dfe Aufbewahrungstasche, in der Sie Ihr Foil, ein Board, einen Fl\u00fcgel und Ihr Zubeh\u00f6r aufnehmen k\u00f6nnen. Perfekt f\u00fcr eine Reise mit seinen R\u00e4dern und mehreren Staur\u00e4umen.<\/li>\n<li class=\"li6\">Eine doppeltwirkende Pumpe<\/li>\n<li class=\"li6\">Das Reparaturset<\/li>\n<li class=\"li6\">Ein Neoprengriff<\/li>\n<\/ul>\n","protected":false},"excerpt":{"rendered":"<p>Aufblasbares Foilboard Sroka V2 Das aufblasbare Foilboard Sroka V2 kommt mit seinem Anteil an Weiterentwicklungen. In Bezug auf die Leistung bietet der aufblasbare Sroka V2 dank der Fu\u00dfschlaufeneins\u00e4tze vorne und hinten am Board und der Steifigkeit des Ganzen, perfekt durch die Carbonplatte des Rumpfes, eine unglaublich pr\u00e4zise Lenkung. Strapless-Enthusiasten nutzen die geriffelten Pads und das [&hellip;]<\/p>\n","protected":false},"featured_media":116464,"template":"","meta":{"_acf_changed":false,"_uag_custom_page_level_css":""},"product_brand":[],"product_cat":[2784,2805],"product_tag":[],"class_list":{"0":"post-116426","1":"product","2":"type-product","3":"status-publish","4":"has-post-thumbnail","6":"product_cat-flugel-foil","7":"product_cat-wing-foil-boards-zum-besten-preis","8":"product_shipping_class-aufblasbare-platineneinheit","10":"first","11":"instock","12":"sale","13":"taxable","14":"shipping-taxable","15":"purchasable","16":"product-type-variable","17":"has-default-attributes"},"acf":[],"yoast_head":"<!-- This site is optimized with the Yoast SEO plugin v25.1 - https:\/\/yoast.com\/wordpress\/plugins\/seo\/ -->\n<title>Aufblasbares Wing Foil Board Sroka V2 - SROKA Company<\/title>\n<meta name=\"description\" content=\"Die aufblasbaren Sroka V2 Boards, Performance-Boards mit ihren Fu\u00dfschlaufeneins\u00e4tzen und perfekt f\u00fcr unterwegs.\" \/>\n<meta name=\"robots\" content=\"noindex, follow, max-snippet:-1, max-image-preview:large, max-video-preview:-1\" \/>\n<meta property=\"og:locale\" content=\"de_DE\" \/>\n<meta property=\"og:type\" content=\"article\" \/>\n<meta property=\"og:title\" content=\"Aufblasbares Wing Foil Board Sroka V2 - SROKA Company\" \/>\n<meta property=\"og:description\" content=\"Die aufblasbaren Sroka V2 Boards, Performance-Boards mit ihren Fu\u00dfschlaufeneins\u00e4tzen und perfekt f\u00fcr unterwegs.\" \/>\n<meta property=\"og:url\" content=\"https:\/\/staging.srokafinal.lets-preprod.com\/de\/produit\/aufblasbares-wing-foil-board-sroka-v2\/\" \/>\n<meta property=\"og:site_name\" content=\"SROKA Company\" \/>\n<meta property=\"article:publisher\" content=\"https:\/\/www.facebook.com\/srokawatersports\/\" \/>\n<meta property=\"article:modified_time\" content=\"2024-11-23T13:34:28+00:00\" \/>\n<meta property=\"og:image\" content=\"https:\/\/staging.srokafinal.lets-preprod.com\/wp-content\/uploads\/2021\/03\/Photo-produit-planches-gonflable-2022.png\" \/>\n\t<meta property=\"og:image:width\" content=\"740\" \/>\n\t<meta property=\"og:image:height\" content=\"1080\" \/>\n\t<meta property=\"og:image:type\" content=\"image\/png\" \/>\n<meta name=\"twitter:label1\" content=\"Gesch\u00e4tzte Lesezeit\" \/>\n\t<meta name=\"twitter:data1\" content=\"1\u00a0Minute\" \/>\n<script type=\"application\/ld+json\" class=\"yoast-schema-graph\">{\"@context\":\"https:\/\/schema.org\",\"@graph\":[{\"@type\":\"WebPage\",\"@id\":\"https:\/\/staging.srokafinal.lets-preprod.com\/de\/produit\/aufblasbares-wing-foil-board-sroka-v2\/\",\"url\":\"https:\/\/staging.srokafinal.lets-preprod.com\/de\/produit\/aufblasbares-wing-foil-board-sroka-v2\/\",\"name\":\"Aufblasbares Wing Foil Board Sroka V2 - SROKA Company\",\"isPartOf\":{\"@id\":\"https:\/\/staging.srokafinal.lets-preprod.com\/de\/#website\"},\"primaryImageOfPage\":{\"@id\":\"https:\/\/staging.srokafinal.lets-preprod.com\/de\/produit\/aufblasbares-wing-foil-board-sroka-v2\/#primaryimage\"},\"image\":{\"@id\":\"https:\/\/staging.srokafinal.lets-preprod.com\/de\/produit\/aufblasbares-wing-foil-board-sroka-v2\/#primaryimage\"},\"thumbnailUrl\":\"https:\/\/staging.srokafinal.lets-preprod.com\/wp-content\/uploads\/2021\/03\/Photo-produit-planches-gonflable-2022.png\",\"datePublished\":\"2021-03-02T16:07:24+00:00\",\"dateModified\":\"2024-11-23T13:34:28+00:00\",\"description\":\"Die aufblasbaren Sroka V2 Boards, Performance-Boards mit ihren Fu\u00dfschlaufeneins\u00e4tzen und perfekt f\u00fcr unterwegs.\",\"breadcrumb\":{\"@id\":\"https:\/\/staging.srokafinal.lets-preprod.com\/de\/produit\/aufblasbares-wing-foil-board-sroka-v2\/#breadcrumb\"},\"inLanguage\":\"de\",\"potentialAction\":[{\"@type\":\"ReadAction\",\"target\":[\"https:\/\/staging.srokafinal.lets-preprod.com\/de\/produit\/aufblasbares-wing-foil-board-sroka-v2\/\"]}]},{\"@type\":\"ImageObject\",\"inLanguage\":\"de\",\"@id\":\"https:\/\/staging.srokafinal.lets-preprod.com\/de\/produit\/aufblasbares-wing-foil-board-sroka-v2\/#primaryimage\",\"url\":\"https:\/\/staging.srokafinal.lets-preprod.com\/wp-content\/uploads\/2021\/03\/Photo-produit-planches-gonflable-2022.png\",\"contentUrl\":\"https:\/\/staging.srokafinal.lets-preprod.com\/wp-content\/uploads\/2021\/03\/Photo-produit-planches-gonflable-2022.png\",\"width\":740,\"height\":1080},{\"@type\":\"BreadcrumbList\",\"@id\":\"https:\/\/staging.srokafinal.lets-preprod.com\/de\/produit\/aufblasbares-wing-foil-board-sroka-v2\/#breadcrumb\",\"itemListElement\":[{\"@type\":\"ListItem\",\"position\":1,\"name\":\"Accueil\",\"item\":\"https:\/\/staging.srokafinal.lets-preprod.com\/de\/\"},{\"@type\":\"ListItem\",\"position\":2,\"name\":\"Boutique\",\"item\":\"https:\/\/staging.srokafinal.lets-preprod.com\/boutique\/\"},{\"@type\":\"ListItem\",\"position\":3,\"name\":\"Aufblasbares Wing Foil Board Sroka V2\"}]},{\"@type\":\"WebSite\",\"@id\":\"https:\/\/staging.srokafinal.lets-preprod.com\/de\/#website\",\"url\":\"https:\/\/staging.srokafinal.lets-preprod.com\/de\/\",\"name\":\"SROKA Company\",\"description\":\"SUP, Kite, Foil, Wing\",\"publisher\":{\"@id\":\"https:\/\/staging.srokafinal.lets-preprod.com\/de\/#organization\"},\"potentialAction\":[{\"@type\":\"SearchAction\",\"target\":{\"@type\":\"EntryPoint\",\"urlTemplate\":\"https:\/\/staging.srokafinal.lets-preprod.com\/de\/?s={search_term_string}\"},\"query-input\":{\"@type\":\"PropertyValueSpecification\",\"valueRequired\":true,\"valueName\":\"search_term_string\"}}],\"inLanguage\":\"de\"},{\"@type\":\"Organization\",\"@id\":\"https:\/\/staging.srokafinal.lets-preprod.com\/de\/#organization\",\"name\":\"SROKACOMPANY\",\"alternateName\":\"SROKA\",\"url\":\"https:\/\/staging.srokafinal.lets-preprod.com\/de\/\",\"logo\":{\"@type\":\"ImageObject\",\"inLanguage\":\"de\",\"@id\":\"https:\/\/staging.srokafinal.lets-preprod.com\/de\/#\/schema\/logo\/image\/\",\"url\":\"https:\/\/staging.srokafinal.lets-preprod.com\/wp-content\/uploads\/2021\/01\/logo-sroka-black-transpa.png\",\"contentUrl\":\"https:\/\/staging.srokafinal.lets-preprod.com\/wp-content\/uploads\/2021\/01\/logo-sroka-black-transpa.png\",\"width\":1201,\"height\":342,\"caption\":\"SROKACOMPANY\"},\"image\":{\"@id\":\"https:\/\/staging.srokafinal.lets-preprod.com\/de\/#\/schema\/logo\/image\/\"},\"sameAs\":[\"https:\/\/www.facebook.com\/srokawatersports\/\",\"https:\/\/www.instagram.com\/srokawatersports\/\",\"https:\/\/www.youtube.com\/channel\/UCVLHHeaPIm-J5bdEUgxqtZA\"]}]}<\/script>\n<!-- \/ Yoast SEO plugin. -->","yoast_head_json":{"title":"Aufblasbares Wing Foil Board Sroka V2 - SROKA Company","description":"Die aufblasbaren Sroka V2 Boards, Performance-Boards mit ihren Fu\u00dfschlaufeneins\u00e4tzen und perfekt f\u00fcr unterwegs.","robots":{"index":"noindex","follow":"follow","max-snippet":"max-snippet:-1","max-image-preview":"max-image-preview:large","max-video-preview":"max-video-preview:-1"},"og_locale":"de_DE","og_type":"article","og_title":"Aufblasbares Wing Foil Board Sroka V2 - SROKA Company","og_description":"Die aufblasbaren Sroka V2 Boards, Performance-Boards mit ihren Fu\u00dfschlaufeneins\u00e4tzen und perfekt f\u00fcr unterwegs.","og_url":"https:\/\/staging.srokafinal.lets-preprod.com\/de\/produit\/aufblasbares-wing-foil-board-sroka-v2\/","og_site_name":"SROKA Company","article_publisher":"https:\/\/www.facebook.com\/srokawatersports\/","article_modified_time":"2024-11-23T13:34:28+00:00","og_image":[{"width":740,"height":1080,"url":"https:\/\/staging.srokafinal.lets-preprod.com\/wp-content\/uploads\/2021\/03\/Photo-produit-planches-gonflable-2022.png","type":"image\/png"}],"twitter_misc":{"Gesch\u00e4tzte Lesezeit":"1\u00a0Minute"},"schema":{"@context":"https:\/\/schema.org","@graph":[{"@type":"WebPage","@id":"https:\/\/staging.srokafinal.lets-preprod.com\/de\/produit\/aufblasbares-wing-foil-board-sroka-v2\/","url":"https:\/\/staging.srokafinal.lets-preprod.com\/de\/produit\/aufblasbares-wing-foil-board-sroka-v2\/","name":"Aufblasbares Wing Foil Board Sroka V2 - SROKA Company","isPartOf":{"@id":"https:\/\/staging.srokafinal.lets-preprod.com\/de\/#website"},"primaryImageOfPage":{"@id":"https:\/\/staging.srokafinal.lets-preprod.com\/de\/produit\/aufblasbares-wing-foil-board-sroka-v2\/#primaryimage"},"image":{"@id":"https:\/\/staging.srokafinal.lets-preprod.com\/de\/produit\/aufblasbares-wing-foil-board-sroka-v2\/#primaryimage"},"thumbnailUrl":"https:\/\/staging.srokafinal.lets-preprod.com\/wp-content\/uploads\/2021\/03\/Photo-produit-planches-gonflable-2022.png","datePublished":"2021-03-02T16:07:24+00:00","dateModified":"2024-11-23T13:34:28+00:00","description":"Die aufblasbaren Sroka V2 Boards, Performance-Boards mit ihren Fu\u00dfschlaufeneins\u00e4tzen und perfekt f\u00fcr unterwegs.","breadcrumb":{"@id":"https:\/\/staging.srokafinal.lets-preprod.com\/de\/produit\/aufblasbares-wing-foil-board-sroka-v2\/#breadcrumb"},"inLanguage":"de","potentialAction":[{"@type":"ReadAction","target":["https:\/\/staging.srokafinal.lets-preprod.com\/de\/produit\/aufblasbares-wing-foil-board-sroka-v2\/"]}]},{"@type":"ImageObject","inLanguage":"de","@id":"https:\/\/staging.srokafinal.lets-preprod.com\/de\/produit\/aufblasbares-wing-foil-board-sroka-v2\/#primaryimage","url":"https:\/\/staging.srokafinal.lets-preprod.com\/wp-content\/uploads\/2021\/03\/Photo-produit-planches-gonflable-2022.png","contentUrl":"https:\/\/staging.srokafinal.lets-preprod.com\/wp-content\/uploads\/2021\/03\/Photo-produit-planches-gonflable-2022.png","width":740,"height":1080},{"@type":"BreadcrumbList","@id":"https:\/\/staging.srokafinal.lets-preprod.com\/de\/produit\/aufblasbares-wing-foil-board-sroka-v2\/#breadcrumb","itemListElement":[{"@type":"ListItem","position":1,"name":"Accueil","item":"https:\/\/staging.srokafinal.lets-preprod.com\/de\/"},{"@type":"ListItem","position":2,"name":"Boutique","item":"https:\/\/staging.srokafinal.lets-preprod.com\/boutique\/"},{"@type":"ListItem","position":3,"name":"Aufblasbares Wing Foil Board Sroka V2"}]},{"@type":"WebSite","@id":"https:\/\/staging.srokafinal.lets-preprod.com\/de\/#website","url":"https:\/\/staging.srokafinal.lets-preprod.com\/de\/","name":"SROKA Company","description":"SUP, Kite, Foil, Wing","publisher":{"@id":"https:\/\/staging.srokafinal.lets-preprod.com\/de\/#organization"},"potentialAction":[{"@type":"SearchAction","target":{"@type":"EntryPoint","urlTemplate":"https:\/\/staging.srokafinal.lets-preprod.com\/de\/?s={search_term_string}"},"query-input":{"@type":"PropertyValueSpecification","valueRequired":true,"valueName":"search_term_string"}}],"inLanguage":"de"},{"@type":"Organization","@id":"https:\/\/staging.srokafinal.lets-preprod.com\/de\/#organization","name":"SROKACOMPANY","alternateName":"SROKA","url":"https:\/\/staging.srokafinal.lets-preprod.com\/de\/","logo":{"@type":"ImageObject","inLanguage":"de","@id":"https:\/\/staging.srokafinal.lets-preprod.com\/de\/#\/schema\/logo\/image\/","url":"https:\/\/staging.srokafinal.lets-preprod.com\/wp-content\/uploads\/2021\/01\/logo-sroka-black-transpa.png","contentUrl":"https:\/\/staging.srokafinal.lets-preprod.com\/wp-content\/uploads\/2021\/01\/logo-sroka-black-transpa.png","width":1201,"height":342,"caption":"SROKACOMPANY"},"image":{"@id":"https:\/\/staging.srokafinal.lets-preprod.com\/de\/#\/schema\/logo\/image\/"},"sameAs":["https:\/\/www.facebook.com\/srokawatersports\/","https:\/\/www.instagram.com\/srokawatersports\/","https:\/\/www.youtube.com\/channel\/UCVLHHeaPIm-J5bdEUgxqtZA"]}]}},"uagb_featured_image_src":{"full":["https:\/\/staging.srokafinal.lets-preprod.com\/wp-content\/uploads\/2021\/03\/Photo-produit-planches-gonflable-2022.png",740,1080,false],"thumbnail":["https:\/\/staging.srokafinal.lets-preprod.com\/wp-content\/uploads\/2021\/03\/Photo-produit-planches-gonflable-2022-150x150.png",150,150,true],"medium":["https:\/\/staging.srokafinal.lets-preprod.com\/wp-content\/uploads\/2021\/03\/Photo-produit-planches-gonflable-2022-206x300.png",206,300,true],"medium_large":["https:\/\/staging.srokafinal.lets-preprod.com\/wp-content\/uploads\/2021\/03\/Photo-produit-planches-gonflable-2022.png",740,1080,false],"large":["https:\/\/staging.srokafinal.lets-preprod.com\/wp-content\/uploads\/2021\/03\/Photo-produit-planches-gonflable-2022-702x1024.png",702,1024,true],"1536x1536":["https:\/\/staging.srokafinal.lets-preprod.com\/wp-content\/uploads\/2021\/03\/Photo-produit-planches-gonflable-2022.png",740,1080,false],"2048x2048":["https:\/\/staging.srokafinal.lets-preprod.com\/wp-content\/uploads\/2021\/03\/Photo-produit-planches-gonflable-2022.png",740,1080,false],"woocommerce_thumbnail":["https:\/\/staging.srokafinal.lets-preprod.com\/wp-content\/uploads\/2021\/03\/Photo-produit-planches-gonflable-2022-600x876.png",600,876,true],"woocommerce_single":["https:\/\/staging.srokafinal.lets-preprod.com\/wp-content\/uploads\/2021\/03\/Photo-produit-planches-gonflable-2022-600x876.png",600,876,true],"woocommerce_gallery_thumbnail":["https:\/\/staging.srokafinal.lets-preprod.com\/wp-content\/uploads\/2021\/03\/Photo-produit-planches-gonflable-2022-100x100.png",100,100,true]},"uagb_author_info":{"display_name":"Tristan Dumard","author_link":"https:\/\/staging.srokafinal.lets-preprod.com\/de\/blog\/author\/"},"uagb_comment_info":0,"uagb_excerpt":"Aufblasbares Foilboard Sroka V2 Das aufblasbare Foilboard Sroka V2 kommt mit seinem Anteil an Weiterentwicklungen. In Bezug auf die Leistung bietet der aufblasbare Sroka V2 dank der Fu\u00dfschlaufeneins\u00e4tze vorne und hinten am Board und der Steifigkeit des Ganzen, perfekt durch die Carbonplatte des Rumpfes, eine unglaublich pr\u00e4zise Lenkung. Strapless-Enthusiasten nutzen die geriffelten Pads und das&hellip;","_links":{"self":[{"href":"https:\/\/staging.srokafinal.lets-preprod.com\/de\/wp-json\/wp\/v2\/product\/116426","targetHints":{"allow":["GET"]}}],"collection":[{"href":"https:\/\/staging.srokafinal.lets-preprod.com\/de\/wp-json\/wp\/v2\/product"}],"about":[{"href":"https:\/\/staging.srokafinal.lets-preprod.com\/de\/wp-json\/wp\/v2\/types\/product"}],"wp:featuredmedia":[{"embeddable":true,"href":"https:\/\/staging.srokafinal.lets-preprod.com\/de\/wp-json\/wp\/v2\/media\/116464"}],"wp:attachment":[{"href":"https:\/\/staging.srokafinal.lets-preprod.com\/de\/wp-json\/wp\/v2\/media?parent=116426"}],"wp:term":[{"taxonomy":"product_brand","embeddable":true,"href":"https:\/\/staging.srokafinal.lets-preprod.com\/de\/wp-json\/wp\/v2\/product_brand?post=116426"},{"taxonomy":"product_cat","embeddable":true,"href":"https:\/\/staging.srokafinal.lets-preprod.com\/de\/wp-json\/wp\/v2\/product_cat?post=116426"},{"taxonomy":"product_tag","embeddable":true,"href":"https:\/\/staging.srokafinal.lets-preprod.com\/de\/wp-json\/wp\/v2\/product_tag?post=116426"}],"curies":[{"name":"wp","href":"https:\/\/api.w.org\/{rel}","templated":true}]}}