


{"id":116441,"date":"2019-09-09T12:52:06","date_gmt":"2019-09-09T10:52:06","guid":{"rendered":"https:\/\/srokacompany.com\/produit\/vierkant-und-schrauben-fuer-finne\/"},"modified":"2024-05-30T09:11:41","modified_gmt":"2024-05-30T09:11:41","slug":"vierkant-und-schrauben-fuer-finne","status":"publish","type":"product","link":"https:\/\/staging.srokafinal.lets-preprod.com\/de\/produit\/vierkant-und-schrauben-fuer-finne\/","title":{"rendered":"Vierkant und Schrauben f\u00fcr Finne"},"content":{"rendered":"<hr>\n<p>Dieses Produkt besteht aus einem Vierkant und einer Schraube, die f\u00fcr Schrauben an einem US-Box-Geh\u00e4use geeignet ist, um eine Finne auf einem Board zu installieren. Diese Elemente sind aus Edelstahl gefertigt, um eine bessere Best\u00e4ndigkeit gegen Wasser, Sand und Salz zu gew\u00e4hrleisten. <strong>Das Schraubsystem ist manuell<\/strong> und erfordert keinen Schraubendreher, um die Bedienung zu erleichtern. Dieser Vierkant und die Schraube sind standardm\u00e4\u00dfig f\u00fcr jedes US-Box-Geh\u00e4use und jede Art von Finne geeignet.<\/p>\n","protected":false},"excerpt":{"rendered":"<p>Dieses Produkt besteht aus einem Vierkant und einer Schraube, die f\u00fcr Schrauben an einem US-Box-Geh\u00e4use geeignet ist, um eine Finne auf einem Board zu installieren. Diese Elemente sind aus Edelstahl gefertigt, um eine bessere Best\u00e4ndigkeit gegen Wasser, Sand und Salz zu gew\u00e4hrleisten. Das Schraubsystem ist manuell und erfordert keinen Schraubendreher, um die Bedienung zu erleichtern. [&hellip;]<\/p>\n","protected":false},"featured_media":116446,"template":"","meta":{"_acf_changed":false,"_uag_custom_page_level_css":""},"product_brand":[],"product_cat":[2812],"product_tag":[],"class_list":{"0":"post-116441","1":"product","2":"type-product","3":"status-publish","4":"has-post-thumbnail","6":"product_cat-paddel-zubehor","8":"first","9":"instock","10":"taxable","11":"shipping-taxable","12":"purchasable","13":"product-type-simple"},"acf":[],"yoast_head":"<!-- This site is optimized with the Yoast SEO plugin v25.1 - https:\/\/yoast.com\/wordpress\/plugins\/seo\/ -->\n<title>Vierkant und Schraube f\u00fcr Finne US Box - SROKA Company<\/title>\n<meta name=\"description\" content=\"Vierkant- und Finnenschraube mit US-Box-Geh\u00e4use. Entdecken Sie unser Sortiment an hochwertigem Zubeh\u00f6r zum besten Preis, um Ihre Sitzungen zu genie\u00dfen!\" \/>\n<meta name=\"robots\" content=\"noindex, follow, max-snippet:-1, max-image-preview:large, max-video-preview:-1\" \/>\n<meta property=\"og:locale\" content=\"de_DE\" \/>\n<meta property=\"og:type\" content=\"article\" \/>\n<meta property=\"og:title\" content=\"Vierkant und Schraube f\u00fcr Finne US Box - SROKA Company\" \/>\n<meta property=\"og:description\" content=\"Vierkant- und Finnenschraube mit US-Box-Geh\u00e4use. Entdecken Sie unser Sortiment an hochwertigem Zubeh\u00f6r zum besten Preis, um Ihre Sitzungen zu genie\u00dfen!\" \/>\n<meta property=\"og:url\" content=\"https:\/\/staging.srokafinal.lets-preprod.com\/de\/produit\/vierkant-und-schrauben-fuer-finne\/\" \/>\n<meta property=\"og:site_name\" content=\"SROKA Company\" \/>\n<meta property=\"article:publisher\" content=\"https:\/\/www.facebook.com\/srokawatersports\/\" \/>\n<meta property=\"article:modified_time\" content=\"2024-05-30T09:11:41+00:00\" \/>\n<meta property=\"og:image\" content=\"https:\/\/staging.srokafinal.lets-preprod.com\/wp-content\/uploads\/2019\/09\/carre\u0301-et-vis-aileron-US-box-Sroka.jpg\" \/>\n\t<meta property=\"og:image:width\" content=\"780\" \/>\n\t<meta property=\"og:image:height\" content=\"1040\" \/>\n\t<meta property=\"og:image:type\" content=\"image\/jpeg\" \/>\n<script type=\"application\/ld+json\" class=\"yoast-schema-graph\">{\"@context\":\"https:\/\/schema.org\",\"@graph\":[{\"@type\":\"WebPage\",\"@id\":\"https:\/\/staging.srokafinal.lets-preprod.com\/de\/produit\/vierkant-und-schrauben-fuer-finne\/\",\"url\":\"https:\/\/staging.srokafinal.lets-preprod.com\/de\/produit\/vierkant-und-schrauben-fuer-finne\/\",\"name\":\"Vierkant und Schraube f\u00fcr Finne US Box - SROKA Company\",\"isPartOf\":{\"@id\":\"https:\/\/staging.srokafinal.lets-preprod.com\/de\/#website\"},\"primaryImageOfPage\":{\"@id\":\"https:\/\/staging.srokafinal.lets-preprod.com\/de\/produit\/vierkant-und-schrauben-fuer-finne\/#primaryimage\"},\"image\":{\"@id\":\"https:\/\/staging.srokafinal.lets-preprod.com\/de\/produit\/vierkant-und-schrauben-fuer-finne\/#primaryimage\"},\"thumbnailUrl\":\"https:\/\/staging.srokafinal.lets-preprod.com\/wp-content\/uploads\/2019\/09\/carre\u0301-et-vis-aileron-US-box-Sroka.jpg\",\"datePublished\":\"2019-09-09T10:52:06+00:00\",\"dateModified\":\"2024-05-30T09:11:41+00:00\",\"description\":\"Vierkant- und Finnenschraube mit US-Box-Geh\u00e4use. Entdecken Sie unser Sortiment an hochwertigem Zubeh\u00f6r zum besten Preis, um Ihre Sitzungen zu genie\u00dfen!\",\"breadcrumb\":{\"@id\":\"https:\/\/staging.srokafinal.lets-preprod.com\/de\/produit\/vierkant-und-schrauben-fuer-finne\/#breadcrumb\"},\"inLanguage\":\"de\",\"potentialAction\":[{\"@type\":\"ReadAction\",\"target\":[\"https:\/\/staging.srokafinal.lets-preprod.com\/de\/produit\/vierkant-und-schrauben-fuer-finne\/\"]}]},{\"@type\":\"ImageObject\",\"inLanguage\":\"de\",\"@id\":\"https:\/\/staging.srokafinal.lets-preprod.com\/de\/produit\/vierkant-und-schrauben-fuer-finne\/#primaryimage\",\"url\":\"https:\/\/staging.srokafinal.lets-preprod.com\/wp-content\/uploads\/2019\/09\/carre\u0301-et-vis-aileron-US-box-Sroka.jpg\",\"contentUrl\":\"https:\/\/staging.srokafinal.lets-preprod.com\/wp-content\/uploads\/2019\/09\/carre\u0301-et-vis-aileron-US-box-Sroka.jpg\",\"width\":780,\"height\":1040},{\"@type\":\"BreadcrumbList\",\"@id\":\"https:\/\/staging.srokafinal.lets-preprod.com\/de\/produit\/vierkant-und-schrauben-fuer-finne\/#breadcrumb\",\"itemListElement\":[{\"@type\":\"ListItem\",\"position\":1,\"name\":\"Accueil\",\"item\":\"https:\/\/staging.srokafinal.lets-preprod.com\/de\/\"},{\"@type\":\"ListItem\",\"position\":2,\"name\":\"Boutique\",\"item\":\"https:\/\/staging.srokafinal.lets-preprod.com\/boutique\/\"},{\"@type\":\"ListItem\",\"position\":3,\"name\":\"Vierkant und Schrauben f\u00fcr Finne\"}]},{\"@type\":\"WebSite\",\"@id\":\"https:\/\/staging.srokafinal.lets-preprod.com\/de\/#website\",\"url\":\"https:\/\/staging.srokafinal.lets-preprod.com\/de\/\",\"name\":\"SROKA Company\",\"description\":\"SUP, Kite, Foil, Wing\",\"publisher\":{\"@id\":\"https:\/\/staging.srokafinal.lets-preprod.com\/de\/#organization\"},\"potentialAction\":[{\"@type\":\"SearchAction\",\"target\":{\"@type\":\"EntryPoint\",\"urlTemplate\":\"https:\/\/staging.srokafinal.lets-preprod.com\/de\/?s={search_term_string}\"},\"query-input\":{\"@type\":\"PropertyValueSpecification\",\"valueRequired\":true,\"valueName\":\"search_term_string\"}}],\"inLanguage\":\"de\"},{\"@type\":\"Organization\",\"@id\":\"https:\/\/staging.srokafinal.lets-preprod.com\/de\/#organization\",\"name\":\"SROKACOMPANY\",\"alternateName\":\"SROKA\",\"url\":\"https:\/\/staging.srokafinal.lets-preprod.com\/de\/\",\"logo\":{\"@type\":\"ImageObject\",\"inLanguage\":\"de\",\"@id\":\"https:\/\/staging.srokafinal.lets-preprod.com\/de\/#\/schema\/logo\/image\/\",\"url\":\"https:\/\/staging.srokafinal.lets-preprod.com\/wp-content\/uploads\/2021\/01\/logo-sroka-black-transpa.png\",\"contentUrl\":\"https:\/\/staging.srokafinal.lets-preprod.com\/wp-content\/uploads\/2021\/01\/logo-sroka-black-transpa.png\",\"width\":1201,\"height\":342,\"caption\":\"SROKACOMPANY\"},\"image\":{\"@id\":\"https:\/\/staging.srokafinal.lets-preprod.com\/de\/#\/schema\/logo\/image\/\"},\"sameAs\":[\"https:\/\/www.facebook.com\/srokawatersports\/\",\"https:\/\/www.instagram.com\/srokawatersports\/\",\"https:\/\/www.youtube.com\/channel\/UCVLHHeaPIm-J5bdEUgxqtZA\"]}]}<\/script>\n<!-- \/ Yoast SEO plugin. -->","yoast_head_json":{"title":"Vierkant und Schraube f\u00fcr Finne US Box - SROKA Company","description":"Vierkant- und Finnenschraube mit US-Box-Geh\u00e4use. Entdecken Sie unser Sortiment an hochwertigem Zubeh\u00f6r zum besten Preis, um Ihre Sitzungen zu genie\u00dfen!","robots":{"index":"noindex","follow":"follow","max-snippet":"max-snippet:-1","max-image-preview":"max-image-preview:large","max-video-preview":"max-video-preview:-1"},"og_locale":"de_DE","og_type":"article","og_title":"Vierkant und Schraube f\u00fcr Finne US Box - SROKA Company","og_description":"Vierkant- und Finnenschraube mit US-Box-Geh\u00e4use. Entdecken Sie unser Sortiment an hochwertigem Zubeh\u00f6r zum besten Preis, um Ihre Sitzungen zu genie\u00dfen!","og_url":"https:\/\/staging.srokafinal.lets-preprod.com\/de\/produit\/vierkant-und-schrauben-fuer-finne\/","og_site_name":"SROKA Company","article_publisher":"https:\/\/www.facebook.com\/srokawatersports\/","article_modified_time":"2024-05-30T09:11:41+00:00","og_image":[{"width":780,"height":1040,"url":"https:\/\/staging.srokafinal.lets-preprod.com\/wp-content\/uploads\/2019\/09\/carre\u0301-et-vis-aileron-US-box-Sroka.jpg","type":"image\/jpeg"}],"schema":{"@context":"https:\/\/schema.org","@graph":[{"@type":"WebPage","@id":"https:\/\/staging.srokafinal.lets-preprod.com\/de\/produit\/vierkant-und-schrauben-fuer-finne\/","url":"https:\/\/staging.srokafinal.lets-preprod.com\/de\/produit\/vierkant-und-schrauben-fuer-finne\/","name":"Vierkant und Schraube f\u00fcr Finne US Box - SROKA Company","isPartOf":{"@id":"https:\/\/staging.srokafinal.lets-preprod.com\/de\/#website"},"primaryImageOfPage":{"@id":"https:\/\/staging.srokafinal.lets-preprod.com\/de\/produit\/vierkant-und-schrauben-fuer-finne\/#primaryimage"},"image":{"@id":"https:\/\/staging.srokafinal.lets-preprod.com\/de\/produit\/vierkant-und-schrauben-fuer-finne\/#primaryimage"},"thumbnailUrl":"https:\/\/staging.srokafinal.lets-preprod.com\/wp-content\/uploads\/2019\/09\/carre\u0301-et-vis-aileron-US-box-Sroka.jpg","datePublished":"2019-09-09T10:52:06+00:00","dateModified":"2024-05-30T09:11:41+00:00","description":"Vierkant- und Finnenschraube mit US-Box-Geh\u00e4use. Entdecken Sie unser Sortiment an hochwertigem Zubeh\u00f6r zum besten Preis, um Ihre Sitzungen zu genie\u00dfen!","breadcrumb":{"@id":"https:\/\/staging.srokafinal.lets-preprod.com\/de\/produit\/vierkant-und-schrauben-fuer-finne\/#breadcrumb"},"inLanguage":"de","potentialAction":[{"@type":"ReadAction","target":["https:\/\/staging.srokafinal.lets-preprod.com\/de\/produit\/vierkant-und-schrauben-fuer-finne\/"]}]},{"@type":"ImageObject","inLanguage":"de","@id":"https:\/\/staging.srokafinal.lets-preprod.com\/de\/produit\/vierkant-und-schrauben-fuer-finne\/#primaryimage","url":"https:\/\/staging.srokafinal.lets-preprod.com\/wp-content\/uploads\/2019\/09\/carre\u0301-et-vis-aileron-US-box-Sroka.jpg","contentUrl":"https:\/\/staging.srokafinal.lets-preprod.com\/wp-content\/uploads\/2019\/09\/carre\u0301-et-vis-aileron-US-box-Sroka.jpg","width":780,"height":1040},{"@type":"BreadcrumbList","@id":"https:\/\/staging.srokafinal.lets-preprod.com\/de\/produit\/vierkant-und-schrauben-fuer-finne\/#breadcrumb","itemListElement":[{"@type":"ListItem","position":1,"name":"Accueil","item":"https:\/\/staging.srokafinal.lets-preprod.com\/de\/"},{"@type":"ListItem","position":2,"name":"Boutique","item":"https:\/\/staging.srokafinal.lets-preprod.com\/boutique\/"},{"@type":"ListItem","position":3,"name":"Vierkant und Schrauben f\u00fcr Finne"}]},{"@type":"WebSite","@id":"https:\/\/staging.srokafinal.lets-preprod.com\/de\/#website","url":"https:\/\/staging.srokafinal.lets-preprod.com\/de\/","name":"SROKA Company","description":"SUP, Kite, Foil, Wing","publisher":{"@id":"https:\/\/staging.srokafinal.lets-preprod.com\/de\/#organization"},"potentialAction":[{"@type":"SearchAction","target":{"@type":"EntryPoint","urlTemplate":"https:\/\/staging.srokafinal.lets-preprod.com\/de\/?s={search_term_string}"},"query-input":{"@type":"PropertyValueSpecification","valueRequired":true,"valueName":"search_term_string"}}],"inLanguage":"de"},{"@type":"Organization","@id":"https:\/\/staging.srokafinal.lets-preprod.com\/de\/#organization","name":"SROKACOMPANY","alternateName":"SROKA","url":"https:\/\/staging.srokafinal.lets-preprod.com\/de\/","logo":{"@type":"ImageObject","inLanguage":"de","@id":"https:\/\/staging.srokafinal.lets-preprod.com\/de\/#\/schema\/logo\/image\/","url":"https:\/\/staging.srokafinal.lets-preprod.com\/wp-content\/uploads\/2021\/01\/logo-sroka-black-transpa.png","contentUrl":"https:\/\/staging.srokafinal.lets-preprod.com\/wp-content\/uploads\/2021\/01\/logo-sroka-black-transpa.png","width":1201,"height":342,"caption":"SROKACOMPANY"},"image":{"@id":"https:\/\/staging.srokafinal.lets-preprod.com\/de\/#\/schema\/logo\/image\/"},"sameAs":["https:\/\/www.facebook.com\/srokawatersports\/","https:\/\/www.instagram.com\/srokawatersports\/","https:\/\/www.youtube.com\/channel\/UCVLHHeaPIm-J5bdEUgxqtZA"]}]}},"uagb_featured_image_src":{"full":["https:\/\/staging.srokafinal.lets-preprod.com\/wp-content\/uploads\/2019\/09\/carre\u0301-et-vis-aileron-US-box-Sroka.jpg",780,1040,false],"thumbnail":["https:\/\/staging.srokafinal.lets-preprod.com\/wp-content\/uploads\/2019\/09\/carre\u0301-et-vis-aileron-US-box-Sroka-150x150.jpg",150,150,true],"medium":["https:\/\/staging.srokafinal.lets-preprod.com\/wp-content\/uploads\/2019\/09\/carre\u0301-et-vis-aileron-US-box-Sroka-225x300.jpg",225,300,true],"medium_large":["https:\/\/staging.srokafinal.lets-preprod.com\/wp-content\/uploads\/2019\/09\/carre\u0301-et-vis-aileron-US-box-Sroka-768x1024.jpg",768,1024,true],"large":["https:\/\/staging.srokafinal.lets-preprod.com\/wp-content\/uploads\/2019\/09\/carre\u0301-et-vis-aileron-US-box-Sroka-768x1024.jpg",768,1024,true],"1536x1536":["https:\/\/staging.srokafinal.lets-preprod.com\/wp-content\/uploads\/2019\/09\/carre\u0301-et-vis-aileron-US-box-Sroka.jpg",780,1040,false],"2048x2048":["https:\/\/staging.srokafinal.lets-preprod.com\/wp-content\/uploads\/2019\/09\/carre\u0301-et-vis-aileron-US-box-Sroka.jpg",780,1040,false],"woocommerce_thumbnail":["https:\/\/staging.srokafinal.lets-preprod.com\/wp-content\/uploads\/2019\/09\/carre\u0301-et-vis-aileron-US-box-Sroka-600x800.jpg",600,800,true],"woocommerce_single":["https:\/\/staging.srokafinal.lets-preprod.com\/wp-content\/uploads\/2019\/09\/carre\u0301-et-vis-aileron-US-box-Sroka-600x800.jpg",600,800,true],"woocommerce_gallery_thumbnail":["https:\/\/staging.srokafinal.lets-preprod.com\/wp-content\/uploads\/2019\/09\/carre\u0301-et-vis-aileron-US-box-Sroka-100x100.jpg",100,100,true]},"uagb_author_info":{"display_name":"","author_link":"https:\/\/staging.srokafinal.lets-preprod.com\/de\/blog\/author\/"},"uagb_comment_info":0,"uagb_excerpt":"Dieses Produkt besteht aus einem Vierkant und einer Schraube, die f\u00fcr Schrauben an einem US-Box-Geh\u00e4use geeignet ist, um eine Finne auf einem Board zu installieren. Diese Elemente sind aus Edelstahl gefertigt, um eine bessere Best\u00e4ndigkeit gegen Wasser, Sand und Salz zu gew\u00e4hrleisten. Das Schraubsystem ist manuell und erfordert keinen Schraubendreher, um die Bedienung zu erleichtern.&hellip;","_links":{"self":[{"href":"https:\/\/staging.srokafinal.lets-preprod.com\/de\/wp-json\/wp\/v2\/product\/116441","targetHints":{"allow":["GET"]}}],"collection":[{"href":"https:\/\/staging.srokafinal.lets-preprod.com\/de\/wp-json\/wp\/v2\/product"}],"about":[{"href":"https:\/\/staging.srokafinal.lets-preprod.com\/de\/wp-json\/wp\/v2\/types\/product"}],"wp:featuredmedia":[{"embeddable":true,"href":"https:\/\/staging.srokafinal.lets-preprod.com\/de\/wp-json\/wp\/v2\/media\/116446"}],"wp:attachment":[{"href":"https:\/\/staging.srokafinal.lets-preprod.com\/de\/wp-json\/wp\/v2\/media?parent=116441"}],"wp:term":[{"taxonomy":"product_brand","embeddable":true,"href":"https:\/\/staging.srokafinal.lets-preprod.com\/de\/wp-json\/wp\/v2\/product_brand?post=116441"},{"taxonomy":"product_cat","embeddable":true,"href":"https:\/\/staging.srokafinal.lets-preprod.com\/de\/wp-json\/wp\/v2\/product_cat?post=116441"},{"taxonomy":"product_tag","embeddable":true,"href":"https:\/\/staging.srokafinal.lets-preprod.com\/de\/wp-json\/wp\/v2\/product_tag?post=116441"}],"curies":[{"name":"wp","href":"https:\/\/api.w.org\/{rel}","templated":true}]}}