


{"id":116540,"date":"2023-02-24T14:44:04","date_gmt":"2023-02-24T12:44:04","guid":{"rendered":"https:\/\/srokacompany.com\/produit\/s-foil-high-aspect-1190-wave\/"},"modified":"2024-05-30T09:15:06","modified_gmt":"2024-05-30T09:15:06","slug":"s-foil-high-aspect-1190-wave","status":"publish","type":"product","link":"https:\/\/staging.srokafinal.lets-preprod.com\/de\/produit\/s-foil-high-aspect-1190-wave\/","title":{"rendered":"S-Foil High Aspect 1190 Wave"},"content":{"rendered":"<hr>\n<div class=\"group w-full text-gray-800 dark:text-gray-100 border-b border-black\/10 dark:border-gray-900\/50 bg-gray-50 dark:bg-[#444654]\">\n<div class=\"flex p-4 gap-4 text-base md:gap-6 md:max-w-2xl lg:max-w-[38rem] xl:max-w-3xl md:py-6 lg:px-0 m-auto\">\n<div class=\"relative flex w-[calc(100%-50px)] flex-col gap-1 md:gap-3 lg:w-[calc(100%-115px)]\">\n<div class=\"flex flex-grow flex-col gap-3\">\n<div class=\"min-h-[20px] flex items-start overflow-x-auto whitespace-pre-wrap break-words flex-col gap-4\">\n<div class=\"markdown prose w-full break-words dark:prose-invert light\">\n<p><strong>Flex Control: Ein neuer Weg zur Optimierung der Pumpeneffizienz.<\/strong><\/p>\n<p>Nach zahlreichen Prototypen und monatelanger Forschung und Entwicklung haben wir verschiedene Techniken, wie z.B. sorgf\u00e4ltige Materialauswahl, strategische Anordnung der Carbonschichten, gezielte Verteilung von Verst\u00e4rkungen und pr\u00e4zises Profildesign, eingesetzt, um  <strong>Kontrollieren Sie den Flex des Frontfl\u00fcgels<\/strong>, wodurch ein Profil  <strong>wie beim 1190 Speed<\/strong>, jedoch mit gr\u00f6\u00dferer Flexibilit\u00e4t f\u00fcr eine h\u00f6here Pumpeffizienz.<\/p>\n<p>Dies ist ein idealer Kompromiss, um <strong>das Beste aus kleinen und mittleren Wellen herauszuholen und<\/strong> gleichzeitig <strong>Ihre Ausdauer<\/strong> zwischen den Wellen zu erhalten und ein hohes Saugverm\u00f6gen aufrechtzuerhalten.<\/p>\n<p><a href=\"https:\/\/srokacompany.com\/produit\/aile-avant-1190-waves\/\">Fl\u00fcgel allein hier.<\/a><\/p>\n<\/div>\n<\/div>\n<\/div>\n<div class=\"flex justify-between lg:block\">\n<div class=\"text-gray-400 flex self-end lg:self-center justify-center mt-2 gap-2 md:gap-3 lg:gap-1 lg:absolute lg:top-0 lg:translate-x-full lg:right-0 lg:mt-0 lg:pl-2 visible\">Entdecken Sie unseren Artikel <a href=\"https:\/\/srokacompany.com\/2022\/05\/comment-rendre-son-foil-plus-maniable\/\">dar\u00fcber, wie Sie Ihr Foil wendiger machen k\u00f6nnen<\/a>.<\/div>\n<\/div>\n<\/div>\n<\/div>\n<\/div>\n","protected":false},"excerpt":{"rendered":"<p>Flex Control: Ein neuer Weg zur Optimierung der Pumpeneffizienz. Nach zahlreichen Prototypen und monatelanger Forschung und Entwicklung haben wir verschiedene Techniken, wie z.B. sorgf\u00e4ltige Materialauswahl, strategische Anordnung der Carbonschichten, gezielte Verteilung von Verst\u00e4rkungen und pr\u00e4zises Profildesign, eingesetzt, um Kontrollieren Sie den Flex des Frontfl\u00fcgels, wodurch ein Profil wie beim 1190 Speed, jedoch mit gr\u00f6\u00dferer Flexibilit\u00e4t [&hellip;]<\/p>\n","protected":false},"featured_media":116568,"template":"","meta":{"_acf_changed":false,"_uag_custom_page_level_css":""},"product_brand":[],"product_cat":[2784,2781,2789,2783,2956],"product_tag":[],"class_list":{"0":"post-116540","1":"product","2":"type-product","3":"status-publish","4":"has-post-thumbnail","6":"product_cat-flugel-foil","7":"product_cat-folie","8":"product_cat-alle-unsere-high-aspect-folien","9":"product_cat-surf-folie","10":"product_cat-foils-surf-foil-de","11":"product_shipping_class-komplettes-foil-oder-ersatzteile-flugeleinheit","12":"pa_longueur-du-fuselage-56cm","13":"pa_longueur-du-fuselage-2011","14":"pa_longueur-du-fuselage-2012","15":"pa_surface-du-stabilisateur-2007","16":"pa_surface-du-stabilisateur-2008","17":"pa_surface-du-stabilisateur-2009","18":"pa_taille-du-mat-70cm","19":"pa_taille-du-mat-80cm","20":"pa_taille-du-mat-90cm","22":"first","23":"instock","24":"taxable","25":"shipping-taxable","26":"purchasable","27":"product-type-variable","28":"has-default-attributes"},"acf":[],"yoast_head":"<!-- This site is optimized with the Yoast SEO plugin v25.1 - https:\/\/yoast.com\/wordpress\/plugins\/seo\/ -->\n<title>Folie Sroka 1190 Wellen | Surf Foil | SROKA Company<\/title>\n<meta name=\"description\" content=\"Schneller und reaktionsschneller Surf-Foil-Kite, Flex-Kontrolle f\u00fcr erh\u00f6hte Pumpeffizienz. Ideal f\u00fcr kleine und mittlere Wellen.\" \/>\n<meta name=\"robots\" content=\"noindex, follow, max-snippet:-1, max-image-preview:large, max-video-preview:-1\" \/>\n<meta property=\"og:locale\" content=\"de_DE\" \/>\n<meta property=\"og:type\" content=\"article\" \/>\n<meta property=\"og:title\" content=\"Folie Sroka 1190 Wellen | Surf Foil | SROKA Company\" \/>\n<meta property=\"og:description\" content=\"Schneller und reaktionsschneller Surf-Foil-Kite, Flex-Kontrolle f\u00fcr erh\u00f6hte Pumpeffizienz. Ideal f\u00fcr kleine und mittlere Wellen.\" \/>\n<meta property=\"og:url\" content=\"https:\/\/staging.srokafinal.lets-preprod.com\/de\/produit\/s-foil-high-aspect-1190-wave\/\" \/>\n<meta property=\"og:site_name\" content=\"SROKA Company\" \/>\n<meta property=\"article:publisher\" content=\"https:\/\/www.facebook.com\/srokawatersports\/\" \/>\n<meta property=\"article:modified_time\" content=\"2024-05-30T09:15:06+00:00\" \/>\n<meta property=\"og:image\" content=\"https:\/\/staging.srokafinal.lets-preprod.com\/wp-content\/uploads\/2023\/02\/1190-Wave-1.png\" \/>\n\t<meta property=\"og:image:width\" content=\"740\" \/>\n\t<meta property=\"og:image:height\" content=\"1080\" \/>\n\t<meta property=\"og:image:type\" content=\"image\/png\" \/>\n<meta name=\"twitter:label1\" content=\"Gesch\u00e4tzte Lesezeit\" \/>\n\t<meta name=\"twitter:data1\" content=\"1\u00a0Minute\" \/>\n<script type=\"application\/ld+json\" class=\"yoast-schema-graph\">{\"@context\":\"https:\/\/schema.org\",\"@graph\":[{\"@type\":\"WebPage\",\"@id\":\"https:\/\/staging.srokafinal.lets-preprod.com\/de\/produit\/s-foil-high-aspect-1190-wave\/\",\"url\":\"https:\/\/staging.srokafinal.lets-preprod.com\/de\/produit\/s-foil-high-aspect-1190-wave\/\",\"name\":\"Folie Sroka 1190 Wellen | Surf Foil | SROKA Company\",\"isPartOf\":{\"@id\":\"https:\/\/staging.srokafinal.lets-preprod.com\/de\/#website\"},\"primaryImageOfPage\":{\"@id\":\"https:\/\/staging.srokafinal.lets-preprod.com\/de\/produit\/s-foil-high-aspect-1190-wave\/#primaryimage\"},\"image\":{\"@id\":\"https:\/\/staging.srokafinal.lets-preprod.com\/de\/produit\/s-foil-high-aspect-1190-wave\/#primaryimage\"},\"thumbnailUrl\":\"https:\/\/staging.srokafinal.lets-preprod.com\/wp-content\/uploads\/2023\/02\/1190-Wave-1.png\",\"datePublished\":\"2023-02-24T12:44:04+00:00\",\"dateModified\":\"2024-05-30T09:15:06+00:00\",\"description\":\"Schneller und reaktionsschneller Surf-Foil-Kite, Flex-Kontrolle f\u00fcr erh\u00f6hte Pumpeffizienz. Ideal f\u00fcr kleine und mittlere Wellen.\",\"breadcrumb\":{\"@id\":\"https:\/\/staging.srokafinal.lets-preprod.com\/de\/produit\/s-foil-high-aspect-1190-wave\/#breadcrumb\"},\"inLanguage\":\"de\",\"potentialAction\":[{\"@type\":\"ReadAction\",\"target\":[\"https:\/\/staging.srokafinal.lets-preprod.com\/de\/produit\/s-foil-high-aspect-1190-wave\/\"]}]},{\"@type\":\"ImageObject\",\"inLanguage\":\"de\",\"@id\":\"https:\/\/staging.srokafinal.lets-preprod.com\/de\/produit\/s-foil-high-aspect-1190-wave\/#primaryimage\",\"url\":\"https:\/\/staging.srokafinal.lets-preprod.com\/wp-content\/uploads\/2023\/02\/1190-Wave-1.png\",\"contentUrl\":\"https:\/\/staging.srokafinal.lets-preprod.com\/wp-content\/uploads\/2023\/02\/1190-Wave-1.png\",\"width\":740,\"height\":1080},{\"@type\":\"BreadcrumbList\",\"@id\":\"https:\/\/staging.srokafinal.lets-preprod.com\/de\/produit\/s-foil-high-aspect-1190-wave\/#breadcrumb\",\"itemListElement\":[{\"@type\":\"ListItem\",\"position\":1,\"name\":\"Accueil\",\"item\":\"https:\/\/staging.srokafinal.lets-preprod.com\/de\/\"},{\"@type\":\"ListItem\",\"position\":2,\"name\":\"Boutique\",\"item\":\"https:\/\/staging.srokafinal.lets-preprod.com\/boutique\/\"},{\"@type\":\"ListItem\",\"position\":3,\"name\":\"S-Foil High Aspect 1190 Wave\"}]},{\"@type\":\"WebSite\",\"@id\":\"https:\/\/staging.srokafinal.lets-preprod.com\/de\/#website\",\"url\":\"https:\/\/staging.srokafinal.lets-preprod.com\/de\/\",\"name\":\"SROKA Company\",\"description\":\"SUP, Kite, Foil, Wing\",\"publisher\":{\"@id\":\"https:\/\/staging.srokafinal.lets-preprod.com\/de\/#organization\"},\"potentialAction\":[{\"@type\":\"SearchAction\",\"target\":{\"@type\":\"EntryPoint\",\"urlTemplate\":\"https:\/\/staging.srokafinal.lets-preprod.com\/de\/?s={search_term_string}\"},\"query-input\":{\"@type\":\"PropertyValueSpecification\",\"valueRequired\":true,\"valueName\":\"search_term_string\"}}],\"inLanguage\":\"de\"},{\"@type\":\"Organization\",\"@id\":\"https:\/\/staging.srokafinal.lets-preprod.com\/de\/#organization\",\"name\":\"SROKACOMPANY\",\"alternateName\":\"SROKA\",\"url\":\"https:\/\/staging.srokafinal.lets-preprod.com\/de\/\",\"logo\":{\"@type\":\"ImageObject\",\"inLanguage\":\"de\",\"@id\":\"https:\/\/staging.srokafinal.lets-preprod.com\/de\/#\/schema\/logo\/image\/\",\"url\":\"https:\/\/staging.srokafinal.lets-preprod.com\/wp-content\/uploads\/2021\/01\/logo-sroka-black-transpa.png\",\"contentUrl\":\"https:\/\/staging.srokafinal.lets-preprod.com\/wp-content\/uploads\/2021\/01\/logo-sroka-black-transpa.png\",\"width\":1201,\"height\":342,\"caption\":\"SROKACOMPANY\"},\"image\":{\"@id\":\"https:\/\/staging.srokafinal.lets-preprod.com\/de\/#\/schema\/logo\/image\/\"},\"sameAs\":[\"https:\/\/www.facebook.com\/srokawatersports\/\",\"https:\/\/www.instagram.com\/srokawatersports\/\",\"https:\/\/www.youtube.com\/channel\/UCVLHHeaPIm-J5bdEUgxqtZA\"]}]}<\/script>\n<!-- \/ Yoast SEO plugin. -->","yoast_head_json":{"title":"Folie Sroka 1190 Wellen | Surf Foil | SROKA Company","description":"Schneller und reaktionsschneller Surf-Foil-Kite, Flex-Kontrolle f\u00fcr erh\u00f6hte Pumpeffizienz. Ideal f\u00fcr kleine und mittlere Wellen.","robots":{"index":"noindex","follow":"follow","max-snippet":"max-snippet:-1","max-image-preview":"max-image-preview:large","max-video-preview":"max-video-preview:-1"},"og_locale":"de_DE","og_type":"article","og_title":"Folie Sroka 1190 Wellen | Surf Foil | SROKA Company","og_description":"Schneller und reaktionsschneller Surf-Foil-Kite, Flex-Kontrolle f\u00fcr erh\u00f6hte Pumpeffizienz. Ideal f\u00fcr kleine und mittlere Wellen.","og_url":"https:\/\/staging.srokafinal.lets-preprod.com\/de\/produit\/s-foil-high-aspect-1190-wave\/","og_site_name":"SROKA Company","article_publisher":"https:\/\/www.facebook.com\/srokawatersports\/","article_modified_time":"2024-05-30T09:15:06+00:00","og_image":[{"width":740,"height":1080,"url":"https:\/\/staging.srokafinal.lets-preprod.com\/wp-content\/uploads\/2023\/02\/1190-Wave-1.png","type":"image\/png"}],"twitter_misc":{"Gesch\u00e4tzte Lesezeit":"1\u00a0Minute"},"schema":{"@context":"https:\/\/schema.org","@graph":[{"@type":"WebPage","@id":"https:\/\/staging.srokafinal.lets-preprod.com\/de\/produit\/s-foil-high-aspect-1190-wave\/","url":"https:\/\/staging.srokafinal.lets-preprod.com\/de\/produit\/s-foil-high-aspect-1190-wave\/","name":"Folie Sroka 1190 Wellen | Surf Foil | SROKA Company","isPartOf":{"@id":"https:\/\/staging.srokafinal.lets-preprod.com\/de\/#website"},"primaryImageOfPage":{"@id":"https:\/\/staging.srokafinal.lets-preprod.com\/de\/produit\/s-foil-high-aspect-1190-wave\/#primaryimage"},"image":{"@id":"https:\/\/staging.srokafinal.lets-preprod.com\/de\/produit\/s-foil-high-aspect-1190-wave\/#primaryimage"},"thumbnailUrl":"https:\/\/staging.srokafinal.lets-preprod.com\/wp-content\/uploads\/2023\/02\/1190-Wave-1.png","datePublished":"2023-02-24T12:44:04+00:00","dateModified":"2024-05-30T09:15:06+00:00","description":"Schneller und reaktionsschneller Surf-Foil-Kite, Flex-Kontrolle f\u00fcr erh\u00f6hte Pumpeffizienz. Ideal f\u00fcr kleine und mittlere Wellen.","breadcrumb":{"@id":"https:\/\/staging.srokafinal.lets-preprod.com\/de\/produit\/s-foil-high-aspect-1190-wave\/#breadcrumb"},"inLanguage":"de","potentialAction":[{"@type":"ReadAction","target":["https:\/\/staging.srokafinal.lets-preprod.com\/de\/produit\/s-foil-high-aspect-1190-wave\/"]}]},{"@type":"ImageObject","inLanguage":"de","@id":"https:\/\/staging.srokafinal.lets-preprod.com\/de\/produit\/s-foil-high-aspect-1190-wave\/#primaryimage","url":"https:\/\/staging.srokafinal.lets-preprod.com\/wp-content\/uploads\/2023\/02\/1190-Wave-1.png","contentUrl":"https:\/\/staging.srokafinal.lets-preprod.com\/wp-content\/uploads\/2023\/02\/1190-Wave-1.png","width":740,"height":1080},{"@type":"BreadcrumbList","@id":"https:\/\/staging.srokafinal.lets-preprod.com\/de\/produit\/s-foil-high-aspect-1190-wave\/#breadcrumb","itemListElement":[{"@type":"ListItem","position":1,"name":"Accueil","item":"https:\/\/staging.srokafinal.lets-preprod.com\/de\/"},{"@type":"ListItem","position":2,"name":"Boutique","item":"https:\/\/staging.srokafinal.lets-preprod.com\/boutique\/"},{"@type":"ListItem","position":3,"name":"S-Foil High Aspect 1190 Wave"}]},{"@type":"WebSite","@id":"https:\/\/staging.srokafinal.lets-preprod.com\/de\/#website","url":"https:\/\/staging.srokafinal.lets-preprod.com\/de\/","name":"SROKA Company","description":"SUP, Kite, Foil, Wing","publisher":{"@id":"https:\/\/staging.srokafinal.lets-preprod.com\/de\/#organization"},"potentialAction":[{"@type":"SearchAction","target":{"@type":"EntryPoint","urlTemplate":"https:\/\/staging.srokafinal.lets-preprod.com\/de\/?s={search_term_string}"},"query-input":{"@type":"PropertyValueSpecification","valueRequired":true,"valueName":"search_term_string"}}],"inLanguage":"de"},{"@type":"Organization","@id":"https:\/\/staging.srokafinal.lets-preprod.com\/de\/#organization","name":"SROKACOMPANY","alternateName":"SROKA","url":"https:\/\/staging.srokafinal.lets-preprod.com\/de\/","logo":{"@type":"ImageObject","inLanguage":"de","@id":"https:\/\/staging.srokafinal.lets-preprod.com\/de\/#\/schema\/logo\/image\/","url":"https:\/\/staging.srokafinal.lets-preprod.com\/wp-content\/uploads\/2021\/01\/logo-sroka-black-transpa.png","contentUrl":"https:\/\/staging.srokafinal.lets-preprod.com\/wp-content\/uploads\/2021\/01\/logo-sroka-black-transpa.png","width":1201,"height":342,"caption":"SROKACOMPANY"},"image":{"@id":"https:\/\/staging.srokafinal.lets-preprod.com\/de\/#\/schema\/logo\/image\/"},"sameAs":["https:\/\/www.facebook.com\/srokawatersports\/","https:\/\/www.instagram.com\/srokawatersports\/","https:\/\/www.youtube.com\/channel\/UCVLHHeaPIm-J5bdEUgxqtZA"]}]}},"uagb_featured_image_src":{"full":["https:\/\/staging.srokafinal.lets-preprod.com\/wp-content\/uploads\/2023\/02\/1190-Wave-1.png",740,1080,false],"thumbnail":["https:\/\/staging.srokafinal.lets-preprod.com\/wp-content\/uploads\/2023\/02\/1190-Wave-1-150x150.png",150,150,true],"medium":["https:\/\/staging.srokafinal.lets-preprod.com\/wp-content\/uploads\/2023\/02\/1190-Wave-1-206x300.png",206,300,true],"medium_large":["https:\/\/staging.srokafinal.lets-preprod.com\/wp-content\/uploads\/2023\/02\/1190-Wave-1.png",740,1080,false],"large":["https:\/\/staging.srokafinal.lets-preprod.com\/wp-content\/uploads\/2023\/02\/1190-Wave-1-702x1024.png",702,1024,true],"1536x1536":["https:\/\/staging.srokafinal.lets-preprod.com\/wp-content\/uploads\/2023\/02\/1190-Wave-1.png",740,1080,false],"2048x2048":["https:\/\/staging.srokafinal.lets-preprod.com\/wp-content\/uploads\/2023\/02\/1190-Wave-1.png",740,1080,false],"woocommerce_thumbnail":["https:\/\/staging.srokafinal.lets-preprod.com\/wp-content\/uploads\/2023\/02\/1190-Wave-1-600x876.png",600,876,true],"woocommerce_single":["https:\/\/staging.srokafinal.lets-preprod.com\/wp-content\/uploads\/2023\/02\/1190-Wave-1-600x876.png",600,876,true],"woocommerce_gallery_thumbnail":["https:\/\/staging.srokafinal.lets-preprod.com\/wp-content\/uploads\/2023\/02\/1190-Wave-1-100x100.png",100,100,true]},"uagb_author_info":{"display_name":"emmanuel.d emmanuel.d","author_link":"https:\/\/staging.srokafinal.lets-preprod.com\/de\/blog\/author\/"},"uagb_comment_info":0,"uagb_excerpt":"Flex Control: Ein neuer Weg zur Optimierung der Pumpeneffizienz. Nach zahlreichen Prototypen und monatelanger Forschung und Entwicklung haben wir verschiedene Techniken, wie z.B. sorgf\u00e4ltige Materialauswahl, strategische Anordnung der Carbonschichten, gezielte Verteilung von Verst\u00e4rkungen und pr\u00e4zises Profildesign, eingesetzt, um Kontrollieren Sie den Flex des Frontfl\u00fcgels, wodurch ein Profil wie beim 1190 Speed, jedoch mit gr\u00f6\u00dferer Flexibilit\u00e4t&hellip;","_links":{"self":[{"href":"https:\/\/staging.srokafinal.lets-preprod.com\/de\/wp-json\/wp\/v2\/product\/116540","targetHints":{"allow":["GET"]}}],"collection":[{"href":"https:\/\/staging.srokafinal.lets-preprod.com\/de\/wp-json\/wp\/v2\/product"}],"about":[{"href":"https:\/\/staging.srokafinal.lets-preprod.com\/de\/wp-json\/wp\/v2\/types\/product"}],"wp:featuredmedia":[{"embeddable":true,"href":"https:\/\/staging.srokafinal.lets-preprod.com\/de\/wp-json\/wp\/v2\/media\/116568"}],"wp:attachment":[{"href":"https:\/\/staging.srokafinal.lets-preprod.com\/de\/wp-json\/wp\/v2\/media?parent=116540"}],"wp:term":[{"taxonomy":"product_brand","embeddable":true,"href":"https:\/\/staging.srokafinal.lets-preprod.com\/de\/wp-json\/wp\/v2\/product_brand?post=116540"},{"taxonomy":"product_cat","embeddable":true,"href":"https:\/\/staging.srokafinal.lets-preprod.com\/de\/wp-json\/wp\/v2\/product_cat?post=116540"},{"taxonomy":"product_tag","embeddable":true,"href":"https:\/\/staging.srokafinal.lets-preprod.com\/de\/wp-json\/wp\/v2\/product_tag?post=116540"}],"curies":[{"name":"wp","href":"https:\/\/api.w.org\/{rel}","templated":true}]}}