


{"id":116541,"date":"2023-04-14T14:38:03","date_gmt":"2023-04-14T12:38:03","guid":{"rendered":"https:\/\/srokacompany.com\/produit\/rohre-und-zentrallatten-sroka-wing-v3-v2\/"},"modified":"2024-11-05T12:38:41","modified_gmt":"2024-11-05T12:38:41","slug":"rohre-und-zentrallatten-sroka-wing-v3-v2","status":"publish","type":"product","link":"https:\/\/staging.srokafinal.lets-preprod.com\/de\/produit\/rohre-und-zentrallatten-sroka-wing-v3-v2\/","title":{"rendered":"Rohre und Zentrallatten &#8211; SROKA Wing V4 &amp; V3 &amp; V2"},"content":{"rendered":"<hr>\n<h2>Ersatz der Vorderkante und Mittellatte der Wings V2 und V3 und V4 f\u00fcr die Gr\u00f6\u00dfen.<\/h2>\n<p>Wir bieten Ersatzflansche f\u00fcr die <strong>SROKA V2 und V3 und V4<\/strong> Wing Foil Kites an. Ob f\u00fcr die Eintrittskante oder die Mittellatte, das ist es, was du brauchst, um <strong>deinen Schirm im Falle einer Reifenpanne oder eines Risses zu reparieren<\/strong>. Unsere Socken werden aus hochwertigen, widerstandsf\u00e4higen und langlebigen Materialien hergestellt. Sie sind einfach zu installieren.<\/p>\n<p>Verl\u00e4ngern Sie die Lebensdauer Ihres Schirms und gehen Sie mit Zuversicht wieder ins Wasser.<\/p>\n","protected":false},"excerpt":{"rendered":"<p>Ersatz der Vorderkante und Mittellatte der Wings V2 und V3 und V4 f\u00fcr die Gr\u00f6\u00dfen. Wir bieten Ersatzflansche f\u00fcr die SROKA V2 und V3 und V4 Wing Foil Kites an. Ob f\u00fcr die Eintrittskante oder die Mittellatte, das ist es, was du brauchst, um deinen Schirm im Falle einer Reifenpanne oder eines Risses zu reparieren. [&hellip;]<\/p>\n","protected":false},"featured_media":116560,"template":"","meta":{"_acf_changed":false,"_uag_custom_page_level_css":""},"product_brand":[],"product_cat":[3162],"product_tag":[],"class_list":{"0":"post-116541","1":"product","2":"type-product","3":"status-publish","4":"has-post-thumbnail","6":"product_cat-downwind-uha-reihe","7":"product_shipping_class-kleiner-versand","9":"first","10":"instock","11":"taxable","12":"shipping-taxable","13":"purchasable","14":"product-type-variable"},"acf":[],"yoast_head":"<!-- This site is optimized with the Yoast SEO plugin v25.1 - https:\/\/yoast.com\/wordpress\/plugins\/seo\/ -->\n<title>Rohre und Zentrallatten - SROKA Wing V4 &amp; V3 &amp; V2 - SROKA Company<\/title>\n<meta name=\"description\" content=\"Sroka Wing Foil Bladder: hochwertige Ersatzteile f\u00fcr V2 und V3 Kites. Reparieren Sie Ihren Schirm und gleiten Sie beruhigt. Bestellung bei der Firma Sroka.\" \/>\n<meta name=\"robots\" content=\"noindex, follow, max-snippet:-1, max-image-preview:large, max-video-preview:-1\" \/>\n<meta property=\"og:locale\" content=\"de_DE\" \/>\n<meta property=\"og:type\" content=\"article\" \/>\n<meta property=\"og:title\" content=\"Rohre und Zentrallatten - SROKA Wing V4 &amp; V3 &amp; V2 - SROKA Company\" \/>\n<meta property=\"og:description\" content=\"Sroka Wing Foil Bladder: hochwertige Ersatzteile f\u00fcr V2 und V3 Kites. Reparieren Sie Ihren Schirm und gleiten Sie beruhigt. Bestellung bei der Firma Sroka.\" \/>\n<meta property=\"og:url\" content=\"https:\/\/staging.srokafinal.lets-preprod.com\/de\/produit\/rohre-und-zentrallatten-sroka-wing-v3-v2\/\" \/>\n<meta property=\"og:site_name\" content=\"SROKA Company\" \/>\n<meta property=\"article:publisher\" content=\"https:\/\/www.facebook.com\/srokawatersports\/\" \/>\n<meta property=\"article:modified_time\" content=\"2024-11-05T12:38:41+00:00\" \/>\n<meta property=\"og:image\" content=\"https:\/\/staging.srokafinal.lets-preprod.com\/wp-content\/uploads\/2023\/04\/bladder-wing-boudin-photo-produit.png\" \/>\n\t<meta property=\"og:image:width\" content=\"740\" \/>\n\t<meta property=\"og:image:height\" content=\"1080\" \/>\n\t<meta property=\"og:image:type\" content=\"image\/png\" \/>\n<script type=\"application\/ld+json\" class=\"yoast-schema-graph\">{\"@context\":\"https:\/\/schema.org\",\"@graph\":[{\"@type\":\"WebPage\",\"@id\":\"https:\/\/staging.srokafinal.lets-preprod.com\/de\/produit\/rohre-und-zentrallatten-sroka-wing-v3-v2\/\",\"url\":\"https:\/\/staging.srokafinal.lets-preprod.com\/de\/produit\/rohre-und-zentrallatten-sroka-wing-v3-v2\/\",\"name\":\"Rohre und Zentrallatten - SROKA Wing V4 &amp; V3 &amp; V2 - SROKA Company\",\"isPartOf\":{\"@id\":\"https:\/\/staging.srokafinal.lets-preprod.com\/de\/#website\"},\"primaryImageOfPage\":{\"@id\":\"https:\/\/staging.srokafinal.lets-preprod.com\/de\/produit\/rohre-und-zentrallatten-sroka-wing-v3-v2\/#primaryimage\"},\"image\":{\"@id\":\"https:\/\/staging.srokafinal.lets-preprod.com\/de\/produit\/rohre-und-zentrallatten-sroka-wing-v3-v2\/#primaryimage\"},\"thumbnailUrl\":\"https:\/\/staging.srokafinal.lets-preprod.com\/wp-content\/uploads\/2023\/04\/bladder-wing-boudin-photo-produit.png\",\"datePublished\":\"2023-04-14T12:38:03+00:00\",\"dateModified\":\"2024-11-05T12:38:41+00:00\",\"description\":\"Sroka Wing Foil Bladder: hochwertige Ersatzteile f\u00fcr V2 und V3 Kites. Reparieren Sie Ihren Schirm und gleiten Sie beruhigt. Bestellung bei der Firma Sroka.\",\"breadcrumb\":{\"@id\":\"https:\/\/staging.srokafinal.lets-preprod.com\/de\/produit\/rohre-und-zentrallatten-sroka-wing-v3-v2\/#breadcrumb\"},\"inLanguage\":\"de\",\"potentialAction\":[{\"@type\":\"ReadAction\",\"target\":[\"https:\/\/staging.srokafinal.lets-preprod.com\/de\/produit\/rohre-und-zentrallatten-sroka-wing-v3-v2\/\"]}]},{\"@type\":\"ImageObject\",\"inLanguage\":\"de\",\"@id\":\"https:\/\/staging.srokafinal.lets-preprod.com\/de\/produit\/rohre-und-zentrallatten-sroka-wing-v3-v2\/#primaryimage\",\"url\":\"https:\/\/staging.srokafinal.lets-preprod.com\/wp-content\/uploads\/2023\/04\/bladder-wing-boudin-photo-produit.png\",\"contentUrl\":\"https:\/\/staging.srokafinal.lets-preprod.com\/wp-content\/uploads\/2023\/04\/bladder-wing-boudin-photo-produit.png\",\"width\":740,\"height\":1080,\"caption\":\"Ersatzrohr f\u00fcr SROKA V\u00e9 oder V3 Fl\u00fcgel. Vorderkante und Mittellatte\"},{\"@type\":\"BreadcrumbList\",\"@id\":\"https:\/\/staging.srokafinal.lets-preprod.com\/de\/produit\/rohre-und-zentrallatten-sroka-wing-v3-v2\/#breadcrumb\",\"itemListElement\":[{\"@type\":\"ListItem\",\"position\":1,\"name\":\"Accueil\",\"item\":\"https:\/\/staging.srokafinal.lets-preprod.com\/de\/\"},{\"@type\":\"ListItem\",\"position\":2,\"name\":\"Boutique\",\"item\":\"https:\/\/staging.srokafinal.lets-preprod.com\/boutique\/\"},{\"@type\":\"ListItem\",\"position\":3,\"name\":\"Rohre und Zentrallatten &#8211; SROKA Wing V4 &amp; V3 &amp; V2\"}]},{\"@type\":\"WebSite\",\"@id\":\"https:\/\/staging.srokafinal.lets-preprod.com\/de\/#website\",\"url\":\"https:\/\/staging.srokafinal.lets-preprod.com\/de\/\",\"name\":\"SROKA Company\",\"description\":\"SUP, Kite, Foil, Wing\",\"publisher\":{\"@id\":\"https:\/\/staging.srokafinal.lets-preprod.com\/de\/#organization\"},\"potentialAction\":[{\"@type\":\"SearchAction\",\"target\":{\"@type\":\"EntryPoint\",\"urlTemplate\":\"https:\/\/staging.srokafinal.lets-preprod.com\/de\/?s={search_term_string}\"},\"query-input\":{\"@type\":\"PropertyValueSpecification\",\"valueRequired\":true,\"valueName\":\"search_term_string\"}}],\"inLanguage\":\"de\"},{\"@type\":\"Organization\",\"@id\":\"https:\/\/staging.srokafinal.lets-preprod.com\/de\/#organization\",\"name\":\"SROKACOMPANY\",\"alternateName\":\"SROKA\",\"url\":\"https:\/\/staging.srokafinal.lets-preprod.com\/de\/\",\"logo\":{\"@type\":\"ImageObject\",\"inLanguage\":\"de\",\"@id\":\"https:\/\/staging.srokafinal.lets-preprod.com\/de\/#\/schema\/logo\/image\/\",\"url\":\"https:\/\/staging.srokafinal.lets-preprod.com\/wp-content\/uploads\/2021\/01\/logo-sroka-black-transpa.png\",\"contentUrl\":\"https:\/\/staging.srokafinal.lets-preprod.com\/wp-content\/uploads\/2021\/01\/logo-sroka-black-transpa.png\",\"width\":1201,\"height\":342,\"caption\":\"SROKACOMPANY\"},\"image\":{\"@id\":\"https:\/\/staging.srokafinal.lets-preprod.com\/de\/#\/schema\/logo\/image\/\"},\"sameAs\":[\"https:\/\/www.facebook.com\/srokawatersports\/\",\"https:\/\/www.instagram.com\/srokawatersports\/\",\"https:\/\/www.youtube.com\/channel\/UCVLHHeaPIm-J5bdEUgxqtZA\"]}]}<\/script>\n<!-- \/ Yoast SEO plugin. -->","yoast_head_json":{"title":"Rohre und Zentrallatten - SROKA Wing V4 &amp; V3 &amp; V2 - SROKA Company","description":"Sroka Wing Foil Bladder: hochwertige Ersatzteile f\u00fcr V2 und V3 Kites. Reparieren Sie Ihren Schirm und gleiten Sie beruhigt. Bestellung bei der Firma Sroka.","robots":{"index":"noindex","follow":"follow","max-snippet":"max-snippet:-1","max-image-preview":"max-image-preview:large","max-video-preview":"max-video-preview:-1"},"og_locale":"de_DE","og_type":"article","og_title":"Rohre und Zentrallatten - SROKA Wing V4 &amp; V3 &amp; V2 - SROKA Company","og_description":"Sroka Wing Foil Bladder: hochwertige Ersatzteile f\u00fcr V2 und V3 Kites. Reparieren Sie Ihren Schirm und gleiten Sie beruhigt. Bestellung bei der Firma Sroka.","og_url":"https:\/\/staging.srokafinal.lets-preprod.com\/de\/produit\/rohre-und-zentrallatten-sroka-wing-v3-v2\/","og_site_name":"SROKA Company","article_publisher":"https:\/\/www.facebook.com\/srokawatersports\/","article_modified_time":"2024-11-05T12:38:41+00:00","og_image":[{"width":740,"height":1080,"url":"https:\/\/staging.srokafinal.lets-preprod.com\/wp-content\/uploads\/2023\/04\/bladder-wing-boudin-photo-produit.png","type":"image\/png"}],"schema":{"@context":"https:\/\/schema.org","@graph":[{"@type":"WebPage","@id":"https:\/\/staging.srokafinal.lets-preprod.com\/de\/produit\/rohre-und-zentrallatten-sroka-wing-v3-v2\/","url":"https:\/\/staging.srokafinal.lets-preprod.com\/de\/produit\/rohre-und-zentrallatten-sroka-wing-v3-v2\/","name":"Rohre und Zentrallatten - SROKA Wing V4 &amp; V3 &amp; V2 - SROKA Company","isPartOf":{"@id":"https:\/\/staging.srokafinal.lets-preprod.com\/de\/#website"},"primaryImageOfPage":{"@id":"https:\/\/staging.srokafinal.lets-preprod.com\/de\/produit\/rohre-und-zentrallatten-sroka-wing-v3-v2\/#primaryimage"},"image":{"@id":"https:\/\/staging.srokafinal.lets-preprod.com\/de\/produit\/rohre-und-zentrallatten-sroka-wing-v3-v2\/#primaryimage"},"thumbnailUrl":"https:\/\/staging.srokafinal.lets-preprod.com\/wp-content\/uploads\/2023\/04\/bladder-wing-boudin-photo-produit.png","datePublished":"2023-04-14T12:38:03+00:00","dateModified":"2024-11-05T12:38:41+00:00","description":"Sroka Wing Foil Bladder: hochwertige Ersatzteile f\u00fcr V2 und V3 Kites. Reparieren Sie Ihren Schirm und gleiten Sie beruhigt. Bestellung bei der Firma Sroka.","breadcrumb":{"@id":"https:\/\/staging.srokafinal.lets-preprod.com\/de\/produit\/rohre-und-zentrallatten-sroka-wing-v3-v2\/#breadcrumb"},"inLanguage":"de","potentialAction":[{"@type":"ReadAction","target":["https:\/\/staging.srokafinal.lets-preprod.com\/de\/produit\/rohre-und-zentrallatten-sroka-wing-v3-v2\/"]}]},{"@type":"ImageObject","inLanguage":"de","@id":"https:\/\/staging.srokafinal.lets-preprod.com\/de\/produit\/rohre-und-zentrallatten-sroka-wing-v3-v2\/#primaryimage","url":"https:\/\/staging.srokafinal.lets-preprod.com\/wp-content\/uploads\/2023\/04\/bladder-wing-boudin-photo-produit.png","contentUrl":"https:\/\/staging.srokafinal.lets-preprod.com\/wp-content\/uploads\/2023\/04\/bladder-wing-boudin-photo-produit.png","width":740,"height":1080,"caption":"Ersatzrohr f\u00fcr SROKA V\u00e9 oder V3 Fl\u00fcgel. Vorderkante und Mittellatte"},{"@type":"BreadcrumbList","@id":"https:\/\/staging.srokafinal.lets-preprod.com\/de\/produit\/rohre-und-zentrallatten-sroka-wing-v3-v2\/#breadcrumb","itemListElement":[{"@type":"ListItem","position":1,"name":"Accueil","item":"https:\/\/staging.srokafinal.lets-preprod.com\/de\/"},{"@type":"ListItem","position":2,"name":"Boutique","item":"https:\/\/staging.srokafinal.lets-preprod.com\/boutique\/"},{"@type":"ListItem","position":3,"name":"Rohre und Zentrallatten &#8211; SROKA Wing V4 &amp; V3 &amp; V2"}]},{"@type":"WebSite","@id":"https:\/\/staging.srokafinal.lets-preprod.com\/de\/#website","url":"https:\/\/staging.srokafinal.lets-preprod.com\/de\/","name":"SROKA Company","description":"SUP, Kite, Foil, Wing","publisher":{"@id":"https:\/\/staging.srokafinal.lets-preprod.com\/de\/#organization"},"potentialAction":[{"@type":"SearchAction","target":{"@type":"EntryPoint","urlTemplate":"https:\/\/staging.srokafinal.lets-preprod.com\/de\/?s={search_term_string}"},"query-input":{"@type":"PropertyValueSpecification","valueRequired":true,"valueName":"search_term_string"}}],"inLanguage":"de"},{"@type":"Organization","@id":"https:\/\/staging.srokafinal.lets-preprod.com\/de\/#organization","name":"SROKACOMPANY","alternateName":"SROKA","url":"https:\/\/staging.srokafinal.lets-preprod.com\/de\/","logo":{"@type":"ImageObject","inLanguage":"de","@id":"https:\/\/staging.srokafinal.lets-preprod.com\/de\/#\/schema\/logo\/image\/","url":"https:\/\/staging.srokafinal.lets-preprod.com\/wp-content\/uploads\/2021\/01\/logo-sroka-black-transpa.png","contentUrl":"https:\/\/staging.srokafinal.lets-preprod.com\/wp-content\/uploads\/2021\/01\/logo-sroka-black-transpa.png","width":1201,"height":342,"caption":"SROKACOMPANY"},"image":{"@id":"https:\/\/staging.srokafinal.lets-preprod.com\/de\/#\/schema\/logo\/image\/"},"sameAs":["https:\/\/www.facebook.com\/srokawatersports\/","https:\/\/www.instagram.com\/srokawatersports\/","https:\/\/www.youtube.com\/channel\/UCVLHHeaPIm-J5bdEUgxqtZA"]}]}},"uagb_featured_image_src":{"full":["https:\/\/staging.srokafinal.lets-preprod.com\/wp-content\/uploads\/2023\/04\/bladder-wing-boudin-photo-produit.png",740,1080,false],"thumbnail":["https:\/\/staging.srokafinal.lets-preprod.com\/wp-content\/uploads\/2023\/04\/bladder-wing-boudin-photo-produit-150x150.png",150,150,true],"medium":["https:\/\/staging.srokafinal.lets-preprod.com\/wp-content\/uploads\/2023\/04\/bladder-wing-boudin-photo-produit-206x300.png",206,300,true],"medium_large":["https:\/\/staging.srokafinal.lets-preprod.com\/wp-content\/uploads\/2023\/04\/bladder-wing-boudin-photo-produit.png",740,1080,false],"large":["https:\/\/staging.srokafinal.lets-preprod.com\/wp-content\/uploads\/2023\/04\/bladder-wing-boudin-photo-produit-702x1024.png",702,1024,true],"1536x1536":["https:\/\/staging.srokafinal.lets-preprod.com\/wp-content\/uploads\/2023\/04\/bladder-wing-boudin-photo-produit.png",740,1080,false],"2048x2048":["https:\/\/staging.srokafinal.lets-preprod.com\/wp-content\/uploads\/2023\/04\/bladder-wing-boudin-photo-produit.png",740,1080,false],"woocommerce_thumbnail":["https:\/\/staging.srokafinal.lets-preprod.com\/wp-content\/uploads\/2023\/04\/bladder-wing-boudin-photo-produit-600x876.png",600,876,true],"woocommerce_single":["https:\/\/staging.srokafinal.lets-preprod.com\/wp-content\/uploads\/2023\/04\/bladder-wing-boudin-photo-produit-600x876.png",600,876,true],"woocommerce_gallery_thumbnail":["https:\/\/staging.srokafinal.lets-preprod.com\/wp-content\/uploads\/2023\/04\/bladder-wing-boudin-photo-produit-100x100.png",100,100,true]},"uagb_author_info":{"display_name":"emmanuel.d emmanuel.d","author_link":"https:\/\/staging.srokafinal.lets-preprod.com\/de\/blog\/author\/"},"uagb_comment_info":0,"uagb_excerpt":"Ersatz der Vorderkante und Mittellatte der Wings V2 und V3 und V4 f\u00fcr die Gr\u00f6\u00dfen. Wir bieten Ersatzflansche f\u00fcr die SROKA V2 und V3 und V4 Wing Foil Kites an. Ob f\u00fcr die Eintrittskante oder die Mittellatte, das ist es, was du brauchst, um deinen Schirm im Falle einer Reifenpanne oder eines Risses zu reparieren.&hellip;","_links":{"self":[{"href":"https:\/\/staging.srokafinal.lets-preprod.com\/de\/wp-json\/wp\/v2\/product\/116541","targetHints":{"allow":["GET"]}}],"collection":[{"href":"https:\/\/staging.srokafinal.lets-preprod.com\/de\/wp-json\/wp\/v2\/product"}],"about":[{"href":"https:\/\/staging.srokafinal.lets-preprod.com\/de\/wp-json\/wp\/v2\/types\/product"}],"wp:featuredmedia":[{"embeddable":true,"href":"https:\/\/staging.srokafinal.lets-preprod.com\/de\/wp-json\/wp\/v2\/media\/116560"}],"wp:attachment":[{"href":"https:\/\/staging.srokafinal.lets-preprod.com\/de\/wp-json\/wp\/v2\/media?parent=116541"}],"wp:term":[{"taxonomy":"product_brand","embeddable":true,"href":"https:\/\/staging.srokafinal.lets-preprod.com\/de\/wp-json\/wp\/v2\/product_brand?post=116541"},{"taxonomy":"product_cat","embeddable":true,"href":"https:\/\/staging.srokafinal.lets-preprod.com\/de\/wp-json\/wp\/v2\/product_cat?post=116541"},{"taxonomy":"product_tag","embeddable":true,"href":"https:\/\/staging.srokafinal.lets-preprod.com\/de\/wp-json\/wp\/v2\/product_tag?post=116541"}],"curies":[{"name":"wp","href":"https:\/\/api.w.org\/{rel}","templated":true}]}}