


{"id":116542,"date":"2023-05-10T08:23:37","date_gmt":"2023-05-10T06:23:37","guid":{"rendered":"https:\/\/srokacompany.com\/produit\/s-foil-steuerung-1250\/"},"modified":"2024-05-30T09:15:12","modified_gmt":"2024-05-30T09:15:12","slug":"s-foil-steuerung-1250","status":"publish","type":"product","link":"https:\/\/staging.srokafinal.lets-preprod.com\/de\/produit\/s-foil-steuerung-1250\/","title":{"rendered":"S-foil Steuerung 1250"},"content":{"rendered":"<hr>\n<h2>Wie wird der Frontfl\u00fcgel 1250 Control dein Wingfoiling-Erlebnis beim Freeride und in den Wellen ver\u00e4ndern?<\/h2>\n<p>Der 1250 Control ist beim Freeride-Wing-Foiling genauso vielseitig einsetzbar wie auf den Wellen. Sein Medium-Ratio-Aspekt erm\u00f6glicht es Ihnen, fl\u00fcssige Kurven zu nehmen und die Wellen zu surfen, ohne zur\u00fcckgelassen zu werden. Sein Profil optimiert den Auftrieb bei niedrigen Geschwindigkeiten, um schnell und allm\u00e4hlich zu starten.<\/p>\n<p>Die gebogene Form der Flosse hilft Ihnen, die Spitzen w\u00e4hrend der Kurven im Wasser zu halten und St\u00fcrze zu vermeiden. Au\u00dferdem macht die Flosse Wasserger\u00e4usche, wenn sie die Oberfl\u00e4che streift, und warnt Sie, bevor Sie die Kontrolle verlieren.<\/p>\n<p>Das S-Foil ist das Foil, das auch Ihre Wingfoiling-Praxis auf den Wellen ver\u00e4ndern wird. Es ist ein Foil, das entwickelt wurde, um die Bed\u00fcrfnisse und W\u00fcnsche von Fahrern zu erf\u00fcllen, die Spa\u00df in den Wellen haben m\u00f6chten, sei es im Wing Foil, Surf Foil oder Wake Foil, und gleichzeitig die Unvollkommenheiten von Unterst\u00fctzung, Luftwiderstand und Pr\u00e4zision anderer Foils auf dem Markt beseitigen m\u00f6chten.<\/p>\n<p><a href=\"https:\/\/srokacompany.com\/produit\/front-wing-1250-control\/\">Fl\u00fcgel allein hier.  <\/a><\/p>\n","protected":false},"excerpt":{"rendered":"<p>Wie wird der Frontfl\u00fcgel 1250 Control dein Wingfoiling-Erlebnis beim Freeride und in den Wellen ver\u00e4ndern? Der 1250 Control ist beim Freeride-Wing-Foiling genauso vielseitig einsetzbar wie auf den Wellen. Sein Medium-Ratio-Aspekt erm\u00f6glicht es Ihnen, fl\u00fcssige Kurven zu nehmen und die Wellen zu surfen, ohne zur\u00fcckgelassen zu werden. Sein Profil optimiert den Auftrieb bei niedrigen Geschwindigkeiten, um [&hellip;]<\/p>\n","protected":false},"featured_media":116567,"template":"","meta":{"_acf_changed":false,"_uag_custom_page_level_css":""},"product_brand":[],"product_cat":[2941,2956],"product_tag":[],"class_list":{"0":"post-116542","1":"product","2":"type-product","3":"status-publish","4":"has-post-thumbnail","6":"product_cat-alle-unsere-control-folien","7":"product_cat-foils-surf-foil-de","8":"product_shipping_class-komplettes-foil-oder-ersatzteile-flugeleinheit","9":"pa_longueur-du-fuselage-56cm","10":"pa_longueur-du-fuselage-2011","11":"pa_longueur-du-fuselage-2012","12":"pa_surface-du-stabilisateur-2007","13":"pa_surface-du-stabilisateur-2008","14":"pa_surface-du-stabilisateur-2009","15":"pa_taille-du-mat-70cm","16":"pa_taille-du-mat-80cm","17":"pa_taille-du-mat-90cm","19":"first","20":"instock","21":"taxable","22":"shipping-taxable","23":"purchasable","24":"product-type-variable","25":"has-default-attributes"},"acf":[],"yoast_head":"<!-- This site is optimized with the Yoast SEO plugin v25.1 - https:\/\/yoast.com\/wordpress\/plugins\/seo\/ -->\n<title>S-Foil 1250 Steuerung | SROKA Unternehmen<\/title>\n<meta name=\"description\" content=\"Das S-Foil 1250 Control ist ein Foil, das f\u00fcr Freeride und Wing Foil geeignet ist. Es gibt Ihnen Geschwindigkeit, Laufruhe und Kontrolle in den Kurven.\" \/>\n<meta name=\"robots\" content=\"noindex, follow, max-snippet:-1, max-image-preview:large, max-video-preview:-1\" \/>\n<meta property=\"og:locale\" content=\"de_DE\" \/>\n<meta property=\"og:type\" content=\"article\" \/>\n<meta property=\"og:title\" content=\"S-Foil 1250 Steuerung | SROKA Unternehmen\" \/>\n<meta property=\"og:description\" content=\"Das S-Foil 1250 Control ist ein Foil, das f\u00fcr Freeride und Wing Foil geeignet ist. Es gibt Ihnen Geschwindigkeit, Laufruhe und Kontrolle in den Kurven.\" \/>\n<meta property=\"og:url\" content=\"https:\/\/staging.srokafinal.lets-preprod.com\/de\/produit\/s-foil-steuerung-1250\/\" \/>\n<meta property=\"og:site_name\" content=\"SROKA Company\" \/>\n<meta property=\"article:publisher\" content=\"https:\/\/www.facebook.com\/srokawatersports\/\" \/>\n<meta property=\"article:modified_time\" content=\"2024-05-30T09:15:12+00:00\" \/>\n<meta property=\"og:image\" content=\"https:\/\/staging.srokafinal.lets-preprod.com\/wp-content\/uploads\/2023\/05\/1250-control.png\" \/>\n\t<meta property=\"og:image:width\" content=\"740\" \/>\n\t<meta property=\"og:image:height\" content=\"1080\" \/>\n\t<meta property=\"og:image:type\" content=\"image\/png\" \/>\n<meta name=\"twitter:label1\" content=\"Gesch\u00e4tzte Lesezeit\" \/>\n\t<meta name=\"twitter:data1\" content=\"1\u00a0Minute\" \/>\n<script type=\"application\/ld+json\" class=\"yoast-schema-graph\">{\"@context\":\"https:\/\/schema.org\",\"@graph\":[{\"@type\":\"WebPage\",\"@id\":\"https:\/\/staging.srokafinal.lets-preprod.com\/de\/produit\/s-foil-steuerung-1250\/\",\"url\":\"https:\/\/staging.srokafinal.lets-preprod.com\/de\/produit\/s-foil-steuerung-1250\/\",\"name\":\"S-Foil 1250 Steuerung | SROKA Unternehmen\",\"isPartOf\":{\"@id\":\"https:\/\/staging.srokafinal.lets-preprod.com\/de\/#website\"},\"primaryImageOfPage\":{\"@id\":\"https:\/\/staging.srokafinal.lets-preprod.com\/de\/produit\/s-foil-steuerung-1250\/#primaryimage\"},\"image\":{\"@id\":\"https:\/\/staging.srokafinal.lets-preprod.com\/de\/produit\/s-foil-steuerung-1250\/#primaryimage\"},\"thumbnailUrl\":\"https:\/\/staging.srokafinal.lets-preprod.com\/wp-content\/uploads\/2023\/05\/1250-control.png\",\"datePublished\":\"2023-05-10T06:23:37+00:00\",\"dateModified\":\"2024-05-30T09:15:12+00:00\",\"description\":\"Das S-Foil 1250 Control ist ein Foil, das f\u00fcr Freeride und Wing Foil geeignet ist. Es gibt Ihnen Geschwindigkeit, Laufruhe und Kontrolle in den Kurven.\",\"breadcrumb\":{\"@id\":\"https:\/\/staging.srokafinal.lets-preprod.com\/de\/produit\/s-foil-steuerung-1250\/#breadcrumb\"},\"inLanguage\":\"de\",\"potentialAction\":[{\"@type\":\"ReadAction\",\"target\":[\"https:\/\/staging.srokafinal.lets-preprod.com\/de\/produit\/s-foil-steuerung-1250\/\"]}]},{\"@type\":\"ImageObject\",\"inLanguage\":\"de\",\"@id\":\"https:\/\/staging.srokafinal.lets-preprod.com\/de\/produit\/s-foil-steuerung-1250\/#primaryimage\",\"url\":\"https:\/\/staging.srokafinal.lets-preprod.com\/wp-content\/uploads\/2023\/05\/1250-control.png\",\"contentUrl\":\"https:\/\/staging.srokafinal.lets-preprod.com\/wp-content\/uploads\/2023\/05\/1250-control.png\",\"width\":740,\"height\":1080,\"caption\":\"1250 Steuerung Sroka\"},{\"@type\":\"BreadcrumbList\",\"@id\":\"https:\/\/staging.srokafinal.lets-preprod.com\/de\/produit\/s-foil-steuerung-1250\/#breadcrumb\",\"itemListElement\":[{\"@type\":\"ListItem\",\"position\":1,\"name\":\"Accueil\",\"item\":\"https:\/\/staging.srokafinal.lets-preprod.com\/de\/\"},{\"@type\":\"ListItem\",\"position\":2,\"name\":\"Boutique\",\"item\":\"https:\/\/staging.srokafinal.lets-preprod.com\/boutique\/\"},{\"@type\":\"ListItem\",\"position\":3,\"name\":\"S-foil Steuerung 1250\"}]},{\"@type\":\"WebSite\",\"@id\":\"https:\/\/staging.srokafinal.lets-preprod.com\/de\/#website\",\"url\":\"https:\/\/staging.srokafinal.lets-preprod.com\/de\/\",\"name\":\"SROKA Company\",\"description\":\"SUP, Kite, Foil, Wing\",\"publisher\":{\"@id\":\"https:\/\/staging.srokafinal.lets-preprod.com\/de\/#organization\"},\"potentialAction\":[{\"@type\":\"SearchAction\",\"target\":{\"@type\":\"EntryPoint\",\"urlTemplate\":\"https:\/\/staging.srokafinal.lets-preprod.com\/de\/?s={search_term_string}\"},\"query-input\":{\"@type\":\"PropertyValueSpecification\",\"valueRequired\":true,\"valueName\":\"search_term_string\"}}],\"inLanguage\":\"de\"},{\"@type\":\"Organization\",\"@id\":\"https:\/\/staging.srokafinal.lets-preprod.com\/de\/#organization\",\"name\":\"SROKACOMPANY\",\"alternateName\":\"SROKA\",\"url\":\"https:\/\/staging.srokafinal.lets-preprod.com\/de\/\",\"logo\":{\"@type\":\"ImageObject\",\"inLanguage\":\"de\",\"@id\":\"https:\/\/staging.srokafinal.lets-preprod.com\/de\/#\/schema\/logo\/image\/\",\"url\":\"https:\/\/staging.srokafinal.lets-preprod.com\/wp-content\/uploads\/2021\/01\/logo-sroka-black-transpa.png\",\"contentUrl\":\"https:\/\/staging.srokafinal.lets-preprod.com\/wp-content\/uploads\/2021\/01\/logo-sroka-black-transpa.png\",\"width\":1201,\"height\":342,\"caption\":\"SROKACOMPANY\"},\"image\":{\"@id\":\"https:\/\/staging.srokafinal.lets-preprod.com\/de\/#\/schema\/logo\/image\/\"},\"sameAs\":[\"https:\/\/www.facebook.com\/srokawatersports\/\",\"https:\/\/www.instagram.com\/srokawatersports\/\",\"https:\/\/www.youtube.com\/channel\/UCVLHHeaPIm-J5bdEUgxqtZA\"]}]}<\/script>\n<!-- \/ Yoast SEO plugin. -->","yoast_head_json":{"title":"S-Foil 1250 Steuerung | SROKA Unternehmen","description":"Das S-Foil 1250 Control ist ein Foil, das f\u00fcr Freeride und Wing Foil geeignet ist. Es gibt Ihnen Geschwindigkeit, Laufruhe und Kontrolle in den Kurven.","robots":{"index":"noindex","follow":"follow","max-snippet":"max-snippet:-1","max-image-preview":"max-image-preview:large","max-video-preview":"max-video-preview:-1"},"og_locale":"de_DE","og_type":"article","og_title":"S-Foil 1250 Steuerung | SROKA Unternehmen","og_description":"Das S-Foil 1250 Control ist ein Foil, das f\u00fcr Freeride und Wing Foil geeignet ist. Es gibt Ihnen Geschwindigkeit, Laufruhe und Kontrolle in den Kurven.","og_url":"https:\/\/staging.srokafinal.lets-preprod.com\/de\/produit\/s-foil-steuerung-1250\/","og_site_name":"SROKA Company","article_publisher":"https:\/\/www.facebook.com\/srokawatersports\/","article_modified_time":"2024-05-30T09:15:12+00:00","og_image":[{"width":740,"height":1080,"url":"https:\/\/staging.srokafinal.lets-preprod.com\/wp-content\/uploads\/2023\/05\/1250-control.png","type":"image\/png"}],"twitter_misc":{"Gesch\u00e4tzte Lesezeit":"1\u00a0Minute"},"schema":{"@context":"https:\/\/schema.org","@graph":[{"@type":"WebPage","@id":"https:\/\/staging.srokafinal.lets-preprod.com\/de\/produit\/s-foil-steuerung-1250\/","url":"https:\/\/staging.srokafinal.lets-preprod.com\/de\/produit\/s-foil-steuerung-1250\/","name":"S-Foil 1250 Steuerung | SROKA Unternehmen","isPartOf":{"@id":"https:\/\/staging.srokafinal.lets-preprod.com\/de\/#website"},"primaryImageOfPage":{"@id":"https:\/\/staging.srokafinal.lets-preprod.com\/de\/produit\/s-foil-steuerung-1250\/#primaryimage"},"image":{"@id":"https:\/\/staging.srokafinal.lets-preprod.com\/de\/produit\/s-foil-steuerung-1250\/#primaryimage"},"thumbnailUrl":"https:\/\/staging.srokafinal.lets-preprod.com\/wp-content\/uploads\/2023\/05\/1250-control.png","datePublished":"2023-05-10T06:23:37+00:00","dateModified":"2024-05-30T09:15:12+00:00","description":"Das S-Foil 1250 Control ist ein Foil, das f\u00fcr Freeride und Wing Foil geeignet ist. Es gibt Ihnen Geschwindigkeit, Laufruhe und Kontrolle in den Kurven.","breadcrumb":{"@id":"https:\/\/staging.srokafinal.lets-preprod.com\/de\/produit\/s-foil-steuerung-1250\/#breadcrumb"},"inLanguage":"de","potentialAction":[{"@type":"ReadAction","target":["https:\/\/staging.srokafinal.lets-preprod.com\/de\/produit\/s-foil-steuerung-1250\/"]}]},{"@type":"ImageObject","inLanguage":"de","@id":"https:\/\/staging.srokafinal.lets-preprod.com\/de\/produit\/s-foil-steuerung-1250\/#primaryimage","url":"https:\/\/staging.srokafinal.lets-preprod.com\/wp-content\/uploads\/2023\/05\/1250-control.png","contentUrl":"https:\/\/staging.srokafinal.lets-preprod.com\/wp-content\/uploads\/2023\/05\/1250-control.png","width":740,"height":1080,"caption":"1250 Steuerung Sroka"},{"@type":"BreadcrumbList","@id":"https:\/\/staging.srokafinal.lets-preprod.com\/de\/produit\/s-foil-steuerung-1250\/#breadcrumb","itemListElement":[{"@type":"ListItem","position":1,"name":"Accueil","item":"https:\/\/staging.srokafinal.lets-preprod.com\/de\/"},{"@type":"ListItem","position":2,"name":"Boutique","item":"https:\/\/staging.srokafinal.lets-preprod.com\/boutique\/"},{"@type":"ListItem","position":3,"name":"S-foil Steuerung 1250"}]},{"@type":"WebSite","@id":"https:\/\/staging.srokafinal.lets-preprod.com\/de\/#website","url":"https:\/\/staging.srokafinal.lets-preprod.com\/de\/","name":"SROKA Company","description":"SUP, Kite, Foil, Wing","publisher":{"@id":"https:\/\/staging.srokafinal.lets-preprod.com\/de\/#organization"},"potentialAction":[{"@type":"SearchAction","target":{"@type":"EntryPoint","urlTemplate":"https:\/\/staging.srokafinal.lets-preprod.com\/de\/?s={search_term_string}"},"query-input":{"@type":"PropertyValueSpecification","valueRequired":true,"valueName":"search_term_string"}}],"inLanguage":"de"},{"@type":"Organization","@id":"https:\/\/staging.srokafinal.lets-preprod.com\/de\/#organization","name":"SROKACOMPANY","alternateName":"SROKA","url":"https:\/\/staging.srokafinal.lets-preprod.com\/de\/","logo":{"@type":"ImageObject","inLanguage":"de","@id":"https:\/\/staging.srokafinal.lets-preprod.com\/de\/#\/schema\/logo\/image\/","url":"https:\/\/staging.srokafinal.lets-preprod.com\/wp-content\/uploads\/2021\/01\/logo-sroka-black-transpa.png","contentUrl":"https:\/\/staging.srokafinal.lets-preprod.com\/wp-content\/uploads\/2021\/01\/logo-sroka-black-transpa.png","width":1201,"height":342,"caption":"SROKACOMPANY"},"image":{"@id":"https:\/\/staging.srokafinal.lets-preprod.com\/de\/#\/schema\/logo\/image\/"},"sameAs":["https:\/\/www.facebook.com\/srokawatersports\/","https:\/\/www.instagram.com\/srokawatersports\/","https:\/\/www.youtube.com\/channel\/UCVLHHeaPIm-J5bdEUgxqtZA"]}]}},"uagb_featured_image_src":{"full":["https:\/\/staging.srokafinal.lets-preprod.com\/wp-content\/uploads\/2023\/05\/1250-control.png",740,1080,false],"thumbnail":["https:\/\/staging.srokafinal.lets-preprod.com\/wp-content\/uploads\/2023\/05\/1250-control-150x150.png",150,150,true],"medium":["https:\/\/staging.srokafinal.lets-preprod.com\/wp-content\/uploads\/2023\/05\/1250-control-206x300.png",206,300,true],"medium_large":["https:\/\/staging.srokafinal.lets-preprod.com\/wp-content\/uploads\/2023\/05\/1250-control.png",740,1080,false],"large":["https:\/\/staging.srokafinal.lets-preprod.com\/wp-content\/uploads\/2023\/05\/1250-control-702x1024.png",702,1024,true],"1536x1536":["https:\/\/staging.srokafinal.lets-preprod.com\/wp-content\/uploads\/2023\/05\/1250-control.png",740,1080,false],"2048x2048":["https:\/\/staging.srokafinal.lets-preprod.com\/wp-content\/uploads\/2023\/05\/1250-control.png",740,1080,false],"woocommerce_thumbnail":["https:\/\/staging.srokafinal.lets-preprod.com\/wp-content\/uploads\/2023\/05\/1250-control-600x876.png",600,876,true],"woocommerce_single":["https:\/\/staging.srokafinal.lets-preprod.com\/wp-content\/uploads\/2023\/05\/1250-control-600x876.png",600,876,true],"woocommerce_gallery_thumbnail":["https:\/\/staging.srokafinal.lets-preprod.com\/wp-content\/uploads\/2023\/05\/1250-control-100x100.png",100,100,true]},"uagb_author_info":{"display_name":"emmanuel.d emmanuel.d","author_link":"https:\/\/staging.srokafinal.lets-preprod.com\/de\/blog\/author\/"},"uagb_comment_info":0,"uagb_excerpt":"Wie wird der Frontfl\u00fcgel 1250 Control dein Wingfoiling-Erlebnis beim Freeride und in den Wellen ver\u00e4ndern? Der 1250 Control ist beim Freeride-Wing-Foiling genauso vielseitig einsetzbar wie auf den Wellen. Sein Medium-Ratio-Aspekt erm\u00f6glicht es Ihnen, fl\u00fcssige Kurven zu nehmen und die Wellen zu surfen, ohne zur\u00fcckgelassen zu werden. Sein Profil optimiert den Auftrieb bei niedrigen Geschwindigkeiten, um&hellip;","_links":{"self":[{"href":"https:\/\/staging.srokafinal.lets-preprod.com\/de\/wp-json\/wp\/v2\/product\/116542","targetHints":{"allow":["GET"]}}],"collection":[{"href":"https:\/\/staging.srokafinal.lets-preprod.com\/de\/wp-json\/wp\/v2\/product"}],"about":[{"href":"https:\/\/staging.srokafinal.lets-preprod.com\/de\/wp-json\/wp\/v2\/types\/product"}],"wp:featuredmedia":[{"embeddable":true,"href":"https:\/\/staging.srokafinal.lets-preprod.com\/de\/wp-json\/wp\/v2\/media\/116567"}],"wp:attachment":[{"href":"https:\/\/staging.srokafinal.lets-preprod.com\/de\/wp-json\/wp\/v2\/media?parent=116542"}],"wp:term":[{"taxonomy":"product_brand","embeddable":true,"href":"https:\/\/staging.srokafinal.lets-preprod.com\/de\/wp-json\/wp\/v2\/product_brand?post=116542"},{"taxonomy":"product_cat","embeddable":true,"href":"https:\/\/staging.srokafinal.lets-preprod.com\/de\/wp-json\/wp\/v2\/product_cat?post=116542"},{"taxonomy":"product_tag","embeddable":true,"href":"https:\/\/staging.srokafinal.lets-preprod.com\/de\/wp-json\/wp\/v2\/product_tag?post=116542"}],"curies":[{"name":"wp","href":"https:\/\/api.w.org\/{rel}","templated":true}]}}