


{"id":116588,"date":"2023-07-18T12:53:17","date_gmt":"2023-07-18T10:53:17","guid":{"rendered":"https:\/\/srokacompany.com\/produit\/frontfluegel-1250-control\/"},"modified":"2024-05-30T09:15:29","modified_gmt":"2024-05-30T09:15:29","slug":"frontfluegel-1250-control","status":"publish","type":"product","link":"https:\/\/staging.srokafinal.lets-preprod.com\/de\/produit\/frontfluegel-1250-control\/","title":{"rendered":"Frontfl\u00fcgel 1250 Control"},"content":{"rendered":"<hr>\n<h2>Wie wird der Frontfl\u00fcgel 1250 Control dein Wingfoiling-Erlebnis beim Freeride und in den Wellen ver\u00e4ndern?<\/h2>\n<p>Das 1250 Control ist ein vielseitiges Foil f\u00fcr Freeride und Wing Foiling auf Wellen. Sein mittelm\u00e4\u00dfiges Verh\u00e4ltnis verleiht Ihnen Fl\u00fcssigkeit in den Kurven und Geschwindigkeit auf den Wellen. Sein Profil sorgt f\u00fcr Auftrieb bei niedrigen Geschwindigkeiten f\u00fcr einen schnellen und progressiven Start. Die gebogene Form der Flosse erm\u00f6glicht es Ihnen, die Spitzen w\u00e4hrend der Kurven im Wasser zu halten und St\u00fcrze zu vermeiden.<\/p>\n<p>Dar\u00fcber hinaus macht die Flosse Wasserger\u00e4usche, wenn sie sich der Oberfl\u00e4che n\u00e4hert, und warnt Sie, bevor Sie die Kontrolle verlieren.<\/p>\n<p>Das S-Foil ist das Foil, das auch deine Wingfoiling-Praxis auf den Wellen verbessern wird. Es ist ein Foil, das entwickelt wurde, um die Erwartungen und W\u00fcnsche von Fahrern zu erf\u00fcllen, die Spa\u00df in den Wellen haben m\u00f6chten, sei es im Wing Foil, Surf Foil oder Wake Foil, und gleichzeitig die M\u00e4ngel an Unterst\u00fctzung, Luftwiderstand und Pr\u00e4zision anderer Foils auf dem Markt beseitigen m\u00f6chten.<\/p>\n","protected":false},"excerpt":{"rendered":"<p>Wie wird der Frontfl\u00fcgel 1250 Control dein Wingfoiling-Erlebnis beim Freeride und in den Wellen ver\u00e4ndern? Das 1250 Control ist ein vielseitiges Foil f\u00fcr Freeride und Wing Foiling auf Wellen. Sein mittelm\u00e4\u00dfiges Verh\u00e4ltnis verleiht Ihnen Fl\u00fcssigkeit in den Kurven und Geschwindigkeit auf den Wellen. Sein Profil sorgt f\u00fcr Auftrieb bei niedrigen Geschwindigkeiten f\u00fcr einen schnellen und [&hellip;]<\/p>\n","protected":false},"featured_media":118852,"template":"","meta":{"_acf_changed":false,"_uag_custom_page_level_css":""},"product_brand":[],"product_cat":[3162],"product_tag":[],"class_list":{"0":"post-116588","1":"product","2":"type-product","3":"status-publish","4":"has-post-thumbnail","6":"product_cat-downwind-uha-reihe","7":"product_shipping_class-komplettes-foil-oder-ersatzteile-flugeleinheit","9":"first","10":"onbackorder","11":"taxable","12":"shipping-taxable","13":"purchasable","14":"product-type-simple"},"acf":[],"yoast_head":"<!-- This site is optimized with the Yoast SEO plugin v25.1 - https:\/\/yoast.com\/wordpress\/plugins\/seo\/ -->\n<title>Frontfl\u00fcgel 1250 Control | SROKA Company<\/title>\n<meta name=\"description\" content=\"Das 1250 Control ist ein vielseitiges Foil f\u00fcr Freeride und Wing Foil. Es bietet Geschwindigkeit, Fl\u00fcssigkeit und Kontrolle in den Kurven.\" \/>\n<meta name=\"robots\" content=\"noindex, follow, max-snippet:-1, max-image-preview:large, max-video-preview:-1\" \/>\n<meta property=\"og:locale\" content=\"de_DE\" \/>\n<meta property=\"og:type\" content=\"article\" \/>\n<meta property=\"og:title\" content=\"Frontfl\u00fcgel 1250 Control | SROKA Company\" \/>\n<meta property=\"og:description\" content=\"Das 1250 Control ist ein vielseitiges Foil f\u00fcr Freeride und Wing Foil. Es bietet Geschwindigkeit, Fl\u00fcssigkeit und Kontrolle in den Kurven.\" \/>\n<meta property=\"og:url\" content=\"https:\/\/staging.srokafinal.lets-preprod.com\/de\/produit\/frontfluegel-1250-control\/\" \/>\n<meta property=\"og:site_name\" content=\"SROKA Company\" \/>\n<meta property=\"article:publisher\" content=\"https:\/\/www.facebook.com\/srokawatersports\/\" \/>\n<meta property=\"article:modified_time\" content=\"2024-05-30T09:15:29+00:00\" \/>\n<meta property=\"og:image\" content=\"https:\/\/staging.srokafinal.lets-preprod.com\/wp-content\/uploads\/2023\/07\/1250-front-control-sroka.jpg\" \/>\n\t<meta property=\"og:image:width\" content=\"1480\" \/>\n\t<meta property=\"og:image:height\" content=\"2160\" \/>\n\t<meta property=\"og:image:type\" content=\"image\/jpeg\" \/>\n<meta name=\"twitter:label1\" content=\"Gesch\u00e4tzte Lesezeit\" \/>\n\t<meta name=\"twitter:data1\" content=\"1\u00a0Minute\" \/>\n<script type=\"application\/ld+json\" class=\"yoast-schema-graph\">{\"@context\":\"https:\/\/schema.org\",\"@graph\":[{\"@type\":\"WebPage\",\"@id\":\"https:\/\/staging.srokafinal.lets-preprod.com\/de\/produit\/frontfluegel-1250-control\/\",\"url\":\"https:\/\/staging.srokafinal.lets-preprod.com\/de\/produit\/frontfluegel-1250-control\/\",\"name\":\"Frontfl\u00fcgel 1250 Control | SROKA Company\",\"isPartOf\":{\"@id\":\"https:\/\/staging.srokafinal.lets-preprod.com\/de\/#website\"},\"primaryImageOfPage\":{\"@id\":\"https:\/\/staging.srokafinal.lets-preprod.com\/de\/produit\/frontfluegel-1250-control\/#primaryimage\"},\"image\":{\"@id\":\"https:\/\/staging.srokafinal.lets-preprod.com\/de\/produit\/frontfluegel-1250-control\/#primaryimage\"},\"thumbnailUrl\":\"https:\/\/staging.srokafinal.lets-preprod.com\/wp-content\/uploads\/2023\/07\/1250-front-control-sroka.jpg\",\"datePublished\":\"2023-07-18T10:53:17+00:00\",\"dateModified\":\"2024-05-30T09:15:29+00:00\",\"description\":\"Das 1250 Control ist ein vielseitiges Foil f\u00fcr Freeride und Wing Foil. Es bietet Geschwindigkeit, Fl\u00fcssigkeit und Kontrolle in den Kurven.\",\"breadcrumb\":{\"@id\":\"https:\/\/staging.srokafinal.lets-preprod.com\/de\/produit\/frontfluegel-1250-control\/#breadcrumb\"},\"inLanguage\":\"de\",\"potentialAction\":[{\"@type\":\"ReadAction\",\"target\":[\"https:\/\/staging.srokafinal.lets-preprod.com\/de\/produit\/frontfluegel-1250-control\/\"]}]},{\"@type\":\"ImageObject\",\"inLanguage\":\"de\",\"@id\":\"https:\/\/staging.srokafinal.lets-preprod.com\/de\/produit\/frontfluegel-1250-control\/#primaryimage\",\"url\":\"https:\/\/staging.srokafinal.lets-preprod.com\/wp-content\/uploads\/2023\/07\/1250-front-control-sroka.jpg\",\"contentUrl\":\"https:\/\/staging.srokafinal.lets-preprod.com\/wp-content\/uploads\/2023\/07\/1250-front-control-sroka.jpg\",\"width\":1480,\"height\":2160},{\"@type\":\"BreadcrumbList\",\"@id\":\"https:\/\/staging.srokafinal.lets-preprod.com\/de\/produit\/frontfluegel-1250-control\/#breadcrumb\",\"itemListElement\":[{\"@type\":\"ListItem\",\"position\":1,\"name\":\"Accueil\",\"item\":\"https:\/\/staging.srokafinal.lets-preprod.com\/de\/\"},{\"@type\":\"ListItem\",\"position\":2,\"name\":\"Boutique\",\"item\":\"https:\/\/staging.srokafinal.lets-preprod.com\/boutique\/\"},{\"@type\":\"ListItem\",\"position\":3,\"name\":\"Frontfl\u00fcgel 1250 Control\"}]},{\"@type\":\"WebSite\",\"@id\":\"https:\/\/staging.srokafinal.lets-preprod.com\/de\/#website\",\"url\":\"https:\/\/staging.srokafinal.lets-preprod.com\/de\/\",\"name\":\"SROKA Company\",\"description\":\"SUP, Kite, Foil, Wing\",\"publisher\":{\"@id\":\"https:\/\/staging.srokafinal.lets-preprod.com\/de\/#organization\"},\"potentialAction\":[{\"@type\":\"SearchAction\",\"target\":{\"@type\":\"EntryPoint\",\"urlTemplate\":\"https:\/\/staging.srokafinal.lets-preprod.com\/de\/?s={search_term_string}\"},\"query-input\":{\"@type\":\"PropertyValueSpecification\",\"valueRequired\":true,\"valueName\":\"search_term_string\"}}],\"inLanguage\":\"de\"},{\"@type\":\"Organization\",\"@id\":\"https:\/\/staging.srokafinal.lets-preprod.com\/de\/#organization\",\"name\":\"SROKACOMPANY\",\"alternateName\":\"SROKA\",\"url\":\"https:\/\/staging.srokafinal.lets-preprod.com\/de\/\",\"logo\":{\"@type\":\"ImageObject\",\"inLanguage\":\"de\",\"@id\":\"https:\/\/staging.srokafinal.lets-preprod.com\/de\/#\/schema\/logo\/image\/\",\"url\":\"https:\/\/staging.srokafinal.lets-preprod.com\/wp-content\/uploads\/2021\/01\/logo-sroka-black-transpa.png\",\"contentUrl\":\"https:\/\/staging.srokafinal.lets-preprod.com\/wp-content\/uploads\/2021\/01\/logo-sroka-black-transpa.png\",\"width\":1201,\"height\":342,\"caption\":\"SROKACOMPANY\"},\"image\":{\"@id\":\"https:\/\/staging.srokafinal.lets-preprod.com\/de\/#\/schema\/logo\/image\/\"},\"sameAs\":[\"https:\/\/www.facebook.com\/srokawatersports\/\",\"https:\/\/www.instagram.com\/srokawatersports\/\",\"https:\/\/www.youtube.com\/channel\/UCVLHHeaPIm-J5bdEUgxqtZA\"]}]}<\/script>\n<!-- \/ Yoast SEO plugin. -->","yoast_head_json":{"title":"Frontfl\u00fcgel 1250 Control | SROKA Company","description":"Das 1250 Control ist ein vielseitiges Foil f\u00fcr Freeride und Wing Foil. Es bietet Geschwindigkeit, Fl\u00fcssigkeit und Kontrolle in den Kurven.","robots":{"index":"noindex","follow":"follow","max-snippet":"max-snippet:-1","max-image-preview":"max-image-preview:large","max-video-preview":"max-video-preview:-1"},"og_locale":"de_DE","og_type":"article","og_title":"Frontfl\u00fcgel 1250 Control | SROKA Company","og_description":"Das 1250 Control ist ein vielseitiges Foil f\u00fcr Freeride und Wing Foil. Es bietet Geschwindigkeit, Fl\u00fcssigkeit und Kontrolle in den Kurven.","og_url":"https:\/\/staging.srokafinal.lets-preprod.com\/de\/produit\/frontfluegel-1250-control\/","og_site_name":"SROKA Company","article_publisher":"https:\/\/www.facebook.com\/srokawatersports\/","article_modified_time":"2024-05-30T09:15:29+00:00","og_image":[{"width":1480,"height":2160,"url":"https:\/\/staging.srokafinal.lets-preprod.com\/wp-content\/uploads\/2023\/07\/1250-front-control-sroka.jpg","type":"image\/jpeg"}],"twitter_misc":{"Gesch\u00e4tzte Lesezeit":"1\u00a0Minute"},"schema":{"@context":"https:\/\/schema.org","@graph":[{"@type":"WebPage","@id":"https:\/\/staging.srokafinal.lets-preprod.com\/de\/produit\/frontfluegel-1250-control\/","url":"https:\/\/staging.srokafinal.lets-preprod.com\/de\/produit\/frontfluegel-1250-control\/","name":"Frontfl\u00fcgel 1250 Control | SROKA Company","isPartOf":{"@id":"https:\/\/staging.srokafinal.lets-preprod.com\/de\/#website"},"primaryImageOfPage":{"@id":"https:\/\/staging.srokafinal.lets-preprod.com\/de\/produit\/frontfluegel-1250-control\/#primaryimage"},"image":{"@id":"https:\/\/staging.srokafinal.lets-preprod.com\/de\/produit\/frontfluegel-1250-control\/#primaryimage"},"thumbnailUrl":"https:\/\/staging.srokafinal.lets-preprod.com\/wp-content\/uploads\/2023\/07\/1250-front-control-sroka.jpg","datePublished":"2023-07-18T10:53:17+00:00","dateModified":"2024-05-30T09:15:29+00:00","description":"Das 1250 Control ist ein vielseitiges Foil f\u00fcr Freeride und Wing Foil. Es bietet Geschwindigkeit, Fl\u00fcssigkeit und Kontrolle in den Kurven.","breadcrumb":{"@id":"https:\/\/staging.srokafinal.lets-preprod.com\/de\/produit\/frontfluegel-1250-control\/#breadcrumb"},"inLanguage":"de","potentialAction":[{"@type":"ReadAction","target":["https:\/\/staging.srokafinal.lets-preprod.com\/de\/produit\/frontfluegel-1250-control\/"]}]},{"@type":"ImageObject","inLanguage":"de","@id":"https:\/\/staging.srokafinal.lets-preprod.com\/de\/produit\/frontfluegel-1250-control\/#primaryimage","url":"https:\/\/staging.srokafinal.lets-preprod.com\/wp-content\/uploads\/2023\/07\/1250-front-control-sroka.jpg","contentUrl":"https:\/\/staging.srokafinal.lets-preprod.com\/wp-content\/uploads\/2023\/07\/1250-front-control-sroka.jpg","width":1480,"height":2160},{"@type":"BreadcrumbList","@id":"https:\/\/staging.srokafinal.lets-preprod.com\/de\/produit\/frontfluegel-1250-control\/#breadcrumb","itemListElement":[{"@type":"ListItem","position":1,"name":"Accueil","item":"https:\/\/staging.srokafinal.lets-preprod.com\/de\/"},{"@type":"ListItem","position":2,"name":"Boutique","item":"https:\/\/staging.srokafinal.lets-preprod.com\/boutique\/"},{"@type":"ListItem","position":3,"name":"Frontfl\u00fcgel 1250 Control"}]},{"@type":"WebSite","@id":"https:\/\/staging.srokafinal.lets-preprod.com\/de\/#website","url":"https:\/\/staging.srokafinal.lets-preprod.com\/de\/","name":"SROKA Company","description":"SUP, Kite, Foil, Wing","publisher":{"@id":"https:\/\/staging.srokafinal.lets-preprod.com\/de\/#organization"},"potentialAction":[{"@type":"SearchAction","target":{"@type":"EntryPoint","urlTemplate":"https:\/\/staging.srokafinal.lets-preprod.com\/de\/?s={search_term_string}"},"query-input":{"@type":"PropertyValueSpecification","valueRequired":true,"valueName":"search_term_string"}}],"inLanguage":"de"},{"@type":"Organization","@id":"https:\/\/staging.srokafinal.lets-preprod.com\/de\/#organization","name":"SROKACOMPANY","alternateName":"SROKA","url":"https:\/\/staging.srokafinal.lets-preprod.com\/de\/","logo":{"@type":"ImageObject","inLanguage":"de","@id":"https:\/\/staging.srokafinal.lets-preprod.com\/de\/#\/schema\/logo\/image\/","url":"https:\/\/staging.srokafinal.lets-preprod.com\/wp-content\/uploads\/2021\/01\/logo-sroka-black-transpa.png","contentUrl":"https:\/\/staging.srokafinal.lets-preprod.com\/wp-content\/uploads\/2021\/01\/logo-sroka-black-transpa.png","width":1201,"height":342,"caption":"SROKACOMPANY"},"image":{"@id":"https:\/\/staging.srokafinal.lets-preprod.com\/de\/#\/schema\/logo\/image\/"},"sameAs":["https:\/\/www.facebook.com\/srokawatersports\/","https:\/\/www.instagram.com\/srokawatersports\/","https:\/\/www.youtube.com\/channel\/UCVLHHeaPIm-J5bdEUgxqtZA"]}]}},"uagb_featured_image_src":{"full":["https:\/\/staging.srokafinal.lets-preprod.com\/wp-content\/uploads\/2023\/07\/1250-front-control-sroka.jpg",1480,2160,false],"thumbnail":["https:\/\/staging.srokafinal.lets-preprod.com\/wp-content\/uploads\/2023\/07\/1250-front-control-sroka-150x150.jpg",150,150,true],"medium":["https:\/\/staging.srokafinal.lets-preprod.com\/wp-content\/uploads\/2023\/07\/1250-front-control-sroka-206x300.jpg",206,300,true],"medium_large":["https:\/\/staging.srokafinal.lets-preprod.com\/wp-content\/uploads\/2023\/07\/1250-front-control-sroka-768x1121.jpg",768,1121,true],"large":["https:\/\/staging.srokafinal.lets-preprod.com\/wp-content\/uploads\/2023\/07\/1250-front-control-sroka-702x1024.jpg",702,1024,true],"1536x1536":["https:\/\/staging.srokafinal.lets-preprod.com\/wp-content\/uploads\/2023\/07\/1250-front-control-sroka-1052x1536.jpg",1052,1536,true],"2048x2048":["https:\/\/staging.srokafinal.lets-preprod.com\/wp-content\/uploads\/2023\/07\/1250-front-control-sroka-1403x2048.jpg",1403,2048,true],"woocommerce_thumbnail":["https:\/\/staging.srokafinal.lets-preprod.com\/wp-content\/uploads\/2023\/07\/1250-front-control-sroka-600x876.jpg",600,876,true],"woocommerce_single":["https:\/\/staging.srokafinal.lets-preprod.com\/wp-content\/uploads\/2023\/07\/1250-front-control-sroka-600x876.jpg",600,876,true],"woocommerce_gallery_thumbnail":["https:\/\/staging.srokafinal.lets-preprod.com\/wp-content\/uploads\/2023\/07\/1250-front-control-sroka-100x100.jpg",100,100,true]},"uagb_author_info":{"display_name":"emmanuel.d emmanuel.d","author_link":"https:\/\/staging.srokafinal.lets-preprod.com\/de\/blog\/author\/"},"uagb_comment_info":0,"uagb_excerpt":"Wie wird der Frontfl\u00fcgel 1250 Control dein Wingfoiling-Erlebnis beim Freeride und in den Wellen ver\u00e4ndern? Das 1250 Control ist ein vielseitiges Foil f\u00fcr Freeride und Wing Foiling auf Wellen. Sein mittelm\u00e4\u00dfiges Verh\u00e4ltnis verleiht Ihnen Fl\u00fcssigkeit in den Kurven und Geschwindigkeit auf den Wellen. Sein Profil sorgt f\u00fcr Auftrieb bei niedrigen Geschwindigkeiten f\u00fcr einen schnellen und&hellip;","_links":{"self":[{"href":"https:\/\/staging.srokafinal.lets-preprod.com\/de\/wp-json\/wp\/v2\/product\/116588","targetHints":{"allow":["GET"]}}],"collection":[{"href":"https:\/\/staging.srokafinal.lets-preprod.com\/de\/wp-json\/wp\/v2\/product"}],"about":[{"href":"https:\/\/staging.srokafinal.lets-preprod.com\/de\/wp-json\/wp\/v2\/types\/product"}],"wp:featuredmedia":[{"embeddable":true,"href":"https:\/\/staging.srokafinal.lets-preprod.com\/de\/wp-json\/wp\/v2\/media\/118852"}],"wp:attachment":[{"href":"https:\/\/staging.srokafinal.lets-preprod.com\/de\/wp-json\/wp\/v2\/media?parent=116588"}],"wp:term":[{"taxonomy":"product_brand","embeddable":true,"href":"https:\/\/staging.srokafinal.lets-preprod.com\/de\/wp-json\/wp\/v2\/product_brand?post=116588"},{"taxonomy":"product_cat","embeddable":true,"href":"https:\/\/staging.srokafinal.lets-preprod.com\/de\/wp-json\/wp\/v2\/product_cat?post=116588"},{"taxonomy":"product_tag","embeddable":true,"href":"https:\/\/staging.srokafinal.lets-preprod.com\/de\/wp-json\/wp\/v2\/product_tag?post=116588"}],"curies":[{"name":"wp","href":"https:\/\/api.w.org\/{rel}","templated":true}]}}