


{"id":116613,"date":"2023-07-25T09:32:13","date_gmt":"2023-07-25T07:32:13","guid":{"rendered":"https:\/\/srokacompany.com\/produit\/frontfluegel-s-foil-high-aspect-1190-waves\/"},"modified":"2024-05-30T09:15:30","modified_gmt":"2024-05-30T09:15:30","slug":"frontfluegel-s-foil-high-aspect-1190-waves","status":"publish","type":"product","link":"https:\/\/staging.srokafinal.lets-preprod.com\/de\/produit\/frontfluegel-s-foil-high-aspect-1190-waves\/","title":{"rendered":"Frontfl\u00fcgel S-Foil High Aspect 1190 Waves"},"content":{"rendered":"<hr>\n<h2>Flex Management: Ein neues Verfahren zur Optimierung der Pumpleistung.<\/h2>\n<p>Durch umfangreiche Tests und monatelange Forschung und Entwicklung haben wir verschiedene Methoden angewendet, wie z. B. eine sorgf\u00e4ltige Materialauswahl, eine strategische Organisation der Carbonschichten, eine gezielte Verteilung der Verst\u00e4rkungen und ein pr\u00e4zises Profildesign, um den Flex des Frontfl\u00fcgels zu steuern und so ein identisches Profil wie beim 1190 Speed zu erhalten.  aber mit etwas mehr Flexibilit\u00e4t f\u00fcr eine verbesserte Pumpleistung.<\/p>\n<p>Es ist eine perfekte Balance, um das Beste aus kleinen und mittleren Wellen zu machen, w\u00e4hrend Sie Ihre Ausdauer zwischen den Wellen bewahren und ein hohes Saugverm\u00f6gen beibehalten.<\/p>\n<p><em>3x M8 16mm Rumpf-\/Frontfl\u00fcgelbefestigungsschrauben im Lieferumfang enthalten.  <\/em><\/p>\n<p><a href=\"https:\/\/srokacompany.com\/produit\/s-foil-high-aspect-1190-wave\/\">Vollfolie hier.  <\/a><\/p>\n","protected":false},"excerpt":{"rendered":"<p>Flex Management: Ein neues Verfahren zur Optimierung der Pumpleistung. Durch umfangreiche Tests und monatelange Forschung und Entwicklung haben wir verschiedene Methoden angewendet, wie z. B. eine sorgf\u00e4ltige Materialauswahl, eine strategische Organisation der Carbonschichten, eine gezielte Verteilung der Verst\u00e4rkungen und ein pr\u00e4zises Profildesign, um den Flex des Frontfl\u00fcgels zu steuern und so ein identisches Profil wie [&hellip;]<\/p>\n","protected":false},"featured_media":116637,"template":"","meta":{"_acf_changed":false,"_uag_custom_page_level_css":""},"product_brand":[],"product_cat":[2783],"product_tag":[],"class_list":{"0":"post-116613","1":"product","2":"type-product","3":"status-publish","4":"has-post-thumbnail","6":"product_cat-surf-folie","8":"first","9":"instock","10":"taxable","11":"shipping-taxable","12":"purchasable","13":"product-type-simple"},"acf":[],"yoast_head":"<!-- This site is optimized with the Yoast SEO plugin v25.1 - https:\/\/yoast.com\/wordpress\/plugins\/seo\/ -->\n<title>Frontfl\u00fcgel S-Foil High Aspect 1190 Waves - SROKA Company<\/title>\n<meta name=\"description\" content=\"1190 Wave Frontfl\u00fcgel: ein kontrollierter Flex, der die Pumpleistung erh\u00f6ht. Perfekt f\u00fcr kleine und mittelgro\u00dfe Wellen.\" \/>\n<meta name=\"robots\" content=\"noindex, follow, max-snippet:-1, max-image-preview:large, max-video-preview:-1\" \/>\n<meta property=\"og:locale\" content=\"de_DE\" \/>\n<meta property=\"og:type\" content=\"article\" \/>\n<meta property=\"og:title\" content=\"Frontfl\u00fcgel S-Foil High Aspect 1190 Waves - SROKA Company\" \/>\n<meta property=\"og:description\" content=\"1190 Wave Frontfl\u00fcgel: ein kontrollierter Flex, der die Pumpleistung erh\u00f6ht. Perfekt f\u00fcr kleine und mittelgro\u00dfe Wellen.\" \/>\n<meta property=\"og:url\" content=\"https:\/\/staging.srokafinal.lets-preprod.com\/de\/produit\/frontfluegel-s-foil-high-aspect-1190-waves\/\" \/>\n<meta property=\"og:site_name\" content=\"SROKA Company\" \/>\n<meta property=\"article:publisher\" content=\"https:\/\/www.facebook.com\/srokawatersports\/\" \/>\n<meta property=\"article:modified_time\" content=\"2024-05-30T09:15:30+00:00\" \/>\n<meta property=\"og:image\" content=\"https:\/\/staging.srokafinal.lets-preprod.com\/wp-content\/uploads\/2023\/07\/Aile-avant-1190-waves-1-1.png\" \/>\n\t<meta property=\"og:image:width\" content=\"740\" \/>\n\t<meta property=\"og:image:height\" content=\"1080\" \/>\n\t<meta property=\"og:image:type\" content=\"image\/png\" \/>\n<meta name=\"twitter:label1\" content=\"Gesch\u00e4tzte Lesezeit\" \/>\n\t<meta name=\"twitter:data1\" content=\"1\u00a0Minute\" \/>\n<script type=\"application\/ld+json\" class=\"yoast-schema-graph\">{\"@context\":\"https:\/\/schema.org\",\"@graph\":[{\"@type\":\"WebPage\",\"@id\":\"https:\/\/staging.srokafinal.lets-preprod.com\/de\/produit\/frontfluegel-s-foil-high-aspect-1190-waves\/\",\"url\":\"https:\/\/staging.srokafinal.lets-preprod.com\/de\/produit\/frontfluegel-s-foil-high-aspect-1190-waves\/\",\"name\":\"Frontfl\u00fcgel S-Foil High Aspect 1190 Waves - SROKA Company\",\"isPartOf\":{\"@id\":\"https:\/\/staging.srokafinal.lets-preprod.com\/de\/#website\"},\"primaryImageOfPage\":{\"@id\":\"https:\/\/staging.srokafinal.lets-preprod.com\/de\/produit\/frontfluegel-s-foil-high-aspect-1190-waves\/#primaryimage\"},\"image\":{\"@id\":\"https:\/\/staging.srokafinal.lets-preprod.com\/de\/produit\/frontfluegel-s-foil-high-aspect-1190-waves\/#primaryimage\"},\"thumbnailUrl\":\"https:\/\/staging.srokafinal.lets-preprod.com\/wp-content\/uploads\/2023\/07\/Aile-avant-1190-waves-1-1.png\",\"datePublished\":\"2023-07-25T07:32:13+00:00\",\"dateModified\":\"2024-05-30T09:15:30+00:00\",\"description\":\"1190 Wave Frontfl\u00fcgel: ein kontrollierter Flex, der die Pumpleistung erh\u00f6ht. Perfekt f\u00fcr kleine und mittelgro\u00dfe Wellen.\",\"breadcrumb\":{\"@id\":\"https:\/\/staging.srokafinal.lets-preprod.com\/de\/produit\/frontfluegel-s-foil-high-aspect-1190-waves\/#breadcrumb\"},\"inLanguage\":\"de\",\"potentialAction\":[{\"@type\":\"ReadAction\",\"target\":[\"https:\/\/staging.srokafinal.lets-preprod.com\/de\/produit\/frontfluegel-s-foil-high-aspect-1190-waves\/\"]}]},{\"@type\":\"ImageObject\",\"inLanguage\":\"de\",\"@id\":\"https:\/\/staging.srokafinal.lets-preprod.com\/de\/produit\/frontfluegel-s-foil-high-aspect-1190-waves\/#primaryimage\",\"url\":\"https:\/\/staging.srokafinal.lets-preprod.com\/wp-content\/uploads\/2023\/07\/Aile-avant-1190-waves-1-1.png\",\"contentUrl\":\"https:\/\/staging.srokafinal.lets-preprod.com\/wp-content\/uploads\/2023\/07\/Aile-avant-1190-waves-1-1.png\",\"width\":740,\"height\":1080,\"caption\":\"Produktfoto Frontfl\u00fcgel 1190 Wellen (1)\"},{\"@type\":\"BreadcrumbList\",\"@id\":\"https:\/\/staging.srokafinal.lets-preprod.com\/de\/produit\/frontfluegel-s-foil-high-aspect-1190-waves\/#breadcrumb\",\"itemListElement\":[{\"@type\":\"ListItem\",\"position\":1,\"name\":\"Accueil\",\"item\":\"https:\/\/staging.srokafinal.lets-preprod.com\/de\/\"},{\"@type\":\"ListItem\",\"position\":2,\"name\":\"Boutique\",\"item\":\"https:\/\/staging.srokafinal.lets-preprod.com\/boutique\/\"},{\"@type\":\"ListItem\",\"position\":3,\"name\":\"Frontfl\u00fcgel S-Foil High Aspect 1190 Waves\"}]},{\"@type\":\"WebSite\",\"@id\":\"https:\/\/staging.srokafinal.lets-preprod.com\/de\/#website\",\"url\":\"https:\/\/staging.srokafinal.lets-preprod.com\/de\/\",\"name\":\"SROKA Company\",\"description\":\"SUP, Kite, Foil, Wing\",\"publisher\":{\"@id\":\"https:\/\/staging.srokafinal.lets-preprod.com\/de\/#organization\"},\"potentialAction\":[{\"@type\":\"SearchAction\",\"target\":{\"@type\":\"EntryPoint\",\"urlTemplate\":\"https:\/\/staging.srokafinal.lets-preprod.com\/de\/?s={search_term_string}\"},\"query-input\":{\"@type\":\"PropertyValueSpecification\",\"valueRequired\":true,\"valueName\":\"search_term_string\"}}],\"inLanguage\":\"de\"},{\"@type\":\"Organization\",\"@id\":\"https:\/\/staging.srokafinal.lets-preprod.com\/de\/#organization\",\"name\":\"SROKACOMPANY\",\"alternateName\":\"SROKA\",\"url\":\"https:\/\/staging.srokafinal.lets-preprod.com\/de\/\",\"logo\":{\"@type\":\"ImageObject\",\"inLanguage\":\"de\",\"@id\":\"https:\/\/staging.srokafinal.lets-preprod.com\/de\/#\/schema\/logo\/image\/\",\"url\":\"https:\/\/staging.srokafinal.lets-preprod.com\/wp-content\/uploads\/2021\/01\/logo-sroka-black-transpa.png\",\"contentUrl\":\"https:\/\/staging.srokafinal.lets-preprod.com\/wp-content\/uploads\/2021\/01\/logo-sroka-black-transpa.png\",\"width\":1201,\"height\":342,\"caption\":\"SROKACOMPANY\"},\"image\":{\"@id\":\"https:\/\/staging.srokafinal.lets-preprod.com\/de\/#\/schema\/logo\/image\/\"},\"sameAs\":[\"https:\/\/www.facebook.com\/srokawatersports\/\",\"https:\/\/www.instagram.com\/srokawatersports\/\",\"https:\/\/www.youtube.com\/channel\/UCVLHHeaPIm-J5bdEUgxqtZA\"]}]}<\/script>\n<!-- \/ Yoast SEO plugin. -->","yoast_head_json":{"title":"Frontfl\u00fcgel S-Foil High Aspect 1190 Waves - SROKA Company","description":"1190 Wave Frontfl\u00fcgel: ein kontrollierter Flex, der die Pumpleistung erh\u00f6ht. Perfekt f\u00fcr kleine und mittelgro\u00dfe Wellen.","robots":{"index":"noindex","follow":"follow","max-snippet":"max-snippet:-1","max-image-preview":"max-image-preview:large","max-video-preview":"max-video-preview:-1"},"og_locale":"de_DE","og_type":"article","og_title":"Frontfl\u00fcgel S-Foil High Aspect 1190 Waves - SROKA Company","og_description":"1190 Wave Frontfl\u00fcgel: ein kontrollierter Flex, der die Pumpleistung erh\u00f6ht. Perfekt f\u00fcr kleine und mittelgro\u00dfe Wellen.","og_url":"https:\/\/staging.srokafinal.lets-preprod.com\/de\/produit\/frontfluegel-s-foil-high-aspect-1190-waves\/","og_site_name":"SROKA Company","article_publisher":"https:\/\/www.facebook.com\/srokawatersports\/","article_modified_time":"2024-05-30T09:15:30+00:00","og_image":[{"width":740,"height":1080,"url":"https:\/\/staging.srokafinal.lets-preprod.com\/wp-content\/uploads\/2023\/07\/Aile-avant-1190-waves-1-1.png","type":"image\/png"}],"twitter_misc":{"Gesch\u00e4tzte Lesezeit":"1\u00a0Minute"},"schema":{"@context":"https:\/\/schema.org","@graph":[{"@type":"WebPage","@id":"https:\/\/staging.srokafinal.lets-preprod.com\/de\/produit\/frontfluegel-s-foil-high-aspect-1190-waves\/","url":"https:\/\/staging.srokafinal.lets-preprod.com\/de\/produit\/frontfluegel-s-foil-high-aspect-1190-waves\/","name":"Frontfl\u00fcgel S-Foil High Aspect 1190 Waves - SROKA Company","isPartOf":{"@id":"https:\/\/staging.srokafinal.lets-preprod.com\/de\/#website"},"primaryImageOfPage":{"@id":"https:\/\/staging.srokafinal.lets-preprod.com\/de\/produit\/frontfluegel-s-foil-high-aspect-1190-waves\/#primaryimage"},"image":{"@id":"https:\/\/staging.srokafinal.lets-preprod.com\/de\/produit\/frontfluegel-s-foil-high-aspect-1190-waves\/#primaryimage"},"thumbnailUrl":"https:\/\/staging.srokafinal.lets-preprod.com\/wp-content\/uploads\/2023\/07\/Aile-avant-1190-waves-1-1.png","datePublished":"2023-07-25T07:32:13+00:00","dateModified":"2024-05-30T09:15:30+00:00","description":"1190 Wave Frontfl\u00fcgel: ein kontrollierter Flex, der die Pumpleistung erh\u00f6ht. Perfekt f\u00fcr kleine und mittelgro\u00dfe Wellen.","breadcrumb":{"@id":"https:\/\/staging.srokafinal.lets-preprod.com\/de\/produit\/frontfluegel-s-foil-high-aspect-1190-waves\/#breadcrumb"},"inLanguage":"de","potentialAction":[{"@type":"ReadAction","target":["https:\/\/staging.srokafinal.lets-preprod.com\/de\/produit\/frontfluegel-s-foil-high-aspect-1190-waves\/"]}]},{"@type":"ImageObject","inLanguage":"de","@id":"https:\/\/staging.srokafinal.lets-preprod.com\/de\/produit\/frontfluegel-s-foil-high-aspect-1190-waves\/#primaryimage","url":"https:\/\/staging.srokafinal.lets-preprod.com\/wp-content\/uploads\/2023\/07\/Aile-avant-1190-waves-1-1.png","contentUrl":"https:\/\/staging.srokafinal.lets-preprod.com\/wp-content\/uploads\/2023\/07\/Aile-avant-1190-waves-1-1.png","width":740,"height":1080,"caption":"Produktfoto Frontfl\u00fcgel 1190 Wellen (1)"},{"@type":"BreadcrumbList","@id":"https:\/\/staging.srokafinal.lets-preprod.com\/de\/produit\/frontfluegel-s-foil-high-aspect-1190-waves\/#breadcrumb","itemListElement":[{"@type":"ListItem","position":1,"name":"Accueil","item":"https:\/\/staging.srokafinal.lets-preprod.com\/de\/"},{"@type":"ListItem","position":2,"name":"Boutique","item":"https:\/\/staging.srokafinal.lets-preprod.com\/boutique\/"},{"@type":"ListItem","position":3,"name":"Frontfl\u00fcgel S-Foil High Aspect 1190 Waves"}]},{"@type":"WebSite","@id":"https:\/\/staging.srokafinal.lets-preprod.com\/de\/#website","url":"https:\/\/staging.srokafinal.lets-preprod.com\/de\/","name":"SROKA Company","description":"SUP, Kite, Foil, Wing","publisher":{"@id":"https:\/\/staging.srokafinal.lets-preprod.com\/de\/#organization"},"potentialAction":[{"@type":"SearchAction","target":{"@type":"EntryPoint","urlTemplate":"https:\/\/staging.srokafinal.lets-preprod.com\/de\/?s={search_term_string}"},"query-input":{"@type":"PropertyValueSpecification","valueRequired":true,"valueName":"search_term_string"}}],"inLanguage":"de"},{"@type":"Organization","@id":"https:\/\/staging.srokafinal.lets-preprod.com\/de\/#organization","name":"SROKACOMPANY","alternateName":"SROKA","url":"https:\/\/staging.srokafinal.lets-preprod.com\/de\/","logo":{"@type":"ImageObject","inLanguage":"de","@id":"https:\/\/staging.srokafinal.lets-preprod.com\/de\/#\/schema\/logo\/image\/","url":"https:\/\/staging.srokafinal.lets-preprod.com\/wp-content\/uploads\/2021\/01\/logo-sroka-black-transpa.png","contentUrl":"https:\/\/staging.srokafinal.lets-preprod.com\/wp-content\/uploads\/2021\/01\/logo-sroka-black-transpa.png","width":1201,"height":342,"caption":"SROKACOMPANY"},"image":{"@id":"https:\/\/staging.srokafinal.lets-preprod.com\/de\/#\/schema\/logo\/image\/"},"sameAs":["https:\/\/www.facebook.com\/srokawatersports\/","https:\/\/www.instagram.com\/srokawatersports\/","https:\/\/www.youtube.com\/channel\/UCVLHHeaPIm-J5bdEUgxqtZA"]}]}},"uagb_featured_image_src":{"full":["https:\/\/staging.srokafinal.lets-preprod.com\/wp-content\/uploads\/2023\/07\/Aile-avant-1190-waves-1-1.png",740,1080,false],"thumbnail":["https:\/\/staging.srokafinal.lets-preprod.com\/wp-content\/uploads\/2023\/07\/Aile-avant-1190-waves-1-1-150x150.png",150,150,true],"medium":["https:\/\/staging.srokafinal.lets-preprod.com\/wp-content\/uploads\/2023\/07\/Aile-avant-1190-waves-1-1-206x300.png",206,300,true],"medium_large":["https:\/\/staging.srokafinal.lets-preprod.com\/wp-content\/uploads\/2023\/07\/Aile-avant-1190-waves-1-1.png",740,1080,false],"large":["https:\/\/staging.srokafinal.lets-preprod.com\/wp-content\/uploads\/2023\/07\/Aile-avant-1190-waves-1-1-702x1024.png",702,1024,true],"1536x1536":["https:\/\/staging.srokafinal.lets-preprod.com\/wp-content\/uploads\/2023\/07\/Aile-avant-1190-waves-1-1.png",740,1080,false],"2048x2048":["https:\/\/staging.srokafinal.lets-preprod.com\/wp-content\/uploads\/2023\/07\/Aile-avant-1190-waves-1-1.png",740,1080,false],"woocommerce_thumbnail":["https:\/\/staging.srokafinal.lets-preprod.com\/wp-content\/uploads\/2023\/07\/Aile-avant-1190-waves-1-1-600x876.png",600,876,true],"woocommerce_single":["https:\/\/staging.srokafinal.lets-preprod.com\/wp-content\/uploads\/2023\/07\/Aile-avant-1190-waves-1-1-600x876.png",600,876,true],"woocommerce_gallery_thumbnail":["https:\/\/staging.srokafinal.lets-preprod.com\/wp-content\/uploads\/2023\/07\/Aile-avant-1190-waves-1-1-100x100.png",100,100,true]},"uagb_author_info":{"display_name":"emmanuel.d emmanuel.d","author_link":"https:\/\/staging.srokafinal.lets-preprod.com\/de\/blog\/author\/"},"uagb_comment_info":0,"uagb_excerpt":"Flex Management: Ein neues Verfahren zur Optimierung der Pumpleistung. Durch umfangreiche Tests und monatelange Forschung und Entwicklung haben wir verschiedene Methoden angewendet, wie z. B. eine sorgf\u00e4ltige Materialauswahl, eine strategische Organisation der Carbonschichten, eine gezielte Verteilung der Verst\u00e4rkungen und ein pr\u00e4zises Profildesign, um den Flex des Frontfl\u00fcgels zu steuern und so ein identisches Profil wie&hellip;","_links":{"self":[{"href":"https:\/\/staging.srokafinal.lets-preprod.com\/de\/wp-json\/wp\/v2\/product\/116613","targetHints":{"allow":["GET"]}}],"collection":[{"href":"https:\/\/staging.srokafinal.lets-preprod.com\/de\/wp-json\/wp\/v2\/product"}],"about":[{"href":"https:\/\/staging.srokafinal.lets-preprod.com\/de\/wp-json\/wp\/v2\/types\/product"}],"wp:featuredmedia":[{"embeddable":true,"href":"https:\/\/staging.srokafinal.lets-preprod.com\/de\/wp-json\/wp\/v2\/media\/116637"}],"wp:attachment":[{"href":"https:\/\/staging.srokafinal.lets-preprod.com\/de\/wp-json\/wp\/v2\/media?parent=116613"}],"wp:term":[{"taxonomy":"product_brand","embeddable":true,"href":"https:\/\/staging.srokafinal.lets-preprod.com\/de\/wp-json\/wp\/v2\/product_brand?post=116613"},{"taxonomy":"product_cat","embeddable":true,"href":"https:\/\/staging.srokafinal.lets-preprod.com\/de\/wp-json\/wp\/v2\/product_cat?post=116613"},{"taxonomy":"product_tag","embeddable":true,"href":"https:\/\/staging.srokafinal.lets-preprod.com\/de\/wp-json\/wp\/v2\/product_tag?post=116613"}],"curies":[{"name":"wp","href":"https:\/\/api.w.org\/{rel}","templated":true}]}}