


{"id":116651,"date":"2023-07-24T14:18:17","date_gmt":"2023-07-24T12:18:17","guid":{"rendered":"https:\/\/srokacompany.com\/produit\/frontfluegel-high-aspect-670-s-ha\/"},"modified":"2024-10-18T16:22:19","modified_gmt":"2024-10-18T16:22:19","slug":"frontfluegel-high-aspect-670-s-ha","status":"publish","type":"product","link":"https:\/\/staging.srokafinal.lets-preprod.com\/de\/produit\/frontfluegel-high-aspect-670-s-ha\/","title":{"rendered":"Frontfl\u00fcgel High Aspect 670 S HA"},"content":{"rendered":"<hr>\n<h2>Erlebe die ultimative Kraft des Wingfoilens mit dem neuen HA 670 S<\/h2>\n<p>Jede Sitzung wird zu einem sensationellen Erlebnis, bei dem die perfekte Verschmelzung zwischen Ihrer technischen Meisterschaft und der Effizienz der Flosse es Ihnen erm\u00f6glicht, bisher unerforschte H\u00f6hen zu erreichen.<\/p>\n<p>Sie \u00f6ffnen die T\u00fcren zu einer Welt, in der Ihre F\u00e4higkeiten mit Technologie kombiniert werden, um Ihnen ein Bootserlebnis zu bieten, das die Essenz Ihrer Leidenschaft f\u00fcr diesen Sport ber\u00fchrt.<\/p>\n<p>F\u00fcr alle Liebhaber von Tow in. Sie haben keine Beschr\u00e4nkungen der Wellengr\u00f6\u00dfe mehr. Was wird Ihr Limit sein? Es liegt an Ihnen, es auszuprobieren!!<\/p>\n","protected":false},"excerpt":{"rendered":"<p>Erlebe die ultimative Kraft des Wingfoilens mit dem neuen HA 670 S Jede Sitzung wird zu einem sensationellen Erlebnis, bei dem die perfekte Verschmelzung zwischen Ihrer technischen Meisterschaft und der Effizienz der Flosse es Ihnen erm\u00f6glicht, bisher unerforschte H\u00f6hen zu erreichen. Sie \u00f6ffnen die T\u00fcren zu einer Welt, in der Ihre F\u00e4higkeiten mit Technologie kombiniert [&hellip;]<\/p>\n","protected":false},"featured_media":130394,"template":"","meta":{"_acf_changed":false,"_uag_custom_page_level_css":""},"product_brand":[],"product_cat":[],"product_tag":[],"class_list":{"0":"post-116651","1":"product","2":"type-product","3":"status-publish","4":"has-post-thumbnail","6":"product_shipping_class-komplettes-foil-oder-ersatzteile-flugeleinheit","8":"first","9":"instock","10":"taxable","11":"shipping-taxable","12":"purchasable","13":"product-type-simple"},"acf":[],"yoast_head":"<!-- This site is optimized with the Yoast SEO plugin v25.1 - https:\/\/yoast.com\/wordpress\/plugins\/seo\/ -->\n<title>Frontfl\u00fcgel High Aspect 670 S HA - SROKA Company<\/title>\n<meta name=\"description\" content=\"Erleben Sie die Geschwindigkeit und Leistung des 670 HA S. Ein Frontfl\u00fcgel, der Ihre Grenzen noch weiter ausloten wird. \u00dcberholen Sie alle anderen mit voller Geschwindigkeit!\" \/>\n<meta name=\"robots\" content=\"noindex, follow, max-snippet:-1, max-image-preview:large, max-video-preview:-1\" \/>\n<meta property=\"og:locale\" content=\"de_DE\" \/>\n<meta property=\"og:type\" content=\"article\" \/>\n<meta property=\"og:title\" content=\"Frontfl\u00fcgel High Aspect 670 S HA - SROKA Company\" \/>\n<meta property=\"og:description\" content=\"Erleben Sie die Geschwindigkeit und Leistung des 670 HA S. Ein Frontfl\u00fcgel, der Ihre Grenzen noch weiter ausloten wird. \u00dcberholen Sie alle anderen mit voller Geschwindigkeit!\" \/>\n<meta property=\"og:url\" content=\"https:\/\/staging.srokafinal.lets-preprod.com\/de\/produit\/frontfluegel-high-aspect-670-s-ha\/\" \/>\n<meta property=\"og:site_name\" content=\"SROKA Company\" \/>\n<meta property=\"article:publisher\" content=\"https:\/\/www.facebook.com\/srokawatersports\/\" \/>\n<meta property=\"article:modified_time\" content=\"2024-10-18T16:22:19+00:00\" \/>\n<meta property=\"og:image\" content=\"https:\/\/staging.srokafinal.lets-preprod.com\/wp-content\/uploads\/2023\/07\/670-HA.jpg\" \/>\n\t<meta property=\"og:image:width\" content=\"1200\" \/>\n\t<meta property=\"og:image:height\" content=\"912\" \/>\n\t<meta property=\"og:image:type\" content=\"image\/jpeg\" \/>\n<meta name=\"twitter:label1\" content=\"Gesch\u00e4tzte Lesezeit\" \/>\n\t<meta name=\"twitter:data1\" content=\"1\u00a0Minute\" \/>\n<script type=\"application\/ld+json\" class=\"yoast-schema-graph\">{\"@context\":\"https:\/\/schema.org\",\"@graph\":[{\"@type\":\"WebPage\",\"@id\":\"https:\/\/staging.srokafinal.lets-preprod.com\/de\/produit\/frontfluegel-high-aspect-670-s-ha\/\",\"url\":\"https:\/\/staging.srokafinal.lets-preprod.com\/de\/produit\/frontfluegel-high-aspect-670-s-ha\/\",\"name\":\"Frontfl\u00fcgel High Aspect 670 S HA - SROKA Company\",\"isPartOf\":{\"@id\":\"https:\/\/staging.srokafinal.lets-preprod.com\/de\/#website\"},\"primaryImageOfPage\":{\"@id\":\"https:\/\/staging.srokafinal.lets-preprod.com\/de\/produit\/frontfluegel-high-aspect-670-s-ha\/#primaryimage\"},\"image\":{\"@id\":\"https:\/\/staging.srokafinal.lets-preprod.com\/de\/produit\/frontfluegel-high-aspect-670-s-ha\/#primaryimage\"},\"thumbnailUrl\":\"https:\/\/staging.srokafinal.lets-preprod.com\/wp-content\/uploads\/2023\/07\/670-HA.jpg\",\"datePublished\":\"2023-07-24T12:18:17+00:00\",\"dateModified\":\"2024-10-18T16:22:19+00:00\",\"description\":\"Erleben Sie die Geschwindigkeit und Leistung des 670 HA S. Ein Frontfl\u00fcgel, der Ihre Grenzen noch weiter ausloten wird. \u00dcberholen Sie alle anderen mit voller Geschwindigkeit!\",\"breadcrumb\":{\"@id\":\"https:\/\/staging.srokafinal.lets-preprod.com\/de\/produit\/frontfluegel-high-aspect-670-s-ha\/#breadcrumb\"},\"inLanguage\":\"de\",\"potentialAction\":[{\"@type\":\"ReadAction\",\"target\":[\"https:\/\/staging.srokafinal.lets-preprod.com\/de\/produit\/frontfluegel-high-aspect-670-s-ha\/\"]}]},{\"@type\":\"ImageObject\",\"inLanguage\":\"de\",\"@id\":\"https:\/\/staging.srokafinal.lets-preprod.com\/de\/produit\/frontfluegel-high-aspect-670-s-ha\/#primaryimage\",\"url\":\"https:\/\/staging.srokafinal.lets-preprod.com\/wp-content\/uploads\/2023\/07\/670-HA.jpg\",\"contentUrl\":\"https:\/\/staging.srokafinal.lets-preprod.com\/wp-content\/uploads\/2023\/07\/670-HA.jpg\",\"width\":1200,\"height\":912},{\"@type\":\"BreadcrumbList\",\"@id\":\"https:\/\/staging.srokafinal.lets-preprod.com\/de\/produit\/frontfluegel-high-aspect-670-s-ha\/#breadcrumb\",\"itemListElement\":[{\"@type\":\"ListItem\",\"position\":1,\"name\":\"Accueil\",\"item\":\"https:\/\/staging.srokafinal.lets-preprod.com\/de\/\"},{\"@type\":\"ListItem\",\"position\":2,\"name\":\"Boutique\",\"item\":\"https:\/\/staging.srokafinal.lets-preprod.com\/boutique\/\"},{\"@type\":\"ListItem\",\"position\":3,\"name\":\"Frontfl\u00fcgel High Aspect 670 S HA\"}]},{\"@type\":\"WebSite\",\"@id\":\"https:\/\/staging.srokafinal.lets-preprod.com\/de\/#website\",\"url\":\"https:\/\/staging.srokafinal.lets-preprod.com\/de\/\",\"name\":\"SROKA Company\",\"description\":\"SUP, Kite, Foil, Wing\",\"publisher\":{\"@id\":\"https:\/\/staging.srokafinal.lets-preprod.com\/de\/#organization\"},\"potentialAction\":[{\"@type\":\"SearchAction\",\"target\":{\"@type\":\"EntryPoint\",\"urlTemplate\":\"https:\/\/staging.srokafinal.lets-preprod.com\/de\/?s={search_term_string}\"},\"query-input\":{\"@type\":\"PropertyValueSpecification\",\"valueRequired\":true,\"valueName\":\"search_term_string\"}}],\"inLanguage\":\"de\"},{\"@type\":\"Organization\",\"@id\":\"https:\/\/staging.srokafinal.lets-preprod.com\/de\/#organization\",\"name\":\"SROKACOMPANY\",\"alternateName\":\"SROKA\",\"url\":\"https:\/\/staging.srokafinal.lets-preprod.com\/de\/\",\"logo\":{\"@type\":\"ImageObject\",\"inLanguage\":\"de\",\"@id\":\"https:\/\/staging.srokafinal.lets-preprod.com\/de\/#\/schema\/logo\/image\/\",\"url\":\"https:\/\/staging.srokafinal.lets-preprod.com\/wp-content\/uploads\/2021\/01\/logo-sroka-black-transpa.png\",\"contentUrl\":\"https:\/\/staging.srokafinal.lets-preprod.com\/wp-content\/uploads\/2021\/01\/logo-sroka-black-transpa.png\",\"width\":1201,\"height\":342,\"caption\":\"SROKACOMPANY\"},\"image\":{\"@id\":\"https:\/\/staging.srokafinal.lets-preprod.com\/de\/#\/schema\/logo\/image\/\"},\"sameAs\":[\"https:\/\/www.facebook.com\/srokawatersports\/\",\"https:\/\/www.instagram.com\/srokawatersports\/\",\"https:\/\/www.youtube.com\/channel\/UCVLHHeaPIm-J5bdEUgxqtZA\"]}]}<\/script>\n<!-- \/ Yoast SEO plugin. -->","yoast_head_json":{"title":"Frontfl\u00fcgel High Aspect 670 S HA - SROKA Company","description":"Erleben Sie die Geschwindigkeit und Leistung des 670 HA S. Ein Frontfl\u00fcgel, der Ihre Grenzen noch weiter ausloten wird. \u00dcberholen Sie alle anderen mit voller Geschwindigkeit!","robots":{"index":"noindex","follow":"follow","max-snippet":"max-snippet:-1","max-image-preview":"max-image-preview:large","max-video-preview":"max-video-preview:-1"},"og_locale":"de_DE","og_type":"article","og_title":"Frontfl\u00fcgel High Aspect 670 S HA - SROKA Company","og_description":"Erleben Sie die Geschwindigkeit und Leistung des 670 HA S. Ein Frontfl\u00fcgel, der Ihre Grenzen noch weiter ausloten wird. \u00dcberholen Sie alle anderen mit voller Geschwindigkeit!","og_url":"https:\/\/staging.srokafinal.lets-preprod.com\/de\/produit\/frontfluegel-high-aspect-670-s-ha\/","og_site_name":"SROKA Company","article_publisher":"https:\/\/www.facebook.com\/srokawatersports\/","article_modified_time":"2024-10-18T16:22:19+00:00","og_image":[{"width":1200,"height":912,"url":"https:\/\/staging.srokafinal.lets-preprod.com\/wp-content\/uploads\/2023\/07\/670-HA.jpg","type":"image\/jpeg"}],"twitter_misc":{"Gesch\u00e4tzte Lesezeit":"1\u00a0Minute"},"schema":{"@context":"https:\/\/schema.org","@graph":[{"@type":"WebPage","@id":"https:\/\/staging.srokafinal.lets-preprod.com\/de\/produit\/frontfluegel-high-aspect-670-s-ha\/","url":"https:\/\/staging.srokafinal.lets-preprod.com\/de\/produit\/frontfluegel-high-aspect-670-s-ha\/","name":"Frontfl\u00fcgel High Aspect 670 S HA - SROKA Company","isPartOf":{"@id":"https:\/\/staging.srokafinal.lets-preprod.com\/de\/#website"},"primaryImageOfPage":{"@id":"https:\/\/staging.srokafinal.lets-preprod.com\/de\/produit\/frontfluegel-high-aspect-670-s-ha\/#primaryimage"},"image":{"@id":"https:\/\/staging.srokafinal.lets-preprod.com\/de\/produit\/frontfluegel-high-aspect-670-s-ha\/#primaryimage"},"thumbnailUrl":"https:\/\/staging.srokafinal.lets-preprod.com\/wp-content\/uploads\/2023\/07\/670-HA.jpg","datePublished":"2023-07-24T12:18:17+00:00","dateModified":"2024-10-18T16:22:19+00:00","description":"Erleben Sie die Geschwindigkeit und Leistung des 670 HA S. Ein Frontfl\u00fcgel, der Ihre Grenzen noch weiter ausloten wird. \u00dcberholen Sie alle anderen mit voller Geschwindigkeit!","breadcrumb":{"@id":"https:\/\/staging.srokafinal.lets-preprod.com\/de\/produit\/frontfluegel-high-aspect-670-s-ha\/#breadcrumb"},"inLanguage":"de","potentialAction":[{"@type":"ReadAction","target":["https:\/\/staging.srokafinal.lets-preprod.com\/de\/produit\/frontfluegel-high-aspect-670-s-ha\/"]}]},{"@type":"ImageObject","inLanguage":"de","@id":"https:\/\/staging.srokafinal.lets-preprod.com\/de\/produit\/frontfluegel-high-aspect-670-s-ha\/#primaryimage","url":"https:\/\/staging.srokafinal.lets-preprod.com\/wp-content\/uploads\/2023\/07\/670-HA.jpg","contentUrl":"https:\/\/staging.srokafinal.lets-preprod.com\/wp-content\/uploads\/2023\/07\/670-HA.jpg","width":1200,"height":912},{"@type":"BreadcrumbList","@id":"https:\/\/staging.srokafinal.lets-preprod.com\/de\/produit\/frontfluegel-high-aspect-670-s-ha\/#breadcrumb","itemListElement":[{"@type":"ListItem","position":1,"name":"Accueil","item":"https:\/\/staging.srokafinal.lets-preprod.com\/de\/"},{"@type":"ListItem","position":2,"name":"Boutique","item":"https:\/\/staging.srokafinal.lets-preprod.com\/boutique\/"},{"@type":"ListItem","position":3,"name":"Frontfl\u00fcgel High Aspect 670 S HA"}]},{"@type":"WebSite","@id":"https:\/\/staging.srokafinal.lets-preprod.com\/de\/#website","url":"https:\/\/staging.srokafinal.lets-preprod.com\/de\/","name":"SROKA Company","description":"SUP, Kite, Foil, Wing","publisher":{"@id":"https:\/\/staging.srokafinal.lets-preprod.com\/de\/#organization"},"potentialAction":[{"@type":"SearchAction","target":{"@type":"EntryPoint","urlTemplate":"https:\/\/staging.srokafinal.lets-preprod.com\/de\/?s={search_term_string}"},"query-input":{"@type":"PropertyValueSpecification","valueRequired":true,"valueName":"search_term_string"}}],"inLanguage":"de"},{"@type":"Organization","@id":"https:\/\/staging.srokafinal.lets-preprod.com\/de\/#organization","name":"SROKACOMPANY","alternateName":"SROKA","url":"https:\/\/staging.srokafinal.lets-preprod.com\/de\/","logo":{"@type":"ImageObject","inLanguage":"de","@id":"https:\/\/staging.srokafinal.lets-preprod.com\/de\/#\/schema\/logo\/image\/","url":"https:\/\/staging.srokafinal.lets-preprod.com\/wp-content\/uploads\/2021\/01\/logo-sroka-black-transpa.png","contentUrl":"https:\/\/staging.srokafinal.lets-preprod.com\/wp-content\/uploads\/2021\/01\/logo-sroka-black-transpa.png","width":1201,"height":342,"caption":"SROKACOMPANY"},"image":{"@id":"https:\/\/staging.srokafinal.lets-preprod.com\/de\/#\/schema\/logo\/image\/"},"sameAs":["https:\/\/www.facebook.com\/srokawatersports\/","https:\/\/www.instagram.com\/srokawatersports\/","https:\/\/www.youtube.com\/channel\/UCVLHHeaPIm-J5bdEUgxqtZA"]}]}},"uagb_featured_image_src":{"full":["https:\/\/staging.srokafinal.lets-preprod.com\/wp-content\/uploads\/2023\/07\/670-HA.jpg",1200,912,false],"thumbnail":["https:\/\/staging.srokafinal.lets-preprod.com\/wp-content\/uploads\/2023\/07\/670-HA-150x150.jpg",150,150,true],"medium":["https:\/\/staging.srokafinal.lets-preprod.com\/wp-content\/uploads\/2023\/07\/670-HA-300x228.jpg",300,228,true],"medium_large":["https:\/\/staging.srokafinal.lets-preprod.com\/wp-content\/uploads\/2023\/07\/670-HA-768x584.jpg",768,584,true],"large":["https:\/\/staging.srokafinal.lets-preprod.com\/wp-content\/uploads\/2023\/07\/670-HA-1024x778.jpg",1024,778,true],"1536x1536":["https:\/\/staging.srokafinal.lets-preprod.com\/wp-content\/uploads\/2023\/07\/670-HA.jpg",1200,912,false],"2048x2048":["https:\/\/staging.srokafinal.lets-preprod.com\/wp-content\/uploads\/2023\/07\/670-HA.jpg",1200,912,false],"woocommerce_thumbnail":["https:\/\/staging.srokafinal.lets-preprod.com\/wp-content\/uploads\/2023\/07\/670-HA-600x456.jpg",600,456,true],"woocommerce_single":["https:\/\/staging.srokafinal.lets-preprod.com\/wp-content\/uploads\/2023\/07\/670-HA-600x456.jpg",600,456,true],"woocommerce_gallery_thumbnail":["https:\/\/staging.srokafinal.lets-preprod.com\/wp-content\/uploads\/2023\/07\/670-HA-100x100.jpg",100,100,true]},"uagb_author_info":{"display_name":"emmanuel.d emmanuel.d","author_link":"https:\/\/staging.srokafinal.lets-preprod.com\/de\/blog\/author\/"},"uagb_comment_info":0,"uagb_excerpt":"Erlebe die ultimative Kraft des Wingfoilens mit dem neuen HA 670 S Jede Sitzung wird zu einem sensationellen Erlebnis, bei dem die perfekte Verschmelzung zwischen Ihrer technischen Meisterschaft und der Effizienz der Flosse es Ihnen erm\u00f6glicht, bisher unerforschte H\u00f6hen zu erreichen. Sie \u00f6ffnen die T\u00fcren zu einer Welt, in der Ihre F\u00e4higkeiten mit Technologie kombiniert&hellip;","_links":{"self":[{"href":"https:\/\/staging.srokafinal.lets-preprod.com\/de\/wp-json\/wp\/v2\/product\/116651","targetHints":{"allow":["GET"]}}],"collection":[{"href":"https:\/\/staging.srokafinal.lets-preprod.com\/de\/wp-json\/wp\/v2\/product"}],"about":[{"href":"https:\/\/staging.srokafinal.lets-preprod.com\/de\/wp-json\/wp\/v2\/types\/product"}],"wp:featuredmedia":[{"embeddable":true,"href":"https:\/\/staging.srokafinal.lets-preprod.com\/de\/wp-json\/wp\/v2\/media\/130394"}],"wp:attachment":[{"href":"https:\/\/staging.srokafinal.lets-preprod.com\/de\/wp-json\/wp\/v2\/media?parent=116651"}],"wp:term":[{"taxonomy":"product_brand","embeddable":true,"href":"https:\/\/staging.srokafinal.lets-preprod.com\/de\/wp-json\/wp\/v2\/product_brand?post=116651"},{"taxonomy":"product_cat","embeddable":true,"href":"https:\/\/staging.srokafinal.lets-preprod.com\/de\/wp-json\/wp\/v2\/product_cat?post=116651"},{"taxonomy":"product_tag","embeddable":true,"href":"https:\/\/staging.srokafinal.lets-preprod.com\/de\/wp-json\/wp\/v2\/product_tag?post=116651"}],"curies":[{"name":"wp","href":"https:\/\/api.w.org\/{rel}","templated":true}]}}