


{"id":116692,"date":"2023-06-08T15:07:21","date_gmt":"2023-06-08T13:07:21","guid":{"rendered":"https:\/\/srokacompany.com\/produit\/easy-116-gebraucht\/"},"modified":"2024-05-30T09:15:03","modified_gmt":"2024-05-30T09:15:03","slug":"easy-116-gebraucht","status":"publish","type":"product","link":"https:\/\/staging.srokafinal.lets-preprod.com\/de\/produit\/easy-116-gebraucht\/","title":{"rendered":"Easy 11&#8217;6 &#8211; Gebraucht"},"content":{"rendered":"<hr>\n<h2><strong>LEICHTES GLEITEN, SOFORTIGER SPASS &#8211; Gebraucht &#8211; noch nie im Wasser gewesen &#8211; Ausstellung \/ Fotomodell &#8211; <a href=\"https:\/\/srokacompany.com\/produit\/stand-up-paddle-gonflable-easy\/\">Vollst\u00e4ndige Beschreibung hier<\/a><\/strong><\/h2>\n<p>Mit den 10&#8242;, 10&#8217;6, 11&#8217;6 &amp; 12&#8217;6 Easy <a href=\"https:\/\/srokacompany.com\/eshop\/stand-up-paddle-gonflable\/\">Inflatable Stand Up Paddle<\/a> Packs entdecken Sie das Vergn\u00fcgen des aufblasbaren SUP, ohne sich darum k\u00fcmmern zu m\u00fcssen.<\/p>\n<p>Das <strong>Easy 10&#8217;6<\/strong> erf\u00fcllt die Erwartungen von Durchschnittsmenschen, die neu im SUP sind, allein oder mit ihrer Familie. Dank seiner bequemen Outline und des leichten Rockers begleitet es Sie bei Spazierg\u00e4ngen, Yoga, Angeln, Spazierg\u00e4ngen und Surfen in kleinen Wellen. Seine Form und sein Rocker machen es wendig und erm\u00f6glichen es Ihnen, kleine Wellen mit Leichtigkeit zu surfen.<\/p>\n<p>Sein kleiner Bruder, der <strong>Easy 10&#8242;,<\/strong> hat die gleiche Form, ist aber schmaler, d\u00fcnner und k\u00fcrzer. Es eignet sich f\u00fcr kleinere Gr\u00f6\u00dfen (&lt;85-90 kg), Kinder und Jugendliche.<\/p>\n<p>Die <strong>11&#8217;6- und 12&#8217;6-Rucks\u00e4cke<\/strong> werden Liebhaber sportlicher Spazierg\u00e4nge und Wanderungen zufriedenstellen und gleichzeitig Gleichgewicht, Gleiten und Komfort in Einklang bringen. Anf\u00e4nger und gr\u00f6\u00dfere Fahrer werden die Stabilit\u00e4t und das Gleit-\/Man\u00f6vrierf\u00e4higkeitsverh\u00e4ltnis des 11&#8217;6 genie\u00dfen, w\u00e4hrend schwerere oder erfahrene Fahrer Spa\u00df mit dem besten Gleiten des 12&#8217;6 haben werden.<\/p>\n<p>Die Boards sind aus hochwertigem PVC gefertigt, das bei professionellen RIBs verwendet wird, was dazu beitr\u00e4gt, ihre Steifigkeit und Langlebigkeit zu erh\u00f6hen. Um diese Eigenschaften zu perfektionieren, wurde zus\u00e4tzlich zur Nase eine zweite PVC-Schicht auf den Schienen (vorne und hinten) hinzugef\u00fcgt.<\/p>\n<p>Die Easy-Rucks\u00e4cke sind f\u00fcr diejenigen gedacht, die <a href=\"https:\/\/srokacompany.com\/2022\/07\/nos-conseils-pour-apprendre-le-stand-up-paddle\/\">etwas \u00fcber Stand Up Paddle lernen<\/a> m\u00f6chten, ohne Kompromisse bei Qualit\u00e4t und Design einzugehen.<\/p>\n<p>Wenn Sie immer noch z\u00f6gern, welches Paddelbrett f\u00fcr Sie das richtige ist, zeigen wir Ihnen <a href=\"https:\/\/srokacompany.com\/2018\/07\/comment-choisir-son-stand-up-paddle\/\">die Auswahl Ihres Stand Up Paddles<\/a>.<\/p>\n","protected":false},"excerpt":{"rendered":"<p>LEICHTES GLEITEN, SOFORTIGER SPASS &#8211; Gebraucht &#8211; noch nie im Wasser gewesen &#8211; Ausstellung \/ Fotomodell &#8211; Vollst\u00e4ndige Beschreibung hier Mit den 10&#8242;, 10&#8217;6, 11&#8217;6 &amp; 12&#8217;6 Easy Inflatable Stand Up Paddle Packs entdecken Sie das Vergn\u00fcgen des aufblasbaren SUP, ohne sich darum k\u00fcmmern zu m\u00fcssen. Das Easy 10&#8217;6 erf\u00fcllt die Erwartungen von Durchschnittsmenschen, die [&hellip;]<\/p>\n","protected":false},"featured_media":116706,"template":"","meta":{"_acf_changed":false,"_uag_custom_page_level_css":""},"product_brand":[],"product_cat":[2940],"product_tag":[],"class_list":{"0":"post-116692","1":"product","2":"type-product","3":"status-publish","4":"has-post-thumbnail","6":"product_cat-gebrauchte-gerate","7":"product_shipping_class-sup-einheit","9":"first","10":"instock","11":"taxable","12":"shipping-taxable","13":"purchasable","14":"product-type-simple"},"acf":[],"yoast_head":"<!-- This site is optimized with the Yoast SEO plugin v25.1 - https:\/\/yoast.com\/wordpress\/plugins\/seo\/ -->\n<title>Easy 11&#039;6 - Gebraucht - SROKA Company<\/title>\n<meta name=\"robots\" content=\"noindex, follow, max-snippet:-1, max-image-preview:large, max-video-preview:-1\" \/>\n<meta property=\"og:locale\" content=\"de_DE\" \/>\n<meta property=\"og:type\" content=\"article\" \/>\n<meta property=\"og:title\" content=\"Easy 11&#039;6 - Gebraucht - SROKA Company\" \/>\n<meta property=\"og:description\" content=\"LEICHTES GLEITEN, SOFORTIGER SPASS &#8211; Gebraucht &#8211; noch nie im Wasser gewesen &#8211; Ausstellung \/ Fotomodell &#8211; Vollst\u00e4ndige Beschreibung hier Mit den 10&#8242;, 10&#8217;6, 11&#8217;6 &amp; 12&#8217;6 Easy Inflatable Stand Up Paddle Packs entdecken Sie das Vergn\u00fcgen des aufblasbaren SUP, ohne sich darum k\u00fcmmern zu m\u00fcssen. Das Easy 10&#8217;6 erf\u00fcllt die Erwartungen von Durchschnittsmenschen, die [&hellip;]\" \/>\n<meta property=\"og:url\" content=\"https:\/\/staging.srokafinal.lets-preprod.com\/de\/produit\/easy-116-gebraucht\/\" \/>\n<meta property=\"og:site_name\" content=\"SROKA Company\" \/>\n<meta property=\"article:publisher\" content=\"https:\/\/www.facebook.com\/srokawatersports\/\" \/>\n<meta property=\"article:modified_time\" content=\"2024-05-30T09:15:03+00:00\" \/>\n<meta property=\"og:image\" content=\"https:\/\/staging.srokafinal.lets-preprod.com\/wp-content\/uploads\/2023\/06\/easy-116-occasionIMG_20230608_143601-scaled-1.jpg\" \/>\n\t<meta property=\"og:image:width\" content=\"1536\" \/>\n\t<meta property=\"og:image:height\" content=\"2048\" \/>\n\t<meta property=\"og:image:type\" content=\"image\/jpeg\" \/>\n<meta name=\"twitter:label1\" content=\"Gesch\u00e4tzte Lesezeit\" \/>\n\t<meta name=\"twitter:data1\" content=\"1\u00a0Minute\" \/>\n<script type=\"application\/ld+json\" class=\"yoast-schema-graph\">{\"@context\":\"https:\/\/schema.org\",\"@graph\":[{\"@type\":\"WebPage\",\"@id\":\"https:\/\/staging.srokafinal.lets-preprod.com\/de\/produit\/easy-116-gebraucht\/\",\"url\":\"https:\/\/staging.srokafinal.lets-preprod.com\/de\/produit\/easy-116-gebraucht\/\",\"name\":\"Easy 11'6 - Gebraucht - SROKA Company\",\"isPartOf\":{\"@id\":\"https:\/\/staging.srokafinal.lets-preprod.com\/de\/#website\"},\"primaryImageOfPage\":{\"@id\":\"https:\/\/staging.srokafinal.lets-preprod.com\/de\/produit\/easy-116-gebraucht\/#primaryimage\"},\"image\":{\"@id\":\"https:\/\/staging.srokafinal.lets-preprod.com\/de\/produit\/easy-116-gebraucht\/#primaryimage\"},\"thumbnailUrl\":\"https:\/\/staging.srokafinal.lets-preprod.com\/wp-content\/uploads\/2023\/06\/easy-116-occasionIMG_20230608_143601-scaled-1.jpg\",\"datePublished\":\"2023-06-08T13:07:21+00:00\",\"dateModified\":\"2024-05-30T09:15:03+00:00\",\"breadcrumb\":{\"@id\":\"https:\/\/staging.srokafinal.lets-preprod.com\/de\/produit\/easy-116-gebraucht\/#breadcrumb\"},\"inLanguage\":\"de\",\"potentialAction\":[{\"@type\":\"ReadAction\",\"target\":[\"https:\/\/staging.srokafinal.lets-preprod.com\/de\/produit\/easy-116-gebraucht\/\"]}]},{\"@type\":\"ImageObject\",\"inLanguage\":\"de\",\"@id\":\"https:\/\/staging.srokafinal.lets-preprod.com\/de\/produit\/easy-116-gebraucht\/#primaryimage\",\"url\":\"https:\/\/staging.srokafinal.lets-preprod.com\/wp-content\/uploads\/2023\/06\/easy-116-occasionIMG_20230608_143601-scaled-1.jpg\",\"contentUrl\":\"https:\/\/staging.srokafinal.lets-preprod.com\/wp-content\/uploads\/2023\/06\/easy-116-occasionIMG_20230608_143601-scaled-1.jpg\",\"width\":1536,\"height\":2048},{\"@type\":\"BreadcrumbList\",\"@id\":\"https:\/\/staging.srokafinal.lets-preprod.com\/de\/produit\/easy-116-gebraucht\/#breadcrumb\",\"itemListElement\":[{\"@type\":\"ListItem\",\"position\":1,\"name\":\"Accueil\",\"item\":\"https:\/\/staging.srokafinal.lets-preprod.com\/de\/\"},{\"@type\":\"ListItem\",\"position\":2,\"name\":\"Boutique\",\"item\":\"https:\/\/staging.srokafinal.lets-preprod.com\/boutique\/\"},{\"@type\":\"ListItem\",\"position\":3,\"name\":\"Easy 11&#8217;6 &#8211; Gebraucht\"}]},{\"@type\":\"WebSite\",\"@id\":\"https:\/\/staging.srokafinal.lets-preprod.com\/de\/#website\",\"url\":\"https:\/\/staging.srokafinal.lets-preprod.com\/de\/\",\"name\":\"SROKA Company\",\"description\":\"SUP, Kite, Foil, Wing\",\"publisher\":{\"@id\":\"https:\/\/staging.srokafinal.lets-preprod.com\/de\/#organization\"},\"potentialAction\":[{\"@type\":\"SearchAction\",\"target\":{\"@type\":\"EntryPoint\",\"urlTemplate\":\"https:\/\/staging.srokafinal.lets-preprod.com\/de\/?s={search_term_string}\"},\"query-input\":{\"@type\":\"PropertyValueSpecification\",\"valueRequired\":true,\"valueName\":\"search_term_string\"}}],\"inLanguage\":\"de\"},{\"@type\":\"Organization\",\"@id\":\"https:\/\/staging.srokafinal.lets-preprod.com\/de\/#organization\",\"name\":\"SROKACOMPANY\",\"alternateName\":\"SROKA\",\"url\":\"https:\/\/staging.srokafinal.lets-preprod.com\/de\/\",\"logo\":{\"@type\":\"ImageObject\",\"inLanguage\":\"de\",\"@id\":\"https:\/\/staging.srokafinal.lets-preprod.com\/de\/#\/schema\/logo\/image\/\",\"url\":\"https:\/\/staging.srokafinal.lets-preprod.com\/wp-content\/uploads\/2021\/01\/logo-sroka-black-transpa.png\",\"contentUrl\":\"https:\/\/staging.srokafinal.lets-preprod.com\/wp-content\/uploads\/2021\/01\/logo-sroka-black-transpa.png\",\"width\":1201,\"height\":342,\"caption\":\"SROKACOMPANY\"},\"image\":{\"@id\":\"https:\/\/staging.srokafinal.lets-preprod.com\/de\/#\/schema\/logo\/image\/\"},\"sameAs\":[\"https:\/\/www.facebook.com\/srokawatersports\/\",\"https:\/\/www.instagram.com\/srokawatersports\/\",\"https:\/\/www.youtube.com\/channel\/UCVLHHeaPIm-J5bdEUgxqtZA\"]}]}<\/script>\n<!-- \/ Yoast SEO plugin. -->","yoast_head_json":{"title":"Easy 11'6 - Gebraucht - SROKA Company","robots":{"index":"noindex","follow":"follow","max-snippet":"max-snippet:-1","max-image-preview":"max-image-preview:large","max-video-preview":"max-video-preview:-1"},"og_locale":"de_DE","og_type":"article","og_title":"Easy 11'6 - Gebraucht - SROKA Company","og_description":"LEICHTES GLEITEN, SOFORTIGER SPASS &#8211; Gebraucht &#8211; noch nie im Wasser gewesen &#8211; Ausstellung \/ Fotomodell &#8211; Vollst\u00e4ndige Beschreibung hier Mit den 10&#8242;, 10&#8217;6, 11&#8217;6 &amp; 12&#8217;6 Easy Inflatable Stand Up Paddle Packs entdecken Sie das Vergn\u00fcgen des aufblasbaren SUP, ohne sich darum k\u00fcmmern zu m\u00fcssen. Das Easy 10&#8217;6 erf\u00fcllt die Erwartungen von Durchschnittsmenschen, die [&hellip;]","og_url":"https:\/\/staging.srokafinal.lets-preprod.com\/de\/produit\/easy-116-gebraucht\/","og_site_name":"SROKA Company","article_publisher":"https:\/\/www.facebook.com\/srokawatersports\/","article_modified_time":"2024-05-30T09:15:03+00:00","og_image":[{"width":1536,"height":2048,"url":"https:\/\/staging.srokafinal.lets-preprod.com\/wp-content\/uploads\/2023\/06\/easy-116-occasionIMG_20230608_143601-scaled-1.jpg","type":"image\/jpeg"}],"twitter_misc":{"Gesch\u00e4tzte Lesezeit":"1\u00a0Minute"},"schema":{"@context":"https:\/\/schema.org","@graph":[{"@type":"WebPage","@id":"https:\/\/staging.srokafinal.lets-preprod.com\/de\/produit\/easy-116-gebraucht\/","url":"https:\/\/staging.srokafinal.lets-preprod.com\/de\/produit\/easy-116-gebraucht\/","name":"Easy 11'6 - Gebraucht - SROKA Company","isPartOf":{"@id":"https:\/\/staging.srokafinal.lets-preprod.com\/de\/#website"},"primaryImageOfPage":{"@id":"https:\/\/staging.srokafinal.lets-preprod.com\/de\/produit\/easy-116-gebraucht\/#primaryimage"},"image":{"@id":"https:\/\/staging.srokafinal.lets-preprod.com\/de\/produit\/easy-116-gebraucht\/#primaryimage"},"thumbnailUrl":"https:\/\/staging.srokafinal.lets-preprod.com\/wp-content\/uploads\/2023\/06\/easy-116-occasionIMG_20230608_143601-scaled-1.jpg","datePublished":"2023-06-08T13:07:21+00:00","dateModified":"2024-05-30T09:15:03+00:00","breadcrumb":{"@id":"https:\/\/staging.srokafinal.lets-preprod.com\/de\/produit\/easy-116-gebraucht\/#breadcrumb"},"inLanguage":"de","potentialAction":[{"@type":"ReadAction","target":["https:\/\/staging.srokafinal.lets-preprod.com\/de\/produit\/easy-116-gebraucht\/"]}]},{"@type":"ImageObject","inLanguage":"de","@id":"https:\/\/staging.srokafinal.lets-preprod.com\/de\/produit\/easy-116-gebraucht\/#primaryimage","url":"https:\/\/staging.srokafinal.lets-preprod.com\/wp-content\/uploads\/2023\/06\/easy-116-occasionIMG_20230608_143601-scaled-1.jpg","contentUrl":"https:\/\/staging.srokafinal.lets-preprod.com\/wp-content\/uploads\/2023\/06\/easy-116-occasionIMG_20230608_143601-scaled-1.jpg","width":1536,"height":2048},{"@type":"BreadcrumbList","@id":"https:\/\/staging.srokafinal.lets-preprod.com\/de\/produit\/easy-116-gebraucht\/#breadcrumb","itemListElement":[{"@type":"ListItem","position":1,"name":"Accueil","item":"https:\/\/staging.srokafinal.lets-preprod.com\/de\/"},{"@type":"ListItem","position":2,"name":"Boutique","item":"https:\/\/staging.srokafinal.lets-preprod.com\/boutique\/"},{"@type":"ListItem","position":3,"name":"Easy 11&#8217;6 &#8211; Gebraucht"}]},{"@type":"WebSite","@id":"https:\/\/staging.srokafinal.lets-preprod.com\/de\/#website","url":"https:\/\/staging.srokafinal.lets-preprod.com\/de\/","name":"SROKA Company","description":"SUP, Kite, Foil, Wing","publisher":{"@id":"https:\/\/staging.srokafinal.lets-preprod.com\/de\/#organization"},"potentialAction":[{"@type":"SearchAction","target":{"@type":"EntryPoint","urlTemplate":"https:\/\/staging.srokafinal.lets-preprod.com\/de\/?s={search_term_string}"},"query-input":{"@type":"PropertyValueSpecification","valueRequired":true,"valueName":"search_term_string"}}],"inLanguage":"de"},{"@type":"Organization","@id":"https:\/\/staging.srokafinal.lets-preprod.com\/de\/#organization","name":"SROKACOMPANY","alternateName":"SROKA","url":"https:\/\/staging.srokafinal.lets-preprod.com\/de\/","logo":{"@type":"ImageObject","inLanguage":"de","@id":"https:\/\/staging.srokafinal.lets-preprod.com\/de\/#\/schema\/logo\/image\/","url":"https:\/\/staging.srokafinal.lets-preprod.com\/wp-content\/uploads\/2021\/01\/logo-sroka-black-transpa.png","contentUrl":"https:\/\/staging.srokafinal.lets-preprod.com\/wp-content\/uploads\/2021\/01\/logo-sroka-black-transpa.png","width":1201,"height":342,"caption":"SROKACOMPANY"},"image":{"@id":"https:\/\/staging.srokafinal.lets-preprod.com\/de\/#\/schema\/logo\/image\/"},"sameAs":["https:\/\/www.facebook.com\/srokawatersports\/","https:\/\/www.instagram.com\/srokawatersports\/","https:\/\/www.youtube.com\/channel\/UCVLHHeaPIm-J5bdEUgxqtZA"]}]}},"uagb_featured_image_src":{"full":["https:\/\/staging.srokafinal.lets-preprod.com\/wp-content\/uploads\/2023\/06\/easy-116-occasionIMG_20230608_143601-scaled-1.jpg",1536,2048,false],"thumbnail":["https:\/\/staging.srokafinal.lets-preprod.com\/wp-content\/uploads\/2023\/06\/easy-116-occasionIMG_20230608_143601-scaled-1-150x150.jpg",150,150,true],"medium":["https:\/\/staging.srokafinal.lets-preprod.com\/wp-content\/uploads\/2023\/06\/easy-116-occasionIMG_20230608_143601-scaled-1-225x300.jpg",225,300,true],"medium_large":["https:\/\/staging.srokafinal.lets-preprod.com\/wp-content\/uploads\/2023\/06\/easy-116-occasionIMG_20230608_143601-scaled-1-768x1024.jpg",768,1024,true],"large":["https:\/\/staging.srokafinal.lets-preprod.com\/wp-content\/uploads\/2023\/06\/easy-116-occasionIMG_20230608_143601-scaled-1-768x1024.jpg",768,1024,true],"1536x1536":["https:\/\/staging.srokafinal.lets-preprod.com\/wp-content\/uploads\/2023\/06\/easy-116-occasionIMG_20230608_143601-scaled-1-1152x1536.jpg",1152,1536,true],"2048x2048":["https:\/\/staging.srokafinal.lets-preprod.com\/wp-content\/uploads\/2023\/06\/easy-116-occasionIMG_20230608_143601-scaled-1.jpg",1536,2048,false],"woocommerce_thumbnail":["https:\/\/staging.srokafinal.lets-preprod.com\/wp-content\/uploads\/2023\/06\/easy-116-occasionIMG_20230608_143601-scaled-1-600x800.jpg",600,800,true],"woocommerce_single":["https:\/\/staging.srokafinal.lets-preprod.com\/wp-content\/uploads\/2023\/06\/easy-116-occasionIMG_20230608_143601-scaled-1-600x800.jpg",600,800,true],"woocommerce_gallery_thumbnail":["https:\/\/staging.srokafinal.lets-preprod.com\/wp-content\/uploads\/2023\/06\/easy-116-occasionIMG_20230608_143601-scaled-1-100x100.jpg",100,100,true]},"uagb_author_info":{"display_name":"emmanuel.d emmanuel.d","author_link":"https:\/\/staging.srokafinal.lets-preprod.com\/de\/blog\/author\/"},"uagb_comment_info":0,"uagb_excerpt":"LEICHTES GLEITEN, SOFORTIGER SPASS &#8211; Gebraucht &#8211; noch nie im Wasser gewesen &#8211; Ausstellung \/ Fotomodell &#8211; Vollst\u00e4ndige Beschreibung hier Mit den 10&#8242;, 10&#8217;6, 11&#8217;6 &amp; 12&#8217;6 Easy Inflatable Stand Up Paddle Packs entdecken Sie das Vergn\u00fcgen des aufblasbaren SUP, ohne sich darum k\u00fcmmern zu m\u00fcssen. Das Easy 10&#8217;6 erf\u00fcllt die Erwartungen von Durchschnittsmenschen, die&hellip;","_links":{"self":[{"href":"https:\/\/staging.srokafinal.lets-preprod.com\/de\/wp-json\/wp\/v2\/product\/116692","targetHints":{"allow":["GET"]}}],"collection":[{"href":"https:\/\/staging.srokafinal.lets-preprod.com\/de\/wp-json\/wp\/v2\/product"}],"about":[{"href":"https:\/\/staging.srokafinal.lets-preprod.com\/de\/wp-json\/wp\/v2\/types\/product"}],"wp:featuredmedia":[{"embeddable":true,"href":"https:\/\/staging.srokafinal.lets-preprod.com\/de\/wp-json\/wp\/v2\/media\/116706"}],"wp:attachment":[{"href":"https:\/\/staging.srokafinal.lets-preprod.com\/de\/wp-json\/wp\/v2\/media?parent=116692"}],"wp:term":[{"taxonomy":"product_brand","embeddable":true,"href":"https:\/\/staging.srokafinal.lets-preprod.com\/de\/wp-json\/wp\/v2\/product_brand?post=116692"},{"taxonomy":"product_cat","embeddable":true,"href":"https:\/\/staging.srokafinal.lets-preprod.com\/de\/wp-json\/wp\/v2\/product_cat?post=116692"},{"taxonomy":"product_tag","embeddable":true,"href":"https:\/\/staging.srokafinal.lets-preprod.com\/de\/wp-json\/wp\/v2\/product_tag?post=116692"}],"curies":[{"name":"wp","href":"https:\/\/api.w.org\/{rel}","templated":true}]}}