


{"id":116695,"date":"2023-07-27T08:55:00","date_gmt":"2023-07-27T06:55:00","guid":{"rendered":"https:\/\/srokacompany.com\/produit\/frontfluegel-high-aspect-810-s-ha\/"},"modified":"2024-10-18T16:22:49","modified_gmt":"2024-10-18T16:22:49","slug":"frontfluegel-high-aspect-810-s-ha","status":"publish","type":"product","link":"https:\/\/staging.srokafinal.lets-preprod.com\/de\/produit\/frontfluegel-high-aspect-810-s-ha\/","title":{"rendered":"Frontfl\u00fcgel High Aspect 810 S HA"},"content":{"rendered":"<hr>\n<div class=\"message\">\n<div class=\"content\" tabindex=\"0\">\n<div class=\"ac-container ac-adaptiveCard\">\n<div class=\"ac-textBlock\">\n<h2>Entfesseln Sie Ihr Potenzial mit dem <strong>810 Speed<\/strong> : ein Foil, das Ihnen au\u00dfergew\u00f6hnliches Gleiten und Geschwindigkeit bietet<\/h2>\n<p>Diese Flosse bietet Ihnen atemberaubende Geschwindigkeit, blitzschnelle Beschleunigung und unvergleichliches Ansprechverhalten, w\u00e4hrend Sie mit intensivem Gleiten und beruhigender Stabilit\u00e4t aufsteigen k\u00f6nnen. Der 810 Speed ist der ideale Frontfl\u00fcgel f\u00fcr Fahrer, die Leistung und Spa\u00df kombinieren m\u00f6chten. Es erm\u00f6glicht Ihnen, au\u00dfergew\u00f6hnliche Gleitgef\u00fchle zu erleben und jeden Wellengang in vollen Z\u00fcgen zu genie\u00dfen.<\/p>\n<\/div>\n<\/div>\n<\/div>\n<\/div>\n","protected":false},"excerpt":{"rendered":"<p>Entfesseln Sie Ihr Potenzial mit dem 810 Speed : ein Foil, das Ihnen au\u00dfergew\u00f6hnliches Gleiten und Geschwindigkeit bietet Diese Flosse bietet Ihnen atemberaubende Geschwindigkeit, blitzschnelle Beschleunigung und unvergleichliches Ansprechverhalten, w\u00e4hrend Sie mit intensivem Gleiten und beruhigender Stabilit\u00e4t aufsteigen k\u00f6nnen. Der 810 Speed ist der ideale Frontfl\u00fcgel f\u00fcr Fahrer, die Leistung und Spa\u00df kombinieren m\u00f6chten. Es [&hellip;]<\/p>\n","protected":false},"featured_media":130390,"template":"","meta":{"_acf_changed":false,"_uag_custom_page_level_css":""},"product_brand":[],"product_cat":[],"product_tag":[],"class_list":{"0":"post-116695","1":"product","2":"type-product","3":"status-publish","4":"has-post-thumbnail","6":"product_shipping_class-komplettes-foil-oder-ersatzteile-flugeleinheit","8":"first","9":"instock","10":"taxable","11":"shipping-taxable","12":"purchasable","13":"product-type-simple"},"acf":[],"yoast_head":"<!-- This site is optimized with the Yoast SEO plugin v25.1 - https:\/\/yoast.com\/wordpress\/plugins\/seo\/ -->\n<title>Frontfl\u00fcgel High Aspect 810 S HA - SROKA Company<\/title>\n<meta name=\"description\" content=\"Der High Aspect 810 S HA Frontfl\u00fcgel ist ein Kite f\u00fcr alle, die unter allen Bedingungen schnell und mit absoluter Kontrolle fahren wollen.\" \/>\n<meta name=\"robots\" content=\"noindex, follow, max-snippet:-1, max-image-preview:large, max-video-preview:-1\" \/>\n<meta property=\"og:locale\" content=\"de_DE\" \/>\n<meta property=\"og:type\" content=\"article\" \/>\n<meta property=\"og:title\" content=\"Frontfl\u00fcgel High Aspect 810 S HA - SROKA Company\" \/>\n<meta property=\"og:description\" content=\"Der High Aspect 810 S HA Frontfl\u00fcgel ist ein Kite f\u00fcr alle, die unter allen Bedingungen schnell und mit absoluter Kontrolle fahren wollen.\" \/>\n<meta property=\"og:url\" content=\"https:\/\/staging.srokafinal.lets-preprod.com\/de\/produit\/frontfluegel-high-aspect-810-s-ha\/\" \/>\n<meta property=\"og:site_name\" content=\"SROKA Company\" \/>\n<meta property=\"article:publisher\" content=\"https:\/\/www.facebook.com\/srokawatersports\/\" \/>\n<meta property=\"article:modified_time\" content=\"2024-10-18T16:22:49+00:00\" \/>\n<meta property=\"og:image\" content=\"https:\/\/staging.srokafinal.lets-preprod.com\/wp-content\/uploads\/2023\/07\/810.895-2-1-scaled.jpg\" \/>\n\t<meta property=\"og:image:width\" content=\"2560\" \/>\n\t<meta property=\"og:image:height\" content=\"1920\" \/>\n\t<meta property=\"og:image:type\" content=\"image\/jpeg\" \/>\n<script type=\"application\/ld+json\" class=\"yoast-schema-graph\">{\"@context\":\"https:\/\/schema.org\",\"@graph\":[{\"@type\":\"WebPage\",\"@id\":\"https:\/\/staging.srokafinal.lets-preprod.com\/de\/produit\/frontfluegel-high-aspect-810-s-ha\/\",\"url\":\"https:\/\/staging.srokafinal.lets-preprod.com\/de\/produit\/frontfluegel-high-aspect-810-s-ha\/\",\"name\":\"Frontfl\u00fcgel High Aspect 810 S HA - SROKA Company\",\"isPartOf\":{\"@id\":\"https:\/\/staging.srokafinal.lets-preprod.com\/de\/#website\"},\"primaryImageOfPage\":{\"@id\":\"https:\/\/staging.srokafinal.lets-preprod.com\/de\/produit\/frontfluegel-high-aspect-810-s-ha\/#primaryimage\"},\"image\":{\"@id\":\"https:\/\/staging.srokafinal.lets-preprod.com\/de\/produit\/frontfluegel-high-aspect-810-s-ha\/#primaryimage\"},\"thumbnailUrl\":\"https:\/\/staging.srokafinal.lets-preprod.com\/wp-content\/uploads\/2023\/07\/810.895-2-1-scaled.jpg\",\"datePublished\":\"2023-07-27T06:55:00+00:00\",\"dateModified\":\"2024-10-18T16:22:49+00:00\",\"description\":\"Der High Aspect 810 S HA Frontfl\u00fcgel ist ein Kite f\u00fcr alle, die unter allen Bedingungen schnell und mit absoluter Kontrolle fahren wollen.\",\"breadcrumb\":{\"@id\":\"https:\/\/staging.srokafinal.lets-preprod.com\/de\/produit\/frontfluegel-high-aspect-810-s-ha\/#breadcrumb\"},\"inLanguage\":\"de\",\"potentialAction\":[{\"@type\":\"ReadAction\",\"target\":[\"https:\/\/staging.srokafinal.lets-preprod.com\/de\/produit\/frontfluegel-high-aspect-810-s-ha\/\"]}]},{\"@type\":\"ImageObject\",\"inLanguage\":\"de\",\"@id\":\"https:\/\/staging.srokafinal.lets-preprod.com\/de\/produit\/frontfluegel-high-aspect-810-s-ha\/#primaryimage\",\"url\":\"https:\/\/staging.srokafinal.lets-preprod.com\/wp-content\/uploads\/2023\/07\/810.895-2-1-scaled.jpg\",\"contentUrl\":\"https:\/\/staging.srokafinal.lets-preprod.com\/wp-content\/uploads\/2023\/07\/810.895-2-1-scaled.jpg\",\"width\":2560,\"height\":1920},{\"@type\":\"BreadcrumbList\",\"@id\":\"https:\/\/staging.srokafinal.lets-preprod.com\/de\/produit\/frontfluegel-high-aspect-810-s-ha\/#breadcrumb\",\"itemListElement\":[{\"@type\":\"ListItem\",\"position\":1,\"name\":\"Accueil\",\"item\":\"https:\/\/staging.srokafinal.lets-preprod.com\/de\/\"},{\"@type\":\"ListItem\",\"position\":2,\"name\":\"Boutique\",\"item\":\"https:\/\/staging.srokafinal.lets-preprod.com\/boutique\/\"},{\"@type\":\"ListItem\",\"position\":3,\"name\":\"Frontfl\u00fcgel High Aspect 810 S HA\"}]},{\"@type\":\"WebSite\",\"@id\":\"https:\/\/staging.srokafinal.lets-preprod.com\/de\/#website\",\"url\":\"https:\/\/staging.srokafinal.lets-preprod.com\/de\/\",\"name\":\"SROKA Company\",\"description\":\"SUP, Kite, Foil, Wing\",\"publisher\":{\"@id\":\"https:\/\/staging.srokafinal.lets-preprod.com\/de\/#organization\"},\"potentialAction\":[{\"@type\":\"SearchAction\",\"target\":{\"@type\":\"EntryPoint\",\"urlTemplate\":\"https:\/\/staging.srokafinal.lets-preprod.com\/de\/?s={search_term_string}\"},\"query-input\":{\"@type\":\"PropertyValueSpecification\",\"valueRequired\":true,\"valueName\":\"search_term_string\"}}],\"inLanguage\":\"de\"},{\"@type\":\"Organization\",\"@id\":\"https:\/\/staging.srokafinal.lets-preprod.com\/de\/#organization\",\"name\":\"SROKACOMPANY\",\"alternateName\":\"SROKA\",\"url\":\"https:\/\/staging.srokafinal.lets-preprod.com\/de\/\",\"logo\":{\"@type\":\"ImageObject\",\"inLanguage\":\"de\",\"@id\":\"https:\/\/staging.srokafinal.lets-preprod.com\/de\/#\/schema\/logo\/image\/\",\"url\":\"https:\/\/staging.srokafinal.lets-preprod.com\/wp-content\/uploads\/2021\/01\/logo-sroka-black-transpa.png\",\"contentUrl\":\"https:\/\/staging.srokafinal.lets-preprod.com\/wp-content\/uploads\/2021\/01\/logo-sroka-black-transpa.png\",\"width\":1201,\"height\":342,\"caption\":\"SROKACOMPANY\"},\"image\":{\"@id\":\"https:\/\/staging.srokafinal.lets-preprod.com\/de\/#\/schema\/logo\/image\/\"},\"sameAs\":[\"https:\/\/www.facebook.com\/srokawatersports\/\",\"https:\/\/www.instagram.com\/srokawatersports\/\",\"https:\/\/www.youtube.com\/channel\/UCVLHHeaPIm-J5bdEUgxqtZA\"]}]}<\/script>\n<!-- \/ Yoast SEO plugin. -->","yoast_head_json":{"title":"Frontfl\u00fcgel High Aspect 810 S HA - SROKA Company","description":"Der High Aspect 810 S HA Frontfl\u00fcgel ist ein Kite f\u00fcr alle, die unter allen Bedingungen schnell und mit absoluter Kontrolle fahren wollen.","robots":{"index":"noindex","follow":"follow","max-snippet":"max-snippet:-1","max-image-preview":"max-image-preview:large","max-video-preview":"max-video-preview:-1"},"og_locale":"de_DE","og_type":"article","og_title":"Frontfl\u00fcgel High Aspect 810 S HA - SROKA Company","og_description":"Der High Aspect 810 S HA Frontfl\u00fcgel ist ein Kite f\u00fcr alle, die unter allen Bedingungen schnell und mit absoluter Kontrolle fahren wollen.","og_url":"https:\/\/staging.srokafinal.lets-preprod.com\/de\/produit\/frontfluegel-high-aspect-810-s-ha\/","og_site_name":"SROKA Company","article_publisher":"https:\/\/www.facebook.com\/srokawatersports\/","article_modified_time":"2024-10-18T16:22:49+00:00","og_image":[{"width":2560,"height":1920,"url":"https:\/\/staging.srokafinal.lets-preprod.com\/wp-content\/uploads\/2023\/07\/810.895-2-1-scaled.jpg","type":"image\/jpeg"}],"schema":{"@context":"https:\/\/schema.org","@graph":[{"@type":"WebPage","@id":"https:\/\/staging.srokafinal.lets-preprod.com\/de\/produit\/frontfluegel-high-aspect-810-s-ha\/","url":"https:\/\/staging.srokafinal.lets-preprod.com\/de\/produit\/frontfluegel-high-aspect-810-s-ha\/","name":"Frontfl\u00fcgel High Aspect 810 S HA - SROKA Company","isPartOf":{"@id":"https:\/\/staging.srokafinal.lets-preprod.com\/de\/#website"},"primaryImageOfPage":{"@id":"https:\/\/staging.srokafinal.lets-preprod.com\/de\/produit\/frontfluegel-high-aspect-810-s-ha\/#primaryimage"},"image":{"@id":"https:\/\/staging.srokafinal.lets-preprod.com\/de\/produit\/frontfluegel-high-aspect-810-s-ha\/#primaryimage"},"thumbnailUrl":"https:\/\/staging.srokafinal.lets-preprod.com\/wp-content\/uploads\/2023\/07\/810.895-2-1-scaled.jpg","datePublished":"2023-07-27T06:55:00+00:00","dateModified":"2024-10-18T16:22:49+00:00","description":"Der High Aspect 810 S HA Frontfl\u00fcgel ist ein Kite f\u00fcr alle, die unter allen Bedingungen schnell und mit absoluter Kontrolle fahren wollen.","breadcrumb":{"@id":"https:\/\/staging.srokafinal.lets-preprod.com\/de\/produit\/frontfluegel-high-aspect-810-s-ha\/#breadcrumb"},"inLanguage":"de","potentialAction":[{"@type":"ReadAction","target":["https:\/\/staging.srokafinal.lets-preprod.com\/de\/produit\/frontfluegel-high-aspect-810-s-ha\/"]}]},{"@type":"ImageObject","inLanguage":"de","@id":"https:\/\/staging.srokafinal.lets-preprod.com\/de\/produit\/frontfluegel-high-aspect-810-s-ha\/#primaryimage","url":"https:\/\/staging.srokafinal.lets-preprod.com\/wp-content\/uploads\/2023\/07\/810.895-2-1-scaled.jpg","contentUrl":"https:\/\/staging.srokafinal.lets-preprod.com\/wp-content\/uploads\/2023\/07\/810.895-2-1-scaled.jpg","width":2560,"height":1920},{"@type":"BreadcrumbList","@id":"https:\/\/staging.srokafinal.lets-preprod.com\/de\/produit\/frontfluegel-high-aspect-810-s-ha\/#breadcrumb","itemListElement":[{"@type":"ListItem","position":1,"name":"Accueil","item":"https:\/\/staging.srokafinal.lets-preprod.com\/de\/"},{"@type":"ListItem","position":2,"name":"Boutique","item":"https:\/\/staging.srokafinal.lets-preprod.com\/boutique\/"},{"@type":"ListItem","position":3,"name":"Frontfl\u00fcgel High Aspect 810 S HA"}]},{"@type":"WebSite","@id":"https:\/\/staging.srokafinal.lets-preprod.com\/de\/#website","url":"https:\/\/staging.srokafinal.lets-preprod.com\/de\/","name":"SROKA Company","description":"SUP, Kite, Foil, Wing","publisher":{"@id":"https:\/\/staging.srokafinal.lets-preprod.com\/de\/#organization"},"potentialAction":[{"@type":"SearchAction","target":{"@type":"EntryPoint","urlTemplate":"https:\/\/staging.srokafinal.lets-preprod.com\/de\/?s={search_term_string}"},"query-input":{"@type":"PropertyValueSpecification","valueRequired":true,"valueName":"search_term_string"}}],"inLanguage":"de"},{"@type":"Organization","@id":"https:\/\/staging.srokafinal.lets-preprod.com\/de\/#organization","name":"SROKACOMPANY","alternateName":"SROKA","url":"https:\/\/staging.srokafinal.lets-preprod.com\/de\/","logo":{"@type":"ImageObject","inLanguage":"de","@id":"https:\/\/staging.srokafinal.lets-preprod.com\/de\/#\/schema\/logo\/image\/","url":"https:\/\/staging.srokafinal.lets-preprod.com\/wp-content\/uploads\/2021\/01\/logo-sroka-black-transpa.png","contentUrl":"https:\/\/staging.srokafinal.lets-preprod.com\/wp-content\/uploads\/2021\/01\/logo-sroka-black-transpa.png","width":1201,"height":342,"caption":"SROKACOMPANY"},"image":{"@id":"https:\/\/staging.srokafinal.lets-preprod.com\/de\/#\/schema\/logo\/image\/"},"sameAs":["https:\/\/www.facebook.com\/srokawatersports\/","https:\/\/www.instagram.com\/srokawatersports\/","https:\/\/www.youtube.com\/channel\/UCVLHHeaPIm-J5bdEUgxqtZA"]}]}},"uagb_featured_image_src":{"full":["https:\/\/staging.srokafinal.lets-preprod.com\/wp-content\/uploads\/2023\/07\/810.895-2-1-scaled.jpg",2560,1920,false],"thumbnail":["https:\/\/staging.srokafinal.lets-preprod.com\/wp-content\/uploads\/2023\/07\/810.895-2-1-150x150.jpg",150,150,true],"medium":["https:\/\/staging.srokafinal.lets-preprod.com\/wp-content\/uploads\/2023\/07\/810.895-2-1-300x225.jpg",300,225,true],"medium_large":["https:\/\/staging.srokafinal.lets-preprod.com\/wp-content\/uploads\/2023\/07\/810.895-2-1-768x576.jpg",768,576,true],"large":["https:\/\/staging.srokafinal.lets-preprod.com\/wp-content\/uploads\/2023\/07\/810.895-2-1-1024x768.jpg",1024,768,true],"1536x1536":["https:\/\/staging.srokafinal.lets-preprod.com\/wp-content\/uploads\/2023\/07\/810.895-2-1-1536x1152.jpg",1536,1152,true],"2048x2048":["https:\/\/staging.srokafinal.lets-preprod.com\/wp-content\/uploads\/2023\/07\/810.895-2-1-2048x1536.jpg",2048,1536,true],"woocommerce_thumbnail":["https:\/\/staging.srokafinal.lets-preprod.com\/wp-content\/uploads\/2023\/07\/810.895-2-1-600x450.jpg",600,450,true],"woocommerce_single":["https:\/\/staging.srokafinal.lets-preprod.com\/wp-content\/uploads\/2023\/07\/810.895-2-1-600x450.jpg",600,450,true],"woocommerce_gallery_thumbnail":["https:\/\/staging.srokafinal.lets-preprod.com\/wp-content\/uploads\/2023\/07\/810.895-2-1-100x100.jpg",100,100,true]},"uagb_author_info":{"display_name":"emmanuel.d emmanuel.d","author_link":"https:\/\/staging.srokafinal.lets-preprod.com\/de\/blog\/author\/"},"uagb_comment_info":0,"uagb_excerpt":"Entfesseln Sie Ihr Potenzial mit dem 810 Speed : ein Foil, das Ihnen au\u00dfergew\u00f6hnliches Gleiten und Geschwindigkeit bietet Diese Flosse bietet Ihnen atemberaubende Geschwindigkeit, blitzschnelle Beschleunigung und unvergleichliches Ansprechverhalten, w\u00e4hrend Sie mit intensivem Gleiten und beruhigender Stabilit\u00e4t aufsteigen k\u00f6nnen. Der 810 Speed ist der ideale Frontfl\u00fcgel f\u00fcr Fahrer, die Leistung und Spa\u00df kombinieren m\u00f6chten. Es&hellip;","_links":{"self":[{"href":"https:\/\/staging.srokafinal.lets-preprod.com\/de\/wp-json\/wp\/v2\/product\/116695","targetHints":{"allow":["GET"]}}],"collection":[{"href":"https:\/\/staging.srokafinal.lets-preprod.com\/de\/wp-json\/wp\/v2\/product"}],"about":[{"href":"https:\/\/staging.srokafinal.lets-preprod.com\/de\/wp-json\/wp\/v2\/types\/product"}],"wp:featuredmedia":[{"embeddable":true,"href":"https:\/\/staging.srokafinal.lets-preprod.com\/de\/wp-json\/wp\/v2\/media\/130390"}],"wp:attachment":[{"href":"https:\/\/staging.srokafinal.lets-preprod.com\/de\/wp-json\/wp\/v2\/media?parent=116695"}],"wp:term":[{"taxonomy":"product_brand","embeddable":true,"href":"https:\/\/staging.srokafinal.lets-preprod.com\/de\/wp-json\/wp\/v2\/product_brand?post=116695"},{"taxonomy":"product_cat","embeddable":true,"href":"https:\/\/staging.srokafinal.lets-preprod.com\/de\/wp-json\/wp\/v2\/product_cat?post=116695"},{"taxonomy":"product_tag","embeddable":true,"href":"https:\/\/staging.srokafinal.lets-preprod.com\/de\/wp-json\/wp\/v2\/product_tag?post=116695"}],"curies":[{"name":"wp","href":"https:\/\/api.w.org\/{rel}","templated":true}]}}