


{"id":116729,"date":"2023-07-04T12:26:42","date_gmt":"2023-07-04T10:26:42","guid":{"rendered":"https:\/\/srokacompany.com\/produit\/rechenkeil-05-1-15\/"},"modified":"2024-05-30T09:15:04","modified_gmt":"2024-05-30T09:15:04","slug":"rechenkeil-05-1-15","status":"publish","type":"product","link":"https:\/\/staging.srokafinal.lets-preprod.com\/de\/produit\/rechenkeil-05-1-15\/","title":{"rendered":"Rechenkeil | 0,5\u00b0 &#8211; 1\u00b0 &#8211; 1,5\u00b0"},"content":{"rendered":"<hr>\n<div class=\"message\">\n<div class=\"content\" tabindex=\"0\" aria-hidden=\"true\">\n<div class=\"ac-container ac-adaptiveCard\">\n<div class=\"ac-textBlock\">\n<h2>Optimieren Sie Ihr Foil mit SROKA Rake Cleats: gewinnen Sie an Stabilit\u00e4t, Kontrolle und Auftrieb!<\/h2>\n<\/div>\n<\/div>\n<\/div>\n<\/div>\n<p>Du hast ein anderes Board als ein SROKA gekauft und die Positionierung der beiden US-Rails ist nicht die gleiche wie bei unseren Boards. Dies kann zu einem Gef\u00fchl einer Planke f\u00fchren, die die Nase nach unten oder oben navigiert. Um hier Abhilfe zu schaffen, kannst du dein Foil auf H\u00f6he des Rahmens mit einem Rechenkeil verkeilen.<\/p>\n<p>SROKA Rake Cleats sind die ideale L\u00f6sung, um dein Foil zu optimieren und deine Session in vollen Z\u00fcgen zu genie\u00dfen. Mit diesem Zubeh\u00f6r k\u00f6nnen Sie den Einfallswinkel des Foils auf der Montageplatte \u00e4ndern, sodass Sie die volle Kontrolle \u00fcber Ihr Segeln haben, insbesondere wenn ein Foil gen\u00e4ht wird. SROKA-Rechenscheiben sind mit allen US-Schienen auf dem Markt kompatibel und in drei St\u00e4rken erh\u00e4ltlich: 0,5\u00b0, 1\u00b0 und 1,5\u00b0. Sie sind einfach zu installieren und nach Ihren W\u00fcnschen zu wechseln.<\/p>\n<p>Wenn du ein Board einer anderen Marke verwendest, hast du vielleicht das Gef\u00fchl, dass ein Board taucht oder im Gegenteil aufsteigt.  <a class=\"tooltip-target\" data-citationid=\"d4c1d18f-81ec-c619-c56a-6799ce798624-2-group\">Wenn das Board zu stark neigt, k\u00f6nnen Sie <\/a> einen <a class=\"tooltip-target\" data-citationid=\"d4c1d18f-81ec-c619-c56a-6799ce798624-2-group\">negativen Winkel (dicke Seite vorne)<\/a><a class=\"tooltip-target\" data-citationid=\"d4c1d18f-81ec-c619-c56a-6799ce798624-2-group\"> und umgekehrt, wenn das Board es zu stark anhebt (Nase nach oben), k\u00f6nnen Sie einen positiven Winkel (<\/a><a class=\"tooltip-target\" data-citationid=\"d4c1d18f-81ec-c619-c56a-6799ce798624-2-group\">dicke Seite der Unterlegscheibe an der R\u00fcckseite Ihres Rahmens) setzen.<\/a><a class=\"tooltip-target\" data-citationid=\"d4c1d18f-81ec-c619-c56a-6799ce798624-2-group\"><\/a><\/p>\n<p>Die Unterlegscheiben sind reversibel: 0,5 Grad k\u00f6nnen zu -0,5 werden. Holds k\u00f6nnen kombiniert werden.<\/p>\n<p>Um Ihre Probleme mit einem Foil zu l\u00f6sen, das zu stark auf den vorderen oder hinteren Fu\u00df dr\u00fcckt, finden Sie hier unsere<a href=\"https:\/\/srokacompany.com\/produit\/cales-de-reglages-f-foil-sroka\/\"> Stabilisator-Einstellscheiben<\/a>.<\/p>\n<p><strong>Kostenloser Versand.<\/strong><\/p>\n","protected":false},"excerpt":{"rendered":"<p>Optimieren Sie Ihr Foil mit SROKA Rake Cleats: gewinnen Sie an Stabilit\u00e4t, Kontrolle und Auftrieb! Du hast ein anderes Board als ein SROKA gekauft und die Positionierung der beiden US-Rails ist nicht die gleiche wie bei unseren Boards. Dies kann zu einem Gef\u00fchl einer Planke f\u00fchren, die die Nase nach unten oder oben navigiert. Um [&hellip;]<\/p>\n","protected":false},"featured_media":116752,"template":"","meta":{"_acf_changed":false,"_uag_custom_page_level_css":""},"product_brand":[],"product_cat":[3162],"product_tag":[],"class_list":{"0":"post-116729","1":"product","2":"type-product","3":"status-publish","4":"has-post-thumbnail","6":"product_cat-downwind-uha-reihe","7":"product_shipping_class-spoiler-vollschrauben","9":"first","10":"instock","11":"taxable","12":"shipping-taxable","13":"purchasable","14":"product-type-variable"},"acf":[],"yoast_head":"<!-- This site is optimized with the Yoast SEO plugin v25.1 - https:\/\/yoast.com\/wordpress\/plugins\/seo\/ -->\n<title>Rechenkeil | 0,5\u00b0 - 1\u00b0 - 1,5\u00b0 - SROKA Company<\/title>\n<meta name=\"description\" content=\"Optimieren Sie den Trimm Ihres Boards mit SROKA-Rechenstollen: Beseitigen Sie das Gef\u00fchl des Tauchens oder Anhebens des Boards. Kostenloser Versand.\" \/>\n<meta name=\"robots\" content=\"noindex, follow, max-snippet:-1, max-image-preview:large, max-video-preview:-1\" \/>\n<meta property=\"og:locale\" content=\"de_DE\" \/>\n<meta property=\"og:type\" content=\"article\" \/>\n<meta property=\"og:title\" content=\"Rechenkeil | 0,5\u00b0 - 1\u00b0 - 1,5\u00b0 - SROKA Company\" \/>\n<meta property=\"og:description\" content=\"Optimieren Sie den Trimm Ihres Boards mit SROKA-Rechenstollen: Beseitigen Sie das Gef\u00fchl des Tauchens oder Anhebens des Boards. Kostenloser Versand.\" \/>\n<meta property=\"og:url\" content=\"https:\/\/staging.srokafinal.lets-preprod.com\/de\/produit\/rechenkeil-05-1-15\/\" \/>\n<meta property=\"og:site_name\" content=\"SROKA Company\" \/>\n<meta property=\"article:publisher\" content=\"https:\/\/www.facebook.com\/srokawatersports\/\" \/>\n<meta property=\"article:modified_time\" content=\"2024-05-30T09:15:04+00:00\" \/>\n<meta property=\"og:image\" content=\"https:\/\/staging.srokafinal.lets-preprod.com\/wp-content\/uploads\/2023\/07\/cale-rake-foil.png\" \/>\n\t<meta property=\"og:image:width\" content=\"740\" \/>\n\t<meta property=\"og:image:height\" content=\"1080\" \/>\n\t<meta property=\"og:image:type\" content=\"image\/png\" \/>\n<meta name=\"twitter:label1\" content=\"Gesch\u00e4tzte Lesezeit\" \/>\n\t<meta name=\"twitter:data1\" content=\"1\u00a0Minute\" \/>\n<script type=\"application\/ld+json\" class=\"yoast-schema-graph\">{\"@context\":\"https:\/\/schema.org\",\"@graph\":[{\"@type\":\"WebPage\",\"@id\":\"https:\/\/staging.srokafinal.lets-preprod.com\/de\/produit\/rechenkeil-05-1-15\/\",\"url\":\"https:\/\/staging.srokafinal.lets-preprod.com\/de\/produit\/rechenkeil-05-1-15\/\",\"name\":\"Rechenkeil | 0,5\u00b0 - 1\u00b0 - 1,5\u00b0 - SROKA Company\",\"isPartOf\":{\"@id\":\"https:\/\/staging.srokafinal.lets-preprod.com\/de\/#website\"},\"primaryImageOfPage\":{\"@id\":\"https:\/\/staging.srokafinal.lets-preprod.com\/de\/produit\/rechenkeil-05-1-15\/#primaryimage\"},\"image\":{\"@id\":\"https:\/\/staging.srokafinal.lets-preprod.com\/de\/produit\/rechenkeil-05-1-15\/#primaryimage\"},\"thumbnailUrl\":\"https:\/\/staging.srokafinal.lets-preprod.com\/wp-content\/uploads\/2023\/07\/cale-rake-foil.png\",\"datePublished\":\"2023-07-04T10:26:42+00:00\",\"dateModified\":\"2024-05-30T09:15:04+00:00\",\"description\":\"Optimieren Sie den Trimm Ihres Boards mit SROKA-Rechenstollen: Beseitigen Sie das Gef\u00fchl des Tauchens oder Anhebens des Boards. Kostenloser Versand.\",\"breadcrumb\":{\"@id\":\"https:\/\/staging.srokafinal.lets-preprod.com\/de\/produit\/rechenkeil-05-1-15\/#breadcrumb\"},\"inLanguage\":\"de\",\"potentialAction\":[{\"@type\":\"ReadAction\",\"target\":[\"https:\/\/staging.srokafinal.lets-preprod.com\/de\/produit\/rechenkeil-05-1-15\/\"]}]},{\"@type\":\"ImageObject\",\"inLanguage\":\"de\",\"@id\":\"https:\/\/staging.srokafinal.lets-preprod.com\/de\/produit\/rechenkeil-05-1-15\/#primaryimage\",\"url\":\"https:\/\/staging.srokafinal.lets-preprod.com\/wp-content\/uploads\/2023\/07\/cale-rake-foil.png\",\"contentUrl\":\"https:\/\/staging.srokafinal.lets-preprod.com\/wp-content\/uploads\/2023\/07\/cale-rake-foil.png\",\"width\":740,\"height\":1080,\"caption\":\"Rechenkeil f\u00fcr Sroka-Folie\"},{\"@type\":\"BreadcrumbList\",\"@id\":\"https:\/\/staging.srokafinal.lets-preprod.com\/de\/produit\/rechenkeil-05-1-15\/#breadcrumb\",\"itemListElement\":[{\"@type\":\"ListItem\",\"position\":1,\"name\":\"Accueil\",\"item\":\"https:\/\/staging.srokafinal.lets-preprod.com\/de\/\"},{\"@type\":\"ListItem\",\"position\":2,\"name\":\"Boutique\",\"item\":\"https:\/\/staging.srokafinal.lets-preprod.com\/boutique\/\"},{\"@type\":\"ListItem\",\"position\":3,\"name\":\"Rechenkeil | 0,5\u00b0 &#8211; 1\u00b0 &#8211; 1,5\u00b0\"}]},{\"@type\":\"WebSite\",\"@id\":\"https:\/\/staging.srokafinal.lets-preprod.com\/de\/#website\",\"url\":\"https:\/\/staging.srokafinal.lets-preprod.com\/de\/\",\"name\":\"SROKA Company\",\"description\":\"SUP, Kite, Foil, Wing\",\"publisher\":{\"@id\":\"https:\/\/staging.srokafinal.lets-preprod.com\/de\/#organization\"},\"potentialAction\":[{\"@type\":\"SearchAction\",\"target\":{\"@type\":\"EntryPoint\",\"urlTemplate\":\"https:\/\/staging.srokafinal.lets-preprod.com\/de\/?s={search_term_string}\"},\"query-input\":{\"@type\":\"PropertyValueSpecification\",\"valueRequired\":true,\"valueName\":\"search_term_string\"}}],\"inLanguage\":\"de\"},{\"@type\":\"Organization\",\"@id\":\"https:\/\/staging.srokafinal.lets-preprod.com\/de\/#organization\",\"name\":\"SROKACOMPANY\",\"alternateName\":\"SROKA\",\"url\":\"https:\/\/staging.srokafinal.lets-preprod.com\/de\/\",\"logo\":{\"@type\":\"ImageObject\",\"inLanguage\":\"de\",\"@id\":\"https:\/\/staging.srokafinal.lets-preprod.com\/de\/#\/schema\/logo\/image\/\",\"url\":\"https:\/\/staging.srokafinal.lets-preprod.com\/wp-content\/uploads\/2021\/01\/logo-sroka-black-transpa.png\",\"contentUrl\":\"https:\/\/staging.srokafinal.lets-preprod.com\/wp-content\/uploads\/2021\/01\/logo-sroka-black-transpa.png\",\"width\":1201,\"height\":342,\"caption\":\"SROKACOMPANY\"},\"image\":{\"@id\":\"https:\/\/staging.srokafinal.lets-preprod.com\/de\/#\/schema\/logo\/image\/\"},\"sameAs\":[\"https:\/\/www.facebook.com\/srokawatersports\/\",\"https:\/\/www.instagram.com\/srokawatersports\/\",\"https:\/\/www.youtube.com\/channel\/UCVLHHeaPIm-J5bdEUgxqtZA\"]}]}<\/script>\n<!-- \/ Yoast SEO plugin. -->","yoast_head_json":{"title":"Rechenkeil | 0,5\u00b0 - 1\u00b0 - 1,5\u00b0 - SROKA Company","description":"Optimieren Sie den Trimm Ihres Boards mit SROKA-Rechenstollen: Beseitigen Sie das Gef\u00fchl des Tauchens oder Anhebens des Boards. Kostenloser Versand.","robots":{"index":"noindex","follow":"follow","max-snippet":"max-snippet:-1","max-image-preview":"max-image-preview:large","max-video-preview":"max-video-preview:-1"},"og_locale":"de_DE","og_type":"article","og_title":"Rechenkeil | 0,5\u00b0 - 1\u00b0 - 1,5\u00b0 - SROKA Company","og_description":"Optimieren Sie den Trimm Ihres Boards mit SROKA-Rechenstollen: Beseitigen Sie das Gef\u00fchl des Tauchens oder Anhebens des Boards. Kostenloser Versand.","og_url":"https:\/\/staging.srokafinal.lets-preprod.com\/de\/produit\/rechenkeil-05-1-15\/","og_site_name":"SROKA Company","article_publisher":"https:\/\/www.facebook.com\/srokawatersports\/","article_modified_time":"2024-05-30T09:15:04+00:00","og_image":[{"width":740,"height":1080,"url":"https:\/\/staging.srokafinal.lets-preprod.com\/wp-content\/uploads\/2023\/07\/cale-rake-foil.png","type":"image\/png"}],"twitter_misc":{"Gesch\u00e4tzte Lesezeit":"1\u00a0Minute"},"schema":{"@context":"https:\/\/schema.org","@graph":[{"@type":"WebPage","@id":"https:\/\/staging.srokafinal.lets-preprod.com\/de\/produit\/rechenkeil-05-1-15\/","url":"https:\/\/staging.srokafinal.lets-preprod.com\/de\/produit\/rechenkeil-05-1-15\/","name":"Rechenkeil | 0,5\u00b0 - 1\u00b0 - 1,5\u00b0 - SROKA Company","isPartOf":{"@id":"https:\/\/staging.srokafinal.lets-preprod.com\/de\/#website"},"primaryImageOfPage":{"@id":"https:\/\/staging.srokafinal.lets-preprod.com\/de\/produit\/rechenkeil-05-1-15\/#primaryimage"},"image":{"@id":"https:\/\/staging.srokafinal.lets-preprod.com\/de\/produit\/rechenkeil-05-1-15\/#primaryimage"},"thumbnailUrl":"https:\/\/staging.srokafinal.lets-preprod.com\/wp-content\/uploads\/2023\/07\/cale-rake-foil.png","datePublished":"2023-07-04T10:26:42+00:00","dateModified":"2024-05-30T09:15:04+00:00","description":"Optimieren Sie den Trimm Ihres Boards mit SROKA-Rechenstollen: Beseitigen Sie das Gef\u00fchl des Tauchens oder Anhebens des Boards. Kostenloser Versand.","breadcrumb":{"@id":"https:\/\/staging.srokafinal.lets-preprod.com\/de\/produit\/rechenkeil-05-1-15\/#breadcrumb"},"inLanguage":"de","potentialAction":[{"@type":"ReadAction","target":["https:\/\/staging.srokafinal.lets-preprod.com\/de\/produit\/rechenkeil-05-1-15\/"]}]},{"@type":"ImageObject","inLanguage":"de","@id":"https:\/\/staging.srokafinal.lets-preprod.com\/de\/produit\/rechenkeil-05-1-15\/#primaryimage","url":"https:\/\/staging.srokafinal.lets-preprod.com\/wp-content\/uploads\/2023\/07\/cale-rake-foil.png","contentUrl":"https:\/\/staging.srokafinal.lets-preprod.com\/wp-content\/uploads\/2023\/07\/cale-rake-foil.png","width":740,"height":1080,"caption":"Rechenkeil f\u00fcr Sroka-Folie"},{"@type":"BreadcrumbList","@id":"https:\/\/staging.srokafinal.lets-preprod.com\/de\/produit\/rechenkeil-05-1-15\/#breadcrumb","itemListElement":[{"@type":"ListItem","position":1,"name":"Accueil","item":"https:\/\/staging.srokafinal.lets-preprod.com\/de\/"},{"@type":"ListItem","position":2,"name":"Boutique","item":"https:\/\/staging.srokafinal.lets-preprod.com\/boutique\/"},{"@type":"ListItem","position":3,"name":"Rechenkeil | 0,5\u00b0 &#8211; 1\u00b0 &#8211; 1,5\u00b0"}]},{"@type":"WebSite","@id":"https:\/\/staging.srokafinal.lets-preprod.com\/de\/#website","url":"https:\/\/staging.srokafinal.lets-preprod.com\/de\/","name":"SROKA Company","description":"SUP, Kite, Foil, Wing","publisher":{"@id":"https:\/\/staging.srokafinal.lets-preprod.com\/de\/#organization"},"potentialAction":[{"@type":"SearchAction","target":{"@type":"EntryPoint","urlTemplate":"https:\/\/staging.srokafinal.lets-preprod.com\/de\/?s={search_term_string}"},"query-input":{"@type":"PropertyValueSpecification","valueRequired":true,"valueName":"search_term_string"}}],"inLanguage":"de"},{"@type":"Organization","@id":"https:\/\/staging.srokafinal.lets-preprod.com\/de\/#organization","name":"SROKACOMPANY","alternateName":"SROKA","url":"https:\/\/staging.srokafinal.lets-preprod.com\/de\/","logo":{"@type":"ImageObject","inLanguage":"de","@id":"https:\/\/staging.srokafinal.lets-preprod.com\/de\/#\/schema\/logo\/image\/","url":"https:\/\/staging.srokafinal.lets-preprod.com\/wp-content\/uploads\/2021\/01\/logo-sroka-black-transpa.png","contentUrl":"https:\/\/staging.srokafinal.lets-preprod.com\/wp-content\/uploads\/2021\/01\/logo-sroka-black-transpa.png","width":1201,"height":342,"caption":"SROKACOMPANY"},"image":{"@id":"https:\/\/staging.srokafinal.lets-preprod.com\/de\/#\/schema\/logo\/image\/"},"sameAs":["https:\/\/www.facebook.com\/srokawatersports\/","https:\/\/www.instagram.com\/srokawatersports\/","https:\/\/www.youtube.com\/channel\/UCVLHHeaPIm-J5bdEUgxqtZA"]}]}},"uagb_featured_image_src":{"full":["https:\/\/staging.srokafinal.lets-preprod.com\/wp-content\/uploads\/2023\/07\/cale-rake-foil.png",740,1080,false],"thumbnail":["https:\/\/staging.srokafinal.lets-preprod.com\/wp-content\/uploads\/2023\/07\/cale-rake-foil-150x150.png",150,150,true],"medium":["https:\/\/staging.srokafinal.lets-preprod.com\/wp-content\/uploads\/2023\/07\/cale-rake-foil-206x300.png",206,300,true],"medium_large":["https:\/\/staging.srokafinal.lets-preprod.com\/wp-content\/uploads\/2023\/07\/cale-rake-foil.png",740,1080,false],"large":["https:\/\/staging.srokafinal.lets-preprod.com\/wp-content\/uploads\/2023\/07\/cale-rake-foil-702x1024.png",702,1024,true],"1536x1536":["https:\/\/staging.srokafinal.lets-preprod.com\/wp-content\/uploads\/2023\/07\/cale-rake-foil.png",740,1080,false],"2048x2048":["https:\/\/staging.srokafinal.lets-preprod.com\/wp-content\/uploads\/2023\/07\/cale-rake-foil.png",740,1080,false],"woocommerce_thumbnail":["https:\/\/staging.srokafinal.lets-preprod.com\/wp-content\/uploads\/2023\/07\/cale-rake-foil-600x876.png",600,876,true],"woocommerce_single":["https:\/\/staging.srokafinal.lets-preprod.com\/wp-content\/uploads\/2023\/07\/cale-rake-foil-600x876.png",600,876,true],"woocommerce_gallery_thumbnail":["https:\/\/staging.srokafinal.lets-preprod.com\/wp-content\/uploads\/2023\/07\/cale-rake-foil-100x100.png",100,100,true]},"uagb_author_info":{"display_name":"emmanuel.d emmanuel.d","author_link":"https:\/\/staging.srokafinal.lets-preprod.com\/de\/blog\/author\/"},"uagb_comment_info":0,"uagb_excerpt":"Optimieren Sie Ihr Foil mit SROKA Rake Cleats: gewinnen Sie an Stabilit\u00e4t, Kontrolle und Auftrieb! Du hast ein anderes Board als ein SROKA gekauft und die Positionierung der beiden US-Rails ist nicht die gleiche wie bei unseren Boards. Dies kann zu einem Gef\u00fchl einer Planke f\u00fchren, die die Nase nach unten oder oben navigiert. Um&hellip;","_links":{"self":[{"href":"https:\/\/staging.srokafinal.lets-preprod.com\/de\/wp-json\/wp\/v2\/product\/116729","targetHints":{"allow":["GET"]}}],"collection":[{"href":"https:\/\/staging.srokafinal.lets-preprod.com\/de\/wp-json\/wp\/v2\/product"}],"about":[{"href":"https:\/\/staging.srokafinal.lets-preprod.com\/de\/wp-json\/wp\/v2\/types\/product"}],"wp:featuredmedia":[{"embeddable":true,"href":"https:\/\/staging.srokafinal.lets-preprod.com\/de\/wp-json\/wp\/v2\/media\/116752"}],"wp:attachment":[{"href":"https:\/\/staging.srokafinal.lets-preprod.com\/de\/wp-json\/wp\/v2\/media?parent=116729"}],"wp:term":[{"taxonomy":"product_brand","embeddable":true,"href":"https:\/\/staging.srokafinal.lets-preprod.com\/de\/wp-json\/wp\/v2\/product_brand?post=116729"},{"taxonomy":"product_cat","embeddable":true,"href":"https:\/\/staging.srokafinal.lets-preprod.com\/de\/wp-json\/wp\/v2\/product_cat?post=116729"},{"taxonomy":"product_tag","embeddable":true,"href":"https:\/\/staging.srokafinal.lets-preprod.com\/de\/wp-json\/wp\/v2\/product_tag?post=116729"}],"curies":[{"name":"wp","href":"https:\/\/api.w.org\/{rel}","templated":true}]}}