


{"id":116854,"date":"2023-02-14T08:32:12","date_gmt":"2023-02-14T08:32:12","guid":{"rendered":"https:\/\/srokacompany.com\/produit\/sky-rider-wingfoil-classic-s-foil-wing-v4-pack\/"},"modified":"2024-09-13T04:34:49","modified_gmt":"2024-09-13T04:34:49","slug":"sky-rider-wingfoil-classic-s-foil-wing-v4-pack","status":"publish","type":"product","link":"https:\/\/staging.srokafinal.lets-preprod.com\/de\/produit\/sky-rider-wingfoil-classic-s-foil-wing-v4-pack\/","title":{"rendered":"Sky Rider Wing Foil + Classic S-Foil + Wing V4 Pack"},"content":{"rendered":"<hr>\n<h3 class=\"p1\"><b><i>&#8220;Das ideale Wing Foil Pack, um unendlich Fortschritte zu machen, ohne alle 3 Monate die Ausr\u00fcstung wechseln zu m\u00fcssen&#8221;<\/i><\/b><\/h3>\n<p class=\"p1\">Dieses Pack besteht aus einem <b>Sky Rider V2 Rigid Board der neuen Generation<\/b>, einem <b>Classic S-Foil<\/b> und einem <b>Wing V4<\/b> zu einem hervorragenden Preis-Leistungs-Verh\u00e4ltnis.<\/p>\n<p class=\"p1\">Die neue Generation der Sky Riders ist noch mehr geworden<span class=\"Apple-converted-space\">  <\/span>wendiger und kompakter. Wir pflegen eine <b>ultra-polyalente Form (&#8220;Tomo&#8221;-Typ),<\/b> die es Ihnen erm\u00f6glicht, <b>Fortschritte zu machen<\/b> , ohne durch die Gr\u00f6\u00dfe des Boards eingeschr\u00e4nkt zu sein. Diese neuen Formen sind bei gleichem Volumen k\u00fcrzer und kompakter, was ihnen mehr Man\u00f6vrierf\u00e4higkeit und Kontrolle verleiht, ohne die Benutzerfreundlichkeit zu beeintr\u00e4chtigen. Um Ihnen im Laufe der Zeit <b>widerstandsf\u00e4hige und langlebige Boards <\/b>anzubieten, verwenden wir die <b>PVC-Sandwich-Konstruktion mit Kohlefaserverst\u00e4rkungen<\/b>.<\/p>\n<p class=\"p1\">Der Wing V4 bietet Ihnen maximale Leistung, Stabilit\u00e4t und Vielseitigkeit. Sie m\u00fcssen die Fl\u00fcgel nicht mehr in Ihrem K\u00f6cher ansammeln, mit zwei Gr\u00f6\u00dfen decken Sie 90% Ihrer Windbedingungen ab.<\/p>\n","protected":false},"excerpt":{"rendered":"<p>&#8220;Das ideale Wing Foil Pack, um unendlich Fortschritte zu machen, ohne alle 3 Monate die Ausr\u00fcstung wechseln zu m\u00fcssen&#8221; Dieses Pack besteht aus einem Sky Rider V2 Rigid Board der neuen Generation, einem Classic S-Foil und einem Wing V4 zu einem hervorragenden Preis-Leistungs-Verh\u00e4ltnis. Die neue Generation der Sky Riders ist noch mehr geworden wendiger und [&hellip;]<\/p>\n","protected":false},"featured_media":116881,"template":"","meta":{"_acf_changed":false,"_uag_custom_page_level_css":""},"product_brand":[],"product_cat":[2784,3017],"product_tag":[],"class_list":{"0":"post-116854","1":"product","2":"type-product","3":"status-publish","4":"has-post-thumbnail","6":"product_cat-flugel-foil","7":"product_cat-alle-unsere-aufblasbaren-flugelfolienpakete","9":"first","10":"instock","11":"sale","12":"taxable","13":"shipping-taxable","14":"purchasable","15":"product-type-woosb"},"acf":[],"yoast_head":"<!-- This site is optimized with the Yoast SEO plugin v25.1 - https:\/\/yoast.com\/wordpress\/plugins\/seo\/ -->\n<title>Sroka Wing Foil Pack: Sky Rider Board, Classic Foil, Wing V4<\/title>\n<meta name=\"description\" content=\"Sroka Wing Foil Pack: die Gewinnkombination, um im Wingfoil voranzukommen. Leistungsstarke, vielseitige und langlebige Ausr\u00fcstung. Schauen Sie sich die Details hier an.\" \/>\n<meta name=\"robots\" content=\"noindex, follow, max-snippet:-1, max-image-preview:large, max-video-preview:-1\" \/>\n<meta property=\"og:locale\" content=\"de_DE\" \/>\n<meta property=\"og:type\" content=\"article\" \/>\n<meta property=\"og:title\" content=\"Sroka Wing Foil Pack: Sky Rider Board, Classic Foil, Wing V4\" \/>\n<meta property=\"og:description\" content=\"Sroka Wing Foil Pack: die Gewinnkombination, um im Wingfoil voranzukommen. Leistungsstarke, vielseitige und langlebige Ausr\u00fcstung. Schauen Sie sich die Details hier an.\" \/>\n<meta property=\"og:url\" content=\"https:\/\/staging.srokafinal.lets-preprod.com\/de\/produit\/sky-rider-wingfoil-classic-s-foil-wing-v4-pack\/\" \/>\n<meta property=\"og:site_name\" content=\"SROKA Company\" \/>\n<meta property=\"article:publisher\" content=\"https:\/\/www.facebook.com\/srokawatersports\/\" \/>\n<meta property=\"article:modified_time\" content=\"2024-09-13T04:34:49+00:00\" \/>\n<meta property=\"og:image\" content=\"https:\/\/staging.srokafinal.lets-preprod.com\/wp-content\/uploads\/2023\/02\/Pack-wing-foil-SROKA.jpg\" \/>\n\t<meta property=\"og:image:width\" content=\"1080\" \/>\n\t<meta property=\"og:image:height\" content=\"1080\" \/>\n\t<meta property=\"og:image:type\" content=\"image\/jpeg\" \/>\n<meta name=\"twitter:label1\" content=\"Gesch\u00e4tzte Lesezeit\" \/>\n\t<meta name=\"twitter:data1\" content=\"1\u00a0Minute\" \/>\n<script type=\"application\/ld+json\" class=\"yoast-schema-graph\">{\"@context\":\"https:\/\/schema.org\",\"@graph\":[{\"@type\":\"WebPage\",\"@id\":\"https:\/\/staging.srokafinal.lets-preprod.com\/de\/produit\/sky-rider-wingfoil-classic-s-foil-wing-v4-pack\/\",\"url\":\"https:\/\/staging.srokafinal.lets-preprod.com\/de\/produit\/sky-rider-wingfoil-classic-s-foil-wing-v4-pack\/\",\"name\":\"Sroka Wing Foil Pack: Sky Rider Board, Classic Foil, Wing V4\",\"isPartOf\":{\"@id\":\"https:\/\/staging.srokafinal.lets-preprod.com\/de\/#website\"},\"primaryImageOfPage\":{\"@id\":\"https:\/\/staging.srokafinal.lets-preprod.com\/de\/produit\/sky-rider-wingfoil-classic-s-foil-wing-v4-pack\/#primaryimage\"},\"image\":{\"@id\":\"https:\/\/staging.srokafinal.lets-preprod.com\/de\/produit\/sky-rider-wingfoil-classic-s-foil-wing-v4-pack\/#primaryimage\"},\"thumbnailUrl\":\"https:\/\/staging.srokafinal.lets-preprod.com\/wp-content\/uploads\/2023\/02\/Pack-wing-foil-SROKA.jpg\",\"datePublished\":\"2023-02-14T08:32:12+00:00\",\"dateModified\":\"2024-09-13T04:34:49+00:00\",\"description\":\"Sroka Wing Foil Pack: die Gewinnkombination, um im Wingfoil voranzukommen. Leistungsstarke, vielseitige und langlebige Ausr\u00fcstung. Schauen Sie sich die Details hier an.\",\"breadcrumb\":{\"@id\":\"https:\/\/staging.srokafinal.lets-preprod.com\/de\/produit\/sky-rider-wingfoil-classic-s-foil-wing-v4-pack\/#breadcrumb\"},\"inLanguage\":\"de\",\"potentialAction\":[{\"@type\":\"ReadAction\",\"target\":[\"https:\/\/staging.srokafinal.lets-preprod.com\/de\/produit\/sky-rider-wingfoil-classic-s-foil-wing-v4-pack\/\"]}]},{\"@type\":\"ImageObject\",\"inLanguage\":\"de\",\"@id\":\"https:\/\/staging.srokafinal.lets-preprod.com\/de\/produit\/sky-rider-wingfoil-classic-s-foil-wing-v4-pack\/#primaryimage\",\"url\":\"https:\/\/staging.srokafinal.lets-preprod.com\/wp-content\/uploads\/2023\/02\/Pack-wing-foil-SROKA.jpg\",\"contentUrl\":\"https:\/\/staging.srokafinal.lets-preprod.com\/wp-content\/uploads\/2023\/02\/Pack-wing-foil-SROKA.jpg\",\"width\":1080,\"height\":1080,\"caption\":\"Wing Foil Pack ideal f\u00fcr Anf\u00e4nger\"},{\"@type\":\"BreadcrumbList\",\"@id\":\"https:\/\/staging.srokafinal.lets-preprod.com\/de\/produit\/sky-rider-wingfoil-classic-s-foil-wing-v4-pack\/#breadcrumb\",\"itemListElement\":[{\"@type\":\"ListItem\",\"position\":1,\"name\":\"Accueil\",\"item\":\"https:\/\/staging.srokafinal.lets-preprod.com\/de\/\"},{\"@type\":\"ListItem\",\"position\":2,\"name\":\"Boutique\",\"item\":\"https:\/\/staging.srokafinal.lets-preprod.com\/boutique\/\"},{\"@type\":\"ListItem\",\"position\":3,\"name\":\"Sky Rider Wing Foil + Classic S-Foil + Wing V4 Pack\"}]},{\"@type\":\"WebSite\",\"@id\":\"https:\/\/staging.srokafinal.lets-preprod.com\/de\/#website\",\"url\":\"https:\/\/staging.srokafinal.lets-preprod.com\/de\/\",\"name\":\"SROKA Company\",\"description\":\"SUP, Kite, Foil, Wing\",\"publisher\":{\"@id\":\"https:\/\/staging.srokafinal.lets-preprod.com\/de\/#organization\"},\"potentialAction\":[{\"@type\":\"SearchAction\",\"target\":{\"@type\":\"EntryPoint\",\"urlTemplate\":\"https:\/\/staging.srokafinal.lets-preprod.com\/de\/?s={search_term_string}\"},\"query-input\":{\"@type\":\"PropertyValueSpecification\",\"valueRequired\":true,\"valueName\":\"search_term_string\"}}],\"inLanguage\":\"de\"},{\"@type\":\"Organization\",\"@id\":\"https:\/\/staging.srokafinal.lets-preprod.com\/de\/#organization\",\"name\":\"SROKACOMPANY\",\"alternateName\":\"SROKA\",\"url\":\"https:\/\/staging.srokafinal.lets-preprod.com\/de\/\",\"logo\":{\"@type\":\"ImageObject\",\"inLanguage\":\"de\",\"@id\":\"https:\/\/staging.srokafinal.lets-preprod.com\/de\/#\/schema\/logo\/image\/\",\"url\":\"https:\/\/staging.srokafinal.lets-preprod.com\/wp-content\/uploads\/2021\/01\/logo-sroka-black-transpa.png\",\"contentUrl\":\"https:\/\/staging.srokafinal.lets-preprod.com\/wp-content\/uploads\/2021\/01\/logo-sroka-black-transpa.png\",\"width\":1201,\"height\":342,\"caption\":\"SROKACOMPANY\"},\"image\":{\"@id\":\"https:\/\/staging.srokafinal.lets-preprod.com\/de\/#\/schema\/logo\/image\/\"},\"sameAs\":[\"https:\/\/www.facebook.com\/srokawatersports\/\",\"https:\/\/www.instagram.com\/srokawatersports\/\",\"https:\/\/www.youtube.com\/channel\/UCVLHHeaPIm-J5bdEUgxqtZA\"]}]}<\/script>\n<!-- \/ Yoast SEO plugin. -->","yoast_head_json":{"title":"Sroka Wing Foil Pack: Sky Rider Board, Classic Foil, Wing V4","description":"Sroka Wing Foil Pack: die Gewinnkombination, um im Wingfoil voranzukommen. Leistungsstarke, vielseitige und langlebige Ausr\u00fcstung. Schauen Sie sich die Details hier an.","robots":{"index":"noindex","follow":"follow","max-snippet":"max-snippet:-1","max-image-preview":"max-image-preview:large","max-video-preview":"max-video-preview:-1"},"og_locale":"de_DE","og_type":"article","og_title":"Sroka Wing Foil Pack: Sky Rider Board, Classic Foil, Wing V4","og_description":"Sroka Wing Foil Pack: die Gewinnkombination, um im Wingfoil voranzukommen. Leistungsstarke, vielseitige und langlebige Ausr\u00fcstung. Schauen Sie sich die Details hier an.","og_url":"https:\/\/staging.srokafinal.lets-preprod.com\/de\/produit\/sky-rider-wingfoil-classic-s-foil-wing-v4-pack\/","og_site_name":"SROKA Company","article_publisher":"https:\/\/www.facebook.com\/srokawatersports\/","article_modified_time":"2024-09-13T04:34:49+00:00","og_image":[{"width":1080,"height":1080,"url":"https:\/\/staging.srokafinal.lets-preprod.com\/wp-content\/uploads\/2023\/02\/Pack-wing-foil-SROKA.jpg","type":"image\/jpeg"}],"twitter_misc":{"Gesch\u00e4tzte Lesezeit":"1\u00a0Minute"},"schema":{"@context":"https:\/\/schema.org","@graph":[{"@type":"WebPage","@id":"https:\/\/staging.srokafinal.lets-preprod.com\/de\/produit\/sky-rider-wingfoil-classic-s-foil-wing-v4-pack\/","url":"https:\/\/staging.srokafinal.lets-preprod.com\/de\/produit\/sky-rider-wingfoil-classic-s-foil-wing-v4-pack\/","name":"Sroka Wing Foil Pack: Sky Rider Board, Classic Foil, Wing V4","isPartOf":{"@id":"https:\/\/staging.srokafinal.lets-preprod.com\/de\/#website"},"primaryImageOfPage":{"@id":"https:\/\/staging.srokafinal.lets-preprod.com\/de\/produit\/sky-rider-wingfoil-classic-s-foil-wing-v4-pack\/#primaryimage"},"image":{"@id":"https:\/\/staging.srokafinal.lets-preprod.com\/de\/produit\/sky-rider-wingfoil-classic-s-foil-wing-v4-pack\/#primaryimage"},"thumbnailUrl":"https:\/\/staging.srokafinal.lets-preprod.com\/wp-content\/uploads\/2023\/02\/Pack-wing-foil-SROKA.jpg","datePublished":"2023-02-14T08:32:12+00:00","dateModified":"2024-09-13T04:34:49+00:00","description":"Sroka Wing Foil Pack: die Gewinnkombination, um im Wingfoil voranzukommen. Leistungsstarke, vielseitige und langlebige Ausr\u00fcstung. Schauen Sie sich die Details hier an.","breadcrumb":{"@id":"https:\/\/staging.srokafinal.lets-preprod.com\/de\/produit\/sky-rider-wingfoil-classic-s-foil-wing-v4-pack\/#breadcrumb"},"inLanguage":"de","potentialAction":[{"@type":"ReadAction","target":["https:\/\/staging.srokafinal.lets-preprod.com\/de\/produit\/sky-rider-wingfoil-classic-s-foil-wing-v4-pack\/"]}]},{"@type":"ImageObject","inLanguage":"de","@id":"https:\/\/staging.srokafinal.lets-preprod.com\/de\/produit\/sky-rider-wingfoil-classic-s-foil-wing-v4-pack\/#primaryimage","url":"https:\/\/staging.srokafinal.lets-preprod.com\/wp-content\/uploads\/2023\/02\/Pack-wing-foil-SROKA.jpg","contentUrl":"https:\/\/staging.srokafinal.lets-preprod.com\/wp-content\/uploads\/2023\/02\/Pack-wing-foil-SROKA.jpg","width":1080,"height":1080,"caption":"Wing Foil Pack ideal f\u00fcr Anf\u00e4nger"},{"@type":"BreadcrumbList","@id":"https:\/\/staging.srokafinal.lets-preprod.com\/de\/produit\/sky-rider-wingfoil-classic-s-foil-wing-v4-pack\/#breadcrumb","itemListElement":[{"@type":"ListItem","position":1,"name":"Accueil","item":"https:\/\/staging.srokafinal.lets-preprod.com\/de\/"},{"@type":"ListItem","position":2,"name":"Boutique","item":"https:\/\/staging.srokafinal.lets-preprod.com\/boutique\/"},{"@type":"ListItem","position":3,"name":"Sky Rider Wing Foil + Classic S-Foil + Wing V4 Pack"}]},{"@type":"WebSite","@id":"https:\/\/staging.srokafinal.lets-preprod.com\/de\/#website","url":"https:\/\/staging.srokafinal.lets-preprod.com\/de\/","name":"SROKA Company","description":"SUP, Kite, Foil, Wing","publisher":{"@id":"https:\/\/staging.srokafinal.lets-preprod.com\/de\/#organization"},"potentialAction":[{"@type":"SearchAction","target":{"@type":"EntryPoint","urlTemplate":"https:\/\/staging.srokafinal.lets-preprod.com\/de\/?s={search_term_string}"},"query-input":{"@type":"PropertyValueSpecification","valueRequired":true,"valueName":"search_term_string"}}],"inLanguage":"de"},{"@type":"Organization","@id":"https:\/\/staging.srokafinal.lets-preprod.com\/de\/#organization","name":"SROKACOMPANY","alternateName":"SROKA","url":"https:\/\/staging.srokafinal.lets-preprod.com\/de\/","logo":{"@type":"ImageObject","inLanguage":"de","@id":"https:\/\/staging.srokafinal.lets-preprod.com\/de\/#\/schema\/logo\/image\/","url":"https:\/\/staging.srokafinal.lets-preprod.com\/wp-content\/uploads\/2021\/01\/logo-sroka-black-transpa.png","contentUrl":"https:\/\/staging.srokafinal.lets-preprod.com\/wp-content\/uploads\/2021\/01\/logo-sroka-black-transpa.png","width":1201,"height":342,"caption":"SROKACOMPANY"},"image":{"@id":"https:\/\/staging.srokafinal.lets-preprod.com\/de\/#\/schema\/logo\/image\/"},"sameAs":["https:\/\/www.facebook.com\/srokawatersports\/","https:\/\/www.instagram.com\/srokawatersports\/","https:\/\/www.youtube.com\/channel\/UCVLHHeaPIm-J5bdEUgxqtZA"]}]}},"uagb_featured_image_src":{"full":["https:\/\/staging.srokafinal.lets-preprod.com\/wp-content\/uploads\/2023\/02\/Pack-wing-foil-SROKA.jpg",1080,1080,false],"thumbnail":["https:\/\/staging.srokafinal.lets-preprod.com\/wp-content\/uploads\/2023\/02\/Pack-wing-foil-SROKA-150x150.jpg",150,150,true],"medium":["https:\/\/staging.srokafinal.lets-preprod.com\/wp-content\/uploads\/2023\/02\/Pack-wing-foil-SROKA-300x300.jpg",300,300,true],"medium_large":["https:\/\/staging.srokafinal.lets-preprod.com\/wp-content\/uploads\/2023\/02\/Pack-wing-foil-SROKA-768x768.jpg",768,768,true],"large":["https:\/\/staging.srokafinal.lets-preprod.com\/wp-content\/uploads\/2023\/02\/Pack-wing-foil-SROKA-1024x1024.jpg",1024,1024,true],"1536x1536":["https:\/\/staging.srokafinal.lets-preprod.com\/wp-content\/uploads\/2023\/02\/Pack-wing-foil-SROKA.jpg",1080,1080,false],"2048x2048":["https:\/\/staging.srokafinal.lets-preprod.com\/wp-content\/uploads\/2023\/02\/Pack-wing-foil-SROKA.jpg",1080,1080,false],"woocommerce_thumbnail":["https:\/\/staging.srokafinal.lets-preprod.com\/wp-content\/uploads\/2023\/02\/Pack-wing-foil-SROKA-600x600.jpg",600,600,true],"woocommerce_single":["https:\/\/staging.srokafinal.lets-preprod.com\/wp-content\/uploads\/2023\/02\/Pack-wing-foil-SROKA-600x600.jpg",600,600,true],"woocommerce_gallery_thumbnail":["https:\/\/staging.srokafinal.lets-preprod.com\/wp-content\/uploads\/2023\/02\/Pack-wing-foil-SROKA-100x100.jpg",100,100,true]},"uagb_author_info":{"display_name":"emmanuel.d emmanuel.d","author_link":"https:\/\/staging.srokafinal.lets-preprod.com\/de\/blog\/author\/"},"uagb_comment_info":0,"uagb_excerpt":"&#8220;Das ideale Wing Foil Pack, um unendlich Fortschritte zu machen, ohne alle 3 Monate die Ausr\u00fcstung wechseln zu m\u00fcssen&#8221; Dieses Pack besteht aus einem Sky Rider V2 Rigid Board der neuen Generation, einem Classic S-Foil und einem Wing V4 zu einem hervorragenden Preis-Leistungs-Verh\u00e4ltnis. Die neue Generation der Sky Riders ist noch mehr geworden wendiger und&hellip;","_links":{"self":[{"href":"https:\/\/staging.srokafinal.lets-preprod.com\/de\/wp-json\/wp\/v2\/product\/116854","targetHints":{"allow":["GET"]}}],"collection":[{"href":"https:\/\/staging.srokafinal.lets-preprod.com\/de\/wp-json\/wp\/v2\/product"}],"about":[{"href":"https:\/\/staging.srokafinal.lets-preprod.com\/de\/wp-json\/wp\/v2\/types\/product"}],"wp:featuredmedia":[{"embeddable":true,"href":"https:\/\/staging.srokafinal.lets-preprod.com\/de\/wp-json\/wp\/v2\/media\/116881"}],"wp:attachment":[{"href":"https:\/\/staging.srokafinal.lets-preprod.com\/de\/wp-json\/wp\/v2\/media?parent=116854"}],"wp:term":[{"taxonomy":"product_brand","embeddable":true,"href":"https:\/\/staging.srokafinal.lets-preprod.com\/de\/wp-json\/wp\/v2\/product_brand?post=116854"},{"taxonomy":"product_cat","embeddable":true,"href":"https:\/\/staging.srokafinal.lets-preprod.com\/de\/wp-json\/wp\/v2\/product_cat?post=116854"},{"taxonomy":"product_tag","embeddable":true,"href":"https:\/\/staging.srokafinal.lets-preprod.com\/de\/wp-json\/wp\/v2\/product_tag?post=116854"}],"curies":[{"name":"wp","href":"https:\/\/api.w.org\/{rel}","templated":true}]}}