


{"id":116894,"date":"2021-03-24T17:38:08","date_gmt":"2021-03-24T15:38:08","guid":{"rendered":"https:\/\/srokacompany.com\/produit\/elektrische-pumpe-fuer-aufblasbares-stand-up-paddle\/"},"modified":"2024-05-30T09:11:57","modified_gmt":"2024-05-30T09:11:57","slug":"elektrische-pumpe-fuer-aufblasbares-stand-up-paddle","status":"publish","type":"product","link":"https:\/\/staging.srokafinal.lets-preprod.com\/de\/produit\/elektrische-pumpe-fuer-aufblasbares-stand-up-paddle\/","title":{"rendered":"Elektrische Pumpe f\u00fcr aufblasbares Stand Up Paddle"},"content":{"rendered":"<hr>\n<h1>ELEKTRISCHE PUMPE DER FIRMA SROKA<\/h1>\n<p>In dieser Saison waren unsere <a href=\"https:\/\/srokacompany.com\/produit\/stand-up-paddle-tandem-duo-windsup\/\">Stand Up Paddle Boards<\/a> noch nie so angenehm aufzubauen. Mit unserer elektrischen Pumpe k\u00f6nnen Sie Ihr SUP in <strong>10 Minuten <\/strong>und ohne Anstrengung aufpumpen. Kompakt und leicht, wird es in Ihrer Tragetasche vergessen. Es wird Sie bei all Ihren Fluchten begleiten. Er kann bis zu 16 PSI aufblasen und verf\u00fcgt \u00fcber eine automatische Anhaltervorrichtung. Sobald der auf dem LCD-Bildschirm ausgew\u00e4hlte Druck erreicht ist, stoppt die Pumpe. Kein Risiko des \u00dcberpumpens, Sie m\u00fcssen nur Ihr <a href=\"https:\/\/srokacompany.com\/produit\/stand-up-paddle-tandem-duo-windsup\/\">aufblasbares SUP<\/a> genie\u00dfen!<\/p>\n<p>Es ist mit einem Manometer und einem Mundst\u00fcck ausgestattet, das f\u00fcr Sroka Stand Up Paddles geeignet ist. Es werden keine Batterien oder Batterien ben\u00f6tigt, es wird einfach an eine Zigarettenanz\u00fcnderbuchse angeschlossen. Erh\u00e4ltlich in Orange (einzigartige Farbe), passt es perfekt zu Ihren <a href=\"https:\/\/srokacompany.com\/eshop\/stand-up-paddle-gonflable\/\">Alpha<\/a>-, <a href=\"https:\/\/srokacompany.com\/eshop\/stand-up-paddle-gonflable\/\">Easy<\/a> &#8211; oder Malibu-Stand-Up-Paddles.<\/p>\n","protected":false},"excerpt":{"rendered":"<p>ELEKTRISCHE PUMPE DER FIRMA SROKA In dieser Saison waren unsere Stand Up Paddle Boards noch nie so angenehm aufzubauen. Mit unserer elektrischen Pumpe k\u00f6nnen Sie Ihr SUP in 10 Minuten und ohne Anstrengung aufpumpen. Kompakt und leicht, wird es in Ihrer Tragetasche vergessen. Es wird Sie bei all Ihren Fluchten begleiten. Er kann bis zu [&hellip;]<\/p>\n","protected":false},"featured_media":116908,"template":"","meta":{"_acf_changed":false,"_uag_custom_page_level_css":""},"product_brand":[],"product_cat":[2773,2812],"product_tag":[],"class_list":{"0":"post-116894","1":"product","2":"type-product","3":"status-publish","4":"has-post-thumbnail","6":"product_cat-aufblasbare-paddel","7":"product_cat-paddel-zubehor","8":"product_shipping_class-pumpen-gepack","10":"first","11":"instock","12":"taxable","13":"shipping-taxable","14":"purchasable","15":"product-type-simple"},"acf":[],"yoast_head":"<!-- This site is optimized with the Yoast SEO plugin v25.1 - https:\/\/yoast.com\/wordpress\/plugins\/seo\/ -->\n<title>Elektrische Pumpe f\u00fcr aufblasbares SUP - SROKA Company<\/title>\n<meta name=\"description\" content=\"Mit der aufblasbaren SUP-Elektropumpe von Sroka k\u00f6nnen Sie Ihr Stand-Up-Paddle m\u00fchelos und m\u00fchelos aufblasen.\" \/>\n<meta name=\"robots\" content=\"noindex, follow, max-snippet:-1, max-image-preview:large, max-video-preview:-1\" \/>\n<meta property=\"og:locale\" content=\"de_DE\" \/>\n<meta property=\"og:type\" content=\"article\" \/>\n<meta property=\"og:title\" content=\"Elektrische Pumpe f\u00fcr aufblasbares SUP - SROKA Company\" \/>\n<meta property=\"og:description\" content=\"Mit der aufblasbaren SUP-Elektropumpe von Sroka k\u00f6nnen Sie Ihr Stand-Up-Paddle m\u00fchelos und m\u00fchelos aufblasen.\" \/>\n<meta property=\"og:url\" content=\"https:\/\/staging.srokafinal.lets-preprod.com\/de\/produit\/elektrische-pumpe-fuer-aufblasbares-stand-up-paddle\/\" \/>\n<meta property=\"og:site_name\" content=\"SROKA Company\" \/>\n<meta property=\"article:publisher\" content=\"https:\/\/www.facebook.com\/srokawatersports\/\" \/>\n<meta property=\"article:modified_time\" content=\"2024-05-30T09:11:57+00:00\" \/>\n<meta property=\"og:image\" content=\"https:\/\/staging.srokafinal.lets-preprod.com\/wp-content\/uploads\/2020\/11\/Pompe-e\u0301lectrique-SUP-gonflable.jpg\" \/>\n\t<meta property=\"og:image:width\" content=\"780\" \/>\n\t<meta property=\"og:image:height\" content=\"1040\" \/>\n\t<meta property=\"og:image:type\" content=\"image\/jpeg\" \/>\n<meta name=\"twitter:label1\" content=\"Gesch\u00e4tzte Lesezeit\" \/>\n\t<meta name=\"twitter:data1\" content=\"1\u00a0Minute\" \/>\n<script type=\"application\/ld+json\" class=\"yoast-schema-graph\">{\"@context\":\"https:\/\/schema.org\",\"@graph\":[{\"@type\":\"WebPage\",\"@id\":\"https:\/\/staging.srokafinal.lets-preprod.com\/de\/produit\/elektrische-pumpe-fuer-aufblasbares-stand-up-paddle\/\",\"url\":\"https:\/\/staging.srokafinal.lets-preprod.com\/de\/produit\/elektrische-pumpe-fuer-aufblasbares-stand-up-paddle\/\",\"name\":\"Elektrische Pumpe f\u00fcr aufblasbares SUP - SROKA Company\",\"isPartOf\":{\"@id\":\"https:\/\/staging.srokafinal.lets-preprod.com\/de\/#website\"},\"primaryImageOfPage\":{\"@id\":\"https:\/\/staging.srokafinal.lets-preprod.com\/de\/produit\/elektrische-pumpe-fuer-aufblasbares-stand-up-paddle\/#primaryimage\"},\"image\":{\"@id\":\"https:\/\/staging.srokafinal.lets-preprod.com\/de\/produit\/elektrische-pumpe-fuer-aufblasbares-stand-up-paddle\/#primaryimage\"},\"thumbnailUrl\":\"https:\/\/staging.srokafinal.lets-preprod.com\/wp-content\/uploads\/2020\/11\/Pompe-e\u0301lectrique-SUP-gonflable.jpg\",\"datePublished\":\"2021-03-24T15:38:08+00:00\",\"dateModified\":\"2024-05-30T09:11:57+00:00\",\"description\":\"Mit der aufblasbaren SUP-Elektropumpe von Sroka k\u00f6nnen Sie Ihr Stand-Up-Paddle m\u00fchelos und m\u00fchelos aufblasen.\",\"breadcrumb\":{\"@id\":\"https:\/\/staging.srokafinal.lets-preprod.com\/de\/produit\/elektrische-pumpe-fuer-aufblasbares-stand-up-paddle\/#breadcrumb\"},\"inLanguage\":\"de\",\"potentialAction\":[{\"@type\":\"ReadAction\",\"target\":[\"https:\/\/staging.srokafinal.lets-preprod.com\/de\/produit\/elektrische-pumpe-fuer-aufblasbares-stand-up-paddle\/\"]}]},{\"@type\":\"ImageObject\",\"inLanguage\":\"de\",\"@id\":\"https:\/\/staging.srokafinal.lets-preprod.com\/de\/produit\/elektrische-pumpe-fuer-aufblasbares-stand-up-paddle\/#primaryimage\",\"url\":\"https:\/\/staging.srokafinal.lets-preprod.com\/wp-content\/uploads\/2020\/11\/Pompe-e\u0301lectrique-SUP-gonflable.jpg\",\"contentUrl\":\"https:\/\/staging.srokafinal.lets-preprod.com\/wp-content\/uploads\/2020\/11\/Pompe-e\u0301lectrique-SUP-gonflable.jpg\",\"width\":780,\"height\":1040,\"caption\":\"Elektrische Pumpe f\u00fcr Stand Up Paddle Boarding\"},{\"@type\":\"BreadcrumbList\",\"@id\":\"https:\/\/staging.srokafinal.lets-preprod.com\/de\/produit\/elektrische-pumpe-fuer-aufblasbares-stand-up-paddle\/#breadcrumb\",\"itemListElement\":[{\"@type\":\"ListItem\",\"position\":1,\"name\":\"Accueil\",\"item\":\"https:\/\/staging.srokafinal.lets-preprod.com\/de\/\"},{\"@type\":\"ListItem\",\"position\":2,\"name\":\"Boutique\",\"item\":\"https:\/\/staging.srokafinal.lets-preprod.com\/boutique\/\"},{\"@type\":\"ListItem\",\"position\":3,\"name\":\"Elektrische Pumpe f\u00fcr aufblasbares Stand Up Paddle\"}]},{\"@type\":\"WebSite\",\"@id\":\"https:\/\/staging.srokafinal.lets-preprod.com\/de\/#website\",\"url\":\"https:\/\/staging.srokafinal.lets-preprod.com\/de\/\",\"name\":\"SROKA Company\",\"description\":\"SUP, Kite, Foil, Wing\",\"publisher\":{\"@id\":\"https:\/\/staging.srokafinal.lets-preprod.com\/de\/#organization\"},\"potentialAction\":[{\"@type\":\"SearchAction\",\"target\":{\"@type\":\"EntryPoint\",\"urlTemplate\":\"https:\/\/staging.srokafinal.lets-preprod.com\/de\/?s={search_term_string}\"},\"query-input\":{\"@type\":\"PropertyValueSpecification\",\"valueRequired\":true,\"valueName\":\"search_term_string\"}}],\"inLanguage\":\"de\"},{\"@type\":\"Organization\",\"@id\":\"https:\/\/staging.srokafinal.lets-preprod.com\/de\/#organization\",\"name\":\"SROKACOMPANY\",\"alternateName\":\"SROKA\",\"url\":\"https:\/\/staging.srokafinal.lets-preprod.com\/de\/\",\"logo\":{\"@type\":\"ImageObject\",\"inLanguage\":\"de\",\"@id\":\"https:\/\/staging.srokafinal.lets-preprod.com\/de\/#\/schema\/logo\/image\/\",\"url\":\"https:\/\/staging.srokafinal.lets-preprod.com\/wp-content\/uploads\/2021\/01\/logo-sroka-black-transpa.png\",\"contentUrl\":\"https:\/\/staging.srokafinal.lets-preprod.com\/wp-content\/uploads\/2021\/01\/logo-sroka-black-transpa.png\",\"width\":1201,\"height\":342,\"caption\":\"SROKACOMPANY\"},\"image\":{\"@id\":\"https:\/\/staging.srokafinal.lets-preprod.com\/de\/#\/schema\/logo\/image\/\"},\"sameAs\":[\"https:\/\/www.facebook.com\/srokawatersports\/\",\"https:\/\/www.instagram.com\/srokawatersports\/\",\"https:\/\/www.youtube.com\/channel\/UCVLHHeaPIm-J5bdEUgxqtZA\"]}]}<\/script>\n<!-- \/ Yoast SEO plugin. -->","yoast_head_json":{"title":"Elektrische Pumpe f\u00fcr aufblasbares SUP - SROKA Company","description":"Mit der aufblasbaren SUP-Elektropumpe von Sroka k\u00f6nnen Sie Ihr Stand-Up-Paddle m\u00fchelos und m\u00fchelos aufblasen.","robots":{"index":"noindex","follow":"follow","max-snippet":"max-snippet:-1","max-image-preview":"max-image-preview:large","max-video-preview":"max-video-preview:-1"},"og_locale":"de_DE","og_type":"article","og_title":"Elektrische Pumpe f\u00fcr aufblasbares SUP - SROKA Company","og_description":"Mit der aufblasbaren SUP-Elektropumpe von Sroka k\u00f6nnen Sie Ihr Stand-Up-Paddle m\u00fchelos und m\u00fchelos aufblasen.","og_url":"https:\/\/staging.srokafinal.lets-preprod.com\/de\/produit\/elektrische-pumpe-fuer-aufblasbares-stand-up-paddle\/","og_site_name":"SROKA Company","article_publisher":"https:\/\/www.facebook.com\/srokawatersports\/","article_modified_time":"2024-05-30T09:11:57+00:00","og_image":[{"width":780,"height":1040,"url":"https:\/\/staging.srokafinal.lets-preprod.com\/wp-content\/uploads\/2020\/11\/Pompe-e\u0301lectrique-SUP-gonflable.jpg","type":"image\/jpeg"}],"twitter_misc":{"Gesch\u00e4tzte Lesezeit":"1\u00a0Minute"},"schema":{"@context":"https:\/\/schema.org","@graph":[{"@type":"WebPage","@id":"https:\/\/staging.srokafinal.lets-preprod.com\/de\/produit\/elektrische-pumpe-fuer-aufblasbares-stand-up-paddle\/","url":"https:\/\/staging.srokafinal.lets-preprod.com\/de\/produit\/elektrische-pumpe-fuer-aufblasbares-stand-up-paddle\/","name":"Elektrische Pumpe f\u00fcr aufblasbares SUP - SROKA Company","isPartOf":{"@id":"https:\/\/staging.srokafinal.lets-preprod.com\/de\/#website"},"primaryImageOfPage":{"@id":"https:\/\/staging.srokafinal.lets-preprod.com\/de\/produit\/elektrische-pumpe-fuer-aufblasbares-stand-up-paddle\/#primaryimage"},"image":{"@id":"https:\/\/staging.srokafinal.lets-preprod.com\/de\/produit\/elektrische-pumpe-fuer-aufblasbares-stand-up-paddle\/#primaryimage"},"thumbnailUrl":"https:\/\/staging.srokafinal.lets-preprod.com\/wp-content\/uploads\/2020\/11\/Pompe-e\u0301lectrique-SUP-gonflable.jpg","datePublished":"2021-03-24T15:38:08+00:00","dateModified":"2024-05-30T09:11:57+00:00","description":"Mit der aufblasbaren SUP-Elektropumpe von Sroka k\u00f6nnen Sie Ihr Stand-Up-Paddle m\u00fchelos und m\u00fchelos aufblasen.","breadcrumb":{"@id":"https:\/\/staging.srokafinal.lets-preprod.com\/de\/produit\/elektrische-pumpe-fuer-aufblasbares-stand-up-paddle\/#breadcrumb"},"inLanguage":"de","potentialAction":[{"@type":"ReadAction","target":["https:\/\/staging.srokafinal.lets-preprod.com\/de\/produit\/elektrische-pumpe-fuer-aufblasbares-stand-up-paddle\/"]}]},{"@type":"ImageObject","inLanguage":"de","@id":"https:\/\/staging.srokafinal.lets-preprod.com\/de\/produit\/elektrische-pumpe-fuer-aufblasbares-stand-up-paddle\/#primaryimage","url":"https:\/\/staging.srokafinal.lets-preprod.com\/wp-content\/uploads\/2020\/11\/Pompe-e\u0301lectrique-SUP-gonflable.jpg","contentUrl":"https:\/\/staging.srokafinal.lets-preprod.com\/wp-content\/uploads\/2020\/11\/Pompe-e\u0301lectrique-SUP-gonflable.jpg","width":780,"height":1040,"caption":"Elektrische Pumpe f\u00fcr Stand Up Paddle Boarding"},{"@type":"BreadcrumbList","@id":"https:\/\/staging.srokafinal.lets-preprod.com\/de\/produit\/elektrische-pumpe-fuer-aufblasbares-stand-up-paddle\/#breadcrumb","itemListElement":[{"@type":"ListItem","position":1,"name":"Accueil","item":"https:\/\/staging.srokafinal.lets-preprod.com\/de\/"},{"@type":"ListItem","position":2,"name":"Boutique","item":"https:\/\/staging.srokafinal.lets-preprod.com\/boutique\/"},{"@type":"ListItem","position":3,"name":"Elektrische Pumpe f\u00fcr aufblasbares Stand Up Paddle"}]},{"@type":"WebSite","@id":"https:\/\/staging.srokafinal.lets-preprod.com\/de\/#website","url":"https:\/\/staging.srokafinal.lets-preprod.com\/de\/","name":"SROKA Company","description":"SUP, Kite, Foil, Wing","publisher":{"@id":"https:\/\/staging.srokafinal.lets-preprod.com\/de\/#organization"},"potentialAction":[{"@type":"SearchAction","target":{"@type":"EntryPoint","urlTemplate":"https:\/\/staging.srokafinal.lets-preprod.com\/de\/?s={search_term_string}"},"query-input":{"@type":"PropertyValueSpecification","valueRequired":true,"valueName":"search_term_string"}}],"inLanguage":"de"},{"@type":"Organization","@id":"https:\/\/staging.srokafinal.lets-preprod.com\/de\/#organization","name":"SROKACOMPANY","alternateName":"SROKA","url":"https:\/\/staging.srokafinal.lets-preprod.com\/de\/","logo":{"@type":"ImageObject","inLanguage":"de","@id":"https:\/\/staging.srokafinal.lets-preprod.com\/de\/#\/schema\/logo\/image\/","url":"https:\/\/staging.srokafinal.lets-preprod.com\/wp-content\/uploads\/2021\/01\/logo-sroka-black-transpa.png","contentUrl":"https:\/\/staging.srokafinal.lets-preprod.com\/wp-content\/uploads\/2021\/01\/logo-sroka-black-transpa.png","width":1201,"height":342,"caption":"SROKACOMPANY"},"image":{"@id":"https:\/\/staging.srokafinal.lets-preprod.com\/de\/#\/schema\/logo\/image\/"},"sameAs":["https:\/\/www.facebook.com\/srokawatersports\/","https:\/\/www.instagram.com\/srokawatersports\/","https:\/\/www.youtube.com\/channel\/UCVLHHeaPIm-J5bdEUgxqtZA"]}]}},"uagb_featured_image_src":{"full":["https:\/\/staging.srokafinal.lets-preprod.com\/wp-content\/uploads\/2020\/11\/Pompe-e\u0301lectrique-SUP-gonflable.jpg",780,1040,false],"thumbnail":["https:\/\/staging.srokafinal.lets-preprod.com\/wp-content\/uploads\/2020\/11\/Pompe-e\u0301lectrique-SUP-gonflable-150x150.jpg",150,150,true],"medium":["https:\/\/staging.srokafinal.lets-preprod.com\/wp-content\/uploads\/2020\/11\/Pompe-e\u0301lectrique-SUP-gonflable-225x300.jpg",225,300,true],"medium_large":["https:\/\/staging.srokafinal.lets-preprod.com\/wp-content\/uploads\/2020\/11\/Pompe-e\u0301lectrique-SUP-gonflable-768x1024.jpg",768,1024,true],"large":["https:\/\/staging.srokafinal.lets-preprod.com\/wp-content\/uploads\/2020\/11\/Pompe-e\u0301lectrique-SUP-gonflable-768x1024.jpg",768,1024,true],"1536x1536":["https:\/\/staging.srokafinal.lets-preprod.com\/wp-content\/uploads\/2020\/11\/Pompe-e\u0301lectrique-SUP-gonflable.jpg",780,1040,false],"2048x2048":["https:\/\/staging.srokafinal.lets-preprod.com\/wp-content\/uploads\/2020\/11\/Pompe-e\u0301lectrique-SUP-gonflable.jpg",780,1040,false],"woocommerce_thumbnail":["https:\/\/staging.srokafinal.lets-preprod.com\/wp-content\/uploads\/2020\/11\/Pompe-e\u0301lectrique-SUP-gonflable-600x800.jpg",600,800,true],"woocommerce_single":["https:\/\/staging.srokafinal.lets-preprod.com\/wp-content\/uploads\/2020\/11\/Pompe-e\u0301lectrique-SUP-gonflable-600x800.jpg",600,800,true],"woocommerce_gallery_thumbnail":["https:\/\/staging.srokafinal.lets-preprod.com\/wp-content\/uploads\/2020\/11\/Pompe-e\u0301lectrique-SUP-gonflable-100x100.jpg",100,100,true]},"uagb_author_info":{"display_name":"Tristan Dumard","author_link":"https:\/\/staging.srokafinal.lets-preprod.com\/de\/blog\/author\/"},"uagb_comment_info":0,"uagb_excerpt":"ELEKTRISCHE PUMPE DER FIRMA SROKA In dieser Saison waren unsere Stand Up Paddle Boards noch nie so angenehm aufzubauen. Mit unserer elektrischen Pumpe k\u00f6nnen Sie Ihr SUP in 10 Minuten und ohne Anstrengung aufpumpen. Kompakt und leicht, wird es in Ihrer Tragetasche vergessen. Es wird Sie bei all Ihren Fluchten begleiten. Er kann bis zu&hellip;","_links":{"self":[{"href":"https:\/\/staging.srokafinal.lets-preprod.com\/de\/wp-json\/wp\/v2\/product\/116894","targetHints":{"allow":["GET"]}}],"collection":[{"href":"https:\/\/staging.srokafinal.lets-preprod.com\/de\/wp-json\/wp\/v2\/product"}],"about":[{"href":"https:\/\/staging.srokafinal.lets-preprod.com\/de\/wp-json\/wp\/v2\/types\/product"}],"wp:featuredmedia":[{"embeddable":true,"href":"https:\/\/staging.srokafinal.lets-preprod.com\/de\/wp-json\/wp\/v2\/media\/116908"}],"wp:attachment":[{"href":"https:\/\/staging.srokafinal.lets-preprod.com\/de\/wp-json\/wp\/v2\/media?parent=116894"}],"wp:term":[{"taxonomy":"product_brand","embeddable":true,"href":"https:\/\/staging.srokafinal.lets-preprod.com\/de\/wp-json\/wp\/v2\/product_brand?post=116894"},{"taxonomy":"product_cat","embeddable":true,"href":"https:\/\/staging.srokafinal.lets-preprod.com\/de\/wp-json\/wp\/v2\/product_cat?post=116894"},{"taxonomy":"product_tag","embeddable":true,"href":"https:\/\/staging.srokafinal.lets-preprod.com\/de\/wp-json\/wp\/v2\/product_tag?post=116894"}],"curies":[{"name":"wp","href":"https:\/\/api.w.org\/{rel}","templated":true}]}}