


{"id":116903,"date":"2023-02-17T09:28:28","date_gmt":"2023-02-17T07:28:28","guid":{"rendered":"https:\/\/srokacompany.com\/produit\/wake-foil-pack-tasche-2023-s-foil\/"},"modified":"2024-05-30T09:15:01","modified_gmt":"2024-05-30T09:15:01","slug":"wake-foil-pack-tasche-2023-s-foil","status":"publish","type":"product","link":"https:\/\/staging.srokafinal.lets-preprod.com\/de\/produit\/wake-foil-pack-tasche-2023-s-foil\/","title":{"rendered":"Wake Foil Pack: Tasche 2023 + S-Foil"},"content":{"rendered":"<hr>\n<h3><em>&#8220;Die beste Kombination, um im Wake-Foiling zu gl\u00e4nzen&#8221;  <\/em><\/h3>\n<p>Das Paket enth\u00e4lt das <strong>2023 Pocket<\/strong> Board, das eine unvergleichliche <strong>Agilit\u00e4t<\/strong> bietet, sowie ein S-Foil 1190 Lift oder 1350 Lift. Wenn Sie auf der Suche nach dem idealen Foil f\u00fcr das Wake-Foiling sind und gleichzeitig <strong>au\u00dfergew\u00f6hnliche Leistung in anderen Disziplinen wie Wing-Foiling<\/strong> oder Surf-Foiling bieten, ist dieses Paket genau das Richtige f\u00fcr Sie.<\/p>\n<p><strong>Pocket 2023<\/strong> : Seine ultrasteife Konstruktion und kompakte Gr\u00f6\u00dfe f\u00fchlen sich wie eine Einheit mit dem Foil an und verleihen ihm eine au\u00dfergew\u00f6hnliche Reaktionsf\u00e4higkeit. Das Ganze reagiert genau wie erwartet und es ist berauschend!<\/p>\n<p><strong>S-Foil 1190 und 1350 Lift<\/strong> : Diese Kites mit hoher Streckung erm\u00f6glichen es Ihnen, auf jeder Bootswelle unbegrenzt zu gleiten. W\u00e4hlen Sie den <strong>1350<\/strong> Lift f\u00fcr <strong>gr\u00f6\u00dfere<\/strong> Fahrer (+85 kg) und um die 2. bis 4. Welle des Bootes zu reiten und den 1190 Lift f\u00fcr leichtere Fahrer oder um in den tiefsten Wellen so nah wie m\u00f6glich am Boot zu sein. Wir raten davon ab, das 1190 Speed als Wakesurf-Foil zu verwenden, da es zu schnell ist.<\/p>\n","protected":false},"excerpt":{"rendered":"<p>&#8220;Die beste Kombination, um im Wake-Foiling zu gl\u00e4nzen&#8221; Das Paket enth\u00e4lt das 2023 Pocket Board, das eine unvergleichliche Agilit\u00e4t bietet, sowie ein S-Foil 1190 Lift oder 1350 Lift. Wenn Sie auf der Suche nach dem idealen Foil f\u00fcr das Wake-Foiling sind und gleichzeitig au\u00dfergew\u00f6hnliche Leistung in anderen Disziplinen wie Wing-Foiling oder Surf-Foiling bieten, ist dieses [&hellip;]<\/p>\n","protected":false},"featured_media":116912,"template":"","meta":{"_acf_changed":false,"_uag_custom_page_level_css":""},"product_brand":[],"product_cat":[3162],"product_tag":[],"class_list":{"0":"post-116903","1":"product","2":"type-product","3":"status-publish","4":"has-post-thumbnail","6":"product_cat-downwind-uha-reihe","8":"first","9":"instock","10":"taxable","11":"shipping-taxable","12":"purchasable","13":"product-type-woosb"},"acf":[],"yoast_head":"<!-- This site is optimized with the Yoast SEO plugin v25.1 - https:\/\/yoast.com\/wordpress\/plugins\/seo\/ -->\n<title>Wake Foil Pack: Tasche 2023 + S-Foil - SROKA Company<\/title>\n<meta name=\"description\" content=\"Entdecken Sie Wake Foiling ganz einfach mit diesem Komplettpaket. Kompaktes und leichtes Board, vielseitige und leistungsstarke Folie, praktische Tragetasche.\" \/>\n<meta name=\"robots\" content=\"noindex, follow, max-snippet:-1, max-image-preview:large, max-video-preview:-1\" \/>\n<meta property=\"og:locale\" content=\"de_DE\" \/>\n<meta property=\"og:type\" content=\"article\" \/>\n<meta property=\"og:title\" content=\"Wake Foil Pack: Tasche 2023 + S-Foil - SROKA Company\" \/>\n<meta property=\"og:description\" content=\"Entdecken Sie Wake Foiling ganz einfach mit diesem Komplettpaket. Kompaktes und leichtes Board, vielseitige und leistungsstarke Folie, praktische Tragetasche.\" \/>\n<meta property=\"og:url\" content=\"https:\/\/staging.srokafinal.lets-preprod.com\/de\/produit\/wake-foil-pack-tasche-2023-s-foil\/\" \/>\n<meta property=\"og:site_name\" content=\"SROKA Company\" \/>\n<meta property=\"article:publisher\" content=\"https:\/\/www.facebook.com\/srokawatersports\/\" \/>\n<meta property=\"article:modified_time\" content=\"2024-05-30T09:15:01+00:00\" \/>\n<meta property=\"og:image\" content=\"https:\/\/staging.srokafinal.lets-preprod.com\/wp-content\/uploads\/2023\/02\/Pack-wake-foil.png\" \/>\n\t<meta property=\"og:image:width\" content=\"740\" \/>\n\t<meta property=\"og:image:height\" content=\"1080\" \/>\n\t<meta property=\"og:image:type\" content=\"image\/png\" \/>\n<meta name=\"twitter:label1\" content=\"Gesch\u00e4tzte Lesezeit\" \/>\n\t<meta name=\"twitter:data1\" content=\"1\u00a0Minute\" \/>\n<script type=\"application\/ld+json\" class=\"yoast-schema-graph\">{\"@context\":\"https:\/\/schema.org\",\"@graph\":[{\"@type\":\"WebPage\",\"@id\":\"https:\/\/staging.srokafinal.lets-preprod.com\/de\/produit\/wake-foil-pack-tasche-2023-s-foil\/\",\"url\":\"https:\/\/staging.srokafinal.lets-preprod.com\/de\/produit\/wake-foil-pack-tasche-2023-s-foil\/\",\"name\":\"Wake Foil Pack: Tasche 2023 + S-Foil - SROKA Company\",\"isPartOf\":{\"@id\":\"https:\/\/staging.srokafinal.lets-preprod.com\/de\/#website\"},\"primaryImageOfPage\":{\"@id\":\"https:\/\/staging.srokafinal.lets-preprod.com\/de\/produit\/wake-foil-pack-tasche-2023-s-foil\/#primaryimage\"},\"image\":{\"@id\":\"https:\/\/staging.srokafinal.lets-preprod.com\/de\/produit\/wake-foil-pack-tasche-2023-s-foil\/#primaryimage\"},\"thumbnailUrl\":\"https:\/\/staging.srokafinal.lets-preprod.com\/wp-content\/uploads\/2023\/02\/Pack-wake-foil.png\",\"datePublished\":\"2023-02-17T07:28:28+00:00\",\"dateModified\":\"2024-05-30T09:15:01+00:00\",\"description\":\"Entdecken Sie Wake Foiling ganz einfach mit diesem Komplettpaket. Kompaktes und leichtes Board, vielseitige und leistungsstarke Folie, praktische Tragetasche.\",\"breadcrumb\":{\"@id\":\"https:\/\/staging.srokafinal.lets-preprod.com\/de\/produit\/wake-foil-pack-tasche-2023-s-foil\/#breadcrumb\"},\"inLanguage\":\"de\",\"potentialAction\":[{\"@type\":\"ReadAction\",\"target\":[\"https:\/\/staging.srokafinal.lets-preprod.com\/de\/produit\/wake-foil-pack-tasche-2023-s-foil\/\"]}]},{\"@type\":\"ImageObject\",\"inLanguage\":\"de\",\"@id\":\"https:\/\/staging.srokafinal.lets-preprod.com\/de\/produit\/wake-foil-pack-tasche-2023-s-foil\/#primaryimage\",\"url\":\"https:\/\/staging.srokafinal.lets-preprod.com\/wp-content\/uploads\/2023\/02\/Pack-wake-foil.png\",\"contentUrl\":\"https:\/\/staging.srokafinal.lets-preprod.com\/wp-content\/uploads\/2023\/02\/Pack-wake-foil.png\",\"width\":740,\"height\":1080},{\"@type\":\"BreadcrumbList\",\"@id\":\"https:\/\/staging.srokafinal.lets-preprod.com\/de\/produit\/wake-foil-pack-tasche-2023-s-foil\/#breadcrumb\",\"itemListElement\":[{\"@type\":\"ListItem\",\"position\":1,\"name\":\"Accueil\",\"item\":\"https:\/\/staging.srokafinal.lets-preprod.com\/de\/\"},{\"@type\":\"ListItem\",\"position\":2,\"name\":\"Boutique\",\"item\":\"https:\/\/staging.srokafinal.lets-preprod.com\/boutique\/\"},{\"@type\":\"ListItem\",\"position\":3,\"name\":\"Wake Foil Pack: Tasche 2023 + S-Foil\"}]},{\"@type\":\"WebSite\",\"@id\":\"https:\/\/staging.srokafinal.lets-preprod.com\/de\/#website\",\"url\":\"https:\/\/staging.srokafinal.lets-preprod.com\/de\/\",\"name\":\"SROKA Company\",\"description\":\"SUP, Kite, Foil, Wing\",\"publisher\":{\"@id\":\"https:\/\/staging.srokafinal.lets-preprod.com\/de\/#organization\"},\"potentialAction\":[{\"@type\":\"SearchAction\",\"target\":{\"@type\":\"EntryPoint\",\"urlTemplate\":\"https:\/\/staging.srokafinal.lets-preprod.com\/de\/?s={search_term_string}\"},\"query-input\":{\"@type\":\"PropertyValueSpecification\",\"valueRequired\":true,\"valueName\":\"search_term_string\"}}],\"inLanguage\":\"de\"},{\"@type\":\"Organization\",\"@id\":\"https:\/\/staging.srokafinal.lets-preprod.com\/de\/#organization\",\"name\":\"SROKACOMPANY\",\"alternateName\":\"SROKA\",\"url\":\"https:\/\/staging.srokafinal.lets-preprod.com\/de\/\",\"logo\":{\"@type\":\"ImageObject\",\"inLanguage\":\"de\",\"@id\":\"https:\/\/staging.srokafinal.lets-preprod.com\/de\/#\/schema\/logo\/image\/\",\"url\":\"https:\/\/staging.srokafinal.lets-preprod.com\/wp-content\/uploads\/2021\/01\/logo-sroka-black-transpa.png\",\"contentUrl\":\"https:\/\/staging.srokafinal.lets-preprod.com\/wp-content\/uploads\/2021\/01\/logo-sroka-black-transpa.png\",\"width\":1201,\"height\":342,\"caption\":\"SROKACOMPANY\"},\"image\":{\"@id\":\"https:\/\/staging.srokafinal.lets-preprod.com\/de\/#\/schema\/logo\/image\/\"},\"sameAs\":[\"https:\/\/www.facebook.com\/srokawatersports\/\",\"https:\/\/www.instagram.com\/srokawatersports\/\",\"https:\/\/www.youtube.com\/channel\/UCVLHHeaPIm-J5bdEUgxqtZA\"]}]}<\/script>\n<!-- \/ Yoast SEO plugin. -->","yoast_head_json":{"title":"Wake Foil Pack: Tasche 2023 + S-Foil - SROKA Company","description":"Entdecken Sie Wake Foiling ganz einfach mit diesem Komplettpaket. Kompaktes und leichtes Board, vielseitige und leistungsstarke Folie, praktische Tragetasche.","robots":{"index":"noindex","follow":"follow","max-snippet":"max-snippet:-1","max-image-preview":"max-image-preview:large","max-video-preview":"max-video-preview:-1"},"og_locale":"de_DE","og_type":"article","og_title":"Wake Foil Pack: Tasche 2023 + S-Foil - SROKA Company","og_description":"Entdecken Sie Wake Foiling ganz einfach mit diesem Komplettpaket. Kompaktes und leichtes Board, vielseitige und leistungsstarke Folie, praktische Tragetasche.","og_url":"https:\/\/staging.srokafinal.lets-preprod.com\/de\/produit\/wake-foil-pack-tasche-2023-s-foil\/","og_site_name":"SROKA Company","article_publisher":"https:\/\/www.facebook.com\/srokawatersports\/","article_modified_time":"2024-05-30T09:15:01+00:00","og_image":[{"width":740,"height":1080,"url":"https:\/\/staging.srokafinal.lets-preprod.com\/wp-content\/uploads\/2023\/02\/Pack-wake-foil.png","type":"image\/png"}],"twitter_misc":{"Gesch\u00e4tzte Lesezeit":"1\u00a0Minute"},"schema":{"@context":"https:\/\/schema.org","@graph":[{"@type":"WebPage","@id":"https:\/\/staging.srokafinal.lets-preprod.com\/de\/produit\/wake-foil-pack-tasche-2023-s-foil\/","url":"https:\/\/staging.srokafinal.lets-preprod.com\/de\/produit\/wake-foil-pack-tasche-2023-s-foil\/","name":"Wake Foil Pack: Tasche 2023 + S-Foil - SROKA Company","isPartOf":{"@id":"https:\/\/staging.srokafinal.lets-preprod.com\/de\/#website"},"primaryImageOfPage":{"@id":"https:\/\/staging.srokafinal.lets-preprod.com\/de\/produit\/wake-foil-pack-tasche-2023-s-foil\/#primaryimage"},"image":{"@id":"https:\/\/staging.srokafinal.lets-preprod.com\/de\/produit\/wake-foil-pack-tasche-2023-s-foil\/#primaryimage"},"thumbnailUrl":"https:\/\/staging.srokafinal.lets-preprod.com\/wp-content\/uploads\/2023\/02\/Pack-wake-foil.png","datePublished":"2023-02-17T07:28:28+00:00","dateModified":"2024-05-30T09:15:01+00:00","description":"Entdecken Sie Wake Foiling ganz einfach mit diesem Komplettpaket. Kompaktes und leichtes Board, vielseitige und leistungsstarke Folie, praktische Tragetasche.","breadcrumb":{"@id":"https:\/\/staging.srokafinal.lets-preprod.com\/de\/produit\/wake-foil-pack-tasche-2023-s-foil\/#breadcrumb"},"inLanguage":"de","potentialAction":[{"@type":"ReadAction","target":["https:\/\/staging.srokafinal.lets-preprod.com\/de\/produit\/wake-foil-pack-tasche-2023-s-foil\/"]}]},{"@type":"ImageObject","inLanguage":"de","@id":"https:\/\/staging.srokafinal.lets-preprod.com\/de\/produit\/wake-foil-pack-tasche-2023-s-foil\/#primaryimage","url":"https:\/\/staging.srokafinal.lets-preprod.com\/wp-content\/uploads\/2023\/02\/Pack-wake-foil.png","contentUrl":"https:\/\/staging.srokafinal.lets-preprod.com\/wp-content\/uploads\/2023\/02\/Pack-wake-foil.png","width":740,"height":1080},{"@type":"BreadcrumbList","@id":"https:\/\/staging.srokafinal.lets-preprod.com\/de\/produit\/wake-foil-pack-tasche-2023-s-foil\/#breadcrumb","itemListElement":[{"@type":"ListItem","position":1,"name":"Accueil","item":"https:\/\/staging.srokafinal.lets-preprod.com\/de\/"},{"@type":"ListItem","position":2,"name":"Boutique","item":"https:\/\/staging.srokafinal.lets-preprod.com\/boutique\/"},{"@type":"ListItem","position":3,"name":"Wake Foil Pack: Tasche 2023 + S-Foil"}]},{"@type":"WebSite","@id":"https:\/\/staging.srokafinal.lets-preprod.com\/de\/#website","url":"https:\/\/staging.srokafinal.lets-preprod.com\/de\/","name":"SROKA Company","description":"SUP, Kite, Foil, Wing","publisher":{"@id":"https:\/\/staging.srokafinal.lets-preprod.com\/de\/#organization"},"potentialAction":[{"@type":"SearchAction","target":{"@type":"EntryPoint","urlTemplate":"https:\/\/staging.srokafinal.lets-preprod.com\/de\/?s={search_term_string}"},"query-input":{"@type":"PropertyValueSpecification","valueRequired":true,"valueName":"search_term_string"}}],"inLanguage":"de"},{"@type":"Organization","@id":"https:\/\/staging.srokafinal.lets-preprod.com\/de\/#organization","name":"SROKACOMPANY","alternateName":"SROKA","url":"https:\/\/staging.srokafinal.lets-preprod.com\/de\/","logo":{"@type":"ImageObject","inLanguage":"de","@id":"https:\/\/staging.srokafinal.lets-preprod.com\/de\/#\/schema\/logo\/image\/","url":"https:\/\/staging.srokafinal.lets-preprod.com\/wp-content\/uploads\/2021\/01\/logo-sroka-black-transpa.png","contentUrl":"https:\/\/staging.srokafinal.lets-preprod.com\/wp-content\/uploads\/2021\/01\/logo-sroka-black-transpa.png","width":1201,"height":342,"caption":"SROKACOMPANY"},"image":{"@id":"https:\/\/staging.srokafinal.lets-preprod.com\/de\/#\/schema\/logo\/image\/"},"sameAs":["https:\/\/www.facebook.com\/srokawatersports\/","https:\/\/www.instagram.com\/srokawatersports\/","https:\/\/www.youtube.com\/channel\/UCVLHHeaPIm-J5bdEUgxqtZA"]}]}},"uagb_featured_image_src":{"full":["https:\/\/staging.srokafinal.lets-preprod.com\/wp-content\/uploads\/2023\/02\/Pack-wake-foil.png",740,1080,false],"thumbnail":["https:\/\/staging.srokafinal.lets-preprod.com\/wp-content\/uploads\/2023\/02\/Pack-wake-foil-150x150.png",150,150,true],"medium":["https:\/\/staging.srokafinal.lets-preprod.com\/wp-content\/uploads\/2023\/02\/Pack-wake-foil-206x300.png",206,300,true],"medium_large":["https:\/\/staging.srokafinal.lets-preprod.com\/wp-content\/uploads\/2023\/02\/Pack-wake-foil.png",740,1080,false],"large":["https:\/\/staging.srokafinal.lets-preprod.com\/wp-content\/uploads\/2023\/02\/Pack-wake-foil-702x1024.png",702,1024,true],"1536x1536":["https:\/\/staging.srokafinal.lets-preprod.com\/wp-content\/uploads\/2023\/02\/Pack-wake-foil.png",740,1080,false],"2048x2048":["https:\/\/staging.srokafinal.lets-preprod.com\/wp-content\/uploads\/2023\/02\/Pack-wake-foil.png",740,1080,false],"woocommerce_thumbnail":["https:\/\/staging.srokafinal.lets-preprod.com\/wp-content\/uploads\/2023\/02\/Pack-wake-foil-600x876.png",600,876,true],"woocommerce_single":["https:\/\/staging.srokafinal.lets-preprod.com\/wp-content\/uploads\/2023\/02\/Pack-wake-foil-600x876.png",600,876,true],"woocommerce_gallery_thumbnail":["https:\/\/staging.srokafinal.lets-preprod.com\/wp-content\/uploads\/2023\/02\/Pack-wake-foil-100x100.png",100,100,true]},"uagb_author_info":{"display_name":"emmanuel.d emmanuel.d","author_link":"https:\/\/staging.srokafinal.lets-preprod.com\/de\/blog\/author\/"},"uagb_comment_info":0,"uagb_excerpt":"&#8220;Die beste Kombination, um im Wake-Foiling zu gl\u00e4nzen&#8221; Das Paket enth\u00e4lt das 2023 Pocket Board, das eine unvergleichliche Agilit\u00e4t bietet, sowie ein S-Foil 1190 Lift oder 1350 Lift. Wenn Sie auf der Suche nach dem idealen Foil f\u00fcr das Wake-Foiling sind und gleichzeitig au\u00dfergew\u00f6hnliche Leistung in anderen Disziplinen wie Wing-Foiling oder Surf-Foiling bieten, ist dieses&hellip;","_links":{"self":[{"href":"https:\/\/staging.srokafinal.lets-preprod.com\/de\/wp-json\/wp\/v2\/product\/116903","targetHints":{"allow":["GET"]}}],"collection":[{"href":"https:\/\/staging.srokafinal.lets-preprod.com\/de\/wp-json\/wp\/v2\/product"}],"about":[{"href":"https:\/\/staging.srokafinal.lets-preprod.com\/de\/wp-json\/wp\/v2\/types\/product"}],"wp:featuredmedia":[{"embeddable":true,"href":"https:\/\/staging.srokafinal.lets-preprod.com\/de\/wp-json\/wp\/v2\/media\/116912"}],"wp:attachment":[{"href":"https:\/\/staging.srokafinal.lets-preprod.com\/de\/wp-json\/wp\/v2\/media?parent=116903"}],"wp:term":[{"taxonomy":"product_brand","embeddable":true,"href":"https:\/\/staging.srokafinal.lets-preprod.com\/de\/wp-json\/wp\/v2\/product_brand?post=116903"},{"taxonomy":"product_cat","embeddable":true,"href":"https:\/\/staging.srokafinal.lets-preprod.com\/de\/wp-json\/wp\/v2\/product_cat?post=116903"},{"taxonomy":"product_tag","embeddable":true,"href":"https:\/\/staging.srokafinal.lets-preprod.com\/de\/wp-json\/wp\/v2\/product_tag?post=116903"}],"curies":[{"name":"wp","href":"https:\/\/api.w.org\/{rel}","templated":true}]}}