


{"id":116932,"date":"2020-11-17T10:33:39","date_gmt":"2020-11-17T08:33:39","guid":{"rendered":"https:\/\/srokacompany.com\/produit\/frontfluegel-s-foil-high-aspect-1190\/"},"modified":"2024-11-23T13:34:16","modified_gmt":"2024-11-23T13:34:16","slug":"frontfluegel-s-foil-high-aspect-1190","status":"publish","type":"product","link":"https:\/\/staging.srokafinal.lets-preprod.com\/de\/produit\/frontfluegel-s-foil-high-aspect-1190\/","title":{"rendered":"Frontfl\u00fcgel S-Foil High Aspect 1190"},"content":{"rendered":"<hr>\n<h2 style=\"text-align: justify;\">W\u00e4hle deinen High Aspect Kite<\/h2>\n<p style=\"text-align: justify;\">Um unser Angebot an Foil-Frontfl\u00fcgeln zu bereichern, f\u00fcgen wir dem <a href=\"https:\/\/srokacompany.com\/eshop\/surf-foil\/\"><strong>klassischen S Foil<\/strong><\/p>\n<p><\/a> die <a href=\"https:\/\/srokacompany.com\/produit\/s-foil-high-aspect-1190\/\">High Aspect-Reihe<\/a> hinzu. Wo die mittlere Streckung des Classic Carving und Vielseitigkeit bietet, haben wir hier Frontfl\u00fcgel mit kompromisslosem Gleiten und Pumpen entworfen. Jeder High Aspect hat ein einzigartiges Profil, das wir durch das Sammeln von Feedback unserer Kunden entworfen haben, um die ultimative Gleitwaffe zu bauen:<\/p>\n<ul>\n<li style=\"text-align: justify;\">Der <a href=\"https:\/\/srokacompany.com\/eshop\/tous-nos-foils-high-aspect\/\"><br \/>\n  <strong>HA 1190 S (Speed)<\/strong><br \/>\n<\/a> eignet sich perfekt zum <a href=\"https:\/\/srokacompany.com\/2023\/03\/wingfoil-comment-virer-de-bord-sroka-company\/\"><br \/>\n  <strong>Wingfoilen<\/strong><br \/>\n<\/a>. Es eignet sich auch hervorragend f\u00fcr diejenigen, die kraftvolle Swell-Trains surfen m\u00f6chten, aber auch in anderen Foiling-Disziplinen wie Wind Foil und <strong> <a href=\"https:\/\/srokacompany.com\/eshop\/stand-up-paddle-gonflable\/\">Kite Foil<\/a>. <\/strong>Es bietet ein Gef\u00fchl von Geschwindigkeit, Gleiten und absoluter Kontrolle, das Ihre Sicht auf das Foilen ver\u00e4ndern wird. Es liefert auch ein hervorragendes Pumpen. Dieses Profil ist schneller, aber weniger schwimmf\u00e4hig als der Lift. Dank seiner Gr\u00f6\u00dfe und seines Profils wird Ihre Erfahrung nie bestrafend sein, und Sie behalten in jeder Situation die Kontrolle.<\/li>\n<li style=\"text-align: justify;\"><a href=\"https:\/\/srokacompany.com\/eshop\/tous-nos-foils-high-aspect\/\"><br \/>\n  <strong>Der HA 1190 L (Lift)<\/strong><br \/>\n<\/a> ist hier, um Ihre Surflust zu stillen. Sie wird sich in <a href=\"https:\/\/srokacompany.com\/produit\/surf-foil-46-fast-flyer\/\"><br \/>\n  <strong>Surf Foil<\/strong><br \/>\n<\/a>, <strong>SUP Foil<\/strong> und Wake Foil voll und ganz offenbaren <a href=\"https:\/\/srokacompany.com\/eshop\/wake-foil\/\"><br \/>\n  <strong>.<\/strong><br \/>\n<\/a> Dieser Schirm profitiert von einem Profil mit fast 20% mehr Auftrieb im Vergleich zum Speed. Es erzeugt ein beunruhigend leichtes und sanftes Pumpen und Gleiten mit hoher Flugleistung. M\u00fchelos k\u00f6nnen Sie Wellen und Swell-Z\u00fcge wieder auf unendlich verbinden.<\/li>\n<\/ul>\n<p style=\"text-align: justify;\">Entdecken Sie eine neue Welt der Empfindungen mit unseren <strong>HA 1190 S<\/strong> und <strong>HA 1190 L <\/strong>und erfahren Sie, wie Sie unten das richtige High Aspect Profil ausw\u00e4hlen. Unsere <a href=\"https:\/\/srokacompany.com\/produit\/s-foil-high-aspect-1190\/\">S-Folien<\/a> werden in ihrer Schutz <a href=\"https:\/\/srokacompany.com\/produit\/housse-de-protection-pour-foils\/\">&#8211; und Tragetasche<\/a> geliefert.<\/p>\n<p>https:\/\/srokacompany.com\/caracteristiques-techniques-des-ailes-de-foil-sroka\/<\/p>\n","protected":false},"excerpt":{"rendered":"<p>W\u00e4hle deinen High Aspect Kite Um unser Angebot an Foil-Frontfl\u00fcgeln zu bereichern, f\u00fcgen wir dem klassischen S Foil die High Aspect-Reihe hinzu. Wo die mittlere Streckung des Classic Carving und Vielseitigkeit bietet, haben wir hier Frontfl\u00fcgel mit kompromisslosem Gleiten und Pumpen entworfen. Jeder High Aspect hat ein einzigartiges Profil, das wir durch das Sammeln von [&hellip;]<\/p>\n","protected":false},"featured_media":116343,"template":"","meta":{"_acf_changed":false,"_uag_custom_page_level_css":""},"product_brand":[],"product_cat":[2784,2781,2783],"product_tag":[],"class_list":{"0":"post-116932","1":"product","2":"type-product","3":"status-publish","4":"has-post-thumbnail","6":"product_cat-flugel-foil","7":"product_cat-folie","8":"product_cat-surf-folie","9":"product_shipping_class-komplettes-foil-oder-ersatzteile-flugeleinheit","11":"first","12":"instock","13":"sale","14":"taxable","15":"shipping-taxable","16":"purchasable","17":"product-type-variable","18":"has-default-attributes"},"acf":[],"yoast_head":"<!-- This site is optimized with the Yoast SEO plugin v25.1 - https:\/\/yoast.com\/wordpress\/plugins\/seo\/ -->\n<title>Frontfl\u00fcgel S-Foil High Aspect 1190 - SROKA Company - FOLIE<\/title>\n<meta name=\"description\" content=\"Der neue S Foil High Aspect Frontfl\u00fcgel von Sroka und seine Varianten bieten das Beste in Leistung und Preis kombiniert.\" \/>\n<meta name=\"robots\" content=\"noindex, follow, max-snippet:-1, max-image-preview:large, max-video-preview:-1\" \/>\n<meta property=\"og:locale\" content=\"de_DE\" \/>\n<meta property=\"og:type\" content=\"article\" \/>\n<meta property=\"og:title\" content=\"Frontfl\u00fcgel S-Foil High Aspect 1190 - SROKA Company - FOLIE\" \/>\n<meta property=\"og:description\" content=\"Der neue S Foil High Aspect Frontfl\u00fcgel von Sroka und seine Varianten bieten das Beste in Leistung und Preis kombiniert.\" \/>\n<meta property=\"og:url\" content=\"https:\/\/staging.srokafinal.lets-preprod.com\/de\/produit\/frontfluegel-s-foil-high-aspect-1190\/\" \/>\n<meta property=\"og:site_name\" content=\"SROKA Company\" \/>\n<meta property=\"article:publisher\" content=\"https:\/\/www.facebook.com\/srokawatersports\/\" \/>\n<meta property=\"article:modified_time\" content=\"2024-11-23T13:34:16+00:00\" \/>\n<meta property=\"og:image\" content=\"https:\/\/staging.srokafinal.lets-preprod.com\/wp-content\/uploads\/2020\/11\/aile-avant-foil-high-aspect-2.jpg\" \/>\n\t<meta property=\"og:image:width\" content=\"780\" \/>\n\t<meta property=\"og:image:height\" content=\"1040\" \/>\n\t<meta property=\"og:image:type\" content=\"image\/jpeg\" \/>\n<meta name=\"twitter:label1\" content=\"Gesch\u00e4tzte Lesezeit\" \/>\n\t<meta name=\"twitter:data1\" content=\"1\u00a0Minute\" \/>\n<script type=\"application\/ld+json\" class=\"yoast-schema-graph\">{\"@context\":\"https:\/\/schema.org\",\"@graph\":[{\"@type\":\"WebPage\",\"@id\":\"https:\/\/staging.srokafinal.lets-preprod.com\/de\/produit\/frontfluegel-s-foil-high-aspect-1190\/\",\"url\":\"https:\/\/staging.srokafinal.lets-preprod.com\/de\/produit\/frontfluegel-s-foil-high-aspect-1190\/\",\"name\":\"Frontfl\u00fcgel S-Foil High Aspect 1190 - SROKA Company - FOLIE\",\"isPartOf\":{\"@id\":\"https:\/\/staging.srokafinal.lets-preprod.com\/de\/#website\"},\"primaryImageOfPage\":{\"@id\":\"https:\/\/staging.srokafinal.lets-preprod.com\/de\/produit\/frontfluegel-s-foil-high-aspect-1190\/#primaryimage\"},\"image\":{\"@id\":\"https:\/\/staging.srokafinal.lets-preprod.com\/de\/produit\/frontfluegel-s-foil-high-aspect-1190\/#primaryimage\"},\"thumbnailUrl\":\"https:\/\/staging.srokafinal.lets-preprod.com\/wp-content\/uploads\/2020\/11\/aile-avant-foil-high-aspect-2.jpg\",\"datePublished\":\"2020-11-17T08:33:39+00:00\",\"dateModified\":\"2024-11-23T13:34:16+00:00\",\"description\":\"Der neue S Foil High Aspect Frontfl\u00fcgel von Sroka und seine Varianten bieten das Beste in Leistung und Preis kombiniert.\",\"breadcrumb\":{\"@id\":\"https:\/\/staging.srokafinal.lets-preprod.com\/de\/produit\/frontfluegel-s-foil-high-aspect-1190\/#breadcrumb\"},\"inLanguage\":\"de\",\"potentialAction\":[{\"@type\":\"ReadAction\",\"target\":[\"https:\/\/staging.srokafinal.lets-preprod.com\/de\/produit\/frontfluegel-s-foil-high-aspect-1190\/\"]}]},{\"@type\":\"ImageObject\",\"inLanguage\":\"de\",\"@id\":\"https:\/\/staging.srokafinal.lets-preprod.com\/de\/produit\/frontfluegel-s-foil-high-aspect-1190\/#primaryimage\",\"url\":\"https:\/\/staging.srokafinal.lets-preprod.com\/wp-content\/uploads\/2020\/11\/aile-avant-foil-high-aspect-2.jpg\",\"contentUrl\":\"https:\/\/staging.srokafinal.lets-preprod.com\/wp-content\/uploads\/2020\/11\/aile-avant-foil-high-aspect-2.jpg\",\"width\":780,\"height\":1040,\"caption\":\"High-Aspect-Frontfl\u00fcgel f\u00fcr Performance-Foiling von Sroka Company\"},{\"@type\":\"BreadcrumbList\",\"@id\":\"https:\/\/staging.srokafinal.lets-preprod.com\/de\/produit\/frontfluegel-s-foil-high-aspect-1190\/#breadcrumb\",\"itemListElement\":[{\"@type\":\"ListItem\",\"position\":1,\"name\":\"Accueil\",\"item\":\"https:\/\/staging.srokafinal.lets-preprod.com\/de\/\"},{\"@type\":\"ListItem\",\"position\":2,\"name\":\"Boutique\",\"item\":\"https:\/\/staging.srokafinal.lets-preprod.com\/boutique\/\"},{\"@type\":\"ListItem\",\"position\":3,\"name\":\"Frontfl\u00fcgel S-Foil High Aspect 1190\"}]},{\"@type\":\"WebSite\",\"@id\":\"https:\/\/staging.srokafinal.lets-preprod.com\/de\/#website\",\"url\":\"https:\/\/staging.srokafinal.lets-preprod.com\/de\/\",\"name\":\"SROKA Company\",\"description\":\"SUP, Kite, Foil, Wing\",\"publisher\":{\"@id\":\"https:\/\/staging.srokafinal.lets-preprod.com\/de\/#organization\"},\"potentialAction\":[{\"@type\":\"SearchAction\",\"target\":{\"@type\":\"EntryPoint\",\"urlTemplate\":\"https:\/\/staging.srokafinal.lets-preprod.com\/de\/?s={search_term_string}\"},\"query-input\":{\"@type\":\"PropertyValueSpecification\",\"valueRequired\":true,\"valueName\":\"search_term_string\"}}],\"inLanguage\":\"de\"},{\"@type\":\"Organization\",\"@id\":\"https:\/\/staging.srokafinal.lets-preprod.com\/de\/#organization\",\"name\":\"SROKACOMPANY\",\"alternateName\":\"SROKA\",\"url\":\"https:\/\/staging.srokafinal.lets-preprod.com\/de\/\",\"logo\":{\"@type\":\"ImageObject\",\"inLanguage\":\"de\",\"@id\":\"https:\/\/staging.srokafinal.lets-preprod.com\/de\/#\/schema\/logo\/image\/\",\"url\":\"https:\/\/staging.srokafinal.lets-preprod.com\/wp-content\/uploads\/2021\/01\/logo-sroka-black-transpa.png\",\"contentUrl\":\"https:\/\/staging.srokafinal.lets-preprod.com\/wp-content\/uploads\/2021\/01\/logo-sroka-black-transpa.png\",\"width\":1201,\"height\":342,\"caption\":\"SROKACOMPANY\"},\"image\":{\"@id\":\"https:\/\/staging.srokafinal.lets-preprod.com\/de\/#\/schema\/logo\/image\/\"},\"sameAs\":[\"https:\/\/www.facebook.com\/srokawatersports\/\",\"https:\/\/www.instagram.com\/srokawatersports\/\",\"https:\/\/www.youtube.com\/channel\/UCVLHHeaPIm-J5bdEUgxqtZA\"]}]}<\/script>\n<!-- \/ Yoast SEO plugin. -->","yoast_head_json":{"title":"Frontfl\u00fcgel S-Foil High Aspect 1190 - SROKA Company - FOLIE","description":"Der neue S Foil High Aspect Frontfl\u00fcgel von Sroka und seine Varianten bieten das Beste in Leistung und Preis kombiniert.","robots":{"index":"noindex","follow":"follow","max-snippet":"max-snippet:-1","max-image-preview":"max-image-preview:large","max-video-preview":"max-video-preview:-1"},"og_locale":"de_DE","og_type":"article","og_title":"Frontfl\u00fcgel S-Foil High Aspect 1190 - SROKA Company - FOLIE","og_description":"Der neue S Foil High Aspect Frontfl\u00fcgel von Sroka und seine Varianten bieten das Beste in Leistung und Preis kombiniert.","og_url":"https:\/\/staging.srokafinal.lets-preprod.com\/de\/produit\/frontfluegel-s-foil-high-aspect-1190\/","og_site_name":"SROKA Company","article_publisher":"https:\/\/www.facebook.com\/srokawatersports\/","article_modified_time":"2024-11-23T13:34:16+00:00","og_image":[{"width":780,"height":1040,"url":"https:\/\/staging.srokafinal.lets-preprod.com\/wp-content\/uploads\/2020\/11\/aile-avant-foil-high-aspect-2.jpg","type":"image\/jpeg"}],"twitter_misc":{"Gesch\u00e4tzte Lesezeit":"1\u00a0Minute"},"schema":{"@context":"https:\/\/schema.org","@graph":[{"@type":"WebPage","@id":"https:\/\/staging.srokafinal.lets-preprod.com\/de\/produit\/frontfluegel-s-foil-high-aspect-1190\/","url":"https:\/\/staging.srokafinal.lets-preprod.com\/de\/produit\/frontfluegel-s-foil-high-aspect-1190\/","name":"Frontfl\u00fcgel S-Foil High Aspect 1190 - SROKA Company - FOLIE","isPartOf":{"@id":"https:\/\/staging.srokafinal.lets-preprod.com\/de\/#website"},"primaryImageOfPage":{"@id":"https:\/\/staging.srokafinal.lets-preprod.com\/de\/produit\/frontfluegel-s-foil-high-aspect-1190\/#primaryimage"},"image":{"@id":"https:\/\/staging.srokafinal.lets-preprod.com\/de\/produit\/frontfluegel-s-foil-high-aspect-1190\/#primaryimage"},"thumbnailUrl":"https:\/\/staging.srokafinal.lets-preprod.com\/wp-content\/uploads\/2020\/11\/aile-avant-foil-high-aspect-2.jpg","datePublished":"2020-11-17T08:33:39+00:00","dateModified":"2024-11-23T13:34:16+00:00","description":"Der neue S Foil High Aspect Frontfl\u00fcgel von Sroka und seine Varianten bieten das Beste in Leistung und Preis kombiniert.","breadcrumb":{"@id":"https:\/\/staging.srokafinal.lets-preprod.com\/de\/produit\/frontfluegel-s-foil-high-aspect-1190\/#breadcrumb"},"inLanguage":"de","potentialAction":[{"@type":"ReadAction","target":["https:\/\/staging.srokafinal.lets-preprod.com\/de\/produit\/frontfluegel-s-foil-high-aspect-1190\/"]}]},{"@type":"ImageObject","inLanguage":"de","@id":"https:\/\/staging.srokafinal.lets-preprod.com\/de\/produit\/frontfluegel-s-foil-high-aspect-1190\/#primaryimage","url":"https:\/\/staging.srokafinal.lets-preprod.com\/wp-content\/uploads\/2020\/11\/aile-avant-foil-high-aspect-2.jpg","contentUrl":"https:\/\/staging.srokafinal.lets-preprod.com\/wp-content\/uploads\/2020\/11\/aile-avant-foil-high-aspect-2.jpg","width":780,"height":1040,"caption":"High-Aspect-Frontfl\u00fcgel f\u00fcr Performance-Foiling von Sroka Company"},{"@type":"BreadcrumbList","@id":"https:\/\/staging.srokafinal.lets-preprod.com\/de\/produit\/frontfluegel-s-foil-high-aspect-1190\/#breadcrumb","itemListElement":[{"@type":"ListItem","position":1,"name":"Accueil","item":"https:\/\/staging.srokafinal.lets-preprod.com\/de\/"},{"@type":"ListItem","position":2,"name":"Boutique","item":"https:\/\/staging.srokafinal.lets-preprod.com\/boutique\/"},{"@type":"ListItem","position":3,"name":"Frontfl\u00fcgel S-Foil High Aspect 1190"}]},{"@type":"WebSite","@id":"https:\/\/staging.srokafinal.lets-preprod.com\/de\/#website","url":"https:\/\/staging.srokafinal.lets-preprod.com\/de\/","name":"SROKA Company","description":"SUP, Kite, Foil, Wing","publisher":{"@id":"https:\/\/staging.srokafinal.lets-preprod.com\/de\/#organization"},"potentialAction":[{"@type":"SearchAction","target":{"@type":"EntryPoint","urlTemplate":"https:\/\/staging.srokafinal.lets-preprod.com\/de\/?s={search_term_string}"},"query-input":{"@type":"PropertyValueSpecification","valueRequired":true,"valueName":"search_term_string"}}],"inLanguage":"de"},{"@type":"Organization","@id":"https:\/\/staging.srokafinal.lets-preprod.com\/de\/#organization","name":"SROKACOMPANY","alternateName":"SROKA","url":"https:\/\/staging.srokafinal.lets-preprod.com\/de\/","logo":{"@type":"ImageObject","inLanguage":"de","@id":"https:\/\/staging.srokafinal.lets-preprod.com\/de\/#\/schema\/logo\/image\/","url":"https:\/\/staging.srokafinal.lets-preprod.com\/wp-content\/uploads\/2021\/01\/logo-sroka-black-transpa.png","contentUrl":"https:\/\/staging.srokafinal.lets-preprod.com\/wp-content\/uploads\/2021\/01\/logo-sroka-black-transpa.png","width":1201,"height":342,"caption":"SROKACOMPANY"},"image":{"@id":"https:\/\/staging.srokafinal.lets-preprod.com\/de\/#\/schema\/logo\/image\/"},"sameAs":["https:\/\/www.facebook.com\/srokawatersports\/","https:\/\/www.instagram.com\/srokawatersports\/","https:\/\/www.youtube.com\/channel\/UCVLHHeaPIm-J5bdEUgxqtZA"]}]}},"uagb_featured_image_src":{"full":["https:\/\/staging.srokafinal.lets-preprod.com\/wp-content\/uploads\/2020\/11\/aile-avant-foil-high-aspect-2.jpg",780,1040,false],"thumbnail":["https:\/\/staging.srokafinal.lets-preprod.com\/wp-content\/uploads\/2020\/11\/aile-avant-foil-high-aspect-2-150x150.jpg",150,150,true],"medium":["https:\/\/staging.srokafinal.lets-preprod.com\/wp-content\/uploads\/2020\/11\/aile-avant-foil-high-aspect-2-225x300.jpg",225,300,true],"medium_large":["https:\/\/staging.srokafinal.lets-preprod.com\/wp-content\/uploads\/2020\/11\/aile-avant-foil-high-aspect-2-768x1024.jpg",768,1024,true],"large":["https:\/\/staging.srokafinal.lets-preprod.com\/wp-content\/uploads\/2020\/11\/aile-avant-foil-high-aspect-2-768x1024.jpg",768,1024,true],"1536x1536":["https:\/\/staging.srokafinal.lets-preprod.com\/wp-content\/uploads\/2020\/11\/aile-avant-foil-high-aspect-2.jpg",780,1040,false],"2048x2048":["https:\/\/staging.srokafinal.lets-preprod.com\/wp-content\/uploads\/2020\/11\/aile-avant-foil-high-aspect-2.jpg",780,1040,false],"woocommerce_thumbnail":["https:\/\/staging.srokafinal.lets-preprod.com\/wp-content\/uploads\/2020\/11\/aile-avant-foil-high-aspect-2-600x800.jpg",600,800,true],"woocommerce_single":["https:\/\/staging.srokafinal.lets-preprod.com\/wp-content\/uploads\/2020\/11\/aile-avant-foil-high-aspect-2-600x800.jpg",600,800,true],"woocommerce_gallery_thumbnail":["https:\/\/staging.srokafinal.lets-preprod.com\/wp-content\/uploads\/2020\/11\/aile-avant-foil-high-aspect-2-100x100.jpg",100,100,true]},"uagb_author_info":{"display_name":"Tristan Dumard","author_link":"https:\/\/staging.srokafinal.lets-preprod.com\/de\/blog\/author\/"},"uagb_comment_info":0,"uagb_excerpt":"W\u00e4hle deinen High Aspect Kite Um unser Angebot an Foil-Frontfl\u00fcgeln zu bereichern, f\u00fcgen wir dem klassischen S Foil die High Aspect-Reihe hinzu. Wo die mittlere Streckung des Classic Carving und Vielseitigkeit bietet, haben wir hier Frontfl\u00fcgel mit kompromisslosem Gleiten und Pumpen entworfen. Jeder High Aspect hat ein einzigartiges Profil, das wir durch das Sammeln von&hellip;","_links":{"self":[{"href":"https:\/\/staging.srokafinal.lets-preprod.com\/de\/wp-json\/wp\/v2\/product\/116932","targetHints":{"allow":["GET"]}}],"collection":[{"href":"https:\/\/staging.srokafinal.lets-preprod.com\/de\/wp-json\/wp\/v2\/product"}],"about":[{"href":"https:\/\/staging.srokafinal.lets-preprod.com\/de\/wp-json\/wp\/v2\/types\/product"}],"wp:featuredmedia":[{"embeddable":true,"href":"https:\/\/staging.srokafinal.lets-preprod.com\/de\/wp-json\/wp\/v2\/media\/116343"}],"wp:attachment":[{"href":"https:\/\/staging.srokafinal.lets-preprod.com\/de\/wp-json\/wp\/v2\/media?parent=116932"}],"wp:term":[{"taxonomy":"product_brand","embeddable":true,"href":"https:\/\/staging.srokafinal.lets-preprod.com\/de\/wp-json\/wp\/v2\/product_brand?post=116932"},{"taxonomy":"product_cat","embeddable":true,"href":"https:\/\/staging.srokafinal.lets-preprod.com\/de\/wp-json\/wp\/v2\/product_cat?post=116932"},{"taxonomy":"product_tag","embeddable":true,"href":"https:\/\/staging.srokafinal.lets-preprod.com\/de\/wp-json\/wp\/v2\/product_tag?post=116932"}],"curies":[{"name":"wp","href":"https:\/\/api.w.org\/{rel}","templated":true}]}}