


{"id":116962,"date":"2023-04-17T14:11:30","date_gmt":"2023-04-17T12:11:30","guid":{"rendered":"https:\/\/srokacompany.com\/produit\/s-foil-steuerung-950\/"},"modified":"2024-11-23T13:28:58","modified_gmt":"2024-11-23T13:28:58","slug":"s-foil-steuerung-950","status":"publish","type":"product","link":"https:\/\/staging.srokafinal.lets-preprod.com\/de\/produit\/s-foil-steuerung-950\/","title":{"rendered":"S-foil Steuerung 950"},"content":{"rendered":"<hr>\n<h2>Der 950 Control: Freeriden und Wing Foiling auf h\u00f6chstem Niveau<\/h2>\n<p>Mit dem Foil 950 Control bekommt das Freeride-Erlebnis beim Wing Foilen eine neue Dimension. Gleiten Sie mit unvergleichlicher Leichtigkeit, meistern Sie Ihre Schw\u00fcnge mit absoluter Pr\u00e4zision. Entwickelt, um au\u00dfergew\u00f6hnliches Handling, Laufruhe und Pr\u00e4zision zu bieten.<\/p>\n<p>Das Foil 950 Control ist dein Allround-Partner, um die Freuden des Freeriden im Wing Foil zu erkunden. Sein durchschnittliches Verh\u00e4ltnis sorgt f\u00fcr eine glatte Kurve und optimale Geschwindigkeit, sowohl auf offenem Wasser als auch auf Wellen. Sein Profil sorgt f\u00fcr Auftrieb aus niedrigen Geschwindigkeiten und erm\u00f6glicht ein allm\u00e4hliches und schnelles Abheben. Dank seines Kurvendesigns behalten Sie eine optimale Kontrolle in Kurven und vermeiden Unwuchten.<\/p>\n<p>Das sanfte Rauschen des Wassers, wenn es sich n\u00e4hert, warnt Sie subtil und vermeidet so den Str\u00f6mungsabriss.<\/p>\n<p><a href=\"https:\/\/srokacompany.com\/2022\/08\/nouveau-s-foil-950-high-aspect-speed\/\">Diese neue 950er Foil-Finne<\/a> sorgt f\u00fcr optimale Stabilit\u00e4t in den Wellen, da sie <strong>nicht abw\u00fcrgt<\/strong>, <strong>nicht bel\u00fcftet <\/strong>und optimiert wurde, um den Eindruck <strong>zu beseitigen<\/strong><strong>, dass das Foil mit hoher Geschwindigkeit aus dem Wasser kommen m\u00f6chte<\/strong>. Die Folie bleibt unter Wasser und bringt Sie nicht aus dem Gleichgewicht. So kannst du deine Wingfoil-Session in vollen Z\u00fcgen genie\u00dfen!<\/p>\n<p><a href=\"https:\/\/srokacompany.com\/produit\/front-wing-950-control\/\">Fl\u00fcgel allein hier.<\/a><\/p>\n<p>&nbsp;<\/p>\n","protected":false},"excerpt":{"rendered":"<p>Der 950 Control: Freeriden und Wing Foiling auf h\u00f6chstem Niveau Mit dem Foil 950 Control bekommt das Freeride-Erlebnis beim Wing Foilen eine neue Dimension. Gleiten Sie mit unvergleichlicher Leichtigkeit, meistern Sie Ihre Schw\u00fcnge mit absoluter Pr\u00e4zision. Entwickelt, um au\u00dfergew\u00f6hnliches Handling, Laufruhe und Pr\u00e4zision zu bieten. Das Foil 950 Control ist dein Allround-Partner, um die Freuden [&hellip;]<\/p>\n","protected":false},"featured_media":116972,"template":"","meta":{"_acf_changed":false,"_uag_custom_page_level_css":""},"product_brand":[],"product_cat":[2941,2956],"product_tag":[],"class_list":{"0":"post-116962","1":"product","2":"type-product","3":"status-publish","4":"has-post-thumbnail","6":"product_cat-alle-unsere-control-folien","7":"product_cat-foils-surf-foil-de","9":"first","10":"instock","11":"sale","12":"taxable","13":"shipping-taxable","14":"purchasable","15":"product-type-variable","16":"has-default-attributes"},"acf":[],"yoast_head":"<!-- This site is optimized with the Yoast SEO plugin v25.1 - https:\/\/yoast.com\/wordpress\/plugins\/seo\/ -->\n<title>950 Control: Die Magie des Wingsurfens | SROKA Unternehmen<\/title>\n<meta name=\"description\" content=\"Entdecke die &quot;950 Control&quot;, eine magische Foil-Finne f\u00fcr Freeride und Wingsurfen. Pr\u00e4zision, Flie\u00dff\u00e4higkeit und ultimative Kontrolle. Gehen Sie an Ihre Grenzen.\" \/>\n<meta name=\"robots\" content=\"noindex, follow, max-snippet:-1, max-image-preview:large, max-video-preview:-1\" \/>\n<meta property=\"og:locale\" content=\"de_DE\" \/>\n<meta property=\"og:type\" content=\"article\" \/>\n<meta property=\"og:title\" content=\"950 Control: Die Magie des Wingsurfens | SROKA Unternehmen\" \/>\n<meta property=\"og:description\" content=\"Entdecke die &quot;950 Control&quot;, eine magische Foil-Finne f\u00fcr Freeride und Wingsurfen. Pr\u00e4zision, Flie\u00dff\u00e4higkeit und ultimative Kontrolle. Gehen Sie an Ihre Grenzen.\" \/>\n<meta property=\"og:url\" content=\"https:\/\/staging.srokafinal.lets-preprod.com\/de\/produit\/s-foil-steuerung-950\/\" \/>\n<meta property=\"og:site_name\" content=\"SROKA Company\" \/>\n<meta property=\"article:publisher\" content=\"https:\/\/www.facebook.com\/srokawatersports\/\" \/>\n<meta property=\"article:modified_time\" content=\"2024-11-23T13:28:58+00:00\" \/>\n<meta property=\"og:image\" content=\"https:\/\/staging.srokafinal.lets-preprod.com\/wp-content\/uploads\/2023\/04\/950-control-4.png\" \/>\n\t<meta property=\"og:image:width\" content=\"740\" \/>\n\t<meta property=\"og:image:height\" content=\"1080\" \/>\n\t<meta property=\"og:image:type\" content=\"image\/png\" \/>\n<meta name=\"twitter:label1\" content=\"Gesch\u00e4tzte Lesezeit\" \/>\n\t<meta name=\"twitter:data1\" content=\"1\u00a0Minute\" \/>\n<script type=\"application\/ld+json\" class=\"yoast-schema-graph\">{\"@context\":\"https:\/\/schema.org\",\"@graph\":[{\"@type\":\"WebPage\",\"@id\":\"https:\/\/staging.srokafinal.lets-preprod.com\/de\/produit\/s-foil-steuerung-950\/\",\"url\":\"https:\/\/staging.srokafinal.lets-preprod.com\/de\/produit\/s-foil-steuerung-950\/\",\"name\":\"950 Control: Die Magie des Wingsurfens | SROKA Unternehmen\",\"isPartOf\":{\"@id\":\"https:\/\/staging.srokafinal.lets-preprod.com\/de\/#website\"},\"primaryImageOfPage\":{\"@id\":\"https:\/\/staging.srokafinal.lets-preprod.com\/de\/produit\/s-foil-steuerung-950\/#primaryimage\"},\"image\":{\"@id\":\"https:\/\/staging.srokafinal.lets-preprod.com\/de\/produit\/s-foil-steuerung-950\/#primaryimage\"},\"thumbnailUrl\":\"https:\/\/staging.srokafinal.lets-preprod.com\/wp-content\/uploads\/2023\/04\/950-control-4.png\",\"datePublished\":\"2023-04-17T12:11:30+00:00\",\"dateModified\":\"2024-11-23T13:28:58+00:00\",\"description\":\"Entdecke die \\\"950 Control\\\", eine magische Foil-Finne f\u00fcr Freeride und Wingsurfen. Pr\u00e4zision, Flie\u00dff\u00e4higkeit und ultimative Kontrolle. Gehen Sie an Ihre Grenzen.\",\"breadcrumb\":{\"@id\":\"https:\/\/staging.srokafinal.lets-preprod.com\/de\/produit\/s-foil-steuerung-950\/#breadcrumb\"},\"inLanguage\":\"de\",\"potentialAction\":[{\"@type\":\"ReadAction\",\"target\":[\"https:\/\/staging.srokafinal.lets-preprod.com\/de\/produit\/s-foil-steuerung-950\/\"]}]},{\"@type\":\"ImageObject\",\"inLanguage\":\"de\",\"@id\":\"https:\/\/staging.srokafinal.lets-preprod.com\/de\/produit\/s-foil-steuerung-950\/#primaryimage\",\"url\":\"https:\/\/staging.srokafinal.lets-preprod.com\/wp-content\/uploads\/2023\/04\/950-control-4.png\",\"contentUrl\":\"https:\/\/staging.srokafinal.lets-preprod.com\/wp-content\/uploads\/2023\/04\/950-control-4.png\",\"width\":740,\"height\":1080,\"caption\":\"S foil sroka 950 Steuerung\"},{\"@type\":\"BreadcrumbList\",\"@id\":\"https:\/\/staging.srokafinal.lets-preprod.com\/de\/produit\/s-foil-steuerung-950\/#breadcrumb\",\"itemListElement\":[{\"@type\":\"ListItem\",\"position\":1,\"name\":\"Accueil\",\"item\":\"https:\/\/staging.srokafinal.lets-preprod.com\/de\/\"},{\"@type\":\"ListItem\",\"position\":2,\"name\":\"Boutique\",\"item\":\"https:\/\/staging.srokafinal.lets-preprod.com\/boutique\/\"},{\"@type\":\"ListItem\",\"position\":3,\"name\":\"S-foil Steuerung 950\"}]},{\"@type\":\"WebSite\",\"@id\":\"https:\/\/staging.srokafinal.lets-preprod.com\/de\/#website\",\"url\":\"https:\/\/staging.srokafinal.lets-preprod.com\/de\/\",\"name\":\"SROKA Company\",\"description\":\"SUP, Kite, Foil, Wing\",\"publisher\":{\"@id\":\"https:\/\/staging.srokafinal.lets-preprod.com\/de\/#organization\"},\"potentialAction\":[{\"@type\":\"SearchAction\",\"target\":{\"@type\":\"EntryPoint\",\"urlTemplate\":\"https:\/\/staging.srokafinal.lets-preprod.com\/de\/?s={search_term_string}\"},\"query-input\":{\"@type\":\"PropertyValueSpecification\",\"valueRequired\":true,\"valueName\":\"search_term_string\"}}],\"inLanguage\":\"de\"},{\"@type\":\"Organization\",\"@id\":\"https:\/\/staging.srokafinal.lets-preprod.com\/de\/#organization\",\"name\":\"SROKACOMPANY\",\"alternateName\":\"SROKA\",\"url\":\"https:\/\/staging.srokafinal.lets-preprod.com\/de\/\",\"logo\":{\"@type\":\"ImageObject\",\"inLanguage\":\"de\",\"@id\":\"https:\/\/staging.srokafinal.lets-preprod.com\/de\/#\/schema\/logo\/image\/\",\"url\":\"https:\/\/staging.srokafinal.lets-preprod.com\/wp-content\/uploads\/2021\/01\/logo-sroka-black-transpa.png\",\"contentUrl\":\"https:\/\/staging.srokafinal.lets-preprod.com\/wp-content\/uploads\/2021\/01\/logo-sroka-black-transpa.png\",\"width\":1201,\"height\":342,\"caption\":\"SROKACOMPANY\"},\"image\":{\"@id\":\"https:\/\/staging.srokafinal.lets-preprod.com\/de\/#\/schema\/logo\/image\/\"},\"sameAs\":[\"https:\/\/www.facebook.com\/srokawatersports\/\",\"https:\/\/www.instagram.com\/srokawatersports\/\",\"https:\/\/www.youtube.com\/channel\/UCVLHHeaPIm-J5bdEUgxqtZA\"]}]}<\/script>\n<!-- \/ Yoast SEO plugin. -->","yoast_head_json":{"title":"950 Control: Die Magie des Wingsurfens | SROKA Unternehmen","description":"Entdecke die \"950 Control\", eine magische Foil-Finne f\u00fcr Freeride und Wingsurfen. Pr\u00e4zision, Flie\u00dff\u00e4higkeit und ultimative Kontrolle. Gehen Sie an Ihre Grenzen.","robots":{"index":"noindex","follow":"follow","max-snippet":"max-snippet:-1","max-image-preview":"max-image-preview:large","max-video-preview":"max-video-preview:-1"},"og_locale":"de_DE","og_type":"article","og_title":"950 Control: Die Magie des Wingsurfens | SROKA Unternehmen","og_description":"Entdecke die \"950 Control\", eine magische Foil-Finne f\u00fcr Freeride und Wingsurfen. Pr\u00e4zision, Flie\u00dff\u00e4higkeit und ultimative Kontrolle. Gehen Sie an Ihre Grenzen.","og_url":"https:\/\/staging.srokafinal.lets-preprod.com\/de\/produit\/s-foil-steuerung-950\/","og_site_name":"SROKA Company","article_publisher":"https:\/\/www.facebook.com\/srokawatersports\/","article_modified_time":"2024-11-23T13:28:58+00:00","og_image":[{"width":740,"height":1080,"url":"https:\/\/staging.srokafinal.lets-preprod.com\/wp-content\/uploads\/2023\/04\/950-control-4.png","type":"image\/png"}],"twitter_misc":{"Gesch\u00e4tzte Lesezeit":"1\u00a0Minute"},"schema":{"@context":"https:\/\/schema.org","@graph":[{"@type":"WebPage","@id":"https:\/\/staging.srokafinal.lets-preprod.com\/de\/produit\/s-foil-steuerung-950\/","url":"https:\/\/staging.srokafinal.lets-preprod.com\/de\/produit\/s-foil-steuerung-950\/","name":"950 Control: Die Magie des Wingsurfens | SROKA Unternehmen","isPartOf":{"@id":"https:\/\/staging.srokafinal.lets-preprod.com\/de\/#website"},"primaryImageOfPage":{"@id":"https:\/\/staging.srokafinal.lets-preprod.com\/de\/produit\/s-foil-steuerung-950\/#primaryimage"},"image":{"@id":"https:\/\/staging.srokafinal.lets-preprod.com\/de\/produit\/s-foil-steuerung-950\/#primaryimage"},"thumbnailUrl":"https:\/\/staging.srokafinal.lets-preprod.com\/wp-content\/uploads\/2023\/04\/950-control-4.png","datePublished":"2023-04-17T12:11:30+00:00","dateModified":"2024-11-23T13:28:58+00:00","description":"Entdecke die \"950 Control\", eine magische Foil-Finne f\u00fcr Freeride und Wingsurfen. Pr\u00e4zision, Flie\u00dff\u00e4higkeit und ultimative Kontrolle. Gehen Sie an Ihre Grenzen.","breadcrumb":{"@id":"https:\/\/staging.srokafinal.lets-preprod.com\/de\/produit\/s-foil-steuerung-950\/#breadcrumb"},"inLanguage":"de","potentialAction":[{"@type":"ReadAction","target":["https:\/\/staging.srokafinal.lets-preprod.com\/de\/produit\/s-foil-steuerung-950\/"]}]},{"@type":"ImageObject","inLanguage":"de","@id":"https:\/\/staging.srokafinal.lets-preprod.com\/de\/produit\/s-foil-steuerung-950\/#primaryimage","url":"https:\/\/staging.srokafinal.lets-preprod.com\/wp-content\/uploads\/2023\/04\/950-control-4.png","contentUrl":"https:\/\/staging.srokafinal.lets-preprod.com\/wp-content\/uploads\/2023\/04\/950-control-4.png","width":740,"height":1080,"caption":"S foil sroka 950 Steuerung"},{"@type":"BreadcrumbList","@id":"https:\/\/staging.srokafinal.lets-preprod.com\/de\/produit\/s-foil-steuerung-950\/#breadcrumb","itemListElement":[{"@type":"ListItem","position":1,"name":"Accueil","item":"https:\/\/staging.srokafinal.lets-preprod.com\/de\/"},{"@type":"ListItem","position":2,"name":"Boutique","item":"https:\/\/staging.srokafinal.lets-preprod.com\/boutique\/"},{"@type":"ListItem","position":3,"name":"S-foil Steuerung 950"}]},{"@type":"WebSite","@id":"https:\/\/staging.srokafinal.lets-preprod.com\/de\/#website","url":"https:\/\/staging.srokafinal.lets-preprod.com\/de\/","name":"SROKA Company","description":"SUP, Kite, Foil, Wing","publisher":{"@id":"https:\/\/staging.srokafinal.lets-preprod.com\/de\/#organization"},"potentialAction":[{"@type":"SearchAction","target":{"@type":"EntryPoint","urlTemplate":"https:\/\/staging.srokafinal.lets-preprod.com\/de\/?s={search_term_string}"},"query-input":{"@type":"PropertyValueSpecification","valueRequired":true,"valueName":"search_term_string"}}],"inLanguage":"de"},{"@type":"Organization","@id":"https:\/\/staging.srokafinal.lets-preprod.com\/de\/#organization","name":"SROKACOMPANY","alternateName":"SROKA","url":"https:\/\/staging.srokafinal.lets-preprod.com\/de\/","logo":{"@type":"ImageObject","inLanguage":"de","@id":"https:\/\/staging.srokafinal.lets-preprod.com\/de\/#\/schema\/logo\/image\/","url":"https:\/\/staging.srokafinal.lets-preprod.com\/wp-content\/uploads\/2021\/01\/logo-sroka-black-transpa.png","contentUrl":"https:\/\/staging.srokafinal.lets-preprod.com\/wp-content\/uploads\/2021\/01\/logo-sroka-black-transpa.png","width":1201,"height":342,"caption":"SROKACOMPANY"},"image":{"@id":"https:\/\/staging.srokafinal.lets-preprod.com\/de\/#\/schema\/logo\/image\/"},"sameAs":["https:\/\/www.facebook.com\/srokawatersports\/","https:\/\/www.instagram.com\/srokawatersports\/","https:\/\/www.youtube.com\/channel\/UCVLHHeaPIm-J5bdEUgxqtZA"]}]}},"uagb_featured_image_src":{"full":["https:\/\/staging.srokafinal.lets-preprod.com\/wp-content\/uploads\/2023\/04\/950-control-4.png",740,1080,false],"thumbnail":["https:\/\/staging.srokafinal.lets-preprod.com\/wp-content\/uploads\/2023\/04\/950-control-4-150x150.png",150,150,true],"medium":["https:\/\/staging.srokafinal.lets-preprod.com\/wp-content\/uploads\/2023\/04\/950-control-4-206x300.png",206,300,true],"medium_large":["https:\/\/staging.srokafinal.lets-preprod.com\/wp-content\/uploads\/2023\/04\/950-control-4.png",740,1080,false],"large":["https:\/\/staging.srokafinal.lets-preprod.com\/wp-content\/uploads\/2023\/04\/950-control-4-702x1024.png",702,1024,true],"1536x1536":["https:\/\/staging.srokafinal.lets-preprod.com\/wp-content\/uploads\/2023\/04\/950-control-4.png",740,1080,false],"2048x2048":["https:\/\/staging.srokafinal.lets-preprod.com\/wp-content\/uploads\/2023\/04\/950-control-4.png",740,1080,false],"woocommerce_thumbnail":["https:\/\/staging.srokafinal.lets-preprod.com\/wp-content\/uploads\/2023\/04\/950-control-4-600x876.png",600,876,true],"woocommerce_single":["https:\/\/staging.srokafinal.lets-preprod.com\/wp-content\/uploads\/2023\/04\/950-control-4-600x876.png",600,876,true],"woocommerce_gallery_thumbnail":["https:\/\/staging.srokafinal.lets-preprod.com\/wp-content\/uploads\/2023\/04\/950-control-4-100x100.png",100,100,true]},"uagb_author_info":{"display_name":"emmanuel.d emmanuel.d","author_link":"https:\/\/staging.srokafinal.lets-preprod.com\/de\/blog\/author\/"},"uagb_comment_info":0,"uagb_excerpt":"Der 950 Control: Freeriden und Wing Foiling auf h\u00f6chstem Niveau Mit dem Foil 950 Control bekommt das Freeride-Erlebnis beim Wing Foilen eine neue Dimension. Gleiten Sie mit unvergleichlicher Leichtigkeit, meistern Sie Ihre Schw\u00fcnge mit absoluter Pr\u00e4zision. Entwickelt, um au\u00dfergew\u00f6hnliches Handling, Laufruhe und Pr\u00e4zision zu bieten. Das Foil 950 Control ist dein Allround-Partner, um die Freuden&hellip;","_links":{"self":[{"href":"https:\/\/staging.srokafinal.lets-preprod.com\/de\/wp-json\/wp\/v2\/product\/116962","targetHints":{"allow":["GET"]}}],"collection":[{"href":"https:\/\/staging.srokafinal.lets-preprod.com\/de\/wp-json\/wp\/v2\/product"}],"about":[{"href":"https:\/\/staging.srokafinal.lets-preprod.com\/de\/wp-json\/wp\/v2\/types\/product"}],"wp:featuredmedia":[{"embeddable":true,"href":"https:\/\/staging.srokafinal.lets-preprod.com\/de\/wp-json\/wp\/v2\/media\/116972"}],"wp:attachment":[{"href":"https:\/\/staging.srokafinal.lets-preprod.com\/de\/wp-json\/wp\/v2\/media?parent=116962"}],"wp:term":[{"taxonomy":"product_brand","embeddable":true,"href":"https:\/\/staging.srokafinal.lets-preprod.com\/de\/wp-json\/wp\/v2\/product_brand?post=116962"},{"taxonomy":"product_cat","embeddable":true,"href":"https:\/\/staging.srokafinal.lets-preprod.com\/de\/wp-json\/wp\/v2\/product_cat?post=116962"},{"taxonomy":"product_tag","embeddable":true,"href":"https:\/\/staging.srokafinal.lets-preprod.com\/de\/wp-json\/wp\/v2\/product_tag?post=116962"}],"curies":[{"name":"wp","href":"https:\/\/api.w.org\/{rel}","templated":true}]}}