


{"id":117273,"date":"2023-02-09T12:12:00","date_gmt":"2023-02-09T12:12:00","guid":{"rendered":"https:\/\/srokacompany.com\/produit\/sky-rider-wing-foil-board-54-57-60-63\/"},"modified":"2024-11-20T17:16:03","modified_gmt":"2024-11-20T17:16:03","slug":"sky-rider-wing-foil-board-54-57-60-63","status":"publish","type":"product","link":"https:\/\/staging.srokafinal.lets-preprod.com\/de\/produit\/sky-rider-wing-foil-board-54-57-60-63\/","title":{"rendered":"Sky Rider Wing Foil Board: 5&#8217;4 &#8211; 5&#8217;7 &#8211; 6&#8217;0"},"content":{"rendered":"<hr>\n<h3>&#8220;Kommen Sie schnell voran und genie\u00dfen Sie au\u00dfergew\u00f6hnliche Man\u00f6vrierf\u00e4higkeit, einfaches Abheben auch auf rauem Wasser und maximale Stabilit\u00e4t mit der Sky-Rider-Reihe&#8221;<\/h3>\n<p class=\"p1\">Wir sind stolz darauf, die n\u00e4chste Generation von SROKA Sky Rider-Boards vorstellen zu k\u00f6nnen. Wir haben dieses neue Sortiment entwickelt, um Sie bei Ihrem <b>Fortschritt<\/b> zu unterst\u00fctzen und es Ihnen zu erm\u00f6glichen, sich so schnell wie m\u00f6glich mit maximalem Vergn\u00fcgen <b>weiterzuentwickeln<\/b> .<\/p>\n<p class=\"p1\">Um unsere Preis-DNA beizubehalten, haben wir diese Reihe von Sky Rider V2-Boards auf den Markt gebracht, die das V1 ersetzen und gleichzeitig einen <b>attraktiven<\/b> <b>Preis<\/b> von 999 Euro inklusive Steuern beibehalten.<\/p>\n<p class=\"p1\">Die Formen dieser neuen Boards sind <b>kompakter<\/b><b>, wodurch die L\u00e4nge der Boards reduziert und die Man\u00f6vrierf\u00e4higkeit erh\u00f6ht wird.<\/b><\/p>\n<p class=\"p1\">Wir sind immer auf der Suche nach der besten Alternative mit maximaler Leistung. Basierend auf dieser Beobachtung halten wir an einer <a href=\"https:\/\/srokacompany.com\/2020\/05\/comment-sont-contruites-les-planches-de-wingfoil\/\"><b>vollst\u00e4ndigen Sandwichkonstruktion<\/b><\/a> fest<span class=\"Apple-converted-space\">  <\/span>am Rumpf, um ihn unzerst\u00f6rbar zu machen. Dies ist ein sehr beanspruchter Bereich, insbesondere bei der Verbindung des Foils und eines Sandwiches unter den Pads, das maximale Steifigkeit unter den St\u00fctzen garantiert und verhindert, dass sich das Deck beispielsweise bei Spr\u00fcngen unter den Fersen absetzt. Um die Steifigkeit der Baugruppe weiter zu erh\u00f6hen <b>, sind zwei<\/b> Carbonschichten auf den US-Schienen angeordnet. Und wir haben die Schienen mit einer zus\u00e4tzlichen Schicht Carbon verst\u00e4rkt.<\/p>\n<p class=\"p1\">Alle Boards bestehen aus Sandwich-PVC <b>, Glasfaser<\/b> und <b>Kohlefaser<\/b> mit den st\u00e4rksten Fasern auf dem Markt.<\/p>\n<p>&nbsp;<\/p>\n","protected":false},"excerpt":{"rendered":"<p>&#8220;Kommen Sie schnell voran und genie\u00dfen Sie au\u00dfergew\u00f6hnliche Man\u00f6vrierf\u00e4higkeit, einfaches Abheben auch auf rauem Wasser und maximale Stabilit\u00e4t mit der Sky-Rider-Reihe&#8221; Wir sind stolz darauf, die n\u00e4chste Generation von SROKA Sky Rider-Boards vorstellen zu k\u00f6nnen. Wir haben dieses neue Sortiment entwickelt, um Sie bei Ihrem Fortschritt zu unterst\u00fctzen und es Ihnen zu erm\u00f6glichen, sich so [&hellip;]<\/p>\n","protected":false},"featured_media":117286,"template":"","meta":{"_acf_changed":false,"_uag_custom_page_level_css":""},"product_brand":[],"product_cat":[2805],"product_tag":[],"class_list":{"0":"post-117273","1":"product","2":"type-product","3":"status-publish","4":"has-post-thumbnail","6":"product_cat-wing-foil-boards-zum-besten-preis","7":"product_shipping_class-hartplatten-einheit","9":"first","10":"instock","11":"taxable","12":"shipping-taxable","13":"purchasable","14":"product-type-variable"},"acf":[],"yoast_head":"<!-- This site is optimized with the Yoast SEO plugin v25.1 - https:\/\/yoast.com\/wordpress\/plugins\/seo\/ -->\n<title>Sky Rider Wing Foil Board: 5&#039;4 - 5&#039;7 - 6&#039;0 - SROKA Company<\/title>\n<meta name=\"description\" content=\"Schneller Fortschritt, einfache Stabilit\u00e4t und Absprung. Lernen Sie Sky Rider V2 kennen: erschwingliche Leistung, solides PVC-Sandwich-Design, Glasfaser.\" \/>\n<meta name=\"robots\" content=\"noindex, follow, max-snippet:-1, max-image-preview:large, max-video-preview:-1\" \/>\n<meta property=\"og:locale\" content=\"de_DE\" \/>\n<meta property=\"og:type\" content=\"article\" \/>\n<meta property=\"og:title\" content=\"Sky Rider Wing Foil Board: 5&#039;4 - 5&#039;7 - 6&#039;0 - SROKA Company\" \/>\n<meta property=\"og:description\" content=\"Schneller Fortschritt, einfache Stabilit\u00e4t und Absprung. Lernen Sie Sky Rider V2 kennen: erschwingliche Leistung, solides PVC-Sandwich-Design, Glasfaser.\" \/>\n<meta property=\"og:url\" content=\"https:\/\/staging.srokafinal.lets-preprod.com\/de\/produit\/sky-rider-wing-foil-board-54-57-60-63\/\" \/>\n<meta property=\"og:site_name\" content=\"SROKA Company\" \/>\n<meta property=\"article:publisher\" content=\"https:\/\/www.facebook.com\/srokawatersports\/\" \/>\n<meta property=\"article:modified_time\" content=\"2024-11-20T17:16:03+00:00\" \/>\n<meta property=\"og:image\" content=\"https:\/\/staging.srokafinal.lets-preprod.com\/wp-content\/uploads\/2023\/02\/Planche-de-wing-foil-Sky-rider.jpg\" \/>\n\t<meta property=\"og:image:width\" content=\"1080\" \/>\n\t<meta property=\"og:image:height\" content=\"1080\" \/>\n\t<meta property=\"og:image:type\" content=\"image\/jpeg\" \/>\n<meta name=\"twitter:label1\" content=\"Gesch\u00e4tzte Lesezeit\" \/>\n\t<meta name=\"twitter:data1\" content=\"1\u00a0Minute\" \/>\n<script type=\"application\/ld+json\" class=\"yoast-schema-graph\">{\"@context\":\"https:\/\/schema.org\",\"@graph\":[{\"@type\":\"WebPage\",\"@id\":\"https:\/\/staging.srokafinal.lets-preprod.com\/de\/produit\/sky-rider-wing-foil-board-54-57-60-63\/\",\"url\":\"https:\/\/staging.srokafinal.lets-preprod.com\/de\/produit\/sky-rider-wing-foil-board-54-57-60-63\/\",\"name\":\"Sky Rider Wing Foil Board: 5'4 - 5'7 - 6'0 - SROKA Company\",\"isPartOf\":{\"@id\":\"https:\/\/staging.srokafinal.lets-preprod.com\/de\/#website\"},\"primaryImageOfPage\":{\"@id\":\"https:\/\/staging.srokafinal.lets-preprod.com\/de\/produit\/sky-rider-wing-foil-board-54-57-60-63\/#primaryimage\"},\"image\":{\"@id\":\"https:\/\/staging.srokafinal.lets-preprod.com\/de\/produit\/sky-rider-wing-foil-board-54-57-60-63\/#primaryimage\"},\"thumbnailUrl\":\"https:\/\/staging.srokafinal.lets-preprod.com\/wp-content\/uploads\/2023\/02\/Planche-de-wing-foil-Sky-rider.jpg\",\"datePublished\":\"2023-02-09T12:12:00+00:00\",\"dateModified\":\"2024-11-20T17:16:03+00:00\",\"description\":\"Schneller Fortschritt, einfache Stabilit\u00e4t und Absprung. Lernen Sie Sky Rider V2 kennen: erschwingliche Leistung, solides PVC-Sandwich-Design, Glasfaser.\",\"breadcrumb\":{\"@id\":\"https:\/\/staging.srokafinal.lets-preprod.com\/de\/produit\/sky-rider-wing-foil-board-54-57-60-63\/#breadcrumb\"},\"inLanguage\":\"de\",\"potentialAction\":[{\"@type\":\"ReadAction\",\"target\":[\"https:\/\/staging.srokafinal.lets-preprod.com\/de\/produit\/sky-rider-wing-foil-board-54-57-60-63\/\"]}]},{\"@type\":\"ImageObject\",\"inLanguage\":\"de\",\"@id\":\"https:\/\/staging.srokafinal.lets-preprod.com\/de\/produit\/sky-rider-wing-foil-board-54-57-60-63\/#primaryimage\",\"url\":\"https:\/\/staging.srokafinal.lets-preprod.com\/wp-content\/uploads\/2023\/02\/Planche-de-wing-foil-Sky-rider.jpg\",\"contentUrl\":\"https:\/\/staging.srokafinal.lets-preprod.com\/wp-content\/uploads\/2023\/02\/Planche-de-wing-foil-Sky-rider.jpg\",\"width\":1080,\"height\":1080,\"caption\":\"Wing Foil Board Einsteiger\"},{\"@type\":\"BreadcrumbList\",\"@id\":\"https:\/\/staging.srokafinal.lets-preprod.com\/de\/produit\/sky-rider-wing-foil-board-54-57-60-63\/#breadcrumb\",\"itemListElement\":[{\"@type\":\"ListItem\",\"position\":1,\"name\":\"Accueil\",\"item\":\"https:\/\/staging.srokafinal.lets-preprod.com\/de\/\"},{\"@type\":\"ListItem\",\"position\":2,\"name\":\"Boutique\",\"item\":\"https:\/\/staging.srokafinal.lets-preprod.com\/boutique\/\"},{\"@type\":\"ListItem\",\"position\":3,\"name\":\"Sky Rider Wing Foil Board: 5&#8217;4 &#8211; 5&#8217;7 &#8211; 6&#8217;0\"}]},{\"@type\":\"WebSite\",\"@id\":\"https:\/\/staging.srokafinal.lets-preprod.com\/de\/#website\",\"url\":\"https:\/\/staging.srokafinal.lets-preprod.com\/de\/\",\"name\":\"SROKA Company\",\"description\":\"SUP, Kite, Foil, Wing\",\"publisher\":{\"@id\":\"https:\/\/staging.srokafinal.lets-preprod.com\/de\/#organization\"},\"potentialAction\":[{\"@type\":\"SearchAction\",\"target\":{\"@type\":\"EntryPoint\",\"urlTemplate\":\"https:\/\/staging.srokafinal.lets-preprod.com\/de\/?s={search_term_string}\"},\"query-input\":{\"@type\":\"PropertyValueSpecification\",\"valueRequired\":true,\"valueName\":\"search_term_string\"}}],\"inLanguage\":\"de\"},{\"@type\":\"Organization\",\"@id\":\"https:\/\/staging.srokafinal.lets-preprod.com\/de\/#organization\",\"name\":\"SROKACOMPANY\",\"alternateName\":\"SROKA\",\"url\":\"https:\/\/staging.srokafinal.lets-preprod.com\/de\/\",\"logo\":{\"@type\":\"ImageObject\",\"inLanguage\":\"de\",\"@id\":\"https:\/\/staging.srokafinal.lets-preprod.com\/de\/#\/schema\/logo\/image\/\",\"url\":\"https:\/\/staging.srokafinal.lets-preprod.com\/wp-content\/uploads\/2021\/01\/logo-sroka-black-transpa.png\",\"contentUrl\":\"https:\/\/staging.srokafinal.lets-preprod.com\/wp-content\/uploads\/2021\/01\/logo-sroka-black-transpa.png\",\"width\":1201,\"height\":342,\"caption\":\"SROKACOMPANY\"},\"image\":{\"@id\":\"https:\/\/staging.srokafinal.lets-preprod.com\/de\/#\/schema\/logo\/image\/\"},\"sameAs\":[\"https:\/\/www.facebook.com\/srokawatersports\/\",\"https:\/\/www.instagram.com\/srokawatersports\/\",\"https:\/\/www.youtube.com\/channel\/UCVLHHeaPIm-J5bdEUgxqtZA\"]}]}<\/script>\n<!-- \/ Yoast SEO plugin. -->","yoast_head_json":{"title":"Sky Rider Wing Foil Board: 5'4 - 5'7 - 6'0 - SROKA Company","description":"Schneller Fortschritt, einfache Stabilit\u00e4t und Absprung. Lernen Sie Sky Rider V2 kennen: erschwingliche Leistung, solides PVC-Sandwich-Design, Glasfaser.","robots":{"index":"noindex","follow":"follow","max-snippet":"max-snippet:-1","max-image-preview":"max-image-preview:large","max-video-preview":"max-video-preview:-1"},"og_locale":"de_DE","og_type":"article","og_title":"Sky Rider Wing Foil Board: 5'4 - 5'7 - 6'0 - SROKA Company","og_description":"Schneller Fortschritt, einfache Stabilit\u00e4t und Absprung. Lernen Sie Sky Rider V2 kennen: erschwingliche Leistung, solides PVC-Sandwich-Design, Glasfaser.","og_url":"https:\/\/staging.srokafinal.lets-preprod.com\/de\/produit\/sky-rider-wing-foil-board-54-57-60-63\/","og_site_name":"SROKA Company","article_publisher":"https:\/\/www.facebook.com\/srokawatersports\/","article_modified_time":"2024-11-20T17:16:03+00:00","og_image":[{"width":1080,"height":1080,"url":"https:\/\/staging.srokafinal.lets-preprod.com\/wp-content\/uploads\/2023\/02\/Planche-de-wing-foil-Sky-rider.jpg","type":"image\/jpeg"}],"twitter_misc":{"Gesch\u00e4tzte Lesezeit":"1\u00a0Minute"},"schema":{"@context":"https:\/\/schema.org","@graph":[{"@type":"WebPage","@id":"https:\/\/staging.srokafinal.lets-preprod.com\/de\/produit\/sky-rider-wing-foil-board-54-57-60-63\/","url":"https:\/\/staging.srokafinal.lets-preprod.com\/de\/produit\/sky-rider-wing-foil-board-54-57-60-63\/","name":"Sky Rider Wing Foil Board: 5'4 - 5'7 - 6'0 - SROKA Company","isPartOf":{"@id":"https:\/\/staging.srokafinal.lets-preprod.com\/de\/#website"},"primaryImageOfPage":{"@id":"https:\/\/staging.srokafinal.lets-preprod.com\/de\/produit\/sky-rider-wing-foil-board-54-57-60-63\/#primaryimage"},"image":{"@id":"https:\/\/staging.srokafinal.lets-preprod.com\/de\/produit\/sky-rider-wing-foil-board-54-57-60-63\/#primaryimage"},"thumbnailUrl":"https:\/\/staging.srokafinal.lets-preprod.com\/wp-content\/uploads\/2023\/02\/Planche-de-wing-foil-Sky-rider.jpg","datePublished":"2023-02-09T12:12:00+00:00","dateModified":"2024-11-20T17:16:03+00:00","description":"Schneller Fortschritt, einfache Stabilit\u00e4t und Absprung. Lernen Sie Sky Rider V2 kennen: erschwingliche Leistung, solides PVC-Sandwich-Design, Glasfaser.","breadcrumb":{"@id":"https:\/\/staging.srokafinal.lets-preprod.com\/de\/produit\/sky-rider-wing-foil-board-54-57-60-63\/#breadcrumb"},"inLanguage":"de","potentialAction":[{"@type":"ReadAction","target":["https:\/\/staging.srokafinal.lets-preprod.com\/de\/produit\/sky-rider-wing-foil-board-54-57-60-63\/"]}]},{"@type":"ImageObject","inLanguage":"de","@id":"https:\/\/staging.srokafinal.lets-preprod.com\/de\/produit\/sky-rider-wing-foil-board-54-57-60-63\/#primaryimage","url":"https:\/\/staging.srokafinal.lets-preprod.com\/wp-content\/uploads\/2023\/02\/Planche-de-wing-foil-Sky-rider.jpg","contentUrl":"https:\/\/staging.srokafinal.lets-preprod.com\/wp-content\/uploads\/2023\/02\/Planche-de-wing-foil-Sky-rider.jpg","width":1080,"height":1080,"caption":"Wing Foil Board Einsteiger"},{"@type":"BreadcrumbList","@id":"https:\/\/staging.srokafinal.lets-preprod.com\/de\/produit\/sky-rider-wing-foil-board-54-57-60-63\/#breadcrumb","itemListElement":[{"@type":"ListItem","position":1,"name":"Accueil","item":"https:\/\/staging.srokafinal.lets-preprod.com\/de\/"},{"@type":"ListItem","position":2,"name":"Boutique","item":"https:\/\/staging.srokafinal.lets-preprod.com\/boutique\/"},{"@type":"ListItem","position":3,"name":"Sky Rider Wing Foil Board: 5&#8217;4 &#8211; 5&#8217;7 &#8211; 6&#8217;0"}]},{"@type":"WebSite","@id":"https:\/\/staging.srokafinal.lets-preprod.com\/de\/#website","url":"https:\/\/staging.srokafinal.lets-preprod.com\/de\/","name":"SROKA Company","description":"SUP, Kite, Foil, Wing","publisher":{"@id":"https:\/\/staging.srokafinal.lets-preprod.com\/de\/#organization"},"potentialAction":[{"@type":"SearchAction","target":{"@type":"EntryPoint","urlTemplate":"https:\/\/staging.srokafinal.lets-preprod.com\/de\/?s={search_term_string}"},"query-input":{"@type":"PropertyValueSpecification","valueRequired":true,"valueName":"search_term_string"}}],"inLanguage":"de"},{"@type":"Organization","@id":"https:\/\/staging.srokafinal.lets-preprod.com\/de\/#organization","name":"SROKACOMPANY","alternateName":"SROKA","url":"https:\/\/staging.srokafinal.lets-preprod.com\/de\/","logo":{"@type":"ImageObject","inLanguage":"de","@id":"https:\/\/staging.srokafinal.lets-preprod.com\/de\/#\/schema\/logo\/image\/","url":"https:\/\/staging.srokafinal.lets-preprod.com\/wp-content\/uploads\/2021\/01\/logo-sroka-black-transpa.png","contentUrl":"https:\/\/staging.srokafinal.lets-preprod.com\/wp-content\/uploads\/2021\/01\/logo-sroka-black-transpa.png","width":1201,"height":342,"caption":"SROKACOMPANY"},"image":{"@id":"https:\/\/staging.srokafinal.lets-preprod.com\/de\/#\/schema\/logo\/image\/"},"sameAs":["https:\/\/www.facebook.com\/srokawatersports\/","https:\/\/www.instagram.com\/srokawatersports\/","https:\/\/www.youtube.com\/channel\/UCVLHHeaPIm-J5bdEUgxqtZA"]}]}},"uagb_featured_image_src":{"full":["https:\/\/staging.srokafinal.lets-preprod.com\/wp-content\/uploads\/2023\/02\/Planche-de-wing-foil-Sky-rider.jpg",1080,1080,false],"thumbnail":["https:\/\/staging.srokafinal.lets-preprod.com\/wp-content\/uploads\/2023\/02\/Planche-de-wing-foil-Sky-rider-150x150.jpg",150,150,true],"medium":["https:\/\/staging.srokafinal.lets-preprod.com\/wp-content\/uploads\/2023\/02\/Planche-de-wing-foil-Sky-rider-300x300.jpg",300,300,true],"medium_large":["https:\/\/staging.srokafinal.lets-preprod.com\/wp-content\/uploads\/2023\/02\/Planche-de-wing-foil-Sky-rider-768x768.jpg",768,768,true],"large":["https:\/\/staging.srokafinal.lets-preprod.com\/wp-content\/uploads\/2023\/02\/Planche-de-wing-foil-Sky-rider-1024x1024.jpg",1024,1024,true],"1536x1536":["https:\/\/staging.srokafinal.lets-preprod.com\/wp-content\/uploads\/2023\/02\/Planche-de-wing-foil-Sky-rider.jpg",1080,1080,false],"2048x2048":["https:\/\/staging.srokafinal.lets-preprod.com\/wp-content\/uploads\/2023\/02\/Planche-de-wing-foil-Sky-rider.jpg",1080,1080,false],"woocommerce_thumbnail":["https:\/\/staging.srokafinal.lets-preprod.com\/wp-content\/uploads\/2023\/02\/Planche-de-wing-foil-Sky-rider-600x600.jpg",600,600,true],"woocommerce_single":["https:\/\/staging.srokafinal.lets-preprod.com\/wp-content\/uploads\/2023\/02\/Planche-de-wing-foil-Sky-rider-600x600.jpg",600,600,true],"woocommerce_gallery_thumbnail":["https:\/\/staging.srokafinal.lets-preprod.com\/wp-content\/uploads\/2023\/02\/Planche-de-wing-foil-Sky-rider-100x100.jpg",100,100,true]},"uagb_author_info":{"display_name":"emmanuel.d emmanuel.d","author_link":"https:\/\/staging.srokafinal.lets-preprod.com\/de\/blog\/author\/"},"uagb_comment_info":0,"uagb_excerpt":"&#8220;Kommen Sie schnell voran und genie\u00dfen Sie au\u00dfergew\u00f6hnliche Man\u00f6vrierf\u00e4higkeit, einfaches Abheben auch auf rauem Wasser und maximale Stabilit\u00e4t mit der Sky-Rider-Reihe&#8221; Wir sind stolz darauf, die n\u00e4chste Generation von SROKA Sky Rider-Boards vorstellen zu k\u00f6nnen. Wir haben dieses neue Sortiment entwickelt, um Sie bei Ihrem Fortschritt zu unterst\u00fctzen und es Ihnen zu erm\u00f6glichen, sich so&hellip;","_links":{"self":[{"href":"https:\/\/staging.srokafinal.lets-preprod.com\/de\/wp-json\/wp\/v2\/product\/117273","targetHints":{"allow":["GET"]}}],"collection":[{"href":"https:\/\/staging.srokafinal.lets-preprod.com\/de\/wp-json\/wp\/v2\/product"}],"about":[{"href":"https:\/\/staging.srokafinal.lets-preprod.com\/de\/wp-json\/wp\/v2\/types\/product"}],"wp:featuredmedia":[{"embeddable":true,"href":"https:\/\/staging.srokafinal.lets-preprod.com\/de\/wp-json\/wp\/v2\/media\/117286"}],"wp:attachment":[{"href":"https:\/\/staging.srokafinal.lets-preprod.com\/de\/wp-json\/wp\/v2\/media?parent=117273"}],"wp:term":[{"taxonomy":"product_brand","embeddable":true,"href":"https:\/\/staging.srokafinal.lets-preprod.com\/de\/wp-json\/wp\/v2\/product_brand?post=117273"},{"taxonomy":"product_cat","embeddable":true,"href":"https:\/\/staging.srokafinal.lets-preprod.com\/de\/wp-json\/wp\/v2\/product_cat?post=117273"},{"taxonomy":"product_tag","embeddable":true,"href":"https:\/\/staging.srokafinal.lets-preprod.com\/de\/wp-json\/wp\/v2\/product_tag?post=117273"}],"curies":[{"name":"wp","href":"https:\/\/api.w.org\/{rel}","templated":true}]}}