


{"id":117313,"date":"2023-01-03T14:15:27","date_gmt":"2023-01-03T12:15:27","guid":{"rendered":"https:\/\/srokacompany.com\/produit\/pocket-40-foilboard-pumpen-wake-kite-tow\/"},"modified":"2024-05-30T09:15:04","modified_gmt":"2024-05-30T09:15:04","slug":"pocket-40-foilboard-pumpen-wake-kite-tow","status":"publish","type":"product","link":"https:\/\/staging.srokafinal.lets-preprod.com\/de\/produit\/pocket-40-foilboard-pumpen-wake-kite-tow\/","title":{"rendered":"Pocket 4&#8217;0 Foilboard &#8211; Pumpen \/ Wake \/ Kite \/ Tow"},"content":{"rendered":"<hr>\n<h3><em>&#8220;Das beste Board, um kilometerweit zu pumpen&#8221;<\/em><\/h3>\n<p>Die Tasche ist f\u00fcr <a href=\"https:\/\/srokacompany.com\/2023\/04\/comment-debuter-le-dockstart-en-foil\/\"><br \/>\n  <strong>Dockstart<\/strong><br \/>\n<\/a> und <strong>Wake-Foil, gezogenes Surf-Foil<\/strong> oder Kite-Foil konzipiert. Seine geringe Gr\u00f6\u00dfe, Steifigkeit und Leichtigkeit verleihen ihm eine au\u00dfergew\u00f6hnliche Pr\u00e4zision und machen ihn <strong>zu einem beeindruckenden<\/strong> <strong>Pump<\/strong>&#8211; und Carving-Board.<strong><\/strong> Sie werden in der Lage sein, lange Strecken unter den besten Bedingungen zu pumpen.<\/p>\n<p>Seine ultrasteife Konstruktion vermittelt den Eindruck, <strong>eins mit dem Foil zu sein<\/strong>, und verleiht ihm <strong>eine au\u00dfergew\u00f6hnliche<\/strong> <strong>Reaktionsf\u00e4higkeit<\/strong>. Das Ganze reagiert genau so, wie Sie es sich vorstellen, und es macht Spa\u00df!<\/p>\n<p>Es ist mit einem <a href=\"https:\/\/www.youtube.com\/watch?v=UlWDYIVK7hQ&amp;t=71s\"><br \/>\n  <strong>PVC-Glasfaser-Sandwich<\/strong><br \/>\n<\/a> an Deck und Rumpf gebaut, um das beste Verh\u00e4ltnis von Festigkeit zu Gewicht zu erzielen. Ein ultradichter Airex-Block kreuzt das Board an den US-Schienen, um erheblichen Dr\u00fccken standzuhalten. Auf der R\u00fcckseite des Pads befindet sich ein Kick-Tail, um Ihre Kontrolle auf dem Board so weit wie m\u00f6glich zu optimieren. Eine Vielzahl von Eins\u00e4tzen (insgesamt 55) erm\u00f6glicht es Ihnen, die Tr\u00e4ger stufenlos an Ihr Niveau, Ihre Disziplin und Ihre Gr\u00f6\u00dfe anzupassen. Seine Wippe erm\u00f6glicht es ihm, bestm\u00f6glich auf Ber\u00fchrungen zu reagieren. Das ist eigentlich ein perfektes Board, um verschiedene Sportarten mit demselben Board auszu\u00fcben.<\/p>\n<p>Es ist das ideale Board, wenn Sie ein <strong>kompaktes<\/strong>, <strong>leichtes<\/strong> und <strong>starkes<\/strong> Board zum Pumpen, Wakefoilen, Schleppsurfen oder Kitefoilen suchen.<\/p>\n","protected":false},"excerpt":{"rendered":"<p>&#8220;Das beste Board, um kilometerweit zu pumpen&#8221; Die Tasche ist f\u00fcr Dockstart und Wake-Foil, gezogenes Surf-Foil oder Kite-Foil konzipiert. Seine geringe Gr\u00f6\u00dfe, Steifigkeit und Leichtigkeit verleihen ihm eine au\u00dfergew\u00f6hnliche Pr\u00e4zision und machen ihn zu einem beeindruckenden Pump&#8211; und Carving-Board. Sie werden in der Lage sein, lange Strecken unter den besten Bedingungen zu pumpen. Seine ultrasteife [&hellip;]<\/p>\n","protected":false},"featured_media":117314,"template":"","meta":{"_acf_changed":false,"_uag_custom_page_level_css":""},"product_brand":[],"product_cat":[2903,2948],"product_tag":[],"class_list":{"0":"post-117313","1":"product","2":"type-product","3":"status-publish","4":"has-post-thumbnail","6":"product_cat-dockstart-pumpen","7":"product_cat-alle-unsere-dockstart-boards","8":"product_shipping_class-hartplatten-einheit","10":"first","11":"instock","12":"sale","13":"taxable","14":"shipping-taxable","15":"purchasable","16":"product-type-simple"},"acf":[],"yoast_head":"<!-- This site is optimized with the Yoast SEO plugin v25.1 - https:\/\/yoast.com\/wordpress\/plugins\/seo\/ -->\n<title>Pocket 4&#039;0 Foilboard - Pumpen \/ Wake \/ Kite \/ Tow - SROKA Company<\/title>\n<meta name=\"description\" content=\"Die Tasche ist f\u00fcr Dockstart und Wake-Foil, Kite-Foil oder geschlepptes Surf-Foil ausgelegt. Sie ist beeindruckend im Pumpen und Carven.\" \/>\n<meta name=\"robots\" content=\"noindex, follow, max-snippet:-1, max-image-preview:large, max-video-preview:-1\" \/>\n<meta property=\"og:locale\" content=\"de_DE\" \/>\n<meta property=\"og:type\" content=\"article\" \/>\n<meta property=\"og:title\" content=\"Pocket 4&#039;0 Foilboard - Pumpen \/ Wake \/ Kite \/ Tow - SROKA Company\" \/>\n<meta property=\"og:description\" content=\"Die Tasche ist f\u00fcr Dockstart und Wake-Foil, Kite-Foil oder geschlepptes Surf-Foil ausgelegt. Sie ist beeindruckend im Pumpen und Carven.\" \/>\n<meta property=\"og:url\" content=\"https:\/\/staging.srokafinal.lets-preprod.com\/de\/produit\/pocket-40-foilboard-pumpen-wake-kite-tow\/\" \/>\n<meta property=\"og:site_name\" content=\"SROKA Company\" \/>\n<meta property=\"article:publisher\" content=\"https:\/\/www.facebook.com\/srokawatersports\/\" \/>\n<meta property=\"article:modified_time\" content=\"2024-05-30T09:15:04+00:00\" \/>\n<meta property=\"og:image\" content=\"https:\/\/staging.srokafinal.lets-preprod.com\/wp-content\/uploads\/2023\/01\/Photo-produit-planche-foils-et-packs-15.png\" \/>\n\t<meta property=\"og:image:width\" content=\"740\" \/>\n\t<meta property=\"og:image:height\" content=\"1080\" \/>\n\t<meta property=\"og:image:type\" content=\"image\/png\" \/>\n<meta name=\"twitter:label1\" content=\"Gesch\u00e4tzte Lesezeit\" \/>\n\t<meta name=\"twitter:data1\" content=\"1\u00a0Minute\" \/>\n<script type=\"application\/ld+json\" class=\"yoast-schema-graph\">{\"@context\":\"https:\/\/schema.org\",\"@graph\":[{\"@type\":\"WebPage\",\"@id\":\"https:\/\/staging.srokafinal.lets-preprod.com\/de\/produit\/pocket-40-foilboard-pumpen-wake-kite-tow\/\",\"url\":\"https:\/\/staging.srokafinal.lets-preprod.com\/de\/produit\/pocket-40-foilboard-pumpen-wake-kite-tow\/\",\"name\":\"Pocket 4'0 Foilboard - Pumpen \/ Wake \/ Kite \/ Tow - SROKA Company\",\"isPartOf\":{\"@id\":\"https:\/\/staging.srokafinal.lets-preprod.com\/de\/#website\"},\"primaryImageOfPage\":{\"@id\":\"https:\/\/staging.srokafinal.lets-preprod.com\/de\/produit\/pocket-40-foilboard-pumpen-wake-kite-tow\/#primaryimage\"},\"image\":{\"@id\":\"https:\/\/staging.srokafinal.lets-preprod.com\/de\/produit\/pocket-40-foilboard-pumpen-wake-kite-tow\/#primaryimage\"},\"thumbnailUrl\":\"https:\/\/staging.srokafinal.lets-preprod.com\/wp-content\/uploads\/2023\/01\/Photo-produit-planche-foils-et-packs-15.png\",\"datePublished\":\"2023-01-03T12:15:27+00:00\",\"dateModified\":\"2024-05-30T09:15:04+00:00\",\"description\":\"Die Tasche ist f\u00fcr Dockstart und Wake-Foil, Kite-Foil oder geschlepptes Surf-Foil ausgelegt. Sie ist beeindruckend im Pumpen und Carven.\",\"breadcrumb\":{\"@id\":\"https:\/\/staging.srokafinal.lets-preprod.com\/de\/produit\/pocket-40-foilboard-pumpen-wake-kite-tow\/#breadcrumb\"},\"inLanguage\":\"de\",\"potentialAction\":[{\"@type\":\"ReadAction\",\"target\":[\"https:\/\/staging.srokafinal.lets-preprod.com\/de\/produit\/pocket-40-foilboard-pumpen-wake-kite-tow\/\"]}]},{\"@type\":\"ImageObject\",\"inLanguage\":\"de\",\"@id\":\"https:\/\/staging.srokafinal.lets-preprod.com\/de\/produit\/pocket-40-foilboard-pumpen-wake-kite-tow\/#primaryimage\",\"url\":\"https:\/\/staging.srokafinal.lets-preprod.com\/wp-content\/uploads\/2023\/01\/Photo-produit-planche-foils-et-packs-15.png\",\"contentUrl\":\"https:\/\/staging.srokafinal.lets-preprod.com\/wp-content\/uploads\/2023\/01\/Photo-produit-planche-foils-et-packs-15.png\",\"width\":740,\"height\":1080},{\"@type\":\"BreadcrumbList\",\"@id\":\"https:\/\/staging.srokafinal.lets-preprod.com\/de\/produit\/pocket-40-foilboard-pumpen-wake-kite-tow\/#breadcrumb\",\"itemListElement\":[{\"@type\":\"ListItem\",\"position\":1,\"name\":\"Accueil\",\"item\":\"https:\/\/staging.srokafinal.lets-preprod.com\/de\/\"},{\"@type\":\"ListItem\",\"position\":2,\"name\":\"Boutique\",\"item\":\"https:\/\/staging.srokafinal.lets-preprod.com\/boutique\/\"},{\"@type\":\"ListItem\",\"position\":3,\"name\":\"Pocket 4&#8217;0 Foilboard &#8211; Pumpen \/ Wake \/ Kite \/ Tow\"}]},{\"@type\":\"WebSite\",\"@id\":\"https:\/\/staging.srokafinal.lets-preprod.com\/de\/#website\",\"url\":\"https:\/\/staging.srokafinal.lets-preprod.com\/de\/\",\"name\":\"SROKA Company\",\"description\":\"SUP, Kite, Foil, Wing\",\"publisher\":{\"@id\":\"https:\/\/staging.srokafinal.lets-preprod.com\/de\/#organization\"},\"potentialAction\":[{\"@type\":\"SearchAction\",\"target\":{\"@type\":\"EntryPoint\",\"urlTemplate\":\"https:\/\/staging.srokafinal.lets-preprod.com\/de\/?s={search_term_string}\"},\"query-input\":{\"@type\":\"PropertyValueSpecification\",\"valueRequired\":true,\"valueName\":\"search_term_string\"}}],\"inLanguage\":\"de\"},{\"@type\":\"Organization\",\"@id\":\"https:\/\/staging.srokafinal.lets-preprod.com\/de\/#organization\",\"name\":\"SROKACOMPANY\",\"alternateName\":\"SROKA\",\"url\":\"https:\/\/staging.srokafinal.lets-preprod.com\/de\/\",\"logo\":{\"@type\":\"ImageObject\",\"inLanguage\":\"de\",\"@id\":\"https:\/\/staging.srokafinal.lets-preprod.com\/de\/#\/schema\/logo\/image\/\",\"url\":\"https:\/\/staging.srokafinal.lets-preprod.com\/wp-content\/uploads\/2021\/01\/logo-sroka-black-transpa.png\",\"contentUrl\":\"https:\/\/staging.srokafinal.lets-preprod.com\/wp-content\/uploads\/2021\/01\/logo-sroka-black-transpa.png\",\"width\":1201,\"height\":342,\"caption\":\"SROKACOMPANY\"},\"image\":{\"@id\":\"https:\/\/staging.srokafinal.lets-preprod.com\/de\/#\/schema\/logo\/image\/\"},\"sameAs\":[\"https:\/\/www.facebook.com\/srokawatersports\/\",\"https:\/\/www.instagram.com\/srokawatersports\/\",\"https:\/\/www.youtube.com\/channel\/UCVLHHeaPIm-J5bdEUgxqtZA\"]}]}<\/script>\n<!-- \/ Yoast SEO plugin. -->","yoast_head_json":{"title":"Pocket 4'0 Foilboard - Pumpen \/ Wake \/ Kite \/ Tow - SROKA Company","description":"Die Tasche ist f\u00fcr Dockstart und Wake-Foil, Kite-Foil oder geschlepptes Surf-Foil ausgelegt. Sie ist beeindruckend im Pumpen und Carven.","robots":{"index":"noindex","follow":"follow","max-snippet":"max-snippet:-1","max-image-preview":"max-image-preview:large","max-video-preview":"max-video-preview:-1"},"og_locale":"de_DE","og_type":"article","og_title":"Pocket 4'0 Foilboard - Pumpen \/ Wake \/ Kite \/ Tow - SROKA Company","og_description":"Die Tasche ist f\u00fcr Dockstart und Wake-Foil, Kite-Foil oder geschlepptes Surf-Foil ausgelegt. Sie ist beeindruckend im Pumpen und Carven.","og_url":"https:\/\/staging.srokafinal.lets-preprod.com\/de\/produit\/pocket-40-foilboard-pumpen-wake-kite-tow\/","og_site_name":"SROKA Company","article_publisher":"https:\/\/www.facebook.com\/srokawatersports\/","article_modified_time":"2024-05-30T09:15:04+00:00","og_image":[{"width":740,"height":1080,"url":"https:\/\/staging.srokafinal.lets-preprod.com\/wp-content\/uploads\/2023\/01\/Photo-produit-planche-foils-et-packs-15.png","type":"image\/png"}],"twitter_misc":{"Gesch\u00e4tzte Lesezeit":"1\u00a0Minute"},"schema":{"@context":"https:\/\/schema.org","@graph":[{"@type":"WebPage","@id":"https:\/\/staging.srokafinal.lets-preprod.com\/de\/produit\/pocket-40-foilboard-pumpen-wake-kite-tow\/","url":"https:\/\/staging.srokafinal.lets-preprod.com\/de\/produit\/pocket-40-foilboard-pumpen-wake-kite-tow\/","name":"Pocket 4'0 Foilboard - Pumpen \/ Wake \/ Kite \/ Tow - SROKA Company","isPartOf":{"@id":"https:\/\/staging.srokafinal.lets-preprod.com\/de\/#website"},"primaryImageOfPage":{"@id":"https:\/\/staging.srokafinal.lets-preprod.com\/de\/produit\/pocket-40-foilboard-pumpen-wake-kite-tow\/#primaryimage"},"image":{"@id":"https:\/\/staging.srokafinal.lets-preprod.com\/de\/produit\/pocket-40-foilboard-pumpen-wake-kite-tow\/#primaryimage"},"thumbnailUrl":"https:\/\/staging.srokafinal.lets-preprod.com\/wp-content\/uploads\/2023\/01\/Photo-produit-planche-foils-et-packs-15.png","datePublished":"2023-01-03T12:15:27+00:00","dateModified":"2024-05-30T09:15:04+00:00","description":"Die Tasche ist f\u00fcr Dockstart und Wake-Foil, Kite-Foil oder geschlepptes Surf-Foil ausgelegt. Sie ist beeindruckend im Pumpen und Carven.","breadcrumb":{"@id":"https:\/\/staging.srokafinal.lets-preprod.com\/de\/produit\/pocket-40-foilboard-pumpen-wake-kite-tow\/#breadcrumb"},"inLanguage":"de","potentialAction":[{"@type":"ReadAction","target":["https:\/\/staging.srokafinal.lets-preprod.com\/de\/produit\/pocket-40-foilboard-pumpen-wake-kite-tow\/"]}]},{"@type":"ImageObject","inLanguage":"de","@id":"https:\/\/staging.srokafinal.lets-preprod.com\/de\/produit\/pocket-40-foilboard-pumpen-wake-kite-tow\/#primaryimage","url":"https:\/\/staging.srokafinal.lets-preprod.com\/wp-content\/uploads\/2023\/01\/Photo-produit-planche-foils-et-packs-15.png","contentUrl":"https:\/\/staging.srokafinal.lets-preprod.com\/wp-content\/uploads\/2023\/01\/Photo-produit-planche-foils-et-packs-15.png","width":740,"height":1080},{"@type":"BreadcrumbList","@id":"https:\/\/staging.srokafinal.lets-preprod.com\/de\/produit\/pocket-40-foilboard-pumpen-wake-kite-tow\/#breadcrumb","itemListElement":[{"@type":"ListItem","position":1,"name":"Accueil","item":"https:\/\/staging.srokafinal.lets-preprod.com\/de\/"},{"@type":"ListItem","position":2,"name":"Boutique","item":"https:\/\/staging.srokafinal.lets-preprod.com\/boutique\/"},{"@type":"ListItem","position":3,"name":"Pocket 4&#8217;0 Foilboard &#8211; Pumpen \/ Wake \/ Kite \/ Tow"}]},{"@type":"WebSite","@id":"https:\/\/staging.srokafinal.lets-preprod.com\/de\/#website","url":"https:\/\/staging.srokafinal.lets-preprod.com\/de\/","name":"SROKA Company","description":"SUP, Kite, Foil, Wing","publisher":{"@id":"https:\/\/staging.srokafinal.lets-preprod.com\/de\/#organization"},"potentialAction":[{"@type":"SearchAction","target":{"@type":"EntryPoint","urlTemplate":"https:\/\/staging.srokafinal.lets-preprod.com\/de\/?s={search_term_string}"},"query-input":{"@type":"PropertyValueSpecification","valueRequired":true,"valueName":"search_term_string"}}],"inLanguage":"de"},{"@type":"Organization","@id":"https:\/\/staging.srokafinal.lets-preprod.com\/de\/#organization","name":"SROKACOMPANY","alternateName":"SROKA","url":"https:\/\/staging.srokafinal.lets-preprod.com\/de\/","logo":{"@type":"ImageObject","inLanguage":"de","@id":"https:\/\/staging.srokafinal.lets-preprod.com\/de\/#\/schema\/logo\/image\/","url":"https:\/\/staging.srokafinal.lets-preprod.com\/wp-content\/uploads\/2021\/01\/logo-sroka-black-transpa.png","contentUrl":"https:\/\/staging.srokafinal.lets-preprod.com\/wp-content\/uploads\/2021\/01\/logo-sroka-black-transpa.png","width":1201,"height":342,"caption":"SROKACOMPANY"},"image":{"@id":"https:\/\/staging.srokafinal.lets-preprod.com\/de\/#\/schema\/logo\/image\/"},"sameAs":["https:\/\/www.facebook.com\/srokawatersports\/","https:\/\/www.instagram.com\/srokawatersports\/","https:\/\/www.youtube.com\/channel\/UCVLHHeaPIm-J5bdEUgxqtZA"]}]}},"uagb_featured_image_src":{"full":["https:\/\/staging.srokafinal.lets-preprod.com\/wp-content\/uploads\/2023\/01\/Photo-produit-planche-foils-et-packs-15.png",740,1080,false],"thumbnail":["https:\/\/staging.srokafinal.lets-preprod.com\/wp-content\/uploads\/2023\/01\/Photo-produit-planche-foils-et-packs-15-150x150.png",150,150,true],"medium":["https:\/\/staging.srokafinal.lets-preprod.com\/wp-content\/uploads\/2023\/01\/Photo-produit-planche-foils-et-packs-15-206x300.png",206,300,true],"medium_large":["https:\/\/staging.srokafinal.lets-preprod.com\/wp-content\/uploads\/2023\/01\/Photo-produit-planche-foils-et-packs-15.png",740,1080,false],"large":["https:\/\/staging.srokafinal.lets-preprod.com\/wp-content\/uploads\/2023\/01\/Photo-produit-planche-foils-et-packs-15-702x1024.png",702,1024,true],"1536x1536":["https:\/\/staging.srokafinal.lets-preprod.com\/wp-content\/uploads\/2023\/01\/Photo-produit-planche-foils-et-packs-15.png",740,1080,false],"2048x2048":["https:\/\/staging.srokafinal.lets-preprod.com\/wp-content\/uploads\/2023\/01\/Photo-produit-planche-foils-et-packs-15.png",740,1080,false],"woocommerce_thumbnail":["https:\/\/staging.srokafinal.lets-preprod.com\/wp-content\/uploads\/2023\/01\/Photo-produit-planche-foils-et-packs-15-600x876.png",600,876,true],"woocommerce_single":["https:\/\/staging.srokafinal.lets-preprod.com\/wp-content\/uploads\/2023\/01\/Photo-produit-planche-foils-et-packs-15-600x876.png",600,876,true],"woocommerce_gallery_thumbnail":["https:\/\/staging.srokafinal.lets-preprod.com\/wp-content\/uploads\/2023\/01\/Photo-produit-planche-foils-et-packs-15-100x100.png",100,100,true]},"uagb_author_info":{"display_name":"emmanuel.d emmanuel.d","author_link":"https:\/\/staging.srokafinal.lets-preprod.com\/de\/blog\/author\/"},"uagb_comment_info":0,"uagb_excerpt":"&#8220;Das beste Board, um kilometerweit zu pumpen&#8221; Die Tasche ist f\u00fcr Dockstart und Wake-Foil, gezogenes Surf-Foil oder Kite-Foil konzipiert. Seine geringe Gr\u00f6\u00dfe, Steifigkeit und Leichtigkeit verleihen ihm eine au\u00dfergew\u00f6hnliche Pr\u00e4zision und machen ihn zu einem beeindruckenden Pump&#8211; und Carving-Board. Sie werden in der Lage sein, lange Strecken unter den besten Bedingungen zu pumpen. Seine ultrasteife&hellip;","_links":{"self":[{"href":"https:\/\/staging.srokafinal.lets-preprod.com\/de\/wp-json\/wp\/v2\/product\/117313","targetHints":{"allow":["GET"]}}],"collection":[{"href":"https:\/\/staging.srokafinal.lets-preprod.com\/de\/wp-json\/wp\/v2\/product"}],"about":[{"href":"https:\/\/staging.srokafinal.lets-preprod.com\/de\/wp-json\/wp\/v2\/types\/product"}],"wp:featuredmedia":[{"embeddable":true,"href":"https:\/\/staging.srokafinal.lets-preprod.com\/de\/wp-json\/wp\/v2\/media\/117314"}],"wp:attachment":[{"href":"https:\/\/staging.srokafinal.lets-preprod.com\/de\/wp-json\/wp\/v2\/media?parent=117313"}],"wp:term":[{"taxonomy":"product_brand","embeddable":true,"href":"https:\/\/staging.srokafinal.lets-preprod.com\/de\/wp-json\/wp\/v2\/product_brand?post=117313"},{"taxonomy":"product_cat","embeddable":true,"href":"https:\/\/staging.srokafinal.lets-preprod.com\/de\/wp-json\/wp\/v2\/product_cat?post=117313"},{"taxonomy":"product_tag","embeddable":true,"href":"https:\/\/staging.srokafinal.lets-preprod.com\/de\/wp-json\/wp\/v2\/product_tag?post=117313"}],"curies":[{"name":"wp","href":"https:\/\/api.w.org\/{rel}","templated":true}]}}