


{"id":117364,"date":"2021-03-12T14:33:48","date_gmt":"2021-03-12T12:33:48","guid":{"rendered":"https:\/\/srokacompany.com\/produit\/rumpf-s-foil\/"},"modified":"2024-06-27T18:49:13","modified_gmt":"2024-06-27T18:49:13","slug":"rumpf-s-foil","status":"publish","type":"product","link":"https:\/\/staging.srokafinal.lets-preprod.com\/de\/produit\/rumpf-s-foil\/","title":{"rendered":"Rumpf S-Foil"},"content":{"rendered":"<hr>\n<h1>Rumpf f\u00fcr S-Foil<\/h1>\n<p style=\"text-align: justify;\">Der Rumpf f\u00fcr S-Foil 2021 und + ist ab sofort in mehreren L\u00e4ngen erh\u00e4ltlich. Ziel ist es, Ihnen eine vollst\u00e4ndig modulare und skalierbare Folie zu erm\u00f6glichen, die sich an Ihre Bed\u00fcrfnisse anpassen kann. Standardm\u00e4\u00dfig werden alle unsere <a href=\"https:\/\/srokacompany.com\/produit\/s-foil-classique-sroka\/\">S-Foils<\/a> in einer Standardkonfiguration verkauft. F\u00fcr diejenigen, die mehr Man\u00f6vrierf\u00e4higkeit w\u00fcnschen, k\u00f6nnen Sie mit dem kurzen und ultrakurzen Rumpf enge Kurven in den Wellen und radikale Man\u00f6ver fahren. Sie sind auch in L\u00e4ngsrichtung weniger stabil und erfordern eine h\u00f6here Pumpfrequenz. Kurze R\u00fcmpfe sind daher f\u00fcr zwei Personen gedacht, die ein mittleres oder fortgeschrittenes technisches Niveau haben. Die standardm\u00e4\u00dfigen, kurzen und ultrakurzen R\u00fcmpfe erm\u00f6glichen es Ihnen, alle<a href=\"https:\/\/srokacompany.com\/eshop\/planche-wing-foil\/\"> Foiling-Disziplinen<\/a> mit Ausnahme des Windfoils auszu\u00fcben, das \u00fcber einen speziellen 93-cm-Rumpf verf\u00fcgt (demn\u00e4chst auf dieser Seite).<\/p>\n<p style=\"text-align: justify;\">Unsere R\u00fcmpfe haben in diesem Jahr deutlich an Steifigkeit gewonnen. Ihre Verbindung erleichtert die Montage und Demontage Ihres <a href=\"https:\/\/srokacompany.com\/produit\/s-foil-classique-sroka\/\">S-Foils<\/a> und macht alle <a href=\"https:\/\/srokacompany.com\/eshop\/tous-nos-foils-high-aspect\/\">2021+ Finnen<\/a> kompatibel und austauschbar auf demselben Foil. Ihre Zusammensetzung aus T6061 T6-Aluminium, das f\u00fcr die Luftfahrtindustrie verwendet wird, verleiht ihm Steifigkeit und Haltbarkeit.<\/p>\n","protected":false},"excerpt":{"rendered":"<p>Rumpf f\u00fcr S-Foil Der Rumpf f\u00fcr S-Foil 2021 und + ist ab sofort in mehreren L\u00e4ngen erh\u00e4ltlich. Ziel ist es, Ihnen eine vollst\u00e4ndig modulare und skalierbare Folie zu erm\u00f6glichen, die sich an Ihre Bed\u00fcrfnisse anpassen kann. Standardm\u00e4\u00dfig werden alle unsere S-Foils in einer Standardkonfiguration verkauft. F\u00fcr diejenigen, die mehr Man\u00f6vrierf\u00e4higkeit w\u00fcnschen, k\u00f6nnen Sie mit dem [&hellip;]<\/p>\n","protected":false},"featured_media":117365,"template":"","meta":{"_acf_changed":false,"_uag_custom_page_level_css":""},"product_brand":[],"product_cat":[2903,2784,2781,2815,2795,2783,2818],"product_tag":[],"class_list":{"0":"post-117364","1":"product","2":"type-product","3":"status-publish","4":"has-post-thumbnail","6":"product_cat-dockstart-pumpen","7":"product_cat-flugel-foil","8":"product_cat-folie","9":"product_cat-folien-zubehor","10":"product_cat-sup-foil-in-windrichtung","11":"product_cat-surf-folie","12":"product_cat-surf-foil-zubehor","13":"product_shipping_class-komplettes-foil-oder-ersatzteile-flugeleinheit","15":"first","16":"instock","17":"taxable","18":"shipping-taxable","19":"purchasable","20":"product-type-variable","21":"has-default-attributes"},"acf":[],"yoast_head":"<!-- This site is optimized with the Yoast SEO plugin v25.1 - https:\/\/yoast.com\/wordpress\/plugins\/seo\/ -->\n<title>Rumpf S-Foil - SROKA Company - Zubeh\u00f6r f\u00fcr S-Foil<\/title>\n<meta name=\"description\" content=\"Aluminiumrumpf f\u00fcr das 2021 S-Foil. Erh\u00e4ltlich in den Versionen Standard, Short, Ultra-Short. Leistung zum besten Preis.\" \/>\n<meta name=\"robots\" content=\"noindex, follow, max-snippet:-1, max-image-preview:large, max-video-preview:-1\" \/>\n<meta property=\"og:locale\" content=\"de_DE\" \/>\n<meta property=\"og:type\" content=\"article\" \/>\n<meta property=\"og:title\" content=\"Rumpf S-Foil - SROKA Company - Zubeh\u00f6r f\u00fcr S-Foil\" \/>\n<meta property=\"og:description\" content=\"Aluminiumrumpf f\u00fcr das 2021 S-Foil. Erh\u00e4ltlich in den Versionen Standard, Short, Ultra-Short. Leistung zum besten Preis.\" \/>\n<meta property=\"og:url\" content=\"https:\/\/staging.srokafinal.lets-preprod.com\/de\/produit\/rumpf-s-foil\/\" \/>\n<meta property=\"og:site_name\" content=\"SROKA Company\" \/>\n<meta property=\"article:publisher\" content=\"https:\/\/www.facebook.com\/srokawatersports\/\" \/>\n<meta property=\"article:modified_time\" content=\"2024-06-27T18:49:13+00:00\" \/>\n<meta property=\"og:image\" content=\"https:\/\/staging.srokafinal.lets-preprod.com\/wp-content\/uploads\/2021\/03\/Photo-produit-planche-et-packs-1.jpg\" \/>\n\t<meta property=\"og:image:width\" content=\"740\" \/>\n\t<meta property=\"og:image:height\" content=\"1080\" \/>\n\t<meta property=\"og:image:type\" content=\"image\/jpeg\" \/>\n<meta name=\"twitter:label1\" content=\"Gesch\u00e4tzte Lesezeit\" \/>\n\t<meta name=\"twitter:data1\" content=\"1\u00a0Minute\" \/>\n<script type=\"application\/ld+json\" class=\"yoast-schema-graph\">{\"@context\":\"https:\/\/schema.org\",\"@graph\":[{\"@type\":\"WebPage\",\"@id\":\"https:\/\/staging.srokafinal.lets-preprod.com\/de\/produit\/rumpf-s-foil\/\",\"url\":\"https:\/\/staging.srokafinal.lets-preprod.com\/de\/produit\/rumpf-s-foil\/\",\"name\":\"Rumpf S-Foil - SROKA Company - Zubeh\u00f6r f\u00fcr S-Foil\",\"isPartOf\":{\"@id\":\"https:\/\/staging.srokafinal.lets-preprod.com\/de\/#website\"},\"primaryImageOfPage\":{\"@id\":\"https:\/\/staging.srokafinal.lets-preprod.com\/de\/produit\/rumpf-s-foil\/#primaryimage\"},\"image\":{\"@id\":\"https:\/\/staging.srokafinal.lets-preprod.com\/de\/produit\/rumpf-s-foil\/#primaryimage\"},\"thumbnailUrl\":\"https:\/\/staging.srokafinal.lets-preprod.com\/wp-content\/uploads\/2021\/03\/Photo-produit-planche-et-packs-1.jpg\",\"datePublished\":\"2021-03-12T12:33:48+00:00\",\"dateModified\":\"2024-06-27T18:49:13+00:00\",\"description\":\"Aluminiumrumpf f\u00fcr das 2021 S-Foil. Erh\u00e4ltlich in den Versionen Standard, Short, Ultra-Short. Leistung zum besten Preis.\",\"breadcrumb\":{\"@id\":\"https:\/\/staging.srokafinal.lets-preprod.com\/de\/produit\/rumpf-s-foil\/#breadcrumb\"},\"inLanguage\":\"de\",\"potentialAction\":[{\"@type\":\"ReadAction\",\"target\":[\"https:\/\/staging.srokafinal.lets-preprod.com\/de\/produit\/rumpf-s-foil\/\"]}]},{\"@type\":\"ImageObject\",\"inLanguage\":\"de\",\"@id\":\"https:\/\/staging.srokafinal.lets-preprod.com\/de\/produit\/rumpf-s-foil\/#primaryimage\",\"url\":\"https:\/\/staging.srokafinal.lets-preprod.com\/wp-content\/uploads\/2021\/03\/Photo-produit-planche-et-packs-1.jpg\",\"contentUrl\":\"https:\/\/staging.srokafinal.lets-preprod.com\/wp-content\/uploads\/2021\/03\/Photo-produit-planche-et-packs-1.jpg\",\"width\":740,\"height\":1080},{\"@type\":\"BreadcrumbList\",\"@id\":\"https:\/\/staging.srokafinal.lets-preprod.com\/de\/produit\/rumpf-s-foil\/#breadcrumb\",\"itemListElement\":[{\"@type\":\"ListItem\",\"position\":1,\"name\":\"Accueil\",\"item\":\"https:\/\/staging.srokafinal.lets-preprod.com\/de\/\"},{\"@type\":\"ListItem\",\"position\":2,\"name\":\"Boutique\",\"item\":\"https:\/\/staging.srokafinal.lets-preprod.com\/boutique\/\"},{\"@type\":\"ListItem\",\"position\":3,\"name\":\"Rumpf S-Foil\"}]},{\"@type\":\"WebSite\",\"@id\":\"https:\/\/staging.srokafinal.lets-preprod.com\/de\/#website\",\"url\":\"https:\/\/staging.srokafinal.lets-preprod.com\/de\/\",\"name\":\"SROKA Company\",\"description\":\"SUP, Kite, Foil, Wing\",\"publisher\":{\"@id\":\"https:\/\/staging.srokafinal.lets-preprod.com\/de\/#organization\"},\"potentialAction\":[{\"@type\":\"SearchAction\",\"target\":{\"@type\":\"EntryPoint\",\"urlTemplate\":\"https:\/\/staging.srokafinal.lets-preprod.com\/de\/?s={search_term_string}\"},\"query-input\":{\"@type\":\"PropertyValueSpecification\",\"valueRequired\":true,\"valueName\":\"search_term_string\"}}],\"inLanguage\":\"de\"},{\"@type\":\"Organization\",\"@id\":\"https:\/\/staging.srokafinal.lets-preprod.com\/de\/#organization\",\"name\":\"SROKACOMPANY\",\"alternateName\":\"SROKA\",\"url\":\"https:\/\/staging.srokafinal.lets-preprod.com\/de\/\",\"logo\":{\"@type\":\"ImageObject\",\"inLanguage\":\"de\",\"@id\":\"https:\/\/staging.srokafinal.lets-preprod.com\/de\/#\/schema\/logo\/image\/\",\"url\":\"https:\/\/staging.srokafinal.lets-preprod.com\/wp-content\/uploads\/2021\/01\/logo-sroka-black-transpa.png\",\"contentUrl\":\"https:\/\/staging.srokafinal.lets-preprod.com\/wp-content\/uploads\/2021\/01\/logo-sroka-black-transpa.png\",\"width\":1201,\"height\":342,\"caption\":\"SROKACOMPANY\"},\"image\":{\"@id\":\"https:\/\/staging.srokafinal.lets-preprod.com\/de\/#\/schema\/logo\/image\/\"},\"sameAs\":[\"https:\/\/www.facebook.com\/srokawatersports\/\",\"https:\/\/www.instagram.com\/srokawatersports\/\",\"https:\/\/www.youtube.com\/channel\/UCVLHHeaPIm-J5bdEUgxqtZA\"]}]}<\/script>\n<!-- \/ Yoast SEO plugin. -->","yoast_head_json":{"title":"Rumpf S-Foil - SROKA Company - Zubeh\u00f6r f\u00fcr S-Foil","description":"Aluminiumrumpf f\u00fcr das 2021 S-Foil. Erh\u00e4ltlich in den Versionen Standard, Short, Ultra-Short. Leistung zum besten Preis.","robots":{"index":"noindex","follow":"follow","max-snippet":"max-snippet:-1","max-image-preview":"max-image-preview:large","max-video-preview":"max-video-preview:-1"},"og_locale":"de_DE","og_type":"article","og_title":"Rumpf S-Foil - SROKA Company - Zubeh\u00f6r f\u00fcr S-Foil","og_description":"Aluminiumrumpf f\u00fcr das 2021 S-Foil. Erh\u00e4ltlich in den Versionen Standard, Short, Ultra-Short. Leistung zum besten Preis.","og_url":"https:\/\/staging.srokafinal.lets-preprod.com\/de\/produit\/rumpf-s-foil\/","og_site_name":"SROKA Company","article_publisher":"https:\/\/www.facebook.com\/srokawatersports\/","article_modified_time":"2024-06-27T18:49:13+00:00","og_image":[{"width":740,"height":1080,"url":"https:\/\/staging.srokafinal.lets-preprod.com\/wp-content\/uploads\/2021\/03\/Photo-produit-planche-et-packs-1.jpg","type":"image\/jpeg"}],"twitter_misc":{"Gesch\u00e4tzte Lesezeit":"1\u00a0Minute"},"schema":{"@context":"https:\/\/schema.org","@graph":[{"@type":"WebPage","@id":"https:\/\/staging.srokafinal.lets-preprod.com\/de\/produit\/rumpf-s-foil\/","url":"https:\/\/staging.srokafinal.lets-preprod.com\/de\/produit\/rumpf-s-foil\/","name":"Rumpf S-Foil - SROKA Company - Zubeh\u00f6r f\u00fcr S-Foil","isPartOf":{"@id":"https:\/\/staging.srokafinal.lets-preprod.com\/de\/#website"},"primaryImageOfPage":{"@id":"https:\/\/staging.srokafinal.lets-preprod.com\/de\/produit\/rumpf-s-foil\/#primaryimage"},"image":{"@id":"https:\/\/staging.srokafinal.lets-preprod.com\/de\/produit\/rumpf-s-foil\/#primaryimage"},"thumbnailUrl":"https:\/\/staging.srokafinal.lets-preprod.com\/wp-content\/uploads\/2021\/03\/Photo-produit-planche-et-packs-1.jpg","datePublished":"2021-03-12T12:33:48+00:00","dateModified":"2024-06-27T18:49:13+00:00","description":"Aluminiumrumpf f\u00fcr das 2021 S-Foil. Erh\u00e4ltlich in den Versionen Standard, Short, Ultra-Short. Leistung zum besten Preis.","breadcrumb":{"@id":"https:\/\/staging.srokafinal.lets-preprod.com\/de\/produit\/rumpf-s-foil\/#breadcrumb"},"inLanguage":"de","potentialAction":[{"@type":"ReadAction","target":["https:\/\/staging.srokafinal.lets-preprod.com\/de\/produit\/rumpf-s-foil\/"]}]},{"@type":"ImageObject","inLanguage":"de","@id":"https:\/\/staging.srokafinal.lets-preprod.com\/de\/produit\/rumpf-s-foil\/#primaryimage","url":"https:\/\/staging.srokafinal.lets-preprod.com\/wp-content\/uploads\/2021\/03\/Photo-produit-planche-et-packs-1.jpg","contentUrl":"https:\/\/staging.srokafinal.lets-preprod.com\/wp-content\/uploads\/2021\/03\/Photo-produit-planche-et-packs-1.jpg","width":740,"height":1080},{"@type":"BreadcrumbList","@id":"https:\/\/staging.srokafinal.lets-preprod.com\/de\/produit\/rumpf-s-foil\/#breadcrumb","itemListElement":[{"@type":"ListItem","position":1,"name":"Accueil","item":"https:\/\/staging.srokafinal.lets-preprod.com\/de\/"},{"@type":"ListItem","position":2,"name":"Boutique","item":"https:\/\/staging.srokafinal.lets-preprod.com\/boutique\/"},{"@type":"ListItem","position":3,"name":"Rumpf S-Foil"}]},{"@type":"WebSite","@id":"https:\/\/staging.srokafinal.lets-preprod.com\/de\/#website","url":"https:\/\/staging.srokafinal.lets-preprod.com\/de\/","name":"SROKA Company","description":"SUP, Kite, Foil, Wing","publisher":{"@id":"https:\/\/staging.srokafinal.lets-preprod.com\/de\/#organization"},"potentialAction":[{"@type":"SearchAction","target":{"@type":"EntryPoint","urlTemplate":"https:\/\/staging.srokafinal.lets-preprod.com\/de\/?s={search_term_string}"},"query-input":{"@type":"PropertyValueSpecification","valueRequired":true,"valueName":"search_term_string"}}],"inLanguage":"de"},{"@type":"Organization","@id":"https:\/\/staging.srokafinal.lets-preprod.com\/de\/#organization","name":"SROKACOMPANY","alternateName":"SROKA","url":"https:\/\/staging.srokafinal.lets-preprod.com\/de\/","logo":{"@type":"ImageObject","inLanguage":"de","@id":"https:\/\/staging.srokafinal.lets-preprod.com\/de\/#\/schema\/logo\/image\/","url":"https:\/\/staging.srokafinal.lets-preprod.com\/wp-content\/uploads\/2021\/01\/logo-sroka-black-transpa.png","contentUrl":"https:\/\/staging.srokafinal.lets-preprod.com\/wp-content\/uploads\/2021\/01\/logo-sroka-black-transpa.png","width":1201,"height":342,"caption":"SROKACOMPANY"},"image":{"@id":"https:\/\/staging.srokafinal.lets-preprod.com\/de\/#\/schema\/logo\/image\/"},"sameAs":["https:\/\/www.facebook.com\/srokawatersports\/","https:\/\/www.instagram.com\/srokawatersports\/","https:\/\/www.youtube.com\/channel\/UCVLHHeaPIm-J5bdEUgxqtZA"]}]}},"uagb_featured_image_src":{"full":["https:\/\/staging.srokafinal.lets-preprod.com\/wp-content\/uploads\/2021\/03\/Photo-produit-planche-et-packs-1.jpg",740,1080,false],"thumbnail":["https:\/\/staging.srokafinal.lets-preprod.com\/wp-content\/uploads\/2021\/03\/Photo-produit-planche-et-packs-1-150x150.jpg",150,150,true],"medium":["https:\/\/staging.srokafinal.lets-preprod.com\/wp-content\/uploads\/2021\/03\/Photo-produit-planche-et-packs-1-206x300.jpg",206,300,true],"medium_large":["https:\/\/staging.srokafinal.lets-preprod.com\/wp-content\/uploads\/2021\/03\/Photo-produit-planche-et-packs-1.jpg",740,1080,false],"large":["https:\/\/staging.srokafinal.lets-preprod.com\/wp-content\/uploads\/2021\/03\/Photo-produit-planche-et-packs-1-702x1024.jpg",702,1024,true],"1536x1536":["https:\/\/staging.srokafinal.lets-preprod.com\/wp-content\/uploads\/2021\/03\/Photo-produit-planche-et-packs-1.jpg",740,1080,false],"2048x2048":["https:\/\/staging.srokafinal.lets-preprod.com\/wp-content\/uploads\/2021\/03\/Photo-produit-planche-et-packs-1.jpg",740,1080,false],"woocommerce_thumbnail":["https:\/\/staging.srokafinal.lets-preprod.com\/wp-content\/uploads\/2021\/03\/Photo-produit-planche-et-packs-1-600x876.jpg",600,876,true],"woocommerce_single":["https:\/\/staging.srokafinal.lets-preprod.com\/wp-content\/uploads\/2021\/03\/Photo-produit-planche-et-packs-1-600x876.jpg",600,876,true],"woocommerce_gallery_thumbnail":["https:\/\/staging.srokafinal.lets-preprod.com\/wp-content\/uploads\/2021\/03\/Photo-produit-planche-et-packs-1-100x100.jpg",100,100,true]},"uagb_author_info":{"display_name":"Tristan Dumard","author_link":"https:\/\/staging.srokafinal.lets-preprod.com\/de\/blog\/author\/"},"uagb_comment_info":0,"uagb_excerpt":"Rumpf f\u00fcr S-Foil Der Rumpf f\u00fcr S-Foil 2021 und + ist ab sofort in mehreren L\u00e4ngen erh\u00e4ltlich. Ziel ist es, Ihnen eine vollst\u00e4ndig modulare und skalierbare Folie zu erm\u00f6glichen, die sich an Ihre Bed\u00fcrfnisse anpassen kann. Standardm\u00e4\u00dfig werden alle unsere S-Foils in einer Standardkonfiguration verkauft. F\u00fcr diejenigen, die mehr Man\u00f6vrierf\u00e4higkeit w\u00fcnschen, k\u00f6nnen Sie mit dem&hellip;","_links":{"self":[{"href":"https:\/\/staging.srokafinal.lets-preprod.com\/de\/wp-json\/wp\/v2\/product\/117364","targetHints":{"allow":["GET"]}}],"collection":[{"href":"https:\/\/staging.srokafinal.lets-preprod.com\/de\/wp-json\/wp\/v2\/product"}],"about":[{"href":"https:\/\/staging.srokafinal.lets-preprod.com\/de\/wp-json\/wp\/v2\/types\/product"}],"wp:featuredmedia":[{"embeddable":true,"href":"https:\/\/staging.srokafinal.lets-preprod.com\/de\/wp-json\/wp\/v2\/media\/117365"}],"wp:attachment":[{"href":"https:\/\/staging.srokafinal.lets-preprod.com\/de\/wp-json\/wp\/v2\/media?parent=117364"}],"wp:term":[{"taxonomy":"product_brand","embeddable":true,"href":"https:\/\/staging.srokafinal.lets-preprod.com\/de\/wp-json\/wp\/v2\/product_brand?post=117364"},{"taxonomy":"product_cat","embeddable":true,"href":"https:\/\/staging.srokafinal.lets-preprod.com\/de\/wp-json\/wp\/v2\/product_cat?post=117364"},{"taxonomy":"product_tag","embeddable":true,"href":"https:\/\/staging.srokafinal.lets-preprod.com\/de\/wp-json\/wp\/v2\/product_tag?post=117364"}],"curies":[{"name":"wp","href":"https:\/\/api.w.org\/{rel}","templated":true}]}}