


{"id":117382,"date":"2021-03-15T14:25:33","date_gmt":"2021-03-15T12:25:33","guid":{"rendered":"https:\/\/srokacompany.com\/produit\/s-foil-rahmen\/"},"modified":"2024-05-30T09:15:07","modified_gmt":"2024-05-30T09:15:07","slug":"s-foil-rahmen","status":"publish","type":"product","link":"https:\/\/staging.srokafinal.lets-preprod.com\/de\/produit\/s-foil-rahmen\/","title":{"rendered":"S-Foil Rahmen"},"content":{"rendered":"<hr>\n<h1>RAHMEN F\u00dcR S-FOIL 2021<\/h1>\n<p style=\"text-align: justify;\">Der <a href=\"https:\/\/srokacompany.com\/product\/s-foil-classique-sroka\/\">S-Foil Turntable 2021<\/a> ist mit allen Masten desselben Jahres kompatibel. Die T6061 T6 Aluminiumkonstruktion wurde neu gestaltet, um Ihnen noch au\u00dfergew\u00f6hnlichere Fluggef\u00fchle zu bieten. Als wesentlicher Bestandteil des<a href=\"https:\/\/srokacompany.com\/product\/s-foil-high-aspect\/\"> S-Foils<\/a> garantiert es seine Steifigkeit dank <a href=\"https:\/\/srokacompany.com\/product\/mat-s-foil-2\/\">einer tieferen<\/a> <a href=\"https:\/\/srokacompany.com\/product\/fuselage-s-foil-2\/\">Mast-<\/a> und Rumpfaufstandsfl\u00e4che als zuvor. Sein neues, elegantes Design, ganz in Kurven, erm\u00f6glicht es Ihnen auch, die Kr\u00e4fte der Folie effektiv auf das Geh\u00e4use Ihres <a href=\"https:\/\/srokacompany.com\/product\/planche-foil-sky-rider-sroka-2\/\">Boards<\/a> zu verteilen. Neben einem Leistungsgewinn erh\u00f6ht diese Verteilung die Lebensdauer Ihrer Ger\u00e4te.<\/p>\n<p style=\"text-align: justify;\">Er wird mit zwei M8-Schrauben am Mast befestigt. Seine US-Doppelschienenverbindung macht es mit der \u00fcberwiegenden Mehrheit <a href=\"https:\/\/srokacompany.com\/product\/planche-gonflable-sroka-air\/\">der Foilboards<\/a> auf dem Markt kompatibel und bietet Ihnen au\u00dferdem Solidit\u00e4t und Benutzerfreundlichkeit.<\/p>\n","protected":false},"excerpt":{"rendered":"<p>RAHMEN F\u00dcR S-FOIL 2021 Der S-Foil Turntable 2021 ist mit allen Masten desselben Jahres kompatibel. Die T6061 T6 Aluminiumkonstruktion wurde neu gestaltet, um Ihnen noch au\u00dfergew\u00f6hnlichere Fluggef\u00fchle zu bieten. Als wesentlicher Bestandteil des S-Foils garantiert es seine Steifigkeit dank einer tieferen Mast- und Rumpfaufstandsfl\u00e4che als zuvor. Sein neues, elegantes Design, ganz in Kurven, erm\u00f6glicht es [&hellip;]<\/p>\n","protected":false},"featured_media":117388,"template":"","meta":{"_acf_changed":false,"_uag_custom_page_level_css":""},"product_brand":[],"product_cat":[2784,2781,2815],"product_tag":[],"class_list":{"0":"post-117382","1":"product","2":"type-product","3":"status-publish","4":"has-post-thumbnail","6":"product_cat-flugel-foil","7":"product_cat-folie","8":"product_cat-folien-zubehor","9":"product_shipping_class-komplettes-foil-oder-ersatzteile-flugeleinheit","11":"first","12":"instock","13":"taxable","14":"shipping-taxable","15":"purchasable","16":"product-type-simple"},"acf":[],"yoast_head":"<!-- This site is optimized with the Yoast SEO plugin v25.1 - https:\/\/yoast.com\/wordpress\/plugins\/seo\/ -->\n<title>S-Foil Rahmen - SROKA Company - Zubeh\u00f6r f\u00fcr S-Foil<\/title>\n<meta name=\"description\" content=\"Rahmen f\u00fcr Sroka Company S-Foil 2021 aus Aluminium. Steif, langlebig und Leistung zum besten Preis-Leistungs-Verh\u00e4ltnis auf dem Markt.\" \/>\n<meta name=\"robots\" content=\"noindex, follow, max-snippet:-1, max-image-preview:large, max-video-preview:-1\" \/>\n<meta property=\"og:locale\" content=\"de_DE\" \/>\n<meta property=\"og:type\" content=\"article\" \/>\n<meta property=\"og:title\" content=\"S-Foil Rahmen - SROKA Company - Zubeh\u00f6r f\u00fcr S-Foil\" \/>\n<meta property=\"og:description\" content=\"Rahmen f\u00fcr Sroka Company S-Foil 2021 aus Aluminium. Steif, langlebig und Leistung zum besten Preis-Leistungs-Verh\u00e4ltnis auf dem Markt.\" \/>\n<meta property=\"og:url\" content=\"https:\/\/staging.srokafinal.lets-preprod.com\/de\/produit\/s-foil-rahmen\/\" \/>\n<meta property=\"og:site_name\" content=\"SROKA Company\" \/>\n<meta property=\"article:publisher\" content=\"https:\/\/www.facebook.com\/srokawatersports\/\" \/>\n<meta property=\"article:modified_time\" content=\"2024-05-30T09:15:07+00:00\" \/>\n<meta property=\"og:image\" content=\"https:\/\/staging.srokafinal.lets-preprod.com\/wp-content\/uploads\/2021\/03\/platine-foil.jpg\" \/>\n\t<meta property=\"og:image:width\" content=\"780\" \/>\n\t<meta property=\"og:image:height\" content=\"1040\" \/>\n\t<meta property=\"og:image:type\" content=\"image\/jpeg\" \/>\n<meta name=\"twitter:label1\" content=\"Gesch\u00e4tzte Lesezeit\" \/>\n\t<meta name=\"twitter:data1\" content=\"1\u00a0Minute\" \/>\n<script type=\"application\/ld+json\" class=\"yoast-schema-graph\">{\"@context\":\"https:\/\/schema.org\",\"@graph\":[{\"@type\":\"WebPage\",\"@id\":\"https:\/\/staging.srokafinal.lets-preprod.com\/de\/produit\/s-foil-rahmen\/\",\"url\":\"https:\/\/staging.srokafinal.lets-preprod.com\/de\/produit\/s-foil-rahmen\/\",\"name\":\"S-Foil Rahmen - SROKA Company - Zubeh\u00f6r f\u00fcr S-Foil\",\"isPartOf\":{\"@id\":\"https:\/\/staging.srokafinal.lets-preprod.com\/de\/#website\"},\"primaryImageOfPage\":{\"@id\":\"https:\/\/staging.srokafinal.lets-preprod.com\/de\/produit\/s-foil-rahmen\/#primaryimage\"},\"image\":{\"@id\":\"https:\/\/staging.srokafinal.lets-preprod.com\/de\/produit\/s-foil-rahmen\/#primaryimage\"},\"thumbnailUrl\":\"https:\/\/staging.srokafinal.lets-preprod.com\/wp-content\/uploads\/2021\/03\/platine-foil.jpg\",\"datePublished\":\"2021-03-15T12:25:33+00:00\",\"dateModified\":\"2024-05-30T09:15:07+00:00\",\"description\":\"Rahmen f\u00fcr Sroka Company S-Foil 2021 aus Aluminium. Steif, langlebig und Leistung zum besten Preis-Leistungs-Verh\u00e4ltnis auf dem Markt.\",\"breadcrumb\":{\"@id\":\"https:\/\/staging.srokafinal.lets-preprod.com\/de\/produit\/s-foil-rahmen\/#breadcrumb\"},\"inLanguage\":\"de\",\"potentialAction\":[{\"@type\":\"ReadAction\",\"target\":[\"https:\/\/staging.srokafinal.lets-preprod.com\/de\/produit\/s-foil-rahmen\/\"]}]},{\"@type\":\"ImageObject\",\"inLanguage\":\"de\",\"@id\":\"https:\/\/staging.srokafinal.lets-preprod.com\/de\/produit\/s-foil-rahmen\/#primaryimage\",\"url\":\"https:\/\/staging.srokafinal.lets-preprod.com\/wp-content\/uploads\/2021\/03\/platine-foil.jpg\",\"contentUrl\":\"https:\/\/staging.srokafinal.lets-preprod.com\/wp-content\/uploads\/2021\/03\/platine-foil.jpg\",\"width\":780,\"height\":1040,\"caption\":\"Rahmenbefestigung f\u00fcr alle Foils mit doppeltem US-Schienenanschluss auf dem Foilboard\"},{\"@type\":\"BreadcrumbList\",\"@id\":\"https:\/\/staging.srokafinal.lets-preprod.com\/de\/produit\/s-foil-rahmen\/#breadcrumb\",\"itemListElement\":[{\"@type\":\"ListItem\",\"position\":1,\"name\":\"Accueil\",\"item\":\"https:\/\/staging.srokafinal.lets-preprod.com\/de\/\"},{\"@type\":\"ListItem\",\"position\":2,\"name\":\"Boutique\",\"item\":\"https:\/\/staging.srokafinal.lets-preprod.com\/boutique\/\"},{\"@type\":\"ListItem\",\"position\":3,\"name\":\"S-Foil Rahmen\"}]},{\"@type\":\"WebSite\",\"@id\":\"https:\/\/staging.srokafinal.lets-preprod.com\/de\/#website\",\"url\":\"https:\/\/staging.srokafinal.lets-preprod.com\/de\/\",\"name\":\"SROKA Company\",\"description\":\"SUP, Kite, Foil, Wing\",\"publisher\":{\"@id\":\"https:\/\/staging.srokafinal.lets-preprod.com\/de\/#organization\"},\"potentialAction\":[{\"@type\":\"SearchAction\",\"target\":{\"@type\":\"EntryPoint\",\"urlTemplate\":\"https:\/\/staging.srokafinal.lets-preprod.com\/de\/?s={search_term_string}\"},\"query-input\":{\"@type\":\"PropertyValueSpecification\",\"valueRequired\":true,\"valueName\":\"search_term_string\"}}],\"inLanguage\":\"de\"},{\"@type\":\"Organization\",\"@id\":\"https:\/\/staging.srokafinal.lets-preprod.com\/de\/#organization\",\"name\":\"SROKACOMPANY\",\"alternateName\":\"SROKA\",\"url\":\"https:\/\/staging.srokafinal.lets-preprod.com\/de\/\",\"logo\":{\"@type\":\"ImageObject\",\"inLanguage\":\"de\",\"@id\":\"https:\/\/staging.srokafinal.lets-preprod.com\/de\/#\/schema\/logo\/image\/\",\"url\":\"https:\/\/staging.srokafinal.lets-preprod.com\/wp-content\/uploads\/2021\/01\/logo-sroka-black-transpa.png\",\"contentUrl\":\"https:\/\/staging.srokafinal.lets-preprod.com\/wp-content\/uploads\/2021\/01\/logo-sroka-black-transpa.png\",\"width\":1201,\"height\":342,\"caption\":\"SROKACOMPANY\"},\"image\":{\"@id\":\"https:\/\/staging.srokafinal.lets-preprod.com\/de\/#\/schema\/logo\/image\/\"},\"sameAs\":[\"https:\/\/www.facebook.com\/srokawatersports\/\",\"https:\/\/www.instagram.com\/srokawatersports\/\",\"https:\/\/www.youtube.com\/channel\/UCVLHHeaPIm-J5bdEUgxqtZA\"]}]}<\/script>\n<!-- \/ Yoast SEO plugin. -->","yoast_head_json":{"title":"S-Foil Rahmen - SROKA Company - Zubeh\u00f6r f\u00fcr S-Foil","description":"Rahmen f\u00fcr Sroka Company S-Foil 2021 aus Aluminium. Steif, langlebig und Leistung zum besten Preis-Leistungs-Verh\u00e4ltnis auf dem Markt.","robots":{"index":"noindex","follow":"follow","max-snippet":"max-snippet:-1","max-image-preview":"max-image-preview:large","max-video-preview":"max-video-preview:-1"},"og_locale":"de_DE","og_type":"article","og_title":"S-Foil Rahmen - SROKA Company - Zubeh\u00f6r f\u00fcr S-Foil","og_description":"Rahmen f\u00fcr Sroka Company S-Foil 2021 aus Aluminium. Steif, langlebig und Leistung zum besten Preis-Leistungs-Verh\u00e4ltnis auf dem Markt.","og_url":"https:\/\/staging.srokafinal.lets-preprod.com\/de\/produit\/s-foil-rahmen\/","og_site_name":"SROKA Company","article_publisher":"https:\/\/www.facebook.com\/srokawatersports\/","article_modified_time":"2024-05-30T09:15:07+00:00","og_image":[{"width":780,"height":1040,"url":"https:\/\/staging.srokafinal.lets-preprod.com\/wp-content\/uploads\/2021\/03\/platine-foil.jpg","type":"image\/jpeg"}],"twitter_misc":{"Gesch\u00e4tzte Lesezeit":"1\u00a0Minute"},"schema":{"@context":"https:\/\/schema.org","@graph":[{"@type":"WebPage","@id":"https:\/\/staging.srokafinal.lets-preprod.com\/de\/produit\/s-foil-rahmen\/","url":"https:\/\/staging.srokafinal.lets-preprod.com\/de\/produit\/s-foil-rahmen\/","name":"S-Foil Rahmen - SROKA Company - Zubeh\u00f6r f\u00fcr S-Foil","isPartOf":{"@id":"https:\/\/staging.srokafinal.lets-preprod.com\/de\/#website"},"primaryImageOfPage":{"@id":"https:\/\/staging.srokafinal.lets-preprod.com\/de\/produit\/s-foil-rahmen\/#primaryimage"},"image":{"@id":"https:\/\/staging.srokafinal.lets-preprod.com\/de\/produit\/s-foil-rahmen\/#primaryimage"},"thumbnailUrl":"https:\/\/staging.srokafinal.lets-preprod.com\/wp-content\/uploads\/2021\/03\/platine-foil.jpg","datePublished":"2021-03-15T12:25:33+00:00","dateModified":"2024-05-30T09:15:07+00:00","description":"Rahmen f\u00fcr Sroka Company S-Foil 2021 aus Aluminium. Steif, langlebig und Leistung zum besten Preis-Leistungs-Verh\u00e4ltnis auf dem Markt.","breadcrumb":{"@id":"https:\/\/staging.srokafinal.lets-preprod.com\/de\/produit\/s-foil-rahmen\/#breadcrumb"},"inLanguage":"de","potentialAction":[{"@type":"ReadAction","target":["https:\/\/staging.srokafinal.lets-preprod.com\/de\/produit\/s-foil-rahmen\/"]}]},{"@type":"ImageObject","inLanguage":"de","@id":"https:\/\/staging.srokafinal.lets-preprod.com\/de\/produit\/s-foil-rahmen\/#primaryimage","url":"https:\/\/staging.srokafinal.lets-preprod.com\/wp-content\/uploads\/2021\/03\/platine-foil.jpg","contentUrl":"https:\/\/staging.srokafinal.lets-preprod.com\/wp-content\/uploads\/2021\/03\/platine-foil.jpg","width":780,"height":1040,"caption":"Rahmenbefestigung f\u00fcr alle Foils mit doppeltem US-Schienenanschluss auf dem Foilboard"},{"@type":"BreadcrumbList","@id":"https:\/\/staging.srokafinal.lets-preprod.com\/de\/produit\/s-foil-rahmen\/#breadcrumb","itemListElement":[{"@type":"ListItem","position":1,"name":"Accueil","item":"https:\/\/staging.srokafinal.lets-preprod.com\/de\/"},{"@type":"ListItem","position":2,"name":"Boutique","item":"https:\/\/staging.srokafinal.lets-preprod.com\/boutique\/"},{"@type":"ListItem","position":3,"name":"S-Foil Rahmen"}]},{"@type":"WebSite","@id":"https:\/\/staging.srokafinal.lets-preprod.com\/de\/#website","url":"https:\/\/staging.srokafinal.lets-preprod.com\/de\/","name":"SROKA Company","description":"SUP, Kite, Foil, Wing","publisher":{"@id":"https:\/\/staging.srokafinal.lets-preprod.com\/de\/#organization"},"potentialAction":[{"@type":"SearchAction","target":{"@type":"EntryPoint","urlTemplate":"https:\/\/staging.srokafinal.lets-preprod.com\/de\/?s={search_term_string}"},"query-input":{"@type":"PropertyValueSpecification","valueRequired":true,"valueName":"search_term_string"}}],"inLanguage":"de"},{"@type":"Organization","@id":"https:\/\/staging.srokafinal.lets-preprod.com\/de\/#organization","name":"SROKACOMPANY","alternateName":"SROKA","url":"https:\/\/staging.srokafinal.lets-preprod.com\/de\/","logo":{"@type":"ImageObject","inLanguage":"de","@id":"https:\/\/staging.srokafinal.lets-preprod.com\/de\/#\/schema\/logo\/image\/","url":"https:\/\/staging.srokafinal.lets-preprod.com\/wp-content\/uploads\/2021\/01\/logo-sroka-black-transpa.png","contentUrl":"https:\/\/staging.srokafinal.lets-preprod.com\/wp-content\/uploads\/2021\/01\/logo-sroka-black-transpa.png","width":1201,"height":342,"caption":"SROKACOMPANY"},"image":{"@id":"https:\/\/staging.srokafinal.lets-preprod.com\/de\/#\/schema\/logo\/image\/"},"sameAs":["https:\/\/www.facebook.com\/srokawatersports\/","https:\/\/www.instagram.com\/srokawatersports\/","https:\/\/www.youtube.com\/channel\/UCVLHHeaPIm-J5bdEUgxqtZA"]}]}},"uagb_featured_image_src":{"full":["https:\/\/staging.srokafinal.lets-preprod.com\/wp-content\/uploads\/2021\/03\/platine-foil.jpg",780,1040,false],"thumbnail":["https:\/\/staging.srokafinal.lets-preprod.com\/wp-content\/uploads\/2021\/03\/platine-foil-150x150.jpg",150,150,true],"medium":["https:\/\/staging.srokafinal.lets-preprod.com\/wp-content\/uploads\/2021\/03\/platine-foil-225x300.jpg",225,300,true],"medium_large":["https:\/\/staging.srokafinal.lets-preprod.com\/wp-content\/uploads\/2021\/03\/platine-foil-768x1024.jpg",768,1024,true],"large":["https:\/\/staging.srokafinal.lets-preprod.com\/wp-content\/uploads\/2021\/03\/platine-foil-768x1024.jpg",768,1024,true],"1536x1536":["https:\/\/staging.srokafinal.lets-preprod.com\/wp-content\/uploads\/2021\/03\/platine-foil.jpg",780,1040,false],"2048x2048":["https:\/\/staging.srokafinal.lets-preprod.com\/wp-content\/uploads\/2021\/03\/platine-foil.jpg",780,1040,false],"woocommerce_thumbnail":["https:\/\/staging.srokafinal.lets-preprod.com\/wp-content\/uploads\/2021\/03\/platine-foil-600x800.jpg",600,800,true],"woocommerce_single":["https:\/\/staging.srokafinal.lets-preprod.com\/wp-content\/uploads\/2021\/03\/platine-foil-600x800.jpg",600,800,true],"woocommerce_gallery_thumbnail":["https:\/\/staging.srokafinal.lets-preprod.com\/wp-content\/uploads\/2021\/03\/platine-foil-100x100.jpg",100,100,true]},"uagb_author_info":{"display_name":"Tristan Dumard","author_link":"https:\/\/staging.srokafinal.lets-preprod.com\/de\/blog\/author\/"},"uagb_comment_info":0,"uagb_excerpt":"RAHMEN F\u00dcR S-FOIL 2021 Der S-Foil Turntable 2021 ist mit allen Masten desselben Jahres kompatibel. Die T6061 T6 Aluminiumkonstruktion wurde neu gestaltet, um Ihnen noch au\u00dfergew\u00f6hnlichere Fluggef\u00fchle zu bieten. Als wesentlicher Bestandteil des S-Foils garantiert es seine Steifigkeit dank einer tieferen Mast- und Rumpfaufstandsfl\u00e4che als zuvor. Sein neues, elegantes Design, ganz in Kurven, erm\u00f6glicht es&hellip;","_links":{"self":[{"href":"https:\/\/staging.srokafinal.lets-preprod.com\/de\/wp-json\/wp\/v2\/product\/117382","targetHints":{"allow":["GET"]}}],"collection":[{"href":"https:\/\/staging.srokafinal.lets-preprod.com\/de\/wp-json\/wp\/v2\/product"}],"about":[{"href":"https:\/\/staging.srokafinal.lets-preprod.com\/de\/wp-json\/wp\/v2\/types\/product"}],"wp:featuredmedia":[{"embeddable":true,"href":"https:\/\/staging.srokafinal.lets-preprod.com\/de\/wp-json\/wp\/v2\/media\/117388"}],"wp:attachment":[{"href":"https:\/\/staging.srokafinal.lets-preprod.com\/de\/wp-json\/wp\/v2\/media?parent=117382"}],"wp:term":[{"taxonomy":"product_brand","embeddable":true,"href":"https:\/\/staging.srokafinal.lets-preprod.com\/de\/wp-json\/wp\/v2\/product_brand?post=117382"},{"taxonomy":"product_cat","embeddable":true,"href":"https:\/\/staging.srokafinal.lets-preprod.com\/de\/wp-json\/wp\/v2\/product_cat?post=117382"},{"taxonomy":"product_tag","embeddable":true,"href":"https:\/\/staging.srokafinal.lets-preprod.com\/de\/wp-json\/wp\/v2\/product_tag?post=117382"}],"curies":[{"name":"wp","href":"https:\/\/api.w.org\/{rel}","templated":true}]}}