


{"id":117420,"date":"2021-06-18T08:14:45","date_gmt":"2021-06-18T06:14:45","guid":{"rendered":"https:\/\/srokacompany.com\/produit\/rumpfadapter-s-foil-2020-und-vordere-kotfluegel-2021\/"},"modified":"2024-05-30T09:15:02","modified_gmt":"2024-05-30T09:15:02","slug":"rumpfadapter-s-foil-2020-und-vordere-kotfluegel-2021","status":"publish","type":"product","link":"https:\/\/staging.srokafinal.lets-preprod.com\/de\/produit\/rumpfadapter-s-foil-2020-und-vordere-kotfluegel-2021\/","title":{"rendered":"Rumpfadapter S-Foil 2020 und vordere Kotfl\u00fcgel 2021"},"content":{"rendered":"<hr>\n<h2>Adapterrumpf zwischen 2021 und 2020 S-Foil Frontfl\u00fcgel<\/h2>\n<p>In diesem Jahr hat sich unser Verbindungssystem zwischen Frontfl\u00fcgel und Rumpf f\u00fcr <a href=\"https:\/\/srokacompany.com\/produit\/s-foil-high-aspect-1190\/\">unser neues S-Foil ge\u00e4ndert,<\/a> um an Einfachheit und Steifigkeit zu gewinnen. Es kam jedoch nicht in Frage, diejenigen zur\u00fcckzulassen, die ein 2020er S-Foil besitzen. F\u00fcr diejenigen, die ein 2020 S-Foil besitzen, bieten wir diesen Rumpf zum Selbstkostenpreis an. Es erm\u00f6glicht Ihnen, Ihren 2020er Stabilisator, Ihren 2020er Mast und Ihren 2020er Rahmen zu behalten und alle neuen Foil-Frontfl\u00fcgel der 2021er-Reihe und der kommenden zu nutzen, einschlie\u00dflich <a href=\"https:\/\/srokacompany.com\/produit\/aile-avant-s-foil-high-aspect\/\">des High Aspect<\/a> und der <a href=\"https:\/\/srokacompany.com\/produit\/ailettes-avant-s-foil-classique\/\">Classics. <\/a> <\/p>\n<p>Zu den Schrauben: 3 M8x25-Schrauben f\u00fcr die Classics vorne (und 3x M8x20 f\u00fcr den High Apsect) und 2 M6x20-Schrauben f\u00fcr Ihren 2020-Stabilisator hinten.<\/p>\n<p>ACHTUNG: Dieser Rumpf <strong>ist nicht mit <a href=\"https:\/\/srokacompany.com\/produit\/mat-s-foil-2\/\">dem S-Foil 2021-Mast<\/a> kompatibel<\/strong>, sondern <a href=\"https:\/\/srokacompany.com\/produit\/mat-s-foil\/\">nur mit dem S-Foil 2020-Mast<\/a>. Wenn Sie auf der Suche nach einem Rumpf f\u00fcr das S-Foil 2021 sind, schauen Sie sich <a href=\"https:\/\/srokacompany.com\/produit\/fuselage-s-foil-2\/\">die Produktseite unseres Foil-R\u00fcmpfe-Sortiments<\/a> an.<\/p>\n","protected":false},"excerpt":{"rendered":"<p>Adapterrumpf zwischen 2021 und 2020 S-Foil Frontfl\u00fcgel In diesem Jahr hat sich unser Verbindungssystem zwischen Frontfl\u00fcgel und Rumpf f\u00fcr unser neues S-Foil ge\u00e4ndert, um an Einfachheit und Steifigkeit zu gewinnen. Es kam jedoch nicht in Frage, diejenigen zur\u00fcckzulassen, die ein 2020er S-Foil besitzen. F\u00fcr diejenigen, die ein 2020 S-Foil besitzen, bieten wir diesen Rumpf zum [&hellip;]<\/p>\n","protected":false},"featured_media":117433,"template":"","meta":{"_acf_changed":false,"_uag_custom_page_level_css":""},"product_brand":[],"product_cat":[2784,2781],"product_tag":[],"class_list":{"0":"post-117420","1":"product","2":"type-product","3":"status-publish","4":"has-post-thumbnail","6":"product_cat-flugel-foil","7":"product_cat-folie","8":"product_shipping_class-komplettes-foil-oder-ersatzteile-flugeleinheit","10":"first","11":"instock","12":"sale","13":"taxable","14":"shipping-taxable","15":"purchasable","16":"product-type-simple"},"acf":[],"yoast_head":"<!-- This site is optimized with the Yoast SEO plugin v25.1 - https:\/\/yoast.com\/wordpress\/plugins\/seo\/ -->\n<title>Rumpfadapter S-Foil 2020 und vordere Kotfl\u00fcgel 2021 - SROKA Company<\/title>\n<meta name=\"description\" content=\"Rumpfadapter f\u00fcr S-Foil 2020, mit dem Sie die Fl\u00fcgel vor 2021 auf Ihr altes Foil setzen k\u00f6nnen. Zum Selbstkostenpreis.\" \/>\n<meta name=\"robots\" content=\"noindex, follow, max-snippet:-1, max-image-preview:large, max-video-preview:-1\" \/>\n<meta property=\"og:locale\" content=\"de_DE\" \/>\n<meta property=\"og:type\" content=\"article\" \/>\n<meta property=\"og:title\" content=\"Rumpfadapter S-Foil 2020 und vordere Kotfl\u00fcgel 2021 - SROKA Company\" \/>\n<meta property=\"og:description\" content=\"Rumpfadapter f\u00fcr S-Foil 2020, mit dem Sie die Fl\u00fcgel vor 2021 auf Ihr altes Foil setzen k\u00f6nnen. Zum Selbstkostenpreis.\" \/>\n<meta property=\"og:url\" content=\"https:\/\/staging.srokafinal.lets-preprod.com\/de\/produit\/rumpfadapter-s-foil-2020-und-vordere-kotfluegel-2021\/\" \/>\n<meta property=\"og:site_name\" content=\"SROKA Company\" \/>\n<meta property=\"article:publisher\" content=\"https:\/\/www.facebook.com\/srokawatersports\/\" \/>\n<meta property=\"article:modified_time\" content=\"2024-05-30T09:15:02+00:00\" \/>\n<meta property=\"og:image\" content=\"https:\/\/staging.srokafinal.lets-preprod.com\/wp-content\/uploads\/2021\/05\/Fuselage-pour-adapter-ailes-de-foil-2021.jpg\" \/>\n\t<meta property=\"og:image:width\" content=\"780\" \/>\n\t<meta property=\"og:image:height\" content=\"1040\" \/>\n\t<meta property=\"og:image:type\" content=\"image\/jpeg\" \/>\n<meta name=\"twitter:label1\" content=\"Gesch\u00e4tzte Lesezeit\" \/>\n\t<meta name=\"twitter:data1\" content=\"1\u00a0Minute\" \/>\n<script type=\"application\/ld+json\" class=\"yoast-schema-graph\">{\"@context\":\"https:\/\/schema.org\",\"@graph\":[{\"@type\":\"WebPage\",\"@id\":\"https:\/\/staging.srokafinal.lets-preprod.com\/de\/produit\/rumpfadapter-s-foil-2020-und-vordere-kotfluegel-2021\/\",\"url\":\"https:\/\/staging.srokafinal.lets-preprod.com\/de\/produit\/rumpfadapter-s-foil-2020-und-vordere-kotfluegel-2021\/\",\"name\":\"Rumpfadapter S-Foil 2020 und vordere Kotfl\u00fcgel 2021 - SROKA Company\",\"isPartOf\":{\"@id\":\"https:\/\/staging.srokafinal.lets-preprod.com\/de\/#website\"},\"primaryImageOfPage\":{\"@id\":\"https:\/\/staging.srokafinal.lets-preprod.com\/de\/produit\/rumpfadapter-s-foil-2020-und-vordere-kotfluegel-2021\/#primaryimage\"},\"image\":{\"@id\":\"https:\/\/staging.srokafinal.lets-preprod.com\/de\/produit\/rumpfadapter-s-foil-2020-und-vordere-kotfluegel-2021\/#primaryimage\"},\"thumbnailUrl\":\"https:\/\/staging.srokafinal.lets-preprod.com\/wp-content\/uploads\/2021\/05\/Fuselage-pour-adapter-ailes-de-foil-2021.jpg\",\"datePublished\":\"2021-06-18T06:14:45+00:00\",\"dateModified\":\"2024-05-30T09:15:02+00:00\",\"description\":\"Rumpfadapter f\u00fcr S-Foil 2020, mit dem Sie die Fl\u00fcgel vor 2021 auf Ihr altes Foil setzen k\u00f6nnen. Zum Selbstkostenpreis.\",\"breadcrumb\":{\"@id\":\"https:\/\/staging.srokafinal.lets-preprod.com\/de\/produit\/rumpfadapter-s-foil-2020-und-vordere-kotfluegel-2021\/#breadcrumb\"},\"inLanguage\":\"de\",\"potentialAction\":[{\"@type\":\"ReadAction\",\"target\":[\"https:\/\/staging.srokafinal.lets-preprod.com\/de\/produit\/rumpfadapter-s-foil-2020-und-vordere-kotfluegel-2021\/\"]}]},{\"@type\":\"ImageObject\",\"inLanguage\":\"de\",\"@id\":\"https:\/\/staging.srokafinal.lets-preprod.com\/de\/produit\/rumpfadapter-s-foil-2020-und-vordere-kotfluegel-2021\/#primaryimage\",\"url\":\"https:\/\/staging.srokafinal.lets-preprod.com\/wp-content\/uploads\/2021\/05\/Fuselage-pour-adapter-ailes-de-foil-2021.jpg\",\"contentUrl\":\"https:\/\/staging.srokafinal.lets-preprod.com\/wp-content\/uploads\/2021\/05\/Fuselage-pour-adapter-ailes-de-foil-2021.jpg\",\"width\":780,\"height\":1040,\"caption\":\"Rumpf passend f\u00fcr die Frontfl\u00fcgel 2021 f\u00fcr das 2020 S-Foil\"},{\"@type\":\"BreadcrumbList\",\"@id\":\"https:\/\/staging.srokafinal.lets-preprod.com\/de\/produit\/rumpfadapter-s-foil-2020-und-vordere-kotfluegel-2021\/#breadcrumb\",\"itemListElement\":[{\"@type\":\"ListItem\",\"position\":1,\"name\":\"Accueil\",\"item\":\"https:\/\/staging.srokafinal.lets-preprod.com\/de\/\"},{\"@type\":\"ListItem\",\"position\":2,\"name\":\"Boutique\",\"item\":\"https:\/\/staging.srokafinal.lets-preprod.com\/boutique\/\"},{\"@type\":\"ListItem\",\"position\":3,\"name\":\"Rumpfadapter S-Foil 2020 und vordere Kotfl\u00fcgel 2021\"}]},{\"@type\":\"WebSite\",\"@id\":\"https:\/\/staging.srokafinal.lets-preprod.com\/de\/#website\",\"url\":\"https:\/\/staging.srokafinal.lets-preprod.com\/de\/\",\"name\":\"SROKA Company\",\"description\":\"SUP, Kite, Foil, Wing\",\"publisher\":{\"@id\":\"https:\/\/staging.srokafinal.lets-preprod.com\/de\/#organization\"},\"potentialAction\":[{\"@type\":\"SearchAction\",\"target\":{\"@type\":\"EntryPoint\",\"urlTemplate\":\"https:\/\/staging.srokafinal.lets-preprod.com\/de\/?s={search_term_string}\"},\"query-input\":{\"@type\":\"PropertyValueSpecification\",\"valueRequired\":true,\"valueName\":\"search_term_string\"}}],\"inLanguage\":\"de\"},{\"@type\":\"Organization\",\"@id\":\"https:\/\/staging.srokafinal.lets-preprod.com\/de\/#organization\",\"name\":\"SROKACOMPANY\",\"alternateName\":\"SROKA\",\"url\":\"https:\/\/staging.srokafinal.lets-preprod.com\/de\/\",\"logo\":{\"@type\":\"ImageObject\",\"inLanguage\":\"de\",\"@id\":\"https:\/\/staging.srokafinal.lets-preprod.com\/de\/#\/schema\/logo\/image\/\",\"url\":\"https:\/\/staging.srokafinal.lets-preprod.com\/wp-content\/uploads\/2021\/01\/logo-sroka-black-transpa.png\",\"contentUrl\":\"https:\/\/staging.srokafinal.lets-preprod.com\/wp-content\/uploads\/2021\/01\/logo-sroka-black-transpa.png\",\"width\":1201,\"height\":342,\"caption\":\"SROKACOMPANY\"},\"image\":{\"@id\":\"https:\/\/staging.srokafinal.lets-preprod.com\/de\/#\/schema\/logo\/image\/\"},\"sameAs\":[\"https:\/\/www.facebook.com\/srokawatersports\/\",\"https:\/\/www.instagram.com\/srokawatersports\/\",\"https:\/\/www.youtube.com\/channel\/UCVLHHeaPIm-J5bdEUgxqtZA\"]}]}<\/script>\n<!-- \/ Yoast SEO plugin. -->","yoast_head_json":{"title":"Rumpfadapter S-Foil 2020 und vordere Kotfl\u00fcgel 2021 - SROKA Company","description":"Rumpfadapter f\u00fcr S-Foil 2020, mit dem Sie die Fl\u00fcgel vor 2021 auf Ihr altes Foil setzen k\u00f6nnen. Zum Selbstkostenpreis.","robots":{"index":"noindex","follow":"follow","max-snippet":"max-snippet:-1","max-image-preview":"max-image-preview:large","max-video-preview":"max-video-preview:-1"},"og_locale":"de_DE","og_type":"article","og_title":"Rumpfadapter S-Foil 2020 und vordere Kotfl\u00fcgel 2021 - SROKA Company","og_description":"Rumpfadapter f\u00fcr S-Foil 2020, mit dem Sie die Fl\u00fcgel vor 2021 auf Ihr altes Foil setzen k\u00f6nnen. Zum Selbstkostenpreis.","og_url":"https:\/\/staging.srokafinal.lets-preprod.com\/de\/produit\/rumpfadapter-s-foil-2020-und-vordere-kotfluegel-2021\/","og_site_name":"SROKA Company","article_publisher":"https:\/\/www.facebook.com\/srokawatersports\/","article_modified_time":"2024-05-30T09:15:02+00:00","og_image":[{"width":780,"height":1040,"url":"https:\/\/staging.srokafinal.lets-preprod.com\/wp-content\/uploads\/2021\/05\/Fuselage-pour-adapter-ailes-de-foil-2021.jpg","type":"image\/jpeg"}],"twitter_misc":{"Gesch\u00e4tzte Lesezeit":"1\u00a0Minute"},"schema":{"@context":"https:\/\/schema.org","@graph":[{"@type":"WebPage","@id":"https:\/\/staging.srokafinal.lets-preprod.com\/de\/produit\/rumpfadapter-s-foil-2020-und-vordere-kotfluegel-2021\/","url":"https:\/\/staging.srokafinal.lets-preprod.com\/de\/produit\/rumpfadapter-s-foil-2020-und-vordere-kotfluegel-2021\/","name":"Rumpfadapter S-Foil 2020 und vordere Kotfl\u00fcgel 2021 - SROKA Company","isPartOf":{"@id":"https:\/\/staging.srokafinal.lets-preprod.com\/de\/#website"},"primaryImageOfPage":{"@id":"https:\/\/staging.srokafinal.lets-preprod.com\/de\/produit\/rumpfadapter-s-foil-2020-und-vordere-kotfluegel-2021\/#primaryimage"},"image":{"@id":"https:\/\/staging.srokafinal.lets-preprod.com\/de\/produit\/rumpfadapter-s-foil-2020-und-vordere-kotfluegel-2021\/#primaryimage"},"thumbnailUrl":"https:\/\/staging.srokafinal.lets-preprod.com\/wp-content\/uploads\/2021\/05\/Fuselage-pour-adapter-ailes-de-foil-2021.jpg","datePublished":"2021-06-18T06:14:45+00:00","dateModified":"2024-05-30T09:15:02+00:00","description":"Rumpfadapter f\u00fcr S-Foil 2020, mit dem Sie die Fl\u00fcgel vor 2021 auf Ihr altes Foil setzen k\u00f6nnen. Zum Selbstkostenpreis.","breadcrumb":{"@id":"https:\/\/staging.srokafinal.lets-preprod.com\/de\/produit\/rumpfadapter-s-foil-2020-und-vordere-kotfluegel-2021\/#breadcrumb"},"inLanguage":"de","potentialAction":[{"@type":"ReadAction","target":["https:\/\/staging.srokafinal.lets-preprod.com\/de\/produit\/rumpfadapter-s-foil-2020-und-vordere-kotfluegel-2021\/"]}]},{"@type":"ImageObject","inLanguage":"de","@id":"https:\/\/staging.srokafinal.lets-preprod.com\/de\/produit\/rumpfadapter-s-foil-2020-und-vordere-kotfluegel-2021\/#primaryimage","url":"https:\/\/staging.srokafinal.lets-preprod.com\/wp-content\/uploads\/2021\/05\/Fuselage-pour-adapter-ailes-de-foil-2021.jpg","contentUrl":"https:\/\/staging.srokafinal.lets-preprod.com\/wp-content\/uploads\/2021\/05\/Fuselage-pour-adapter-ailes-de-foil-2021.jpg","width":780,"height":1040,"caption":"Rumpf passend f\u00fcr die Frontfl\u00fcgel 2021 f\u00fcr das 2020 S-Foil"},{"@type":"BreadcrumbList","@id":"https:\/\/staging.srokafinal.lets-preprod.com\/de\/produit\/rumpfadapter-s-foil-2020-und-vordere-kotfluegel-2021\/#breadcrumb","itemListElement":[{"@type":"ListItem","position":1,"name":"Accueil","item":"https:\/\/staging.srokafinal.lets-preprod.com\/de\/"},{"@type":"ListItem","position":2,"name":"Boutique","item":"https:\/\/staging.srokafinal.lets-preprod.com\/boutique\/"},{"@type":"ListItem","position":3,"name":"Rumpfadapter S-Foil 2020 und vordere Kotfl\u00fcgel 2021"}]},{"@type":"WebSite","@id":"https:\/\/staging.srokafinal.lets-preprod.com\/de\/#website","url":"https:\/\/staging.srokafinal.lets-preprod.com\/de\/","name":"SROKA Company","description":"SUP, Kite, Foil, Wing","publisher":{"@id":"https:\/\/staging.srokafinal.lets-preprod.com\/de\/#organization"},"potentialAction":[{"@type":"SearchAction","target":{"@type":"EntryPoint","urlTemplate":"https:\/\/staging.srokafinal.lets-preprod.com\/de\/?s={search_term_string}"},"query-input":{"@type":"PropertyValueSpecification","valueRequired":true,"valueName":"search_term_string"}}],"inLanguage":"de"},{"@type":"Organization","@id":"https:\/\/staging.srokafinal.lets-preprod.com\/de\/#organization","name":"SROKACOMPANY","alternateName":"SROKA","url":"https:\/\/staging.srokafinal.lets-preprod.com\/de\/","logo":{"@type":"ImageObject","inLanguage":"de","@id":"https:\/\/staging.srokafinal.lets-preprod.com\/de\/#\/schema\/logo\/image\/","url":"https:\/\/staging.srokafinal.lets-preprod.com\/wp-content\/uploads\/2021\/01\/logo-sroka-black-transpa.png","contentUrl":"https:\/\/staging.srokafinal.lets-preprod.com\/wp-content\/uploads\/2021\/01\/logo-sroka-black-transpa.png","width":1201,"height":342,"caption":"SROKACOMPANY"},"image":{"@id":"https:\/\/staging.srokafinal.lets-preprod.com\/de\/#\/schema\/logo\/image\/"},"sameAs":["https:\/\/www.facebook.com\/srokawatersports\/","https:\/\/www.instagram.com\/srokawatersports\/","https:\/\/www.youtube.com\/channel\/UCVLHHeaPIm-J5bdEUgxqtZA"]}]}},"uagb_featured_image_src":{"full":["https:\/\/staging.srokafinal.lets-preprod.com\/wp-content\/uploads\/2021\/05\/Fuselage-pour-adapter-ailes-de-foil-2021.jpg",780,1040,false],"thumbnail":["https:\/\/staging.srokafinal.lets-preprod.com\/wp-content\/uploads\/2021\/05\/Fuselage-pour-adapter-ailes-de-foil-2021-150x150.jpg",150,150,true],"medium":["https:\/\/staging.srokafinal.lets-preprod.com\/wp-content\/uploads\/2021\/05\/Fuselage-pour-adapter-ailes-de-foil-2021-225x300.jpg",225,300,true],"medium_large":["https:\/\/staging.srokafinal.lets-preprod.com\/wp-content\/uploads\/2021\/05\/Fuselage-pour-adapter-ailes-de-foil-2021-768x1024.jpg",768,1024,true],"large":["https:\/\/staging.srokafinal.lets-preprod.com\/wp-content\/uploads\/2021\/05\/Fuselage-pour-adapter-ailes-de-foil-2021-768x1024.jpg",768,1024,true],"1536x1536":["https:\/\/staging.srokafinal.lets-preprod.com\/wp-content\/uploads\/2021\/05\/Fuselage-pour-adapter-ailes-de-foil-2021.jpg",780,1040,false],"2048x2048":["https:\/\/staging.srokafinal.lets-preprod.com\/wp-content\/uploads\/2021\/05\/Fuselage-pour-adapter-ailes-de-foil-2021.jpg",780,1040,false],"woocommerce_thumbnail":["https:\/\/staging.srokafinal.lets-preprod.com\/wp-content\/uploads\/2021\/05\/Fuselage-pour-adapter-ailes-de-foil-2021-600x800.jpg",600,800,true],"woocommerce_single":["https:\/\/staging.srokafinal.lets-preprod.com\/wp-content\/uploads\/2021\/05\/Fuselage-pour-adapter-ailes-de-foil-2021-600x800.jpg",600,800,true],"woocommerce_gallery_thumbnail":["https:\/\/staging.srokafinal.lets-preprod.com\/wp-content\/uploads\/2021\/05\/Fuselage-pour-adapter-ailes-de-foil-2021-100x100.jpg",100,100,true]},"uagb_author_info":{"display_name":"Tristan Dumard","author_link":"https:\/\/staging.srokafinal.lets-preprod.com\/de\/blog\/author\/"},"uagb_comment_info":0,"uagb_excerpt":"Adapterrumpf zwischen 2021 und 2020 S-Foil Frontfl\u00fcgel In diesem Jahr hat sich unser Verbindungssystem zwischen Frontfl\u00fcgel und Rumpf f\u00fcr unser neues S-Foil ge\u00e4ndert, um an Einfachheit und Steifigkeit zu gewinnen. Es kam jedoch nicht in Frage, diejenigen zur\u00fcckzulassen, die ein 2020er S-Foil besitzen. F\u00fcr diejenigen, die ein 2020 S-Foil besitzen, bieten wir diesen Rumpf zum&hellip;","_links":{"self":[{"href":"https:\/\/staging.srokafinal.lets-preprod.com\/de\/wp-json\/wp\/v2\/product\/117420","targetHints":{"allow":["GET"]}}],"collection":[{"href":"https:\/\/staging.srokafinal.lets-preprod.com\/de\/wp-json\/wp\/v2\/product"}],"about":[{"href":"https:\/\/staging.srokafinal.lets-preprod.com\/de\/wp-json\/wp\/v2\/types\/product"}],"wp:featuredmedia":[{"embeddable":true,"href":"https:\/\/staging.srokafinal.lets-preprod.com\/de\/wp-json\/wp\/v2\/media\/117433"}],"wp:attachment":[{"href":"https:\/\/staging.srokafinal.lets-preprod.com\/de\/wp-json\/wp\/v2\/media?parent=117420"}],"wp:term":[{"taxonomy":"product_brand","embeddable":true,"href":"https:\/\/staging.srokafinal.lets-preprod.com\/de\/wp-json\/wp\/v2\/product_brand?post=117420"},{"taxonomy":"product_cat","embeddable":true,"href":"https:\/\/staging.srokafinal.lets-preprod.com\/de\/wp-json\/wp\/v2\/product_cat?post=117420"},{"taxonomy":"product_tag","embeddable":true,"href":"https:\/\/staging.srokafinal.lets-preprod.com\/de\/wp-json\/wp\/v2\/product_tag?post=117420"}],"curies":[{"name":"wp","href":"https:\/\/api.w.org\/{rel}","templated":true}]}}