


{"id":117423,"date":"2022-08-10T13:18:34","date_gmt":"2022-08-10T11:18:34","guid":{"rendered":"https:\/\/srokacompany.com\/produit\/s-foil-sroka-stabilisatoren\/"},"modified":"2024-05-30T09:15:06","modified_gmt":"2024-05-30T09:15:06","slug":"s-foil-sroka-stabilisatoren","status":"publish","type":"product","link":"https:\/\/staging.srokafinal.lets-preprod.com\/de\/produit\/s-foil-sroka-stabilisatoren\/","title":{"rendered":"S-Foil Sroka Stabilisatoren"},"content":{"rendered":"<figure><img decoding=\"async\" src=\"https:\/\/srokacompany.com\/wp-content\/uploads\/2022\/08\/300-standard-wingfoil-stabilisateur-768x1024.jpg\" alt=\"300 standard wingfoil stabilisateur\" \/><\/figure>\n<figure><img decoding=\"async\" src=\"https:\/\/srokacompany.com\/wp-content\/uploads\/2022\/08\/High-Aspect-Stabilisateur-Sroka-SFoil-768x1024.jpg\" alt=\"High Aspect Stabilisateur Sroka SFoil\" \/><\/figure>\n<figure><img decoding=\"async\" src=\"https:\/\/srokacompany.com\/wp-content\/uploads\/2022\/08\/High-Aspect-stabilisateur-Foil-Sroka-2022-768x1024.jpg\" alt=\"High Aspect stabilisateur Foil Sroka 2022\" \/><\/figure>\n<figure><img decoding=\"async\" src=\"https:\/\/srokacompany.com\/wp-content\/uploads\/2022\/08\/Stabilisateur-300-Sroka-768x1024.jpg\" alt=\"Stabilisateur 300 Sroka\" \/><\/figure>\n<figure><img decoding=\"async\" src=\"https:\/\/srokacompany.com\/wp-content\/uploads\/2022\/08\/Stabilisateur-240-Sroka-768x1024.jpg\" alt=\"Stabilisateur 240 Sroka\" \/><\/figure>\n<figure><img decoding=\"async\" src=\"https:\/\/srokacompany.com\/wp-content\/uploads\/2022\/08\/Stabilisateur-180-Sroka-768x1024.jpg\" alt=\"Stabilisateur 180 Sroka\" \/><\/figure>\n<h3>Wie w\u00e4hlen Sie Ihren Folienstabilisator aus?  <\/h3>\n<h4>Stabilisator 300<\/h4>\n<p style=\"text-align: justify;\">Der Standard-Stabilisator f\u00fcr das S-Foil Sroka. Es erm\u00f6glicht Ihnen, Wingfoil, Surf Foil, SUP Foil und Wake Foil zu \u00fcben. Es ist der ideale Stabilisator, um alles zu tun, ohne sich darum k\u00fcmmern zu m\u00fcssen.  <\/p>\n<p style=\"text-align: justify;\">Sehr weich beim Start, wird es mit seinem feinen Gleiten und seiner gesunden Unterst\u00fctzung im Flug v\u00f6llig unter den F\u00fc\u00dfen vergessen.  <\/p>\n<p style=\"text-align: justify;\">Mit seinem Zwischen\u00fcbersetzungsaspekt bietet er einen hervorragenden Kompromiss zwischen Man\u00f6vrierf\u00e4higkeit und Pumpleistung. Ohne dich beim Surfen auf einer Schiene zu fixieren, verzeiht es Fehler in den Kurven, gibt beim Pumpen Kraft unter dem hinteren Fu\u00df und man\u00f6vriert geschmeidig. In einer geraden Linie erm\u00f6glicht Ihnen sein super gesundes Verhalten, hart zu dr\u00fccken, um an Geschwindigkeit zu gewinnen.  <\/p>\n<p style=\"text-align: justify;\">Ideal zu:  <\/p>\n<p style=\"text-align: justify;\">&#8211; Das gesamte Classic-Sortiment  <\/p>\n<p style=\"text-align: justify;\">&#8211; HA 1190 L und 1390 L beim Surfen, Downwinden und Pumpen  <\/p>\n<p>\t\t\t\t\t\t\t\t\t\t\t\t\t<img decoding=\"async\" src=\"https:\/\/srokacompany.com\/wp-content\/uploads\/elementor\/thumbs\/Stabilisateur-300-Sroka-qntuu6g26lnhftfm3k8q0ld1opyhcjmre04w98j7b4.jpg\" title=\"Stabilisateur 300 Sroka\" alt=\"Stabilisateur 300 Sroka\" loading=\"lazy\" \/>\t\t\t\t\t\t\t\t\t\t\t\t\t<\/p>\n<h4>Stabilisator 240<\/h4>\n<p style=\"text-align: justify;\">Der 240 Stabilizer z\u00fcgelt Ihr Foil. Sein pr\u00e4gnanteres und d\u00fcnneres Profil als das des 300er erh\u00f6ht Ihr Gleiten um das Zehnfache, was zu Lasten des Auftriebs bei niedrigen Drehzahlen geht.<\/p>\n<p style=\"text-align: justify;\">Sein Mid-Ratio-Aspekt, gepaart mit seinem auf Geschwindigkeit geschnittenen Profil, bietet eine unvergleichliche Man\u00f6vrierf\u00e4higkeit, die alle erfahrenen Surfer begeistern wird, die nach aggressiven Kurven suchen. Mit dem ultrakurzen Rumpf von 56cm wird es m\u00f6glich, Man\u00f6ver  in einem Taschentuch zu verketten.<\/p>\n<p style=\"text-align: justify;\">Es ist auch der ideale Stabilisator f\u00fcr diejenigen, die an Man\u00f6vrierf\u00e4higkeit gewinnen und in Wingfoil, SUP-Foil und Downwind gleiten m\u00f6chten, w\u00e4hrend sie gleichzeitig vielseitig bleiben. Es erm\u00f6glicht Ihnen, die gesamte Classic-Reihe zu z\u00fcgeln.  <\/p>\n<p style=\"text-align: justify;\">Ideal zu:  <\/p>\n<p style=\"text-align: justify;\">&#8211; Das gesamte High Aspect-Sortiment  <\/p>\n<p style=\"text-align: justify;\">&#8211; Die 1250 Classic im Surfen und Wingfoilen<\/p>\n<p>\t\t\t\t\t\t\t\t\t\t\t\t\t<img decoding=\"async\" src=\"https:\/\/srokacompany.com\/wp-content\/uploads\/elementor\/thumbs\/Stabilisateur-240-Sroka-qntuu6g26lnhftfm3k8q0ld1opyhcjmre04w98j7b4.jpg\" title=\"Stabilisateur 240 Sroka\" alt=\"Stabilisateur 240 Sroka\" loading=\"lazy\" \/>\t\t\t\t\t\t\t\t\t\t\t\t\t<\/p>\n<h4>Stabilisator 180<\/h4>\n<p style=\"text-align: justify;\">Der 180-Stabilisator macht keine Zugest\u00e4ndnisse. Die Geschwindigkeit und das Gleiten sind verr\u00fcckt, nichts h\u00e4lt das Foil zur\u00fcck. Ob Wingfoil, Surf Foil in gro\u00dfen und sogar Kite Foil und Windfoil, sein Profil bietet einen sehr hohen VMax und hervorragende Beschleunigungen, bei denen selbst die 240er die S\u00e4ttigung erreichen w\u00fcrden.&nbsp;<\/p>\n<p style=\"text-align: justify;\">Sein sehr hohes Verh\u00e4ltnis erm\u00f6glicht es ihm, seine beeindruckenden Pumpleistungen trotz seiner geringen Oberfl\u00e4che beizubehalten. Mit der gleichen Spannweite wie der 240er Stabilisator bleibt er auch in den engsten Kurven sehr wendig und lebendig. Es ist f\u00fcr die entschlossensten Fahrer gedacht, die maximale Geschwindigkeit und Leistung f\u00fcr ihr Foil w\u00fcnschen, und entfaltet seinen ganzen Charakter bei hohen Geschwindigkeiten.&nbsp;<\/p>\n<p>Ideal zu:&nbsp;<\/p>\n<p>&#8211; HA 1190 S, HA 1190 L, HA 950 S&nbsp;<\/p>\n<p>\t\t\t\t\t\t\t\t\t\t\t\t\t<img decoding=\"async\" src=\"https:\/\/srokacompany.com\/wp-content\/uploads\/elementor\/thumbs\/Stabilisateur-180-Sroka-qntuu6g26lnhftfm3k8q0ld1opyhcjmre04w98j7b4.jpg\" title=\"Stabilisateur 180 Sroka\" alt=\"Stabilisateur 180 Sroka\" loading=\"lazy\" \/>\t\t\t\t\t\t\t\t\t\t\t\t\t<\/p>\n<h3>Aufbau und Abmessungen<\/h3>\n<p style=\"text-align: justify;\">Alle unsere Stabilisatoren sind aus feinstem Prepreg-3K-Carbon gefertigt. Das Carbon ist mit einem Schutzlack beschichtet, der die Lebensdauer Ihrer Flossen dauerhaft verl\u00e4ngert und das Gleiten maximiert. Die Stabilisatoren 300 und 240 haben einen ultradichten Airex-Schaumkern, um maximales Gewicht zu sparen und gleichzeitig eine perfekte Steifigkeit zu gew\u00e4hrleisten. Die Bearbeitung bietet eine einwandfreie Verzahnung zwischen Rumpf und Carbonteil. All dies bietet ein tadelloses hydrodynamisches Profil, eine hervorragende Steifigkeit mit den M8-Schrauben und hochwertige Oberfl\u00e4chen.  <\/p>\n<p>\t\t\t\t\t\t\t\t\t\t\t\t\t<img loading=\"lazy\" decoding=\"async\" width=\"800\" height=\"414\" src=\"https:\/\/srokacompany.com\/wp-content\/uploads\/2022\/08\/Dimensions-des-stabilisateurs-Sroka-1024x530.jpg\" alt=\"\" srcset=\"https:\/\/srokacompany.com\/wp-content\/uploads\/2022\/08\/Dimensions-des-stabilisateurs-Sroka-1024x530.jpg 1024w, https:\/\/srokacompany.com\/wp-content\/uploads\/2022\/08\/Dimensions-des-stabilisateurs-Sroka-300x155.jpg 300w, https:\/\/srokacompany.com\/wp-content\/uploads\/2022\/08\/Dimensions-des-stabilisateurs-Sroka-768x397.jpg 768w, https:\/\/srokacompany.com\/wp-content\/uploads\/2022\/08\/Dimensions-des-stabilisateurs-Sroka-600x310.jpg 600w, https:\/\/srokacompany.com\/wp-content\/uploads\/2022\/08\/Dimensions-des-stabilisateurs-Sroka.jpg 1440w\" sizes=\"auto, (max-width: 800px) 100vw, 800px\" \/><br \/>\n\t\t<iframe loading=\"lazy\" title=\"Comment rendre son foil plus maniable?\" width=\"500\" height=\"281\" src=\"https:\/\/www.youtube.com\/embed\/mBU6-pYUAc0?feature=oembed\" frameborder=\"0\" allow=\"accelerometer; autoplay; clipboard-write; encrypted-media; gyroscope; picture-in-picture; web-share\" referrerpolicy=\"strict-origin-when-cross-origin\" allowfullscreen><\/iframe><br \/>\n\t\t\t\t\t\t\t<img loading=\"lazy\" decoding=\"async\" width=\"2048\" height=\"1365\" src=\"https:\/\/srokacompany.com\/wp-content\/uploads\/2024\/01\/LW-31-sur-87-scaled-1.jpg\" alt=\"\" \/><br \/>\n\t\t\t\t\t\t\t\t<a href=\"https:\/\/srokacompany.com\/2024\/05\/comment-accelerer-en-wingfoil\/\" target=\"_blank\" aria-hidden=\"true\" rel=\"noopener\">Comment acc\u00e9l\u00e9rer en wingfoil ?<\/a><\/p>\n<h2>\n\t\t\t<a href=\"https:\/\/srokacompany.com\/2024\/05\/comment-accelerer-en-wingfoil\/\" target=\"_blank\" rel=\"noopener\"><br \/>\n\t\t\t\tComment acc\u00e9l\u00e9rer en wingfoil ?\t\t\t<\/a><br \/>\n\t\t<\/h2>\n<p>Depuis quelques temps maintenant, la pratique du wingfoil s\u2019ouvre a des horizons \u2026<\/p>\n<p>\t\t\t\t\t\t\t<img loading=\"lazy\" decoding=\"async\" width=\"1200\" height=\"800\" src=\"https:\/\/srokacompany.com\/wp-content\/uploads\/2024\/05\/SrokaCarboneSolo1.jpg\" alt=\"\" \/><br \/>\n\t\t\t\t\t\t\t\t<a href=\"https:\/\/srokacompany.com\/2024\/05\/test-mat-carbone-solo-16mm\/\" target=\"_blank\" aria-hidden=\"true\" rel=\"noopener\">Test Mat Carbone Solo 16mm<\/a><\/p>\n<h2>\n\t\t\t<a href=\"https:\/\/srokacompany.com\/2024\/05\/test-mat-carbone-solo-16mm\/\" target=\"_blank\" rel=\"noopener\"><br \/>\n\t\t\t\tTest Mat Carbone Solo 16mm\t\t\t<\/a><br \/>\n\t\t<\/h2>\n<p>Test par myboard report avec Wingsurferjournal.com Le\u00a0Foil Carbone SROKA Solo\u00a0est un foil \u2026<\/p>\n<p>\t\t\t\t\t\t\t<img loading=\"lazy\" decoding=\"async\" width=\"1980\" height=\"1112\" src=\"https:\/\/srokacompany.com\/wp-content\/uploads\/2018\/01\/touring-en-paddle-sroka-alpha-116-x-32.jpeg\" alt=\"paddle gonflable de qualit\u00e9 \u00e0 prix abordable\" \/><br \/>\n\t\t\t\t\t\t\t\t<a href=\"https:\/\/srokacompany.com\/2024\/04\/peut-on-faire-du-paddle-partout\/\" target=\"_blank\" aria-hidden=\"true\" rel=\"noopener\">Peut-on faire du paddle partout ?<\/a><\/p>\n<h2>\n\t\t\t<a href=\"https:\/\/srokacompany.com\/2024\/04\/peut-on-faire-du-paddle-partout\/\" target=\"_blank\" rel=\"noopener\"><br \/>\n\t\t\t\tPeut-on faire du paddle partout ?\t\t\t<\/a><br \/>\n\t\t<\/h2>\n<p>Dans la mesure o\u00f9 le nombre de pratiquants de paddle augmente d\u2019ann\u00e9es \u2026<\/p>\n<p>\t\t\t\t\t\t\t<img loading=\"lazy\" decoding=\"async\" width=\"2357\" height=\"1571\" src=\"https:\/\/srokacompany.com\/wp-content\/uploads\/2024\/02\/Dw-board.jpg\" alt=\"\" \/><br \/>\n\t\t\t\t\t\t\t\t<a href=\"https:\/\/srokacompany.com\/2024\/04\/nouvelle-planche-dultra-light-wind-et-de-down-wind-la-dw-de-sroka\/\" target=\"_blank\" aria-hidden=\"true\" rel=\"noopener\">Nouvelle planche d\u2019ultra Light Wind et de Down Wind: la DW de SROKA<\/a><\/p>\n<h2>\n\t\t\t<a href=\"https:\/\/srokacompany.com\/2024\/04\/nouvelle-planche-dultra-light-wind-et-de-down-wind-la-dw-de-sroka\/\" target=\"_blank\" rel=\"noopener\"><br \/>\n\t\t\t\tNouvelle planche d\u2019ultra Light Wind et de Down Wind: la DW de SROKA\t\t\t<\/a><br \/>\n\t\t<\/h2>\n<p>Nouvelle planche d\u2019ultra Light Wind et the Down Wind, la DW de \u2026<\/p>\n<hr>\n<h2>S-Foil Sroka Stabilisatoren<\/h2>\n<p>Unser Sortiment an Sroka S-Foil Stabilisatoren erm\u00f6glicht es Ihnen, Ihr Foil neu zu entdecken. Vom Experten bis zum Anf\u00e4nger, vom Wingfoiler bis zum Surfer wurden bei der Entwicklung dieses Sortiments alle Foil-Sportarten und -Niveaus ber\u00fccksichtigt. Unsere Stabilisatoren bieten ein magisches Gleitgef\u00fchl und erm\u00f6glichen es Ihnen, das volle Potenzial Ihres S-Foils zu entfalten. Sie sind perfekt mit allen R\u00fcmpfen kompatibel und austauschbar, damit Sie Ihr S-Foil vollst\u00e4ndig anpassen k\u00f6nnen. Erfahren Sie mehr \u00fcber die Abst\u00fctzungen 300, HA 240 und HA 180.<\/p>\n","protected":false},"excerpt":{"rendered":"<p>Wie w\u00e4hlen Sie Ihren Folienstabilisator aus? Stabilisator 300 Der Standard-Stabilisator f\u00fcr das S-Foil Sroka. Es erm\u00f6glicht Ihnen, Wingfoil, Surf Foil, SUP Foil und Wake Foil zu \u00fcben. Es ist der ideale Stabilisator, um alles zu tun, ohne sich darum k\u00fcmmern zu m\u00fcssen. Sehr weich beim Start, wird es mit seinem feinen Gleiten und seiner gesunden [&hellip;]<\/p>\n","protected":false},"featured_media":117437,"template":"","meta":{"_acf_changed":false,"_uag_custom_page_level_css":""},"product_brand":[],"product_cat":[2903,2784,2815],"product_tag":[],"class_list":{"0":"post-117423","1":"product","2":"type-product","3":"status-publish","4":"has-post-thumbnail","6":"product_cat-dockstart-pumpen","7":"product_cat-flugel-foil","8":"product_cat-folien-zubehor","9":"product_shipping_class-kleiner-versand","11":"first","12":"instock","13":"taxable","14":"shipping-taxable","15":"purchasable","16":"product-type-variable","17":"has-default-attributes"},"acf":[],"yoast_head":"<!-- This site is optimized with the Yoast SEO plugin v25.1 - https:\/\/yoast.com\/wordpress\/plugins\/seo\/ -->\n<title>S-Foil Sroka Stabilisatoren - SROKA Company<\/title>\n<meta name=\"description\" content=\"Das gesamte Sortiment an Sroka-Stabilisatoren, die mit dem S-Foil kompatibel sind. Vom Anf\u00e4nger bis zum Experten, Foiling-Leistung zum besten Preis.\" \/>\n<meta name=\"robots\" content=\"noindex, follow, max-snippet:-1, max-image-preview:large, max-video-preview:-1\" \/>\n<meta property=\"og:locale\" content=\"de_DE\" \/>\n<meta property=\"og:type\" content=\"article\" \/>\n<meta property=\"og:title\" content=\"S-Foil Sroka Stabilisatoren - SROKA Company\" \/>\n<meta property=\"og:description\" content=\"Das gesamte Sortiment an Sroka-Stabilisatoren, die mit dem S-Foil kompatibel sind. Vom Anf\u00e4nger bis zum Experten, Foiling-Leistung zum besten Preis.\" \/>\n<meta property=\"og:url\" content=\"https:\/\/staging.srokafinal.lets-preprod.com\/de\/produit\/s-foil-sroka-stabilisatoren\/\" \/>\n<meta property=\"og:site_name\" content=\"SROKA Company\" \/>\n<meta property=\"article:publisher\" content=\"https:\/\/www.facebook.com\/srokawatersports\/\" \/>\n<meta property=\"article:modified_time\" content=\"2024-05-30T09:15:06+00:00\" \/>\n<meta property=\"og:image\" content=\"https:\/\/staging.srokafinal.lets-preprod.com\/wp-content\/uploads\/2024\/01\/stabilisateur.jpg\" \/>\n\t<meta property=\"og:image:width\" content=\"740\" \/>\n\t<meta property=\"og:image:height\" content=\"1080\" \/>\n\t<meta property=\"og:image:type\" content=\"image\/jpeg\" \/>\n<meta name=\"twitter:label1\" content=\"Gesch\u00e4tzte Lesezeit\" \/>\n\t<meta name=\"twitter:data1\" content=\"4\u00a0Minuten\" \/>\n<script type=\"application\/ld+json\" class=\"yoast-schema-graph\">{\"@context\":\"https:\/\/schema.org\",\"@graph\":[{\"@type\":\"WebPage\",\"@id\":\"https:\/\/staging.srokafinal.lets-preprod.com\/de\/produit\/s-foil-sroka-stabilisatoren\/\",\"url\":\"https:\/\/staging.srokafinal.lets-preprod.com\/de\/produit\/s-foil-sroka-stabilisatoren\/\",\"name\":\"S-Foil Sroka Stabilisatoren - SROKA Company\",\"isPartOf\":{\"@id\":\"https:\/\/staging.srokafinal.lets-preprod.com\/de\/#website\"},\"primaryImageOfPage\":{\"@id\":\"https:\/\/staging.srokafinal.lets-preprod.com\/de\/produit\/s-foil-sroka-stabilisatoren\/#primaryimage\"},\"image\":{\"@id\":\"https:\/\/staging.srokafinal.lets-preprod.com\/de\/produit\/s-foil-sroka-stabilisatoren\/#primaryimage\"},\"thumbnailUrl\":\"https:\/\/staging.srokafinal.lets-preprod.com\/wp-content\/uploads\/2024\/01\/stabilisateur.jpg\",\"datePublished\":\"2022-08-10T11:18:34+00:00\",\"dateModified\":\"2024-05-30T09:15:06+00:00\",\"description\":\"Das gesamte Sortiment an Sroka-Stabilisatoren, die mit dem S-Foil kompatibel sind. Vom Anf\u00e4nger bis zum Experten, Foiling-Leistung zum besten Preis.\",\"breadcrumb\":{\"@id\":\"https:\/\/staging.srokafinal.lets-preprod.com\/de\/produit\/s-foil-sroka-stabilisatoren\/#breadcrumb\"},\"inLanguage\":\"de\",\"potentialAction\":[{\"@type\":\"ReadAction\",\"target\":[\"https:\/\/staging.srokafinal.lets-preprod.com\/de\/produit\/s-foil-sroka-stabilisatoren\/\"]}]},{\"@type\":\"ImageObject\",\"inLanguage\":\"de\",\"@id\":\"https:\/\/staging.srokafinal.lets-preprod.com\/de\/produit\/s-foil-sroka-stabilisatoren\/#primaryimage\",\"url\":\"https:\/\/staging.srokafinal.lets-preprod.com\/wp-content\/uploads\/2024\/01\/stabilisateur.jpg\",\"contentUrl\":\"https:\/\/staging.srokafinal.lets-preprod.com\/wp-content\/uploads\/2024\/01\/stabilisateur.jpg\",\"width\":740,\"height\":1080},{\"@type\":\"BreadcrumbList\",\"@id\":\"https:\/\/staging.srokafinal.lets-preprod.com\/de\/produit\/s-foil-sroka-stabilisatoren\/#breadcrumb\",\"itemListElement\":[{\"@type\":\"ListItem\",\"position\":1,\"name\":\"Accueil\",\"item\":\"https:\/\/staging.srokafinal.lets-preprod.com\/de\/\"},{\"@type\":\"ListItem\",\"position\":2,\"name\":\"Boutique\",\"item\":\"https:\/\/staging.srokafinal.lets-preprod.com\/boutique\/\"},{\"@type\":\"ListItem\",\"position\":3,\"name\":\"S-Foil Sroka Stabilisatoren\"}]},{\"@type\":\"WebSite\",\"@id\":\"https:\/\/staging.srokafinal.lets-preprod.com\/de\/#website\",\"url\":\"https:\/\/staging.srokafinal.lets-preprod.com\/de\/\",\"name\":\"SROKA Company\",\"description\":\"SUP, Kite, Foil, Wing\",\"publisher\":{\"@id\":\"https:\/\/staging.srokafinal.lets-preprod.com\/de\/#organization\"},\"potentialAction\":[{\"@type\":\"SearchAction\",\"target\":{\"@type\":\"EntryPoint\",\"urlTemplate\":\"https:\/\/staging.srokafinal.lets-preprod.com\/de\/?s={search_term_string}\"},\"query-input\":{\"@type\":\"PropertyValueSpecification\",\"valueRequired\":true,\"valueName\":\"search_term_string\"}}],\"inLanguage\":\"de\"},{\"@type\":\"Organization\",\"@id\":\"https:\/\/staging.srokafinal.lets-preprod.com\/de\/#organization\",\"name\":\"SROKACOMPANY\",\"alternateName\":\"SROKA\",\"url\":\"https:\/\/staging.srokafinal.lets-preprod.com\/de\/\",\"logo\":{\"@type\":\"ImageObject\",\"inLanguage\":\"de\",\"@id\":\"https:\/\/staging.srokafinal.lets-preprod.com\/de\/#\/schema\/logo\/image\/\",\"url\":\"https:\/\/staging.srokafinal.lets-preprod.com\/wp-content\/uploads\/2021\/01\/logo-sroka-black-transpa.png\",\"contentUrl\":\"https:\/\/staging.srokafinal.lets-preprod.com\/wp-content\/uploads\/2021\/01\/logo-sroka-black-transpa.png\",\"width\":1201,\"height\":342,\"caption\":\"SROKACOMPANY\"},\"image\":{\"@id\":\"https:\/\/staging.srokafinal.lets-preprod.com\/de\/#\/schema\/logo\/image\/\"},\"sameAs\":[\"https:\/\/www.facebook.com\/srokawatersports\/\",\"https:\/\/www.instagram.com\/srokawatersports\/\",\"https:\/\/www.youtube.com\/channel\/UCVLHHeaPIm-J5bdEUgxqtZA\"]}]}<\/script>\n<!-- \/ Yoast SEO plugin. -->","yoast_head_json":{"title":"S-Foil Sroka Stabilisatoren - SROKA Company","description":"Das gesamte Sortiment an Sroka-Stabilisatoren, die mit dem S-Foil kompatibel sind. Vom Anf\u00e4nger bis zum Experten, Foiling-Leistung zum besten Preis.","robots":{"index":"noindex","follow":"follow","max-snippet":"max-snippet:-1","max-image-preview":"max-image-preview:large","max-video-preview":"max-video-preview:-1"},"og_locale":"de_DE","og_type":"article","og_title":"S-Foil Sroka Stabilisatoren - SROKA Company","og_description":"Das gesamte Sortiment an Sroka-Stabilisatoren, die mit dem S-Foil kompatibel sind. Vom Anf\u00e4nger bis zum Experten, Foiling-Leistung zum besten Preis.","og_url":"https:\/\/staging.srokafinal.lets-preprod.com\/de\/produit\/s-foil-sroka-stabilisatoren\/","og_site_name":"SROKA Company","article_publisher":"https:\/\/www.facebook.com\/srokawatersports\/","article_modified_time":"2024-05-30T09:15:06+00:00","og_image":[{"width":740,"height":1080,"url":"https:\/\/staging.srokafinal.lets-preprod.com\/wp-content\/uploads\/2024\/01\/stabilisateur.jpg","type":"image\/jpeg"}],"twitter_misc":{"Gesch\u00e4tzte Lesezeit":"4\u00a0Minuten"},"schema":{"@context":"https:\/\/schema.org","@graph":[{"@type":"WebPage","@id":"https:\/\/staging.srokafinal.lets-preprod.com\/de\/produit\/s-foil-sroka-stabilisatoren\/","url":"https:\/\/staging.srokafinal.lets-preprod.com\/de\/produit\/s-foil-sroka-stabilisatoren\/","name":"S-Foil Sroka Stabilisatoren - SROKA Company","isPartOf":{"@id":"https:\/\/staging.srokafinal.lets-preprod.com\/de\/#website"},"primaryImageOfPage":{"@id":"https:\/\/staging.srokafinal.lets-preprod.com\/de\/produit\/s-foil-sroka-stabilisatoren\/#primaryimage"},"image":{"@id":"https:\/\/staging.srokafinal.lets-preprod.com\/de\/produit\/s-foil-sroka-stabilisatoren\/#primaryimage"},"thumbnailUrl":"https:\/\/staging.srokafinal.lets-preprod.com\/wp-content\/uploads\/2024\/01\/stabilisateur.jpg","datePublished":"2022-08-10T11:18:34+00:00","dateModified":"2024-05-30T09:15:06+00:00","description":"Das gesamte Sortiment an Sroka-Stabilisatoren, die mit dem S-Foil kompatibel sind. Vom Anf\u00e4nger bis zum Experten, Foiling-Leistung zum besten Preis.","breadcrumb":{"@id":"https:\/\/staging.srokafinal.lets-preprod.com\/de\/produit\/s-foil-sroka-stabilisatoren\/#breadcrumb"},"inLanguage":"de","potentialAction":[{"@type":"ReadAction","target":["https:\/\/staging.srokafinal.lets-preprod.com\/de\/produit\/s-foil-sroka-stabilisatoren\/"]}]},{"@type":"ImageObject","inLanguage":"de","@id":"https:\/\/staging.srokafinal.lets-preprod.com\/de\/produit\/s-foil-sroka-stabilisatoren\/#primaryimage","url":"https:\/\/staging.srokafinal.lets-preprod.com\/wp-content\/uploads\/2024\/01\/stabilisateur.jpg","contentUrl":"https:\/\/staging.srokafinal.lets-preprod.com\/wp-content\/uploads\/2024\/01\/stabilisateur.jpg","width":740,"height":1080},{"@type":"BreadcrumbList","@id":"https:\/\/staging.srokafinal.lets-preprod.com\/de\/produit\/s-foil-sroka-stabilisatoren\/#breadcrumb","itemListElement":[{"@type":"ListItem","position":1,"name":"Accueil","item":"https:\/\/staging.srokafinal.lets-preprod.com\/de\/"},{"@type":"ListItem","position":2,"name":"Boutique","item":"https:\/\/staging.srokafinal.lets-preprod.com\/boutique\/"},{"@type":"ListItem","position":3,"name":"S-Foil Sroka Stabilisatoren"}]},{"@type":"WebSite","@id":"https:\/\/staging.srokafinal.lets-preprod.com\/de\/#website","url":"https:\/\/staging.srokafinal.lets-preprod.com\/de\/","name":"SROKA Company","description":"SUP, Kite, Foil, Wing","publisher":{"@id":"https:\/\/staging.srokafinal.lets-preprod.com\/de\/#organization"},"potentialAction":[{"@type":"SearchAction","target":{"@type":"EntryPoint","urlTemplate":"https:\/\/staging.srokafinal.lets-preprod.com\/de\/?s={search_term_string}"},"query-input":{"@type":"PropertyValueSpecification","valueRequired":true,"valueName":"search_term_string"}}],"inLanguage":"de"},{"@type":"Organization","@id":"https:\/\/staging.srokafinal.lets-preprod.com\/de\/#organization","name":"SROKACOMPANY","alternateName":"SROKA","url":"https:\/\/staging.srokafinal.lets-preprod.com\/de\/","logo":{"@type":"ImageObject","inLanguage":"de","@id":"https:\/\/staging.srokafinal.lets-preprod.com\/de\/#\/schema\/logo\/image\/","url":"https:\/\/staging.srokafinal.lets-preprod.com\/wp-content\/uploads\/2021\/01\/logo-sroka-black-transpa.png","contentUrl":"https:\/\/staging.srokafinal.lets-preprod.com\/wp-content\/uploads\/2021\/01\/logo-sroka-black-transpa.png","width":1201,"height":342,"caption":"SROKACOMPANY"},"image":{"@id":"https:\/\/staging.srokafinal.lets-preprod.com\/de\/#\/schema\/logo\/image\/"},"sameAs":["https:\/\/www.facebook.com\/srokawatersports\/","https:\/\/www.instagram.com\/srokawatersports\/","https:\/\/www.youtube.com\/channel\/UCVLHHeaPIm-J5bdEUgxqtZA"]}]}},"uagb_featured_image_src":{"full":["https:\/\/staging.srokafinal.lets-preprod.com\/wp-content\/uploads\/2024\/01\/stabilisateur.jpg",740,1080,false],"thumbnail":["https:\/\/staging.srokafinal.lets-preprod.com\/wp-content\/uploads\/2024\/01\/stabilisateur-150x150.jpg",150,150,true],"medium":["https:\/\/staging.srokafinal.lets-preprod.com\/wp-content\/uploads\/2024\/01\/stabilisateur-206x300.jpg",206,300,true],"medium_large":["https:\/\/staging.srokafinal.lets-preprod.com\/wp-content\/uploads\/2024\/01\/stabilisateur.jpg",740,1080,false],"large":["https:\/\/staging.srokafinal.lets-preprod.com\/wp-content\/uploads\/2024\/01\/stabilisateur-702x1024.jpg",702,1024,true],"1536x1536":["https:\/\/staging.srokafinal.lets-preprod.com\/wp-content\/uploads\/2024\/01\/stabilisateur.jpg",740,1080,false],"2048x2048":["https:\/\/staging.srokafinal.lets-preprod.com\/wp-content\/uploads\/2024\/01\/stabilisateur.jpg",740,1080,false],"woocommerce_thumbnail":["https:\/\/staging.srokafinal.lets-preprod.com\/wp-content\/uploads\/2024\/01\/stabilisateur-600x876.jpg",600,876,true],"woocommerce_single":["https:\/\/staging.srokafinal.lets-preprod.com\/wp-content\/uploads\/2024\/01\/stabilisateur-600x876.jpg",600,876,true],"woocommerce_gallery_thumbnail":["https:\/\/staging.srokafinal.lets-preprod.com\/wp-content\/uploads\/2024\/01\/stabilisateur-100x100.jpg",100,100,true]},"uagb_author_info":{"display_name":"Tristan Dumard","author_link":"https:\/\/staging.srokafinal.lets-preprod.com\/de\/blog\/author\/"},"uagb_comment_info":0,"uagb_excerpt":"Wie w\u00e4hlen Sie Ihren Folienstabilisator aus? Stabilisator 300 Der Standard-Stabilisator f\u00fcr das S-Foil Sroka. Es erm\u00f6glicht Ihnen, Wingfoil, Surf Foil, SUP Foil und Wake Foil zu \u00fcben. Es ist der ideale Stabilisator, um alles zu tun, ohne sich darum k\u00fcmmern zu m\u00fcssen. Sehr weich beim Start, wird es mit seinem feinen Gleiten und seiner gesunden&hellip;","_links":{"self":[{"href":"https:\/\/staging.srokafinal.lets-preprod.com\/de\/wp-json\/wp\/v2\/product\/117423","targetHints":{"allow":["GET"]}}],"collection":[{"href":"https:\/\/staging.srokafinal.lets-preprod.com\/de\/wp-json\/wp\/v2\/product"}],"about":[{"href":"https:\/\/staging.srokafinal.lets-preprod.com\/de\/wp-json\/wp\/v2\/types\/product"}],"wp:featuredmedia":[{"embeddable":true,"href":"https:\/\/staging.srokafinal.lets-preprod.com\/de\/wp-json\/wp\/v2\/media\/117437"}],"wp:attachment":[{"href":"https:\/\/staging.srokafinal.lets-preprod.com\/de\/wp-json\/wp\/v2\/media?parent=117423"}],"wp:term":[{"taxonomy":"product_brand","embeddable":true,"href":"https:\/\/staging.srokafinal.lets-preprod.com\/de\/wp-json\/wp\/v2\/product_brand?post=117423"},{"taxonomy":"product_cat","embeddable":true,"href":"https:\/\/staging.srokafinal.lets-preprod.com\/de\/wp-json\/wp\/v2\/product_cat?post=117423"},{"taxonomy":"product_tag","embeddable":true,"href":"https:\/\/staging.srokafinal.lets-preprod.com\/de\/wp-json\/wp\/v2\/product_tag?post=117423"}],"curies":[{"name":"wp","href":"https:\/\/api.w.org\/{rel}","templated":true}]}}