


{"id":117515,"date":"2022-11-03T16:07:42","date_gmt":"2022-11-03T14:07:42","guid":{"rendered":"https:\/\/srokacompany.com\/produit\/s-foil-high-aspect-1350-lift\/"},"modified":"2024-05-30T09:15:16","modified_gmt":"2024-05-30T09:15:16","slug":"s-foil-high-aspect-1350-lift","status":"publish","type":"product","link":"https:\/\/staging.srokafinal.lets-preprod.com\/de\/produit\/s-foil-high-aspect-1350-lift\/","title":{"rendered":"S-Foil High Aspect 1350 Lift"},"content":{"rendered":"<hr>\n<h2>S-Foil HA 1350 Hebeb\u00fchne<\/h2>\n<p>Der High Aspect 1350 Lift Foil Frontfl\u00fcgel l\u00e4sst dich unendlich vor dem Wind gleiten und kleine Swell-Z\u00fcge mit beunruhigender <strong>Leichtigkeit<\/strong> im Surf Foil, Wake Foil oder Wingfoil unter allen Bedingungen wieder verbinden. Mit diesem Schirm wirst du <strong>deine gewohnten Spots wiederentdecken<\/strong>. Die kabbeligen Gew\u00e4sser, die bisher unbrauchbar waren, werden Ihr neuer Spielplatz sein.<\/p>\n<p>Der HA 1350 L ist sehr einfach zu starten und sinkt nicht einmal im Flug. Ein einfacher Pumpschlag, ein ungleichm\u00e4\u00dfiger Wellenzug oder eine kleine B\u00f6e reichen aus, um <strong>das Skivergn\u00fcgen auf unbestimmte Zeit zu verl\u00e4ngern<\/strong>. Es wurde alles getan, um Ihnen ein magisches, unendliches Gleiten mit minimalem Kraftaufwand zu bieten.<\/p>\n<p>Der HA 1350 Lift ist auch <strong>ideal f\u00fcr die Navigation in Seen<\/strong>, wo er lange Zeit durch die Flaute kommt, um durchzukommen. Sie k\u00f6nnen die kleinste Brise und die geringste Welligkeit nutzen, um m\u00fchelos zu fliegen und zu gleiten.<\/p>\n<p>Der HA 1350 Frontfl\u00fcgel ist <strong>mit allen R\u00fcmpfen der S-Foil-Reihe und allen Stabilisatoren kompatibel. <\/strong>Die Folie wird mit ihren Schrauben und ihrem ma\u00dfgeschneiderten Transport-\/Schutzkoffer geliefert.<\/p>\n<p><a href=\"https:\/\/srokacompany.com\/produit\/ailette-avant-ha-1350-lift\/\">Allein der vordere Kotfl\u00fcgel ist hier f\u00fcr 499,90 \u20ac erh\u00e4ltlich<\/a><\/p>\n","protected":false},"excerpt":{"rendered":"<p>S-Foil HA 1350 Hebeb\u00fchne Der High Aspect 1350 Lift Foil Frontfl\u00fcgel l\u00e4sst dich unendlich vor dem Wind gleiten und kleine Swell-Z\u00fcge mit beunruhigender Leichtigkeit im Surf Foil, Wake Foil oder Wingfoil unter allen Bedingungen wieder verbinden. Mit diesem Schirm wirst du deine gewohnten Spots wiederentdecken. Die kabbeligen Gew\u00e4sser, die bisher unbrauchbar waren, werden Ihr neuer [&hellip;]<\/p>\n","protected":false},"featured_media":117522,"template":"","meta":{"_acf_changed":false,"_uag_custom_page_level_css":""},"product_brand":[],"product_cat":[2903,2784,2781,2789,2783,2956],"product_tag":[],"class_list":{"0":"post-117515","1":"product","2":"type-product","3":"status-publish","4":"has-post-thumbnail","6":"product_cat-dockstart-pumpen","7":"product_cat-flugel-foil","8":"product_cat-folie","9":"product_cat-alle-unsere-high-aspect-folien","10":"product_cat-surf-folie","11":"product_cat-foils-surf-foil-de","12":"product_shipping_class-komplettes-foil-oder-ersatzteile-flugeleinheit","14":"first","15":"instock","16":"taxable","17":"shipping-taxable","18":"purchasable","19":"product-type-variable","20":"has-default-attributes"},"acf":[],"yoast_head":"<!-- This site is optimized with the Yoast SEO plugin v25.1 - https:\/\/yoast.com\/wordpress\/plugins\/seo\/ -->\n<title>S-Foil High Aspect 1350 Lift - SROKA Company<\/title>\n<meta name=\"robots\" content=\"noindex, follow, max-snippet:-1, max-image-preview:large, max-video-preview:-1\" \/>\n<meta property=\"og:locale\" content=\"de_DE\" \/>\n<meta property=\"og:type\" content=\"article\" \/>\n<meta property=\"og:title\" content=\"S-Foil High Aspect 1350 Lift - SROKA Company\" \/>\n<meta property=\"og:description\" content=\"S-Foil HA 1350 Hebeb\u00fchne Der High Aspect 1350 Lift Foil Frontfl\u00fcgel l\u00e4sst dich unendlich vor dem Wind gleiten und kleine Swell-Z\u00fcge mit beunruhigender Leichtigkeit im Surf Foil, Wake Foil oder Wingfoil unter allen Bedingungen wieder verbinden. Mit diesem Schirm wirst du deine gewohnten Spots wiederentdecken. Die kabbeligen Gew\u00e4sser, die bisher unbrauchbar waren, werden Ihr neuer [&hellip;]\" \/>\n<meta property=\"og:url\" content=\"https:\/\/staging.srokafinal.lets-preprod.com\/de\/produit\/s-foil-high-aspect-1350-lift\/\" \/>\n<meta property=\"og:site_name\" content=\"SROKA Company\" \/>\n<meta property=\"article:publisher\" content=\"https:\/\/www.facebook.com\/srokawatersports\/\" \/>\n<meta property=\"article:modified_time\" content=\"2024-05-30T09:15:16+00:00\" \/>\n<meta property=\"og:image\" content=\"https:\/\/staging.srokafinal.lets-preprod.com\/wp-content\/uploads\/2022\/08\/1350-photo-produit-pour-site.png\" \/>\n\t<meta property=\"og:image:width\" content=\"740\" \/>\n\t<meta property=\"og:image:height\" content=\"1080\" \/>\n\t<meta property=\"og:image:type\" content=\"image\/png\" \/>\n<meta name=\"twitter:label1\" content=\"Gesch\u00e4tzte Lesezeit\" \/>\n\t<meta name=\"twitter:data1\" content=\"1\u00a0Minute\" \/>\n<script type=\"application\/ld+json\" class=\"yoast-schema-graph\">{\"@context\":\"https:\/\/schema.org\",\"@graph\":[{\"@type\":\"WebPage\",\"@id\":\"https:\/\/staging.srokafinal.lets-preprod.com\/de\/produit\/s-foil-high-aspect-1350-lift\/\",\"url\":\"https:\/\/staging.srokafinal.lets-preprod.com\/de\/produit\/s-foil-high-aspect-1350-lift\/\",\"name\":\"S-Foil High Aspect 1350 Lift - SROKA Company\",\"isPartOf\":{\"@id\":\"https:\/\/staging.srokafinal.lets-preprod.com\/de\/#website\"},\"primaryImageOfPage\":{\"@id\":\"https:\/\/staging.srokafinal.lets-preprod.com\/de\/produit\/s-foil-high-aspect-1350-lift\/#primaryimage\"},\"image\":{\"@id\":\"https:\/\/staging.srokafinal.lets-preprod.com\/de\/produit\/s-foil-high-aspect-1350-lift\/#primaryimage\"},\"thumbnailUrl\":\"https:\/\/staging.srokafinal.lets-preprod.com\/wp-content\/uploads\/2022\/08\/1350-photo-produit-pour-site.png\",\"datePublished\":\"2022-11-03T14:07:42+00:00\",\"dateModified\":\"2024-05-30T09:15:16+00:00\",\"breadcrumb\":{\"@id\":\"https:\/\/staging.srokafinal.lets-preprod.com\/de\/produit\/s-foil-high-aspect-1350-lift\/#breadcrumb\"},\"inLanguage\":\"de\",\"potentialAction\":[{\"@type\":\"ReadAction\",\"target\":[\"https:\/\/staging.srokafinal.lets-preprod.com\/de\/produit\/s-foil-high-aspect-1350-lift\/\"]}]},{\"@type\":\"ImageObject\",\"inLanguage\":\"de\",\"@id\":\"https:\/\/staging.srokafinal.lets-preprod.com\/de\/produit\/s-foil-high-aspect-1350-lift\/#primaryimage\",\"url\":\"https:\/\/staging.srokafinal.lets-preprod.com\/wp-content\/uploads\/2022\/08\/1350-photo-produit-pour-site.png\",\"contentUrl\":\"https:\/\/staging.srokafinal.lets-preprod.com\/wp-content\/uploads\/2022\/08\/1350-photo-produit-pour-site.png\",\"width\":740,\"height\":1080},{\"@type\":\"BreadcrumbList\",\"@id\":\"https:\/\/staging.srokafinal.lets-preprod.com\/de\/produit\/s-foil-high-aspect-1350-lift\/#breadcrumb\",\"itemListElement\":[{\"@type\":\"ListItem\",\"position\":1,\"name\":\"Accueil\",\"item\":\"https:\/\/staging.srokafinal.lets-preprod.com\/de\/\"},{\"@type\":\"ListItem\",\"position\":2,\"name\":\"Boutique\",\"item\":\"https:\/\/staging.srokafinal.lets-preprod.com\/boutique\/\"},{\"@type\":\"ListItem\",\"position\":3,\"name\":\"S-Foil High Aspect 1350 Lift\"}]},{\"@type\":\"WebSite\",\"@id\":\"https:\/\/staging.srokafinal.lets-preprod.com\/de\/#website\",\"url\":\"https:\/\/staging.srokafinal.lets-preprod.com\/de\/\",\"name\":\"SROKA Company\",\"description\":\"SUP, Kite, Foil, Wing\",\"publisher\":{\"@id\":\"https:\/\/staging.srokafinal.lets-preprod.com\/de\/#organization\"},\"potentialAction\":[{\"@type\":\"SearchAction\",\"target\":{\"@type\":\"EntryPoint\",\"urlTemplate\":\"https:\/\/staging.srokafinal.lets-preprod.com\/de\/?s={search_term_string}\"},\"query-input\":{\"@type\":\"PropertyValueSpecification\",\"valueRequired\":true,\"valueName\":\"search_term_string\"}}],\"inLanguage\":\"de\"},{\"@type\":\"Organization\",\"@id\":\"https:\/\/staging.srokafinal.lets-preprod.com\/de\/#organization\",\"name\":\"SROKACOMPANY\",\"alternateName\":\"SROKA\",\"url\":\"https:\/\/staging.srokafinal.lets-preprod.com\/de\/\",\"logo\":{\"@type\":\"ImageObject\",\"inLanguage\":\"de\",\"@id\":\"https:\/\/staging.srokafinal.lets-preprod.com\/de\/#\/schema\/logo\/image\/\",\"url\":\"https:\/\/staging.srokafinal.lets-preprod.com\/wp-content\/uploads\/2021\/01\/logo-sroka-black-transpa.png\",\"contentUrl\":\"https:\/\/staging.srokafinal.lets-preprod.com\/wp-content\/uploads\/2021\/01\/logo-sroka-black-transpa.png\",\"width\":1201,\"height\":342,\"caption\":\"SROKACOMPANY\"},\"image\":{\"@id\":\"https:\/\/staging.srokafinal.lets-preprod.com\/de\/#\/schema\/logo\/image\/\"},\"sameAs\":[\"https:\/\/www.facebook.com\/srokawatersports\/\",\"https:\/\/www.instagram.com\/srokawatersports\/\",\"https:\/\/www.youtube.com\/channel\/UCVLHHeaPIm-J5bdEUgxqtZA\"]}]}<\/script>\n<!-- \/ Yoast SEO plugin. -->","yoast_head_json":{"title":"S-Foil High Aspect 1350 Lift - SROKA Company","robots":{"index":"noindex","follow":"follow","max-snippet":"max-snippet:-1","max-image-preview":"max-image-preview:large","max-video-preview":"max-video-preview:-1"},"og_locale":"de_DE","og_type":"article","og_title":"S-Foil High Aspect 1350 Lift - SROKA Company","og_description":"S-Foil HA 1350 Hebeb\u00fchne Der High Aspect 1350 Lift Foil Frontfl\u00fcgel l\u00e4sst dich unendlich vor dem Wind gleiten und kleine Swell-Z\u00fcge mit beunruhigender Leichtigkeit im Surf Foil, Wake Foil oder Wingfoil unter allen Bedingungen wieder verbinden. Mit diesem Schirm wirst du deine gewohnten Spots wiederentdecken. Die kabbeligen Gew\u00e4sser, die bisher unbrauchbar waren, werden Ihr neuer [&hellip;]","og_url":"https:\/\/staging.srokafinal.lets-preprod.com\/de\/produit\/s-foil-high-aspect-1350-lift\/","og_site_name":"SROKA Company","article_publisher":"https:\/\/www.facebook.com\/srokawatersports\/","article_modified_time":"2024-05-30T09:15:16+00:00","og_image":[{"width":740,"height":1080,"url":"https:\/\/staging.srokafinal.lets-preprod.com\/wp-content\/uploads\/2022\/08\/1350-photo-produit-pour-site.png","type":"image\/png"}],"twitter_misc":{"Gesch\u00e4tzte Lesezeit":"1\u00a0Minute"},"schema":{"@context":"https:\/\/schema.org","@graph":[{"@type":"WebPage","@id":"https:\/\/staging.srokafinal.lets-preprod.com\/de\/produit\/s-foil-high-aspect-1350-lift\/","url":"https:\/\/staging.srokafinal.lets-preprod.com\/de\/produit\/s-foil-high-aspect-1350-lift\/","name":"S-Foil High Aspect 1350 Lift - SROKA Company","isPartOf":{"@id":"https:\/\/staging.srokafinal.lets-preprod.com\/de\/#website"},"primaryImageOfPage":{"@id":"https:\/\/staging.srokafinal.lets-preprod.com\/de\/produit\/s-foil-high-aspect-1350-lift\/#primaryimage"},"image":{"@id":"https:\/\/staging.srokafinal.lets-preprod.com\/de\/produit\/s-foil-high-aspect-1350-lift\/#primaryimage"},"thumbnailUrl":"https:\/\/staging.srokafinal.lets-preprod.com\/wp-content\/uploads\/2022\/08\/1350-photo-produit-pour-site.png","datePublished":"2022-11-03T14:07:42+00:00","dateModified":"2024-05-30T09:15:16+00:00","breadcrumb":{"@id":"https:\/\/staging.srokafinal.lets-preprod.com\/de\/produit\/s-foil-high-aspect-1350-lift\/#breadcrumb"},"inLanguage":"de","potentialAction":[{"@type":"ReadAction","target":["https:\/\/staging.srokafinal.lets-preprod.com\/de\/produit\/s-foil-high-aspect-1350-lift\/"]}]},{"@type":"ImageObject","inLanguage":"de","@id":"https:\/\/staging.srokafinal.lets-preprod.com\/de\/produit\/s-foil-high-aspect-1350-lift\/#primaryimage","url":"https:\/\/staging.srokafinal.lets-preprod.com\/wp-content\/uploads\/2022\/08\/1350-photo-produit-pour-site.png","contentUrl":"https:\/\/staging.srokafinal.lets-preprod.com\/wp-content\/uploads\/2022\/08\/1350-photo-produit-pour-site.png","width":740,"height":1080},{"@type":"BreadcrumbList","@id":"https:\/\/staging.srokafinal.lets-preprod.com\/de\/produit\/s-foil-high-aspect-1350-lift\/#breadcrumb","itemListElement":[{"@type":"ListItem","position":1,"name":"Accueil","item":"https:\/\/staging.srokafinal.lets-preprod.com\/de\/"},{"@type":"ListItem","position":2,"name":"Boutique","item":"https:\/\/staging.srokafinal.lets-preprod.com\/boutique\/"},{"@type":"ListItem","position":3,"name":"S-Foil High Aspect 1350 Lift"}]},{"@type":"WebSite","@id":"https:\/\/staging.srokafinal.lets-preprod.com\/de\/#website","url":"https:\/\/staging.srokafinal.lets-preprod.com\/de\/","name":"SROKA Company","description":"SUP, Kite, Foil, Wing","publisher":{"@id":"https:\/\/staging.srokafinal.lets-preprod.com\/de\/#organization"},"potentialAction":[{"@type":"SearchAction","target":{"@type":"EntryPoint","urlTemplate":"https:\/\/staging.srokafinal.lets-preprod.com\/de\/?s={search_term_string}"},"query-input":{"@type":"PropertyValueSpecification","valueRequired":true,"valueName":"search_term_string"}}],"inLanguage":"de"},{"@type":"Organization","@id":"https:\/\/staging.srokafinal.lets-preprod.com\/de\/#organization","name":"SROKACOMPANY","alternateName":"SROKA","url":"https:\/\/staging.srokafinal.lets-preprod.com\/de\/","logo":{"@type":"ImageObject","inLanguage":"de","@id":"https:\/\/staging.srokafinal.lets-preprod.com\/de\/#\/schema\/logo\/image\/","url":"https:\/\/staging.srokafinal.lets-preprod.com\/wp-content\/uploads\/2021\/01\/logo-sroka-black-transpa.png","contentUrl":"https:\/\/staging.srokafinal.lets-preprod.com\/wp-content\/uploads\/2021\/01\/logo-sroka-black-transpa.png","width":1201,"height":342,"caption":"SROKACOMPANY"},"image":{"@id":"https:\/\/staging.srokafinal.lets-preprod.com\/de\/#\/schema\/logo\/image\/"},"sameAs":["https:\/\/www.facebook.com\/srokawatersports\/","https:\/\/www.instagram.com\/srokawatersports\/","https:\/\/www.youtube.com\/channel\/UCVLHHeaPIm-J5bdEUgxqtZA"]}]}},"uagb_featured_image_src":{"full":["https:\/\/staging.srokafinal.lets-preprod.com\/wp-content\/uploads\/2022\/08\/1350-photo-produit-pour-site.png",740,1080,false],"thumbnail":["https:\/\/staging.srokafinal.lets-preprod.com\/wp-content\/uploads\/2022\/08\/1350-photo-produit-pour-site-150x150.png",150,150,true],"medium":["https:\/\/staging.srokafinal.lets-preprod.com\/wp-content\/uploads\/2022\/08\/1350-photo-produit-pour-site-206x300.png",206,300,true],"medium_large":["https:\/\/staging.srokafinal.lets-preprod.com\/wp-content\/uploads\/2022\/08\/1350-photo-produit-pour-site.png",740,1080,false],"large":["https:\/\/staging.srokafinal.lets-preprod.com\/wp-content\/uploads\/2022\/08\/1350-photo-produit-pour-site-702x1024.png",702,1024,true],"1536x1536":["https:\/\/staging.srokafinal.lets-preprod.com\/wp-content\/uploads\/2022\/08\/1350-photo-produit-pour-site.png",740,1080,false],"2048x2048":["https:\/\/staging.srokafinal.lets-preprod.com\/wp-content\/uploads\/2022\/08\/1350-photo-produit-pour-site.png",740,1080,false],"woocommerce_thumbnail":["https:\/\/staging.srokafinal.lets-preprod.com\/wp-content\/uploads\/2022\/08\/1350-photo-produit-pour-site-600x876.png",600,876,true],"woocommerce_single":["https:\/\/staging.srokafinal.lets-preprod.com\/wp-content\/uploads\/2022\/08\/1350-photo-produit-pour-site-600x876.png",600,876,true],"woocommerce_gallery_thumbnail":["https:\/\/staging.srokafinal.lets-preprod.com\/wp-content\/uploads\/2022\/08\/1350-photo-produit-pour-site-100x100.png",100,100,true]},"uagb_author_info":{"display_name":"emmanuel.d emmanuel.d","author_link":"https:\/\/staging.srokafinal.lets-preprod.com\/de\/blog\/author\/"},"uagb_comment_info":0,"uagb_excerpt":"S-Foil HA 1350 Hebeb\u00fchne Der High Aspect 1350 Lift Foil Frontfl\u00fcgel l\u00e4sst dich unendlich vor dem Wind gleiten und kleine Swell-Z\u00fcge mit beunruhigender Leichtigkeit im Surf Foil, Wake Foil oder Wingfoil unter allen Bedingungen wieder verbinden. Mit diesem Schirm wirst du deine gewohnten Spots wiederentdecken. Die kabbeligen Gew\u00e4sser, die bisher unbrauchbar waren, werden Ihr neuer&hellip;","_links":{"self":[{"href":"https:\/\/staging.srokafinal.lets-preprod.com\/de\/wp-json\/wp\/v2\/product\/117515","targetHints":{"allow":["GET"]}}],"collection":[{"href":"https:\/\/staging.srokafinal.lets-preprod.com\/de\/wp-json\/wp\/v2\/product"}],"about":[{"href":"https:\/\/staging.srokafinal.lets-preprod.com\/de\/wp-json\/wp\/v2\/types\/product"}],"wp:featuredmedia":[{"embeddable":true,"href":"https:\/\/staging.srokafinal.lets-preprod.com\/de\/wp-json\/wp\/v2\/media\/117522"}],"wp:attachment":[{"href":"https:\/\/staging.srokafinal.lets-preprod.com\/de\/wp-json\/wp\/v2\/media?parent=117515"}],"wp:term":[{"taxonomy":"product_brand","embeddable":true,"href":"https:\/\/staging.srokafinal.lets-preprod.com\/de\/wp-json\/wp\/v2\/product_brand?post=117515"},{"taxonomy":"product_cat","embeddable":true,"href":"https:\/\/staging.srokafinal.lets-preprod.com\/de\/wp-json\/wp\/v2\/product_cat?post=117515"},{"taxonomy":"product_tag","embeddable":true,"href":"https:\/\/staging.srokafinal.lets-preprod.com\/de\/wp-json\/wp\/v2\/product_tag?post=117515"}],"curies":[{"name":"wp","href":"https:\/\/api.w.org\/{rel}","templated":true}]}}