


{"id":119254,"date":"2024-07-01T08:17:04","date_gmt":"2024-07-01T08:17:04","guid":{"rendered":"https:\/\/srokacompany.com\/produit\/frontfluegel-680-bedienung\/"},"modified":"2024-11-23T13:25:44","modified_gmt":"2024-11-23T13:25:44","slug":"frontfluegel-680-bedienung","status":"publish","type":"product","link":"https:\/\/staging.srokafinal.lets-preprod.com\/de\/produit\/frontfluegel-680-bedienung\/","title":{"rendered":"Frontfl\u00fcgel 680 Bedienung"},"content":{"rendered":"<hr>\n<p>Der 680 Control (680 cm2) ist ein Frontfl\u00fcgel, der Ihnen das perfekte Surfgef\u00fchl mit absoluter Kontrolle in den Kurven bietet. Kleiner und d\u00fcnner als die 820 Control, bietet sie ein noch schnelleres, reaktionsfreudigeres und explosiveres Gleiten. Es bringt unter allen Bedingungen eine unglaubliche Stabilit\u00e4t. Wenn du auf der Suche nach einem einfachen kleinen Kite bist, mit einem ultra-fr\u00fchen Start und absoluter Kontrolle in deinen Flugbahnen: Der 680 ist genau das Richtige f\u00fcr dich. Bei 18 Knoten Wind k\u00f6nnen Sie in 680 cm2 Control segeln. Perfekt geeignet f\u00fcr Teenager oder kleine Leute, die eine Folie suchen, die Stabilit\u00e4t und Leichtigkeit bietet.<\/p>\n","protected":false},"excerpt":{"rendered":"<p>Der 680 Control (680 cm2) ist ein Frontfl\u00fcgel, der Ihnen das perfekte Surfgef\u00fchl mit absoluter Kontrolle in den Kurven bietet. Kleiner und d\u00fcnner als die 820 Control, bietet sie ein noch schnelleres, reaktionsfreudigeres und explosiveres Gleiten. Es bringt unter allen Bedingungen eine unglaubliche Stabilit\u00e4t. Wenn du auf der Suche nach einem einfachen kleinen Kite bist, [&hellip;]<\/p>\n","protected":false},"featured_media":118860,"template":"","meta":{"_acf_changed":false,"_uag_custom_page_level_css":""},"product_brand":[],"product_cat":[],"product_tag":[],"class_list":{"0":"post-119254","1":"product","2":"type-product","3":"status-publish","4":"has-post-thumbnail","7":"first","8":"instock","9":"sale","10":"taxable","11":"shipping-taxable","12":"purchasable","13":"product-type-simple"},"acf":[],"yoast_head":"<!-- This site is optimized with the Yoast SEO plugin v25.1 - https:\/\/yoast.com\/wordpress\/plugins\/seo\/ -->\n<title>Frontfl\u00fcgel 680 Bedienung - SROKA Company<\/title>\n<meta name=\"description\" content=\"Die Control Range bringt dir Leichtigkeit im Carve, unzerbrechliche Stabilit\u00e4t beim Freeriden mit einem ultra-fr\u00fchen Start. Ein Plug-and-Play-Fl\u00fcgel\" \/>\n<meta name=\"robots\" content=\"noindex, follow, max-snippet:-1, max-image-preview:large, max-video-preview:-1\" \/>\n<meta property=\"og:locale\" content=\"de_DE\" \/>\n<meta property=\"og:type\" content=\"article\" \/>\n<meta property=\"og:title\" content=\"Frontfl\u00fcgel 680 Bedienung - SROKA Company\" \/>\n<meta property=\"og:description\" content=\"Die Control Range bringt dir Leichtigkeit im Carve, unzerbrechliche Stabilit\u00e4t beim Freeriden mit einem ultra-fr\u00fchen Start. Ein Plug-and-Play-Fl\u00fcgel\" \/>\n<meta property=\"og:url\" content=\"https:\/\/staging.srokafinal.lets-preprod.com\/de\/produit\/frontfluegel-680-bedienung\/\" \/>\n<meta property=\"og:site_name\" content=\"SROKA Company\" \/>\n<meta property=\"article:publisher\" content=\"https:\/\/www.facebook.com\/srokawatersports\/\" \/>\n<meta property=\"article:modified_time\" content=\"2024-11-23T13:25:44+00:00\" \/>\n<meta property=\"og:image\" content=\"https:\/\/staging.srokafinal.lets-preprod.com\/wp-content\/uploads\/2023\/07\/680-front-control-sROKA.jpg\" \/>\n\t<meta property=\"og:image:width\" content=\"1480\" \/>\n\t<meta property=\"og:image:height\" content=\"2160\" \/>\n\t<meta property=\"og:image:type\" content=\"image\/jpeg\" \/>\n<meta name=\"twitter:label1\" content=\"Gesch\u00e4tzte Lesezeit\" \/>\n\t<meta name=\"twitter:data1\" content=\"1\u00a0Minute\" \/>\n<script type=\"application\/ld+json\" class=\"yoast-schema-graph\">{\"@context\":\"https:\/\/schema.org\",\"@graph\":[{\"@type\":\"WebPage\",\"@id\":\"https:\/\/staging.srokafinal.lets-preprod.com\/de\/produit\/frontfluegel-680-bedienung\/\",\"url\":\"https:\/\/staging.srokafinal.lets-preprod.com\/de\/produit\/frontfluegel-680-bedienung\/\",\"name\":\"Frontfl\u00fcgel 680 Bedienung - SROKA Company\",\"isPartOf\":{\"@id\":\"https:\/\/staging.srokafinal.lets-preprod.com\/de\/#website\"},\"primaryImageOfPage\":{\"@id\":\"https:\/\/staging.srokafinal.lets-preprod.com\/de\/produit\/frontfluegel-680-bedienung\/#primaryimage\"},\"image\":{\"@id\":\"https:\/\/staging.srokafinal.lets-preprod.com\/de\/produit\/frontfluegel-680-bedienung\/#primaryimage\"},\"thumbnailUrl\":\"https:\/\/staging.srokafinal.lets-preprod.com\/wp-content\/uploads\/2023\/07\/680-front-control-sROKA.jpg\",\"datePublished\":\"2024-07-01T08:17:04+00:00\",\"dateModified\":\"2024-11-23T13:25:44+00:00\",\"description\":\"Die Control Range bringt dir Leichtigkeit im Carve, unzerbrechliche Stabilit\u00e4t beim Freeriden mit einem ultra-fr\u00fchen Start. Ein Plug-and-Play-Fl\u00fcgel\",\"breadcrumb\":{\"@id\":\"https:\/\/staging.srokafinal.lets-preprod.com\/de\/produit\/frontfluegel-680-bedienung\/#breadcrumb\"},\"inLanguage\":\"de\",\"potentialAction\":[{\"@type\":\"ReadAction\",\"target\":[\"https:\/\/staging.srokafinal.lets-preprod.com\/de\/produit\/frontfluegel-680-bedienung\/\"]}]},{\"@type\":\"ImageObject\",\"inLanguage\":\"de\",\"@id\":\"https:\/\/staging.srokafinal.lets-preprod.com\/de\/produit\/frontfluegel-680-bedienung\/#primaryimage\",\"url\":\"https:\/\/staging.srokafinal.lets-preprod.com\/wp-content\/uploads\/2023\/07\/680-front-control-sROKA.jpg\",\"contentUrl\":\"https:\/\/staging.srokafinal.lets-preprod.com\/wp-content\/uploads\/2023\/07\/680-front-control-sROKA.jpg\",\"width\":1480,\"height\":2160},{\"@type\":\"BreadcrumbList\",\"@id\":\"https:\/\/staging.srokafinal.lets-preprod.com\/de\/produit\/frontfluegel-680-bedienung\/#breadcrumb\",\"itemListElement\":[{\"@type\":\"ListItem\",\"position\":1,\"name\":\"Accueil\",\"item\":\"https:\/\/staging.srokafinal.lets-preprod.com\/de\/\"},{\"@type\":\"ListItem\",\"position\":2,\"name\":\"Boutique\",\"item\":\"https:\/\/staging.srokafinal.lets-preprod.com\/boutique\/\"},{\"@type\":\"ListItem\",\"position\":3,\"name\":\"Frontfl\u00fcgel 680 Bedienung\"}]},{\"@type\":\"WebSite\",\"@id\":\"https:\/\/staging.srokafinal.lets-preprod.com\/de\/#website\",\"url\":\"https:\/\/staging.srokafinal.lets-preprod.com\/de\/\",\"name\":\"SROKA Company\",\"description\":\"SUP, Kite, Foil, Wing\",\"publisher\":{\"@id\":\"https:\/\/staging.srokafinal.lets-preprod.com\/de\/#organization\"},\"potentialAction\":[{\"@type\":\"SearchAction\",\"target\":{\"@type\":\"EntryPoint\",\"urlTemplate\":\"https:\/\/staging.srokafinal.lets-preprod.com\/de\/?s={search_term_string}\"},\"query-input\":{\"@type\":\"PropertyValueSpecification\",\"valueRequired\":true,\"valueName\":\"search_term_string\"}}],\"inLanguage\":\"de\"},{\"@type\":\"Organization\",\"@id\":\"https:\/\/staging.srokafinal.lets-preprod.com\/de\/#organization\",\"name\":\"SROKACOMPANY\",\"alternateName\":\"SROKA\",\"url\":\"https:\/\/staging.srokafinal.lets-preprod.com\/de\/\",\"logo\":{\"@type\":\"ImageObject\",\"inLanguage\":\"de\",\"@id\":\"https:\/\/staging.srokafinal.lets-preprod.com\/de\/#\/schema\/logo\/image\/\",\"url\":\"https:\/\/staging.srokafinal.lets-preprod.com\/wp-content\/uploads\/2021\/01\/logo-sroka-black-transpa.png\",\"contentUrl\":\"https:\/\/staging.srokafinal.lets-preprod.com\/wp-content\/uploads\/2021\/01\/logo-sroka-black-transpa.png\",\"width\":1201,\"height\":342,\"caption\":\"SROKACOMPANY\"},\"image\":{\"@id\":\"https:\/\/staging.srokafinal.lets-preprod.com\/de\/#\/schema\/logo\/image\/\"},\"sameAs\":[\"https:\/\/www.facebook.com\/srokawatersports\/\",\"https:\/\/www.instagram.com\/srokawatersports\/\",\"https:\/\/www.youtube.com\/channel\/UCVLHHeaPIm-J5bdEUgxqtZA\"]}]}<\/script>\n<!-- \/ Yoast SEO plugin. -->","yoast_head_json":{"title":"Frontfl\u00fcgel 680 Bedienung - SROKA Company","description":"Die Control Range bringt dir Leichtigkeit im Carve, unzerbrechliche Stabilit\u00e4t beim Freeriden mit einem ultra-fr\u00fchen Start. Ein Plug-and-Play-Fl\u00fcgel","robots":{"index":"noindex","follow":"follow","max-snippet":"max-snippet:-1","max-image-preview":"max-image-preview:large","max-video-preview":"max-video-preview:-1"},"og_locale":"de_DE","og_type":"article","og_title":"Frontfl\u00fcgel 680 Bedienung - SROKA Company","og_description":"Die Control Range bringt dir Leichtigkeit im Carve, unzerbrechliche Stabilit\u00e4t beim Freeriden mit einem ultra-fr\u00fchen Start. Ein Plug-and-Play-Fl\u00fcgel","og_url":"https:\/\/staging.srokafinal.lets-preprod.com\/de\/produit\/frontfluegel-680-bedienung\/","og_site_name":"SROKA Company","article_publisher":"https:\/\/www.facebook.com\/srokawatersports\/","article_modified_time":"2024-11-23T13:25:44+00:00","og_image":[{"width":1480,"height":2160,"url":"https:\/\/staging.srokafinal.lets-preprod.com\/wp-content\/uploads\/2023\/07\/680-front-control-sROKA.jpg","type":"image\/jpeg"}],"twitter_misc":{"Gesch\u00e4tzte Lesezeit":"1\u00a0Minute"},"schema":{"@context":"https:\/\/schema.org","@graph":[{"@type":"WebPage","@id":"https:\/\/staging.srokafinal.lets-preprod.com\/de\/produit\/frontfluegel-680-bedienung\/","url":"https:\/\/staging.srokafinal.lets-preprod.com\/de\/produit\/frontfluegel-680-bedienung\/","name":"Frontfl\u00fcgel 680 Bedienung - SROKA Company","isPartOf":{"@id":"https:\/\/staging.srokafinal.lets-preprod.com\/de\/#website"},"primaryImageOfPage":{"@id":"https:\/\/staging.srokafinal.lets-preprod.com\/de\/produit\/frontfluegel-680-bedienung\/#primaryimage"},"image":{"@id":"https:\/\/staging.srokafinal.lets-preprod.com\/de\/produit\/frontfluegel-680-bedienung\/#primaryimage"},"thumbnailUrl":"https:\/\/staging.srokafinal.lets-preprod.com\/wp-content\/uploads\/2023\/07\/680-front-control-sROKA.jpg","datePublished":"2024-07-01T08:17:04+00:00","dateModified":"2024-11-23T13:25:44+00:00","description":"Die Control Range bringt dir Leichtigkeit im Carve, unzerbrechliche Stabilit\u00e4t beim Freeriden mit einem ultra-fr\u00fchen Start. Ein Plug-and-Play-Fl\u00fcgel","breadcrumb":{"@id":"https:\/\/staging.srokafinal.lets-preprod.com\/de\/produit\/frontfluegel-680-bedienung\/#breadcrumb"},"inLanguage":"de","potentialAction":[{"@type":"ReadAction","target":["https:\/\/staging.srokafinal.lets-preprod.com\/de\/produit\/frontfluegel-680-bedienung\/"]}]},{"@type":"ImageObject","inLanguage":"de","@id":"https:\/\/staging.srokafinal.lets-preprod.com\/de\/produit\/frontfluegel-680-bedienung\/#primaryimage","url":"https:\/\/staging.srokafinal.lets-preprod.com\/wp-content\/uploads\/2023\/07\/680-front-control-sROKA.jpg","contentUrl":"https:\/\/staging.srokafinal.lets-preprod.com\/wp-content\/uploads\/2023\/07\/680-front-control-sROKA.jpg","width":1480,"height":2160},{"@type":"BreadcrumbList","@id":"https:\/\/staging.srokafinal.lets-preprod.com\/de\/produit\/frontfluegel-680-bedienung\/#breadcrumb","itemListElement":[{"@type":"ListItem","position":1,"name":"Accueil","item":"https:\/\/staging.srokafinal.lets-preprod.com\/de\/"},{"@type":"ListItem","position":2,"name":"Boutique","item":"https:\/\/staging.srokafinal.lets-preprod.com\/boutique\/"},{"@type":"ListItem","position":3,"name":"Frontfl\u00fcgel 680 Bedienung"}]},{"@type":"WebSite","@id":"https:\/\/staging.srokafinal.lets-preprod.com\/de\/#website","url":"https:\/\/staging.srokafinal.lets-preprod.com\/de\/","name":"SROKA Company","description":"SUP, Kite, Foil, Wing","publisher":{"@id":"https:\/\/staging.srokafinal.lets-preprod.com\/de\/#organization"},"potentialAction":[{"@type":"SearchAction","target":{"@type":"EntryPoint","urlTemplate":"https:\/\/staging.srokafinal.lets-preprod.com\/de\/?s={search_term_string}"},"query-input":{"@type":"PropertyValueSpecification","valueRequired":true,"valueName":"search_term_string"}}],"inLanguage":"de"},{"@type":"Organization","@id":"https:\/\/staging.srokafinal.lets-preprod.com\/de\/#organization","name":"SROKACOMPANY","alternateName":"SROKA","url":"https:\/\/staging.srokafinal.lets-preprod.com\/de\/","logo":{"@type":"ImageObject","inLanguage":"de","@id":"https:\/\/staging.srokafinal.lets-preprod.com\/de\/#\/schema\/logo\/image\/","url":"https:\/\/staging.srokafinal.lets-preprod.com\/wp-content\/uploads\/2021\/01\/logo-sroka-black-transpa.png","contentUrl":"https:\/\/staging.srokafinal.lets-preprod.com\/wp-content\/uploads\/2021\/01\/logo-sroka-black-transpa.png","width":1201,"height":342,"caption":"SROKACOMPANY"},"image":{"@id":"https:\/\/staging.srokafinal.lets-preprod.com\/de\/#\/schema\/logo\/image\/"},"sameAs":["https:\/\/www.facebook.com\/srokawatersports\/","https:\/\/www.instagram.com\/srokawatersports\/","https:\/\/www.youtube.com\/channel\/UCVLHHeaPIm-J5bdEUgxqtZA"]}]}},"uagb_featured_image_src":{"full":["https:\/\/staging.srokafinal.lets-preprod.com\/wp-content\/uploads\/2023\/07\/680-front-control-sROKA.jpg",1480,2160,false],"thumbnail":["https:\/\/staging.srokafinal.lets-preprod.com\/wp-content\/uploads\/2023\/07\/680-front-control-sROKA-150x150.jpg",150,150,true],"medium":["https:\/\/staging.srokafinal.lets-preprod.com\/wp-content\/uploads\/2023\/07\/680-front-control-sROKA-206x300.jpg",206,300,true],"medium_large":["https:\/\/staging.srokafinal.lets-preprod.com\/wp-content\/uploads\/2023\/07\/680-front-control-sROKA-768x1121.jpg",768,1121,true],"large":["https:\/\/staging.srokafinal.lets-preprod.com\/wp-content\/uploads\/2023\/07\/680-front-control-sROKA-702x1024.jpg",702,1024,true],"1536x1536":["https:\/\/staging.srokafinal.lets-preprod.com\/wp-content\/uploads\/2023\/07\/680-front-control-sROKA-1052x1536.jpg",1052,1536,true],"2048x2048":["https:\/\/staging.srokafinal.lets-preprod.com\/wp-content\/uploads\/2023\/07\/680-front-control-sROKA-1403x2048.jpg",1403,2048,true],"woocommerce_thumbnail":["https:\/\/staging.srokafinal.lets-preprod.com\/wp-content\/uploads\/2023\/07\/680-front-control-sROKA-600x876.jpg",600,876,true],"woocommerce_single":["https:\/\/staging.srokafinal.lets-preprod.com\/wp-content\/uploads\/2023\/07\/680-front-control-sROKA-600x876.jpg",600,876,true],"woocommerce_gallery_thumbnail":["https:\/\/staging.srokafinal.lets-preprod.com\/wp-content\/uploads\/2023\/07\/680-front-control-sROKA-100x100.jpg",100,100,true]},"uagb_author_info":{"display_name":"emmanuel.d emmanuel.d","author_link":"https:\/\/staging.srokafinal.lets-preprod.com\/de\/blog\/author\/"},"uagb_comment_info":0,"uagb_excerpt":"Der 680 Control (680 cm2) ist ein Frontfl\u00fcgel, der Ihnen das perfekte Surfgef\u00fchl mit absoluter Kontrolle in den Kurven bietet. Kleiner und d\u00fcnner als die 820 Control, bietet sie ein noch schnelleres, reaktionsfreudigeres und explosiveres Gleiten. Es bringt unter allen Bedingungen eine unglaubliche Stabilit\u00e4t. Wenn du auf der Suche nach einem einfachen kleinen Kite bist,&hellip;","_links":{"self":[{"href":"https:\/\/staging.srokafinal.lets-preprod.com\/de\/wp-json\/wp\/v2\/product\/119254","targetHints":{"allow":["GET"]}}],"collection":[{"href":"https:\/\/staging.srokafinal.lets-preprod.com\/de\/wp-json\/wp\/v2\/product"}],"about":[{"href":"https:\/\/staging.srokafinal.lets-preprod.com\/de\/wp-json\/wp\/v2\/types\/product"}],"wp:featuredmedia":[{"embeddable":true,"href":"https:\/\/staging.srokafinal.lets-preprod.com\/de\/wp-json\/wp\/v2\/media\/118860"}],"wp:attachment":[{"href":"https:\/\/staging.srokafinal.lets-preprod.com\/de\/wp-json\/wp\/v2\/media?parent=119254"}],"wp:term":[{"taxonomy":"product_brand","embeddable":true,"href":"https:\/\/staging.srokafinal.lets-preprod.com\/de\/wp-json\/wp\/v2\/product_brand?post=119254"},{"taxonomy":"product_cat","embeddable":true,"href":"https:\/\/staging.srokafinal.lets-preprod.com\/de\/wp-json\/wp\/v2\/product_cat?post=119254"},{"taxonomy":"product_tag","embeddable":true,"href":"https:\/\/staging.srokafinal.lets-preprod.com\/de\/wp-json\/wp\/v2\/product_tag?post=119254"}],"curies":[{"name":"wp","href":"https:\/\/api.w.org\/{rel}","templated":true}]}}