


{"id":124442,"date":"2024-07-26T07:21:42","date_gmt":"2024-07-26T07:21:42","guid":{"rendered":"https:\/\/srokacompany.com\/produit\/produkt-1\/"},"modified":"2024-10-18T16:23:26","modified_gmt":"2024-10-18T16:23:26","slug":"produkt-1","status":"publish","type":"product","link":"https:\/\/staging.srokafinal.lets-preprod.com\/de\/produit\/produkt-1\/","title":{"rendered":"1260 HAU"},"content":{"rendered":"<p class=\"p1\">Schweben wie ein Vogel<span class=\"Apple-converted-space\">  <\/span>Den Kamm der Wellen b\u00fcrsten<span class=\"Apple-converted-space\">  <\/span>in vollem Umfang<span class=\"Apple-converted-space\">  <\/span>Geschwindigkeit<span class=\"Apple-converted-space\">  <\/span>Durch das Absteigen des Wellengangs geht es m\u00fchelos bergab. Mit unserer UHA-Reihe: Ultra High Aspect Ratio wird dies Realit\u00e4t. Diese Serie mit gro\u00dfer Fl\u00fcgelspannweite erm\u00f6glicht es Ihnen, fast ohne Wind und ohne Wellengang zu foilen und die gesamte Energie, die im Wellengang ben\u00f6tigt wird, zum Foilen zu ben\u00f6tigen. Wenn du auf der Suche nach einem Kite bist, mit dem du schnell abwickeln oder im Fl\u00fcgel abwickeln kannst, sind die UHA Kites genau das Richtige f\u00fcr dich und sie werden dich mit ihrer Leichtigkeit und Leistung \u00fcberraschen. Dieses Sortiment besteht aus 4 Drachengr\u00f6\u00dfen: 800 UHA (800 cm2), 930 UHA (930 cm2), 1100 UHA (1100 cm2), 1260 UHA (1260 cm2). Diese Serie eignet sich perfekt f\u00fcr die Pflanzenserien LW und DW sowie Superfly<\/p>\n<p class=\"p3\">Aufbauend auf dem Erfolg der HA Speed-Reihe haben wir uns entschieden, das gleiche Profil zu verwenden, um den gleichen sanften Start bei beeindruckender Geschwindigkeit zu erzielen. Es ist unm\u00f6glich, von dieser UHA-Serie entt\u00e4uscht zu sein: Geschwindigkeit, Gleiten und Handling sind die drei Worte, die diese neue Serie am besten charakterisieren<\/p>\n<p class=\"p1\"><strong>Die 1260 UHA<\/strong> wurde vollst\u00e4ndig f\u00fcr das Downwinden entwickelt und bietet eine ungeahnte F\u00e4higkeit, bei sehr wenig Wellengang und\/oder Wind zu fliegen. Mit einer Fl\u00fcgelspannweite von fast 1200 cm bietet er Ihnen unter allen Bedingungen eine unendliche F\u00fchrungskapazit\u00e4t.<\/p>\n<hr>\n<p class=\"p1\"><strong>Vorr\u00e4tig<\/strong><\/p>\n<p>Wie ein Vogel \u00fcber den Kamm der Wellen zu schweben, w\u00e4hrend Sie m\u00fchelos die Swell-Z\u00fcge hinunterfahren, ist mit unserer UHA-Reihe (Ultra High Aspect Ratio) jetzt Realit\u00e4t. Diese Reihe mit einer gro\u00dfen Fl\u00fcgelspannweite erm\u00f6glicht es Ihnen, fast ohne Wind oder Wellengang zu foilen und die gesamte im Wellengang verf\u00fcgbare Energie zum Fliegen zu nutzen. Wenn du auf der Suche nach einem Kite bist, um schnell Downwind zu fahren oder Downwind-Wingfoilen zu \u00fcben, wurden UHA Kites f\u00fcr dich geschaffen und werden dich mit ihrer Benutzerfreundlichkeit und Leistung \u00fcberraschen. <strong>Diese Serie besteht aus vier Fl\u00fcgelgr\u00f6\u00dfen: 800 UHA (800 cm\u00b2), 930 UHA (930 cm\u00b2), 1100 UHA (1100 cm\u00b2) und 1260 UHA (1260 cm\u00b2).<\/strong> Es eignet sich perfekt f\u00fcr die Boardserien LW (Leichtwind) und DW (Downwind) sowie f\u00fcr das Superfly. Aufbauend auf dem Erfolg der HA Speed-Reihe haben wir das gleiche Profil auf die UHA-Reihe angewendet, um die gleiche Laufruhe beim Start zu erzielen, aber mit beeindruckender Geschwindigkeitsleistung. Es ist unm\u00f6glich, von dieser UHA-Serie entt\u00e4uscht zu sein: Geschwindigkeit, Gleitf\u00e4higkeit und Man\u00f6vrierf\u00e4higkeit sind die drei Worte, die sie am besten charakterisieren. <strong>Die 1260 UHA<\/strong> wurde <strong>vollst\u00e4ndig f\u00fcr das Downwinden entwickelt und<\/strong> bietet eine <strong>ungeahnte F\u00e4higkeit, bei sehr geringem Wellengang und\/oder Wind zu fliegen, mit einer unglaublichen F\u00e4higkeit, leicht zu pumpen<\/strong>. Mit einer Fl\u00fcgelspannweite von fast 1200 cm erm\u00f6glicht es Ihnen, unter allen Bedingungen unbegrenzt zu segeln<\/p>\n","protected":false},"excerpt":{"rendered":"<p>Schweben wie ein Vogel Den Kamm der Wellen b\u00fcrsten in vollem Umfang Geschwindigkeit Durch das Absteigen des Wellengangs geht es m\u00fchelos bergab. Mit unserer UHA-Reihe: Ultra High Aspect Ratio wird dies Realit\u00e4t. Diese Serie mit gro\u00dfer Fl\u00fcgelspannweite erm\u00f6glicht es Ihnen, fast ohne Wind und ohne Wellengang zu foilen und die gesamte Energie, die im Wellengang [&hellip;]<\/p>\n","protected":false},"featured_media":119445,"template":"","meta":{"_acf_changed":false,"_uag_custom_page_level_css":""},"product_brand":[],"product_cat":[2784],"product_tag":[],"class_list":{"0":"post-124442","1":"product","2":"type-product","3":"status-publish","4":"has-post-thumbnail","6":"product_cat-flugel-foil","7":"product_shipping_class-komplettes-foil-oder-ersatzteile-flugeleinheit-de","9":"first","10":"instock","11":"taxable","12":"shipping-taxable","13":"purchasable","14":"product-type-simple"},"acf":[],"yoast_head":"<!-- This site is optimized with the Yoast SEO plugin v25.1 - https:\/\/yoast.com\/wordpress\/plugins\/seo\/ -->\n<title>1260 HAU - SROKA Company<\/title>\n<meta name=\"description\" content=\"Gedacht f\u00fcr alle Downwind-Liebhaber, die ein Foil suchen, das schnell und hart f\u00fcr alle Leichtwind- oder Swell-Bedingungen gleitet.\" \/>\n<meta name=\"robots\" content=\"noindex, follow, max-snippet:-1, max-image-preview:large, max-video-preview:-1\" \/>\n<meta property=\"og:locale\" content=\"de_DE\" \/>\n<meta property=\"og:type\" content=\"article\" \/>\n<meta property=\"og:title\" content=\"1260 HAU - SROKA Company\" \/>\n<meta property=\"og:description\" content=\"Gedacht f\u00fcr alle Downwind-Liebhaber, die ein Foil suchen, das schnell und hart f\u00fcr alle Leichtwind- oder Swell-Bedingungen gleitet.\" \/>\n<meta property=\"og:url\" content=\"https:\/\/staging.srokafinal.lets-preprod.com\/de\/produit\/produkt-1\/\" \/>\n<meta property=\"og:site_name\" content=\"SROKA Company\" \/>\n<meta property=\"article:publisher\" content=\"https:\/\/www.facebook.com\/srokawatersports\/\" \/>\n<meta property=\"article:modified_time\" content=\"2024-10-18T16:23:26+00:00\" \/>\n<meta property=\"og:image\" content=\"https:\/\/staging.srokafinal.lets-preprod.com\/wp-content\/uploads\/2024\/06\/1260.208.jpg\" \/>\n\t<meta property=\"og:image:width\" content=\"2560\" \/>\n\t<meta property=\"og:image:height\" content=\"1920\" \/>\n\t<meta property=\"og:image:type\" content=\"image\/jpeg\" \/>\n<meta name=\"twitter:label1\" content=\"Gesch\u00e4tzte Lesezeit\" \/>\n\t<meta name=\"twitter:data1\" content=\"2\u00a0Minuten\" \/>\n<script type=\"application\/ld+json\" class=\"yoast-schema-graph\">{\"@context\":\"https:\/\/schema.org\",\"@graph\":[{\"@type\":\"WebPage\",\"@id\":\"https:\/\/staging.srokafinal.lets-preprod.com\/de\/produit\/produkt-1\/\",\"url\":\"https:\/\/staging.srokafinal.lets-preprod.com\/de\/produit\/produkt-1\/\",\"name\":\"1260 HAU - SROKA Company\",\"isPartOf\":{\"@id\":\"https:\/\/staging.srokafinal.lets-preprod.com\/de\/#website\"},\"primaryImageOfPage\":{\"@id\":\"https:\/\/staging.srokafinal.lets-preprod.com\/de\/produit\/produkt-1\/#primaryimage\"},\"image\":{\"@id\":\"https:\/\/staging.srokafinal.lets-preprod.com\/de\/produit\/produkt-1\/#primaryimage\"},\"thumbnailUrl\":\"https:\/\/staging.srokafinal.lets-preprod.com\/wp-content\/uploads\/2024\/06\/1260.208.jpg\",\"datePublished\":\"2024-07-26T07:21:42+00:00\",\"dateModified\":\"2024-10-18T16:23:26+00:00\",\"description\":\"Gedacht f\u00fcr alle Downwind-Liebhaber, die ein Foil suchen, das schnell und hart f\u00fcr alle Leichtwind- oder Swell-Bedingungen gleitet.\",\"breadcrumb\":{\"@id\":\"https:\/\/staging.srokafinal.lets-preprod.com\/de\/produit\/produkt-1\/#breadcrumb\"},\"inLanguage\":\"de\",\"potentialAction\":[{\"@type\":\"ReadAction\",\"target\":[\"https:\/\/staging.srokafinal.lets-preprod.com\/de\/produit\/produkt-1\/\"]}]},{\"@type\":\"ImageObject\",\"inLanguage\":\"de\",\"@id\":\"https:\/\/staging.srokafinal.lets-preprod.com\/de\/produit\/produkt-1\/#primaryimage\",\"url\":\"https:\/\/staging.srokafinal.lets-preprod.com\/wp-content\/uploads\/2024\/06\/1260.208.jpg\",\"contentUrl\":\"https:\/\/staging.srokafinal.lets-preprod.com\/wp-content\/uploads\/2024\/06\/1260.208.jpg\",\"width\":2560,\"height\":1920,\"caption\":\"UHA 1260 Downwind Frontfl\u00fcgel\"},{\"@type\":\"BreadcrumbList\",\"@id\":\"https:\/\/staging.srokafinal.lets-preprod.com\/de\/produit\/produkt-1\/#breadcrumb\",\"itemListElement\":[{\"@type\":\"ListItem\",\"position\":1,\"name\":\"Accueil\",\"item\":\"https:\/\/staging.srokafinal.lets-preprod.com\/de\/\"},{\"@type\":\"ListItem\",\"position\":2,\"name\":\"Boutique\",\"item\":\"https:\/\/staging.srokafinal.lets-preprod.com\/boutique\/\"},{\"@type\":\"ListItem\",\"position\":3,\"name\":\"1260 HAU\"}]},{\"@type\":\"WebSite\",\"@id\":\"https:\/\/staging.srokafinal.lets-preprod.com\/de\/#website\",\"url\":\"https:\/\/staging.srokafinal.lets-preprod.com\/de\/\",\"name\":\"SROKA Company\",\"description\":\"SUP, Kite, Foil, Wing\",\"publisher\":{\"@id\":\"https:\/\/staging.srokafinal.lets-preprod.com\/de\/#organization\"},\"potentialAction\":[{\"@type\":\"SearchAction\",\"target\":{\"@type\":\"EntryPoint\",\"urlTemplate\":\"https:\/\/staging.srokafinal.lets-preprod.com\/de\/?s={search_term_string}\"},\"query-input\":{\"@type\":\"PropertyValueSpecification\",\"valueRequired\":true,\"valueName\":\"search_term_string\"}}],\"inLanguage\":\"de\"},{\"@type\":\"Organization\",\"@id\":\"https:\/\/staging.srokafinal.lets-preprod.com\/de\/#organization\",\"name\":\"SROKACOMPANY\",\"alternateName\":\"SROKA\",\"url\":\"https:\/\/staging.srokafinal.lets-preprod.com\/de\/\",\"logo\":{\"@type\":\"ImageObject\",\"inLanguage\":\"de\",\"@id\":\"https:\/\/staging.srokafinal.lets-preprod.com\/de\/#\/schema\/logo\/image\/\",\"url\":\"https:\/\/staging.srokafinal.lets-preprod.com\/wp-content\/uploads\/2021\/01\/logo-sroka-black-transpa.png\",\"contentUrl\":\"https:\/\/staging.srokafinal.lets-preprod.com\/wp-content\/uploads\/2021\/01\/logo-sroka-black-transpa.png\",\"width\":1201,\"height\":342,\"caption\":\"SROKACOMPANY\"},\"image\":{\"@id\":\"https:\/\/staging.srokafinal.lets-preprod.com\/de\/#\/schema\/logo\/image\/\"},\"sameAs\":[\"https:\/\/www.facebook.com\/srokawatersports\/\",\"https:\/\/www.instagram.com\/srokawatersports\/\",\"https:\/\/www.youtube.com\/channel\/UCVLHHeaPIm-J5bdEUgxqtZA\"]}]}<\/script>\n<!-- \/ Yoast SEO plugin. -->","yoast_head_json":{"title":"1260 HAU - SROKA Company","description":"Gedacht f\u00fcr alle Downwind-Liebhaber, die ein Foil suchen, das schnell und hart f\u00fcr alle Leichtwind- oder Swell-Bedingungen gleitet.","robots":{"index":"noindex","follow":"follow","max-snippet":"max-snippet:-1","max-image-preview":"max-image-preview:large","max-video-preview":"max-video-preview:-1"},"og_locale":"de_DE","og_type":"article","og_title":"1260 HAU - SROKA Company","og_description":"Gedacht f\u00fcr alle Downwind-Liebhaber, die ein Foil suchen, das schnell und hart f\u00fcr alle Leichtwind- oder Swell-Bedingungen gleitet.","og_url":"https:\/\/staging.srokafinal.lets-preprod.com\/de\/produit\/produkt-1\/","og_site_name":"SROKA Company","article_publisher":"https:\/\/www.facebook.com\/srokawatersports\/","article_modified_time":"2024-10-18T16:23:26+00:00","og_image":[{"width":2560,"height":1920,"url":"https:\/\/staging.srokafinal.lets-preprod.com\/wp-content\/uploads\/2024\/06\/1260.208.jpg","type":"image\/jpeg"}],"twitter_misc":{"Gesch\u00e4tzte Lesezeit":"2\u00a0Minuten"},"schema":{"@context":"https:\/\/schema.org","@graph":[{"@type":"WebPage","@id":"https:\/\/staging.srokafinal.lets-preprod.com\/de\/produit\/produkt-1\/","url":"https:\/\/staging.srokafinal.lets-preprod.com\/de\/produit\/produkt-1\/","name":"1260 HAU - SROKA Company","isPartOf":{"@id":"https:\/\/staging.srokafinal.lets-preprod.com\/de\/#website"},"primaryImageOfPage":{"@id":"https:\/\/staging.srokafinal.lets-preprod.com\/de\/produit\/produkt-1\/#primaryimage"},"image":{"@id":"https:\/\/staging.srokafinal.lets-preprod.com\/de\/produit\/produkt-1\/#primaryimage"},"thumbnailUrl":"https:\/\/staging.srokafinal.lets-preprod.com\/wp-content\/uploads\/2024\/06\/1260.208.jpg","datePublished":"2024-07-26T07:21:42+00:00","dateModified":"2024-10-18T16:23:26+00:00","description":"Gedacht f\u00fcr alle Downwind-Liebhaber, die ein Foil suchen, das schnell und hart f\u00fcr alle Leichtwind- oder Swell-Bedingungen gleitet.","breadcrumb":{"@id":"https:\/\/staging.srokafinal.lets-preprod.com\/de\/produit\/produkt-1\/#breadcrumb"},"inLanguage":"de","potentialAction":[{"@type":"ReadAction","target":["https:\/\/staging.srokafinal.lets-preprod.com\/de\/produit\/produkt-1\/"]}]},{"@type":"ImageObject","inLanguage":"de","@id":"https:\/\/staging.srokafinal.lets-preprod.com\/de\/produit\/produkt-1\/#primaryimage","url":"https:\/\/staging.srokafinal.lets-preprod.com\/wp-content\/uploads\/2024\/06\/1260.208.jpg","contentUrl":"https:\/\/staging.srokafinal.lets-preprod.com\/wp-content\/uploads\/2024\/06\/1260.208.jpg","width":2560,"height":1920,"caption":"UHA 1260 Downwind Frontfl\u00fcgel"},{"@type":"BreadcrumbList","@id":"https:\/\/staging.srokafinal.lets-preprod.com\/de\/produit\/produkt-1\/#breadcrumb","itemListElement":[{"@type":"ListItem","position":1,"name":"Accueil","item":"https:\/\/staging.srokafinal.lets-preprod.com\/de\/"},{"@type":"ListItem","position":2,"name":"Boutique","item":"https:\/\/staging.srokafinal.lets-preprod.com\/boutique\/"},{"@type":"ListItem","position":3,"name":"1260 HAU"}]},{"@type":"WebSite","@id":"https:\/\/staging.srokafinal.lets-preprod.com\/de\/#website","url":"https:\/\/staging.srokafinal.lets-preprod.com\/de\/","name":"SROKA Company","description":"SUP, Kite, Foil, Wing","publisher":{"@id":"https:\/\/staging.srokafinal.lets-preprod.com\/de\/#organization"},"potentialAction":[{"@type":"SearchAction","target":{"@type":"EntryPoint","urlTemplate":"https:\/\/staging.srokafinal.lets-preprod.com\/de\/?s={search_term_string}"},"query-input":{"@type":"PropertyValueSpecification","valueRequired":true,"valueName":"search_term_string"}}],"inLanguage":"de"},{"@type":"Organization","@id":"https:\/\/staging.srokafinal.lets-preprod.com\/de\/#organization","name":"SROKACOMPANY","alternateName":"SROKA","url":"https:\/\/staging.srokafinal.lets-preprod.com\/de\/","logo":{"@type":"ImageObject","inLanguage":"de","@id":"https:\/\/staging.srokafinal.lets-preprod.com\/de\/#\/schema\/logo\/image\/","url":"https:\/\/staging.srokafinal.lets-preprod.com\/wp-content\/uploads\/2021\/01\/logo-sroka-black-transpa.png","contentUrl":"https:\/\/staging.srokafinal.lets-preprod.com\/wp-content\/uploads\/2021\/01\/logo-sroka-black-transpa.png","width":1201,"height":342,"caption":"SROKACOMPANY"},"image":{"@id":"https:\/\/staging.srokafinal.lets-preprod.com\/de\/#\/schema\/logo\/image\/"},"sameAs":["https:\/\/www.facebook.com\/srokawatersports\/","https:\/\/www.instagram.com\/srokawatersports\/","https:\/\/www.youtube.com\/channel\/UCVLHHeaPIm-J5bdEUgxqtZA"]}]}},"uagb_featured_image_src":{"full":["https:\/\/staging.srokafinal.lets-preprod.com\/wp-content\/uploads\/2024\/06\/1260.208.jpg",2560,1920,false],"thumbnail":["https:\/\/staging.srokafinal.lets-preprod.com\/wp-content\/uploads\/2024\/06\/1260.208-150x150.jpg",150,150,true],"medium":["https:\/\/staging.srokafinal.lets-preprod.com\/wp-content\/uploads\/2024\/06\/1260.208-300x225.jpg",300,225,true],"medium_large":["https:\/\/staging.srokafinal.lets-preprod.com\/wp-content\/uploads\/2024\/06\/1260.208-768x576.jpg",768,576,true],"large":["https:\/\/staging.srokafinal.lets-preprod.com\/wp-content\/uploads\/2024\/06\/1260.208-1024x768.jpg",1024,768,true],"1536x1536":["https:\/\/staging.srokafinal.lets-preprod.com\/wp-content\/uploads\/2024\/06\/1260.208-1536x1152.jpg",1536,1152,true],"2048x2048":["https:\/\/staging.srokafinal.lets-preprod.com\/wp-content\/uploads\/2024\/06\/1260.208-2048x1536.jpg",2048,1536,true],"woocommerce_thumbnail":["https:\/\/staging.srokafinal.lets-preprod.com\/wp-content\/uploads\/2024\/06\/1260.208-600x450.jpg",600,450,true],"woocommerce_single":["https:\/\/staging.srokafinal.lets-preprod.com\/wp-content\/uploads\/2024\/06\/1260.208-600x450.jpg",600,450,true],"woocommerce_gallery_thumbnail":["https:\/\/staging.srokafinal.lets-preprod.com\/wp-content\/uploads\/2024\/06\/1260.208-100x100.jpg",100,100,true]},"uagb_author_info":{"display_name":"Cl\u00e9ment Beaurain","author_link":"https:\/\/staging.srokafinal.lets-preprod.com\/de\/blog\/author\/"},"uagb_comment_info":0,"uagb_excerpt":"Schweben wie ein Vogel Den Kamm der Wellen b\u00fcrsten in vollem Umfang Geschwindigkeit Durch das Absteigen des Wellengangs geht es m\u00fchelos bergab. Mit unserer UHA-Reihe: Ultra High Aspect Ratio wird dies Realit\u00e4t. Diese Serie mit gro\u00dfer Fl\u00fcgelspannweite erm\u00f6glicht es Ihnen, fast ohne Wind und ohne Wellengang zu foilen und die gesamte Energie, die im Wellengang&hellip;","_links":{"self":[{"href":"https:\/\/staging.srokafinal.lets-preprod.com\/de\/wp-json\/wp\/v2\/product\/124442","targetHints":{"allow":["GET"]}}],"collection":[{"href":"https:\/\/staging.srokafinal.lets-preprod.com\/de\/wp-json\/wp\/v2\/product"}],"about":[{"href":"https:\/\/staging.srokafinal.lets-preprod.com\/de\/wp-json\/wp\/v2\/types\/product"}],"wp:featuredmedia":[{"embeddable":true,"href":"https:\/\/staging.srokafinal.lets-preprod.com\/de\/wp-json\/wp\/v2\/media\/119445"}],"wp:attachment":[{"href":"https:\/\/staging.srokafinal.lets-preprod.com\/de\/wp-json\/wp\/v2\/media?parent=124442"}],"wp:term":[{"taxonomy":"product_brand","embeddable":true,"href":"https:\/\/staging.srokafinal.lets-preprod.com\/de\/wp-json\/wp\/v2\/product_brand?post=124442"},{"taxonomy":"product_cat","embeddable":true,"href":"https:\/\/staging.srokafinal.lets-preprod.com\/de\/wp-json\/wp\/v2\/product_cat?post=124442"},{"taxonomy":"product_tag","embeddable":true,"href":"https:\/\/staging.srokafinal.lets-preprod.com\/de\/wp-json\/wp\/v2\/product_tag?post=124442"}],"curies":[{"name":"wp","href":"https:\/\/api.w.org\/{rel}","templated":true}]}}