


{"id":124447,"date":"2024-07-26T07:22:12","date_gmt":"2024-07-26T05:22:12","guid":{"rendered":"https:\/\/srokacompany.com\/produit\/produkt-2\/"},"modified":"2024-10-18T16:21:15","modified_gmt":"2024-10-18T16:21:15","slug":"produkt-2","status":"publish","type":"product","link":"https:\/\/staging.srokafinal.lets-preprod.com\/de\/produit\/produkt-2\/","title":{"rendered":"1100 HAU"},"content":{"rendered":"<hr>\n<p class=\"p1\"><strong>Vorr\u00e4tig<\/strong><\/p>\n<p>Schweben Sie wie ein Vogel, der mit voller Geschwindigkeit den Kamm der Wellen streift, w\u00e4hrend Sie die Swell-Z\u00fcge m\u00fchelos hinunterfahren. Mit unserer UHA-Reihe: Ultra High Aspect Ratio wird dies Realit\u00e4t. Diese Serie mit einer gro\u00dfen Fl\u00fcgelspannweite erm\u00f6glicht es Ihnen, fast ohne Wind und ohne Wellengang zu foilen und die gesamte notwendige Energie vom Wellengang zum Foilen zu nehmen. Wenn du auf der Suche nach einem Kite bist, mit dem du schnell abwinden oder im Fl\u00fcgel downwinden kannst, sind UHA Kites genau das Richtige f\u00fcr dich und sie werden dich mit ihrer Leichtigkeit und Leistung \u00fcberraschen. Diese Serie besteht aus 4 Fl\u00fcgelgr\u00f6\u00dfen: 800 UHA (800 cm\u00b2), 930 UHA (930 cm\u00b2), 1100 UHA (1100 cm\u00b2), 1260 UHA (1260 cm\u00b2). Diese Serie eignet sich perfekt f\u00fcr die Boardserien LW und DW sowie Superfly.   <\/p>\n<p>Aufbauend auf dem Erfolg der HA Speed-Reihe haben wir uns entschieden, das gleiche Profil zu verwenden, um den gleichen sanften Start bei beeindruckender Geschwindigkeit zu erzielen. Es ist unm\u00f6glich, von dieser UHA-Serie entt\u00e4uscht zu sein: Geschwindigkeit, Gleiten und Handling sind die drei Worte, die diese neue Serie am besten charakterisieren.<\/p>\n<p><strong>Die 1100 UHA ist ein guter Allrounder f\u00fcr alle, die locker im Fl\u00fcgel fliegen, wie verr\u00fcckt gegen den Wind fahren, m\u00fchelos gleiten und die leistungsst\u00e4rkeren Swell-Trains runterfahren wollen.<br \/>\nEs erm\u00f6glicht Ihnen, Vmax um 25 Knoten zu erreichen. <\/strong>  Beschleunigung garantiert!!<\/p>\n","protected":false},"excerpt":{"rendered":"<p>Vorr\u00e4tig Schweben Sie wie ein Vogel, der mit voller Geschwindigkeit den Kamm der Wellen streift, w\u00e4hrend Sie die Swell-Z\u00fcge m\u00fchelos hinunterfahren. Mit unserer UHA-Reihe: Ultra High Aspect Ratio wird dies Realit\u00e4t. Diese Serie mit einer gro\u00dfen Fl\u00fcgelspannweite erm\u00f6glicht es Ihnen, fast ohne Wind und ohne Wellengang zu foilen und die gesamte notwendige Energie vom Wellengang [&hellip;]<\/p>\n","protected":false},"featured_media":130386,"template":"","meta":{"_acf_changed":false,"_uag_custom_page_level_css":""},"product_brand":[],"product_cat":[2784],"product_tag":[],"class_list":{"0":"post-124447","1":"product","2":"type-product","3":"status-publish","4":"has-post-thumbnail","6":"product_cat-flugel-foil","7":"product_shipping_class-komplettes-foil-oder-ersatzteile-flugeleinheit-de-2","9":"first","10":"instock","11":"taxable","12":"shipping-taxable","13":"purchasable","14":"product-type-simple"},"acf":[],"yoast_head":"<!-- This site is optimized with the Yoast SEO plugin v25.1 - https:\/\/yoast.com\/wordpress\/plugins\/seo\/ -->\n<title>1100 HAU - SROKA Company<\/title>\n<meta name=\"description\" content=\"Downwind, Freefly sind deine Leidenschaften, der 1100 UHA wurde f\u00fcr diese beiden Disziplinen entwickelt. Ein Foil, das schnell geht und schwebt\" \/>\n<meta name=\"robots\" content=\"noindex, follow, max-snippet:-1, max-image-preview:large, max-video-preview:-1\" \/>\n<meta property=\"og:locale\" content=\"de_DE\" \/>\n<meta property=\"og:type\" content=\"article\" \/>\n<meta property=\"og:title\" content=\"1100 HAU - SROKA Company\" \/>\n<meta property=\"og:description\" content=\"Downwind, Freefly sind deine Leidenschaften, der 1100 UHA wurde f\u00fcr diese beiden Disziplinen entwickelt. Ein Foil, das schnell geht und schwebt\" \/>\n<meta property=\"og:url\" content=\"https:\/\/staging.srokafinal.lets-preprod.com\/de\/produit\/produkt-2\/\" \/>\n<meta property=\"og:site_name\" content=\"SROKA Company\" \/>\n<meta property=\"article:publisher\" content=\"https:\/\/www.facebook.com\/srokawatersports\/\" \/>\n<meta property=\"article:modified_time\" content=\"2024-10-18T16:21:15+00:00\" \/>\n<meta property=\"og:image\" content=\"https:\/\/staging.srokafinal.lets-preprod.com\/wp-content\/uploads\/2024\/07\/1100-UHA-2.jpg\" \/>\n\t<meta property=\"og:image:width\" content=\"1200\" \/>\n\t<meta property=\"og:image:height\" content=\"912\" \/>\n\t<meta property=\"og:image:type\" content=\"image\/jpeg\" \/>\n<meta name=\"twitter:label1\" content=\"Gesch\u00e4tzte Lesezeit\" \/>\n\t<meta name=\"twitter:data1\" content=\"1\u00a0Minute\" \/>\n<script type=\"application\/ld+json\" class=\"yoast-schema-graph\">{\"@context\":\"https:\/\/schema.org\",\"@graph\":[{\"@type\":\"WebPage\",\"@id\":\"https:\/\/staging.srokafinal.lets-preprod.com\/de\/produit\/produkt-2\/\",\"url\":\"https:\/\/staging.srokafinal.lets-preprod.com\/de\/produit\/produkt-2\/\",\"name\":\"1100 HAU - SROKA Company\",\"isPartOf\":{\"@id\":\"https:\/\/staging.srokafinal.lets-preprod.com\/de\/#website\"},\"primaryImageOfPage\":{\"@id\":\"https:\/\/staging.srokafinal.lets-preprod.com\/de\/produit\/produkt-2\/#primaryimage\"},\"image\":{\"@id\":\"https:\/\/staging.srokafinal.lets-preprod.com\/de\/produit\/produkt-2\/#primaryimage\"},\"thumbnailUrl\":\"https:\/\/staging.srokafinal.lets-preprod.com\/wp-content\/uploads\/2024\/07\/1100-UHA-2.jpg\",\"datePublished\":\"2024-07-26T05:22:12+00:00\",\"dateModified\":\"2024-10-18T16:21:15+00:00\",\"description\":\"Downwind, Freefly sind deine Leidenschaften, der 1100 UHA wurde f\u00fcr diese beiden Disziplinen entwickelt. Ein Foil, das schnell geht und schwebt\",\"breadcrumb\":{\"@id\":\"https:\/\/staging.srokafinal.lets-preprod.com\/de\/produit\/produkt-2\/#breadcrumb\"},\"inLanguage\":\"de\",\"potentialAction\":[{\"@type\":\"ReadAction\",\"target\":[\"https:\/\/staging.srokafinal.lets-preprod.com\/de\/produit\/produkt-2\/\"]}]},{\"@type\":\"ImageObject\",\"inLanguage\":\"de\",\"@id\":\"https:\/\/staging.srokafinal.lets-preprod.com\/de\/produit\/produkt-2\/#primaryimage\",\"url\":\"https:\/\/staging.srokafinal.lets-preprod.com\/wp-content\/uploads\/2024\/07\/1100-UHA-2.jpg\",\"contentUrl\":\"https:\/\/staging.srokafinal.lets-preprod.com\/wp-content\/uploads\/2024\/07\/1100-UHA-2.jpg\",\"width\":1200,\"height\":912},{\"@type\":\"BreadcrumbList\",\"@id\":\"https:\/\/staging.srokafinal.lets-preprod.com\/de\/produit\/produkt-2\/#breadcrumb\",\"itemListElement\":[{\"@type\":\"ListItem\",\"position\":1,\"name\":\"Accueil\",\"item\":\"https:\/\/staging.srokafinal.lets-preprod.com\/de\/\"},{\"@type\":\"ListItem\",\"position\":2,\"name\":\"Boutique\",\"item\":\"https:\/\/staging.srokafinal.lets-preprod.com\/boutique\/\"},{\"@type\":\"ListItem\",\"position\":3,\"name\":\"1100 HAU\"}]},{\"@type\":\"WebSite\",\"@id\":\"https:\/\/staging.srokafinal.lets-preprod.com\/de\/#website\",\"url\":\"https:\/\/staging.srokafinal.lets-preprod.com\/de\/\",\"name\":\"SROKA Company\",\"description\":\"SUP, Kite, Foil, Wing\",\"publisher\":{\"@id\":\"https:\/\/staging.srokafinal.lets-preprod.com\/de\/#organization\"},\"potentialAction\":[{\"@type\":\"SearchAction\",\"target\":{\"@type\":\"EntryPoint\",\"urlTemplate\":\"https:\/\/staging.srokafinal.lets-preprod.com\/de\/?s={search_term_string}\"},\"query-input\":{\"@type\":\"PropertyValueSpecification\",\"valueRequired\":true,\"valueName\":\"search_term_string\"}}],\"inLanguage\":\"de\"},{\"@type\":\"Organization\",\"@id\":\"https:\/\/staging.srokafinal.lets-preprod.com\/de\/#organization\",\"name\":\"SROKACOMPANY\",\"alternateName\":\"SROKA\",\"url\":\"https:\/\/staging.srokafinal.lets-preprod.com\/de\/\",\"logo\":{\"@type\":\"ImageObject\",\"inLanguage\":\"de\",\"@id\":\"https:\/\/staging.srokafinal.lets-preprod.com\/de\/#\/schema\/logo\/image\/\",\"url\":\"https:\/\/staging.srokafinal.lets-preprod.com\/wp-content\/uploads\/2021\/01\/logo-sroka-black-transpa.png\",\"contentUrl\":\"https:\/\/staging.srokafinal.lets-preprod.com\/wp-content\/uploads\/2021\/01\/logo-sroka-black-transpa.png\",\"width\":1201,\"height\":342,\"caption\":\"SROKACOMPANY\"},\"image\":{\"@id\":\"https:\/\/staging.srokafinal.lets-preprod.com\/de\/#\/schema\/logo\/image\/\"},\"sameAs\":[\"https:\/\/www.facebook.com\/srokawatersports\/\",\"https:\/\/www.instagram.com\/srokawatersports\/\",\"https:\/\/www.youtube.com\/channel\/UCVLHHeaPIm-J5bdEUgxqtZA\"]}]}<\/script>\n<!-- \/ Yoast SEO plugin. -->","yoast_head_json":{"title":"1100 HAU - SROKA Company","description":"Downwind, Freefly sind deine Leidenschaften, der 1100 UHA wurde f\u00fcr diese beiden Disziplinen entwickelt. Ein Foil, das schnell geht und schwebt","robots":{"index":"noindex","follow":"follow","max-snippet":"max-snippet:-1","max-image-preview":"max-image-preview:large","max-video-preview":"max-video-preview:-1"},"og_locale":"de_DE","og_type":"article","og_title":"1100 HAU - SROKA Company","og_description":"Downwind, Freefly sind deine Leidenschaften, der 1100 UHA wurde f\u00fcr diese beiden Disziplinen entwickelt. Ein Foil, das schnell geht und schwebt","og_url":"https:\/\/staging.srokafinal.lets-preprod.com\/de\/produit\/produkt-2\/","og_site_name":"SROKA Company","article_publisher":"https:\/\/www.facebook.com\/srokawatersports\/","article_modified_time":"2024-10-18T16:21:15+00:00","og_image":[{"width":1200,"height":912,"url":"https:\/\/staging.srokafinal.lets-preprod.com\/wp-content\/uploads\/2024\/07\/1100-UHA-2.jpg","type":"image\/jpeg"}],"twitter_misc":{"Gesch\u00e4tzte Lesezeit":"1\u00a0Minute"},"schema":{"@context":"https:\/\/schema.org","@graph":[{"@type":"WebPage","@id":"https:\/\/staging.srokafinal.lets-preprod.com\/de\/produit\/produkt-2\/","url":"https:\/\/staging.srokafinal.lets-preprod.com\/de\/produit\/produkt-2\/","name":"1100 HAU - SROKA Company","isPartOf":{"@id":"https:\/\/staging.srokafinal.lets-preprod.com\/de\/#website"},"primaryImageOfPage":{"@id":"https:\/\/staging.srokafinal.lets-preprod.com\/de\/produit\/produkt-2\/#primaryimage"},"image":{"@id":"https:\/\/staging.srokafinal.lets-preprod.com\/de\/produit\/produkt-2\/#primaryimage"},"thumbnailUrl":"https:\/\/staging.srokafinal.lets-preprod.com\/wp-content\/uploads\/2024\/07\/1100-UHA-2.jpg","datePublished":"2024-07-26T05:22:12+00:00","dateModified":"2024-10-18T16:21:15+00:00","description":"Downwind, Freefly sind deine Leidenschaften, der 1100 UHA wurde f\u00fcr diese beiden Disziplinen entwickelt. Ein Foil, das schnell geht und schwebt","breadcrumb":{"@id":"https:\/\/staging.srokafinal.lets-preprod.com\/de\/produit\/produkt-2\/#breadcrumb"},"inLanguage":"de","potentialAction":[{"@type":"ReadAction","target":["https:\/\/staging.srokafinal.lets-preprod.com\/de\/produit\/produkt-2\/"]}]},{"@type":"ImageObject","inLanguage":"de","@id":"https:\/\/staging.srokafinal.lets-preprod.com\/de\/produit\/produkt-2\/#primaryimage","url":"https:\/\/staging.srokafinal.lets-preprod.com\/wp-content\/uploads\/2024\/07\/1100-UHA-2.jpg","contentUrl":"https:\/\/staging.srokafinal.lets-preprod.com\/wp-content\/uploads\/2024\/07\/1100-UHA-2.jpg","width":1200,"height":912},{"@type":"BreadcrumbList","@id":"https:\/\/staging.srokafinal.lets-preprod.com\/de\/produit\/produkt-2\/#breadcrumb","itemListElement":[{"@type":"ListItem","position":1,"name":"Accueil","item":"https:\/\/staging.srokafinal.lets-preprod.com\/de\/"},{"@type":"ListItem","position":2,"name":"Boutique","item":"https:\/\/staging.srokafinal.lets-preprod.com\/boutique\/"},{"@type":"ListItem","position":3,"name":"1100 HAU"}]},{"@type":"WebSite","@id":"https:\/\/staging.srokafinal.lets-preprod.com\/de\/#website","url":"https:\/\/staging.srokafinal.lets-preprod.com\/de\/","name":"SROKA Company","description":"SUP, Kite, Foil, Wing","publisher":{"@id":"https:\/\/staging.srokafinal.lets-preprod.com\/de\/#organization"},"potentialAction":[{"@type":"SearchAction","target":{"@type":"EntryPoint","urlTemplate":"https:\/\/staging.srokafinal.lets-preprod.com\/de\/?s={search_term_string}"},"query-input":{"@type":"PropertyValueSpecification","valueRequired":true,"valueName":"search_term_string"}}],"inLanguage":"de"},{"@type":"Organization","@id":"https:\/\/staging.srokafinal.lets-preprod.com\/de\/#organization","name":"SROKACOMPANY","alternateName":"SROKA","url":"https:\/\/staging.srokafinal.lets-preprod.com\/de\/","logo":{"@type":"ImageObject","inLanguage":"de","@id":"https:\/\/staging.srokafinal.lets-preprod.com\/de\/#\/schema\/logo\/image\/","url":"https:\/\/staging.srokafinal.lets-preprod.com\/wp-content\/uploads\/2021\/01\/logo-sroka-black-transpa.png","contentUrl":"https:\/\/staging.srokafinal.lets-preprod.com\/wp-content\/uploads\/2021\/01\/logo-sroka-black-transpa.png","width":1201,"height":342,"caption":"SROKACOMPANY"},"image":{"@id":"https:\/\/staging.srokafinal.lets-preprod.com\/de\/#\/schema\/logo\/image\/"},"sameAs":["https:\/\/www.facebook.com\/srokawatersports\/","https:\/\/www.instagram.com\/srokawatersports\/","https:\/\/www.youtube.com\/channel\/UCVLHHeaPIm-J5bdEUgxqtZA"]}]}},"uagb_featured_image_src":{"full":["https:\/\/staging.srokafinal.lets-preprod.com\/wp-content\/uploads\/2024\/07\/1100-UHA-2.jpg",1200,912,false],"thumbnail":["https:\/\/staging.srokafinal.lets-preprod.com\/wp-content\/uploads\/2024\/07\/1100-UHA-2-150x150.jpg",150,150,true],"medium":["https:\/\/staging.srokafinal.lets-preprod.com\/wp-content\/uploads\/2024\/07\/1100-UHA-2-300x228.jpg",300,228,true],"medium_large":["https:\/\/staging.srokafinal.lets-preprod.com\/wp-content\/uploads\/2024\/07\/1100-UHA-2-768x584.jpg",768,584,true],"large":["https:\/\/staging.srokafinal.lets-preprod.com\/wp-content\/uploads\/2024\/07\/1100-UHA-2-1024x778.jpg",1024,778,true],"1536x1536":["https:\/\/staging.srokafinal.lets-preprod.com\/wp-content\/uploads\/2024\/07\/1100-UHA-2.jpg",1200,912,false],"2048x2048":["https:\/\/staging.srokafinal.lets-preprod.com\/wp-content\/uploads\/2024\/07\/1100-UHA-2.jpg",1200,912,false],"woocommerce_thumbnail":["https:\/\/staging.srokafinal.lets-preprod.com\/wp-content\/uploads\/2024\/07\/1100-UHA-2-600x456.jpg",600,456,true],"woocommerce_single":["https:\/\/staging.srokafinal.lets-preprod.com\/wp-content\/uploads\/2024\/07\/1100-UHA-2-600x456.jpg",600,456,true],"woocommerce_gallery_thumbnail":["https:\/\/staging.srokafinal.lets-preprod.com\/wp-content\/uploads\/2024\/07\/1100-UHA-2-100x100.jpg",100,100,true]},"uagb_author_info":{"display_name":"Cl\u00e9ment Beaurain","author_link":"https:\/\/staging.srokafinal.lets-preprod.com\/de\/blog\/author\/"},"uagb_comment_info":0,"uagb_excerpt":"Vorr\u00e4tig Schweben Sie wie ein Vogel, der mit voller Geschwindigkeit den Kamm der Wellen streift, w\u00e4hrend Sie die Swell-Z\u00fcge m\u00fchelos hinunterfahren. Mit unserer UHA-Reihe: Ultra High Aspect Ratio wird dies Realit\u00e4t. Diese Serie mit einer gro\u00dfen Fl\u00fcgelspannweite erm\u00f6glicht es Ihnen, fast ohne Wind und ohne Wellengang zu foilen und die gesamte notwendige Energie vom Wellengang&hellip;","_links":{"self":[{"href":"https:\/\/staging.srokafinal.lets-preprod.com\/de\/wp-json\/wp\/v2\/product\/124447","targetHints":{"allow":["GET"]}}],"collection":[{"href":"https:\/\/staging.srokafinal.lets-preprod.com\/de\/wp-json\/wp\/v2\/product"}],"about":[{"href":"https:\/\/staging.srokafinal.lets-preprod.com\/de\/wp-json\/wp\/v2\/types\/product"}],"wp:featuredmedia":[{"embeddable":true,"href":"https:\/\/staging.srokafinal.lets-preprod.com\/de\/wp-json\/wp\/v2\/media\/130386"}],"wp:attachment":[{"href":"https:\/\/staging.srokafinal.lets-preprod.com\/de\/wp-json\/wp\/v2\/media?parent=124447"}],"wp:term":[{"taxonomy":"product_brand","embeddable":true,"href":"https:\/\/staging.srokafinal.lets-preprod.com\/de\/wp-json\/wp\/v2\/product_brand?post=124447"},{"taxonomy":"product_cat","embeddable":true,"href":"https:\/\/staging.srokafinal.lets-preprod.com\/de\/wp-json\/wp\/v2\/product_cat?post=124447"},{"taxonomy":"product_tag","embeddable":true,"href":"https:\/\/staging.srokafinal.lets-preprod.com\/de\/wp-json\/wp\/v2\/product_tag?post=124447"}],"curies":[{"name":"wp","href":"https:\/\/api.w.org\/{rel}","templated":true}]}}